{"id":1214,"date":"2016-09-20T07:16:45","date_gmt":"2016-09-20T04:16:45","guid":{"rendered":"http:\/\/ld-wp.template-help.com\/wordpress_62222_default-sample\/?page_id=1214"},"modified":"2024-08-24T13:07:59","modified_gmt":"2024-08-24T10:07:59","slug":"hakkimizda","status":"publish","type":"page","link":"https:\/\/ravon.com.tr\/en\/hakkimizda\/","title":{"rendered":"About Us"},"content":{"rendered":"<p>[et_pb_section fb_built=&#8221;1&#8243; admin_label=&#8221;section&#8221; _builder_version=&#8221;4.16&#8243; global_colors_info=&#8221;{}&#8221;][et_pb_row _builder_version=&#8221;4.16&#8243; _module_preset=&#8221;default&#8221; global_colors_info=&#8221;{}&#8221;][et_pb_column type=&#8221;4_4&#8243; _builder_version=&#8221;4.16&#8243; _module_preset=&#8221;default&#8221; global_colors_info=&#8221;{}&#8221;][et_pb_post_title meta=&#8221;off&#8221; _builder_version=&#8221;4.27.0&#8243; _module_preset=&#8221;default&#8221; title_font=&#8221;|700|||||||&#8221; title_text_color=&#8221;#DDC03F&#8221; title_font_size=&#8221;3em&#8221; custom_margin=&#8221;||0px||false|false&#8221; custom_padding=&#8221;||0px||false|false&#8221; hover_enabled=&#8221;0&#8243; global_colors_info=&#8221;{}&#8221; sticky_enabled=&#8221;0&#8243;][\/et_pb_post_title][dsm_breadcrumbs _builder_version=&#8221;4.27.0&#8243; _module_preset=&#8221;default&#8221; custom_margin=&#8221;0px||0px||false|false&#8221; custom_padding=&#8221;0px||0px||false|false&#8221; hover_enabled=&#8221;0&#8243; global_colors_info=&#8221;{}&#8221; home_icon_text_color=&#8221;#DDC03F&#8221; items_text_color=&#8221;#DDC03F&#8221; sticky_enabled=&#8221;0&#8243;][\/dsm_breadcrumbs][\/et_pb_column][\/et_pb_row][et_pb_row column_structure=&#8221;2_5,3_5&#8243; use_custom_gutter=&#8221;on&#8221; gutter_width=&#8221;1&#8243; make_equal=&#8221;on&#8221; _builder_version=&#8221;4.22.1&#8243; _module_preset=&#8221;default&#8221; width=&#8221;100%&#8221; max_width=&#8221;100%&#8221; global_colors_info=&#8221;{}&#8221;][et_pb_column type=&#8221;2_5&#8243; _builder_version=&#8221;4.22.1&#8243; _module_preset=&#8221;default&#8221; use_background_color_gradient=&#8221;on&#8221; background_color_gradient_type=&#8221;circular&#8221; background_color_gradient_direction_radial=&#8221;bottom right&#8221; background_color_gradient_stops=&#8221;#fcb040 0%|#58585a 54%&#8221; custom_padding=&#8221;||||false|false&#8221; global_colors_info=&#8221;{}&#8221;][et_pb_text _builder_version=&#8221;4.22.1&#8243; _module_preset=&#8221;default&#8221; text_font=&#8221;|600|||||||&#8221; text_text_color=&#8221;#FFFFFF&#8221; text_font_size=&#8221;1.4em&#8221; text_line_height=&#8221;0.7em&#8221; header_2_font=&#8221;|700|||||||&#8221; header_2_text_color=&#8221;#FFFFFF&#8221; header_2_font_size=&#8221;1.9em&#8221; header_2_line_height=&#8221;2em&#8221; width=&#8221;95.6%&#8221; custom_margin=&#8221;6em|1em|6em|1em|true|true&#8221; custom_margin_tablet=&#8221;2em|2em|2em|2em|true|true&#8221; custom_margin_phone=&#8221;|1em||1em|true|true&#8221; custom_margin_last_edited=&#8221;on|phone&#8221; header_2_font_size_tablet=&#8221;2.2em&#8221; header_2_font_size_phone=&#8221;2.2em&#8221; header_2_font_size_last_edited=&#8221;on|desktop&#8221; header_2_letter_spacing_tablet=&#8221;&#8221; header_2_letter_spacing_phone=&#8221;&#8221; header_2_letter_spacing_last_edited=&#8221;on|desktop&#8221; header_2_line_height_tablet=&#8221;0.9em&#8221; header_2_line_height_phone=&#8221;1.1em&#8221; header_2_line_height_last_edited=&#8221;on|tablet&#8221; global_colors_info=&#8221;{}&#8221;]<\/p>\n<h2 style=\"text-align: center;\">Welcome to Ravon Electrification Systems<\/h2>\n<p>&nbsp;<\/p>\n<p style=\"text-align: center;\">High Quality<\/p>\n<p style=\"text-align: center;\">100% Customer Satisfaction<\/p>\n<p>[\/et_pb_text][\/et_pb_column][et_pb_column type=&#8221;3_5&#8243; _builder_version=&#8221;4.22.1&#8243; _module_preset=&#8221;default&#8221; background_image=&#8221;https:\/\/ravon.com.tr\/wp-content\/uploads\/2022\/08\/festoon-systems-about.png&#8221; background_position=&#8221;bottom_right&#8221; global_colors_info=&#8221;{}&#8221;][et_pb_text _builder_version=&#8221;4.22.1&#8243; _module_preset=&#8221;default&#8221; text_font=&#8221;|600|||||||&#8221; text_text_color=&#8221;#FFFFFF&#8221; text_font_size=&#8221;1.4em&#8221; text_line_height=&#8221;0.7em&#8221; header_2_font=&#8221;|700|||||||&#8221; header_2_text_color=&#8221;#FFFFFF&#8221; header_2_font_size=&#8221;2.5em&#8221; header_2_line_height=&#8221;2em&#8221; custom_margin=&#8221;6em|10em|6em|10em|true|true&#8221; header_2_letter_spacing_tablet=&#8221;&#8221; header_2_letter_spacing_phone=&#8221;&#8221; header_2_letter_spacing_last_edited=&#8221;on|desktop&#8221; global_colors_info=&#8221;{}&#8221;]<\/p>\n<p>&nbsp;<\/p>\n<p>&nbsp;<\/p>\n<p>&nbsp;<\/p>\n<p>&nbsp;<\/p>\n<p>&nbsp;<\/p>\n<p>[\/et_pb_text][\/et_pb_column][\/et_pb_row][et_pb_row admin_label=&#8221;row&#8221; _builder_version=&#8221;4.16&#8243; background_size=&#8221;initial&#8221; background_position=&#8221;top_left&#8221; background_repeat=&#8221;repeat&#8221; global_colors_info=&#8221;{}&#8221;][et_pb_column type=&#8221;4_4&#8243; _builder_version=&#8221;4.16&#8243; custom_padding=&#8221;|||&#8221; global_colors_info=&#8221;{}&#8221; custom_padding__hover=&#8221;|||&#8221;][et_pb_text admin_label=&#8221;Text&#8221; _builder_version=&#8221;4.27.0&#8243; text_text_color=&#8221;#58585A&#8221; text_font_size=&#8221;1.1em&#8221; text_line_height=&#8221;2em&#8221; header_3_font=&#8221;|800|||||||&#8221; header_3_text_align=&#8221;center&#8221; header_3_text_color=&#8221;#DDC03F&#8221; header_3_font_size=&#8221;2em&#8221; header_5_font=&#8221;|700|||||||&#8221; header_5_text_align=&#8221;justify&#8221; header_5_text_color=&#8221;#58585A&#8221; header_5_font_size=&#8221;1.5em&#8221; header_5_line_height=&#8221;1.3em&#8221; background_size=&#8221;initial&#8221; background_position=&#8221;top_left&#8221; background_repeat=&#8221;repeat&#8221; text_orientation=&#8221;justified&#8221; custom_padding=&#8221;||0px|||&#8221; hover_enabled=&#8221;0&#8243; global_colors_info=&#8221;{}&#8221; sticky_enabled=&#8221;0&#8243;]<\/p>\n<h3><\/h3>\n<h3>Welcome to Ravon Electrification Systems<\/h3>\n<h3>__________<\/h3>\n<p>&nbsp;<\/p>\n<p>As Ravon, we are proud to be one of the leading companies in Turkey in the field of festoon systems and crane equipment. Founded in 2015, our company offers high-quality solutions backed by our deep-rooted experience and engineering skills in the sector.<\/p>\n<p>Our team consists of experts who set industry standards and are well-versed in current technologies. With their extensive experience, they continuously enhance the quality of our products by providing reliable solutions for all kinds of industrial applications.<\/p>\n<p>Through our innovative approaches and customer-oriented service, we strive to meet the needs of industrial facilities in the best possible way. The comprehensive product range we offer for festoon systems provides reliable and effective solutions for various industrial applications. Our crane equipment is designed in accordance with high performance and durability standards, manufactured to meet the sector's requirements.<\/p>\n<p>As an institution, we place great importance on R&amp;D studies and continuous improvement. In this way, we aim to maintain customer satisfaction at the highest level by consistently enhancing the quality and reliability of our products. We continue our leadership in the sector by offering customized solutions for each project through our educated and experienced team.<\/p>\n<p>[\/et_pb_text][\/et_pb_column][\/et_pb_row][\/et_pb_section]<\/p>","protected":false},"excerpt":{"rendered":"<p><div class=\"et_pb_module dsm_breadcrumbs dsm_breadcrumbs_0\">\n\t\t\t\t\n\t\t\t\t\n\t\t\t\t\n\t\t\t\t\n\t\t\t\t\n\t\t\t\t\n\t\t\t\t<div class=\"et_pb_module_inner\">\n\t\t\t\t\t<nav class=\"dsm_breadcrumbs_wrap\" role=\"navigation\" itemscope=\"\" itemtype=\"http:\/\/schema.org\/SiteNavigationElement\">\n\t\t\t\t<ul class=\"dsm_breadcrumbs\">\t\t\t<li class='dsm_breadcrumbs_item dsm_home_item dsm_home_item_custom'>\n\t\t\t\t<a href=\"https:\/\/ravon.com.tr\/en\" itemprop=\"url\" target=\"\">\n\t\t\t\t\t<span class='dsm_home_text_wrapper'>\n\t\t\t\t\t\t\t\t\t\t\t\t\t<span class=\"et-pb-icon dsm_home_icon\">\ue009<\/span>\n\t\t\t\t\t\t\t\t\t\t\t\t\t<span class=\"dsm_home_text\" itemprop=\"name\">\n\t\t\t\t\t\t\t\tHome\t\t\t\t\t\t\t<\/span>\n\t\t\t\t\t<\/span>\n\t\t\t\t<\/a>\n\t\t\t<\/li>\n\n\t\t<li class=\"dsm_breadcrumbs_separator\"> <span class=\"et-pb-icon dsm_separator_icon\">5<\/span><\/li><\/ul>\n\t\t\t<\/nav>\n\t\t\t\t<\/div>\n\t\t\t<\/div>Ravon Enerji ve Data Sistemleri &nbsp; Y\u00fcksek Kalite %100 M\u00fc\u015fteri Memnuniyeti&nbsp; &nbsp; &nbsp; &nbsp; &nbsp; Ravon Enerji ve Data Sistemleri __________ &nbsp; Ravon olarak, festoon sistemleri ve vin\u00e7 ekipmanlar\u0131 alan\u0131nda T\u00fcrkiye&#8217;nin \u00f6nc\u00fc firmalar\u0131ndan biri olman\u0131n gururunu ya\u015f\u0131yoruz. Ravon, sekt\u00f6rdeki k\u00f6kl\u00fc deneyimi ve m\u00fchendislik becerileri ile y\u00fcksek kaliteli \u00e7\u00f6z\u00fcmler sunmaktad\u0131r. Uluslararas\u0131 standartlara ve g\u00fcncel teknolojilere hakim uzman ki\u015filerden olu\u015fan ekibimiz, sekt\u00f6rdeki uzun y\u0131llara dayanan tecr\u00fcbeleri ile, her t\u00fcrl\u00fc vin\u00e7 projeleri i\u00e7in g\u00fcvenilir \u00e7\u00f6z\u00fcmler sunarak \u00fcr\u00fcnlerimizin kalite ve g\u00fcvenilirli\u011fini art\u0131rmaktad\u0131r. Yenilik\u00e7i yakla\u015f\u0131mlar\u0131m\u0131z ve m\u00fc\u015fteri odakl\u0131 hizmet anlay\u0131\u015f\u0131m\u0131z ile end\u00fcstriyel tesislerin ihtiya\u00e7lar\u0131n\u0131 en iyi \u015fekilde kar\u015f\u0131lamak i\u00e7in \u00e7al\u0131\u015f\u0131yoruz. Festoon sistemleri alan\u0131nda sundu\u011fumuz kapsaml\u0131 \u00fcr\u00fcn yelpazesi, her t\u00fcrl\u00fc end\u00fcstriyel uygulama i\u00e7in g\u00fcvenilir ve etkili \u00e7\u00f6z\u00fcmler sunar. Vin\u00e7 ekipmanlar\u0131m\u0131z ise, y\u00fcksek performans ve dayan\u0131kl\u0131l\u0131k standartlar\u0131na uygun olarak tasarlanm\u0131\u015f, sekt\u00f6r\u00fcn gereksinimlerini kar\u015f\u0131layacak \u015fekilde \u00fcretilmi\u015ftir. Kurum olarak, AR-GE \u00e7al\u0131\u015fmalar\u0131na ve s\u00fcrekli geli\u015fime b\u00fcy\u00fck \u00f6nem veriyoruz. Bu sayede, \u00fcr\u00fcnlerimizin kalitesini ve g\u00fcvenilirli\u011fini s\u00fcrekli olarak art\u0131rarak m\u00fc\u015fteri memnuniyetini en \u00fcst d\u00fczeyde tutmay\u0131 hedefliyoruz. E\u011fitimli ve deneyimli ekibimizle, her proje i\u00e7in \u00f6zelle\u015ftirilmi\u015f \u00e7\u00f6z\u00fcmler sunarak sekt\u00f6rdeki liderli\u011fimizi s\u00fcrd\u00fcrmekteyiz.<\/p>","protected":false},"author":6,"featured_media":0,"parent":0,"menu_order":0,"comment_status":"closed","ping_status":"closed","template":"","meta":{"_acf_changed":false,"_et_pb_use_builder":"on","_et_pb_old_content":"<h1>Ravon Electrification Systems<\/h1>\t\t\r\n\t\t\t<h3>Y\u00fcksek Kalite\r\n<br>%100 M\u00fc\u015fteri Memnuniyeti<\/h3>\t\t\r\n\t\t\t<h3>Ravon Electrification Systems  <\/h3>\t\t\r\n\t\t\t<h5>Ravon, T\u00fcrkiye'de, Konya b\u00f6lgesinde kurulmu\u015f, y\u00fcksek teknoloji ve kalifiye teknik personel i\u00e7eren, uluslararas\u0131 standartlara uygun festoon ekipmanlar\u0131 \u00fcretmektedir.<\/h5>\t\t\r\n\t\t<p>2015 Y\u0131l\u0131nda kurulan firmam\u0131z festoon ekipmanlar\u0131 sat\u0131\u015f konusunda T\u00fcrkiye'nin lider firmalar\u0131ndan biridir. \u0130\u00e7 pazarda do\u011fudan bat\u0131ya, kuzeyden g\u00fcneye geni\u015f bir hizmet yelpazesi olu\u015fturan firmam\u0131z, son y\u0131llarda m\u00fc\u015fterilerinin g\u00fcveni sayesinde \u00fcr\u00fcn yelpazesini bir\u00e7ok \u00fclkeye yaym\u0131\u015ft\u0131r.\r\n<p>Firmam\u0131z 2015 y\u0131l\u0131nda, kuruldu\u011fu g\u00fcnden bu yana; kalitesini, ba\u015far\u0131l\u0131 sat\u0131\u015f i\u015flemlerini ve teknik destek hizmetlerini her ge\u00e7en g\u00fcn art\u0131rarak yoluna devam etmektedir. G\u00fcn\u00fcm\u00fczde; ister \u00fclkemizde, ister ihracat i\u015flemleri kapsam\u0131nda hizmetlerin en y\u00fcksek h\u0131zda geli\u015ftirilmesine \u00f6nem verilmektedir.\r\n<p>T\u00fcrkiye'de Ravon, geni\u015f bir uygulama yelpazesinde, yenilik\u00e7i \u00fcr\u00fcnler ve sistem \u00e7\u00f6z\u00fcmleri geli\u015ftirmeye ve \u00fcretmeye devam ediyor. \u00dcr\u00fcn yelpazesi, hafif, orta ve a\u011f\u0131r hizmet uygulamalar\u0131 da dahil olmak \u00fczere, vin\u00e7ler i\u00e7in; C-Profil, I-Profil ve Tel Halat sistemleri i\u00e7in \u00e7ok geni\u015f bir yelpazede vin\u00e7 kablo ta\u015f\u0131ma ekipman \u00e7\u00f6z\u00fcmleri i\u00e7erir.\r\n<p>\u00dcr\u00fcn portf\u00f6y\u00fcm\u00fcz; yenilik\u00e7i sistem \u00e7\u00f6z\u00fcmleri i\u00e7ermektedir. Vin\u00e7 kablo ta\u015f\u0131ma arabalar\u0131 ve ekipmanlar\u0131, \u00f6zel iste\u011fe uygun tasar\u0131mlar, load cell, bara sistemleri, ikaz lambalar\u0131 ve \u00e7atal switchler, diren\u00e7, halat, reg\u00fclat\u00f6r, kanca ve kanca blo\u011fu ba\u015fta olmak \u00fczere vince dair bir\u00e7ok ekipman\u0131 b\u00fcnyesinde bulundurmaktad\u0131r. \r\n<p>Ravon, y\u00fcksek teknoloji \u00e7\u00f6z\u00fcmlerinin tasar\u0131m\u0131, geli\u015ftirilmesi, \u00fcretimi ve da\u011f\u0131t\u0131m\u0131 konusunda uzmanla\u015fm\u0131\u015f bir firmad\u0131r.\r\n<p>Festoon ekipmanlar\u0131 sat\u0131\u015f\u0131 konusunda sekt\u00f6r\u00fcn en b\u00fcy\u00fck firmas\u0131 olmak isteyen ve bu a\u00e7\u0131dan yenilik\u00e7i ve yenilik\u00e7i faaliyetlerine devam eden firmam\u0131z\u0131n, alan\u0131nda uzman ve deneyimli \u00e7al\u0131\u015fanlar\u0131na sahip olmas\u0131 \u00f6n\u00fcm\u00fczdeki g\u00fcnlere g\u00fcven vermektedir.\r\n<p>Firmam\u0131z kaliteli ve zaman\u0131nda teslimat prensibi ile \u00e7al\u0131\u015fmakta, ayn\u0131 zamanda \u00e7ok fazla yerli ve yabanc\u0131 marka \u00fcr\u00fcn sat\u0131\u015f\u0131 yapmaktad\u0131r. \u00dclkemizdeki ve d\u00fcnyadaki geli\u015fmeleri s\u00fcrekli takip eden firmam\u0131z teknolojik geli\u015fmeleri ve yenilikleri hedefleyen gen\u00e7 ve dinamik kadrosu, m\u00fc\u015fteri odakl\u0131 hizmet anlay\u0131\u015f\u0131 ile ge\u00e7mi\u015fin \u0131\u015f\u0131\u011f\u0131nda, gelece\u011fe emin ad\u0131mlarla ilerlemekte ve m\u00fc\u015fterileri ile yan yana sekt\u00f6rde yer almaya devam edecektir.","_et_gb_content_width":"","footnotes":""},"class_list":["post-1214","page","type-page","status-publish","hentry"],"acf":[],"yoast_head":"<!-- This site is optimized with the Yoast SEO Premium plugin v20.13 (Yoast SEO v25.7) - https:\/\/yoast.com\/wordpress\/plugins\/seo\/ -->\n<title>Hakk\u0131m\u0131zda - Ravon Enerji ve Data Transfer Sistemleri<\/title>\n<meta name=\"robots\" content=\"index, follow, max-snippet:-1, max-image-preview:large, max-video-preview:-1\" \/>\n<link rel=\"canonical\" href=\"https:\/\/ravon.com.tr\/en\/hakkimizda\/\" \/>\n<meta property=\"og:locale\" content=\"en_US\" \/>\n<meta property=\"og:type\" content=\"article\" \/>\n<meta property=\"og:title\" content=\"Hakk\u0131m\u0131zda\" \/>\n<meta property=\"og:description\" content=\"\u00c7elik G\u00f6vde Kablo Arabas\u0131 Plastik Saddle3028 Serisi C Profil\u00a0 Kablo Ta\u015f\u0131ma Arabas\u0131\u00a0 Genellikle vin\u00e7 sistemlerinde kullan\u0131lan bu araba maksimum 12kg ta\u015f\u0131ma kapasitesine sahip olup kendi a\u011f\u0131rl\u0131\u011f\u0131 0,25kg&#039;d\u0131r. Bu kablo ta\u015f\u0131ma arabas\u0131nda 4 adet 608 ZZ rulman kullan\u0131lmaktad\u0131r. Rulmanlar\u0131n kullan\u0131ld\u0131\u011f\u0131 g\u00f6vde \u00e7elik olup kablo ta\u015f\u0131m\u0131n\u0131 sa\u011flayan saddle k\u0131sm\u0131 poliamid&#039;dir. Genellikle vin\u00e7 sistemlerinde kullan\u0131lan bu araba maksimum 12kg ta\u015f\u0131ma kapasitesine sahip olup kendi a\u011f\u0131rl\u0131\u011f\u0131 0,25kg&#039;d\u0131r. Bu kablo ta\u015f\u0131ma arabas\u0131nda 4 adet 608 ZZ rulman kullan\u0131lmaktad\u0131r. Rulmanlar\u0131n kullan\u0131ld\u0131\u011f\u0131 g\u00f6vde \u00e7elik olup kablo ta\u015f\u0131m\u0131n\u0131 sa\u011flayan saddle k\u0131sm\u0131 poliamid&#039;dir.TEKN\u0130K \u00c7\u0130Z\u0130MTEKN\u0130K DETAYLARBOYUTLANDIRMA \/ mm\" \/>\n<meta property=\"og:url\" content=\"https:\/\/ravon.com.tr\/en\/hakkimizda\/\" \/>\n<meta property=\"og:site_name\" content=\"Ravon Enerji ve Data Transfer Sistemleri\" \/>\n<meta property=\"article:publisher\" content=\"https:\/\/www.facebook.com\/ravonfestoon\" \/>\n<meta property=\"article:modified_time\" content=\"2024-08-24T10:07:59+00:00\" \/>\n<meta name=\"twitter:card\" content=\"summary_large_image\" \/>\n<meta name=\"twitter:site\" content=\"@ravonfestoon\" \/>\n<meta name=\"twitter:label1\" content=\"Est. reading time\" \/>\n\t<meta name=\"twitter:data1\" content=\"3 minutes\" \/>\n<script type=\"application\/ld+json\" class=\"yoast-schema-graph\">{\"@context\":\"https:\/\/schema.org\",\"@graph\":[{\"@type\":\"WebPage\",\"@id\":\"https:\/\/ravon.com.tr\/hakkimizda\/\",\"url\":\"https:\/\/ravon.com.tr\/hakkimizda\/\",\"name\":\"Hakk\u0131m\u0131zda - Ravon Enerji ve Data Transfer Sistemleri\",\"isPartOf\":{\"@id\":\"https:\/\/ravon.com.tr\/#website\"},\"datePublished\":\"2016-09-20T04:16:45+00:00\",\"dateModified\":\"2024-08-24T10:07:59+00:00\",\"breadcrumb\":{\"@id\":\"https:\/\/ravon.com.tr\/hakkimizda\/#breadcrumb\"},\"inLanguage\":\"en-US\",\"potentialAction\":[{\"@type\":\"ReadAction\",\"target\":[\"https:\/\/ravon.com.tr\/hakkimizda\/\"]}]},{\"@type\":\"BreadcrumbList\",\"@id\":\"https:\/\/ravon.com.tr\/hakkimizda\/#breadcrumb\",\"itemListElement\":[{\"@type\":\"ListItem\",\"position\":1,\"name\":\"Anasayfa\",\"item\":\"https:\/\/ravon.com.tr\/\"},{\"@type\":\"ListItem\",\"position\":2,\"name\":\"Hakk\u0131m\u0131zda\"}]},{\"@type\":\"WebSite\",\"@id\":\"https:\/\/ravon.com.tr\/#website\",\"url\":\"https:\/\/ravon.com.tr\/\",\"name\":\"Ravon Enerji ve Data Transfer Sistemleri\",\"description\":\"Ravon Enerji ve Data Transfer Sistemleri\",\"publisher\":{\"@id\":\"https:\/\/ravon.com.tr\/#organization\"},\"potentialAction\":[{\"@type\":\"SearchAction\",\"target\":{\"@type\":\"EntryPoint\",\"urlTemplate\":\"https:\/\/ravon.com.tr\/?s={search_term_string}\"},\"query-input\":{\"@type\":\"PropertyValueSpecification\",\"valueRequired\":true,\"valueName\":\"search_term_string\"}}],\"inLanguage\":\"en-US\"},{\"@type\":\"Organization\",\"@id\":\"https:\/\/ravon.com.tr\/#organization\",\"name\":\"Ravon Enerji ve Data Transfer Sistemleri\",\"url\":\"https:\/\/ravon.com.tr\/\",\"logo\":{\"@type\":\"ImageObject\",\"inLanguage\":\"en-US\",\"@id\":\"https:\/\/ravon.com.tr\/#\/schema\/logo\/image\/\",\"url\":\"https:\/\/ravon.com.tr\/wp-content\/uploads\/2023\/08\/tinywow_ravon-logo__2__30279301_1-removebg-preview1.png\",\"contentUrl\":\"https:\/\/ravon.com.tr\/wp-content\/uploads\/2023\/08\/tinywow_ravon-logo__2__30279301_1-removebg-preview1.png\",\"width\":745,\"height\":335,\"caption\":\"Ravon Enerji ve Data Transfer Sistemleri\"},\"image\":{\"@id\":\"https:\/\/ravon.com.tr\/#\/schema\/logo\/image\/\"},\"sameAs\":[\"https:\/\/www.facebook.com\/ravonfestoon\",\"https:\/\/x.com\/ravonfestoon\",\"https:\/\/www.instagram.com\/ravon_festoon\/\"]}]}<\/script>\n<!-- \/ Yoast SEO Premium plugin. -->","yoast_head_json":{"title":"Hakk\u0131m\u0131zda - Ravon Enerji ve Data Transfer Sistemleri","robots":{"index":"index","follow":"follow","max-snippet":"max-snippet:-1","max-image-preview":"max-image-preview:large","max-video-preview":"max-video-preview:-1"},"canonical":"https:\/\/ravon.com.tr\/en\/hakkimizda\/","og_locale":"en_US","og_type":"article","og_title":"Hakk\u0131m\u0131zda","og_description":"\u00c7elik G\u00f6vde Kablo Arabas\u0131 Plastik Saddle3028 Serisi C Profil\u00a0 Kablo Ta\u015f\u0131ma Arabas\u0131\u00a0 Genellikle vin\u00e7 sistemlerinde kullan\u0131lan bu araba maksimum 12kg ta\u015f\u0131ma kapasitesine sahip olup kendi a\u011f\u0131rl\u0131\u011f\u0131 0,25kg'd\u0131r. Bu kablo ta\u015f\u0131ma arabas\u0131nda 4 adet 608 ZZ rulman kullan\u0131lmaktad\u0131r. Rulmanlar\u0131n kullan\u0131ld\u0131\u011f\u0131 g\u00f6vde \u00e7elik olup kablo ta\u015f\u0131m\u0131n\u0131 sa\u011flayan saddle k\u0131sm\u0131 poliamid'dir. Genellikle vin\u00e7 sistemlerinde kullan\u0131lan bu araba maksimum 12kg ta\u015f\u0131ma kapasitesine sahip olup kendi a\u011f\u0131rl\u0131\u011f\u0131 0,25kg'd\u0131r. Bu kablo ta\u015f\u0131ma arabas\u0131nda 4 adet 608 ZZ rulman kullan\u0131lmaktad\u0131r. Rulmanlar\u0131n kullan\u0131ld\u0131\u011f\u0131 g\u00f6vde \u00e7elik olup kablo ta\u015f\u0131m\u0131n\u0131 sa\u011flayan saddle k\u0131sm\u0131 poliamid'dir.TEKN\u0130K \u00c7\u0130Z\u0130MTEKN\u0130K DETAYLARBOYUTLANDIRMA \/ mm","og_url":"https:\/\/ravon.com.tr\/en\/hakkimizda\/","og_site_name":"Ravon Enerji ve Data Transfer Sistemleri","article_publisher":"https:\/\/www.facebook.com\/ravonfestoon","article_modified_time":"2024-08-24T10:07:59+00:00","twitter_card":"summary_large_image","twitter_site":"@ravonfestoon","twitter_misc":{"Est. reading time":"3 minutes"},"schema":{"@context":"https:\/\/schema.org","@graph":[{"@type":"WebPage","@id":"https:\/\/ravon.com.tr\/hakkimizda\/","url":"https:\/\/ravon.com.tr\/hakkimizda\/","name":"Hakk\u0131m\u0131zda - Ravon Enerji ve Data Transfer Sistemleri","isPartOf":{"@id":"https:\/\/ravon.com.tr\/#website"},"datePublished":"2016-09-20T04:16:45+00:00","dateModified":"2024-08-24T10:07:59+00:00","breadcrumb":{"@id":"https:\/\/ravon.com.tr\/hakkimizda\/#breadcrumb"},"inLanguage":"en-US","potentialAction":[{"@type":"ReadAction","target":["https:\/\/ravon.com.tr\/hakkimizda\/"]}]},{"@type":"BreadcrumbList","@id":"https:\/\/ravon.com.tr\/hakkimizda\/#breadcrumb","itemListElement":[{"@type":"ListItem","position":1,"name":"Anasayfa","item":"https:\/\/ravon.com.tr\/"},{"@type":"ListItem","position":2,"name":"Hakk\u0131m\u0131zda"}]},{"@type":"WebSite","@id":"https:\/\/ravon.com.tr\/#website","url":"https:\/\/ravon.com.tr\/","name":"Ravon Enerji ve Data Transfer Sistemleri","description":"Ravon Enerji ve Data Transfer Sistemleri","publisher":{"@id":"https:\/\/ravon.com.tr\/#organization"},"potentialAction":[{"@type":"SearchAction","target":{"@type":"EntryPoint","urlTemplate":"https:\/\/ravon.com.tr\/?s={search_term_string}"},"query-input":{"@type":"PropertyValueSpecification","valueRequired":true,"valueName":"search_term_string"}}],"inLanguage":"en-US"},{"@type":"Organization","@id":"https:\/\/ravon.com.tr\/#organization","name":"Ravon Enerji ve Data Transfer Sistemleri","url":"https:\/\/ravon.com.tr\/","logo":{"@type":"ImageObject","inLanguage":"en-US","@id":"https:\/\/ravon.com.tr\/#\/schema\/logo\/image\/","url":"https:\/\/ravon.com.tr\/wp-content\/uploads\/2023\/08\/tinywow_ravon-logo__2__30279301_1-removebg-preview1.png","contentUrl":"https:\/\/ravon.com.tr\/wp-content\/uploads\/2023\/08\/tinywow_ravon-logo__2__30279301_1-removebg-preview1.png","width":745,"height":335,"caption":"Ravon Enerji ve Data Transfer Sistemleri"},"image":{"@id":"https:\/\/ravon.com.tr\/#\/schema\/logo\/image\/"},"sameAs":["https:\/\/www.facebook.com\/ravonfestoon","https:\/\/x.com\/ravonfestoon","https:\/\/www.instagram.com\/ravon_festoon\/"]}]}},"_links":{"self":[{"href":"https:\/\/ravon.com.tr\/en\/wp-json\/wp\/v2\/pages\/1214","targetHints":{"allow":["GET"]}}],"collection":[{"href":"https:\/\/ravon.com.tr\/en\/wp-json\/wp\/v2\/pages"}],"about":[{"href":"https:\/\/ravon.com.tr\/en\/wp-json\/wp\/v2\/types\/page"}],"author":[{"embeddable":true,"href":"https:\/\/ravon.com.tr\/en\/wp-json\/wp\/v2\/users\/6"}],"replies":[{"embeddable":true,"href":"https:\/\/ravon.com.tr\/en\/wp-json\/wp\/v2\/comments?post=1214"}],"version-history":[{"count":0,"href":"https:\/\/ravon.com.tr\/en\/wp-json\/wp\/v2\/pages\/1214\/revisions"}],"wp:attachment":[{"href":"https:\/\/ravon.com.tr\/en\/wp-json\/wp\/v2\/media?parent=1214"}],"curies":[{"name":"wp","href":"https:\/\/api.w.org\/{rel}","templated":true}]}}