{"id":1363,"date":"2016-09-21T11:39:02","date_gmt":"2016-09-21T08:39:02","guid":{"rendered":"http:\/\/ld-wp.template-help.com\/wordpress_62222_default-sample\/?page_id=1363"},"modified":"2024-08-24T13:17:40","modified_gmt":"2024-08-24T10:17:40","slug":"iletisim","status":"publish","type":"page","link":"https:\/\/ravon.com.tr\/en\/iletisim\/","title":{"rendered":"Contact"},"content":{"rendered":"<p>[et_pb_section fb_built=&#8221;1&#8243; _builder_version=&#8221;4.16&#8243; collapsed=&#8221;off&#8221; global_colors_info=&#8221;{}&#8221;][et_pb_row _builder_version=&#8221;4.25.1&#8243; _module_preset=&#8221;default&#8221; global_colors_info=&#8221;{}&#8221;][et_pb_column type=&#8221;4_4&#8243; _builder_version=&#8221;4.25.1&#8243; _module_preset=&#8221;default&#8221; global_colors_info=&#8221;{}&#8221;][et_pb_heading title=&#8221;\u0130leti\u015fim Bilgilerimiz&#8221; _builder_version=&#8221;4.25.1&#8243; _module_preset=&#8221;default&#8221; custom_margin=&#8221;0px||0px||false|false&#8221; custom_padding=&#8221;0px||0px||false|false&#8221; global_colors_info=&#8221;{}&#8221;][\/et_pb_heading][\/et_pb_column][\/et_pb_row][et_pb_row column_structure=&#8221;2_5,3_5&#8243; use_custom_gutter=&#8221;on&#8221; gutter_width=&#8221;1&#8243; make_equal=&#8221;on&#8221; _builder_version=&#8221;4.25.1&#8243; background_size=&#8221;initial&#8221; background_position=&#8221;top_left&#8221; background_repeat=&#8221;repeat&#8221; global_colors_info=&#8221;{}&#8221;][et_pb_column type=&#8221;2_5&#8243; _builder_version=&#8221;4.25.1&#8243; custom_padding=&#8221;|18px|||false|false&#8221; global_colors_info=&#8221;{}&#8221; custom_padding__hover=&#8221;|||&#8221;][et_pb_text admin_label=&#8221;Metin&#8221; _builder_version=&#8221;4.27.0&#8243; text_font=&#8221;||||||||&#8221; text_text_color=&#8221;#000000&#8243; text_font_size=&#8221;20px&#8221; link_text_color=&#8221;#000000&#8243; link_font_size=&#8221;20px&#8221; header_font_size=&#8221;48px&#8221; header_5_text_color=&#8221;#DDC03F&#8221; header_5_font_size=&#8221;30px&#8221; background_size=&#8221;initial&#8221; background_position=&#8221;top_left&#8221; background_repeat=&#8221;repeat&#8221; hover_enabled=&#8221;0&#8243; global_colors_info=&#8221;{}&#8221; sticky_enabled=&#8221;0&#8243;]<\/p>\n<table style=\"height: 96px; width: 100%; float: left;\" border=\"0\">\n<tbody>\n<tr style=\"height: 49px;\">\n<td style=\"width: 15%; height: 100%;\" rowspan=\"2\">\n<h3 style=\"text-align: left;\"><strong><img loading=\"lazy\" decoding=\"async\" src=\"https:\/\/ravon.com.tr\/wp-content\/uploads\/2022\/08\/ravon-telefon-icon.png\" alt=\"\" width=\"55\" height=\"55\" \/><\/strong><\/h3>\n<\/td>\n<td style=\"width: 70%; height: 49px;\">\n<h5><span style=\"font-size: 12pt;\"><strong>Phone<\/strong><\/span><\/h5>\n<\/td>\n<\/tr>\n<tr style=\"height: 47px;\">\n<td style=\"width: 70%; height: 47px;\"><span style=\"font-size: 12pt;\"><a href=\"\/en\/ 90 533 343 53 78\/\">+90 332 345 33 93<\/a><\/span><\/td>\n<\/tr>\n<\/tbody>\n<\/table>\n<table style=\"height: 100%; width: 100%;\" border=\"0\">\n<tbody>\n<tr>\n<td style=\"width: 15%; height: 100%;\" rowspan=\"2\">\n<p style=\"text-align: left;\"><img loading=\"lazy\" decoding=\"async\" src=\"https:\/\/ravon.com.tr\/wp-content\/uploads\/2022\/08\/ravon-whatsapp-icon.png\" alt=\"\" width=\"55\" height=\"55\" \/><\/p>\n<\/td>\n<td style=\"width: 70%;\">\n<h5><span style=\"font-size: 12pt;\"><strong>Domestic Trade Specialist<\/strong><\/span><\/h5>\n<\/td>\n<\/tr>\n<tr>\n<td style=\"width: 70%;\"><span style=\"font-size: 12pt;\"><a title=\"+90 532 177 45 41\" href=\"tel: 905321774541\">+90 532 177 45 41<\/a><\/span><\/td>\n<\/tr>\n<\/tbody>\n<\/table>\n<table style=\"height: 86px; width: 100%;\" border=\"0\">\n<tbody>\n<tr style=\"height: 43px;\">\n<td style=\"width: 15%; height: 100%;\" rowspan=\"2\">\n<h5 style=\"text-align: left;\"><strong><img loading=\"lazy\" decoding=\"async\" src=\"https:\/\/ravon.com.tr\/wp-content\/uploads\/2022\/08\/ravon-whatsapp-icon.png\" alt=\"\" width=\"55\" height=\"55\" \/><\/strong><\/h5>\n<\/td>\n<td style=\"width: 70%; height: 43px;\">\n<h5><span style=\"font-size: 12pt;\"><strong>Foreign Trade Specialist<\/strong><\/span><\/h5>\n<\/td>\n<\/tr>\n<tr style=\"height: 43px;\">\n<td style=\"width: 70%; height: 43px;\"><span style=\"font-size: 12pt;\"><a title=\"+90 533 343 53 78\" href=\"tel: 905333435378\">+90 533 343 53 78<\/a><\/span><\/td>\n<\/tr>\n<\/tbody>\n<\/table>\n<table style=\"height: 100%; width: 100%;\" border=\"0\">\n<tbody>\n<tr>\n<td style=\"width: 15%; height: 100%;\" rowspan=\"2\">\n<h3 style=\"text-align: left;\"><img loading=\"lazy\" decoding=\"async\" src=\"https:\/\/ravon.com.tr\/wp-content\/uploads\/2022\/08\/ravon-e-posta-icon.png\" alt=\"\" width=\"50\" height=\"50\" \/><\/h3>\n<\/td>\n<td style=\"width: 70%;\">\n<h5><span style=\"font-size: 12pt;\"><strong>E-Mail<\/strong><\/span><\/h5>\n<\/td>\n<\/tr>\n<tr>\n<td style=\"width: 70%;\"><span style=\"font-size: 12pt;\"><a href=\"mailto:export@ravon.com.tr\">info@ravon.com.tr<\/a><\/span><br \/><span style=\"font-size: 12pt;\"> <a href=\"mailto:export@ravon.com.tr\">export@ravon.com.tr<\/a><\/span><\/td>\n<\/tr>\n<\/tbody>\n<\/table>\n<table style=\"height: 96px; width: 100%;\" border=\"0\">\n<tbody>\n<tr style=\"height: 32px;\">\n<td style=\"width: 15%; height: 100%;\" rowspan=\"2\">\n<h3 style=\"text-align: left;\"><img loading=\"lazy\" decoding=\"async\" src=\"https:\/\/ravon.com.tr\/wp-content\/uploads\/2022\/08\/ravon-adres-icon.png\" alt=\"\" width=\"58\" height=\"58\" \/><\/h3>\n<\/td>\n<td style=\"width: 70%; height: 32px;\">\n<h5><span style=\"font-size: 12pt;\"><strong>Address<\/strong><\/span><\/h5>\n<\/td>\n<\/tr>\n<tr style=\"height: 64px;\">\n<td style=\"width: 70%; height: 64px;\"><span style=\"color: #000000; font-size: 12pt;\">Fevzi \u00c7akmak Mh. Milenyum Cd. No: 35\u00a0 &#8211; P.O. 42050<\/span><br \/><span style=\"color: #000000; font-size: 12pt;\"> <strong>Karatay \/ Konya \/ TURKIYE<\/strong><\/span><\/td>\n<\/tr>\n<\/tbody>\n<\/table>\n<p>&nbsp;<\/p>\n<p>[\/et_pb_text][\/et_pb_column][et_pb_column type=&#8221;3_5&#8243; _builder_version=&#8221;4.16&#8243; custom_padding=&#8221;|||&#8221; global_colors_info=&#8221;{}&#8221; custom_padding__hover=&#8221;|||&#8221;][et_pb_image src=&#8221;https:\/\/ravon.com.tr\/wp-content\/uploads\/2023\/08\/1ravon-iletisim-gorseli-scaled-e1716905518664.jpg&#8221; title_text=&#8221;1ravon-ileti\u015fim-g\u00f6rseli&#8221; _builder_version=&#8221;4.25.1&#8243; _module_preset=&#8221;default&#8221; module_alignment=&#8221;center&#8221; custom_padding=&#8221;|||17px|false|false&#8221; global_colors_info=&#8221;{}&#8221;][\/et_pb_image][\/et_pb_column][\/et_pb_row][\/et_pb_section][et_pb_section fb_built=&#8221;1&#8243; fullwidth=&#8221;on&#8221; _builder_version=&#8221;4.25.1&#8243; _module_preset=&#8221;default&#8221; global_colors_info=&#8221;{}&#8221;][et_pb_fullwidth_code _builder_version=&#8221;4.25.1&#8243; _module_preset=&#8221;default&#8221; global_colors_info=&#8221;{}&#8221;]<iframe src=\"https:\/\/www.google.com\/maps\/embed?pb=!1m14!1m8!1m3!1d12588.5198857131!2d32.558168!3d37.927394!3m2!1i1024!2i768!4f13.1!3m3!1m2!1s0x14d0903256f044bf%3A0xdc9907ca0ce8b205!2sRavon%20Enerji%20ve%20Data%20Transfer%20Sistemleri!5e0!3m2!1str!2sus!4v1716877768503!5m2!1str!2sus\" width=\"100%\" height=\"500\" style=\"border:0;\" allowfullscreen=\"\" loading=\"lazy\" referrerpolicy=\"no-referrer-when-downgrade\"><\/iframe>[\/et_pb_fullwidth_code][\/et_pb_section]<\/p>","protected":false},"excerpt":{"rendered":"<p>Telefon +90 332 345 33 93 Yurt i\u00e7i Sat\u0131\u015f +90 532 177 45 41 Yurt d\u0131\u015f\u0131 Sat\u0131\u015f +90 533 343 53 78 E-Mail info@ravon.com.tr export@ravon.com.tr Adres Fevzi \u00c7akmak Mh. Milenyum Cd. No: 35\u00a0 &#8211; P.O. 42050 Karatay \/ Konya \/ TURKIYE &nbsp;<\/p>","protected":false},"author":6,"featured_media":0,"parent":0,"menu_order":0,"comment_status":"closed","ping_status":"closed","template":"","meta":{"_acf_changed":false,"_et_pb_use_builder":"on","_et_pb_old_content":"<h3>\u0130leti\u015fim Bilgilerimiz<\/h3><figure><img src=\"https:\/\/ravon.com.tr\/wp-content\/uploads\/2022\/08\/ravon-telefon-icon.png\" alt=\"\" width=\"70\" height=\"70\" \/><\/figure><h3>Telefon<\/h3><p><a href=\"tel:+903323453393\">+90 332 345 33 93<\/a><\/p><figure><img src=\"https:\/\/ravon.com.tr\/wp-content\/uploads\/2022\/08\/ravon-whatsapp-icon.png\" alt=\"\" width=\"70\" height=\"70\" \/><\/figure><h3>Yurt i\u00e7i Sat\u0131\u015f<\/h3><p><a href=\"tel:+905337065378\">+90 53<\/a>2 177 45 41 +90 533 506 53 78<\/p><figure><a href=\"http:\/\/www.ravon.com.tr\"><img src=\"https:\/\/ravon.com.tr\/wp-content\/uploads\/2022\/08\/ravon-whatsapp-icon.png\" alt=\"\" width=\"70\" height=\"70\" \/><\/a><\/figure><h3><a href=\"http:\/\/www.ravon.com.tr\">Yurt d\u0131\u015f\u0131 Sat\u0131\u015f <\/a><\/h3><p><a href=\"tel:+905321774541\">+90 533<\/a> 543 53 78<\/p><figure><img src=\"https:\/\/ravon.com.tr\/wp-content\/uploads\/2022\/08\/ravon-e-posta-icon.png\" alt=\"\" width=\"70\" height=\"70\" \/><\/figure><h3>E-Mail<\/h3><p><a href=\"mailto:export@ravon.com.tr\">info@ravon.com.tr<\/a> <a href=\"mailto:info@ravon.com.tr\">satis@ravon.com.tr<\/a> export@ravon.com.tr<\/p><figure><img src=\"https:\/\/ravon.com.tr\/wp-content\/uploads\/2022\/08\/ravon-adres-icon.png\" alt=\"\" width=\"70\" height=\"70\" \/><\/figure><h3>Adres<\/h3><p>Fevzi \u00c7akmak Mh. Milenyum Cd. No: 35 Konya \/ TURKIYE <iframe title=\"Ravon Enerji ve Data Transfer Sistemleri\" src=\"https:\/\/maps.google.com\/maps?q=Ravon%20Enerji%20ve%20Data%20Transfer%20Sistemleri&t=m&z=15&output=embed&iwloc=near\" aria-label=\"Ravon Enerji ve Data Transfer Sistemleri\"><\/iframe><\/p>","_et_gb_content_width":"","footnotes":""},"class_list":["post-1363","page","type-page","status-publish","hentry"],"acf":[],"yoast_head":"<!-- This site is optimized with the Yoast SEO Premium plugin v20.13 (Yoast SEO v25.7) - https:\/\/yoast.com\/wordpress\/plugins\/seo\/ -->\n<title>Kablo Ta\u015f\u0131ma Arabas\u0131-\u0130leti\u015fim - www.ravon.com.tr-Ravon<\/title>\n<meta name=\"description\" content=\"Kablo ta\u015f\u0131ma arabas\u0131 vin\u00e7 sistemleri halat \u00e7elik halat kanca kanca blo\u011fu c profil \u0131 profil red\u00fckt\u00f6r a\u015f\u0131r\u0131 y\u00fck\" \/>\n<meta name=\"robots\" content=\"index, follow, max-snippet:-1, max-image-preview:large, max-video-preview:-1\" \/>\n<link rel=\"canonical\" href=\"https:\/\/ravon.com.tr\/en\/iletisim\/\" \/>\n<meta property=\"og:locale\" content=\"en_US\" \/>\n<meta property=\"og:type\" content=\"article\" \/>\n<meta property=\"og:title\" content=\"\u0130leti\u015fim\" \/>\n<meta property=\"og:description\" content=\"Kablo ta\u015f\u0131ma arabas\u0131 vin\u00e7 sistemleri halat \u00e7elik halat kanca kanca blo\u011fu c profil \u0131 profil red\u00fckt\u00f6r a\u015f\u0131r\u0131 y\u00fck\" \/>\n<meta property=\"og:url\" content=\"https:\/\/ravon.com.tr\/en\/iletisim\/\" \/>\n<meta property=\"og:site_name\" content=\"Ravon Enerji ve Data Transfer Sistemleri\" \/>\n<meta property=\"article:publisher\" content=\"https:\/\/www.facebook.com\/ravonfestoon\" \/>\n<meta property=\"article:modified_time\" content=\"2024-08-24T10:17:40+00:00\" \/>\n<meta property=\"og:image\" content=\"https:\/\/ravon.com.tr\/wp-content\/uploads\/2022\/08\/ravon-telefon-icon.png\" \/>\n<meta name=\"twitter:card\" content=\"summary_large_image\" \/>\n<meta name=\"twitter:site\" content=\"@ravonfestoon\" \/>\n<meta name=\"twitter:label1\" content=\"Est. reading time\" \/>\n\t<meta name=\"twitter:data1\" content=\"2 minutes\" \/>\n<script type=\"application\/ld+json\" class=\"yoast-schema-graph\">{\"@context\":\"https:\/\/schema.org\",\"@graph\":[{\"@type\":\"WebPage\",\"@id\":\"https:\/\/ravon.com.tr\/iletisim\/\",\"url\":\"https:\/\/ravon.com.tr\/iletisim\/\",\"name\":\"Kablo Ta\u015f\u0131ma Arabas\u0131-\u0130leti\u015fim - www.ravon.com.tr-Ravon\",\"isPartOf\":{\"@id\":\"https:\/\/ravon.com.tr\/#website\"},\"primaryImageOfPage\":{\"@id\":\"https:\/\/ravon.com.tr\/iletisim\/#primaryimage\"},\"image\":{\"@id\":\"https:\/\/ravon.com.tr\/iletisim\/#primaryimage\"},\"thumbnailUrl\":\"https:\/\/ravon.com.tr\/wp-content\/uploads\/2022\/08\/ravon-telefon-icon.png\",\"datePublished\":\"2016-09-21T08:39:02+00:00\",\"dateModified\":\"2024-08-24T10:17:40+00:00\",\"description\":\"Kablo ta\u015f\u0131ma arabas\u0131 vin\u00e7 sistemleri halat \u00e7elik halat kanca kanca blo\u011fu c profil \u0131 profil red\u00fckt\u00f6r a\u015f\u0131r\u0131 y\u00fck\",\"breadcrumb\":{\"@id\":\"https:\/\/ravon.com.tr\/iletisim\/#breadcrumb\"},\"inLanguage\":\"en-US\",\"potentialAction\":[{\"@type\":\"ReadAction\",\"target\":[\"https:\/\/ravon.com.tr\/iletisim\/\"]}]},{\"@type\":\"ImageObject\",\"inLanguage\":\"en-US\",\"@id\":\"https:\/\/ravon.com.tr\/iletisim\/#primaryimage\",\"url\":\"https:\/\/ravon.com.tr\/wp-content\/uploads\/2022\/08\/ravon-telefon-icon.png\",\"contentUrl\":\"https:\/\/ravon.com.tr\/wp-content\/uploads\/2022\/08\/ravon-telefon-icon.png\"},{\"@type\":\"BreadcrumbList\",\"@id\":\"https:\/\/ravon.com.tr\/iletisim\/#breadcrumb\",\"itemListElement\":[{\"@type\":\"ListItem\",\"position\":1,\"name\":\"Anasayfa\",\"item\":\"https:\/\/ravon.com.tr\/\"},{\"@type\":\"ListItem\",\"position\":2,\"name\":\"\u0130leti\u015fim\"}]},{\"@type\":\"WebSite\",\"@id\":\"https:\/\/ravon.com.tr\/#website\",\"url\":\"https:\/\/ravon.com.tr\/\",\"name\":\"Ravon Enerji ve Data Transfer Sistemleri\",\"description\":\"Ravon Enerji ve Data Transfer Sistemleri\",\"publisher\":{\"@id\":\"https:\/\/ravon.com.tr\/#organization\"},\"potentialAction\":[{\"@type\":\"SearchAction\",\"target\":{\"@type\":\"EntryPoint\",\"urlTemplate\":\"https:\/\/ravon.com.tr\/?s={search_term_string}\"},\"query-input\":{\"@type\":\"PropertyValueSpecification\",\"valueRequired\":true,\"valueName\":\"search_term_string\"}}],\"inLanguage\":\"en-US\"},{\"@type\":\"Organization\",\"@id\":\"https:\/\/ravon.com.tr\/#organization\",\"name\":\"Ravon Enerji ve Data Transfer Sistemleri\",\"url\":\"https:\/\/ravon.com.tr\/\",\"logo\":{\"@type\":\"ImageObject\",\"inLanguage\":\"en-US\",\"@id\":\"https:\/\/ravon.com.tr\/#\/schema\/logo\/image\/\",\"url\":\"https:\/\/ravon.com.tr\/wp-content\/uploads\/2023\/08\/tinywow_ravon-logo__2__30279301_1-removebg-preview1.png\",\"contentUrl\":\"https:\/\/ravon.com.tr\/wp-content\/uploads\/2023\/08\/tinywow_ravon-logo__2__30279301_1-removebg-preview1.png\",\"width\":745,\"height\":335,\"caption\":\"Ravon Enerji ve Data Transfer Sistemleri\"},\"image\":{\"@id\":\"https:\/\/ravon.com.tr\/#\/schema\/logo\/image\/\"},\"sameAs\":[\"https:\/\/www.facebook.com\/ravonfestoon\",\"https:\/\/x.com\/ravonfestoon\",\"https:\/\/www.instagram.com\/ravon_festoon\/\"]}]}<\/script>\n<!-- \/ Yoast SEO Premium plugin. -->","yoast_head_json":{"title":"Kablo Ta\u015f\u0131ma Arabas\u0131-\u0130leti\u015fim - www.ravon.com.tr-Ravon","description":"Kablo ta\u015f\u0131ma arabas\u0131 vin\u00e7 sistemleri halat \u00e7elik halat kanca kanca blo\u011fu c profil \u0131 profil red\u00fckt\u00f6r a\u015f\u0131r\u0131 y\u00fck","robots":{"index":"index","follow":"follow","max-snippet":"max-snippet:-1","max-image-preview":"max-image-preview:large","max-video-preview":"max-video-preview:-1"},"canonical":"https:\/\/ravon.com.tr\/en\/iletisim\/","og_locale":"en_US","og_type":"article","og_title":"\u0130leti\u015fim","og_description":"Kablo ta\u015f\u0131ma arabas\u0131 vin\u00e7 sistemleri halat \u00e7elik halat kanca kanca blo\u011fu c profil \u0131 profil red\u00fckt\u00f6r a\u015f\u0131r\u0131 y\u00fck","og_url":"https:\/\/ravon.com.tr\/en\/iletisim\/","og_site_name":"Ravon Enerji ve Data Transfer Sistemleri","article_publisher":"https:\/\/www.facebook.com\/ravonfestoon","article_modified_time":"2024-08-24T10:17:40+00:00","og_image":[{"url":"https:\/\/ravon.com.tr\/wp-content\/uploads\/2022\/08\/ravon-telefon-icon.png","type":"","width":"","height":""}],"twitter_card":"summary_large_image","twitter_site":"@ravonfestoon","twitter_misc":{"Est. reading time":"2 minutes"},"schema":{"@context":"https:\/\/schema.org","@graph":[{"@type":"WebPage","@id":"https:\/\/ravon.com.tr\/iletisim\/","url":"https:\/\/ravon.com.tr\/iletisim\/","name":"Kablo Ta\u015f\u0131ma Arabas\u0131-\u0130leti\u015fim - www.ravon.com.tr-Ravon","isPartOf":{"@id":"https:\/\/ravon.com.tr\/#website"},"primaryImageOfPage":{"@id":"https:\/\/ravon.com.tr\/iletisim\/#primaryimage"},"image":{"@id":"https:\/\/ravon.com.tr\/iletisim\/#primaryimage"},"thumbnailUrl":"https:\/\/ravon.com.tr\/wp-content\/uploads\/2022\/08\/ravon-telefon-icon.png","datePublished":"2016-09-21T08:39:02+00:00","dateModified":"2024-08-24T10:17:40+00:00","description":"Kablo ta\u015f\u0131ma arabas\u0131 vin\u00e7 sistemleri halat \u00e7elik halat kanca kanca blo\u011fu c profil \u0131 profil red\u00fckt\u00f6r a\u015f\u0131r\u0131 y\u00fck","breadcrumb":{"@id":"https:\/\/ravon.com.tr\/iletisim\/#breadcrumb"},"inLanguage":"en-US","potentialAction":[{"@type":"ReadAction","target":["https:\/\/ravon.com.tr\/iletisim\/"]}]},{"@type":"ImageObject","inLanguage":"en-US","@id":"https:\/\/ravon.com.tr\/iletisim\/#primaryimage","url":"https:\/\/ravon.com.tr\/wp-content\/uploads\/2022\/08\/ravon-telefon-icon.png","contentUrl":"https:\/\/ravon.com.tr\/wp-content\/uploads\/2022\/08\/ravon-telefon-icon.png"},{"@type":"BreadcrumbList","@id":"https:\/\/ravon.com.tr\/iletisim\/#breadcrumb","itemListElement":[{"@type":"ListItem","position":1,"name":"Anasayfa","item":"https:\/\/ravon.com.tr\/"},{"@type":"ListItem","position":2,"name":"\u0130leti\u015fim"}]},{"@type":"WebSite","@id":"https:\/\/ravon.com.tr\/#website","url":"https:\/\/ravon.com.tr\/","name":"Ravon Enerji ve Data Transfer Sistemleri","description":"Ravon Enerji ve Data Transfer Sistemleri","publisher":{"@id":"https:\/\/ravon.com.tr\/#organization"},"potentialAction":[{"@type":"SearchAction","target":{"@type":"EntryPoint","urlTemplate":"https:\/\/ravon.com.tr\/?s={search_term_string}"},"query-input":{"@type":"PropertyValueSpecification","valueRequired":true,"valueName":"search_term_string"}}],"inLanguage":"en-US"},{"@type":"Organization","@id":"https:\/\/ravon.com.tr\/#organization","name":"Ravon Enerji ve Data Transfer Sistemleri","url":"https:\/\/ravon.com.tr\/","logo":{"@type":"ImageObject","inLanguage":"en-US","@id":"https:\/\/ravon.com.tr\/#\/schema\/logo\/image\/","url":"https:\/\/ravon.com.tr\/wp-content\/uploads\/2023\/08\/tinywow_ravon-logo__2__30279301_1-removebg-preview1.png","contentUrl":"https:\/\/ravon.com.tr\/wp-content\/uploads\/2023\/08\/tinywow_ravon-logo__2__30279301_1-removebg-preview1.png","width":745,"height":335,"caption":"Ravon Enerji ve Data Transfer Sistemleri"},"image":{"@id":"https:\/\/ravon.com.tr\/#\/schema\/logo\/image\/"},"sameAs":["https:\/\/www.facebook.com\/ravonfestoon","https:\/\/x.com\/ravonfestoon","https:\/\/www.instagram.com\/ravon_festoon\/"]}]}},"_links":{"self":[{"href":"https:\/\/ravon.com.tr\/en\/wp-json\/wp\/v2\/pages\/1363","targetHints":{"allow":["GET"]}}],"collection":[{"href":"https:\/\/ravon.com.tr\/en\/wp-json\/wp\/v2\/pages"}],"about":[{"href":"https:\/\/ravon.com.tr\/en\/wp-json\/wp\/v2\/types\/page"}],"author":[{"embeddable":true,"href":"https:\/\/ravon.com.tr\/en\/wp-json\/wp\/v2\/users\/6"}],"replies":[{"embeddable":true,"href":"https:\/\/ravon.com.tr\/en\/wp-json\/wp\/v2\/comments?post=1363"}],"version-history":[{"count":0,"href":"https:\/\/ravon.com.tr\/en\/wp-json\/wp\/v2\/pages\/1363\/revisions"}],"wp:attachment":[{"href":"https:\/\/ravon.com.tr\/en\/wp-json\/wp\/v2\/media?parent=1363"}],"curies":[{"name":"wp","href":"https:\/\/api.w.org\/{rel}","templated":true}]}}