{"id":7828,"date":"2019-11-23T17:42:59","date_gmt":"2019-11-23T14:42:59","guid":{"rendered":"https:\/\/ravonfestoon.com\/?page_id=7828"},"modified":"2024-08-24T13:09:14","modified_gmt":"2024-08-24T10:09:14","slug":"vizyonumuz","status":"publish","type":"page","link":"https:\/\/ravon.com.tr\/en\/vizyonumuz\/","title":{"rendered":"Vision"},"content":{"rendered":"<p>[et_pb_section fb_built=&#8221;1&#8243; admin_label=&#8221;section&#8221; _builder_version=&#8221;4.22.1&#8243; custom_margin=&#8221;0px||||false|false&#8221; custom_padding=&#8221;0px||0px||false|false&#8221; box_shadow_style=&#8221;preset6&#8243; global_colors_info=&#8221;{}&#8221;][et_pb_row _builder_version=&#8221;4.16&#8243; _module_preset=&#8221;default&#8221; global_colors_info=&#8221;{}&#8221;][et_pb_column type=&#8221;4_4&#8243; _builder_version=&#8221;4.16&#8243; _module_preset=&#8221;default&#8221; global_colors_info=&#8221;{}&#8221;][et_pb_post_title meta=&#8221;off&#8221; _builder_version=&#8221;4.27.0&#8243; _module_preset=&#8221;default&#8221; title_font=&#8221;|700|||||||&#8221; title_text_color=&#8221;#DDC03F&#8221; title_font_size=&#8221;3em&#8221; custom_margin=&#8221;||0px||false|false&#8221; custom_padding=&#8221;||0px||false|false&#8221; hover_enabled=&#8221;0&#8243; global_colors_info=&#8221;{}&#8221; sticky_enabled=&#8221;0&#8243;][\/et_pb_post_title][dsm_breadcrumbs _builder_version=&#8221;4.27.0&#8243; _module_preset=&#8221;default&#8221; custom_margin=&#8221;0px||0px||false|false&#8221; custom_padding=&#8221;0px||0px||false|false&#8221; hover_enabled=&#8221;0&#8243; global_colors_info=&#8221;{}&#8221; home_icon_text_color=&#8221;#DDC03F&#8221; items_text_color=&#8221;#DDC03F&#8221; sticky_enabled=&#8221;0&#8243;][\/dsm_breadcrumbs][\/et_pb_column][\/et_pb_row][\/et_pb_section][et_pb_section fb_built=&#8221;1&#8243; admin_label=&#8221;section&#8221; _builder_version=&#8221;4.22.1&#8243; custom_margin=&#8221;||||false|false&#8221; custom_padding=&#8221;0px||21px||false|false&#8221; box_shadow_style=&#8221;preset3&#8243; global_colors_info=&#8221;{}&#8221;][et_pb_row column_structure=&#8221;2_5,3_5&#8243; use_custom_gutter=&#8221;on&#8221; gutter_width=&#8221;1&#8243; make_equal=&#8221;on&#8221; _builder_version=&#8221;4.22.1&#8243; _module_preset=&#8221;default&#8221; width=&#8221;100%&#8221; max_width=&#8221;100%&#8221; custom_margin=&#8221;0px||||false|false&#8221; custom_padding=&#8221;0px||||false|false&#8221; locked=&#8221;off&#8221; global_colors_info=&#8221;{}&#8221;][et_pb_column type=&#8221;2_5&#8243; _builder_version=&#8221;4.22.1&#8243; _module_preset=&#8221;default&#8221; use_background_color_gradient=&#8221;on&#8221; background_color_gradient_type=&#8221;circular&#8221; background_color_gradient_direction_radial=&#8221;bottom right&#8221; background_color_gradient_stops=&#8221;#fcb040 0%|#58585a 54%&#8221; custom_padding=&#8221;||||false|false&#8221; global_colors_info=&#8221;{}&#8221;][et_pb_text _builder_version=&#8221;4.22.1&#8243; _module_preset=&#8221;default&#8221; text_font=&#8221;|600|||||||&#8221; text_text_color=&#8221;#FFFFFF&#8221; text_font_size=&#8221;1.4em&#8221; text_line_height=&#8221;0.7em&#8221; header_2_font=&#8221;|700|||||||&#8221; header_2_text_color=&#8221;#FFFFFF&#8221; header_2_font_size=&#8221;1.9em&#8221; header_2_line_height=&#8221;2em&#8221; width=&#8221;96%&#8221; custom_margin=&#8221;6em|1em|6em|1em|true|true&#8221; custom_margin_tablet=&#8221;2em|2em|2em|2em|true|true&#8221; custom_margin_phone=&#8221;|1em||1em|true|true&#8221; custom_margin_last_edited=&#8221;on|phone&#8221; header_2_font_size_tablet=&#8221;2.2em&#8221; header_2_font_size_phone=&#8221;2.2em&#8221; header_2_font_size_last_edited=&#8221;on|desktop&#8221; header_2_letter_spacing_tablet=&#8221;&#8221; header_2_letter_spacing_phone=&#8221;&#8221; header_2_letter_spacing_last_edited=&#8221;on|desktop&#8221; header_2_line_height_tablet=&#8221;0.9em&#8221; header_2_line_height_phone=&#8221;1.1em&#8221; header_2_line_height_last_edited=&#8221;on|tablet&#8221; global_colors_info=&#8221;{}&#8221;]<\/p>\n<h2 style=\"text-align: center;\">Welcome to Ravon Electrification Systems<\/h2>\n<p style=\"text-align: center;\">\u00a0<\/p>\n<p style=\"text-align: center;\">High Quality<\/p>\n<p style=\"text-align: center;\">100% Customer Satisfaction<\/p>\n<p>[\/et_pb_text][\/et_pb_column][et_pb_column type=&#8221;3_5&#8243; _builder_version=&#8221;4.22.1&#8243; _module_preset=&#8221;default&#8221; background_image=&#8221;https:\/\/ravon.com.tr\/wp-content\/uploads\/2022\/08\/festoon-systems-about.png&#8221; background_position=&#8221;bottom_right&#8221; global_colors_info=&#8221;{}&#8221;][et_pb_text _builder_version=&#8221;4.22.1&#8243; _module_preset=&#8221;default&#8221; text_font=&#8221;|600|||||||&#8221; text_text_color=&#8221;#FFFFFF&#8221; text_font_size=&#8221;1.4em&#8221; text_line_height=&#8221;0.7em&#8221; header_2_font=&#8221;|700|||||||&#8221; header_2_text_color=&#8221;#FFFFFF&#8221; header_2_font_size=&#8221;2.5em&#8221; header_2_line_height=&#8221;2em&#8221; custom_margin=&#8221;6em|10em|6em|10em|true|true&#8221; header_2_letter_spacing_tablet=&#8221;&#8221; header_2_letter_spacing_phone=&#8221;&#8221; header_2_letter_spacing_last_edited=&#8221;on|desktop&#8221; global_colors_info=&#8221;{}&#8221;]<\/p>\n<p>&nbsp;<\/p>\n<p>&nbsp;<\/p>\n<p>&nbsp;<\/p>\n<p>&nbsp;<\/p>\n<p>&nbsp;<\/p>\n<p>[\/et_pb_text][\/et_pb_column][\/et_pb_row][et_pb_row admin_label=&#8221;row&#8221; _builder_version=&#8221;4.16&#8243; background_size=&#8221;initial&#8221; background_position=&#8221;top_left&#8221; background_repeat=&#8221;repeat&#8221; global_colors_info=&#8221;{}&#8221;][et_pb_column type=&#8221;4_4&#8243; _builder_version=&#8221;4.16&#8243; custom_padding=&#8221;|||&#8221; global_colors_info=&#8221;{}&#8221; custom_padding__hover=&#8221;|||&#8221;][et_pb_text admin_label=&#8221;Text&#8221; _builder_version=&#8221;4.22.1&#8243; text_text_color=&#8221;#58585A&#8221; text_font_size=&#8221;1.1em&#8221; text_line_height=&#8221;2em&#8221; header_3_font=&#8221;|800|||||||&#8221; header_3_text_align=&#8221;center&#8221; header_3_text_color=&#8221;#FCB040&#8243; header_3_font_size=&#8221;2em&#8221; header_5_font=&#8221;|700|||||||&#8221; header_5_text_align=&#8221;justify&#8221; header_5_text_color=&#8221;#58585A&#8221; header_5_font_size=&#8221;1.5em&#8221; header_5_line_height=&#8221;1.3em&#8221; background_size=&#8221;initial&#8221; background_position=&#8221;top_left&#8221; background_repeat=&#8221;repeat&#8221; text_orientation=&#8221;justified&#8221; global_colors_info=&#8221;{}&#8221;]<\/p>\n<p>At Ravon, our aspiration extends beyond mere competence; we strive to achieve excellence within the industrial sector. By reinforcing our preeminent position in the global market, we endeavor to provide our customers with the most advanced technologies and unparalleled quality.<\/p>\n<p>In line with this goal, we continually increase our R&amp;D investments and focus on developing products that meet our customers' needs in the most effective way by adopting the best practices in the sector. With our commitment to sustainability and environmentally friendly practices, we are determined to set the highest standards in the industry.<\/p>\n<p>Ravon aims to provide a reliable business partnership and a high-performance approach on a global scale, keeping customer satisfaction above all else. In every step we take on the path to being the best, we strive to contribute to the industry with our innovative solutions and to ensure excellence.<\/p>\n<p><span style=\"font-size: 15.4px;\">.<\/span><\/p>\n<p>[\/et_pb_text][\/et_pb_column][\/et_pb_row][\/et_pb_section]<\/p>","protected":false},"excerpt":{"rendered":"<p><div class=\"et_pb_module dsm_breadcrumbs dsm_breadcrumbs_0\">\n\t\t\t\t\n\t\t\t\t\n\t\t\t\t\n\t\t\t\t\n\t\t\t\t\n\t\t\t\t\n\t\t\t\t<div class=\"et_pb_module_inner\">\n\t\t\t\t\t<nav class=\"dsm_breadcrumbs_wrap\" role=\"navigation\" itemscope=\"\" itemtype=\"http:\/\/schema.org\/SiteNavigationElement\">\n\t\t\t\t<ul class=\"dsm_breadcrumbs\">\t\t\t<li class='dsm_breadcrumbs_item dsm_home_item dsm_home_item_custom'>\n\t\t\t\t<a href=\"https:\/\/ravon.com.tr\/en\" itemprop=\"url\" target=\"\">\n\t\t\t\t\t<span class='dsm_home_text_wrapper'>\n\t\t\t\t\t\t\t\t\t\t\t\t\t<span class=\"et-pb-icon dsm_home_icon\">\ue009<\/span>\n\t\t\t\t\t\t\t\t\t\t\t\t\t<span class=\"dsm_home_text\" itemprop=\"name\">\n\t\t\t\t\t\t\t\tHome\t\t\t\t\t\t\t<\/span>\n\t\t\t\t\t<\/span>\n\t\t\t\t<\/a>\n\t\t\t<\/li>\n\n\t\t<li class=\"dsm_breadcrumbs_separator\"> <span class=\"et-pb-icon dsm_separator_icon\">5<\/span><\/li><\/ul>\n\t\t\t<\/nav>\n\t\t\t\t<\/div>\n\t\t\t<\/div>Ravon Enerji ve Data Sistemleri \u00a0 Y\u00fcksek Kalite %100 M\u00fc\u015fteri Memnuniyeti&nbsp; &nbsp; &nbsp; &nbsp; &nbsp;Ravon olarak vizyonumuz, sadece iyi olmak de\u011fil, alan\u0131nda en iyi olmay\u0131 hedeflemektir. Global pazarda lider konumumuzu g\u00fc\u00e7lendirerek, m\u00fc\u015fterilerimize en ileri teknolojileri ve en y\u00fcksek kaliteyi sunmay\u0131 ama\u00e7l\u0131yoruz. Bu hedef do\u011frultusunda, s\u00fcrekli olarak Ar-Ge yat\u0131r\u0131mlar\u0131m\u0131z\u0131 art\u0131r\u0131yor ve m\u00fc\u015fterilerimizin ihtiya\u00e7lar\u0131n\u0131 en etkili \u015fekilde kar\u015f\u0131layan \u00fcr\u00fcnler geli\u015ftirmeye odaklan\u0131yoruz. S\u00fcrd\u00fcr\u00fclebilirlik ve \u00e7evre dostu \u00fcr\u00fcnlerle, sekt\u00f6rdeki en y\u00fcksek standartlar\u0131 belirlemek i\u00e7in \u00e7abal\u0131yoruz. Ravon, m\u00fc\u015fteri memnuniyetini her \u015feyin \u00f6n\u00fcnde tutarak, g\u00fcvenilir \u00e7\u00f6z\u00fcm ortakl\u0131\u011f\u0131 ve y\u00fcksek performans anlay\u0131\u015f\u0131n\u0131 global \u00f6l\u00e7ekte sunmay\u0131 hedeflemekteyiz. En iyi olma yolunda att\u0131\u011f\u0131m\u0131z her ad\u0131mda, yenilik\u00e7i \u00e7\u00f6z\u00fcmlerimizle end\u00fcstriye katk\u0131da bulunmak ve m\u00fckemmeliyeti sa\u011flamak i\u00e7in \u00e7al\u0131\u015f\u0131yoruz. .<\/p>","protected":false},"author":6,"featured_media":0,"parent":0,"menu_order":0,"comment_status":"closed","ping_status":"closed","template":"","meta":{"_acf_changed":false,"_et_pb_use_builder":"on","_et_pb_old_content":"<p>Uzun y\u0131llard\u0131r sekt\u00f6rde edindi\u011fi tecr\u00fcbe ve bilgi birikimi ile hareket eden firmam\u0131z g\u00fcler y\u00fczl\u00fc ve kaliteli hizmet anlay\u0131\u015f\u0131n\u0131 s\u00fcrd\u00fcrmeye devam etmektedir. Bu do\u011frultuda \u015firketimizin kendisi i\u00e7in belirledi\u011fi vizyon a\u015fa\u011f\u0131daki de\u011ferlere dayanmaktad\u0131r;\n<\/p><ul><li>Festoon ekipmanlar\u0131nda sekt\u00f6rde lider olmak, di\u011fer firmalara \u00f6rnek olmak.<\/li>\n<li>\u00dcretici saha \u00e7al\u0131\u015fmalar\u0131nda aktif rol almak ve sekt\u00f6re yenilik getirmek, bunun i\u00e7in gerekli aksiyonlar\u0131 almak.<\/li>\n<li>Verilen hizmeti en k\u0131sa s\u00fcrede yerine getirmek, zaman kaybettiren ma\u011fduriyetleri \u00f6nlemek, sorunlara h\u0131zl\u0131 ve s\u00fcratli davranarak yakla\u015fmak.<\/li>\n<li>\u0130hracat i\u015flemlerinin artmas\u0131yla birlikte d\u00fcnyada \u00f6nemli bir marka olmak ve bu anlamda \u00fclkemizi temsil etme ve tan\u0131tma g\u00f6revlerini \u00fcstlenmek.<\/li>\n<li>Her t\u00fcrl\u00fc festoon sisteminde m\u00fc\u015fterilerin ihtiya\u00e7lar\u0131n\u0131 kar\u015f\u0131lamak, bu anlamda t\u00fcm ihtiya\u00e7lara cevap vermek, sekt\u00f6rde bir zorunluluk haline gelen t\u00fcm festoon ekipmanlar\u0131n\u0131 kar\u015f\u0131layabilecek yeterlili\u011fe sahip olmak.<\/li><\/ul><p>D\u00fcnyan\u0131n bir\u00e7ok farkl\u0131 noktas\u0131na ihracat yaparak bu alandaki say\u0131lar\u0131 art\u0131rmak, i\u00e7 piyasada \u00f6nemli sat\u0131\u015flar ve \u00e7e\u015fitli ticari hamleler yapmak \u015firketimizin kariyer politikas\u0131nda \u00f6nemli ve kritik bir nokta olu\u015fturmaktad\u0131r.\n<p>Kariyer politikas\u0131 olarak teknik olarak \u00fcst d\u00fczey ekiplerin geli\u015fmelerine paralel olarak hamlelerini planlayan firmam\u0131z, ayn\u0131 zamanda d\u00fcnyan\u0131n en iyi ve en \u00f6nemli markalar\u0131n\u0131n sat\u0131\u015f temsilcisi olarak hareket etmeye devam edecektir. Bu kapsamda her d\u00f6nemde oldu\u011fu gibi \u00f6n\u00fcm\u00fczdeki d\u00f6nemlerde de altyap\u0131 a\u00e7\u0131s\u0131ndan donan\u0131ml\u0131 ve pazar hakimiyeti niteli\u011finde ekiplerle yola devam edece\u011fiz.","_et_gb_content_width":"","footnotes":""},"class_list":["post-7828","page","type-page","status-publish","hentry"],"acf":[],"yoast_head":"<!-- This site is optimized with the Yoast SEO Premium plugin v20.13 (Yoast SEO v25.7) - https:\/\/yoast.com\/wordpress\/plugins\/seo\/ -->\n<title>Vizyonumuz - Ravon Enerji ve Data Transfer Sistemleri<\/title>\n<meta name=\"robots\" content=\"index, follow, max-snippet:-1, max-image-preview:large, max-video-preview:-1\" \/>\n<link rel=\"canonical\" href=\"https:\/\/ravon.com.tr\/en\/vizyonumuz\/\" \/>\n<meta property=\"og:locale\" content=\"en_US\" \/>\n<meta property=\"og:type\" content=\"article\" \/>\n<meta property=\"og:title\" content=\"Vizyonumuz\" \/>\n<meta property=\"og:description\" content=\"\u00c7elik G\u00f6vde Kablo Arabas\u0131 Plastik Saddle3028 Serisi C Profil\u00a0 Kablo Ta\u015f\u0131ma Arabas\u0131\u00a0 Genellikle vin\u00e7 sistemlerinde kullan\u0131lan bu araba maksimum 12kg ta\u015f\u0131ma kapasitesine sahip olup kendi a\u011f\u0131rl\u0131\u011f\u0131 0,25kg&#039;d\u0131r. Bu kablo ta\u015f\u0131ma arabas\u0131nda 4 adet 608 ZZ rulman kullan\u0131lmaktad\u0131r. Rulmanlar\u0131n kullan\u0131ld\u0131\u011f\u0131 g\u00f6vde \u00e7elik olup kablo ta\u015f\u0131m\u0131n\u0131 sa\u011flayan saddle k\u0131sm\u0131 poliamid&#039;dir. Genellikle vin\u00e7 sistemlerinde kullan\u0131lan bu araba maksimum 12kg ta\u015f\u0131ma kapasitesine sahip olup kendi a\u011f\u0131rl\u0131\u011f\u0131 0,25kg&#039;d\u0131r. Bu kablo ta\u015f\u0131ma arabas\u0131nda 4 adet 608 ZZ rulman kullan\u0131lmaktad\u0131r. Rulmanlar\u0131n kullan\u0131ld\u0131\u011f\u0131 g\u00f6vde \u00e7elik olup kablo ta\u015f\u0131m\u0131n\u0131 sa\u011flayan saddle k\u0131sm\u0131 poliamid&#039;dir.TEKN\u0130K \u00c7\u0130Z\u0130MTEKN\u0130K DETAYLARBOYUTLANDIRMA \/ mm\" \/>\n<meta property=\"og:url\" content=\"https:\/\/ravon.com.tr\/en\/vizyonumuz\/\" \/>\n<meta property=\"og:site_name\" content=\"Ravon Enerji ve Data Transfer Sistemleri\" \/>\n<meta property=\"article:publisher\" content=\"https:\/\/www.facebook.com\/ravonfestoon\" \/>\n<meta property=\"article:modified_time\" content=\"2024-08-24T10:09:14+00:00\" \/>\n<meta name=\"twitter:card\" content=\"summary_large_image\" \/>\n<meta name=\"twitter:site\" content=\"@ravonfestoon\" \/>\n<meta name=\"twitter:label1\" content=\"Est. reading time\" \/>\n\t<meta name=\"twitter:data1\" content=\"4 minutes\" \/>\n<script type=\"application\/ld+json\" class=\"yoast-schema-graph\">{\"@context\":\"https:\/\/schema.org\",\"@graph\":[{\"@type\":\"WebPage\",\"@id\":\"https:\/\/ravon.com.tr\/vizyonumuz\/\",\"url\":\"https:\/\/ravon.com.tr\/vizyonumuz\/\",\"name\":\"Vizyonumuz - Ravon Enerji ve Data Transfer Sistemleri\",\"isPartOf\":{\"@id\":\"https:\/\/ravon.com.tr\/#website\"},\"datePublished\":\"2019-11-23T14:42:59+00:00\",\"dateModified\":\"2024-08-24T10:09:14+00:00\",\"breadcrumb\":{\"@id\":\"https:\/\/ravon.com.tr\/vizyonumuz\/#breadcrumb\"},\"inLanguage\":\"en-US\",\"potentialAction\":[{\"@type\":\"ReadAction\",\"target\":[\"https:\/\/ravon.com.tr\/vizyonumuz\/\"]}]},{\"@type\":\"BreadcrumbList\",\"@id\":\"https:\/\/ravon.com.tr\/vizyonumuz\/#breadcrumb\",\"itemListElement\":[{\"@type\":\"ListItem\",\"position\":1,\"name\":\"Anasayfa\",\"item\":\"https:\/\/ravon.com.tr\/\"},{\"@type\":\"ListItem\",\"position\":2,\"name\":\"Vizyonumuz\"}]},{\"@type\":\"WebSite\",\"@id\":\"https:\/\/ravon.com.tr\/#website\",\"url\":\"https:\/\/ravon.com.tr\/\",\"name\":\"Ravon Enerji ve Data Transfer Sistemleri\",\"description\":\"Ravon Enerji ve Data Transfer Sistemleri\",\"publisher\":{\"@id\":\"https:\/\/ravon.com.tr\/#organization\"},\"potentialAction\":[{\"@type\":\"SearchAction\",\"target\":{\"@type\":\"EntryPoint\",\"urlTemplate\":\"https:\/\/ravon.com.tr\/?s={search_term_string}\"},\"query-input\":{\"@type\":\"PropertyValueSpecification\",\"valueRequired\":true,\"valueName\":\"search_term_string\"}}],\"inLanguage\":\"en-US\"},{\"@type\":\"Organization\",\"@id\":\"https:\/\/ravon.com.tr\/#organization\",\"name\":\"Ravon Enerji ve Data Transfer Sistemleri\",\"url\":\"https:\/\/ravon.com.tr\/\",\"logo\":{\"@type\":\"ImageObject\",\"inLanguage\":\"en-US\",\"@id\":\"https:\/\/ravon.com.tr\/#\/schema\/logo\/image\/\",\"url\":\"https:\/\/ravon.com.tr\/wp-content\/uploads\/2023\/08\/tinywow_ravon-logo__2__30279301_1-removebg-preview1.png\",\"contentUrl\":\"https:\/\/ravon.com.tr\/wp-content\/uploads\/2023\/08\/tinywow_ravon-logo__2__30279301_1-removebg-preview1.png\",\"width\":745,\"height\":335,\"caption\":\"Ravon Enerji ve Data Transfer Sistemleri\"},\"image\":{\"@id\":\"https:\/\/ravon.com.tr\/#\/schema\/logo\/image\/\"},\"sameAs\":[\"https:\/\/www.facebook.com\/ravonfestoon\",\"https:\/\/x.com\/ravonfestoon\",\"https:\/\/www.instagram.com\/ravon_festoon\/\"]}]}<\/script>\n<!-- \/ Yoast SEO Premium plugin. -->","yoast_head_json":{"title":"Vizyonumuz - Ravon Enerji ve Data Transfer Sistemleri","robots":{"index":"index","follow":"follow","max-snippet":"max-snippet:-1","max-image-preview":"max-image-preview:large","max-video-preview":"max-video-preview:-1"},"canonical":"https:\/\/ravon.com.tr\/en\/vizyonumuz\/","og_locale":"en_US","og_type":"article","og_title":"Vizyonumuz","og_description":"\u00c7elik G\u00f6vde Kablo Arabas\u0131 Plastik Saddle3028 Serisi C Profil\u00a0 Kablo Ta\u015f\u0131ma Arabas\u0131\u00a0 Genellikle vin\u00e7 sistemlerinde kullan\u0131lan bu araba maksimum 12kg ta\u015f\u0131ma kapasitesine sahip olup kendi a\u011f\u0131rl\u0131\u011f\u0131 0,25kg'd\u0131r. Bu kablo ta\u015f\u0131ma arabas\u0131nda 4 adet 608 ZZ rulman kullan\u0131lmaktad\u0131r. Rulmanlar\u0131n kullan\u0131ld\u0131\u011f\u0131 g\u00f6vde \u00e7elik olup kablo ta\u015f\u0131m\u0131n\u0131 sa\u011flayan saddle k\u0131sm\u0131 poliamid'dir. Genellikle vin\u00e7 sistemlerinde kullan\u0131lan bu araba maksimum 12kg ta\u015f\u0131ma kapasitesine sahip olup kendi a\u011f\u0131rl\u0131\u011f\u0131 0,25kg'd\u0131r. Bu kablo ta\u015f\u0131ma arabas\u0131nda 4 adet 608 ZZ rulman kullan\u0131lmaktad\u0131r. Rulmanlar\u0131n kullan\u0131ld\u0131\u011f\u0131 g\u00f6vde \u00e7elik olup kablo ta\u015f\u0131m\u0131n\u0131 sa\u011flayan saddle k\u0131sm\u0131 poliamid'dir.TEKN\u0130K \u00c7\u0130Z\u0130MTEKN\u0130K DETAYLARBOYUTLANDIRMA \/ mm","og_url":"https:\/\/ravon.com.tr\/en\/vizyonumuz\/","og_site_name":"Ravon Enerji ve Data Transfer Sistemleri","article_publisher":"https:\/\/www.facebook.com\/ravonfestoon","article_modified_time":"2024-08-24T10:09:14+00:00","twitter_card":"summary_large_image","twitter_site":"@ravonfestoon","twitter_misc":{"Est. reading time":"4 minutes"},"schema":{"@context":"https:\/\/schema.org","@graph":[{"@type":"WebPage","@id":"https:\/\/ravon.com.tr\/vizyonumuz\/","url":"https:\/\/ravon.com.tr\/vizyonumuz\/","name":"Vizyonumuz - Ravon Enerji ve Data Transfer Sistemleri","isPartOf":{"@id":"https:\/\/ravon.com.tr\/#website"},"datePublished":"2019-11-23T14:42:59+00:00","dateModified":"2024-08-24T10:09:14+00:00","breadcrumb":{"@id":"https:\/\/ravon.com.tr\/vizyonumuz\/#breadcrumb"},"inLanguage":"en-US","potentialAction":[{"@type":"ReadAction","target":["https:\/\/ravon.com.tr\/vizyonumuz\/"]}]},{"@type":"BreadcrumbList","@id":"https:\/\/ravon.com.tr\/vizyonumuz\/#breadcrumb","itemListElement":[{"@type":"ListItem","position":1,"name":"Anasayfa","item":"https:\/\/ravon.com.tr\/"},{"@type":"ListItem","position":2,"name":"Vizyonumuz"}]},{"@type":"WebSite","@id":"https:\/\/ravon.com.tr\/#website","url":"https:\/\/ravon.com.tr\/","name":"Ravon Enerji ve Data Transfer Sistemleri","description":"Ravon Enerji ve Data Transfer Sistemleri","publisher":{"@id":"https:\/\/ravon.com.tr\/#organization"},"potentialAction":[{"@type":"SearchAction","target":{"@type":"EntryPoint","urlTemplate":"https:\/\/ravon.com.tr\/?s={search_term_string}"},"query-input":{"@type":"PropertyValueSpecification","valueRequired":true,"valueName":"search_term_string"}}],"inLanguage":"en-US"},{"@type":"Organization","@id":"https:\/\/ravon.com.tr\/#organization","name":"Ravon Enerji ve Data Transfer Sistemleri","url":"https:\/\/ravon.com.tr\/","logo":{"@type":"ImageObject","inLanguage":"en-US","@id":"https:\/\/ravon.com.tr\/#\/schema\/logo\/image\/","url":"https:\/\/ravon.com.tr\/wp-content\/uploads\/2023\/08\/tinywow_ravon-logo__2__30279301_1-removebg-preview1.png","contentUrl":"https:\/\/ravon.com.tr\/wp-content\/uploads\/2023\/08\/tinywow_ravon-logo__2__30279301_1-removebg-preview1.png","width":745,"height":335,"caption":"Ravon Enerji ve Data Transfer Sistemleri"},"image":{"@id":"https:\/\/ravon.com.tr\/#\/schema\/logo\/image\/"},"sameAs":["https:\/\/www.facebook.com\/ravonfestoon","https:\/\/x.com\/ravonfestoon","https:\/\/www.instagram.com\/ravon_festoon\/"]}]}},"_links":{"self":[{"href":"https:\/\/ravon.com.tr\/en\/wp-json\/wp\/v2\/pages\/7828","targetHints":{"allow":["GET"]}}],"collection":[{"href":"https:\/\/ravon.com.tr\/en\/wp-json\/wp\/v2\/pages"}],"about":[{"href":"https:\/\/ravon.com.tr\/en\/wp-json\/wp\/v2\/types\/page"}],"author":[{"embeddable":true,"href":"https:\/\/ravon.com.tr\/en\/wp-json\/wp\/v2\/users\/6"}],"replies":[{"embeddable":true,"href":"https:\/\/ravon.com.tr\/en\/wp-json\/wp\/v2\/comments?post=7828"}],"version-history":[{"count":0,"href":"https:\/\/ravon.com.tr\/en\/wp-json\/wp\/v2\/pages\/7828\/revisions"}],"wp:attachment":[{"href":"https:\/\/ravon.com.tr\/en\/wp-json\/wp\/v2\/media?parent=7828"}],"curies":[{"name":"wp","href":"https:\/\/api.w.org\/{rel}","templated":true}]}}