{"id":7844,"date":"2019-11-23T19:07:32","date_gmt":"2019-11-23T16:07:32","guid":{"rendered":"https:\/\/ravonfestoon.com\/?page_id=7844"},"modified":"2024-08-24T13:10:22","modified_gmt":"2024-08-24T10:10:22","slug":"misyonumuz","status":"publish","type":"page","link":"https:\/\/ravon.com.tr\/en\/misyonumuz\/","title":{"rendered":"Mission"},"content":{"rendered":"<p>[et_pb_section fb_built=&#8221;1&#8243; admin_label=&#8221;section&#8221; _builder_version=&#8221;4.22.1&#8243; custom_margin=&#8221;0px||||false|false&#8221; custom_padding=&#8221;0px||0px||false|false&#8221; box_shadow_style=&#8221;preset6&#8243; global_colors_info=&#8221;{}&#8221;][et_pb_row _builder_version=&#8221;4.16&#8243; _module_preset=&#8221;default&#8221; global_colors_info=&#8221;{}&#8221;][et_pb_column type=&#8221;4_4&#8243; _builder_version=&#8221;4.16&#8243; _module_preset=&#8221;default&#8221; global_colors_info=&#8221;{}&#8221;][et_pb_post_title meta=&#8221;off&#8221; _builder_version=&#8221;4.27.0&#8243; _module_preset=&#8221;default&#8221; title_font=&#8221;|700|||||||&#8221; title_text_color=&#8221;#DDC03F&#8221; title_font_size=&#8221;3em&#8221; custom_margin=&#8221;||0px||false|false&#8221; custom_padding=&#8221;||0px||false|false&#8221; hover_enabled=&#8221;0&#8243; global_colors_info=&#8221;{}&#8221; sticky_enabled=&#8221;0&#8243;][\/et_pb_post_title][dsm_breadcrumbs _builder_version=&#8221;4.27.0&#8243; _module_preset=&#8221;default&#8221; custom_margin=&#8221;0px||0px||false|false&#8221; custom_padding=&#8221;0px||0px||false|false&#8221; hover_enabled=&#8221;0&#8243; global_colors_info=&#8221;{}&#8221; items_text_color=&#8221;#DDC03F&#8221; sticky_enabled=&#8221;0&#8243;][\/dsm_breadcrumbs][\/et_pb_column][\/et_pb_row][\/et_pb_section][et_pb_section fb_built=&#8221;1&#8243; admin_label=&#8221;section&#8221; _builder_version=&#8221;4.22.1&#8243; custom_margin=&#8221;||||false|false&#8221; custom_padding=&#8221;0px||21px||false|false&#8221; box_shadow_style=&#8221;preset3&#8243; global_colors_info=&#8221;{}&#8221;][et_pb_row column_structure=&#8221;2_5,3_5&#8243; use_custom_gutter=&#8221;on&#8221; gutter_width=&#8221;1&#8243; make_equal=&#8221;on&#8221; _builder_version=&#8221;4.22.1&#8243; _module_preset=&#8221;default&#8221; width=&#8221;100%&#8221; max_width=&#8221;100%&#8221; custom_margin=&#8221;0px||||false|false&#8221; custom_padding=&#8221;0px||||false|false&#8221; locked=&#8221;off&#8221; global_colors_info=&#8221;{}&#8221;][et_pb_column type=&#8221;2_5&#8243; _builder_version=&#8221;4.22.1&#8243; _module_preset=&#8221;default&#8221; use_background_color_gradient=&#8221;on&#8221; background_color_gradient_type=&#8221;circular&#8221; background_color_gradient_direction_radial=&#8221;bottom right&#8221; background_color_gradient_stops=&#8221;#fcb040 0%|#58585a 54%&#8221; custom_padding=&#8221;||||false|false&#8221; global_colors_info=&#8221;{}&#8221;][et_pb_text _builder_version=&#8221;4.22.1&#8243; _module_preset=&#8221;default&#8221; text_font=&#8221;|600|||||||&#8221; text_text_color=&#8221;#FFFFFF&#8221; text_font_size=&#8221;1.4em&#8221; text_line_height=&#8221;0.7em&#8221; header_2_font=&#8221;|700|||||||&#8221; header_2_text_color=&#8221;#FFFFFF&#8221; header_2_font_size=&#8221;1.9em&#8221; header_2_line_height=&#8221;2em&#8221; custom_margin=&#8221;6em|1em|6em|1em|true|true&#8221; custom_margin_tablet=&#8221;2em|2em|2em|2em|true|true&#8221; custom_margin_phone=&#8221;|1em||1em|true|true&#8221; custom_margin_last_edited=&#8221;on|phone&#8221; header_2_font_size_tablet=&#8221;2.2em&#8221; header_2_font_size_phone=&#8221;2.2em&#8221; header_2_font_size_last_edited=&#8221;on|desktop&#8221; header_2_letter_spacing_tablet=&#8221;&#8221; header_2_letter_spacing_phone=&#8221;&#8221; header_2_letter_spacing_last_edited=&#8221;on|desktop&#8221; header_2_line_height_tablet=&#8221;0.9em&#8221; header_2_line_height_phone=&#8221;1.1em&#8221; header_2_line_height_last_edited=&#8221;on|tablet&#8221; global_colors_info=&#8221;{}&#8221;]<\/p>\n<h2 style=\"text-align: center;\">Ravon Electrification Systems<\/h2>\n<p style=\"text-align: center;\">\u00a0<\/p>\n<p style=\"text-align: center;\">High Quality<\/p>\n<p style=\"text-align: center;\">100% Customer Satisfaction<\/p>\n<p>[\/et_pb_text][\/et_pb_column][et_pb_column type=&#8221;3_5&#8243; _builder_version=&#8221;4.22.1&#8243; _module_preset=&#8221;default&#8221; background_image=&#8221;https:\/\/ravon.com.tr\/wp-content\/uploads\/2022\/08\/festoon-systems-about.png&#8221; background_position=&#8221;bottom_right&#8221; global_colors_info=&#8221;{}&#8221;][et_pb_text _builder_version=&#8221;4.22.1&#8243; _module_preset=&#8221;default&#8221; text_font=&#8221;|600|||||||&#8221; text_text_color=&#8221;#FFFFFF&#8221; text_font_size=&#8221;1.4em&#8221; text_line_height=&#8221;0.7em&#8221; header_2_font=&#8221;|700|||||||&#8221; header_2_text_color=&#8221;#FFFFFF&#8221; header_2_font_size=&#8221;2.5em&#8221; header_2_line_height=&#8221;2em&#8221; custom_margin=&#8221;6em|10em|6em|10em|true|true&#8221; header_2_letter_spacing_tablet=&#8221;&#8221; header_2_letter_spacing_phone=&#8221;&#8221; header_2_letter_spacing_last_edited=&#8221;on|desktop&#8221; global_colors_info=&#8221;{}&#8221;]<\/p>\n<p>&nbsp;<\/p>\n<p>&nbsp;<\/p>\n<p>&nbsp;<\/p>\n<p>&nbsp;<\/p>\n<p>&nbsp;<\/p>\n<p>[\/et_pb_text][\/et_pb_column][\/et_pb_row][et_pb_row admin_label=&#8221;row&#8221; _builder_version=&#8221;4.16&#8243; background_size=&#8221;initial&#8221; background_position=&#8221;top_left&#8221; background_repeat=&#8221;repeat&#8221; global_colors_info=&#8221;{}&#8221;][et_pb_column type=&#8221;4_4&#8243; _builder_version=&#8221;4.16&#8243; custom_padding=&#8221;|||&#8221; global_colors_info=&#8221;{}&#8221; custom_padding__hover=&#8221;|||&#8221;][et_pb_text admin_label=&#8221;Text&#8221; _builder_version=&#8221;4.22.1&#8243; text_text_color=&#8221;#58585A&#8221; text_font_size=&#8221;1.1em&#8221; text_line_height=&#8221;2em&#8221; header_3_font=&#8221;|800|||||||&#8221; header_3_text_align=&#8221;center&#8221; header_3_text_color=&#8221;#FCB040&#8243; header_3_font_size=&#8221;2em&#8221; header_5_font=&#8221;|700|||||||&#8221; header_5_text_align=&#8221;justify&#8221; header_5_text_color=&#8221;#58585A&#8221; header_5_font_size=&#8221;1.5em&#8221; header_5_line_height=&#8221;1.3em&#8221; background_size=&#8221;initial&#8221; background_position=&#8221;top_left&#8221; background_repeat=&#8221;repeat&#8221; text_orientation=&#8221;justified&#8221; custom_padding=&#8221;||0px|||&#8221; global_colors_info=&#8221;{}&#8221;]<\/p>\n<p>As Ravon, our mission is to maximize customer satisfaction by providing reliable and high-quality festoon systems and crane equipment in industrial sectors. With our innovative solutions and expert team, we focus on developing effective and sustainable solutions for all types of industrial applications.<\/p>\n<p>Understanding the needs of our customers and providing them with customized solutions is at the core of our business. We aim to achieve the highest standards in the sector by continuously improving the quality and reliability of our products.<\/p>\n<p>Additionally, we strive to establish long-term business partnerships by maintaining our leadership in the sector through our R&amp;D investments and technological innovations.<\/p>\n<p>By adopting a responsible approach, we endeavor to minimize our environmental and social impacts. In line with our values of quality, reliability, and customer focus, we work diligently to provide the best service in our sector.<\/p>\n<p>[\/et_pb_text][\/et_pb_column][\/et_pb_row][\/et_pb_section]<\/p>","protected":false},"excerpt":{"rendered":"<p><div class=\"et_pb_module dsm_breadcrumbs dsm_breadcrumbs_0\">\n\t\t\t\t\n\t\t\t\t\n\t\t\t\t\n\t\t\t\t\n\t\t\t\t\n\t\t\t\t\n\t\t\t\t<div class=\"et_pb_module_inner\">\n\t\t\t\t\t<nav class=\"dsm_breadcrumbs_wrap\" role=\"navigation\" itemscope=\"\" itemtype=\"http:\/\/schema.org\/SiteNavigationElement\">\n\t\t\t\t<ul class=\"dsm_breadcrumbs\">\t\t\t<li class='dsm_breadcrumbs_item dsm_home_item dsm_home_item_custom'>\n\t\t\t\t<a href=\"https:\/\/ravon.com.tr\/en\" itemprop=\"url\" target=\"\">\n\t\t\t\t\t<span class='dsm_home_text_wrapper'>\n\t\t\t\t\t\t\t\t\t\t\t\t\t<span class=\"et-pb-icon dsm_home_icon\">\ue009<\/span>\n\t\t\t\t\t\t\t\t\t\t\t\t\t<span class=\"dsm_home_text\" itemprop=\"name\">\n\t\t\t\t\t\t\t\tHome\t\t\t\t\t\t\t<\/span>\n\t\t\t\t\t<\/span>\n\t\t\t\t<\/a>\n\t\t\t<\/li>\n\n\t\t<li class=\"dsm_breadcrumbs_separator\"> <span class=\"et-pb-icon dsm_separator_icon\">5<\/span><\/li><\/ul>\n\t\t\t<\/nav>\n\t\t\t\t<\/div>\n\t\t\t<\/div>Ravon Electrification Systems \u00a0 Y\u00fcksek Kalite %100 M\u00fc\u015fteri Memnuniyeti&nbsp; &nbsp; &nbsp; &nbsp; &nbsp;Ravon olarak misyonumuz, g\u00fcvenilir ve kaliteli festoon sistemleri ve vin\u00e7 ekipmanlar\u0131m\u0131z ile m\u00fc\u015fteri memnuniyetini en \u00fcst d\u00fczeye \u00e7\u0131karmakt\u0131r. Uzman ekibimiz ve yenilik\u00e7i \u00e7\u00f6z\u00fcmlerimizle her t\u00fcrl\u00fc end\u00fcstriyel uygulamaya y\u00f6nelik etkin ve s\u00fcrd\u00fcr\u00fclebilir \u00e7\u00f6z\u00fcmler geli\u015ftirmeye odaklan\u0131yoruz. M\u00fc\u015fterilerimizin ihtiya\u00e7lar\u0131n\u0131 anlamak ve onlara \u00f6zel \u00e7\u00f6z\u00fcmler sunmak i\u015fimizin temelini olu\u015fturuyor. \u00dcr\u00fcnlerimizin kalitesini ve g\u00fcvenilirli\u011fini s\u00fcrekli geli\u015ftirerek sekt\u00f6rdeki en y\u00fcksek standartlara ula\u015fmay\u0131 hedefliyoruz. Ayr\u0131ca Ar-Ge yat\u0131r\u0131mlar\u0131m\u0131z ve teknolojik yeniliklerle sekt\u00f6rdeki liderli\u011fimizi koruyarak uzun vadeli i\u015f ortakl\u0131klar\u0131 kurmaya \u00e7al\u0131\u015f\u0131yoruz. Sorumlu bir yakla\u015f\u0131m benimseyerek \u00e7evresel ve sosyal etkilerimizi en aza indirmeye \u00e7al\u0131\u015f\u0131yoruz. Kalite, g\u00fcvenilirlik ve m\u00fc\u015fteri odakl\u0131l\u0131k de\u011ferlerimiz do\u011frultusunda sekt\u00f6r\u00fcm\u00fczde en iyi hizmeti sunmaya devam ediyoruz. Ravon, her projede m\u00fckemmelli\u011fi \u00f6n planda tutarak m\u00fc\u015fterilerimize de\u011fer katmay\u0131 ve g\u00fcvenilir bir \u00e7\u00f6z\u00fcm orta\u011f\u0131 olmay\u0131 ama\u00e7layan, yaln\u0131zca iyi de\u011fil en iyi olmaya odaklanm\u0131\u015f bir kurulu\u015ftur.<\/p>","protected":false},"author":6,"featured_media":0,"parent":0,"menu_order":0,"comment_status":"closed","ping_status":"closed","template":"","meta":{"_acf_changed":false,"_et_pb_use_builder":"on","_et_pb_old_content":"\u201dRavon Elektrifikasyon Sistemleri\u201c, \"m\u00fc\u015fterilerine d\u00fcnya standartlar\u0131na uygun y\u00fcksek kaliteli \u00fcr\u00fcn ve \u00e7\u00f6z\u00fcmler sunmak\" ilkesiyle kurulmu\u015ftur.\r\n\r\nD\u00fcnya standartlar\u0131nda bir marka olma yolunda h\u0131zla ilerleyen, ihracat\u0131 ve \u00e7arp\u0131c\u0131 sat\u0131\u015flar\u0131yla dikkat \u00e7eken firmam\u0131z, misyon de\u011ferleri ile her zaman kendini yenilemekte ve \u00f6z kontrol\u00fcn\u00fc sa\u011flamaktad\u0131r. Bu ba\u011flamda misyonumuzu \u015fu \u015fekilde ele alabiliriz;\r\n<ul>\r\n \t<li>Verilen i\u015f ve hizmetler s\u0131ras\u0131nda daima g\u00fcler y\u00fczl\u00fc ve samimi olmak, m\u00fc\u015fterilerle ikili ili\u015fkileri d\u00fcr\u00fcstl\u00fck ve kar\u015f\u0131l\u0131kl\u0131 g\u00fcven \u00e7er\u00e7evesinde ele almak.<\/li>\r\n \t<li>Her t\u00fcrl\u00fc i\u015f ve i\u015flem s\u0131ras\u0131nda \u00e7evreci yakla\u015f\u0131mlarla tepki g\u00f6stermek, bu anlamda duyarl\u0131 davranmak, \u00e7evre bilincine sahip olmak ve bu ba\u011flamda gerekli hamleleri yapmak.<\/li>\r\n \t<li>Y\u00f6neticilerden \u00e7al\u0131\u015fanlara kadar herkesin \u015firket i\u00e7i e\u011fitimler d\u00fczenleyerek gerekli e\u011fitimi almas\u0131n\u0131 sa\u011flamak ve daha i\u015flevsel bir yap\u0131 benimsemek i\u00e7in bu e\u011fitimi s\u00fcrekli k\u0131lmak.<\/li>\r\n \t<li>Ani geli\u015fen ihtiya\u00e7larda veya ihtiya\u00e7lar ortaya \u00e7\u0131kt\u0131\u011f\u0131nda \u00e7evik davranarak m\u00fc\u015fteri taleplerine cevap vermek, \u00e7\u00f6z\u00fcm \u00f6nerileri ile m\u00fc\u015fteri memnuniyetini sa\u011flamak ve m\u00fc\u015fterilere zaman kazand\u0131rmak.<\/li>\r\n \t<li>Etkin ve verimli hamlelerle hem sat\u0131\u015fta hem de teknik destekte pratik \u00e7\u00f6z\u00fcmler sunabilmek.<\/li>\r\n \t<li>M\u00fc\u015fterilerimize y\u00fcksek kalite ve g\u00fcvenli\u011fe sahip \u00fcr\u00fcnler ve geli\u015ftirmeler yoluyla en iyi deneyimi sunmak, i\u015fbirlik\u00e7ilerimizin geli\u015fimini ve b\u00fcy\u00fcmesini te\u015fvik etmek i\u00e7in var\u0131z.<\/li>\r\n \t<li>Her zaman var olan ba\u015far\u0131 ve liderlik yollar\u0131n\u0131 izleyerek, s\u00fcre\u00e7leri i\u00e7te ve d\u0131\u015fta optimize ederek her ge\u00e7en g\u00fcn geli\u015ftirdi\u011fimiz birinci d\u00fcnya y\u00f6netim sistemlerine sahibiz. Festoon sistemleri d\u00fcnyas\u0131nda lider olma potansiyeli bizim i\u00e7in bir ger\u00e7ektir, bu nedenle personelimizin geli\u015fimine, m\u00fc\u015fteri hizmetlerine ve vin\u00e7 \u015firketleri veya di\u011fer kurulu\u015flarla \u00f6zel veya kamu projelerine kat\u0131lmak i\u00e7in stratejik ittifaklara b\u00fcy\u00fck \u00f6nem veriyoruz, ayr\u0131ca toplumun genel b\u00fcy\u00fcmesine yard\u0131mc\u0131 oluyoruz.<\/li>\r\n \t<li>M\u00fc\u015fterinin ve kullan\u0131c\u0131lar\u0131n en iyisine sahip olmas\u0131n\u0131 sa\u011flayan en iyi kalitede \u00fcr\u00fcn ve hizmetler sunmak.<\/li>\r\n \t<li>M\u00fc\u015fterilerimizin memnuniyetini art\u0131rmak.<\/li>\r\n \t<li>Ravon; \u00fcretim s\u00fcreci boyunca Ar-Ge'nin son ke\u015fiflerine dayanarak \u00fcr\u00fcn yelpazesini s\u00fcrekli olarak art\u0131rmaktad\u0131r.<\/li>\r\n \t<li>Ayr\u0131ca Ravon; faaliyetlerimizi desteklemek i\u00e7in yenilik\u00e7i g\u00fc\u00e7 ve ustal\u0131kla e\u011fitilmi\u015f personel sa\u011flar.<\/li>\r\n<\/ul>\r\nM\u00fc\u015fterilerimizin kalite ve hizmet gereksinimlerini s\u00fcrekli a\u015fmak ve pazar pay\u0131m\u0131z\u0131 art\u0131rmak.","_et_gb_content_width":"","footnotes":""},"class_list":["post-7844","page","type-page","status-publish","hentry"],"acf":[],"yoast_head":"<!-- This site is optimized with the Yoast SEO Premium plugin v20.13 (Yoast SEO v25.7) - https:\/\/yoast.com\/wordpress\/plugins\/seo\/ -->\n<title>Misyonumuz - Ravon Enerji ve Data Transfer Sistemleri<\/title>\n<meta name=\"robots\" content=\"index, follow, max-snippet:-1, max-image-preview:large, max-video-preview:-1\" \/>\n<link rel=\"canonical\" href=\"https:\/\/ravon.com.tr\/en\/misyonumuz\/\" \/>\n<meta property=\"og:locale\" content=\"en_US\" \/>\n<meta property=\"og:type\" content=\"article\" \/>\n<meta property=\"og:title\" content=\"Misyonumuz\" \/>\n<meta property=\"og:description\" content=\"\u00c7elik G\u00f6vde Kablo Arabas\u0131 Plastik Saddle3028 Serisi C Profil\u00a0 Kablo Ta\u015f\u0131ma Arabas\u0131\u00a0 Genellikle vin\u00e7 sistemlerinde kullan\u0131lan bu araba maksimum 12kg ta\u015f\u0131ma kapasitesine sahip olup kendi a\u011f\u0131rl\u0131\u011f\u0131 0,25kg&#039;d\u0131r. Bu kablo ta\u015f\u0131ma arabas\u0131nda 4 adet 608 ZZ rulman kullan\u0131lmaktad\u0131r. Rulmanlar\u0131n kullan\u0131ld\u0131\u011f\u0131 g\u00f6vde \u00e7elik olup kablo ta\u015f\u0131m\u0131n\u0131 sa\u011flayan saddle k\u0131sm\u0131 poliamid&#039;dir. Genellikle vin\u00e7 sistemlerinde kullan\u0131lan bu araba maksimum 12kg ta\u015f\u0131ma kapasitesine sahip olup kendi a\u011f\u0131rl\u0131\u011f\u0131 0,25kg&#039;d\u0131r. Bu kablo ta\u015f\u0131ma arabas\u0131nda 4 adet 608 ZZ rulman kullan\u0131lmaktad\u0131r. Rulmanlar\u0131n kullan\u0131ld\u0131\u011f\u0131 g\u00f6vde \u00e7elik olup kablo ta\u015f\u0131m\u0131n\u0131 sa\u011flayan saddle k\u0131sm\u0131 poliamid&#039;dir.TEKN\u0130K \u00c7\u0130Z\u0130MTEKN\u0130K DETAYLARBOYUTLANDIRMA \/ mm\" \/>\n<meta property=\"og:url\" content=\"https:\/\/ravon.com.tr\/en\/misyonumuz\/\" \/>\n<meta property=\"og:site_name\" content=\"Ravon Enerji ve Data Transfer Sistemleri\" \/>\n<meta property=\"article:publisher\" content=\"https:\/\/www.facebook.com\/ravonfestoon\" \/>\n<meta property=\"article:modified_time\" content=\"2024-08-24T10:10:22+00:00\" \/>\n<meta name=\"twitter:card\" content=\"summary_large_image\" \/>\n<meta name=\"twitter:site\" content=\"@ravonfestoon\" \/>\n<meta name=\"twitter:label1\" content=\"Est. reading time\" \/>\n\t<meta name=\"twitter:data1\" content=\"3 minutes\" \/>\n<script type=\"application\/ld+json\" class=\"yoast-schema-graph\">{\"@context\":\"https:\/\/schema.org\",\"@graph\":[{\"@type\":\"WebPage\",\"@id\":\"https:\/\/ravon.com.tr\/misyonumuz\/\",\"url\":\"https:\/\/ravon.com.tr\/misyonumuz\/\",\"name\":\"Misyonumuz - Ravon Enerji ve Data Transfer Sistemleri\",\"isPartOf\":{\"@id\":\"https:\/\/ravon.com.tr\/#website\"},\"datePublished\":\"2019-11-23T16:07:32+00:00\",\"dateModified\":\"2024-08-24T10:10:22+00:00\",\"breadcrumb\":{\"@id\":\"https:\/\/ravon.com.tr\/misyonumuz\/#breadcrumb\"},\"inLanguage\":\"en-US\",\"potentialAction\":[{\"@type\":\"ReadAction\",\"target\":[\"https:\/\/ravon.com.tr\/misyonumuz\/\"]}]},{\"@type\":\"BreadcrumbList\",\"@id\":\"https:\/\/ravon.com.tr\/misyonumuz\/#breadcrumb\",\"itemListElement\":[{\"@type\":\"ListItem\",\"position\":1,\"name\":\"Anasayfa\",\"item\":\"https:\/\/ravon.com.tr\/\"},{\"@type\":\"ListItem\",\"position\":2,\"name\":\"Misyonumuz\"}]},{\"@type\":\"WebSite\",\"@id\":\"https:\/\/ravon.com.tr\/#website\",\"url\":\"https:\/\/ravon.com.tr\/\",\"name\":\"Ravon Enerji ve Data Transfer Sistemleri\",\"description\":\"Ravon Enerji ve Data Transfer Sistemleri\",\"publisher\":{\"@id\":\"https:\/\/ravon.com.tr\/#organization\"},\"potentialAction\":[{\"@type\":\"SearchAction\",\"target\":{\"@type\":\"EntryPoint\",\"urlTemplate\":\"https:\/\/ravon.com.tr\/?s={search_term_string}\"},\"query-input\":{\"@type\":\"PropertyValueSpecification\",\"valueRequired\":true,\"valueName\":\"search_term_string\"}}],\"inLanguage\":\"en-US\"},{\"@type\":\"Organization\",\"@id\":\"https:\/\/ravon.com.tr\/#organization\",\"name\":\"Ravon Enerji ve Data Transfer Sistemleri\",\"url\":\"https:\/\/ravon.com.tr\/\",\"logo\":{\"@type\":\"ImageObject\",\"inLanguage\":\"en-US\",\"@id\":\"https:\/\/ravon.com.tr\/#\/schema\/logo\/image\/\",\"url\":\"https:\/\/ravon.com.tr\/wp-content\/uploads\/2023\/08\/tinywow_ravon-logo__2__30279301_1-removebg-preview1.png\",\"contentUrl\":\"https:\/\/ravon.com.tr\/wp-content\/uploads\/2023\/08\/tinywow_ravon-logo__2__30279301_1-removebg-preview1.png\",\"width\":745,\"height\":335,\"caption\":\"Ravon Enerji ve Data Transfer Sistemleri\"},\"image\":{\"@id\":\"https:\/\/ravon.com.tr\/#\/schema\/logo\/image\/\"},\"sameAs\":[\"https:\/\/www.facebook.com\/ravonfestoon\",\"https:\/\/x.com\/ravonfestoon\",\"https:\/\/www.instagram.com\/ravon_festoon\/\"]}]}<\/script>\n<!-- \/ Yoast SEO Premium plugin. -->","yoast_head_json":{"title":"Misyonumuz - Ravon Enerji ve Data Transfer Sistemleri","robots":{"index":"index","follow":"follow","max-snippet":"max-snippet:-1","max-image-preview":"max-image-preview:large","max-video-preview":"max-video-preview:-1"},"canonical":"https:\/\/ravon.com.tr\/en\/misyonumuz\/","og_locale":"en_US","og_type":"article","og_title":"Misyonumuz","og_description":"\u00c7elik G\u00f6vde Kablo Arabas\u0131 Plastik Saddle3028 Serisi C Profil\u00a0 Kablo Ta\u015f\u0131ma Arabas\u0131\u00a0 Genellikle vin\u00e7 sistemlerinde kullan\u0131lan bu araba maksimum 12kg ta\u015f\u0131ma kapasitesine sahip olup kendi a\u011f\u0131rl\u0131\u011f\u0131 0,25kg'd\u0131r. Bu kablo ta\u015f\u0131ma arabas\u0131nda 4 adet 608 ZZ rulman kullan\u0131lmaktad\u0131r. Rulmanlar\u0131n kullan\u0131ld\u0131\u011f\u0131 g\u00f6vde \u00e7elik olup kablo ta\u015f\u0131m\u0131n\u0131 sa\u011flayan saddle k\u0131sm\u0131 poliamid'dir. Genellikle vin\u00e7 sistemlerinde kullan\u0131lan bu araba maksimum 12kg ta\u015f\u0131ma kapasitesine sahip olup kendi a\u011f\u0131rl\u0131\u011f\u0131 0,25kg'd\u0131r. Bu kablo ta\u015f\u0131ma arabas\u0131nda 4 adet 608 ZZ rulman kullan\u0131lmaktad\u0131r. Rulmanlar\u0131n kullan\u0131ld\u0131\u011f\u0131 g\u00f6vde \u00e7elik olup kablo ta\u015f\u0131m\u0131n\u0131 sa\u011flayan saddle k\u0131sm\u0131 poliamid'dir.TEKN\u0130K \u00c7\u0130Z\u0130MTEKN\u0130K DETAYLARBOYUTLANDIRMA \/ mm","og_url":"https:\/\/ravon.com.tr\/en\/misyonumuz\/","og_site_name":"Ravon Enerji ve Data Transfer Sistemleri","article_publisher":"https:\/\/www.facebook.com\/ravonfestoon","article_modified_time":"2024-08-24T10:10:22+00:00","twitter_card":"summary_large_image","twitter_site":"@ravonfestoon","twitter_misc":{"Est. reading time":"3 minutes"},"schema":{"@context":"https:\/\/schema.org","@graph":[{"@type":"WebPage","@id":"https:\/\/ravon.com.tr\/misyonumuz\/","url":"https:\/\/ravon.com.tr\/misyonumuz\/","name":"Misyonumuz - Ravon Enerji ve Data Transfer Sistemleri","isPartOf":{"@id":"https:\/\/ravon.com.tr\/#website"},"datePublished":"2019-11-23T16:07:32+00:00","dateModified":"2024-08-24T10:10:22+00:00","breadcrumb":{"@id":"https:\/\/ravon.com.tr\/misyonumuz\/#breadcrumb"},"inLanguage":"en-US","potentialAction":[{"@type":"ReadAction","target":["https:\/\/ravon.com.tr\/misyonumuz\/"]}]},{"@type":"BreadcrumbList","@id":"https:\/\/ravon.com.tr\/misyonumuz\/#breadcrumb","itemListElement":[{"@type":"ListItem","position":1,"name":"Anasayfa","item":"https:\/\/ravon.com.tr\/"},{"@type":"ListItem","position":2,"name":"Misyonumuz"}]},{"@type":"WebSite","@id":"https:\/\/ravon.com.tr\/#website","url":"https:\/\/ravon.com.tr\/","name":"Ravon Enerji ve Data Transfer Sistemleri","description":"Ravon Enerji ve Data Transfer Sistemleri","publisher":{"@id":"https:\/\/ravon.com.tr\/#organization"},"potentialAction":[{"@type":"SearchAction","target":{"@type":"EntryPoint","urlTemplate":"https:\/\/ravon.com.tr\/?s={search_term_string}"},"query-input":{"@type":"PropertyValueSpecification","valueRequired":true,"valueName":"search_term_string"}}],"inLanguage":"en-US"},{"@type":"Organization","@id":"https:\/\/ravon.com.tr\/#organization","name":"Ravon Enerji ve Data Transfer Sistemleri","url":"https:\/\/ravon.com.tr\/","logo":{"@type":"ImageObject","inLanguage":"en-US","@id":"https:\/\/ravon.com.tr\/#\/schema\/logo\/image\/","url":"https:\/\/ravon.com.tr\/wp-content\/uploads\/2023\/08\/tinywow_ravon-logo__2__30279301_1-removebg-preview1.png","contentUrl":"https:\/\/ravon.com.tr\/wp-content\/uploads\/2023\/08\/tinywow_ravon-logo__2__30279301_1-removebg-preview1.png","width":745,"height":335,"caption":"Ravon Enerji ve Data Transfer Sistemleri"},"image":{"@id":"https:\/\/ravon.com.tr\/#\/schema\/logo\/image\/"},"sameAs":["https:\/\/www.facebook.com\/ravonfestoon","https:\/\/x.com\/ravonfestoon","https:\/\/www.instagram.com\/ravon_festoon\/"]}]}},"_links":{"self":[{"href":"https:\/\/ravon.com.tr\/en\/wp-json\/wp\/v2\/pages\/7844","targetHints":{"allow":["GET"]}}],"collection":[{"href":"https:\/\/ravon.com.tr\/en\/wp-json\/wp\/v2\/pages"}],"about":[{"href":"https:\/\/ravon.com.tr\/en\/wp-json\/wp\/v2\/types\/page"}],"author":[{"embeddable":true,"href":"https:\/\/ravon.com.tr\/en\/wp-json\/wp\/v2\/users\/6"}],"replies":[{"embeddable":true,"href":"https:\/\/ravon.com.tr\/en\/wp-json\/wp\/v2\/comments?post=7844"}],"version-history":[{"count":0,"href":"https:\/\/ravon.com.tr\/en\/wp-json\/wp\/v2\/pages\/7844\/revisions"}],"wp:attachment":[{"href":"https:\/\/ravon.com.tr\/en\/wp-json\/wp\/v2\/media?parent=7844"}],"curies":[{"name":"wp","href":"https:\/\/api.w.org\/{rel}","templated":true}]}}