{"id":10612,"date":"2023-12-03T17:54:03","date_gmt":"2023-12-03T14:54:03","guid":{"rendered":"https:\/\/ravon.com.tr\/?post_type=product&#038;p=10612"},"modified":"2024-02-06T10:24:17","modified_gmt":"2024-02-06T07:24:17","slug":"reduktor","status":"publish","type":"product","link":"https:\/\/ravon.com.tr\/en\/product\/reduktor\/","title":{"rendered":"Reducer \/ Gearbox"},"content":{"rendered":"<p>Reducer \/ Gearbox<\/p>\n<p><a href=\"https:\/\/ravon.com.tr\/en\/\">Vin\u00e7 Transfer Sistemleri<\/a><\/p>\n<p>Red\u00fckt\u00f6r , bir vin\u00e7 sisteminin g\u00fcc\u00fcn\u00fc y\u00f6nlendiren bir bile\u015fendir. Elektrik motorunun y\u00fcksek h\u0131zl\u0131 d\u00f6n\u00fc\u015f\u00fcn\u00fc al\u0131r ve daha yava\u015f bir \u00e7\u0131k\u0131\u015f h\u0131z\u0131nda daha y\u00fcksek torka d\u00f6n\u00fc\u015ft\u00fcr\u00fcr. Bu, a\u011f\u0131r y\u00fckleri kald\u0131rmak ve ta\u015f\u0131mak i\u00e7in gerekli olan g\u00fcc\u00fc sa\u011flar.<\/p>\n<p>Red\u00fckt\u00f6rler, a\u011f\u0131r y\u00fckleri g\u00fcvenli bir \u015fekilde kald\u0131rmak ve ta\u015f\u0131mak i\u00e7in \u00f6nemli bir bile\u015fen olarak end\u00fcstriyel ve in\u015faat alanlar\u0131nda yayg\u0131n olarak kullan\u0131l\u0131r. Bu sistemlerin uygun \u015fekilde tasarlanmas\u0131, bak\u0131m\u0131 ve g\u00fcvence alt\u0131na al\u0131nmas\u0131, i\u015f g\u00fcvenli\u011fi ve verimlilik a\u00e7\u0131s\u0131ndan kritik bir rol oynar.<\/p>","protected":false},"excerpt":{"rendered":"<p>Red\u00fckt\u00f6r Vin\u00e7 Transfer Sistemleri Red\u00fckt\u00f6r , bir vin\u00e7 sisteminin g\u00fcc\u00fcn\u00fc y\u00f6nlendiren bir bile\u015fendir. Elektrik motorunun y\u00fcksek h\u0131zl\u0131 d\u00f6n\u00fc\u015f\u00fcn\u00fc al\u0131r ve daha yava\u015f bir \u00e7\u0131k\u0131\u015f h\u0131z\u0131nda daha y\u00fcksek torka d\u00f6n\u00fc\u015ft\u00fcr\u00fcr. Bu, a\u011f\u0131r y\u00fckleri kald\u0131rmak ve ta\u015f\u0131mak i\u00e7in gerekli olan g\u00fcc\u00fc sa\u011flar. Red\u00fckt\u00f6rler, a\u011f\u0131r y\u00fckleri g\u00fcvenli bir \u015fekilde kald\u0131rmak ve ta\u015f\u0131mak i\u00e7in \u00f6nemli bir bile\u015fen olarak end\u00fcstriyel [&hellip;]<\/p>","protected":false},"featured_media":12032,"template":"","meta":{"_acf_changed":false,"_et_pb_use_builder":"","_et_pb_old_content":"","_et_gb_content_width":""},"product_brand":[],"product_cat":[83],"product_tag":[543,546,544,547,635,640,636,537,638,637,527,639],"class_list":{"0":"post-10612","1":"product","2":"type-product","3":"status-publish","4":"has-post-thumbnail","6":"product_cat-reduktorler","7":"product_tag-acikbara","8":"product_tag-acik-bara","9":"product_tag-kapalibara","10":"product_tag-kapali-bara","11":"product_tag-reduktor","12":"product_tag-reduktorler","13":"product_tag-vinc-reduktor","14":"product_tag-vinc-transfer","15":"product_tag-vinc-transfer-sistemleri","16":"product_tag-vincreduktor","17":"product_tag-vinctransfer","18":"product_tag-vinctransfersistemleri","20":"first","21":"instock","22":"shipping-taxable","23":"product-type-simple"},"acf":[],"yoast_head":"<!-- This site is optimized with the Yoast SEO Premium plugin v20.13 (Yoast SEO v25.7) - https:\/\/yoast.com\/wordpress\/plugins\/seo\/ -->\n<title>Red\u00fckt\u00f6r www.ravon.com.tr Ravon Enerji ve Data Transfer Sistem<\/title>\n<meta name=\"description\" content=\"Red\u00fckt\u00f6r kablo tasima arabasi kablo arabasi kanca vinc kablo makarasi C profil I profil kanca blogu ravon halat celik halat kendir \u00f6zl\u00fc celik halat\" \/>\n<meta name=\"robots\" content=\"index, follow, max-snippet:-1, max-image-preview:large, max-video-preview:-1\" \/>\n<link rel=\"canonical\" href=\"https:\/\/ravon.com.tr\/en\/product\/reduktor\/\" \/>\n<meta property=\"og:locale\" content=\"en_US\" \/>\n<meta property=\"og:type\" content=\"article\" \/>\n<meta property=\"og:title\" content=\"Red\u00fckt\u00f6r\" \/>\n<meta property=\"og:description\" content=\"Red\u00fckt\u00f6r kablo tasima arabasi kablo arabasi kanca vinc kablo makarasi C profil I profil kanca blogu ravon halat celik halat kendir \u00f6zl\u00fc celik halat\" \/>\n<meta property=\"og:url\" content=\"https:\/\/ravon.com.tr\/en\/product\/reduktor\/\" \/>\n<meta property=\"og:site_name\" content=\"Ravon Enerji ve Data Transfer Sistemleri\" \/>\n<meta property=\"article:publisher\" content=\"https:\/\/www.facebook.com\/ravonfestoon\" \/>\n<meta property=\"article:modified_time\" content=\"2024-02-06T07:24:17+00:00\" \/>\n<meta property=\"og:image\" content=\"https:\/\/ravon.com.tr\/wp-content\/uploads\/2023\/12\/REDIKTOR.png\" \/>\n\t<meta property=\"og:image:width\" content=\"1290\" \/>\n\t<meta property=\"og:image:height\" content=\"1290\" \/>\n\t<meta property=\"og:image:type\" content=\"image\/png\" \/>\n<meta name=\"twitter:card\" content=\"summary_large_image\" \/>\n<meta name=\"twitter:site\" content=\"@ravonfestoon\" \/>\n<meta name=\"twitter:label1\" content=\"Est. reading time\" \/>\n\t<meta name=\"twitter:data1\" content=\"1 minute\" \/>\n<script type=\"application\/ld+json\" class=\"yoast-schema-graph\">{\"@context\":\"https:\/\/schema.org\",\"@graph\":[{\"@type\":\"WebPage\",\"@id\":\"https:\/\/ravon.com.tr\/product\/reduktor\/\",\"url\":\"https:\/\/ravon.com.tr\/product\/reduktor\/\",\"name\":\"Red\u00fckt\u00f6r www.ravon.com.tr Ravon Enerji ve Data Transfer Sistem\",\"isPartOf\":{\"@id\":\"https:\/\/ravon.com.tr\/#website\"},\"primaryImageOfPage\":{\"@id\":\"https:\/\/ravon.com.tr\/product\/reduktor\/#primaryimage\"},\"image\":{\"@id\":\"https:\/\/ravon.com.tr\/product\/reduktor\/#primaryimage\"},\"thumbnailUrl\":\"https:\/\/ravon.com.tr\/wp-content\/uploads\/2023\/12\/REDIKTOR.png\",\"datePublished\":\"2023-12-03T14:54:03+00:00\",\"dateModified\":\"2024-02-06T07:24:17+00:00\",\"description\":\"Red\u00fckt\u00f6r kablo tasima arabasi kablo arabasi kanca vinc kablo makarasi C profil I profil kanca blogu ravon halat celik halat kendir \u00f6zl\u00fc celik halat\",\"breadcrumb\":{\"@id\":\"https:\/\/ravon.com.tr\/product\/reduktor\/#breadcrumb\"},\"inLanguage\":\"en-US\",\"potentialAction\":[{\"@type\":\"ReadAction\",\"target\":[\"https:\/\/ravon.com.tr\/product\/reduktor\/\"]}]},{\"@type\":\"ImageObject\",\"inLanguage\":\"en-US\",\"@id\":\"https:\/\/ravon.com.tr\/product\/reduktor\/#primaryimage\",\"url\":\"https:\/\/ravon.com.tr\/wp-content\/uploads\/2023\/12\/REDIKTOR.png\",\"contentUrl\":\"https:\/\/ravon.com.tr\/wp-content\/uploads\/2023\/12\/REDIKTOR.png\",\"width\":1290,\"height\":1290},{\"@type\":\"BreadcrumbList\",\"@id\":\"https:\/\/ravon.com.tr\/product\/reduktor\/#breadcrumb\",\"itemListElement\":[{\"@type\":\"ListItem\",\"position\":1,\"name\":\"Anasayfa\",\"item\":\"https:\/\/ravon.com.tr\/\"},{\"@type\":\"ListItem\",\"position\":2,\"name\":\"\u00dcr\u00fcnler\",\"item\":\"https:\/\/ravon.com.tr\/shop\/\"},{\"@type\":\"ListItem\",\"position\":3,\"name\":\"Red\u00fckt\u00f6r\"}]},{\"@type\":\"WebSite\",\"@id\":\"https:\/\/ravon.com.tr\/#website\",\"url\":\"https:\/\/ravon.com.tr\/\",\"name\":\"Ravon Enerji ve Data Transfer Sistemleri\",\"description\":\"Ravon Enerji ve Data Transfer Sistemleri\",\"publisher\":{\"@id\":\"https:\/\/ravon.com.tr\/#organization\"},\"potentialAction\":[{\"@type\":\"SearchAction\",\"target\":{\"@type\":\"EntryPoint\",\"urlTemplate\":\"https:\/\/ravon.com.tr\/?s={search_term_string}\"},\"query-input\":{\"@type\":\"PropertyValueSpecification\",\"valueRequired\":true,\"valueName\":\"search_term_string\"}}],\"inLanguage\":\"en-US\"},{\"@type\":\"Organization\",\"@id\":\"https:\/\/ravon.com.tr\/#organization\",\"name\":\"Ravon Enerji ve Data Transfer Sistemleri\",\"url\":\"https:\/\/ravon.com.tr\/\",\"logo\":{\"@type\":\"ImageObject\",\"inLanguage\":\"en-US\",\"@id\":\"https:\/\/ravon.com.tr\/#\/schema\/logo\/image\/\",\"url\":\"https:\/\/ravon.com.tr\/wp-content\/uploads\/2023\/08\/tinywow_ravon-logo__2__30279301_1-removebg-preview1.png\",\"contentUrl\":\"https:\/\/ravon.com.tr\/wp-content\/uploads\/2023\/08\/tinywow_ravon-logo__2__30279301_1-removebg-preview1.png\",\"width\":745,\"height\":335,\"caption\":\"Ravon Enerji ve Data Transfer Sistemleri\"},\"image\":{\"@id\":\"https:\/\/ravon.com.tr\/#\/schema\/logo\/image\/\"},\"sameAs\":[\"https:\/\/www.facebook.com\/ravonfestoon\",\"https:\/\/x.com\/ravonfestoon\",\"https:\/\/www.instagram.com\/ravon_festoon\/\"]}]}<\/script>\n<!-- \/ Yoast SEO Premium plugin. -->","yoast_head_json":{"title":"Red\u00fckt\u00f6r www.ravon.com.tr Ravon Enerji ve Data Transfer Sistem","description":"Red\u00fckt\u00f6r kablo tasima arabasi kablo arabasi kanca vinc kablo makarasi C profil I profil kanca blogu ravon halat celik halat kendir \u00f6zl\u00fc celik halat","robots":{"index":"index","follow":"follow","max-snippet":"max-snippet:-1","max-image-preview":"max-image-preview:large","max-video-preview":"max-video-preview:-1"},"canonical":"https:\/\/ravon.com.tr\/en\/product\/reduktor\/","og_locale":"en_US","og_type":"article","og_title":"Red\u00fckt\u00f6r","og_description":"Red\u00fckt\u00f6r kablo tasima arabasi kablo arabasi kanca vinc kablo makarasi C profil I profil kanca blogu ravon halat celik halat kendir \u00f6zl\u00fc celik halat","og_url":"https:\/\/ravon.com.tr\/en\/product\/reduktor\/","og_site_name":"Ravon Enerji ve Data Transfer Sistemleri","article_publisher":"https:\/\/www.facebook.com\/ravonfestoon","article_modified_time":"2024-02-06T07:24:17+00:00","og_image":[{"width":1290,"height":1290,"url":"https:\/\/ravon.com.tr\/wp-content\/uploads\/2023\/12\/REDIKTOR.png","type":"image\/png"}],"twitter_card":"summary_large_image","twitter_site":"@ravonfestoon","twitter_misc":{"Est. reading time":"1 minute"},"schema":{"@context":"https:\/\/schema.org","@graph":[{"@type":"WebPage","@id":"https:\/\/ravon.com.tr\/product\/reduktor\/","url":"https:\/\/ravon.com.tr\/product\/reduktor\/","name":"Red\u00fckt\u00f6r www.ravon.com.tr Ravon Enerji ve Data Transfer Sistem","isPartOf":{"@id":"https:\/\/ravon.com.tr\/#website"},"primaryImageOfPage":{"@id":"https:\/\/ravon.com.tr\/product\/reduktor\/#primaryimage"},"image":{"@id":"https:\/\/ravon.com.tr\/product\/reduktor\/#primaryimage"},"thumbnailUrl":"https:\/\/ravon.com.tr\/wp-content\/uploads\/2023\/12\/REDIKTOR.png","datePublished":"2023-12-03T14:54:03+00:00","dateModified":"2024-02-06T07:24:17+00:00","description":"Red\u00fckt\u00f6r kablo tasima arabasi kablo arabasi kanca vinc kablo makarasi C profil I profil kanca blogu ravon halat celik halat kendir \u00f6zl\u00fc celik halat","breadcrumb":{"@id":"https:\/\/ravon.com.tr\/product\/reduktor\/#breadcrumb"},"inLanguage":"en-US","potentialAction":[{"@type":"ReadAction","target":["https:\/\/ravon.com.tr\/product\/reduktor\/"]}]},{"@type":"ImageObject","inLanguage":"en-US","@id":"https:\/\/ravon.com.tr\/product\/reduktor\/#primaryimage","url":"https:\/\/ravon.com.tr\/wp-content\/uploads\/2023\/12\/REDIKTOR.png","contentUrl":"https:\/\/ravon.com.tr\/wp-content\/uploads\/2023\/12\/REDIKTOR.png","width":1290,"height":1290},{"@type":"BreadcrumbList","@id":"https:\/\/ravon.com.tr\/product\/reduktor\/#breadcrumb","itemListElement":[{"@type":"ListItem","position":1,"name":"Anasayfa","item":"https:\/\/ravon.com.tr\/"},{"@type":"ListItem","position":2,"name":"\u00dcr\u00fcnler","item":"https:\/\/ravon.com.tr\/shop\/"},{"@type":"ListItem","position":3,"name":"Red\u00fckt\u00f6r"}]},{"@type":"WebSite","@id":"https:\/\/ravon.com.tr\/#website","url":"https:\/\/ravon.com.tr\/","name":"Ravon Enerji ve Data Transfer Sistemleri","description":"Ravon Enerji ve Data Transfer Sistemleri","publisher":{"@id":"https:\/\/ravon.com.tr\/#organization"},"potentialAction":[{"@type":"SearchAction","target":{"@type":"EntryPoint","urlTemplate":"https:\/\/ravon.com.tr\/?s={search_term_string}"},"query-input":{"@type":"PropertyValueSpecification","valueRequired":true,"valueName":"search_term_string"}}],"inLanguage":"en-US"},{"@type":"Organization","@id":"https:\/\/ravon.com.tr\/#organization","name":"Ravon Enerji ve Data Transfer Sistemleri","url":"https:\/\/ravon.com.tr\/","logo":{"@type":"ImageObject","inLanguage":"en-US","@id":"https:\/\/ravon.com.tr\/#\/schema\/logo\/image\/","url":"https:\/\/ravon.com.tr\/wp-content\/uploads\/2023\/08\/tinywow_ravon-logo__2__30279301_1-removebg-preview1.png","contentUrl":"https:\/\/ravon.com.tr\/wp-content\/uploads\/2023\/08\/tinywow_ravon-logo__2__30279301_1-removebg-preview1.png","width":745,"height":335,"caption":"Ravon Enerji ve Data Transfer Sistemleri"},"image":{"@id":"https:\/\/ravon.com.tr\/#\/schema\/logo\/image\/"},"sameAs":["https:\/\/www.facebook.com\/ravonfestoon","https:\/\/x.com\/ravonfestoon","https:\/\/www.instagram.com\/ravon_festoon\/"]}]}},"_links":{"self":[{"href":"https:\/\/ravon.com.tr\/en\/wp-json\/wp\/v2\/product\/10612","targetHints":{"allow":["GET"]}}],"collection":[{"href":"https:\/\/ravon.com.tr\/en\/wp-json\/wp\/v2\/product"}],"about":[{"href":"https:\/\/ravon.com.tr\/en\/wp-json\/wp\/v2\/types\/product"}],"wp:featuredmedia":[{"embeddable":true,"href":"https:\/\/ravon.com.tr\/en\/wp-json\/wp\/v2\/media\/12032"}],"wp:attachment":[{"href":"https:\/\/ravon.com.tr\/en\/wp-json\/wp\/v2\/media?parent=10612"}],"wp:term":[{"taxonomy":"product_brand","embeddable":true,"href":"https:\/\/ravon.com.tr\/en\/wp-json\/wp\/v2\/product_brand?post=10612"},{"taxonomy":"product_cat","embeddable":true,"href":"https:\/\/ravon.com.tr\/en\/wp-json\/wp\/v2\/product_cat?post=10612"},{"taxonomy":"product_tag","embeddable":true,"href":"https:\/\/ravon.com.tr\/en\/wp-json\/wp\/v2\/product_tag?post=10612"}],"curies":[{"name":"wp","href":"https:\/\/api.w.org\/{rel}","templated":true}]}}