{"id":10616,"date":"2023-12-03T17:53:53","date_gmt":"2023-12-03T14:53:53","guid":{"rendered":"https:\/\/ravon.com.tr\/?post_type=product&#038;p=10616"},"modified":"2024-09-30T13:24:53","modified_gmt":"2024-09-30T10:24:53","slug":"direnc","status":"publish","type":"product","link":"https:\/\/ravon.com.tr\/en\/product\/direnc\/","title":{"rendered":"Sac G\u00f6vdeli Frenleme Direnci"},"content":{"rendered":"<p style=\"text-align: justify;\">Ravon Frenleme direnci, end\u00fcstriyel motorlar\u0131n kontrol\u00fcnde ve g\u00fcvenli bir \u015fekilde durdurulmas\u0131nda olduk\u00e7a b\u00fcy\u00fck \u00f6nem ta\u015f\u0131yan sistemlerdir. AC S\u00fcr\u00fcc\u00fcler yani invert\u00f6rler motor kontrol i\u00e7in end\u00fcstride yayg\u0131n olarak kullan\u0131lan \u00fcr\u00fcnlerin ba\u015f\u0131nda gelir. AC S\u00fcr\u00fcc\u00fcler sayesinde motorlarda y\u00f6n, h\u0131z, tork ve ak\u0131m kontrol\u00fc sa\u011flan\u0131r.\u00a0 AC s\u00fcr\u00fcc\u00fclerin bir di\u011fer avantaj\u0131 ise enerji verimlili\u011fine ciddi anlamda katk\u0131da bulunurken, kolay ve g\u00fcvenli bir hareket kontrol\u00fc sa\u011flar.<\/p>\n<p style=\"text-align: justify;\">AC s\u00fcr\u00fcc\u00fcler ile kontrol edilen elektrik motorlar\u0131n\u0131n k\u0131sa s\u00fcrede durmas\u0131n\u0131, h\u0131z\u0131n\u0131n d\u00fc\u015f\u00fcr\u00fclmesini ya da kontrol edilmesini sa\u011flamak i\u00e7in invert\u00f6r <a href=\"https:\/\/aktif.net\/urunler\/dinamik-frenleme-direncleri\/\"><strong>RAVON FRENLEME D\u0130REN\u00c7LER\u0130<\/strong><\/a>\u00a0kullan\u0131l\u0131r. Enerjisi kesilen motorun durmas\u0131 istense de o anda sahip oldu\u011fu kinetik enerji sayesinde bir s\u00fcre daha d\u00f6nmeye devam eder. Rotor d\u00f6nmeye devam etti\u011fi i\u00e7in motor, bir\u00a0<strong>jenerat\u00f6r<\/strong> gibi \u00e7al\u0131\u015f\u0131p s\u00fcr\u00fcc\u00fcy\u00fc geri besler. Bu regeneratif \u00e7al\u0131\u015fma evresinin olabildi\u011fince k\u0131sa s\u00fcrmesi ve ters y\u00f6nde \u00fcretilen bu enerjinin \u0131s\u0131ya d\u00f6n\u00fc\u015ft\u00fcr\u00fclmesi i\u00e7in, invert\u00f6r bu enerjiyi DC\u2019 ye \u00e7evirip, frenleme Direnci terminallerine ba\u011fl\u0131 olan, uygun g\u00fc\u00e7 ve ohmajdaki <strong>Ravon frenleme direncine<\/strong>\u00a0aktar\u0131r.<\/p>","protected":false},"excerpt":{"rendered":"<p>Ravon Frenleme direnci, end\u00fcstriyel motorlar\u0131n kontrol\u00fcnde ve g\u00fcvenli bir \u015fekilde durdurulmas\u0131nda olduk\u00e7a b\u00fcy\u00fck \u00f6nem ta\u015f\u0131yan sistemlerdir. AC S\u00fcr\u00fcc\u00fcler yani invert\u00f6rler motor kontrol i\u00e7in end\u00fcstride yayg\u0131n olarak kullan\u0131lan \u00fcr\u00fcnlerin ba\u015f\u0131nda gelir. AC S\u00fcr\u00fcc\u00fcler sayesinde motorlarda y\u00f6n, h\u0131z, tork ve ak\u0131m kontrol\u00fc sa\u011flan\u0131r.\u00a0 AC s\u00fcr\u00fcc\u00fclerin bir di\u011fer avantaj\u0131 ise enerji verimlili\u011fine ciddi anlamda katk\u0131da bulunurken, kolay ve [&hellip;]<\/p>","protected":false},"featured_media":12033,"template":"","meta":{"_acf_changed":false,"_et_pb_use_builder":"","_et_pb_old_content":"","_et_gb_content_width":""},"product_brand":[],"product_cat":[82],"product_tag":[],"class_list":{"0":"post-10616","1":"product","2":"type-product","3":"status-publish","4":"has-post-thumbnail","6":"product_cat-direncler","8":"first","9":"instock","10":"shipping-taxable","11":"product-type-simple"},"acf":[],"yoast_head":"<!-- This site is optimized with the Yoast SEO Premium plugin v20.13 (Yoast SEO v25.7) - https:\/\/yoast.com\/wordpress\/plugins\/seo\/ -->\n<title>Vin\u00e7 Diren\u00e7 www.ravon.com.tr<\/title>\n<meta name=\"description\" content=\"direnc kablo tasima arabas\u0131 kablo arabas\u0131 vinc transfer sistemleri halat celik halat kendir \u00f6zl\u00fc celik halat kanca asiri y\u00fck\" \/>\n<meta name=\"robots\" content=\"index, follow, max-snippet:-1, max-image-preview:large, max-video-preview:-1\" \/>\n<link rel=\"canonical\" href=\"https:\/\/ravon.com.tr\/en\/product\/direnc\/\" \/>\n<meta property=\"og:locale\" content=\"en_US\" \/>\n<meta property=\"og:type\" content=\"article\" \/>\n<meta property=\"og:title\" content=\"Sac G\u00f6vdeli Frenleme Direnci\" \/>\n<meta property=\"og:description\" content=\"direnc kablo tasima arabas\u0131 kablo arabas\u0131 vinc transfer sistemleri halat celik halat kendir \u00f6zl\u00fc celik halat kanca asiri y\u00fck\" \/>\n<meta property=\"og:url\" content=\"https:\/\/ravon.com.tr\/en\/product\/direnc\/\" \/>\n<meta property=\"og:site_name\" content=\"Ravon Enerji ve Data Transfer Sistemleri\" \/>\n<meta property=\"article:publisher\" content=\"https:\/\/www.facebook.com\/ravonfestoon\" \/>\n<meta property=\"article:modified_time\" content=\"2024-09-30T10:24:53+00:00\" \/>\n<meta property=\"og:image\" content=\"https:\/\/ravon.com.tr\/wp-content\/uploads\/2023\/12\/DIRENC-ETIKET.png\" \/>\n\t<meta property=\"og:image:width\" content=\"1290\" \/>\n\t<meta property=\"og:image:height\" content=\"1290\" \/>\n\t<meta property=\"og:image:type\" content=\"image\/png\" \/>\n<meta name=\"twitter:card\" content=\"summary_large_image\" \/>\n<meta name=\"twitter:site\" content=\"@ravonfestoon\" \/>\n<meta name=\"twitter:label1\" content=\"Est. reading time\" \/>\n\t<meta name=\"twitter:data1\" content=\"2 minutes\" \/>\n<script type=\"application\/ld+json\" class=\"yoast-schema-graph\">{\"@context\":\"https:\/\/schema.org\",\"@graph\":[{\"@type\":\"WebPage\",\"@id\":\"https:\/\/ravon.com.tr\/product\/direnc\/\",\"url\":\"https:\/\/ravon.com.tr\/product\/direnc\/\",\"name\":\"Vin\u00e7 Diren\u00e7 www.ravon.com.tr\",\"isPartOf\":{\"@id\":\"https:\/\/ravon.com.tr\/#website\"},\"primaryImageOfPage\":{\"@id\":\"https:\/\/ravon.com.tr\/product\/direnc\/#primaryimage\"},\"image\":{\"@id\":\"https:\/\/ravon.com.tr\/product\/direnc\/#primaryimage\"},\"thumbnailUrl\":\"https:\/\/ravon.com.tr\/wp-content\/uploads\/2023\/12\/DIRENC-ETIKET.png\",\"datePublished\":\"2023-12-03T14:53:53+00:00\",\"dateModified\":\"2024-09-30T10:24:53+00:00\",\"description\":\"direnc kablo tasima arabas\u0131 kablo arabas\u0131 vinc transfer sistemleri halat celik halat kendir \u00f6zl\u00fc celik halat kanca asiri y\u00fck\",\"breadcrumb\":{\"@id\":\"https:\/\/ravon.com.tr\/product\/direnc\/#breadcrumb\"},\"inLanguage\":\"en-US\",\"potentialAction\":[{\"@type\":\"ReadAction\",\"target\":[\"https:\/\/ravon.com.tr\/product\/direnc\/\"]}]},{\"@type\":\"ImageObject\",\"inLanguage\":\"en-US\",\"@id\":\"https:\/\/ravon.com.tr\/product\/direnc\/#primaryimage\",\"url\":\"https:\/\/ravon.com.tr\/wp-content\/uploads\/2023\/12\/DIRENC-ETIKET.png\",\"contentUrl\":\"https:\/\/ravon.com.tr\/wp-content\/uploads\/2023\/12\/DIRENC-ETIKET.png\",\"width\":1290,\"height\":1290},{\"@type\":\"BreadcrumbList\",\"@id\":\"https:\/\/ravon.com.tr\/product\/direnc\/#breadcrumb\",\"itemListElement\":[{\"@type\":\"ListItem\",\"position\":1,\"name\":\"Anasayfa\",\"item\":\"https:\/\/ravon.com.tr\/\"},{\"@type\":\"ListItem\",\"position\":2,\"name\":\"\u00dcr\u00fcnler\",\"item\":\"https:\/\/ravon.com.tr\/shop\/\"},{\"@type\":\"ListItem\",\"position\":3,\"name\":\"Sac G\u00f6vdeli Frenleme Direnci\"}]},{\"@type\":\"WebSite\",\"@id\":\"https:\/\/ravon.com.tr\/#website\",\"url\":\"https:\/\/ravon.com.tr\/\",\"name\":\"Ravon Enerji ve Data Transfer Sistemleri\",\"description\":\"Ravon Enerji ve Data Transfer Sistemleri\",\"publisher\":{\"@id\":\"https:\/\/ravon.com.tr\/#organization\"},\"potentialAction\":[{\"@type\":\"SearchAction\",\"target\":{\"@type\":\"EntryPoint\",\"urlTemplate\":\"https:\/\/ravon.com.tr\/?s={search_term_string}\"},\"query-input\":{\"@type\":\"PropertyValueSpecification\",\"valueRequired\":true,\"valueName\":\"search_term_string\"}}],\"inLanguage\":\"en-US\"},{\"@type\":\"Organization\",\"@id\":\"https:\/\/ravon.com.tr\/#organization\",\"name\":\"Ravon Enerji ve Data Transfer Sistemleri\",\"url\":\"https:\/\/ravon.com.tr\/\",\"logo\":{\"@type\":\"ImageObject\",\"inLanguage\":\"en-US\",\"@id\":\"https:\/\/ravon.com.tr\/#\/schema\/logo\/image\/\",\"url\":\"https:\/\/ravon.com.tr\/wp-content\/uploads\/2023\/08\/tinywow_ravon-logo__2__30279301_1-removebg-preview1.png\",\"contentUrl\":\"https:\/\/ravon.com.tr\/wp-content\/uploads\/2023\/08\/tinywow_ravon-logo__2__30279301_1-removebg-preview1.png\",\"width\":745,\"height\":335,\"caption\":\"Ravon Enerji ve Data Transfer Sistemleri\"},\"image\":{\"@id\":\"https:\/\/ravon.com.tr\/#\/schema\/logo\/image\/\"},\"sameAs\":[\"https:\/\/www.facebook.com\/ravonfestoon\",\"https:\/\/x.com\/ravonfestoon\",\"https:\/\/www.instagram.com\/ravon_festoon\/\"]}]}<\/script>\n<!-- \/ Yoast SEO Premium plugin. -->","yoast_head_json":{"title":"Vin\u00e7 Diren\u00e7 www.ravon.com.tr","description":"direnc kablo tasima arabas\u0131 kablo arabas\u0131 vinc transfer sistemleri halat celik halat kendir \u00f6zl\u00fc celik halat kanca asiri y\u00fck","robots":{"index":"index","follow":"follow","max-snippet":"max-snippet:-1","max-image-preview":"max-image-preview:large","max-video-preview":"max-video-preview:-1"},"canonical":"https:\/\/ravon.com.tr\/en\/product\/direnc\/","og_locale":"en_US","og_type":"article","og_title":"Sac G\u00f6vdeli Frenleme Direnci","og_description":"direnc kablo tasima arabas\u0131 kablo arabas\u0131 vinc transfer sistemleri halat celik halat kendir \u00f6zl\u00fc celik halat kanca asiri y\u00fck","og_url":"https:\/\/ravon.com.tr\/en\/product\/direnc\/","og_site_name":"Ravon Enerji ve Data Transfer Sistemleri","article_publisher":"https:\/\/www.facebook.com\/ravonfestoon","article_modified_time":"2024-09-30T10:24:53+00:00","og_image":[{"width":1290,"height":1290,"url":"https:\/\/ravon.com.tr\/wp-content\/uploads\/2023\/12\/DIRENC-ETIKET.png","type":"image\/png"}],"twitter_card":"summary_large_image","twitter_site":"@ravonfestoon","twitter_misc":{"Est. reading time":"2 minutes"},"schema":{"@context":"https:\/\/schema.org","@graph":[{"@type":"WebPage","@id":"https:\/\/ravon.com.tr\/product\/direnc\/","url":"https:\/\/ravon.com.tr\/product\/direnc\/","name":"Vin\u00e7 Diren\u00e7 www.ravon.com.tr","isPartOf":{"@id":"https:\/\/ravon.com.tr\/#website"},"primaryImageOfPage":{"@id":"https:\/\/ravon.com.tr\/product\/direnc\/#primaryimage"},"image":{"@id":"https:\/\/ravon.com.tr\/product\/direnc\/#primaryimage"},"thumbnailUrl":"https:\/\/ravon.com.tr\/wp-content\/uploads\/2023\/12\/DIRENC-ETIKET.png","datePublished":"2023-12-03T14:53:53+00:00","dateModified":"2024-09-30T10:24:53+00:00","description":"direnc kablo tasima arabas\u0131 kablo arabas\u0131 vinc transfer sistemleri halat celik halat kendir \u00f6zl\u00fc celik halat kanca asiri y\u00fck","breadcrumb":{"@id":"https:\/\/ravon.com.tr\/product\/direnc\/#breadcrumb"},"inLanguage":"en-US","potentialAction":[{"@type":"ReadAction","target":["https:\/\/ravon.com.tr\/product\/direnc\/"]}]},{"@type":"ImageObject","inLanguage":"en-US","@id":"https:\/\/ravon.com.tr\/product\/direnc\/#primaryimage","url":"https:\/\/ravon.com.tr\/wp-content\/uploads\/2023\/12\/DIRENC-ETIKET.png","contentUrl":"https:\/\/ravon.com.tr\/wp-content\/uploads\/2023\/12\/DIRENC-ETIKET.png","width":1290,"height":1290},{"@type":"BreadcrumbList","@id":"https:\/\/ravon.com.tr\/product\/direnc\/#breadcrumb","itemListElement":[{"@type":"ListItem","position":1,"name":"Anasayfa","item":"https:\/\/ravon.com.tr\/"},{"@type":"ListItem","position":2,"name":"\u00dcr\u00fcnler","item":"https:\/\/ravon.com.tr\/shop\/"},{"@type":"ListItem","position":3,"name":"Sac G\u00f6vdeli Frenleme Direnci"}]},{"@type":"WebSite","@id":"https:\/\/ravon.com.tr\/#website","url":"https:\/\/ravon.com.tr\/","name":"Ravon Enerji ve Data Transfer Sistemleri","description":"Ravon Enerji ve Data Transfer Sistemleri","publisher":{"@id":"https:\/\/ravon.com.tr\/#organization"},"potentialAction":[{"@type":"SearchAction","target":{"@type":"EntryPoint","urlTemplate":"https:\/\/ravon.com.tr\/?s={search_term_string}"},"query-input":{"@type":"PropertyValueSpecification","valueRequired":true,"valueName":"search_term_string"}}],"inLanguage":"en-US"},{"@type":"Organization","@id":"https:\/\/ravon.com.tr\/#organization","name":"Ravon Enerji ve Data Transfer Sistemleri","url":"https:\/\/ravon.com.tr\/","logo":{"@type":"ImageObject","inLanguage":"en-US","@id":"https:\/\/ravon.com.tr\/#\/schema\/logo\/image\/","url":"https:\/\/ravon.com.tr\/wp-content\/uploads\/2023\/08\/tinywow_ravon-logo__2__30279301_1-removebg-preview1.png","contentUrl":"https:\/\/ravon.com.tr\/wp-content\/uploads\/2023\/08\/tinywow_ravon-logo__2__30279301_1-removebg-preview1.png","width":745,"height":335,"caption":"Ravon Enerji ve Data Transfer Sistemleri"},"image":{"@id":"https:\/\/ravon.com.tr\/#\/schema\/logo\/image\/"},"sameAs":["https:\/\/www.facebook.com\/ravonfestoon","https:\/\/x.com\/ravonfestoon","https:\/\/www.instagram.com\/ravon_festoon\/"]}]}},"_links":{"self":[{"href":"https:\/\/ravon.com.tr\/en\/wp-json\/wp\/v2\/product\/10616","targetHints":{"allow":["GET"]}}],"collection":[{"href":"https:\/\/ravon.com.tr\/en\/wp-json\/wp\/v2\/product"}],"about":[{"href":"https:\/\/ravon.com.tr\/en\/wp-json\/wp\/v2\/types\/product"}],"wp:featuredmedia":[{"embeddable":true,"href":"https:\/\/ravon.com.tr\/en\/wp-json\/wp\/v2\/media\/12033"}],"wp:attachment":[{"href":"https:\/\/ravon.com.tr\/en\/wp-json\/wp\/v2\/media?parent=10616"}],"wp:term":[{"taxonomy":"product_brand","embeddable":true,"href":"https:\/\/ravon.com.tr\/en\/wp-json\/wp\/v2\/product_brand?post=10616"},{"taxonomy":"product_cat","embeddable":true,"href":"https:\/\/ravon.com.tr\/en\/wp-json\/wp\/v2\/product_cat?post=10616"},{"taxonomy":"product_tag","embeddable":true,"href":"https:\/\/ravon.com.tr\/en\/wp-json\/wp\/v2\/product_tag?post=10616"}],"curies":[{"name":"wp","href":"https:\/\/api.w.org\/{rel}","templated":true}]}}