{"id":11313,"date":"2023-12-03T17:54:35","date_gmt":"2023-12-03T14:54:35","guid":{"rendered":"https:\/\/ravon.com.tr\/?post_type=product&#038;p=11313"},"modified":"2025-03-06T10:52:59","modified_gmt":"2025-03-06T07:52:59","slug":"yuvarlak-kablo-celik-govde-araba","status":"publish","type":"product","link":"https:\/\/ravon.com.tr\/en\/product\/yuvarlak-kablo-celik-govde-araba\/","title":{"rendered":"Cable Trolley Steel Body for Round Cable"},"content":{"rendered":"<p><strong>Trolley \/ Steel Body for Round Cable<\/strong><\/p>\n<p>The Cable Trolley is one of the basic components of festoon systems. Two pairs of high-quality carrier bearings (four in total) located on its upper part ensure smooth movement within the C-Track. These bearings allow the trolley to slide and move freely within the profile, thus facilitating the smooth and effective transportation of loads and increasing the overall efficiency of the system.<\/p>\n<p>The cable clamp, called the Saddle, located at the bottom, is specially designed to ensure that the cable is securely fixed to the carrier trolley. This saddle is only compatible with round cables and prevents the cable from slipping or moving during transport, thus ensuring long-lasting and safe use of the cable.<\/p>\n<p>In order to prevent the product from damaging other cable trolleys during movement, the plastic coatings on the sides provide a softer impact for the cable trolleys. These coatings reduce wear and improve the overall performance of the system.<\/p>\n<p>To accommodate to meet the various needs of users, bumpers that absorb harder impacts and protect the integrity of the system can be preferred over plastic coatings. These bumpers protect the system, especially in applications with a high risk of impact and wear, thus providing a longer lifespan and reliable performance.<\/p>\n<p>Thanks to these features, the cable transport trolley offers high performance and safety in industrial applications, increases system efficiency, and maximizes operational effectiveness.<\/p>\n<p><span style=\"font-size: 10pt;\"><strong>Usage Areas:<br \/>\n<\/strong><\/span><\/p>\n<table style=\"border-collapse: collapse; width: 99.1635%; height: 166px;\">\n<tbody>\n<tr style=\"height: 156px;\">\n<td style=\"width: 20.0888%; height: 156px;\">\n<p style=\"text-align: center;\"><img loading=\"lazy\" decoding=\"async\" class=\"wp-image-12816 aligncenter\" src=\"https:\/\/ravon.com.tr\/wp-content\/uploads\/2022\/08\/Single-Girder-01.png\" alt=\"\" width=\"129\" height=\"95\" \/><strong>Single Girder Crane<\/strong><\/p>\n<\/td>\n<td style=\"width: 19.772%; text-align: center; height: 156px;\"><img loading=\"lazy\" decoding=\"async\" class=\"wp-image-12817 aligncenter\" src=\"https:\/\/ravon.com.tr\/wp-content\/uploads\/2022\/08\/Double-Girder-01-01.png\" alt=\"\" width=\"129\" height=\"95\" \/><strong>Double Girder Crane<\/strong><\/td>\n<td style=\"width: 18.4662%; text-align: center; height: 156px;\"><img loading=\"lazy\" decoding=\"async\" class=\"wp-image-12818 aligncenter\" src=\"https:\/\/ravon.com.tr\/wp-content\/uploads\/2022\/08\/Portal-Crane-01-01-01.png\" alt=\"\" width=\"121\" height=\"101\" \/><strong>Gantry Crane<\/strong><\/td>\n<td style=\"width: 18.5449%; text-align: center; height: 156px;\"><img loading=\"lazy\" decoding=\"async\" class=\"wp-image-12819 aligncenter\" src=\"https:\/\/ravon.com.tr\/wp-content\/uploads\/2022\/08\/Production-Line-01-01.png\" alt=\"\" width=\"117\" height=\"94\" \/><strong>Konvey\u00f6r<\/strong><\/td>\n<td style=\"width: 22.2916%; text-align: center; height: 156px;\"><img loading=\"lazy\" decoding=\"async\" class=\"wp-image-12820 aligncenter\" src=\"https:\/\/ravon.com.tr\/wp-content\/uploads\/2022\/08\/Car-Washing-01-01.png\" alt=\"\" width=\"146\" height=\"95\" \/><strong>Washing Machine<\/strong><\/td>\n<\/tr>\n<tr style=\"height: 23px;\">\n<td style=\"width: 20.0888%; height: 10px;\"><\/td>\n<td style=\"width: 19.772%; height: 10px;\"><\/td>\n<td style=\"width: 18.4662%; height: 10px;\"><\/td>\n<td style=\"width: 18.5449%; height: 10px;\"><\/td>\n<td style=\"width: 22.2916%; height: 10px;\"><\/td>\n<\/tr>\n<\/tbody>\n<\/table>","protected":false},"excerpt":{"rendered":"<p>Kablo Ta\u015f\u0131ma Arabas\u0131 \/ \u00c7elik G\u00f6vde \/ Yuvarlak Kablo Kablo ta\u015f\u0131ma arabas\u0131, festoon sistemlerinin temel bile\u015fenlerinden biridir. \u00dcst k\u0131sm\u0131nda bulunan iki \u00e7ift (toplamda d\u00f6rt adet) y\u00fcksek kaliteli ta\u015f\u0131y\u0131c\u0131 rulman, C profil i\u00e7erisinde sorunsuz bir hareket sa\u011flar. Bu rulmanlar, araban\u0131n profil i\u00e7inde rahat\u00e7a kaymas\u0131n\u0131 ve serbest\u00e7e hareket etmesine olanak sa\u011flar, b\u00f6ylece y\u00fcklerin d\u00fczg\u00fcn ve etkili bir [&hellip;]<\/p>","protected":false},"featured_media":11400,"template":"","meta":{"_acf_changed":false,"_et_pb_use_builder":"","_et_pb_old_content":"","_et_gb_content_width":""},"product_brand":[],"product_cat":[492,77,692],"product_tag":[],"class_list":{"0":"post-11313","1":"product","2":"type-product","3":"status-publish","4":"has-post-thumbnail","6":"product_cat-kablo-tasima-sistemleri","7":"product_cat-c-profil-kablo-tasima-sistemleri","8":"product_cat-3028-serisiri","10":"first","11":"instock","12":"shipping-taxable","13":"product-type-simple"},"acf":[],"yoast_head":"<!-- This site is optimized with the Yoast SEO Premium plugin v20.13 (Yoast SEO v25.7) - https:\/\/yoast.com\/wordpress\/plugins\/seo\/ -->\n<title>Yuvarlak Kablo \u00c7elik G\u00f6vde Arabas\u0131 - Ravon Enerji ve Data Transfer Sistemleri<\/title>\n<meta name=\"robots\" content=\"index, follow, max-snippet:-1, max-image-preview:large, max-video-preview:-1\" \/>\n<link rel=\"canonical\" href=\"https:\/\/ravon.com.tr\/en\/product\/yuvarlak-kablo-celik-govde-araba\/\" \/>\n<meta property=\"og:locale\" content=\"en_US\" \/>\n<meta property=\"og:type\" content=\"article\" \/>\n<meta property=\"og:title\" content=\"Yuvarlak Kablo \u00c7elik G\u00f6vde Arabas\u0131\" \/>\n<meta property=\"og:description\" content=\"Kablo Ta\u015f\u0131ma Arabas\u0131 \/ \u00c7elik G\u00f6vde \/ Yuvarlak Kablo Kablo ta\u015f\u0131ma arabas\u0131, festoon sistemlerinin temel bile\u015fenlerinden biridir. \u00dcst k\u0131sm\u0131nda bulunan iki \u00e7ift (toplamda d\u00f6rt adet) y\u00fcksek kaliteli ta\u015f\u0131y\u0131c\u0131 rulman, C profil i\u00e7erisinde sorunsuz bir hareket sa\u011flar. Bu rulmanlar, araban\u0131n profil i\u00e7inde rahat\u00e7a kaymas\u0131n\u0131 ve serbest\u00e7e hareket etmesine olanak sa\u011flar, b\u00f6ylece y\u00fcklerin d\u00fczg\u00fcn ve etkili bir [&hellip;]\" \/>\n<meta property=\"og:url\" content=\"https:\/\/ravon.com.tr\/en\/product\/yuvarlak-kablo-celik-govde-araba\/\" \/>\n<meta property=\"og:site_name\" content=\"Ravon Enerji ve Data Transfer Sistemleri\" \/>\n<meta property=\"article:publisher\" content=\"https:\/\/www.facebook.com\/ravonfestoon\" \/>\n<meta property=\"article:modified_time\" content=\"2025-03-06T07:52:59+00:00\" \/>\n<meta property=\"og:image\" content=\"https:\/\/ravon.com.tr\/wp-content\/uploads\/2023\/12\/R3028T5-72-3.webp\" \/>\n\t<meta property=\"og:image:width\" content=\"1390\" \/>\n\t<meta property=\"og:image:height\" content=\"1390\" \/>\n\t<meta property=\"og:image:type\" content=\"image\/webp\" \/>\n<meta name=\"twitter:card\" content=\"summary_large_image\" \/>\n<meta name=\"twitter:site\" content=\"@ravonfestoon\" \/>\n<meta name=\"twitter:label1\" content=\"Est. reading time\" \/>\n\t<meta name=\"twitter:data1\" content=\"3 minutes\" \/>\n<script type=\"application\/ld+json\" class=\"yoast-schema-graph\">{\"@context\":\"https:\/\/schema.org\",\"@graph\":[{\"@type\":\"WebPage\",\"@id\":\"https:\/\/ravon.com.tr\/product\/yuvarlak-kablo-celik-govde-araba\/\",\"url\":\"https:\/\/ravon.com.tr\/product\/yuvarlak-kablo-celik-govde-araba\/\",\"name\":\"Yuvarlak Kablo \u00c7elik G\u00f6vde Arabas\u0131 - Ravon Enerji ve Data Transfer Sistemleri\",\"isPartOf\":{\"@id\":\"https:\/\/ravon.com.tr\/#website\"},\"primaryImageOfPage\":{\"@id\":\"https:\/\/ravon.com.tr\/product\/yuvarlak-kablo-celik-govde-araba\/#primaryimage\"},\"image\":{\"@id\":\"https:\/\/ravon.com.tr\/product\/yuvarlak-kablo-celik-govde-araba\/#primaryimage\"},\"thumbnailUrl\":\"https:\/\/ravon.com.tr\/wp-content\/uploads\/2023\/12\/R3028T5-72-3.webp\",\"datePublished\":\"2023-12-03T14:54:35+00:00\",\"dateModified\":\"2025-03-06T07:52:59+00:00\",\"breadcrumb\":{\"@id\":\"https:\/\/ravon.com.tr\/product\/yuvarlak-kablo-celik-govde-araba\/#breadcrumb\"},\"inLanguage\":\"en-US\",\"potentialAction\":[{\"@type\":\"ReadAction\",\"target\":[\"https:\/\/ravon.com.tr\/product\/yuvarlak-kablo-celik-govde-araba\/\"]}]},{\"@type\":\"ImageObject\",\"inLanguage\":\"en-US\",\"@id\":\"https:\/\/ravon.com.tr\/product\/yuvarlak-kablo-celik-govde-araba\/#primaryimage\",\"url\":\"https:\/\/ravon.com.tr\/wp-content\/uploads\/2023\/12\/R3028T5-72-3.webp\",\"contentUrl\":\"https:\/\/ravon.com.tr\/wp-content\/uploads\/2023\/12\/R3028T5-72-3.webp\",\"width\":1390,\"height\":1390},{\"@type\":\"BreadcrumbList\",\"@id\":\"https:\/\/ravon.com.tr\/product\/yuvarlak-kablo-celik-govde-araba\/#breadcrumb\",\"itemListElement\":[{\"@type\":\"ListItem\",\"position\":1,\"name\":\"Anasayfa\",\"item\":\"https:\/\/ravon.com.tr\/\"},{\"@type\":\"ListItem\",\"position\":2,\"name\":\"\u00dcr\u00fcnler\",\"item\":\"https:\/\/ravon.com.tr\/shop\/\"},{\"@type\":\"ListItem\",\"position\":3,\"name\":\"Yuvarlak Kablo \u00c7elik G\u00f6vde Arabas\u0131\"}]},{\"@type\":\"WebSite\",\"@id\":\"https:\/\/ravon.com.tr\/#website\",\"url\":\"https:\/\/ravon.com.tr\/\",\"name\":\"Ravon Enerji ve Data Transfer Sistemleri\",\"description\":\"Ravon Enerji ve Data Transfer Sistemleri\",\"publisher\":{\"@id\":\"https:\/\/ravon.com.tr\/#organization\"},\"potentialAction\":[{\"@type\":\"SearchAction\",\"target\":{\"@type\":\"EntryPoint\",\"urlTemplate\":\"https:\/\/ravon.com.tr\/?s={search_term_string}\"},\"query-input\":{\"@type\":\"PropertyValueSpecification\",\"valueRequired\":true,\"valueName\":\"search_term_string\"}}],\"inLanguage\":\"en-US\"},{\"@type\":\"Organization\",\"@id\":\"https:\/\/ravon.com.tr\/#organization\",\"name\":\"Ravon Enerji ve Data Transfer Sistemleri\",\"url\":\"https:\/\/ravon.com.tr\/\",\"logo\":{\"@type\":\"ImageObject\",\"inLanguage\":\"en-US\",\"@id\":\"https:\/\/ravon.com.tr\/#\/schema\/logo\/image\/\",\"url\":\"https:\/\/ravon.com.tr\/wp-content\/uploads\/2023\/08\/tinywow_ravon-logo__2__30279301_1-removebg-preview1.png\",\"contentUrl\":\"https:\/\/ravon.com.tr\/wp-content\/uploads\/2023\/08\/tinywow_ravon-logo__2__30279301_1-removebg-preview1.png\",\"width\":745,\"height\":335,\"caption\":\"Ravon Enerji ve Data Transfer Sistemleri\"},\"image\":{\"@id\":\"https:\/\/ravon.com.tr\/#\/schema\/logo\/image\/\"},\"sameAs\":[\"https:\/\/www.facebook.com\/ravonfestoon\",\"https:\/\/x.com\/ravonfestoon\",\"https:\/\/www.instagram.com\/ravon_festoon\/\"]}]}<\/script>\n<!-- \/ Yoast SEO Premium plugin. -->","yoast_head_json":{"title":"Yuvarlak Kablo \u00c7elik G\u00f6vde Arabas\u0131 - Ravon Enerji ve Data Transfer Sistemleri","robots":{"index":"index","follow":"follow","max-snippet":"max-snippet:-1","max-image-preview":"max-image-preview:large","max-video-preview":"max-video-preview:-1"},"canonical":"https:\/\/ravon.com.tr\/en\/product\/yuvarlak-kablo-celik-govde-araba\/","og_locale":"en_US","og_type":"article","og_title":"Yuvarlak Kablo \u00c7elik G\u00f6vde Arabas\u0131","og_description":"Kablo Ta\u015f\u0131ma Arabas\u0131 \/ \u00c7elik G\u00f6vde \/ Yuvarlak Kablo Kablo ta\u015f\u0131ma arabas\u0131, festoon sistemlerinin temel bile\u015fenlerinden biridir. \u00dcst k\u0131sm\u0131nda bulunan iki \u00e7ift (toplamda d\u00f6rt adet) y\u00fcksek kaliteli ta\u015f\u0131y\u0131c\u0131 rulman, C profil i\u00e7erisinde sorunsuz bir hareket sa\u011flar. Bu rulmanlar, araban\u0131n profil i\u00e7inde rahat\u00e7a kaymas\u0131n\u0131 ve serbest\u00e7e hareket etmesine olanak sa\u011flar, b\u00f6ylece y\u00fcklerin d\u00fczg\u00fcn ve etkili bir [&hellip;]","og_url":"https:\/\/ravon.com.tr\/en\/product\/yuvarlak-kablo-celik-govde-araba\/","og_site_name":"Ravon Enerji ve Data Transfer Sistemleri","article_publisher":"https:\/\/www.facebook.com\/ravonfestoon","article_modified_time":"2025-03-06T07:52:59+00:00","og_image":[{"width":1390,"height":1390,"url":"https:\/\/ravon.com.tr\/wp-content\/uploads\/2023\/12\/R3028T5-72-3.webp","type":"image\/webp"}],"twitter_card":"summary_large_image","twitter_site":"@ravonfestoon","twitter_misc":{"Est. reading time":"3 minutes"},"schema":{"@context":"https:\/\/schema.org","@graph":[{"@type":"WebPage","@id":"https:\/\/ravon.com.tr\/product\/yuvarlak-kablo-celik-govde-araba\/","url":"https:\/\/ravon.com.tr\/product\/yuvarlak-kablo-celik-govde-araba\/","name":"Yuvarlak Kablo \u00c7elik G\u00f6vde Arabas\u0131 - Ravon Enerji ve Data Transfer Sistemleri","isPartOf":{"@id":"https:\/\/ravon.com.tr\/#website"},"primaryImageOfPage":{"@id":"https:\/\/ravon.com.tr\/product\/yuvarlak-kablo-celik-govde-araba\/#primaryimage"},"image":{"@id":"https:\/\/ravon.com.tr\/product\/yuvarlak-kablo-celik-govde-araba\/#primaryimage"},"thumbnailUrl":"https:\/\/ravon.com.tr\/wp-content\/uploads\/2023\/12\/R3028T5-72-3.webp","datePublished":"2023-12-03T14:54:35+00:00","dateModified":"2025-03-06T07:52:59+00:00","breadcrumb":{"@id":"https:\/\/ravon.com.tr\/product\/yuvarlak-kablo-celik-govde-araba\/#breadcrumb"},"inLanguage":"en-US","potentialAction":[{"@type":"ReadAction","target":["https:\/\/ravon.com.tr\/product\/yuvarlak-kablo-celik-govde-araba\/"]}]},{"@type":"ImageObject","inLanguage":"en-US","@id":"https:\/\/ravon.com.tr\/product\/yuvarlak-kablo-celik-govde-araba\/#primaryimage","url":"https:\/\/ravon.com.tr\/wp-content\/uploads\/2023\/12\/R3028T5-72-3.webp","contentUrl":"https:\/\/ravon.com.tr\/wp-content\/uploads\/2023\/12\/R3028T5-72-3.webp","width":1390,"height":1390},{"@type":"BreadcrumbList","@id":"https:\/\/ravon.com.tr\/product\/yuvarlak-kablo-celik-govde-araba\/#breadcrumb","itemListElement":[{"@type":"ListItem","position":1,"name":"Anasayfa","item":"https:\/\/ravon.com.tr\/"},{"@type":"ListItem","position":2,"name":"\u00dcr\u00fcnler","item":"https:\/\/ravon.com.tr\/shop\/"},{"@type":"ListItem","position":3,"name":"Yuvarlak Kablo \u00c7elik G\u00f6vde Arabas\u0131"}]},{"@type":"WebSite","@id":"https:\/\/ravon.com.tr\/#website","url":"https:\/\/ravon.com.tr\/","name":"Ravon Enerji ve Data Transfer Sistemleri","description":"Ravon Enerji ve Data Transfer Sistemleri","publisher":{"@id":"https:\/\/ravon.com.tr\/#organization"},"potentialAction":[{"@type":"SearchAction","target":{"@type":"EntryPoint","urlTemplate":"https:\/\/ravon.com.tr\/?s={search_term_string}"},"query-input":{"@type":"PropertyValueSpecification","valueRequired":true,"valueName":"search_term_string"}}],"inLanguage":"en-US"},{"@type":"Organization","@id":"https:\/\/ravon.com.tr\/#organization","name":"Ravon Enerji ve Data Transfer Sistemleri","url":"https:\/\/ravon.com.tr\/","logo":{"@type":"ImageObject","inLanguage":"en-US","@id":"https:\/\/ravon.com.tr\/#\/schema\/logo\/image\/","url":"https:\/\/ravon.com.tr\/wp-content\/uploads\/2023\/08\/tinywow_ravon-logo__2__30279301_1-removebg-preview1.png","contentUrl":"https:\/\/ravon.com.tr\/wp-content\/uploads\/2023\/08\/tinywow_ravon-logo__2__30279301_1-removebg-preview1.png","width":745,"height":335,"caption":"Ravon Enerji ve Data Transfer Sistemleri"},"image":{"@id":"https:\/\/ravon.com.tr\/#\/schema\/logo\/image\/"},"sameAs":["https:\/\/www.facebook.com\/ravonfestoon","https:\/\/x.com\/ravonfestoon","https:\/\/www.instagram.com\/ravon_festoon\/"]}]}},"_links":{"self":[{"href":"https:\/\/ravon.com.tr\/en\/wp-json\/wp\/v2\/product\/11313","targetHints":{"allow":["GET"]}}],"collection":[{"href":"https:\/\/ravon.com.tr\/en\/wp-json\/wp\/v2\/product"}],"about":[{"href":"https:\/\/ravon.com.tr\/en\/wp-json\/wp\/v2\/types\/product"}],"wp:featuredmedia":[{"embeddable":true,"href":"https:\/\/ravon.com.tr\/en\/wp-json\/wp\/v2\/media\/11400"}],"wp:attachment":[{"href":"https:\/\/ravon.com.tr\/en\/wp-json\/wp\/v2\/media?parent=11313"}],"wp:term":[{"taxonomy":"product_brand","embeddable":true,"href":"https:\/\/ravon.com.tr\/en\/wp-json\/wp\/v2\/product_brand?post=11313"},{"taxonomy":"product_cat","embeddable":true,"href":"https:\/\/ravon.com.tr\/en\/wp-json\/wp\/v2\/product_cat?post=11313"},{"taxonomy":"product_tag","embeddable":true,"href":"https:\/\/ravon.com.tr\/en\/wp-json\/wp\/v2\/product_tag?post=11313"}],"curies":[{"name":"wp","href":"https:\/\/api.w.org\/{rel}","templated":true}]}}