{"id":11575,"date":"2023-12-09T12:35:59","date_gmt":"2023-12-09T09:35:59","guid":{"rendered":"https:\/\/ravon.com.tr\/?post_type=product&#038;p=11575"},"modified":"2025-01-07T10:11:50","modified_gmt":"2025-01-07T07:11:50","slug":"profil-sonlandirici-celik-tamponlu","status":"publish","type":"product","link":"https:\/\/ravon.com.tr\/en\/product\/profil-sonlandirici-celik-tamponlu\/","title":{"rendered":"End Stop (Steel)"},"content":{"rendered":"<p><strong>End Stop Steel<\/strong><\/p>\n<p>End Stop is an important safety product that protects the integrity of the system by preventing both moving and immobile cable carrier systems from exiting the C Track. The product is placed at both the beginning and the end of the C Profile, ensuring the safe operation of the cable trolleys.<\/p>\n<p>End Stops are manufactured from two different high-quality materials: plastic and galvanized steel. Plastic End Stops are resistant to corrosion and offer long-lasting performance. Steel End Stops are protected with a galvanized coating, providing additional protection against external factors.<\/p>\n<p>Installation is carried out using bolts and nuts, which securely fix the product and ensure easy installation. The Steel End Stop can be produced with a PVC buffer depending on customer demand. The PVC buffer provides additional shock absorption capacity.<\/p>\n<p>End Stop increases safety in cable carrier systems, ensuring the efficiency and longevity of the system. Its robust structure and various material options provide solutions suitable for the system's needs and enhance operational efficiency.<\/p>\n<p><span style=\"font-size: 10pt;\"><strong>Usage Areas:<br \/>\n<\/strong><\/span><\/p>\n<table style=\"border-collapse: collapse; width: 99.1635%; height: 166px;\">\n<tbody>\n<tr style=\"height: 156px;\">\n<td style=\"width: 20.0888%; height: 156px;\">\n<p style=\"text-align: center;\"><img loading=\"lazy\" decoding=\"async\" class=\"wp-image-12816 aligncenter\" src=\"https:\/\/ravon.com.tr\/wp-content\/uploads\/2022\/08\/Single-Girder-01.png\" alt=\"\" width=\"129\" height=\"95\" \/><strong>Single Girder Crane<\/strong><\/p>\n<\/td>\n<td style=\"width: 19.772%; text-align: center; height: 156px;\"><img loading=\"lazy\" decoding=\"async\" class=\"wp-image-12817 aligncenter\" src=\"https:\/\/ravon.com.tr\/wp-content\/uploads\/2022\/08\/Double-Girder-01-01.png\" alt=\"\" width=\"129\" height=\"95\" \/><strong>Double Girder Crane<\/strong><\/td>\n<td style=\"width: 18.4662%; text-align: center; height: 156px;\"><img loading=\"lazy\" decoding=\"async\" class=\"wp-image-12818 aligncenter\" src=\"https:\/\/ravon.com.tr\/wp-content\/uploads\/2022\/08\/Portal-Crane-01-01-01.png\" alt=\"\" width=\"121\" height=\"101\" \/><strong>Gantry Crane<\/strong><\/td>\n<td style=\"width: 18.5449%; text-align: center; height: 156px;\"><img loading=\"lazy\" decoding=\"async\" class=\"wp-image-12819 aligncenter\" src=\"https:\/\/ravon.com.tr\/wp-content\/uploads\/2022\/08\/Production-Line-01-01.png\" alt=\"\" width=\"117\" height=\"94\" \/><strong>Konvey\u00f6r<\/strong><\/td>\n<td style=\"width: 22.2916%; text-align: center; height: 156px;\"><img loading=\"lazy\" decoding=\"async\" class=\"wp-image-12820 aligncenter\" src=\"https:\/\/ravon.com.tr\/wp-content\/uploads\/2022\/08\/Car-Washing-01-01.png\" alt=\"\" width=\"146\" height=\"95\" \/><strong>Washing Machine<\/strong><\/td>\n<\/tr>\n<tr style=\"height: 23px;\">\n<td style=\"width: 20.0888%; height: 10px;\"><\/td>\n<td style=\"width: 19.772%; height: 10px;\"><\/td>\n<td style=\"width: 18.4662%; height: 10px;\"><\/td>\n<td style=\"width: 18.5449%; height: 10px;\"><\/td>\n<td style=\"width: 22.2916%; height: 10px;\"><\/td>\n<\/tr>\n<\/tbody>\n<\/table>","protected":false},"excerpt":{"rendered":"<p>Profil Sonland\u0131r\u0131c\u0131 \u00c7elik Profil Sonland\u0131r\u0131c\u0131, hareketli veya hareketsiz t\u00fcm kablo ta\u015f\u0131y\u0131c\u0131 sistemlerinin C Profilden d\u0131\u015far\u0131ya \u00e7\u0131kmas\u0131n\u0131 \u00f6nleyerek sistemin b\u00fct\u00fcnl\u00fc\u011f\u00fcn\u00fc koruyan \u00f6nemli bir g\u00fcvenlik \u00fcr\u00fcn\u00fcd\u00fcr. \u00dcr\u00fcn C Profilin hem en sonuna hem de ba\u015f\u0131na yerle\u015ftirilir ve b\u00f6ylece kablo ta\u015f\u0131y\u0131c\u0131lar\u0131n g\u00fcvenli bir \u015fekilde \u00e7al\u0131\u015fmas\u0131n\u0131 sa\u011flar. Profil Sonland\u0131r\u0131c\u0131lar, y\u00fcksek kaliteli iki farkl\u0131 malzemeden \u00fcretilirler: plastik ve galvanizli \u00e7elik. [&hellip;]<\/p>","protected":false},"featured_media":11427,"template":"","meta":{"_acf_changed":false,"_et_pb_use_builder":"","_et_pb_old_content":"","_et_gb_content_width":""},"product_brand":[],"product_cat":[492,77,693],"product_tag":[],"class_list":{"0":"post-11575","1":"product","2":"type-product","3":"status-publish","4":"has-post-thumbnail","6":"product_cat-kablo-tasima-sistemleri","7":"product_cat-c-profil-kablo-tasima-sistemleri","8":"product_cat-3040-serisi","10":"first","11":"instock","12":"shipping-taxable","13":"product-type-simple"},"acf":[],"yoast_head":"<!-- This site is optimized with the Yoast SEO Premium plugin v20.13 (Yoast SEO v25.7) - https:\/\/yoast.com\/wordpress\/plugins\/seo\/ -->\n<title>Profil Sonland\u0131r\u0131c\u0131 \u00c7elik Tamponlu - Ravon Enerji ve Data Transfer Sistemleri<\/title>\n<meta name=\"robots\" content=\"index, follow, max-snippet:-1, max-image-preview:large, max-video-preview:-1\" \/>\n<link rel=\"canonical\" href=\"https:\/\/ravon.com.tr\/en\/product\/profil-sonlandirici-celik-tamponlu\/\" \/>\n<meta property=\"og:locale\" content=\"en_US\" \/>\n<meta property=\"og:type\" content=\"article\" \/>\n<meta property=\"og:title\" content=\"Profil Sonland\u0131r\u0131c\u0131 \u00c7elik Tamponlu\" \/>\n<meta property=\"og:description\" content=\"Profil Sonland\u0131r\u0131c\u0131 \u00c7elik Profil Sonland\u0131r\u0131c\u0131, hareketli veya hareketsiz t\u00fcm kablo ta\u015f\u0131y\u0131c\u0131 sistemlerinin C Profilden d\u0131\u015far\u0131ya \u00e7\u0131kmas\u0131n\u0131 \u00f6nleyerek sistemin b\u00fct\u00fcnl\u00fc\u011f\u00fcn\u00fc koruyan \u00f6nemli bir g\u00fcvenlik \u00fcr\u00fcn\u00fcd\u00fcr. \u00dcr\u00fcn C Profilin hem en sonuna hem de ba\u015f\u0131na yerle\u015ftirilir ve b\u00f6ylece kablo ta\u015f\u0131y\u0131c\u0131lar\u0131n g\u00fcvenli bir \u015fekilde \u00e7al\u0131\u015fmas\u0131n\u0131 sa\u011flar. Profil Sonland\u0131r\u0131c\u0131lar, y\u00fcksek kaliteli iki farkl\u0131 malzemeden \u00fcretilirler: plastik ve galvanizli \u00e7elik. [&hellip;]\" \/>\n<meta property=\"og:url\" content=\"https:\/\/ravon.com.tr\/en\/product\/profil-sonlandirici-celik-tamponlu\/\" \/>\n<meta property=\"og:site_name\" content=\"Ravon Enerji ve Data Transfer Sistemleri\" \/>\n<meta property=\"article:publisher\" content=\"https:\/\/www.facebook.com\/ravonfestoon\" \/>\n<meta property=\"article:modified_time\" content=\"2025-01-07T07:11:50+00:00\" \/>\n<meta property=\"og:image\" content=\"https:\/\/ravon.com.tr\/wp-content\/uploads\/2023\/12\/3040L4.webp\" \/>\n\t<meta property=\"og:image:width\" content=\"1390\" \/>\n\t<meta property=\"og:image:height\" content=\"1390\" \/>\n\t<meta property=\"og:image:type\" content=\"image\/webp\" \/>\n<meta name=\"twitter:card\" content=\"summary_large_image\" \/>\n<meta name=\"twitter:site\" content=\"@ravonfestoon\" \/>\n<meta name=\"twitter:label1\" content=\"Est. reading time\" \/>\n\t<meta name=\"twitter:data1\" content=\"3 minutes\" \/>\n<script type=\"application\/ld+json\" class=\"yoast-schema-graph\">{\"@context\":\"https:\/\/schema.org\",\"@graph\":[{\"@type\":\"WebPage\",\"@id\":\"https:\/\/ravon.com.tr\/product\/profil-sonlandirici-celik-tamponlu\/\",\"url\":\"https:\/\/ravon.com.tr\/product\/profil-sonlandirici-celik-tamponlu\/\",\"name\":\"Profil Sonland\u0131r\u0131c\u0131 \u00c7elik Tamponlu - Ravon Enerji ve Data Transfer Sistemleri\",\"isPartOf\":{\"@id\":\"https:\/\/ravon.com.tr\/#website\"},\"primaryImageOfPage\":{\"@id\":\"https:\/\/ravon.com.tr\/product\/profil-sonlandirici-celik-tamponlu\/#primaryimage\"},\"image\":{\"@id\":\"https:\/\/ravon.com.tr\/product\/profil-sonlandirici-celik-tamponlu\/#primaryimage\"},\"thumbnailUrl\":\"https:\/\/ravon.com.tr\/wp-content\/uploads\/2023\/12\/3040L4.webp\",\"datePublished\":\"2023-12-09T09:35:59+00:00\",\"dateModified\":\"2025-01-07T07:11:50+00:00\",\"breadcrumb\":{\"@id\":\"https:\/\/ravon.com.tr\/product\/profil-sonlandirici-celik-tamponlu\/#breadcrumb\"},\"inLanguage\":\"en-US\",\"potentialAction\":[{\"@type\":\"ReadAction\",\"target\":[\"https:\/\/ravon.com.tr\/product\/profil-sonlandirici-celik-tamponlu\/\"]}]},{\"@type\":\"ImageObject\",\"inLanguage\":\"en-US\",\"@id\":\"https:\/\/ravon.com.tr\/product\/profil-sonlandirici-celik-tamponlu\/#primaryimage\",\"url\":\"https:\/\/ravon.com.tr\/wp-content\/uploads\/2023\/12\/3040L4.webp\",\"contentUrl\":\"https:\/\/ravon.com.tr\/wp-content\/uploads\/2023\/12\/3040L4.webp\",\"width\":1390,\"height\":1390},{\"@type\":\"BreadcrumbList\",\"@id\":\"https:\/\/ravon.com.tr\/product\/profil-sonlandirici-celik-tamponlu\/#breadcrumb\",\"itemListElement\":[{\"@type\":\"ListItem\",\"position\":1,\"name\":\"Anasayfa\",\"item\":\"https:\/\/ravon.com.tr\/\"},{\"@type\":\"ListItem\",\"position\":2,\"name\":\"\u00dcr\u00fcnler\",\"item\":\"https:\/\/ravon.com.tr\/shop\/\"},{\"@type\":\"ListItem\",\"position\":3,\"name\":\"Profil Sonland\u0131r\u0131c\u0131 \u00c7elik Tamponlu\"}]},{\"@type\":\"WebSite\",\"@id\":\"https:\/\/ravon.com.tr\/#website\",\"url\":\"https:\/\/ravon.com.tr\/\",\"name\":\"Ravon Enerji ve Data Transfer Sistemleri\",\"description\":\"Ravon Enerji ve Data Transfer Sistemleri\",\"publisher\":{\"@id\":\"https:\/\/ravon.com.tr\/#organization\"},\"potentialAction\":[{\"@type\":\"SearchAction\",\"target\":{\"@type\":\"EntryPoint\",\"urlTemplate\":\"https:\/\/ravon.com.tr\/?s={search_term_string}\"},\"query-input\":{\"@type\":\"PropertyValueSpecification\",\"valueRequired\":true,\"valueName\":\"search_term_string\"}}],\"inLanguage\":\"en-US\"},{\"@type\":\"Organization\",\"@id\":\"https:\/\/ravon.com.tr\/#organization\",\"name\":\"Ravon Enerji ve Data Transfer Sistemleri\",\"url\":\"https:\/\/ravon.com.tr\/\",\"logo\":{\"@type\":\"ImageObject\",\"inLanguage\":\"en-US\",\"@id\":\"https:\/\/ravon.com.tr\/#\/schema\/logo\/image\/\",\"url\":\"https:\/\/ravon.com.tr\/wp-content\/uploads\/2023\/08\/tinywow_ravon-logo__2__30279301_1-removebg-preview1.png\",\"contentUrl\":\"https:\/\/ravon.com.tr\/wp-content\/uploads\/2023\/08\/tinywow_ravon-logo__2__30279301_1-removebg-preview1.png\",\"width\":745,\"height\":335,\"caption\":\"Ravon Enerji ve Data Transfer Sistemleri\"},\"image\":{\"@id\":\"https:\/\/ravon.com.tr\/#\/schema\/logo\/image\/\"},\"sameAs\":[\"https:\/\/www.facebook.com\/ravonfestoon\",\"https:\/\/x.com\/ravonfestoon\",\"https:\/\/www.instagram.com\/ravon_festoon\/\"]}]}<\/script>\n<!-- \/ Yoast SEO Premium plugin. -->","yoast_head_json":{"title":"Profil Sonland\u0131r\u0131c\u0131 \u00c7elik Tamponlu - Ravon Enerji ve Data Transfer Sistemleri","robots":{"index":"index","follow":"follow","max-snippet":"max-snippet:-1","max-image-preview":"max-image-preview:large","max-video-preview":"max-video-preview:-1"},"canonical":"https:\/\/ravon.com.tr\/en\/product\/profil-sonlandirici-celik-tamponlu\/","og_locale":"en_US","og_type":"article","og_title":"Profil Sonland\u0131r\u0131c\u0131 \u00c7elik Tamponlu","og_description":"Profil Sonland\u0131r\u0131c\u0131 \u00c7elik Profil Sonland\u0131r\u0131c\u0131, hareketli veya hareketsiz t\u00fcm kablo ta\u015f\u0131y\u0131c\u0131 sistemlerinin C Profilden d\u0131\u015far\u0131ya \u00e7\u0131kmas\u0131n\u0131 \u00f6nleyerek sistemin b\u00fct\u00fcnl\u00fc\u011f\u00fcn\u00fc koruyan \u00f6nemli bir g\u00fcvenlik \u00fcr\u00fcn\u00fcd\u00fcr. \u00dcr\u00fcn C Profilin hem en sonuna hem de ba\u015f\u0131na yerle\u015ftirilir ve b\u00f6ylece kablo ta\u015f\u0131y\u0131c\u0131lar\u0131n g\u00fcvenli bir \u015fekilde \u00e7al\u0131\u015fmas\u0131n\u0131 sa\u011flar. Profil Sonland\u0131r\u0131c\u0131lar, y\u00fcksek kaliteli iki farkl\u0131 malzemeden \u00fcretilirler: plastik ve galvanizli \u00e7elik. [&hellip;]","og_url":"https:\/\/ravon.com.tr\/en\/product\/profil-sonlandirici-celik-tamponlu\/","og_site_name":"Ravon Enerji ve Data Transfer Sistemleri","article_publisher":"https:\/\/www.facebook.com\/ravonfestoon","article_modified_time":"2025-01-07T07:11:50+00:00","og_image":[{"width":1390,"height":1390,"url":"https:\/\/ravon.com.tr\/wp-content\/uploads\/2023\/12\/3040L4.webp","type":"image\/webp"}],"twitter_card":"summary_large_image","twitter_site":"@ravonfestoon","twitter_misc":{"Est. reading time":"3 minutes"},"schema":{"@context":"https:\/\/schema.org","@graph":[{"@type":"WebPage","@id":"https:\/\/ravon.com.tr\/product\/profil-sonlandirici-celik-tamponlu\/","url":"https:\/\/ravon.com.tr\/product\/profil-sonlandirici-celik-tamponlu\/","name":"Profil Sonland\u0131r\u0131c\u0131 \u00c7elik Tamponlu - Ravon Enerji ve Data Transfer Sistemleri","isPartOf":{"@id":"https:\/\/ravon.com.tr\/#website"},"primaryImageOfPage":{"@id":"https:\/\/ravon.com.tr\/product\/profil-sonlandirici-celik-tamponlu\/#primaryimage"},"image":{"@id":"https:\/\/ravon.com.tr\/product\/profil-sonlandirici-celik-tamponlu\/#primaryimage"},"thumbnailUrl":"https:\/\/ravon.com.tr\/wp-content\/uploads\/2023\/12\/3040L4.webp","datePublished":"2023-12-09T09:35:59+00:00","dateModified":"2025-01-07T07:11:50+00:00","breadcrumb":{"@id":"https:\/\/ravon.com.tr\/product\/profil-sonlandirici-celik-tamponlu\/#breadcrumb"},"inLanguage":"en-US","potentialAction":[{"@type":"ReadAction","target":["https:\/\/ravon.com.tr\/product\/profil-sonlandirici-celik-tamponlu\/"]}]},{"@type":"ImageObject","inLanguage":"en-US","@id":"https:\/\/ravon.com.tr\/product\/profil-sonlandirici-celik-tamponlu\/#primaryimage","url":"https:\/\/ravon.com.tr\/wp-content\/uploads\/2023\/12\/3040L4.webp","contentUrl":"https:\/\/ravon.com.tr\/wp-content\/uploads\/2023\/12\/3040L4.webp","width":1390,"height":1390},{"@type":"BreadcrumbList","@id":"https:\/\/ravon.com.tr\/product\/profil-sonlandirici-celik-tamponlu\/#breadcrumb","itemListElement":[{"@type":"ListItem","position":1,"name":"Anasayfa","item":"https:\/\/ravon.com.tr\/"},{"@type":"ListItem","position":2,"name":"\u00dcr\u00fcnler","item":"https:\/\/ravon.com.tr\/shop\/"},{"@type":"ListItem","position":3,"name":"Profil Sonland\u0131r\u0131c\u0131 \u00c7elik Tamponlu"}]},{"@type":"WebSite","@id":"https:\/\/ravon.com.tr\/#website","url":"https:\/\/ravon.com.tr\/","name":"Ravon Enerji ve Data Transfer Sistemleri","description":"Ravon Enerji ve Data Transfer Sistemleri","publisher":{"@id":"https:\/\/ravon.com.tr\/#organization"},"potentialAction":[{"@type":"SearchAction","target":{"@type":"EntryPoint","urlTemplate":"https:\/\/ravon.com.tr\/?s={search_term_string}"},"query-input":{"@type":"PropertyValueSpecification","valueRequired":true,"valueName":"search_term_string"}}],"inLanguage":"en-US"},{"@type":"Organization","@id":"https:\/\/ravon.com.tr\/#organization","name":"Ravon Enerji ve Data Transfer Sistemleri","url":"https:\/\/ravon.com.tr\/","logo":{"@type":"ImageObject","inLanguage":"en-US","@id":"https:\/\/ravon.com.tr\/#\/schema\/logo\/image\/","url":"https:\/\/ravon.com.tr\/wp-content\/uploads\/2023\/08\/tinywow_ravon-logo__2__30279301_1-removebg-preview1.png","contentUrl":"https:\/\/ravon.com.tr\/wp-content\/uploads\/2023\/08\/tinywow_ravon-logo__2__30279301_1-removebg-preview1.png","width":745,"height":335,"caption":"Ravon Enerji ve Data Transfer Sistemleri"},"image":{"@id":"https:\/\/ravon.com.tr\/#\/schema\/logo\/image\/"},"sameAs":["https:\/\/www.facebook.com\/ravonfestoon","https:\/\/x.com\/ravonfestoon","https:\/\/www.instagram.com\/ravon_festoon\/"]}]}},"_links":{"self":[{"href":"https:\/\/ravon.com.tr\/en\/wp-json\/wp\/v2\/product\/11575","targetHints":{"allow":["GET"]}}],"collection":[{"href":"https:\/\/ravon.com.tr\/en\/wp-json\/wp\/v2\/product"}],"about":[{"href":"https:\/\/ravon.com.tr\/en\/wp-json\/wp\/v2\/types\/product"}],"wp:featuredmedia":[{"embeddable":true,"href":"https:\/\/ravon.com.tr\/en\/wp-json\/wp\/v2\/media\/11427"}],"wp:attachment":[{"href":"https:\/\/ravon.com.tr\/en\/wp-json\/wp\/v2\/media?parent=11575"}],"wp:term":[{"taxonomy":"product_brand","embeddable":true,"href":"https:\/\/ravon.com.tr\/en\/wp-json\/wp\/v2\/product_brand?post=11575"},{"taxonomy":"product_cat","embeddable":true,"href":"https:\/\/ravon.com.tr\/en\/wp-json\/wp\/v2\/product_cat?post=11575"},{"taxonomy":"product_tag","embeddable":true,"href":"https:\/\/ravon.com.tr\/en\/wp-json\/wp\/v2\/product_tag?post=11575"}],"curies":[{"name":"wp","href":"https:\/\/api.w.org\/{rel}","templated":true}]}}