{"id":11604,"date":"2023-12-09T11:19:33","date_gmt":"2023-12-09T08:19:33","guid":{"rendered":"https:\/\/ravon.com.tr\/?post_type=product&#038;p=11604"},"modified":"2025-03-10T17:09:42","modified_gmt":"2025-03-10T14:09:42","slug":"r3005c-75x50m12-o75x50-tampon","status":"publish","type":"product","link":"https:\/\/ravon.com.tr\/en\/product\/r3005c-75x50m12-o75x50-tampon\/","title":{"rendered":"Buffer M12 \u00d875X50"},"content":{"rendered":"<p>Rubber used in overhead cranes are placed in areas of the travel mechanism that may experience impact during movement. These buffers absorb energy upon collision, thanks to their flexible structure, preventing damage to both the crane and surrounding structures. Rubber buffers are durable, cost-effective, and easy to install, making them a popular choice. Regular inspection and maintenance ensure long-lasting\u00a0performance.<\/p>","protected":false},"excerpt":{"rendered":"<p>Rubber used in overhead cranes are placed in areas of the travel mechanism that may experience impact during movement. These buffers absorb energy upon collision, thanks to their flexible structure, preventing damage to both the crane and surrounding structures. Rubber buffers are durable, cost-effective, and easy to install, making them a popular choice. Regular inspection and maintenance ensure long-lasting\u00a0performance.<\/p>","protected":false},"featured_media":11536,"template":"","meta":{"_acf_changed":false,"_et_pb_use_builder":"","_et_pb_old_content":"","_et_gb_content_width":""},"product_brand":[],"product_cat":[723],"product_tag":[],"class_list":{"0":"post-11604","1":"product","2":"type-product","3":"status-publish","4":"has-post-thumbnail","6":"product_cat-yardimci-ekipmanlar","8":"first","9":"instock","10":"shipping-taxable","11":"product-type-simple"},"acf":[],"yoast_head":"<!-- This site is optimized with the Yoast SEO Premium plugin v20.13 (Yoast SEO v25.7) - https:\/\/yoast.com\/wordpress\/plugins\/seo\/ -->\n<title>M12 \u00d875X50 Tampon - Ravon Enerji ve Data Transfer Sistemleri<\/title>\n<meta name=\"robots\" content=\"index, follow, max-snippet:-1, max-image-preview:large, max-video-preview:-1\" \/>\n<link rel=\"canonical\" href=\"https:\/\/ravon.com.tr\/en\/product\/r3005c-75x50m12-o75x50-tampon\/\" \/>\n<meta property=\"og:locale\" content=\"en_US\" \/>\n<meta property=\"og:type\" content=\"article\" \/>\n<meta property=\"og:title\" content=\"M12 \u00d875X50 Tampon\" \/>\n<meta property=\"og:description\" content=\"Tavan vin\u00e7lerinde kullan\u0131lan tamponlar, \u00f6zellikle y\u00fcr\u00fcy\u00fc\u015f mekanizmas\u0131n\u0131n darbe alabilecek b\u00f6lgelerine yerle\u015ftirilir. Bu tamponlar, esnek yap\u0131lar\u0131 sayesinde \u00e7arpma an\u0131nda enerjiyi emerek hem vin\u00e7 hem de \u00e7evresindeki yap\u0131lar\u0131n zarar g\u00f6rmesini \u00f6nler. Kau\u00e7uk tamponlar, dayan\u0131kl\u0131, ekonomik ve kolay uygulanabilir olmalar\u0131 nedeniyle yayg\u0131n olarak tercih edilir. D\u00fczenli kontrol ve bak\u0131m ile uzun \u00f6m\u00fcrl\u00fc kullan\u0131m sa\u011flan\u0131r.\" \/>\n<meta property=\"og:url\" content=\"https:\/\/ravon.com.tr\/en\/product\/r3005c-75x50m12-o75x50-tampon\/\" \/>\n<meta property=\"og:site_name\" content=\"Ravon Enerji ve Data Transfer Sistemleri\" \/>\n<meta property=\"article:publisher\" content=\"https:\/\/www.facebook.com\/ravonfestoon\" \/>\n<meta property=\"article:modified_time\" content=\"2025-03-10T14:09:42+00:00\" \/>\n<meta property=\"og:image\" content=\"https:\/\/ravon.com.tr\/wp-content\/uploads\/2023\/12\/R3005C-75X50.webp\" \/>\n\t<meta property=\"og:image:width\" content=\"1390\" \/>\n\t<meta property=\"og:image:height\" content=\"1390\" \/>\n\t<meta property=\"og:image:type\" content=\"image\/webp\" \/>\n<meta name=\"twitter:card\" content=\"summary_large_image\" \/>\n<meta name=\"twitter:site\" content=\"@ravonfestoon\" \/>\n<meta name=\"twitter:label1\" content=\"Est. reading time\" \/>\n\t<meta name=\"twitter:data1\" content=\"1 minute\" \/>\n<script type=\"application\/ld+json\" class=\"yoast-schema-graph\">{\"@context\":\"https:\/\/schema.org\",\"@graph\":[{\"@type\":\"WebPage\",\"@id\":\"https:\/\/ravon.com.tr\/product\/r3005c-75x50m12-o75x50-tampon\/\",\"url\":\"https:\/\/ravon.com.tr\/product\/r3005c-75x50m12-o75x50-tampon\/\",\"name\":\"M12 \u00d875X50 Tampon - Ravon Enerji ve Data Transfer Sistemleri\",\"isPartOf\":{\"@id\":\"https:\/\/ravon.com.tr\/#website\"},\"primaryImageOfPage\":{\"@id\":\"https:\/\/ravon.com.tr\/product\/r3005c-75x50m12-o75x50-tampon\/#primaryimage\"},\"image\":{\"@id\":\"https:\/\/ravon.com.tr\/product\/r3005c-75x50m12-o75x50-tampon\/#primaryimage\"},\"thumbnailUrl\":\"https:\/\/ravon.com.tr\/wp-content\/uploads\/2023\/12\/R3005C-75X50.webp\",\"datePublished\":\"2023-12-09T08:19:33+00:00\",\"dateModified\":\"2025-03-10T14:09:42+00:00\",\"breadcrumb\":{\"@id\":\"https:\/\/ravon.com.tr\/product\/r3005c-75x50m12-o75x50-tampon\/#breadcrumb\"},\"inLanguage\":\"en-US\",\"potentialAction\":[{\"@type\":\"ReadAction\",\"target\":[\"https:\/\/ravon.com.tr\/product\/r3005c-75x50m12-o75x50-tampon\/\"]}]},{\"@type\":\"ImageObject\",\"inLanguage\":\"en-US\",\"@id\":\"https:\/\/ravon.com.tr\/product\/r3005c-75x50m12-o75x50-tampon\/#primaryimage\",\"url\":\"https:\/\/ravon.com.tr\/wp-content\/uploads\/2023\/12\/R3005C-75X50.webp\",\"contentUrl\":\"https:\/\/ravon.com.tr\/wp-content\/uploads\/2023\/12\/R3005C-75X50.webp\",\"width\":1390,\"height\":1390},{\"@type\":\"BreadcrumbList\",\"@id\":\"https:\/\/ravon.com.tr\/product\/r3005c-75x50m12-o75x50-tampon\/#breadcrumb\",\"itemListElement\":[{\"@type\":\"ListItem\",\"position\":1,\"name\":\"Anasayfa\",\"item\":\"https:\/\/ravon.com.tr\/\"},{\"@type\":\"ListItem\",\"position\":2,\"name\":\"\u00dcr\u00fcnler\",\"item\":\"https:\/\/ravon.com.tr\/shop\/\"},{\"@type\":\"ListItem\",\"position\":3,\"name\":\"M12 \u00d875X50 Tampon\"}]},{\"@type\":\"WebSite\",\"@id\":\"https:\/\/ravon.com.tr\/#website\",\"url\":\"https:\/\/ravon.com.tr\/\",\"name\":\"Ravon Enerji ve Data Transfer Sistemleri\",\"description\":\"Ravon Enerji ve Data Transfer Sistemleri\",\"publisher\":{\"@id\":\"https:\/\/ravon.com.tr\/#organization\"},\"potentialAction\":[{\"@type\":\"SearchAction\",\"target\":{\"@type\":\"EntryPoint\",\"urlTemplate\":\"https:\/\/ravon.com.tr\/?s={search_term_string}\"},\"query-input\":{\"@type\":\"PropertyValueSpecification\",\"valueRequired\":true,\"valueName\":\"search_term_string\"}}],\"inLanguage\":\"en-US\"},{\"@type\":\"Organization\",\"@id\":\"https:\/\/ravon.com.tr\/#organization\",\"name\":\"Ravon Enerji ve Data Transfer Sistemleri\",\"url\":\"https:\/\/ravon.com.tr\/\",\"logo\":{\"@type\":\"ImageObject\",\"inLanguage\":\"en-US\",\"@id\":\"https:\/\/ravon.com.tr\/#\/schema\/logo\/image\/\",\"url\":\"https:\/\/ravon.com.tr\/wp-content\/uploads\/2023\/08\/tinywow_ravon-logo__2__30279301_1-removebg-preview1.png\",\"contentUrl\":\"https:\/\/ravon.com.tr\/wp-content\/uploads\/2023\/08\/tinywow_ravon-logo__2__30279301_1-removebg-preview1.png\",\"width\":745,\"height\":335,\"caption\":\"Ravon Enerji ve Data Transfer Sistemleri\"},\"image\":{\"@id\":\"https:\/\/ravon.com.tr\/#\/schema\/logo\/image\/\"},\"sameAs\":[\"https:\/\/www.facebook.com\/ravonfestoon\",\"https:\/\/x.com\/ravonfestoon\",\"https:\/\/www.instagram.com\/ravon_festoon\/\"]}]}<\/script>\n<!-- \/ Yoast SEO Premium plugin. -->","yoast_head_json":{"title":"M12 \u00d875X50 Tampon - Ravon Enerji ve Data Transfer Sistemleri","robots":{"index":"index","follow":"follow","max-snippet":"max-snippet:-1","max-image-preview":"max-image-preview:large","max-video-preview":"max-video-preview:-1"},"canonical":"https:\/\/ravon.com.tr\/en\/product\/r3005c-75x50m12-o75x50-tampon\/","og_locale":"en_US","og_type":"article","og_title":"M12 \u00d875X50 Tampon","og_description":"Tavan vin\u00e7lerinde kullan\u0131lan tamponlar, \u00f6zellikle y\u00fcr\u00fcy\u00fc\u015f mekanizmas\u0131n\u0131n darbe alabilecek b\u00f6lgelerine yerle\u015ftirilir. Bu tamponlar, esnek yap\u0131lar\u0131 sayesinde \u00e7arpma an\u0131nda enerjiyi emerek hem vin\u00e7 hem de \u00e7evresindeki yap\u0131lar\u0131n zarar g\u00f6rmesini \u00f6nler. Kau\u00e7uk tamponlar, dayan\u0131kl\u0131, ekonomik ve kolay uygulanabilir olmalar\u0131 nedeniyle yayg\u0131n olarak tercih edilir. D\u00fczenli kontrol ve bak\u0131m ile uzun \u00f6m\u00fcrl\u00fc kullan\u0131m sa\u011flan\u0131r.","og_url":"https:\/\/ravon.com.tr\/en\/product\/r3005c-75x50m12-o75x50-tampon\/","og_site_name":"Ravon Enerji ve Data Transfer Sistemleri","article_publisher":"https:\/\/www.facebook.com\/ravonfestoon","article_modified_time":"2025-03-10T14:09:42+00:00","og_image":[{"width":1390,"height":1390,"url":"https:\/\/ravon.com.tr\/wp-content\/uploads\/2023\/12\/R3005C-75X50.webp","type":"image\/webp"}],"twitter_card":"summary_large_image","twitter_site":"@ravonfestoon","twitter_misc":{"Est. reading time":"1 minute"},"schema":{"@context":"https:\/\/schema.org","@graph":[{"@type":"WebPage","@id":"https:\/\/ravon.com.tr\/product\/r3005c-75x50m12-o75x50-tampon\/","url":"https:\/\/ravon.com.tr\/product\/r3005c-75x50m12-o75x50-tampon\/","name":"M12 \u00d875X50 Tampon - Ravon Enerji ve Data Transfer Sistemleri","isPartOf":{"@id":"https:\/\/ravon.com.tr\/#website"},"primaryImageOfPage":{"@id":"https:\/\/ravon.com.tr\/product\/r3005c-75x50m12-o75x50-tampon\/#primaryimage"},"image":{"@id":"https:\/\/ravon.com.tr\/product\/r3005c-75x50m12-o75x50-tampon\/#primaryimage"},"thumbnailUrl":"https:\/\/ravon.com.tr\/wp-content\/uploads\/2023\/12\/R3005C-75X50.webp","datePublished":"2023-12-09T08:19:33+00:00","dateModified":"2025-03-10T14:09:42+00:00","breadcrumb":{"@id":"https:\/\/ravon.com.tr\/product\/r3005c-75x50m12-o75x50-tampon\/#breadcrumb"},"inLanguage":"en-US","potentialAction":[{"@type":"ReadAction","target":["https:\/\/ravon.com.tr\/product\/r3005c-75x50m12-o75x50-tampon\/"]}]},{"@type":"ImageObject","inLanguage":"en-US","@id":"https:\/\/ravon.com.tr\/product\/r3005c-75x50m12-o75x50-tampon\/#primaryimage","url":"https:\/\/ravon.com.tr\/wp-content\/uploads\/2023\/12\/R3005C-75X50.webp","contentUrl":"https:\/\/ravon.com.tr\/wp-content\/uploads\/2023\/12\/R3005C-75X50.webp","width":1390,"height":1390},{"@type":"BreadcrumbList","@id":"https:\/\/ravon.com.tr\/product\/r3005c-75x50m12-o75x50-tampon\/#breadcrumb","itemListElement":[{"@type":"ListItem","position":1,"name":"Anasayfa","item":"https:\/\/ravon.com.tr\/"},{"@type":"ListItem","position":2,"name":"\u00dcr\u00fcnler","item":"https:\/\/ravon.com.tr\/shop\/"},{"@type":"ListItem","position":3,"name":"M12 \u00d875X50 Tampon"}]},{"@type":"WebSite","@id":"https:\/\/ravon.com.tr\/#website","url":"https:\/\/ravon.com.tr\/","name":"Ravon Enerji ve Data Transfer Sistemleri","description":"Ravon Enerji ve Data Transfer Sistemleri","publisher":{"@id":"https:\/\/ravon.com.tr\/#organization"},"potentialAction":[{"@type":"SearchAction","target":{"@type":"EntryPoint","urlTemplate":"https:\/\/ravon.com.tr\/?s={search_term_string}"},"query-input":{"@type":"PropertyValueSpecification","valueRequired":true,"valueName":"search_term_string"}}],"inLanguage":"en-US"},{"@type":"Organization","@id":"https:\/\/ravon.com.tr\/#organization","name":"Ravon Enerji ve Data Transfer Sistemleri","url":"https:\/\/ravon.com.tr\/","logo":{"@type":"ImageObject","inLanguage":"en-US","@id":"https:\/\/ravon.com.tr\/#\/schema\/logo\/image\/","url":"https:\/\/ravon.com.tr\/wp-content\/uploads\/2023\/08\/tinywow_ravon-logo__2__30279301_1-removebg-preview1.png","contentUrl":"https:\/\/ravon.com.tr\/wp-content\/uploads\/2023\/08\/tinywow_ravon-logo__2__30279301_1-removebg-preview1.png","width":745,"height":335,"caption":"Ravon Enerji ve Data Transfer Sistemleri"},"image":{"@id":"https:\/\/ravon.com.tr\/#\/schema\/logo\/image\/"},"sameAs":["https:\/\/www.facebook.com\/ravonfestoon","https:\/\/x.com\/ravonfestoon","https:\/\/www.instagram.com\/ravon_festoon\/"]}]}},"_links":{"self":[{"href":"https:\/\/ravon.com.tr\/en\/wp-json\/wp\/v2\/product\/11604","targetHints":{"allow":["GET"]}}],"collection":[{"href":"https:\/\/ravon.com.tr\/en\/wp-json\/wp\/v2\/product"}],"about":[{"href":"https:\/\/ravon.com.tr\/en\/wp-json\/wp\/v2\/types\/product"}],"wp:featuredmedia":[{"embeddable":true,"href":"https:\/\/ravon.com.tr\/en\/wp-json\/wp\/v2\/media\/11536"}],"wp:attachment":[{"href":"https:\/\/ravon.com.tr\/en\/wp-json\/wp\/v2\/media?parent=11604"}],"wp:term":[{"taxonomy":"product_brand","embeddable":true,"href":"https:\/\/ravon.com.tr\/en\/wp-json\/wp\/v2\/product_brand?post=11604"},{"taxonomy":"product_cat","embeddable":true,"href":"https:\/\/ravon.com.tr\/en\/wp-json\/wp\/v2\/product_cat?post=11604"},{"taxonomy":"product_tag","embeddable":true,"href":"https:\/\/ravon.com.tr\/en\/wp-json\/wp\/v2\/product_tag?post=11604"}],"curies":[{"name":"wp","href":"https:\/\/api.w.org\/{rel}","templated":true}]}}