{"id":11647,"date":"2023-12-09T12:35:51","date_gmt":"2023-12-09T09:35:51","guid":{"rendered":"https:\/\/ravon.com.tr\/?post_type=product&#038;p=11647"},"modified":"2024-09-13T08:27:41","modified_gmt":"2024-09-13T05:27:41","slug":"uc-tekerli-yassi-kablo-halat-makarasi-celik-saddle-6-8-mm","status":"publish","type":"product","link":"https:\/\/ravon.com.tr\/en\/product\/uc-tekerli-yassi-kablo-halat-makarasi-celik-saddle-6-8-mm\/","title":{"rendered":"Triple Roller Rope Trolley Steel Saddle (Rope \u00d86-8mm)"},"content":{"rendered":"<p><strong>Rope Trolley \/ Flat Cable<\/strong><\/p>\n<p>The cable trolley is a fundamental component of festoon systems. The two trolleys on top support the weight, while the lower roller grips the rope and ensures smooth movement along it. These roller enable the trolley to glide effortlessly on the rope, facilitating the efficient and effective transport of loads, thereby enhancing the overall performance of the system.<\/p>\n<p>The rollers are machined to match the rope diameter and galvanized to resist corrosion.<\/p>\n<p>The cable clamp, called a ''Saddle'', located at the bottom, is specially designed to ensure that the cable is securely fixed to the trolley body. This saddle is manufactured to be compatible with flat cables. It prevents the cable from slipping or moving during transit, ensuring the cable's longevity and safe use. In addition, the \u00d850 mm radius of the saddle allows the cable to be bent properly without exceeding safety standards, which increases the performance and durability of the cable.<\/p>\n<p>Thanks to these features, the cable transport trolley offers high performance and safety in industrial applications, increases system efficiency, and maximizes operational effectiveness.<\/p>","protected":false},"excerpt":{"rendered":"<p>Kablo Ta\u015f\u0131ma Arabas\u0131 \/ Yass\u0131 Kablo Kablo ta\u015f\u0131ma arabas\u0131, festoon sistemlerinin temel bile\u015fenlerinden biridir. \u00dcst k\u0131sm\u0131nda bulunan 2 adet teker a\u011f\u0131rl\u0131\u011f\u0131 ta\u015f\u0131rken alttaki teker halat\u0131 kavramas\u0131na yard\u0131mc\u0131 olur ve halat \u00fczerinde sorunsuz bir hareket sa\u011flar. Bu tekerler, araban\u0131n halat \u00fczerinde rahat\u00e7a hareket etmesine olanak sa\u011flar, b\u00f6ylece y\u00fcklerin d\u00fczg\u00fcn ve etkili bir \u015fekilde ta\u015f\u0131nmas\u0131na yard\u0131mc\u0131 olur [&hellip;]<\/p>","protected":false},"featured_media":11471,"template":"","meta":{"_acf_changed":false,"_et_pb_use_builder":"","_et_pb_old_content":"","_et_gb_content_width":""},"product_brand":[],"product_cat":[112],"product_tag":[],"class_list":{"0":"post-11647","1":"product","2":"type-product","3":"status-publish","4":"has-post-thumbnail","6":"product_cat-default","8":"first","9":"instock","10":"shipping-taxable","11":"product-type-simple"},"acf":[],"yoast_head":"<!-- This site is optimized with the Yoast SEO Premium plugin v20.13 (Yoast SEO v25.7) - https:\/\/yoast.com\/wordpress\/plugins\/seo\/ -->\n<title>\u00dc\u00e7 Tekerli Yass\u0131 Kablo Halat Makaras\u0131 \u00c7elik Saddle (6-8 mm) - Ravon Enerji ve Data Transfer Sistemleri<\/title>\n<meta name=\"robots\" content=\"index, follow, max-snippet:-1, max-image-preview:large, max-video-preview:-1\" \/>\n<link rel=\"canonical\" href=\"https:\/\/ravon.com.tr\/en\/product\/uc-tekerli-yassi-kablo-halat-makarasi-celik-saddle-6-8-mm\/\" \/>\n<meta property=\"og:locale\" content=\"en_US\" \/>\n<meta property=\"og:type\" content=\"article\" \/>\n<meta property=\"og:title\" content=\"\u00dc\u00e7 Tekerli Yass\u0131 Kablo Halat Makaras\u0131 \u00c7elik Saddle (6-8 mm)\" \/>\n<meta property=\"og:description\" content=\"Kablo Ta\u015f\u0131ma Arabas\u0131 \/ Yass\u0131 Kablo Kablo ta\u015f\u0131ma arabas\u0131, festoon sistemlerinin temel bile\u015fenlerinden biridir. \u00dcst k\u0131sm\u0131nda bulunan 2 adet teker a\u011f\u0131rl\u0131\u011f\u0131 ta\u015f\u0131rken alttaki teker halat\u0131 kavramas\u0131na yard\u0131mc\u0131 olur ve halat \u00fczerinde sorunsuz bir hareket sa\u011flar. Bu tekerler, araban\u0131n halat \u00fczerinde rahat\u00e7a hareket etmesine olanak sa\u011flar, b\u00f6ylece y\u00fcklerin d\u00fczg\u00fcn ve etkili bir \u015fekilde ta\u015f\u0131nmas\u0131na yard\u0131mc\u0131 olur [&hellip;]\" \/>\n<meta property=\"og:url\" content=\"https:\/\/ravon.com.tr\/en\/product\/uc-tekerli-yassi-kablo-halat-makarasi-celik-saddle-6-8-mm\/\" \/>\n<meta property=\"og:site_name\" content=\"Ravon Enerji ve Data Transfer Sistemleri\" \/>\n<meta property=\"article:publisher\" content=\"https:\/\/www.facebook.com\/ravonfestoon\" \/>\n<meta property=\"article:modified_time\" content=\"2024-09-13T05:27:41+00:00\" \/>\n<meta property=\"og:image\" content=\"https:\/\/ravon.com.tr\/wp-content\/uploads\/2023\/12\/R500R056.webp\" \/>\n\t<meta property=\"og:image:width\" content=\"1389\" \/>\n\t<meta property=\"og:image:height\" content=\"1390\" \/>\n\t<meta property=\"og:image:type\" content=\"image\/webp\" \/>\n<meta name=\"twitter:card\" content=\"summary_large_image\" \/>\n<meta name=\"twitter:site\" content=\"@ravonfestoon\" \/>\n<meta name=\"twitter:label1\" content=\"Est. reading time\" \/>\n\t<meta name=\"twitter:data1\" content=\"2 minutes\" \/>\n<script type=\"application\/ld+json\" class=\"yoast-schema-graph\">{\"@context\":\"https:\/\/schema.org\",\"@graph\":[{\"@type\":\"WebPage\",\"@id\":\"https:\/\/ravon.com.tr\/product\/uc-tekerli-yassi-kablo-halat-makarasi-celik-saddle-6-8-mm\/\",\"url\":\"https:\/\/ravon.com.tr\/product\/uc-tekerli-yassi-kablo-halat-makarasi-celik-saddle-6-8-mm\/\",\"name\":\"\u00dc\u00e7 Tekerli Yass\u0131 Kablo Halat Makaras\u0131 \u00c7elik Saddle (6-8 mm) - Ravon Enerji ve Data Transfer Sistemleri\",\"isPartOf\":{\"@id\":\"https:\/\/ravon.com.tr\/#website\"},\"primaryImageOfPage\":{\"@id\":\"https:\/\/ravon.com.tr\/product\/uc-tekerli-yassi-kablo-halat-makarasi-celik-saddle-6-8-mm\/#primaryimage\"},\"image\":{\"@id\":\"https:\/\/ravon.com.tr\/product\/uc-tekerli-yassi-kablo-halat-makarasi-celik-saddle-6-8-mm\/#primaryimage\"},\"thumbnailUrl\":\"https:\/\/ravon.com.tr\/wp-content\/uploads\/2023\/12\/R500R056.webp\",\"datePublished\":\"2023-12-09T09:35:51+00:00\",\"dateModified\":\"2024-09-13T05:27:41+00:00\",\"breadcrumb\":{\"@id\":\"https:\/\/ravon.com.tr\/product\/uc-tekerli-yassi-kablo-halat-makarasi-celik-saddle-6-8-mm\/#breadcrumb\"},\"inLanguage\":\"en-US\",\"potentialAction\":[{\"@type\":\"ReadAction\",\"target\":[\"https:\/\/ravon.com.tr\/product\/uc-tekerli-yassi-kablo-halat-makarasi-celik-saddle-6-8-mm\/\"]}]},{\"@type\":\"ImageObject\",\"inLanguage\":\"en-US\",\"@id\":\"https:\/\/ravon.com.tr\/product\/uc-tekerli-yassi-kablo-halat-makarasi-celik-saddle-6-8-mm\/#primaryimage\",\"url\":\"https:\/\/ravon.com.tr\/wp-content\/uploads\/2023\/12\/R500R056.webp\",\"contentUrl\":\"https:\/\/ravon.com.tr\/wp-content\/uploads\/2023\/12\/R500R056.webp\",\"width\":1389,\"height\":1390},{\"@type\":\"BreadcrumbList\",\"@id\":\"https:\/\/ravon.com.tr\/product\/uc-tekerli-yassi-kablo-halat-makarasi-celik-saddle-6-8-mm\/#breadcrumb\",\"itemListElement\":[{\"@type\":\"ListItem\",\"position\":1,\"name\":\"Anasayfa\",\"item\":\"https:\/\/ravon.com.tr\/\"},{\"@type\":\"ListItem\",\"position\":2,\"name\":\"\u00dcr\u00fcnler\",\"item\":\"https:\/\/ravon.com.tr\/shop\/\"},{\"@type\":\"ListItem\",\"position\":3,\"name\":\"\u00dc\u00e7 Tekerli Yass\u0131 Kablo Halat Makaras\u0131 \u00c7elik Saddle (6-8 mm)\"}]},{\"@type\":\"WebSite\",\"@id\":\"https:\/\/ravon.com.tr\/#website\",\"url\":\"https:\/\/ravon.com.tr\/\",\"name\":\"Ravon Enerji ve Data Transfer Sistemleri\",\"description\":\"Ravon Enerji ve Data Transfer Sistemleri\",\"publisher\":{\"@id\":\"https:\/\/ravon.com.tr\/#organization\"},\"potentialAction\":[{\"@type\":\"SearchAction\",\"target\":{\"@type\":\"EntryPoint\",\"urlTemplate\":\"https:\/\/ravon.com.tr\/?s={search_term_string}\"},\"query-input\":{\"@type\":\"PropertyValueSpecification\",\"valueRequired\":true,\"valueName\":\"search_term_string\"}}],\"inLanguage\":\"en-US\"},{\"@type\":\"Organization\",\"@id\":\"https:\/\/ravon.com.tr\/#organization\",\"name\":\"Ravon Enerji ve Data Transfer Sistemleri\",\"url\":\"https:\/\/ravon.com.tr\/\",\"logo\":{\"@type\":\"ImageObject\",\"inLanguage\":\"en-US\",\"@id\":\"https:\/\/ravon.com.tr\/#\/schema\/logo\/image\/\",\"url\":\"https:\/\/ravon.com.tr\/wp-content\/uploads\/2023\/08\/tinywow_ravon-logo__2__30279301_1-removebg-preview1.png\",\"contentUrl\":\"https:\/\/ravon.com.tr\/wp-content\/uploads\/2023\/08\/tinywow_ravon-logo__2__30279301_1-removebg-preview1.png\",\"width\":745,\"height\":335,\"caption\":\"Ravon Enerji ve Data Transfer Sistemleri\"},\"image\":{\"@id\":\"https:\/\/ravon.com.tr\/#\/schema\/logo\/image\/\"},\"sameAs\":[\"https:\/\/www.facebook.com\/ravonfestoon\",\"https:\/\/x.com\/ravonfestoon\",\"https:\/\/www.instagram.com\/ravon_festoon\/\"]}]}<\/script>\n<!-- \/ Yoast SEO Premium plugin. -->","yoast_head_json":{"title":"\u00dc\u00e7 Tekerli Yass\u0131 Kablo Halat Makaras\u0131 \u00c7elik Saddle (6-8 mm) - Ravon Enerji ve Data Transfer Sistemleri","robots":{"index":"index","follow":"follow","max-snippet":"max-snippet:-1","max-image-preview":"max-image-preview:large","max-video-preview":"max-video-preview:-1"},"canonical":"https:\/\/ravon.com.tr\/en\/product\/uc-tekerli-yassi-kablo-halat-makarasi-celik-saddle-6-8-mm\/","og_locale":"en_US","og_type":"article","og_title":"\u00dc\u00e7 Tekerli Yass\u0131 Kablo Halat Makaras\u0131 \u00c7elik Saddle (6-8 mm)","og_description":"Kablo Ta\u015f\u0131ma Arabas\u0131 \/ Yass\u0131 Kablo Kablo ta\u015f\u0131ma arabas\u0131, festoon sistemlerinin temel bile\u015fenlerinden biridir. \u00dcst k\u0131sm\u0131nda bulunan 2 adet teker a\u011f\u0131rl\u0131\u011f\u0131 ta\u015f\u0131rken alttaki teker halat\u0131 kavramas\u0131na yard\u0131mc\u0131 olur ve halat \u00fczerinde sorunsuz bir hareket sa\u011flar. Bu tekerler, araban\u0131n halat \u00fczerinde rahat\u00e7a hareket etmesine olanak sa\u011flar, b\u00f6ylece y\u00fcklerin d\u00fczg\u00fcn ve etkili bir \u015fekilde ta\u015f\u0131nmas\u0131na yard\u0131mc\u0131 olur [&hellip;]","og_url":"https:\/\/ravon.com.tr\/en\/product\/uc-tekerli-yassi-kablo-halat-makarasi-celik-saddle-6-8-mm\/","og_site_name":"Ravon Enerji ve Data Transfer Sistemleri","article_publisher":"https:\/\/www.facebook.com\/ravonfestoon","article_modified_time":"2024-09-13T05:27:41+00:00","og_image":[{"width":1389,"height":1390,"url":"https:\/\/ravon.com.tr\/wp-content\/uploads\/2023\/12\/R500R056.webp","type":"image\/webp"}],"twitter_card":"summary_large_image","twitter_site":"@ravonfestoon","twitter_misc":{"Est. reading time":"2 minutes"},"schema":{"@context":"https:\/\/schema.org","@graph":[{"@type":"WebPage","@id":"https:\/\/ravon.com.tr\/product\/uc-tekerli-yassi-kablo-halat-makarasi-celik-saddle-6-8-mm\/","url":"https:\/\/ravon.com.tr\/product\/uc-tekerli-yassi-kablo-halat-makarasi-celik-saddle-6-8-mm\/","name":"\u00dc\u00e7 Tekerli Yass\u0131 Kablo Halat Makaras\u0131 \u00c7elik Saddle (6-8 mm) - Ravon Enerji ve Data Transfer Sistemleri","isPartOf":{"@id":"https:\/\/ravon.com.tr\/#website"},"primaryImageOfPage":{"@id":"https:\/\/ravon.com.tr\/product\/uc-tekerli-yassi-kablo-halat-makarasi-celik-saddle-6-8-mm\/#primaryimage"},"image":{"@id":"https:\/\/ravon.com.tr\/product\/uc-tekerli-yassi-kablo-halat-makarasi-celik-saddle-6-8-mm\/#primaryimage"},"thumbnailUrl":"https:\/\/ravon.com.tr\/wp-content\/uploads\/2023\/12\/R500R056.webp","datePublished":"2023-12-09T09:35:51+00:00","dateModified":"2024-09-13T05:27:41+00:00","breadcrumb":{"@id":"https:\/\/ravon.com.tr\/product\/uc-tekerli-yassi-kablo-halat-makarasi-celik-saddle-6-8-mm\/#breadcrumb"},"inLanguage":"en-US","potentialAction":[{"@type":"ReadAction","target":["https:\/\/ravon.com.tr\/product\/uc-tekerli-yassi-kablo-halat-makarasi-celik-saddle-6-8-mm\/"]}]},{"@type":"ImageObject","inLanguage":"en-US","@id":"https:\/\/ravon.com.tr\/product\/uc-tekerli-yassi-kablo-halat-makarasi-celik-saddle-6-8-mm\/#primaryimage","url":"https:\/\/ravon.com.tr\/wp-content\/uploads\/2023\/12\/R500R056.webp","contentUrl":"https:\/\/ravon.com.tr\/wp-content\/uploads\/2023\/12\/R500R056.webp","width":1389,"height":1390},{"@type":"BreadcrumbList","@id":"https:\/\/ravon.com.tr\/product\/uc-tekerli-yassi-kablo-halat-makarasi-celik-saddle-6-8-mm\/#breadcrumb","itemListElement":[{"@type":"ListItem","position":1,"name":"Anasayfa","item":"https:\/\/ravon.com.tr\/"},{"@type":"ListItem","position":2,"name":"\u00dcr\u00fcnler","item":"https:\/\/ravon.com.tr\/shop\/"},{"@type":"ListItem","position":3,"name":"\u00dc\u00e7 Tekerli Yass\u0131 Kablo Halat Makaras\u0131 \u00c7elik Saddle (6-8 mm)"}]},{"@type":"WebSite","@id":"https:\/\/ravon.com.tr\/#website","url":"https:\/\/ravon.com.tr\/","name":"Ravon Enerji ve Data Transfer Sistemleri","description":"Ravon Enerji ve Data Transfer Sistemleri","publisher":{"@id":"https:\/\/ravon.com.tr\/#organization"},"potentialAction":[{"@type":"SearchAction","target":{"@type":"EntryPoint","urlTemplate":"https:\/\/ravon.com.tr\/?s={search_term_string}"},"query-input":{"@type":"PropertyValueSpecification","valueRequired":true,"valueName":"search_term_string"}}],"inLanguage":"en-US"},{"@type":"Organization","@id":"https:\/\/ravon.com.tr\/#organization","name":"Ravon Enerji ve Data Transfer Sistemleri","url":"https:\/\/ravon.com.tr\/","logo":{"@type":"ImageObject","inLanguage":"en-US","@id":"https:\/\/ravon.com.tr\/#\/schema\/logo\/image\/","url":"https:\/\/ravon.com.tr\/wp-content\/uploads\/2023\/08\/tinywow_ravon-logo__2__30279301_1-removebg-preview1.png","contentUrl":"https:\/\/ravon.com.tr\/wp-content\/uploads\/2023\/08\/tinywow_ravon-logo__2__30279301_1-removebg-preview1.png","width":745,"height":335,"caption":"Ravon Enerji ve Data Transfer Sistemleri"},"image":{"@id":"https:\/\/ravon.com.tr\/#\/schema\/logo\/image\/"},"sameAs":["https:\/\/www.facebook.com\/ravonfestoon","https:\/\/x.com\/ravonfestoon","https:\/\/www.instagram.com\/ravon_festoon\/"]}]}},"_links":{"self":[{"href":"https:\/\/ravon.com.tr\/en\/wp-json\/wp\/v2\/product\/11647","targetHints":{"allow":["GET"]}}],"collection":[{"href":"https:\/\/ravon.com.tr\/en\/wp-json\/wp\/v2\/product"}],"about":[{"href":"https:\/\/ravon.com.tr\/en\/wp-json\/wp\/v2\/types\/product"}],"wp:featuredmedia":[{"embeddable":true,"href":"https:\/\/ravon.com.tr\/en\/wp-json\/wp\/v2\/media\/11471"}],"wp:attachment":[{"href":"https:\/\/ravon.com.tr\/en\/wp-json\/wp\/v2\/media?parent=11647"}],"wp:term":[{"taxonomy":"product_brand","embeddable":true,"href":"https:\/\/ravon.com.tr\/en\/wp-json\/wp\/v2\/product_brand?post=11647"},{"taxonomy":"product_cat","embeddable":true,"href":"https:\/\/ravon.com.tr\/en\/wp-json\/wp\/v2\/product_cat?post=11647"},{"taxonomy":"product_tag","embeddable":true,"href":"https:\/\/ravon.com.tr\/en\/wp-json\/wp\/v2\/product_tag?post=11647"}],"curies":[{"name":"wp","href":"https:\/\/api.w.org\/{rel}","templated":true}]}}