{"id":11656,"date":"2023-12-09T12:35:56","date_gmt":"2023-12-09T09:35:56","guid":{"rendered":"https:\/\/ravon.com.tr\/?post_type=product&#038;p=11656"},"modified":"2025-04-04T14:31:22","modified_gmt":"2025-04-04T11:31:22","slug":"yassi-kablo-baslangic-askisi-celik-saddle","status":"publish","type":"product","link":"https:\/\/ravon.com.tr\/en\/product\/yassi-kablo-baslangic-askisi-celik-saddle\/","title":{"rendered":"Wire Rope End Clamp Steel Saddle"},"content":{"rendered":"<p><strong>End Clamp\u00a0<\/strong><\/p>\n<p>The End Cable Clamp is one of the important components of cable carrier systems and is a stationary product that ensures the cable is fixed to the system. This product plays a critical role by ensuring that the system works regularly and safely. The sturdy bolt on the top allows quick and safe installation to the system. This design makes the installation process simple and effective.<\/p>\n<p>The cable clamp, called a ''Saddle'', located at the bottom, is specially designed to ensure that the cable is securely fixed to the carrier body. This saddle is manufactured to be compatible with flat cables. It prevents the cable from slipping or moving during transit, ensuring the cable's longevity and safe use. In addition, the \u00d850 mm radius of the saddle allows the cable to be bent properly without exceeding safety standards, which increases the performance and durability of the cable.<\/p>\n<p><span style=\"font-size: 10pt;\"><strong>Usage Areas:<br \/>\n<\/strong><\/span><\/p>\n<table style=\"border-collapse: collapse; width: 99.1635%; height: 166px;\">\n<tbody>\n<tr style=\"height: 156px;\">\n<td style=\"width: 20.0888%; height: 156px;\">\n<p style=\"text-align: center;\"><img loading=\"lazy\" decoding=\"async\" class=\"wp-image-12816 aligncenter\" src=\"https:\/\/ravon.com.tr\/wp-content\/uploads\/2022\/08\/Single-Girder-01.png\" alt=\"\" width=\"129\" height=\"95\" \/><strong>Single Girder Crane<\/strong><\/p>\n<\/td>\n<td style=\"width: 19.772%; text-align: center; height: 156px;\"><img loading=\"lazy\" decoding=\"async\" class=\"wp-image-12817 aligncenter\" src=\"https:\/\/ravon.com.tr\/wp-content\/uploads\/2022\/08\/Double-Girder-01-01.png\" alt=\"\" width=\"129\" height=\"95\" \/><strong>Double Girder Crane<\/strong><\/td>\n<td style=\"width: 18.4662%; text-align: center; height: 156px;\"><img loading=\"lazy\" decoding=\"async\" class=\"wp-image-12818 aligncenter\" src=\"https:\/\/ravon.com.tr\/wp-content\/uploads\/2022\/08\/Portal-Crane-01-01-01.png\" alt=\"\" width=\"121\" height=\"101\" \/><strong>Gantry Crane<\/strong><\/td>\n<td style=\"width: 18.5449%; text-align: center; height: 156px;\"><img loading=\"lazy\" decoding=\"async\" class=\"wp-image-12819 aligncenter\" src=\"https:\/\/ravon.com.tr\/wp-content\/uploads\/2022\/08\/Production-Line-01-01.png\" alt=\"\" width=\"117\" height=\"94\" \/><strong>Conveyor<\/strong><\/td>\n<td style=\"width: 22.2916%; text-align: center; height: 156px;\"><img loading=\"lazy\" decoding=\"async\" class=\"wp-image-12820 aligncenter\" src=\"https:\/\/ravon.com.tr\/wp-content\/uploads\/2022\/08\/Car-Washing-01-01.png\" alt=\"\" width=\"146\" height=\"95\" \/><strong>Washing Machine<\/strong><\/td>\n<\/tr>\n<tr style=\"height: 23px;\">\n<td style=\"width: 20.0888%; height: 10px;\"><\/td>\n<td style=\"width: 19.772%; height: 10px;\"><\/td>\n<td style=\"width: 18.4662%; height: 10px;\"><\/td>\n<td style=\"width: 18.5449%; height: 10px;\"><\/td>\n<td style=\"width: 22.2916%; height: 10px;\"><\/td>\n<\/tr>\n<\/tbody>\n<\/table>","protected":false},"excerpt":{"rendered":"<p>Kablo Ba\u015flang\u0131\u00e7 Ask\u0131s\u0131\u00a0 Kablo Ba\u015flang\u0131\u00e7 Ask\u0131s\u0131, kablo ta\u015f\u0131y\u0131c\u0131 sistemlerin \u00f6nemli bile\u015fenlerinden biri olup, kablonun sisteme sabitlenmesini sa\u011flayan hareketsiz bir \u00fcr\u00fcnd\u00fcr. Bu \u00fcr\u00fcn, sistemin d\u00fczenli ve g\u00fcvenli bir \u015fekilde \u00e7al\u0131\u015fmas\u0131n\u0131 sa\u011flayarak kritik bir rol oynar. \u00dcst k\u0131sm\u0131nda bulunan sa\u011flam civata sisteme h\u0131zl\u0131 ve g\u00fcvenli bir \u015fekilde montaj yap\u0131l\u0131r. Bu tasar\u0131m, kurulum s\u00fcrecini basit ve etkili hale [&hellip;]<\/p>","protected":false},"featured_media":11476,"template":"","meta":{"_acf_changed":false,"_et_pb_use_builder":"","_et_pb_old_content":"","_et_gb_content_width":""},"product_brand":[],"product_cat":[773],"product_tag":[],"class_list":{"0":"post-11656","1":"product","2":"type-product","3":"status-publish","4":"has-post-thumbnail","6":"product_cat-500-serisi","8":"first","9":"instock","10":"shipping-taxable","11":"product-type-simple"},"acf":[],"yoast_head":"<!-- This site is optimized with the Yoast SEO Premium plugin v20.13 (Yoast SEO v25.7) - https:\/\/yoast.com\/wordpress\/plugins\/seo\/ -->\n<title>Yass\u0131 Kablo Ba\u015flang\u0131\u00e7 Ask\u0131s\u0131 \u00c7elik Saddle - Ravon Enerji ve Data Transfer Sistemleri<\/title>\n<meta name=\"robots\" content=\"index, follow, max-snippet:-1, max-image-preview:large, max-video-preview:-1\" \/>\n<link rel=\"canonical\" href=\"https:\/\/ravon.com.tr\/en\/product\/yassi-kablo-baslangic-askisi-celik-saddle\/\" \/>\n<meta property=\"og:locale\" content=\"en_US\" \/>\n<meta property=\"og:type\" content=\"article\" \/>\n<meta property=\"og:title\" content=\"Yass\u0131 Kablo Ba\u015flang\u0131\u00e7 Ask\u0131s\u0131 \u00c7elik Saddle\" \/>\n<meta property=\"og:description\" content=\"Kablo Ba\u015flang\u0131\u00e7 Ask\u0131s\u0131\u00a0 Kablo Ba\u015flang\u0131\u00e7 Ask\u0131s\u0131, kablo ta\u015f\u0131y\u0131c\u0131 sistemlerin \u00f6nemli bile\u015fenlerinden biri olup, kablonun sisteme sabitlenmesini sa\u011flayan hareketsiz bir \u00fcr\u00fcnd\u00fcr. Bu \u00fcr\u00fcn, sistemin d\u00fczenli ve g\u00fcvenli bir \u015fekilde \u00e7al\u0131\u015fmas\u0131n\u0131 sa\u011flayarak kritik bir rol oynar. \u00dcst k\u0131sm\u0131nda bulunan sa\u011flam civata sisteme h\u0131zl\u0131 ve g\u00fcvenli bir \u015fekilde montaj yap\u0131l\u0131r. Bu tasar\u0131m, kurulum s\u00fcrecini basit ve etkili hale [&hellip;]\" \/>\n<meta property=\"og:url\" content=\"https:\/\/ravon.com.tr\/en\/product\/yassi-kablo-baslangic-askisi-celik-saddle\/\" \/>\n<meta property=\"og:site_name\" content=\"Ravon Enerji ve Data Transfer Sistemleri\" \/>\n<meta property=\"article:publisher\" content=\"https:\/\/www.facebook.com\/ravonfestoon\" \/>\n<meta property=\"article:modified_time\" content=\"2025-04-04T11:31:22+00:00\" \/>\n<meta property=\"og:image\" content=\"https:\/\/ravon.com.tr\/wp-content\/uploads\/2023\/12\/R500R061.webp\" \/>\n\t<meta property=\"og:image:width\" content=\"1389\" \/>\n\t<meta property=\"og:image:height\" content=\"1390\" \/>\n\t<meta property=\"og:image:type\" content=\"image\/webp\" \/>\n<meta name=\"twitter:card\" content=\"summary_large_image\" \/>\n<meta name=\"twitter:site\" content=\"@ravonfestoon\" \/>\n<meta name=\"twitter:label1\" content=\"Est. reading time\" \/>\n\t<meta name=\"twitter:data1\" content=\"3 minutes\" \/>\n<script type=\"application\/ld+json\" class=\"yoast-schema-graph\">{\"@context\":\"https:\/\/schema.org\",\"@graph\":[{\"@type\":\"WebPage\",\"@id\":\"https:\/\/ravon.com.tr\/product\/yassi-kablo-baslangic-askisi-celik-saddle\/\",\"url\":\"https:\/\/ravon.com.tr\/product\/yassi-kablo-baslangic-askisi-celik-saddle\/\",\"name\":\"Yass\u0131 Kablo Ba\u015flang\u0131\u00e7 Ask\u0131s\u0131 \u00c7elik Saddle - Ravon Enerji ve Data Transfer Sistemleri\",\"isPartOf\":{\"@id\":\"https:\/\/ravon.com.tr\/#website\"},\"primaryImageOfPage\":{\"@id\":\"https:\/\/ravon.com.tr\/product\/yassi-kablo-baslangic-askisi-celik-saddle\/#primaryimage\"},\"image\":{\"@id\":\"https:\/\/ravon.com.tr\/product\/yassi-kablo-baslangic-askisi-celik-saddle\/#primaryimage\"},\"thumbnailUrl\":\"https:\/\/ravon.com.tr\/wp-content\/uploads\/2023\/12\/R500R061.webp\",\"datePublished\":\"2023-12-09T09:35:56+00:00\",\"dateModified\":\"2025-04-04T11:31:22+00:00\",\"breadcrumb\":{\"@id\":\"https:\/\/ravon.com.tr\/product\/yassi-kablo-baslangic-askisi-celik-saddle\/#breadcrumb\"},\"inLanguage\":\"en-US\",\"potentialAction\":[{\"@type\":\"ReadAction\",\"target\":[\"https:\/\/ravon.com.tr\/product\/yassi-kablo-baslangic-askisi-celik-saddle\/\"]}]},{\"@type\":\"ImageObject\",\"inLanguage\":\"en-US\",\"@id\":\"https:\/\/ravon.com.tr\/product\/yassi-kablo-baslangic-askisi-celik-saddle\/#primaryimage\",\"url\":\"https:\/\/ravon.com.tr\/wp-content\/uploads\/2023\/12\/R500R061.webp\",\"contentUrl\":\"https:\/\/ravon.com.tr\/wp-content\/uploads\/2023\/12\/R500R061.webp\",\"width\":1389,\"height\":1390},{\"@type\":\"BreadcrumbList\",\"@id\":\"https:\/\/ravon.com.tr\/product\/yassi-kablo-baslangic-askisi-celik-saddle\/#breadcrumb\",\"itemListElement\":[{\"@type\":\"ListItem\",\"position\":1,\"name\":\"Anasayfa\",\"item\":\"https:\/\/ravon.com.tr\/\"},{\"@type\":\"ListItem\",\"position\":2,\"name\":\"\u00dcr\u00fcnler\",\"item\":\"https:\/\/ravon.com.tr\/shop\/\"},{\"@type\":\"ListItem\",\"position\":3,\"name\":\"Yass\u0131 Kablo Ba\u015flang\u0131\u00e7 Ask\u0131s\u0131 \u00c7elik Saddle\"}]},{\"@type\":\"WebSite\",\"@id\":\"https:\/\/ravon.com.tr\/#website\",\"url\":\"https:\/\/ravon.com.tr\/\",\"name\":\"Ravon Enerji ve Data Transfer Sistemleri\",\"description\":\"Ravon Enerji ve Data Transfer Sistemleri\",\"publisher\":{\"@id\":\"https:\/\/ravon.com.tr\/#organization\"},\"potentialAction\":[{\"@type\":\"SearchAction\",\"target\":{\"@type\":\"EntryPoint\",\"urlTemplate\":\"https:\/\/ravon.com.tr\/?s={search_term_string}\"},\"query-input\":{\"@type\":\"PropertyValueSpecification\",\"valueRequired\":true,\"valueName\":\"search_term_string\"}}],\"inLanguage\":\"en-US\"},{\"@type\":\"Organization\",\"@id\":\"https:\/\/ravon.com.tr\/#organization\",\"name\":\"Ravon Enerji ve Data Transfer Sistemleri\",\"url\":\"https:\/\/ravon.com.tr\/\",\"logo\":{\"@type\":\"ImageObject\",\"inLanguage\":\"en-US\",\"@id\":\"https:\/\/ravon.com.tr\/#\/schema\/logo\/image\/\",\"url\":\"https:\/\/ravon.com.tr\/wp-content\/uploads\/2023\/08\/tinywow_ravon-logo__2__30279301_1-removebg-preview1.png\",\"contentUrl\":\"https:\/\/ravon.com.tr\/wp-content\/uploads\/2023\/08\/tinywow_ravon-logo__2__30279301_1-removebg-preview1.png\",\"width\":745,\"height\":335,\"caption\":\"Ravon Enerji ve Data Transfer Sistemleri\"},\"image\":{\"@id\":\"https:\/\/ravon.com.tr\/#\/schema\/logo\/image\/\"},\"sameAs\":[\"https:\/\/www.facebook.com\/ravonfestoon\",\"https:\/\/x.com\/ravonfestoon\",\"https:\/\/www.instagram.com\/ravon_festoon\/\"]}]}<\/script>\n<!-- \/ Yoast SEO Premium plugin. -->","yoast_head_json":{"title":"Yass\u0131 Kablo Ba\u015flang\u0131\u00e7 Ask\u0131s\u0131 \u00c7elik Saddle - Ravon Enerji ve Data Transfer Sistemleri","robots":{"index":"index","follow":"follow","max-snippet":"max-snippet:-1","max-image-preview":"max-image-preview:large","max-video-preview":"max-video-preview:-1"},"canonical":"https:\/\/ravon.com.tr\/en\/product\/yassi-kablo-baslangic-askisi-celik-saddle\/","og_locale":"en_US","og_type":"article","og_title":"Yass\u0131 Kablo Ba\u015flang\u0131\u00e7 Ask\u0131s\u0131 \u00c7elik Saddle","og_description":"Kablo Ba\u015flang\u0131\u00e7 Ask\u0131s\u0131\u00a0 Kablo Ba\u015flang\u0131\u00e7 Ask\u0131s\u0131, kablo ta\u015f\u0131y\u0131c\u0131 sistemlerin \u00f6nemli bile\u015fenlerinden biri olup, kablonun sisteme sabitlenmesini sa\u011flayan hareketsiz bir \u00fcr\u00fcnd\u00fcr. Bu \u00fcr\u00fcn, sistemin d\u00fczenli ve g\u00fcvenli bir \u015fekilde \u00e7al\u0131\u015fmas\u0131n\u0131 sa\u011flayarak kritik bir rol oynar. \u00dcst k\u0131sm\u0131nda bulunan sa\u011flam civata sisteme h\u0131zl\u0131 ve g\u00fcvenli bir \u015fekilde montaj yap\u0131l\u0131r. Bu tasar\u0131m, kurulum s\u00fcrecini basit ve etkili hale [&hellip;]","og_url":"https:\/\/ravon.com.tr\/en\/product\/yassi-kablo-baslangic-askisi-celik-saddle\/","og_site_name":"Ravon Enerji ve Data Transfer Sistemleri","article_publisher":"https:\/\/www.facebook.com\/ravonfestoon","article_modified_time":"2025-04-04T11:31:22+00:00","og_image":[{"width":1389,"height":1390,"url":"https:\/\/ravon.com.tr\/wp-content\/uploads\/2023\/12\/R500R061.webp","type":"image\/webp"}],"twitter_card":"summary_large_image","twitter_site":"@ravonfestoon","twitter_misc":{"Est. reading time":"3 minutes"},"schema":{"@context":"https:\/\/schema.org","@graph":[{"@type":"WebPage","@id":"https:\/\/ravon.com.tr\/product\/yassi-kablo-baslangic-askisi-celik-saddle\/","url":"https:\/\/ravon.com.tr\/product\/yassi-kablo-baslangic-askisi-celik-saddle\/","name":"Yass\u0131 Kablo Ba\u015flang\u0131\u00e7 Ask\u0131s\u0131 \u00c7elik Saddle - Ravon Enerji ve Data Transfer Sistemleri","isPartOf":{"@id":"https:\/\/ravon.com.tr\/#website"},"primaryImageOfPage":{"@id":"https:\/\/ravon.com.tr\/product\/yassi-kablo-baslangic-askisi-celik-saddle\/#primaryimage"},"image":{"@id":"https:\/\/ravon.com.tr\/product\/yassi-kablo-baslangic-askisi-celik-saddle\/#primaryimage"},"thumbnailUrl":"https:\/\/ravon.com.tr\/wp-content\/uploads\/2023\/12\/R500R061.webp","datePublished":"2023-12-09T09:35:56+00:00","dateModified":"2025-04-04T11:31:22+00:00","breadcrumb":{"@id":"https:\/\/ravon.com.tr\/product\/yassi-kablo-baslangic-askisi-celik-saddle\/#breadcrumb"},"inLanguage":"en-US","potentialAction":[{"@type":"ReadAction","target":["https:\/\/ravon.com.tr\/product\/yassi-kablo-baslangic-askisi-celik-saddle\/"]}]},{"@type":"ImageObject","inLanguage":"en-US","@id":"https:\/\/ravon.com.tr\/product\/yassi-kablo-baslangic-askisi-celik-saddle\/#primaryimage","url":"https:\/\/ravon.com.tr\/wp-content\/uploads\/2023\/12\/R500R061.webp","contentUrl":"https:\/\/ravon.com.tr\/wp-content\/uploads\/2023\/12\/R500R061.webp","width":1389,"height":1390},{"@type":"BreadcrumbList","@id":"https:\/\/ravon.com.tr\/product\/yassi-kablo-baslangic-askisi-celik-saddle\/#breadcrumb","itemListElement":[{"@type":"ListItem","position":1,"name":"Anasayfa","item":"https:\/\/ravon.com.tr\/"},{"@type":"ListItem","position":2,"name":"\u00dcr\u00fcnler","item":"https:\/\/ravon.com.tr\/shop\/"},{"@type":"ListItem","position":3,"name":"Yass\u0131 Kablo Ba\u015flang\u0131\u00e7 Ask\u0131s\u0131 \u00c7elik Saddle"}]},{"@type":"WebSite","@id":"https:\/\/ravon.com.tr\/#website","url":"https:\/\/ravon.com.tr\/","name":"Ravon Enerji ve Data Transfer Sistemleri","description":"Ravon Enerji ve Data Transfer Sistemleri","publisher":{"@id":"https:\/\/ravon.com.tr\/#organization"},"potentialAction":[{"@type":"SearchAction","target":{"@type":"EntryPoint","urlTemplate":"https:\/\/ravon.com.tr\/?s={search_term_string}"},"query-input":{"@type":"PropertyValueSpecification","valueRequired":true,"valueName":"search_term_string"}}],"inLanguage":"en-US"},{"@type":"Organization","@id":"https:\/\/ravon.com.tr\/#organization","name":"Ravon Enerji ve Data Transfer Sistemleri","url":"https:\/\/ravon.com.tr\/","logo":{"@type":"ImageObject","inLanguage":"en-US","@id":"https:\/\/ravon.com.tr\/#\/schema\/logo\/image\/","url":"https:\/\/ravon.com.tr\/wp-content\/uploads\/2023\/08\/tinywow_ravon-logo__2__30279301_1-removebg-preview1.png","contentUrl":"https:\/\/ravon.com.tr\/wp-content\/uploads\/2023\/08\/tinywow_ravon-logo__2__30279301_1-removebg-preview1.png","width":745,"height":335,"caption":"Ravon Enerji ve Data Transfer Sistemleri"},"image":{"@id":"https:\/\/ravon.com.tr\/#\/schema\/logo\/image\/"},"sameAs":["https:\/\/www.facebook.com\/ravonfestoon","https:\/\/x.com\/ravonfestoon","https:\/\/www.instagram.com\/ravon_festoon\/"]}]}},"_links":{"self":[{"href":"https:\/\/ravon.com.tr\/en\/wp-json\/wp\/v2\/product\/11656","targetHints":{"allow":["GET"]}}],"collection":[{"href":"https:\/\/ravon.com.tr\/en\/wp-json\/wp\/v2\/product"}],"about":[{"href":"https:\/\/ravon.com.tr\/en\/wp-json\/wp\/v2\/types\/product"}],"wp:featuredmedia":[{"embeddable":true,"href":"https:\/\/ravon.com.tr\/en\/wp-json\/wp\/v2\/media\/11476"}],"wp:attachment":[{"href":"https:\/\/ravon.com.tr\/en\/wp-json\/wp\/v2\/media?parent=11656"}],"wp:term":[{"taxonomy":"product_brand","embeddable":true,"href":"https:\/\/ravon.com.tr\/en\/wp-json\/wp\/v2\/product_brand?post=11656"},{"taxonomy":"product_cat","embeddable":true,"href":"https:\/\/ravon.com.tr\/en\/wp-json\/wp\/v2\/product_cat?post=11656"},{"taxonomy":"product_tag","embeddable":true,"href":"https:\/\/ravon.com.tr\/en\/wp-json\/wp\/v2\/product_tag?post=11656"}],"curies":[{"name":"wp","href":"https:\/\/api.w.org\/{rel}","templated":true}]}}