{"id":11699,"date":"2023-12-09T18:21:36","date_gmt":"2023-12-09T15:21:36","guid":{"rendered":"https:\/\/ravon.com.tr\/?post_type=product&#038;p=11699"},"modified":"2025-01-07T08:47:18","modified_gmt":"2025-01-07T05:47:18","slug":"r3028r4-c-profil-15-mm-200-mm","status":"publish","type":"product","link":"https:\/\/ravon.com.tr\/en\/product\/r3028r4-c-profil-15-mm-200-mm\/","title":{"rendered":"C Track 2,00 mm"},"content":{"rendered":"<div class=\"et_pb_module et_pb_text et_pb_text_3_tb_body et_pb_text_align_justified et_pb_bg_layout_light\">\n<div class=\"et_pb_text_inner\">\n<div class=\"woocommerce et-dynamic-content-woo et-dynamic-content-woo--product_description\">\n<p><strong>C Track<\/strong><\/p>\n<p>Ravon C Track is a product used for cable management in electrical installations of industrial facilities. These Tracks are used to organize, protect, and support cables during their movement. C Trucks are usually made of durable materials such as steel or aluminum and are available in different sizes and shapes.<\/p>\n<p>Ravon C Track is used in areas such as electrical panels, industrial machines, cranes, building installations, and other electrical systems.<\/p>\n<p>These Tracks are generally supplied as a set that includes truck hangers, support arm bracket, support arm, cable trolley, tow trolley, kontrol unit trolley, end clamp, end stop, cable clip, a flat cable gland, and end cap.<\/p>\n<p><span style=\"font-size: 10pt;\"><strong>Usage Areas:<br \/>\n<\/strong><\/span><\/p>\n<table style=\"border-collapse: collapse; width: 99.1635%; height: 166px;\">\n<tbody>\n<tr style=\"height: 156px;\">\n<td style=\"width: 20.0888%; height: 156px;\">\n<p style=\"text-align: center;\"><img loading=\"lazy\" decoding=\"async\" class=\"wp-image-12816 aligncenter\" src=\"https:\/\/ravon.com.tr\/wp-content\/uploads\/2022\/08\/Single-Girder-01.png\" alt=\"\" width=\"129\" height=\"95\" \/><strong>Single Girder Crane<\/strong><\/p>\n<\/td>\n<td style=\"width: 19.772%; text-align: center; height: 156px;\"><img loading=\"lazy\" decoding=\"async\" class=\"wp-image-12817 aligncenter\" src=\"https:\/\/ravon.com.tr\/wp-content\/uploads\/2022\/08\/Double-Girder-01-01.png\" alt=\"\" width=\"129\" height=\"95\" \/><strong>Double Girder Crane<\/strong><\/td>\n<td style=\"width: 18.4662%; text-align: center; height: 156px;\"><img loading=\"lazy\" decoding=\"async\" class=\"wp-image-12818 aligncenter\" src=\"https:\/\/ravon.com.tr\/wp-content\/uploads\/2022\/08\/Portal-Crane-01-01-01.png\" alt=\"\" width=\"121\" height=\"101\" \/><strong>Gantry Crane<\/strong><\/td>\n<td style=\"width: 18.5449%; text-align: center; height: 156px;\"><img loading=\"lazy\" decoding=\"async\" class=\"wp-image-12819 aligncenter\" src=\"https:\/\/ravon.com.tr\/wp-content\/uploads\/2022\/08\/Production-Line-01-01.png\" alt=\"\" width=\"117\" height=\"94\" \/><strong>Konvey\u00f6r<\/strong><\/td>\n<td style=\"width: 22.2916%; text-align: center; height: 156px;\"><img loading=\"lazy\" decoding=\"async\" class=\"wp-image-12820 aligncenter\" src=\"https:\/\/ravon.com.tr\/wp-content\/uploads\/2022\/08\/Car-Washing-01-01.png\" alt=\"\" width=\"146\" height=\"95\" \/><strong>Washing Machine<\/strong><\/td>\n<\/tr>\n<tr style=\"height: 23px;\">\n<td style=\"width: 20.0888%; height: 10px;\"><\/td>\n<td style=\"width: 19.772%; height: 10px;\"><\/td>\n<td style=\"width: 18.4662%; height: 10px;\"><\/td>\n<td style=\"width: 18.5449%; height: 10px;\"><\/td>\n<td style=\"width: 22.2916%; height: 10px;\"><\/td>\n<\/tr>\n<\/tbody>\n<\/table>\n<\/div>\n<\/div>\n<\/div>","protected":false},"excerpt":{"rendered":"<p>C Profil Ravon C Profil, end\u00fcstriyel tesislerin elektrik tesisat\u0131nda kablo y\u00f6netimi i\u00e7in kullan\u0131lan bir \u00fcr\u00fcnd\u00fcr. Bu profiller, kablolar\u0131n hareketi esnas\u0131nda kablolar\u0131 d\u00fczenlemek, korumak ve desteklemek i\u00e7in kullan\u0131l\u0131r. Genellikle \u00e7elik veya al\u00fcminyum gibi dayan\u0131kl\u0131 malzemelerden imal edilirler ve farkl\u0131 boyutlarda ve \u015fekillerde bulunabilirler. Ravon C Profil, elektrik panolar\u0131, end\u00fcstriyel makineler, vin\u00e7ler, bina tesisat\u0131 ve di\u011fer elektrik [&hellip;]<\/p>","protected":false},"featured_media":11395,"template":"","meta":{"_acf_changed":false,"_et_pb_use_builder":"off","_et_pb_old_content":"","_et_gb_content_width":""},"product_brand":[],"product_cat":[492,77,692],"product_tag":[469,467,474,475,471,473,483,468,470,478,477,479,480,482,472,476,481],"class_list":{"0":"post-11699","1":"product","2":"type-product","3":"status-publish","4":"has-post-thumbnail","6":"product_cat-kablo-tasima-sistemleri","7":"product_cat-c-profil-kablo-tasima-sistemleri","8":"product_cat-3028-serisiri","9":"product_tag-c-profil-baglanti-elemanlari","10":"product_tag-c-profil-firmalari","11":"product_tag-c-profil-fiyat-listesi","12":"product_tag-c-profil-fiyatlari","13":"product_tag-c-profil-galvaniz","14":"product_tag-c-profil-imalati","15":"product_tag-c-profil-nedir","16":"product_tag-c-profil-olculeri","17":"product_tag-c-profil-ozellikleri","18":"product_tag-c-profil-paslanmaz","19":"product_tag-c-profil-satisi","20":"product_tag-c-profil-sistemleri","21":"product_tag-c-profil-tasima-sistemleri","22":"product_tag-c-profil-ureten-firmalar","23":"product_tag-c-profil-ureticileri","24":"product_tag-c-profil-uretimi","25":"product_tag-kablo-tasima-arabasi","27":"first","28":"instock","29":"shipping-taxable","30":"product-type-simple"},"acf":[],"yoast_head":"<!-- This site is optimized with the Yoast SEO Premium plugin v20.13 (Yoast SEO v25.7) - https:\/\/yoast.com\/wordpress\/plugins\/seo\/ -->\n<title>C Profil Ravon.com.tr - Ravon Elektroteknik<\/title>\n<meta name=\"description\" content=\"C profil, C korni\u015f, Sac profil, Profil ba\u011flant\u0131, Ta\u015f\u0131ma ekipmanlar\u0131, Paslanmaz profil, Kablo Ta\u015f\u0131ma Ekipmanlar\u0131, Kayar Ask\u0131\" \/>\n<meta name=\"robots\" content=\"index, follow, max-snippet:-1, max-image-preview:large, max-video-preview:-1\" \/>\n<link rel=\"canonical\" href=\"https:\/\/ravon.com.tr\/en\/product\/r3028r4-c-profil-15-mm-200-mm\/\" \/>\n<meta property=\"og:locale\" content=\"en_US\" \/>\n<meta property=\"og:type\" content=\"article\" \/>\n<meta property=\"og:title\" content=\"C Profil 2,00 mm\" \/>\n<meta property=\"og:description\" content=\"C profil, C korni\u015f, Sac profil, Profil ba\u011flant\u0131, Ta\u015f\u0131ma ekipmanlar\u0131, Paslanmaz profil, Kablo Ta\u015f\u0131ma Ekipmanlar\u0131, Kayar Ask\u0131\" \/>\n<meta property=\"og:url\" content=\"https:\/\/ravon.com.tr\/en\/product\/r3028r4-c-profil-15-mm-200-mm\/\" \/>\n<meta property=\"og:site_name\" content=\"Ravon Enerji ve Data Transfer Sistemleri\" \/>\n<meta property=\"article:publisher\" content=\"https:\/\/www.facebook.com\/ravonfestoon\" \/>\n<meta property=\"article:modified_time\" content=\"2025-01-07T05:47:18+00:00\" \/>\n<meta property=\"og:image\" content=\"https:\/\/ravon.com.tr\/wp-content\/uploads\/2023\/12\/R3028R2.webp\" \/>\n\t<meta property=\"og:image:width\" content=\"1390\" \/>\n\t<meta property=\"og:image:height\" content=\"1390\" \/>\n\t<meta property=\"og:image:type\" content=\"image\/webp\" \/>\n<meta name=\"twitter:card\" content=\"summary_large_image\" \/>\n<meta name=\"twitter:site\" content=\"@ravonfestoon\" \/>\n<meta name=\"twitter:label1\" content=\"Est. reading time\" \/>\n\t<meta name=\"twitter:data1\" content=\"2 minutes\" \/>\n<script type=\"application\/ld+json\" class=\"yoast-schema-graph\">{\"@context\":\"https:\/\/schema.org\",\"@graph\":[{\"@type\":\"WebPage\",\"@id\":\"https:\/\/ravon.com.tr\/product\/r3028r4-c-profil-15-mm-200-mm\/\",\"url\":\"https:\/\/ravon.com.tr\/product\/r3028r4-c-profil-15-mm-200-mm\/\",\"name\":\"C Profil Ravon.com.tr - Ravon Elektroteknik\",\"isPartOf\":{\"@id\":\"https:\/\/ravon.com.tr\/#website\"},\"primaryImageOfPage\":{\"@id\":\"https:\/\/ravon.com.tr\/product\/r3028r4-c-profil-15-mm-200-mm\/#primaryimage\"},\"image\":{\"@id\":\"https:\/\/ravon.com.tr\/product\/r3028r4-c-profil-15-mm-200-mm\/#primaryimage\"},\"thumbnailUrl\":\"https:\/\/ravon.com.tr\/wp-content\/uploads\/2023\/12\/R3028R2.webp\",\"datePublished\":\"2023-12-09T15:21:36+00:00\",\"dateModified\":\"2025-01-07T05:47:18+00:00\",\"description\":\"C profil, C korni\u015f, Sac profil, Profil ba\u011flant\u0131, Ta\u015f\u0131ma ekipmanlar\u0131, Paslanmaz profil, Kablo Ta\u015f\u0131ma Ekipmanlar\u0131, Kayar Ask\u0131\",\"breadcrumb\":{\"@id\":\"https:\/\/ravon.com.tr\/product\/r3028r4-c-profil-15-mm-200-mm\/#breadcrumb\"},\"inLanguage\":\"en-US\",\"potentialAction\":[{\"@type\":\"ReadAction\",\"target\":[\"https:\/\/ravon.com.tr\/product\/r3028r4-c-profil-15-mm-200-mm\/\"]}]},{\"@type\":\"ImageObject\",\"inLanguage\":\"en-US\",\"@id\":\"https:\/\/ravon.com.tr\/product\/r3028r4-c-profil-15-mm-200-mm\/#primaryimage\",\"url\":\"https:\/\/ravon.com.tr\/wp-content\/uploads\/2023\/12\/R3028R2.webp\",\"contentUrl\":\"https:\/\/ravon.com.tr\/wp-content\/uploads\/2023\/12\/R3028R2.webp\",\"width\":1390,\"height\":1390,\"caption\":\"Profil\"},{\"@type\":\"BreadcrumbList\",\"@id\":\"https:\/\/ravon.com.tr\/product\/r3028r4-c-profil-15-mm-200-mm\/#breadcrumb\",\"itemListElement\":[{\"@type\":\"ListItem\",\"position\":1,\"name\":\"Anasayfa\",\"item\":\"https:\/\/ravon.com.tr\/\"},{\"@type\":\"ListItem\",\"position\":2,\"name\":\"\u00dcr\u00fcnler\",\"item\":\"https:\/\/ravon.com.tr\/shop\/\"},{\"@type\":\"ListItem\",\"position\":3,\"name\":\"C Profil 2,00 mm\"}]},{\"@type\":\"WebSite\",\"@id\":\"https:\/\/ravon.com.tr\/#website\",\"url\":\"https:\/\/ravon.com.tr\/\",\"name\":\"Ravon Enerji ve Data Transfer Sistemleri\",\"description\":\"Ravon Enerji ve Data Transfer Sistemleri\",\"publisher\":{\"@id\":\"https:\/\/ravon.com.tr\/#organization\"},\"potentialAction\":[{\"@type\":\"SearchAction\",\"target\":{\"@type\":\"EntryPoint\",\"urlTemplate\":\"https:\/\/ravon.com.tr\/?s={search_term_string}\"},\"query-input\":{\"@type\":\"PropertyValueSpecification\",\"valueRequired\":true,\"valueName\":\"search_term_string\"}}],\"inLanguage\":\"en-US\"},{\"@type\":\"Organization\",\"@id\":\"https:\/\/ravon.com.tr\/#organization\",\"name\":\"Ravon Enerji ve Data Transfer Sistemleri\",\"url\":\"https:\/\/ravon.com.tr\/\",\"logo\":{\"@type\":\"ImageObject\",\"inLanguage\":\"en-US\",\"@id\":\"https:\/\/ravon.com.tr\/#\/schema\/logo\/image\/\",\"url\":\"https:\/\/ravon.com.tr\/wp-content\/uploads\/2023\/08\/tinywow_ravon-logo__2__30279301_1-removebg-preview1.png\",\"contentUrl\":\"https:\/\/ravon.com.tr\/wp-content\/uploads\/2023\/08\/tinywow_ravon-logo__2__30279301_1-removebg-preview1.png\",\"width\":745,\"height\":335,\"caption\":\"Ravon Enerji ve Data Transfer Sistemleri\"},\"image\":{\"@id\":\"https:\/\/ravon.com.tr\/#\/schema\/logo\/image\/\"},\"sameAs\":[\"https:\/\/www.facebook.com\/ravonfestoon\",\"https:\/\/x.com\/ravonfestoon\",\"https:\/\/www.instagram.com\/ravon_festoon\/\"]}]}<\/script>\n<!-- \/ Yoast SEO Premium plugin. -->","yoast_head_json":{"title":"C Profil Ravon.com.tr - Ravon Elektroteknik","description":"C profil, C korni\u015f, Sac profil, Profil ba\u011flant\u0131, Ta\u015f\u0131ma ekipmanlar\u0131, Paslanmaz profil, Kablo Ta\u015f\u0131ma Ekipmanlar\u0131, Kayar Ask\u0131","robots":{"index":"index","follow":"follow","max-snippet":"max-snippet:-1","max-image-preview":"max-image-preview:large","max-video-preview":"max-video-preview:-1"},"canonical":"https:\/\/ravon.com.tr\/en\/product\/r3028r4-c-profil-15-mm-200-mm\/","og_locale":"en_US","og_type":"article","og_title":"C Profil 2,00 mm","og_description":"C profil, C korni\u015f, Sac profil, Profil ba\u011flant\u0131, Ta\u015f\u0131ma ekipmanlar\u0131, Paslanmaz profil, Kablo Ta\u015f\u0131ma Ekipmanlar\u0131, Kayar Ask\u0131","og_url":"https:\/\/ravon.com.tr\/en\/product\/r3028r4-c-profil-15-mm-200-mm\/","og_site_name":"Ravon Enerji ve Data Transfer Sistemleri","article_publisher":"https:\/\/www.facebook.com\/ravonfestoon","article_modified_time":"2025-01-07T05:47:18+00:00","og_image":[{"width":1390,"height":1390,"url":"https:\/\/ravon.com.tr\/wp-content\/uploads\/2023\/12\/R3028R2.webp","type":"image\/webp"}],"twitter_card":"summary_large_image","twitter_site":"@ravonfestoon","twitter_misc":{"Est. reading time":"2 minutes"},"schema":{"@context":"https:\/\/schema.org","@graph":[{"@type":"WebPage","@id":"https:\/\/ravon.com.tr\/product\/r3028r4-c-profil-15-mm-200-mm\/","url":"https:\/\/ravon.com.tr\/product\/r3028r4-c-profil-15-mm-200-mm\/","name":"C Profil Ravon.com.tr - Ravon Elektroteknik","isPartOf":{"@id":"https:\/\/ravon.com.tr\/#website"},"primaryImageOfPage":{"@id":"https:\/\/ravon.com.tr\/product\/r3028r4-c-profil-15-mm-200-mm\/#primaryimage"},"image":{"@id":"https:\/\/ravon.com.tr\/product\/r3028r4-c-profil-15-mm-200-mm\/#primaryimage"},"thumbnailUrl":"https:\/\/ravon.com.tr\/wp-content\/uploads\/2023\/12\/R3028R2.webp","datePublished":"2023-12-09T15:21:36+00:00","dateModified":"2025-01-07T05:47:18+00:00","description":"C profil, C korni\u015f, Sac profil, Profil ba\u011flant\u0131, Ta\u015f\u0131ma ekipmanlar\u0131, Paslanmaz profil, Kablo Ta\u015f\u0131ma Ekipmanlar\u0131, Kayar Ask\u0131","breadcrumb":{"@id":"https:\/\/ravon.com.tr\/product\/r3028r4-c-profil-15-mm-200-mm\/#breadcrumb"},"inLanguage":"en-US","potentialAction":[{"@type":"ReadAction","target":["https:\/\/ravon.com.tr\/product\/r3028r4-c-profil-15-mm-200-mm\/"]}]},{"@type":"ImageObject","inLanguage":"en-US","@id":"https:\/\/ravon.com.tr\/product\/r3028r4-c-profil-15-mm-200-mm\/#primaryimage","url":"https:\/\/ravon.com.tr\/wp-content\/uploads\/2023\/12\/R3028R2.webp","contentUrl":"https:\/\/ravon.com.tr\/wp-content\/uploads\/2023\/12\/R3028R2.webp","width":1390,"height":1390,"caption":"Profil"},{"@type":"BreadcrumbList","@id":"https:\/\/ravon.com.tr\/product\/r3028r4-c-profil-15-mm-200-mm\/#breadcrumb","itemListElement":[{"@type":"ListItem","position":1,"name":"Anasayfa","item":"https:\/\/ravon.com.tr\/"},{"@type":"ListItem","position":2,"name":"\u00dcr\u00fcnler","item":"https:\/\/ravon.com.tr\/shop\/"},{"@type":"ListItem","position":3,"name":"C Profil 2,00 mm"}]},{"@type":"WebSite","@id":"https:\/\/ravon.com.tr\/#website","url":"https:\/\/ravon.com.tr\/","name":"Ravon Enerji ve Data Transfer Sistemleri","description":"Ravon Enerji ve Data Transfer Sistemleri","publisher":{"@id":"https:\/\/ravon.com.tr\/#organization"},"potentialAction":[{"@type":"SearchAction","target":{"@type":"EntryPoint","urlTemplate":"https:\/\/ravon.com.tr\/?s={search_term_string}"},"query-input":{"@type":"PropertyValueSpecification","valueRequired":true,"valueName":"search_term_string"}}],"inLanguage":"en-US"},{"@type":"Organization","@id":"https:\/\/ravon.com.tr\/#organization","name":"Ravon Enerji ve Data Transfer Sistemleri","url":"https:\/\/ravon.com.tr\/","logo":{"@type":"ImageObject","inLanguage":"en-US","@id":"https:\/\/ravon.com.tr\/#\/schema\/logo\/image\/","url":"https:\/\/ravon.com.tr\/wp-content\/uploads\/2023\/08\/tinywow_ravon-logo__2__30279301_1-removebg-preview1.png","contentUrl":"https:\/\/ravon.com.tr\/wp-content\/uploads\/2023\/08\/tinywow_ravon-logo__2__30279301_1-removebg-preview1.png","width":745,"height":335,"caption":"Ravon Enerji ve Data Transfer Sistemleri"},"image":{"@id":"https:\/\/ravon.com.tr\/#\/schema\/logo\/image\/"},"sameAs":["https:\/\/www.facebook.com\/ravonfestoon","https:\/\/x.com\/ravonfestoon","https:\/\/www.instagram.com\/ravon_festoon\/"]}]}},"_links":{"self":[{"href":"https:\/\/ravon.com.tr\/en\/wp-json\/wp\/v2\/product\/11699","targetHints":{"allow":["GET"]}}],"collection":[{"href":"https:\/\/ravon.com.tr\/en\/wp-json\/wp\/v2\/product"}],"about":[{"href":"https:\/\/ravon.com.tr\/en\/wp-json\/wp\/v2\/types\/product"}],"wp:featuredmedia":[{"embeddable":true,"href":"https:\/\/ravon.com.tr\/en\/wp-json\/wp\/v2\/media\/11395"}],"wp:attachment":[{"href":"https:\/\/ravon.com.tr\/en\/wp-json\/wp\/v2\/media?parent=11699"}],"wp:term":[{"taxonomy":"product_brand","embeddable":true,"href":"https:\/\/ravon.com.tr\/en\/wp-json\/wp\/v2\/product_brand?post=11699"},{"taxonomy":"product_cat","embeddable":true,"href":"https:\/\/ravon.com.tr\/en\/wp-json\/wp\/v2\/product_cat?post=11699"},{"taxonomy":"product_tag","embeddable":true,"href":"https:\/\/ravon.com.tr\/en\/wp-json\/wp\/v2\/product_tag?post=11699"}],"curies":[{"name":"wp","href":"https:\/\/api.w.org\/{rel}","templated":true}]}}