{"id":12044,"date":"2024-02-16T16:06:04","date_gmt":"2024-02-16T13:06:04","guid":{"rendered":"https:\/\/ravon.com.tr\/?post_type=product&#038;p=12044"},"modified":"2025-01-06T16:01:48","modified_gmt":"2025-01-06T13:01:48","slug":"rvn-ravon-akim-alma-arabasi-2mt-kablolu-63a-q","status":"publish","type":"product","link":"https:\/\/ravon.com.tr\/en\/product\/rvn-ravon-akim-alma-arabasi-2mt-kablolu-63a-q\/","title":{"rendered":"Collector 63A (with 2m cable)"},"content":{"rendered":"<p><strong>Collector 63A<\/strong><\/p>\n<p>Ravon Current Collector is a crucial component in industrial applications, designed to safely and effectively transfer electrical current to other systems by making contact with the copper bars inside enclosed conductors. Thanks to its copper plates with high conductivity, it minimizes energy loss within the enclosed rail and ensures a continuous current supply. This product can be used individually or, depending on customer requirements, in sets of two or more units, providing flexibility for broader application areas.<\/p>\n<p>The Ravon Current Collector is available in two different versions to meet various usage needs: a 2-meter wired version and a wireless option. Made from high-quality materials, this product stands out for its durability and long-lasting performance. The current collector is essential for ensuring the efficient and reliable operation of electrical systems.<\/p>\n<p>Proper installation and maintenance of these components enhance system performance and reduce the risk of failures.<\/p>\n<p>&nbsp;<\/p>\n<p><span style=\"font-size: 10pt;\"><strong><span style=\"font-size: 12pt;\">Usage Areas:<\/span><br \/>\n<\/strong><\/span><\/p>\n<table style=\"border-collapse: collapse; width: 99.1635%; height: 166px;\">\n<tbody>\n<tr style=\"height: 156px;\">\n<td style=\"width: 20.0888%; height: 156px;\">\n<p style=\"text-align: center;\"><img loading=\"lazy\" decoding=\"async\" class=\"wp-image-12816 aligncenter\" src=\"https:\/\/ravon.com.tr\/wp-content\/uploads\/2022\/08\/Single-Girder-01.png\" alt=\"\" width=\"129\" height=\"95\" \/><strong>Single Girder Crane<\/strong><\/p>\n<\/td>\n<td style=\"width: 19.772%; text-align: center; height: 156px;\"><img loading=\"lazy\" decoding=\"async\" class=\"wp-image-12817 aligncenter\" src=\"https:\/\/ravon.com.tr\/wp-content\/uploads\/2022\/08\/Double-Girder-01-01.png\" alt=\"\" width=\"129\" height=\"95\" \/><strong>Double Girder Crane<\/strong><\/td>\n<td style=\"width: 18.4662%; text-align: center; height: 156px;\"><img loading=\"lazy\" decoding=\"async\" class=\"wp-image-12818 aligncenter\" src=\"https:\/\/ravon.com.tr\/wp-content\/uploads\/2022\/08\/Portal-Crane-01-01-01.png\" alt=\"\" width=\"121\" height=\"101\" \/><strong>Gantry Crane<\/strong><\/td>\n<td style=\"width: 18.5449%; text-align: center; height: 156px;\"><img loading=\"lazy\" decoding=\"async\" class=\"wp-image-12819 aligncenter\" src=\"https:\/\/ravon.com.tr\/wp-content\/uploads\/2022\/08\/Production-Line-01-01.png\" alt=\"\" width=\"117\" height=\"94\" \/><strong>Konvey\u00f6r<\/strong><\/td>\n<td style=\"width: 22.2916%; text-align: center; height: 156px;\"><img loading=\"lazy\" decoding=\"async\" class=\"wp-image-12820 aligncenter\" src=\"https:\/\/ravon.com.tr\/wp-content\/uploads\/2022\/08\/Car-Washing-01-01.png\" alt=\"\" width=\"146\" height=\"95\" \/><strong>Washing Machine<\/strong><\/td>\n<\/tr>\n<tr style=\"height: 23px;\">\n<td style=\"width: 20.0888%; height: 10px;\"><\/td>\n<td style=\"width: 19.772%; height: 10px;\"><\/td>\n<td style=\"width: 18.4662%; height: 10px;\"><\/td>\n<td style=\"width: 18.5449%; height: 10px;\"><\/td>\n<td style=\"width: 22.2916%; height: 10px;\"><\/td>\n<\/tr>\n<\/tbody>\n<\/table>","protected":false},"excerpt":{"rendered":"<p>Ak\u0131m Alma Arabas\u0131 (63A) Ravon Ak\u0131m Alma Arabas\u0131, end\u00fcstriyel uygulamalarda kapal\u0131 baralar\u0131n i\u00e7indeki bak\u0131r \u00e7ubuklara temas ederek elektrik ak\u0131m\u0131n\u0131 g\u00fcvenli ve etkili bir \u015fekilde di\u011fer sistemlere ileten \u00f6nemli bir bile\u015fendir. \u00dczerindeki y\u00fcksek iletkenlik \u00f6zelliklerine sahip bak\u0131r plakalar sayesinde, kapal\u0131 baran\u0131n i\u00e7erisindeki enerji kay\u0131plar\u0131 en aza indirilir ve s\u00fcrekli bir ak\u0131m sa\u011flan\u0131r. Bu \u00fcr\u00fcn, 63 Amper [&hellip;]<\/p>","protected":false},"featured_media":12075,"template":"","meta":{"_acf_changed":false,"_et_pb_use_builder":"","_et_pb_old_content":"","_et_gb_content_width":""},"product_brand":[],"product_cat":[764,742],"product_tag":[],"class_list":{"0":"post-12044","1":"product","2":"type-product","3":"status-publish","4":"has-post-thumbnail","6":"product_cat-bara-sistemleri","7":"product_cat-kapali-bara-sistemler","9":"first","10":"instock","11":"shipping-taxable","12":"product-type-simple"},"acf":[],"yoast_head":"<!-- This site is optimized with the Yoast SEO Premium plugin v20.13 (Yoast SEO v25.7) - https:\/\/yoast.com\/wordpress\/plugins\/seo\/ -->\n<title>Ravon Ak\u0131m Alma Arabas\u0131 (2mt Kablolu) 63A Q - Ravon Enerji ve Data Transfer Sistemleri<\/title>\n<meta name=\"description\" content=\"ak\u0131m alma arabas\u0131 kablolu, kapal\u0131 bara sistemleri, ak\u0131m alma \u00e7atal\u0131, bara ekipmanlar\u0131, ak\u0131m alma f\u0131r\u00e7as\u0131, vin\u00e7 transfer sistemleri\" \/>\n<meta name=\"robots\" content=\"index, follow, max-snippet:-1, max-image-preview:large, max-video-preview:-1\" \/>\n<link rel=\"canonical\" href=\"https:\/\/ravon.com.tr\/en\/product\/rvn-ravon-akim-alma-arabasi-2mt-kablolu-63a-q\/\" \/>\n<meta property=\"og:locale\" content=\"en_US\" \/>\n<meta property=\"og:type\" content=\"article\" \/>\n<meta property=\"og:title\" content=\"Ravon Ak\u0131m Alma Arabas\u0131 (2mt Kablolu) 63A Q\" \/>\n<meta property=\"og:description\" content=\"ak\u0131m alma arabas\u0131 kablolu, kapal\u0131 bara sistemleri, ak\u0131m alma \u00e7atal\u0131, bara ekipmanlar\u0131, ak\u0131m alma f\u0131r\u00e7as\u0131, vin\u00e7 transfer sistemleri\" \/>\n<meta property=\"og:url\" content=\"https:\/\/ravon.com.tr\/en\/product\/rvn-ravon-akim-alma-arabasi-2mt-kablolu-63a-q\/\" \/>\n<meta property=\"og:site_name\" content=\"Ravon Enerji ve Data Transfer Sistemleri\" \/>\n<meta property=\"article:publisher\" content=\"https:\/\/www.facebook.com\/ravonfestoon\" \/>\n<meta property=\"article:modified_time\" content=\"2025-01-06T13:01:48+00:00\" \/>\n<meta property=\"og:image\" content=\"https:\/\/ravon.com.tr\/wp-content\/uploads\/2024\/02\/AKIM-ALMA-ARABASI-KABLOLU2.png\" \/>\n\t<meta property=\"og:image:width\" content=\"1290\" \/>\n\t<meta property=\"og:image:height\" content=\"1290\" \/>\n\t<meta property=\"og:image:type\" content=\"image\/png\" \/>\n<meta name=\"twitter:card\" content=\"summary_large_image\" \/>\n<meta name=\"twitter:site\" content=\"@ravonfestoon\" \/>\n<meta name=\"twitter:label1\" content=\"Est. reading time\" \/>\n\t<meta name=\"twitter:data1\" content=\"3 minutes\" \/>\n<script type=\"application\/ld+json\" class=\"yoast-schema-graph\">{\"@context\":\"https:\/\/schema.org\",\"@graph\":[{\"@type\":\"WebPage\",\"@id\":\"https:\/\/ravon.com.tr\/product\/rvn-ravon-akim-alma-arabasi-2mt-kablolu-63a-q\/\",\"url\":\"https:\/\/ravon.com.tr\/product\/rvn-ravon-akim-alma-arabasi-2mt-kablolu-63a-q\/\",\"name\":\"Ravon Ak\u0131m Alma Arabas\u0131 (2mt Kablolu) 63A Q - Ravon Enerji ve Data Transfer Sistemleri\",\"isPartOf\":{\"@id\":\"https:\/\/ravon.com.tr\/#website\"},\"primaryImageOfPage\":{\"@id\":\"https:\/\/ravon.com.tr\/product\/rvn-ravon-akim-alma-arabasi-2mt-kablolu-63a-q\/#primaryimage\"},\"image\":{\"@id\":\"https:\/\/ravon.com.tr\/product\/rvn-ravon-akim-alma-arabasi-2mt-kablolu-63a-q\/#primaryimage\"},\"thumbnailUrl\":\"https:\/\/ravon.com.tr\/wp-content\/uploads\/2024\/02\/AKIM-ALMA-ARABASI-KABLOLU2.png\",\"datePublished\":\"2024-02-16T13:06:04+00:00\",\"dateModified\":\"2025-01-06T13:01:48+00:00\",\"description\":\"ak\u0131m alma arabas\u0131 kablolu, kapal\u0131 bara sistemleri, ak\u0131m alma \u00e7atal\u0131, bara ekipmanlar\u0131, ak\u0131m alma f\u0131r\u00e7as\u0131, vin\u00e7 transfer sistemleri\",\"breadcrumb\":{\"@id\":\"https:\/\/ravon.com.tr\/product\/rvn-ravon-akim-alma-arabasi-2mt-kablolu-63a-q\/#breadcrumb\"},\"inLanguage\":\"en-US\",\"potentialAction\":[{\"@type\":\"ReadAction\",\"target\":[\"https:\/\/ravon.com.tr\/product\/rvn-ravon-akim-alma-arabasi-2mt-kablolu-63a-q\/\"]}]},{\"@type\":\"ImageObject\",\"inLanguage\":\"en-US\",\"@id\":\"https:\/\/ravon.com.tr\/product\/rvn-ravon-akim-alma-arabasi-2mt-kablolu-63a-q\/#primaryimage\",\"url\":\"https:\/\/ravon.com.tr\/wp-content\/uploads\/2024\/02\/AKIM-ALMA-ARABASI-KABLOLU2.png\",\"contentUrl\":\"https:\/\/ravon.com.tr\/wp-content\/uploads\/2024\/02\/AKIM-ALMA-ARABASI-KABLOLU2.png\",\"width\":1290,\"height\":1290,\"caption\":\"ak\u0131m alma arabas\u0131\"},{\"@type\":\"BreadcrumbList\",\"@id\":\"https:\/\/ravon.com.tr\/product\/rvn-ravon-akim-alma-arabasi-2mt-kablolu-63a-q\/#breadcrumb\",\"itemListElement\":[{\"@type\":\"ListItem\",\"position\":1,\"name\":\"Anasayfa\",\"item\":\"https:\/\/ravon.com.tr\/\"},{\"@type\":\"ListItem\",\"position\":2,\"name\":\"\u00dcr\u00fcnler\",\"item\":\"https:\/\/ravon.com.tr\/shop\/\"},{\"@type\":\"ListItem\",\"position\":3,\"name\":\"Ravon Ak\u0131m Alma Arabas\u0131 (2mt Kablolu) 63A Q\"}]},{\"@type\":\"WebSite\",\"@id\":\"https:\/\/ravon.com.tr\/#website\",\"url\":\"https:\/\/ravon.com.tr\/\",\"name\":\"Ravon Enerji ve Data Transfer Sistemleri\",\"description\":\"Ravon Enerji ve Data Transfer Sistemleri\",\"publisher\":{\"@id\":\"https:\/\/ravon.com.tr\/#organization\"},\"potentialAction\":[{\"@type\":\"SearchAction\",\"target\":{\"@type\":\"EntryPoint\",\"urlTemplate\":\"https:\/\/ravon.com.tr\/?s={search_term_string}\"},\"query-input\":{\"@type\":\"PropertyValueSpecification\",\"valueRequired\":true,\"valueName\":\"search_term_string\"}}],\"inLanguage\":\"en-US\"},{\"@type\":\"Organization\",\"@id\":\"https:\/\/ravon.com.tr\/#organization\",\"name\":\"Ravon Enerji ve Data Transfer Sistemleri\",\"url\":\"https:\/\/ravon.com.tr\/\",\"logo\":{\"@type\":\"ImageObject\",\"inLanguage\":\"en-US\",\"@id\":\"https:\/\/ravon.com.tr\/#\/schema\/logo\/image\/\",\"url\":\"https:\/\/ravon.com.tr\/wp-content\/uploads\/2023\/08\/tinywow_ravon-logo__2__30279301_1-removebg-preview1.png\",\"contentUrl\":\"https:\/\/ravon.com.tr\/wp-content\/uploads\/2023\/08\/tinywow_ravon-logo__2__30279301_1-removebg-preview1.png\",\"width\":745,\"height\":335,\"caption\":\"Ravon Enerji ve Data Transfer Sistemleri\"},\"image\":{\"@id\":\"https:\/\/ravon.com.tr\/#\/schema\/logo\/image\/\"},\"sameAs\":[\"https:\/\/www.facebook.com\/ravonfestoon\",\"https:\/\/x.com\/ravonfestoon\",\"https:\/\/www.instagram.com\/ravon_festoon\/\"]}]}<\/script>\n<!-- \/ Yoast SEO Premium plugin. -->","yoast_head_json":{"title":"Ravon Ak\u0131m Alma Arabas\u0131 (2mt Kablolu) 63A Q - Ravon Enerji ve Data Transfer Sistemleri","description":"ak\u0131m alma arabas\u0131 kablolu, kapal\u0131 bara sistemleri, ak\u0131m alma \u00e7atal\u0131, bara ekipmanlar\u0131, ak\u0131m alma f\u0131r\u00e7as\u0131, vin\u00e7 transfer sistemleri","robots":{"index":"index","follow":"follow","max-snippet":"max-snippet:-1","max-image-preview":"max-image-preview:large","max-video-preview":"max-video-preview:-1"},"canonical":"https:\/\/ravon.com.tr\/en\/product\/rvn-ravon-akim-alma-arabasi-2mt-kablolu-63a-q\/","og_locale":"en_US","og_type":"article","og_title":"Ravon Ak\u0131m Alma Arabas\u0131 (2mt Kablolu) 63A Q","og_description":"ak\u0131m alma arabas\u0131 kablolu, kapal\u0131 bara sistemleri, ak\u0131m alma \u00e7atal\u0131, bara ekipmanlar\u0131, ak\u0131m alma f\u0131r\u00e7as\u0131, vin\u00e7 transfer sistemleri","og_url":"https:\/\/ravon.com.tr\/en\/product\/rvn-ravon-akim-alma-arabasi-2mt-kablolu-63a-q\/","og_site_name":"Ravon Enerji ve Data Transfer Sistemleri","article_publisher":"https:\/\/www.facebook.com\/ravonfestoon","article_modified_time":"2025-01-06T13:01:48+00:00","og_image":[{"width":1290,"height":1290,"url":"https:\/\/ravon.com.tr\/wp-content\/uploads\/2024\/02\/AKIM-ALMA-ARABASI-KABLOLU2.png","type":"image\/png"}],"twitter_card":"summary_large_image","twitter_site":"@ravonfestoon","twitter_misc":{"Est. reading time":"3 minutes"},"schema":{"@context":"https:\/\/schema.org","@graph":[{"@type":"WebPage","@id":"https:\/\/ravon.com.tr\/product\/rvn-ravon-akim-alma-arabasi-2mt-kablolu-63a-q\/","url":"https:\/\/ravon.com.tr\/product\/rvn-ravon-akim-alma-arabasi-2mt-kablolu-63a-q\/","name":"Ravon Ak\u0131m Alma Arabas\u0131 (2mt Kablolu) 63A Q - Ravon Enerji ve Data Transfer Sistemleri","isPartOf":{"@id":"https:\/\/ravon.com.tr\/#website"},"primaryImageOfPage":{"@id":"https:\/\/ravon.com.tr\/product\/rvn-ravon-akim-alma-arabasi-2mt-kablolu-63a-q\/#primaryimage"},"image":{"@id":"https:\/\/ravon.com.tr\/product\/rvn-ravon-akim-alma-arabasi-2mt-kablolu-63a-q\/#primaryimage"},"thumbnailUrl":"https:\/\/ravon.com.tr\/wp-content\/uploads\/2024\/02\/AKIM-ALMA-ARABASI-KABLOLU2.png","datePublished":"2024-02-16T13:06:04+00:00","dateModified":"2025-01-06T13:01:48+00:00","description":"ak\u0131m alma arabas\u0131 kablolu, kapal\u0131 bara sistemleri, ak\u0131m alma \u00e7atal\u0131, bara ekipmanlar\u0131, ak\u0131m alma f\u0131r\u00e7as\u0131, vin\u00e7 transfer sistemleri","breadcrumb":{"@id":"https:\/\/ravon.com.tr\/product\/rvn-ravon-akim-alma-arabasi-2mt-kablolu-63a-q\/#breadcrumb"},"inLanguage":"en-US","potentialAction":[{"@type":"ReadAction","target":["https:\/\/ravon.com.tr\/product\/rvn-ravon-akim-alma-arabasi-2mt-kablolu-63a-q\/"]}]},{"@type":"ImageObject","inLanguage":"en-US","@id":"https:\/\/ravon.com.tr\/product\/rvn-ravon-akim-alma-arabasi-2mt-kablolu-63a-q\/#primaryimage","url":"https:\/\/ravon.com.tr\/wp-content\/uploads\/2024\/02\/AKIM-ALMA-ARABASI-KABLOLU2.png","contentUrl":"https:\/\/ravon.com.tr\/wp-content\/uploads\/2024\/02\/AKIM-ALMA-ARABASI-KABLOLU2.png","width":1290,"height":1290,"caption":"ak\u0131m alma arabas\u0131"},{"@type":"BreadcrumbList","@id":"https:\/\/ravon.com.tr\/product\/rvn-ravon-akim-alma-arabasi-2mt-kablolu-63a-q\/#breadcrumb","itemListElement":[{"@type":"ListItem","position":1,"name":"Anasayfa","item":"https:\/\/ravon.com.tr\/"},{"@type":"ListItem","position":2,"name":"\u00dcr\u00fcnler","item":"https:\/\/ravon.com.tr\/shop\/"},{"@type":"ListItem","position":3,"name":"Ravon Ak\u0131m Alma Arabas\u0131 (2mt Kablolu) 63A Q"}]},{"@type":"WebSite","@id":"https:\/\/ravon.com.tr\/#website","url":"https:\/\/ravon.com.tr\/","name":"Ravon Enerji ve Data Transfer Sistemleri","description":"Ravon Enerji ve Data Transfer Sistemleri","publisher":{"@id":"https:\/\/ravon.com.tr\/#organization"},"potentialAction":[{"@type":"SearchAction","target":{"@type":"EntryPoint","urlTemplate":"https:\/\/ravon.com.tr\/?s={search_term_string}"},"query-input":{"@type":"PropertyValueSpecification","valueRequired":true,"valueName":"search_term_string"}}],"inLanguage":"en-US"},{"@type":"Organization","@id":"https:\/\/ravon.com.tr\/#organization","name":"Ravon Enerji ve Data Transfer Sistemleri","url":"https:\/\/ravon.com.tr\/","logo":{"@type":"ImageObject","inLanguage":"en-US","@id":"https:\/\/ravon.com.tr\/#\/schema\/logo\/image\/","url":"https:\/\/ravon.com.tr\/wp-content\/uploads\/2023\/08\/tinywow_ravon-logo__2__30279301_1-removebg-preview1.png","contentUrl":"https:\/\/ravon.com.tr\/wp-content\/uploads\/2023\/08\/tinywow_ravon-logo__2__30279301_1-removebg-preview1.png","width":745,"height":335,"caption":"Ravon Enerji ve Data Transfer Sistemleri"},"image":{"@id":"https:\/\/ravon.com.tr\/#\/schema\/logo\/image\/"},"sameAs":["https:\/\/www.facebook.com\/ravonfestoon","https:\/\/x.com\/ravonfestoon","https:\/\/www.instagram.com\/ravon_festoon\/"]}]}},"_links":{"self":[{"href":"https:\/\/ravon.com.tr\/en\/wp-json\/wp\/v2\/product\/12044","targetHints":{"allow":["GET"]}}],"collection":[{"href":"https:\/\/ravon.com.tr\/en\/wp-json\/wp\/v2\/product"}],"about":[{"href":"https:\/\/ravon.com.tr\/en\/wp-json\/wp\/v2\/types\/product"}],"wp:featuredmedia":[{"embeddable":true,"href":"https:\/\/ravon.com.tr\/en\/wp-json\/wp\/v2\/media\/12075"}],"wp:attachment":[{"href":"https:\/\/ravon.com.tr\/en\/wp-json\/wp\/v2\/media?parent=12044"}],"wp:term":[{"taxonomy":"product_brand","embeddable":true,"href":"https:\/\/ravon.com.tr\/en\/wp-json\/wp\/v2\/product_brand?post=12044"},{"taxonomy":"product_cat","embeddable":true,"href":"https:\/\/ravon.com.tr\/en\/wp-json\/wp\/v2\/product_cat?post=12044"},{"taxonomy":"product_tag","embeddable":true,"href":"https:\/\/ravon.com.tr\/en\/wp-json\/wp\/v2\/product_tag?post=12044"}],"curies":[{"name":"wp","href":"https:\/\/api.w.org\/{rel}","templated":true}]}}