{"id":12066,"date":"2024-02-16T17:31:36","date_gmt":"2024-02-16T14:31:36","guid":{"rendered":"https:\/\/ravon.com.tr\/?post_type=product&#038;p=12066"},"modified":"2025-01-06T15:59:44","modified_gmt":"2025-01-06T12:59:44","slug":"ravon-gecmeli-tip-bara-ek-klemensi","status":"publish","type":"product","link":"https:\/\/ravon.com.tr\/en\/product\/ravon-gecmeli-tip-bara-ek-klemensi\/","title":{"rendered":"Busbar Plug-in Joint"},"content":{"rendered":"<p><strong>Ravon Plug-in Joint<\/strong><\/p>\n<p>These additional joints are used to increase the length of busbars, add more electrical connection points, and expand an existing system. Such joints can be installed and maintained by professionals working on electrical distribution boards or in industrial electrical systems.<\/p>\n<p>&nbsp;<\/p>\n<p><span style=\"font-size: 10pt;\"><strong><span style=\"font-size: 12pt;\">Usage Areas:<\/span><br \/>\n<\/strong><\/span><\/p>\n<table style=\"border-collapse: collapse; width: 99.1635%; height: 166px;\">\n<tbody>\n<tr style=\"height: 156px;\">\n<td style=\"width: 20.0888%; height: 156px;\">\n<p style=\"text-align: center;\"><img loading=\"lazy\" decoding=\"async\" class=\"wp-image-12816 aligncenter\" src=\"https:\/\/ravon.com.tr\/wp-content\/uploads\/2022\/08\/Single-Girder-01.png\" alt=\"\" width=\"129\" height=\"95\" \/><strong>Single Girder Crane<\/strong><\/p>\n<\/td>\n<td style=\"width: 19.772%; text-align: center; height: 156px;\"><img loading=\"lazy\" decoding=\"async\" class=\"wp-image-12817 aligncenter\" src=\"https:\/\/ravon.com.tr\/wp-content\/uploads\/2022\/08\/Double-Girder-01-01.png\" alt=\"\" width=\"129\" height=\"95\" \/><strong>Double Girder Crane<\/strong><\/td>\n<td style=\"width: 18.4662%; text-align: center; height: 156px;\"><img loading=\"lazy\" decoding=\"async\" class=\"wp-image-12818 aligncenter\" src=\"https:\/\/ravon.com.tr\/wp-content\/uploads\/2022\/08\/Portal-Crane-01-01-01.png\" alt=\"\" width=\"121\" height=\"101\" \/><strong>Gantry Crane<\/strong><\/td>\n<td style=\"width: 18.5449%; text-align: center; height: 156px;\"><img loading=\"lazy\" decoding=\"async\" class=\"wp-image-12819 aligncenter\" src=\"https:\/\/ravon.com.tr\/wp-content\/uploads\/2022\/08\/Production-Line-01-01.png\" alt=\"\" width=\"117\" height=\"94\" \/><strong>Konvey\u00f6r<\/strong><\/td>\n<td style=\"width: 22.2916%; text-align: center; height: 156px;\"><img loading=\"lazy\" decoding=\"async\" class=\"wp-image-12820 aligncenter\" src=\"https:\/\/ravon.com.tr\/wp-content\/uploads\/2022\/08\/Car-Washing-01-01.png\" alt=\"\" width=\"146\" height=\"95\" \/><strong>Washing Machine<\/strong><\/td>\n<\/tr>\n<tr style=\"height: 23px;\">\n<td style=\"width: 20.0888%; height: 10px;\"><\/td>\n<td style=\"width: 19.772%; height: 10px;\"><\/td>\n<td style=\"width: 18.4662%; height: 10px;\"><\/td>\n<td style=\"width: 18.5449%; height: 10px;\"><\/td>\n<td style=\"width: 22.2916%; height: 10px;\"><\/td>\n<\/tr>\n<\/tbody>\n<\/table>","protected":false},"excerpt":{"rendered":"<p>Ravon Ge\u00e7meli Tip Bara Ek Klemensi\u00a0Q Bu ek klemensler, baralar\u0131n uzunlu\u011funu art\u0131rmak, daha fazla elektrik ba\u011flant\u0131 noktas\u0131 eklemek ve mevcut bir sistemi geni\u015fletmek i\u00e7in kullan\u0131r. Bu t\u00fcr elemanlar, elektrik da\u011f\u0131t\u0131m panolar\u0131 veya end\u00fcstriyel elektrik sistemleri \u00fczerinde \u00e7al\u0131\u015fan profesyoneller taraf\u0131ndan kurulabilir ve bak\u0131m\u0131 yap\u0131labilir. &nbsp; Kullan\u0131m Alanlar\u0131: Tek Kiri\u015f Vin\u00e7ler \u00c7ift Kiri\u015f Vin\u00e7ler Portal Vin\u00e7ler Konvey\u00f6r [&hellip;]<\/p>","protected":false},"featured_media":12068,"template":"","meta":{"_acf_changed":false,"_et_pb_use_builder":"","_et_pb_old_content":"","_et_gb_content_width":""},"product_brand":[],"product_cat":[742],"product_tag":[],"class_list":{"0":"post-12066","1":"product","2":"type-product","3":"status-publish","4":"has-post-thumbnail","6":"product_cat-kapali-bara-sistemler","8":"first","9":"instock","10":"shipping-taxable","11":"product-type-simple"},"acf":[],"yoast_head":"<!-- This site is optimized with the Yoast SEO Premium plugin v20.13 (Yoast SEO v25.7) - https:\/\/yoast.com\/wordpress\/plugins\/seo\/ -->\n<title>Ravon Ge\u00e7meli Tip Bara Ek Klemensi Q - Ravon Enerji ve Data Transfer Sistemleri<\/title>\n<meta name=\"description\" content=\"Ravon Ge\u00e7meli Tip Bara Ek Klemensi, Kapal\u0131 bara ekipmanlar\u0131, Vin\u00e7 transfer sistemleri, Kapal\u0131 bara sistemleri, Ak\u0131m alma arabas\u0131\" \/>\n<meta name=\"robots\" content=\"index, follow, max-snippet:-1, max-image-preview:large, max-video-preview:-1\" \/>\n<link rel=\"canonical\" href=\"https:\/\/ravon.com.tr\/en\/product\/ravon-gecmeli-tip-bara-ek-klemensi\/\" \/>\n<meta property=\"og:locale\" content=\"en_US\" \/>\n<meta property=\"og:type\" content=\"article\" \/>\n<meta property=\"og:title\" content=\"Ravon Ge\u00e7meli Tip Bara Ek Klemensi Q\" \/>\n<meta property=\"og:description\" content=\"Ravon Ge\u00e7meli Tip Bara Ek Klemensi, Kapal\u0131 bara ekipmanlar\u0131, Vin\u00e7 transfer sistemleri, Kapal\u0131 bara sistemleri, Ak\u0131m alma arabas\u0131\" \/>\n<meta property=\"og:url\" content=\"https:\/\/ravon.com.tr\/en\/product\/ravon-gecmeli-tip-bara-ek-klemensi\/\" \/>\n<meta property=\"og:site_name\" content=\"Ravon Enerji ve Data Transfer Sistemleri\" \/>\n<meta property=\"article:publisher\" content=\"https:\/\/www.facebook.com\/ravonfestoon\" \/>\n<meta property=\"article:modified_time\" content=\"2025-01-06T12:59:44+00:00\" \/>\n<meta property=\"og:image\" content=\"https:\/\/ravon.com.tr\/wp-content\/uploads\/2024\/02\/BARA-KLEMENS.png\" \/>\n\t<meta property=\"og:image:width\" content=\"1290\" \/>\n\t<meta property=\"og:image:height\" content=\"1290\" \/>\n\t<meta property=\"og:image:type\" content=\"image\/png\" \/>\n<meta name=\"twitter:card\" content=\"summary_large_image\" \/>\n<meta name=\"twitter:site\" content=\"@ravonfestoon\" \/>\n<meta name=\"twitter:label1\" content=\"Est. reading time\" \/>\n\t<meta name=\"twitter:data1\" content=\"2 minutes\" \/>\n<script type=\"application\/ld+json\" class=\"yoast-schema-graph\">{\"@context\":\"https:\/\/schema.org\",\"@graph\":[{\"@type\":\"WebPage\",\"@id\":\"https:\/\/ravon.com.tr\/product\/ravon-gecmeli-tip-bara-ek-klemensi\/\",\"url\":\"https:\/\/ravon.com.tr\/product\/ravon-gecmeli-tip-bara-ek-klemensi\/\",\"name\":\"Ravon Ge\u00e7meli Tip Bara Ek Klemensi Q - Ravon Enerji ve Data Transfer Sistemleri\",\"isPartOf\":{\"@id\":\"https:\/\/ravon.com.tr\/#website\"},\"primaryImageOfPage\":{\"@id\":\"https:\/\/ravon.com.tr\/product\/ravon-gecmeli-tip-bara-ek-klemensi\/#primaryimage\"},\"image\":{\"@id\":\"https:\/\/ravon.com.tr\/product\/ravon-gecmeli-tip-bara-ek-klemensi\/#primaryimage\"},\"thumbnailUrl\":\"https:\/\/ravon.com.tr\/wp-content\/uploads\/2024\/02\/BARA-KLEMENS.png\",\"datePublished\":\"2024-02-16T14:31:36+00:00\",\"dateModified\":\"2025-01-06T12:59:44+00:00\",\"description\":\"Ravon Ge\u00e7meli Tip Bara Ek Klemensi, Kapal\u0131 bara ekipmanlar\u0131, Vin\u00e7 transfer sistemleri, Kapal\u0131 bara sistemleri, Ak\u0131m alma arabas\u0131\",\"breadcrumb\":{\"@id\":\"https:\/\/ravon.com.tr\/product\/ravon-gecmeli-tip-bara-ek-klemensi\/#breadcrumb\"},\"inLanguage\":\"en-US\",\"potentialAction\":[{\"@type\":\"ReadAction\",\"target\":[\"https:\/\/ravon.com.tr\/product\/ravon-gecmeli-tip-bara-ek-klemensi\/\"]}]},{\"@type\":\"ImageObject\",\"inLanguage\":\"en-US\",\"@id\":\"https:\/\/ravon.com.tr\/product\/ravon-gecmeli-tip-bara-ek-klemensi\/#primaryimage\",\"url\":\"https:\/\/ravon.com.tr\/wp-content\/uploads\/2024\/02\/BARA-KLEMENS.png\",\"contentUrl\":\"https:\/\/ravon.com.tr\/wp-content\/uploads\/2024\/02\/BARA-KLEMENS.png\",\"width\":1290,\"height\":1290,\"caption\":\"kapal\u0131 bara klemens\"},{\"@type\":\"BreadcrumbList\",\"@id\":\"https:\/\/ravon.com.tr\/product\/ravon-gecmeli-tip-bara-ek-klemensi\/#breadcrumb\",\"itemListElement\":[{\"@type\":\"ListItem\",\"position\":1,\"name\":\"Anasayfa\",\"item\":\"https:\/\/ravon.com.tr\/\"},{\"@type\":\"ListItem\",\"position\":2,\"name\":\"\u00dcr\u00fcnler\",\"item\":\"https:\/\/ravon.com.tr\/shop\/\"},{\"@type\":\"ListItem\",\"position\":3,\"name\":\"Ravon Ge\u00e7meli Tip Bara Ek Klemensi Q\"}]},{\"@type\":\"WebSite\",\"@id\":\"https:\/\/ravon.com.tr\/#website\",\"url\":\"https:\/\/ravon.com.tr\/\",\"name\":\"Ravon Enerji ve Data Transfer Sistemleri\",\"description\":\"Ravon Enerji ve Data Transfer Sistemleri\",\"publisher\":{\"@id\":\"https:\/\/ravon.com.tr\/#organization\"},\"potentialAction\":[{\"@type\":\"SearchAction\",\"target\":{\"@type\":\"EntryPoint\",\"urlTemplate\":\"https:\/\/ravon.com.tr\/?s={search_term_string}\"},\"query-input\":{\"@type\":\"PropertyValueSpecification\",\"valueRequired\":true,\"valueName\":\"search_term_string\"}}],\"inLanguage\":\"en-US\"},{\"@type\":\"Organization\",\"@id\":\"https:\/\/ravon.com.tr\/#organization\",\"name\":\"Ravon Enerji ve Data Transfer Sistemleri\",\"url\":\"https:\/\/ravon.com.tr\/\",\"logo\":{\"@type\":\"ImageObject\",\"inLanguage\":\"en-US\",\"@id\":\"https:\/\/ravon.com.tr\/#\/schema\/logo\/image\/\",\"url\":\"https:\/\/ravon.com.tr\/wp-content\/uploads\/2023\/08\/tinywow_ravon-logo__2__30279301_1-removebg-preview1.png\",\"contentUrl\":\"https:\/\/ravon.com.tr\/wp-content\/uploads\/2023\/08\/tinywow_ravon-logo__2__30279301_1-removebg-preview1.png\",\"width\":745,\"height\":335,\"caption\":\"Ravon Enerji ve Data Transfer Sistemleri\"},\"image\":{\"@id\":\"https:\/\/ravon.com.tr\/#\/schema\/logo\/image\/\"},\"sameAs\":[\"https:\/\/www.facebook.com\/ravonfestoon\",\"https:\/\/x.com\/ravonfestoon\",\"https:\/\/www.instagram.com\/ravon_festoon\/\"]}]}<\/script>\n<!-- \/ Yoast SEO Premium plugin. -->","yoast_head_json":{"title":"Ravon Ge\u00e7meli Tip Bara Ek Klemensi Q - Ravon Enerji ve Data Transfer Sistemleri","description":"Ravon Ge\u00e7meli Tip Bara Ek Klemensi, Kapal\u0131 bara ekipmanlar\u0131, Vin\u00e7 transfer sistemleri, Kapal\u0131 bara sistemleri, Ak\u0131m alma arabas\u0131","robots":{"index":"index","follow":"follow","max-snippet":"max-snippet:-1","max-image-preview":"max-image-preview:large","max-video-preview":"max-video-preview:-1"},"canonical":"https:\/\/ravon.com.tr\/en\/product\/ravon-gecmeli-tip-bara-ek-klemensi\/","og_locale":"en_US","og_type":"article","og_title":"Ravon Ge\u00e7meli Tip Bara Ek Klemensi Q","og_description":"Ravon Ge\u00e7meli Tip Bara Ek Klemensi, Kapal\u0131 bara ekipmanlar\u0131, Vin\u00e7 transfer sistemleri, Kapal\u0131 bara sistemleri, Ak\u0131m alma arabas\u0131","og_url":"https:\/\/ravon.com.tr\/en\/product\/ravon-gecmeli-tip-bara-ek-klemensi\/","og_site_name":"Ravon Enerji ve Data Transfer Sistemleri","article_publisher":"https:\/\/www.facebook.com\/ravonfestoon","article_modified_time":"2025-01-06T12:59:44+00:00","og_image":[{"width":1290,"height":1290,"url":"https:\/\/ravon.com.tr\/wp-content\/uploads\/2024\/02\/BARA-KLEMENS.png","type":"image\/png"}],"twitter_card":"summary_large_image","twitter_site":"@ravonfestoon","twitter_misc":{"Est. reading time":"2 minutes"},"schema":{"@context":"https:\/\/schema.org","@graph":[{"@type":"WebPage","@id":"https:\/\/ravon.com.tr\/product\/ravon-gecmeli-tip-bara-ek-klemensi\/","url":"https:\/\/ravon.com.tr\/product\/ravon-gecmeli-tip-bara-ek-klemensi\/","name":"Ravon Ge\u00e7meli Tip Bara Ek Klemensi Q - Ravon Enerji ve Data Transfer Sistemleri","isPartOf":{"@id":"https:\/\/ravon.com.tr\/#website"},"primaryImageOfPage":{"@id":"https:\/\/ravon.com.tr\/product\/ravon-gecmeli-tip-bara-ek-klemensi\/#primaryimage"},"image":{"@id":"https:\/\/ravon.com.tr\/product\/ravon-gecmeli-tip-bara-ek-klemensi\/#primaryimage"},"thumbnailUrl":"https:\/\/ravon.com.tr\/wp-content\/uploads\/2024\/02\/BARA-KLEMENS.png","datePublished":"2024-02-16T14:31:36+00:00","dateModified":"2025-01-06T12:59:44+00:00","description":"Ravon Ge\u00e7meli Tip Bara Ek Klemensi, Kapal\u0131 bara ekipmanlar\u0131, Vin\u00e7 transfer sistemleri, Kapal\u0131 bara sistemleri, Ak\u0131m alma arabas\u0131","breadcrumb":{"@id":"https:\/\/ravon.com.tr\/product\/ravon-gecmeli-tip-bara-ek-klemensi\/#breadcrumb"},"inLanguage":"en-US","potentialAction":[{"@type":"ReadAction","target":["https:\/\/ravon.com.tr\/product\/ravon-gecmeli-tip-bara-ek-klemensi\/"]}]},{"@type":"ImageObject","inLanguage":"en-US","@id":"https:\/\/ravon.com.tr\/product\/ravon-gecmeli-tip-bara-ek-klemensi\/#primaryimage","url":"https:\/\/ravon.com.tr\/wp-content\/uploads\/2024\/02\/BARA-KLEMENS.png","contentUrl":"https:\/\/ravon.com.tr\/wp-content\/uploads\/2024\/02\/BARA-KLEMENS.png","width":1290,"height":1290,"caption":"kapal\u0131 bara klemens"},{"@type":"BreadcrumbList","@id":"https:\/\/ravon.com.tr\/product\/ravon-gecmeli-tip-bara-ek-klemensi\/#breadcrumb","itemListElement":[{"@type":"ListItem","position":1,"name":"Anasayfa","item":"https:\/\/ravon.com.tr\/"},{"@type":"ListItem","position":2,"name":"\u00dcr\u00fcnler","item":"https:\/\/ravon.com.tr\/shop\/"},{"@type":"ListItem","position":3,"name":"Ravon Ge\u00e7meli Tip Bara Ek Klemensi Q"}]},{"@type":"WebSite","@id":"https:\/\/ravon.com.tr\/#website","url":"https:\/\/ravon.com.tr\/","name":"Ravon Enerji ve Data Transfer Sistemleri","description":"Ravon Enerji ve Data Transfer Sistemleri","publisher":{"@id":"https:\/\/ravon.com.tr\/#organization"},"potentialAction":[{"@type":"SearchAction","target":{"@type":"EntryPoint","urlTemplate":"https:\/\/ravon.com.tr\/?s={search_term_string}"},"query-input":{"@type":"PropertyValueSpecification","valueRequired":true,"valueName":"search_term_string"}}],"inLanguage":"en-US"},{"@type":"Organization","@id":"https:\/\/ravon.com.tr\/#organization","name":"Ravon Enerji ve Data Transfer Sistemleri","url":"https:\/\/ravon.com.tr\/","logo":{"@type":"ImageObject","inLanguage":"en-US","@id":"https:\/\/ravon.com.tr\/#\/schema\/logo\/image\/","url":"https:\/\/ravon.com.tr\/wp-content\/uploads\/2023\/08\/tinywow_ravon-logo__2__30279301_1-removebg-preview1.png","contentUrl":"https:\/\/ravon.com.tr\/wp-content\/uploads\/2023\/08\/tinywow_ravon-logo__2__30279301_1-removebg-preview1.png","width":745,"height":335,"caption":"Ravon Enerji ve Data Transfer Sistemleri"},"image":{"@id":"https:\/\/ravon.com.tr\/#\/schema\/logo\/image\/"},"sameAs":["https:\/\/www.facebook.com\/ravonfestoon","https:\/\/x.com\/ravonfestoon","https:\/\/www.instagram.com\/ravon_festoon\/"]}]}},"_links":{"self":[{"href":"https:\/\/ravon.com.tr\/en\/wp-json\/wp\/v2\/product\/12066","targetHints":{"allow":["GET"]}}],"collection":[{"href":"https:\/\/ravon.com.tr\/en\/wp-json\/wp\/v2\/product"}],"about":[{"href":"https:\/\/ravon.com.tr\/en\/wp-json\/wp\/v2\/types\/product"}],"wp:featuredmedia":[{"embeddable":true,"href":"https:\/\/ravon.com.tr\/en\/wp-json\/wp\/v2\/media\/12068"}],"wp:attachment":[{"href":"https:\/\/ravon.com.tr\/en\/wp-json\/wp\/v2\/media?parent=12066"}],"wp:term":[{"taxonomy":"product_brand","embeddable":true,"href":"https:\/\/ravon.com.tr\/en\/wp-json\/wp\/v2\/product_brand?post=12066"},{"taxonomy":"product_cat","embeddable":true,"href":"https:\/\/ravon.com.tr\/en\/wp-json\/wp\/v2\/product_cat?post=12066"},{"taxonomy":"product_tag","embeddable":true,"href":"https:\/\/ravon.com.tr\/en\/wp-json\/wp\/v2\/product_tag?post=12066"}],"curies":[{"name":"wp","href":"https:\/\/api.w.org\/{rel}","templated":true}]}}