{"id":12086,"date":"2024-02-21T10:04:25","date_gmt":"2024-02-21T07:04:25","guid":{"rendered":"https:\/\/ravon.com.tr\/?post_type=product&#038;p=12086"},"modified":"2025-02-26T10:16:33","modified_gmt":"2025-02-26T07:16:33","slug":"ravon-kapali-bara","status":"publish","type":"product","link":"https:\/\/ravon.com.tr\/en\/product\/ravon-kapali-bara\/","title":{"rendered":"Enclosed Conductor 4-5 Poles"},"content":{"rendered":"<p style=\"text-align: justify;\"><strong>Enclosed Conductor Rail<\/strong><\/p>\n<p style=\"text-align: justify;\">The RVN Enclosed Conductor Rail System is a robust power supply solution designed for overhead traveling cranes. This conductor rail system is housed in a rigid yellow PVC casing and is protected from contact with an IP23 rating, making it suitable for both indoor and outdoor applications.<\/p>\n<p style=\"text-align: justify;\">Fabricated with advanced technology and in compliance with industry regulations, the RVN Enclosed Conductor Rail System features various copper cross-sections to accommodate rated currents ranging from 63 to 120A. The use of high-quality copper ensures efficient power transmission and excellent conductivity, while the rigid PVC housing provides durability and protection in diverse environments.<\/p>\n<p style=\"text-align: justify;\">The system is engineered for stable operation even at high speeds and operates with minimal noise, contributing to a quieter work environment. Its high insulation properties offer superior protection against electrical faults, enhancing safety and preventing power failures.<\/p>\n<p>&nbsp;<\/p>\n<p><span style=\"font-size: 10pt;\"><strong><span style=\"font-size: 12pt;\">Usage Areas:<\/span><br \/>\n<\/strong><\/span><\/p>\n<table style=\"border-collapse: collapse; width: 99.1635%; height: 166px;\">\n<tbody>\n<tr style=\"height: 156px;\">\n<td style=\"width: 20.0888%; height: 156px;\">\n<p style=\"text-align: center;\"><img loading=\"lazy\" decoding=\"async\" class=\"wp-image-12816 aligncenter\" src=\"https:\/\/ravon.com.tr\/wp-content\/uploads\/2022\/08\/Single-Girder-01.png\" alt=\"\" width=\"129\" height=\"95\" \/><strong>Single Girder Crane<\/strong><\/p>\n<\/td>\n<td style=\"width: 19.772%; text-align: center; height: 156px;\"><img loading=\"lazy\" decoding=\"async\" class=\"wp-image-12817 aligncenter\" src=\"https:\/\/ravon.com.tr\/wp-content\/uploads\/2022\/08\/Double-Girder-01-01.png\" alt=\"\" width=\"129\" height=\"95\" \/><strong>Double Girder Crane<\/strong><\/td>\n<td style=\"width: 18.4662%; text-align: center; height: 156px;\"><img loading=\"lazy\" decoding=\"async\" class=\"wp-image-12818 aligncenter\" src=\"https:\/\/ravon.com.tr\/wp-content\/uploads\/2022\/08\/Portal-Crane-01-01-01.png\" alt=\"\" width=\"121\" height=\"101\" \/><strong>Gantry Crane<\/strong><\/td>\n<td style=\"width: 18.5449%; text-align: center; height: 156px;\"><img loading=\"lazy\" decoding=\"async\" class=\"wp-image-12819 aligncenter\" src=\"https:\/\/ravon.com.tr\/wp-content\/uploads\/2022\/08\/Production-Line-01-01.png\" alt=\"\" width=\"117\" height=\"94\" \/><strong>Konvey\u00f6r<\/strong><\/td>\n<td style=\"width: 22.2916%; text-align: center; height: 156px;\"><img loading=\"lazy\" decoding=\"async\" class=\"wp-image-12820 aligncenter\" src=\"https:\/\/ravon.com.tr\/wp-content\/uploads\/2022\/08\/Car-Washing-01-01.png\" alt=\"\" width=\"146\" height=\"95\" \/><strong>Washing Machine<\/strong><\/td>\n<\/tr>\n<tr style=\"height: 23px;\">\n<td style=\"width: 20.0888%; height: 10px;\"><\/td>\n<td style=\"width: 19.772%; height: 10px;\"><\/td>\n<td style=\"width: 18.4662%; height: 10px;\"><\/td>\n<td style=\"width: 18.5449%; height: 10px;\"><\/td>\n<td style=\"width: 22.2916%; height: 10px;\"><\/td>\n<\/tr>\n<\/tbody>\n<\/table>","protected":false},"excerpt":{"rendered":"<p>Ravon Kapal\u0131 Bara Ravon Kapal\u0131 Bara, elektrik enerjisini iletmek ve da\u011f\u0131tmak i\u00e7in kullan\u0131lan bir elektrik bilezi\u011fi veya iletken \u00e7ubuktur. Genellikle bak\u0131r veya al\u00fcminyum gibi y\u00fcksek iletkenli\u011fe sahip metallerden yap\u0131l\u0131rlar. Elektrik panolar\u0131nda, ana da\u011f\u0131t\u0131m hatlar\u0131nda ve end\u00fcstriyel elektrik sistemlerinde yayg\u0131n olarak kullan\u0131l\u0131rlar. Ravon Kapal\u0131 Baralar, elektrik panosundaki \u00e7e\u015fitli devre elemanlar\u0131n\u0131 birbirine ba\u011flar. Elektrik ak\u0131m\u0131n\u0131 farkl\u0131 noktalara [&hellip;]<\/p>","protected":false},"featured_media":12088,"template":"","meta":{"_acf_changed":false,"_et_pb_use_builder":"","_et_pb_old_content":"","_et_gb_content_width":""},"product_brand":[],"product_cat":[764,742],"product_tag":[],"class_list":{"0":"post-12086","1":"product","2":"type-product","3":"status-publish","4":"has-post-thumbnail","6":"product_cat-bara-sistemleri","7":"product_cat-kapali-bara-sistemler","9":"first","10":"instock","11":"featured","12":"shipping-taxable","13":"product-type-simple"},"acf":[],"yoast_head":"<!-- This site is optimized with the Yoast SEO Premium plugin v20.13 (Yoast SEO v25.7) - https:\/\/yoast.com\/wordpress\/plugins\/seo\/ -->\n<title>Ravon Kapal\u0131 Bara - 4 ve 5 \u0130letkenli - Ravon Enerji ve Data Transfer Sistemleri<\/title>\n<meta name=\"description\" content=\"ravon kapal\u0131 bara sistemleri, ortadan besleme, ba\u015ftan besleme, vin\u00e7 bara sistemleri, kutu bara sistemleri, sar\u0131 bara, transfer sistemleri\" \/>\n<meta name=\"robots\" content=\"index, follow, max-snippet:-1, max-image-preview:large, max-video-preview:-1\" \/>\n<link rel=\"canonical\" href=\"https:\/\/ravon.com.tr\/en\/product\/ravon-kapali-bara\/\" \/>\n<meta property=\"og:locale\" content=\"en_US\" \/>\n<meta property=\"og:type\" content=\"article\" \/>\n<meta property=\"og:title\" content=\"Ravon Kapal\u0131 Bara - 4 ve 5 \u0130letkenli\" \/>\n<meta property=\"og:description\" content=\"ravon kapal\u0131 bara sistemleri, ortadan besleme, ba\u015ftan besleme, vin\u00e7 bara sistemleri, kutu bara sistemleri, sar\u0131 bara, transfer sistemleri\" \/>\n<meta property=\"og:url\" content=\"https:\/\/ravon.com.tr\/en\/product\/ravon-kapali-bara\/\" \/>\n<meta property=\"og:site_name\" content=\"Ravon Enerji ve Data Transfer Sistemleri\" \/>\n<meta property=\"article:publisher\" content=\"https:\/\/www.facebook.com\/ravonfestoon\" \/>\n<meta property=\"article:modified_time\" content=\"2025-02-26T07:16:33+00:00\" \/>\n<meta property=\"og:image\" content=\"https:\/\/ravon.com.tr\/wp-content\/uploads\/2024\/02\/KAPALI-BARA-SARI.png\" \/>\n\t<meta property=\"og:image:width\" content=\"1290\" \/>\n\t<meta property=\"og:image:height\" content=\"1290\" \/>\n\t<meta property=\"og:image:type\" content=\"image\/png\" \/>\n<meta name=\"twitter:card\" content=\"summary_large_image\" \/>\n<meta name=\"twitter:site\" content=\"@ravonfestoon\" \/>\n<meta name=\"twitter:label1\" content=\"Est. reading time\" \/>\n\t<meta name=\"twitter:data1\" content=\"2 minutes\" \/>\n<script type=\"application\/ld+json\" class=\"yoast-schema-graph\">{\"@context\":\"https:\/\/schema.org\",\"@graph\":[{\"@type\":\"WebPage\",\"@id\":\"https:\/\/ravon.com.tr\/product\/ravon-kapali-bara\/\",\"url\":\"https:\/\/ravon.com.tr\/product\/ravon-kapali-bara\/\",\"name\":\"Ravon Kapal\u0131 Bara - 4 ve 5 \u0130letkenli - Ravon Enerji ve Data Transfer Sistemleri\",\"isPartOf\":{\"@id\":\"https:\/\/ravon.com.tr\/#website\"},\"primaryImageOfPage\":{\"@id\":\"https:\/\/ravon.com.tr\/product\/ravon-kapali-bara\/#primaryimage\"},\"image\":{\"@id\":\"https:\/\/ravon.com.tr\/product\/ravon-kapali-bara\/#primaryimage\"},\"thumbnailUrl\":\"https:\/\/ravon.com.tr\/wp-content\/uploads\/2024\/02\/KAPALI-BARA-SARI.png\",\"datePublished\":\"2024-02-21T07:04:25+00:00\",\"dateModified\":\"2025-02-26T07:16:33+00:00\",\"description\":\"ravon kapal\u0131 bara sistemleri, ortadan besleme, ba\u015ftan besleme, vin\u00e7 bara sistemleri, kutu bara sistemleri, sar\u0131 bara, transfer sistemleri\",\"breadcrumb\":{\"@id\":\"https:\/\/ravon.com.tr\/product\/ravon-kapali-bara\/#breadcrumb\"},\"inLanguage\":\"en-US\",\"potentialAction\":[{\"@type\":\"ReadAction\",\"target\":[\"https:\/\/ravon.com.tr\/product\/ravon-kapali-bara\/\"]}]},{\"@type\":\"ImageObject\",\"inLanguage\":\"en-US\",\"@id\":\"https:\/\/ravon.com.tr\/product\/ravon-kapali-bara\/#primaryimage\",\"url\":\"https:\/\/ravon.com.tr\/wp-content\/uploads\/2024\/02\/KAPALI-BARA-SARI.png\",\"contentUrl\":\"https:\/\/ravon.com.tr\/wp-content\/uploads\/2024\/02\/KAPALI-BARA-SARI.png\",\"width\":1290,\"height\":1290,\"caption\":\"SARI BARA\"},{\"@type\":\"BreadcrumbList\",\"@id\":\"https:\/\/ravon.com.tr\/product\/ravon-kapali-bara\/#breadcrumb\",\"itemListElement\":[{\"@type\":\"ListItem\",\"position\":1,\"name\":\"Anasayfa\",\"item\":\"https:\/\/ravon.com.tr\/\"},{\"@type\":\"ListItem\",\"position\":2,\"name\":\"\u00dcr\u00fcnler\",\"item\":\"https:\/\/ravon.com.tr\/shop\/\"},{\"@type\":\"ListItem\",\"position\":3,\"name\":\"Ravon Kapal\u0131 Bara &#8211; 4 ve 5 \u0130letkenli\"}]},{\"@type\":\"WebSite\",\"@id\":\"https:\/\/ravon.com.tr\/#website\",\"url\":\"https:\/\/ravon.com.tr\/\",\"name\":\"Ravon Enerji ve Data Transfer Sistemleri\",\"description\":\"Ravon Enerji ve Data Transfer Sistemleri\",\"publisher\":{\"@id\":\"https:\/\/ravon.com.tr\/#organization\"},\"potentialAction\":[{\"@type\":\"SearchAction\",\"target\":{\"@type\":\"EntryPoint\",\"urlTemplate\":\"https:\/\/ravon.com.tr\/?s={search_term_string}\"},\"query-input\":{\"@type\":\"PropertyValueSpecification\",\"valueRequired\":true,\"valueName\":\"search_term_string\"}}],\"inLanguage\":\"en-US\"},{\"@type\":\"Organization\",\"@id\":\"https:\/\/ravon.com.tr\/#organization\",\"name\":\"Ravon Enerji ve Data Transfer Sistemleri\",\"url\":\"https:\/\/ravon.com.tr\/\",\"logo\":{\"@type\":\"ImageObject\",\"inLanguage\":\"en-US\",\"@id\":\"https:\/\/ravon.com.tr\/#\/schema\/logo\/image\/\",\"url\":\"https:\/\/ravon.com.tr\/wp-content\/uploads\/2023\/08\/tinywow_ravon-logo__2__30279301_1-removebg-preview1.png\",\"contentUrl\":\"https:\/\/ravon.com.tr\/wp-content\/uploads\/2023\/08\/tinywow_ravon-logo__2__30279301_1-removebg-preview1.png\",\"width\":745,\"height\":335,\"caption\":\"Ravon Enerji ve Data Transfer Sistemleri\"},\"image\":{\"@id\":\"https:\/\/ravon.com.tr\/#\/schema\/logo\/image\/\"},\"sameAs\":[\"https:\/\/www.facebook.com\/ravonfestoon\",\"https:\/\/x.com\/ravonfestoon\",\"https:\/\/www.instagram.com\/ravon_festoon\/\"]}]}<\/script>\n<!-- \/ Yoast SEO Premium plugin. -->","yoast_head_json":{"title":"Ravon Kapal\u0131 Bara - 4 ve 5 \u0130letkenli - Ravon Enerji ve Data Transfer Sistemleri","description":"ravon kapal\u0131 bara sistemleri, ortadan besleme, ba\u015ftan besleme, vin\u00e7 bara sistemleri, kutu bara sistemleri, sar\u0131 bara, transfer sistemleri","robots":{"index":"index","follow":"follow","max-snippet":"max-snippet:-1","max-image-preview":"max-image-preview:large","max-video-preview":"max-video-preview:-1"},"canonical":"https:\/\/ravon.com.tr\/en\/product\/ravon-kapali-bara\/","og_locale":"en_US","og_type":"article","og_title":"Ravon Kapal\u0131 Bara - 4 ve 5 \u0130letkenli","og_description":"ravon kapal\u0131 bara sistemleri, ortadan besleme, ba\u015ftan besleme, vin\u00e7 bara sistemleri, kutu bara sistemleri, sar\u0131 bara, transfer sistemleri","og_url":"https:\/\/ravon.com.tr\/en\/product\/ravon-kapali-bara\/","og_site_name":"Ravon Enerji ve Data Transfer Sistemleri","article_publisher":"https:\/\/www.facebook.com\/ravonfestoon","article_modified_time":"2025-02-26T07:16:33+00:00","og_image":[{"width":1290,"height":1290,"url":"https:\/\/ravon.com.tr\/wp-content\/uploads\/2024\/02\/KAPALI-BARA-SARI.png","type":"image\/png"}],"twitter_card":"summary_large_image","twitter_site":"@ravonfestoon","twitter_misc":{"Est. reading time":"2 minutes"},"schema":{"@context":"https:\/\/schema.org","@graph":[{"@type":"WebPage","@id":"https:\/\/ravon.com.tr\/product\/ravon-kapali-bara\/","url":"https:\/\/ravon.com.tr\/product\/ravon-kapali-bara\/","name":"Ravon Kapal\u0131 Bara - 4 ve 5 \u0130letkenli - Ravon Enerji ve Data Transfer Sistemleri","isPartOf":{"@id":"https:\/\/ravon.com.tr\/#website"},"primaryImageOfPage":{"@id":"https:\/\/ravon.com.tr\/product\/ravon-kapali-bara\/#primaryimage"},"image":{"@id":"https:\/\/ravon.com.tr\/product\/ravon-kapali-bara\/#primaryimage"},"thumbnailUrl":"https:\/\/ravon.com.tr\/wp-content\/uploads\/2024\/02\/KAPALI-BARA-SARI.png","datePublished":"2024-02-21T07:04:25+00:00","dateModified":"2025-02-26T07:16:33+00:00","description":"ravon kapal\u0131 bara sistemleri, ortadan besleme, ba\u015ftan besleme, vin\u00e7 bara sistemleri, kutu bara sistemleri, sar\u0131 bara, transfer sistemleri","breadcrumb":{"@id":"https:\/\/ravon.com.tr\/product\/ravon-kapali-bara\/#breadcrumb"},"inLanguage":"en-US","potentialAction":[{"@type":"ReadAction","target":["https:\/\/ravon.com.tr\/product\/ravon-kapali-bara\/"]}]},{"@type":"ImageObject","inLanguage":"en-US","@id":"https:\/\/ravon.com.tr\/product\/ravon-kapali-bara\/#primaryimage","url":"https:\/\/ravon.com.tr\/wp-content\/uploads\/2024\/02\/KAPALI-BARA-SARI.png","contentUrl":"https:\/\/ravon.com.tr\/wp-content\/uploads\/2024\/02\/KAPALI-BARA-SARI.png","width":1290,"height":1290,"caption":"SARI BARA"},{"@type":"BreadcrumbList","@id":"https:\/\/ravon.com.tr\/product\/ravon-kapali-bara\/#breadcrumb","itemListElement":[{"@type":"ListItem","position":1,"name":"Anasayfa","item":"https:\/\/ravon.com.tr\/"},{"@type":"ListItem","position":2,"name":"\u00dcr\u00fcnler","item":"https:\/\/ravon.com.tr\/shop\/"},{"@type":"ListItem","position":3,"name":"Ravon Kapal\u0131 Bara &#8211; 4 ve 5 \u0130letkenli"}]},{"@type":"WebSite","@id":"https:\/\/ravon.com.tr\/#website","url":"https:\/\/ravon.com.tr\/","name":"Ravon Enerji ve Data Transfer Sistemleri","description":"Ravon Enerji ve Data Transfer Sistemleri","publisher":{"@id":"https:\/\/ravon.com.tr\/#organization"},"potentialAction":[{"@type":"SearchAction","target":{"@type":"EntryPoint","urlTemplate":"https:\/\/ravon.com.tr\/?s={search_term_string}"},"query-input":{"@type":"PropertyValueSpecification","valueRequired":true,"valueName":"search_term_string"}}],"inLanguage":"en-US"},{"@type":"Organization","@id":"https:\/\/ravon.com.tr\/#organization","name":"Ravon Enerji ve Data Transfer Sistemleri","url":"https:\/\/ravon.com.tr\/","logo":{"@type":"ImageObject","inLanguage":"en-US","@id":"https:\/\/ravon.com.tr\/#\/schema\/logo\/image\/","url":"https:\/\/ravon.com.tr\/wp-content\/uploads\/2023\/08\/tinywow_ravon-logo__2__30279301_1-removebg-preview1.png","contentUrl":"https:\/\/ravon.com.tr\/wp-content\/uploads\/2023\/08\/tinywow_ravon-logo__2__30279301_1-removebg-preview1.png","width":745,"height":335,"caption":"Ravon Enerji ve Data Transfer Sistemleri"},"image":{"@id":"https:\/\/ravon.com.tr\/#\/schema\/logo\/image\/"},"sameAs":["https:\/\/www.facebook.com\/ravonfestoon","https:\/\/x.com\/ravonfestoon","https:\/\/www.instagram.com\/ravon_festoon\/"]}]}},"_links":{"self":[{"href":"https:\/\/ravon.com.tr\/en\/wp-json\/wp\/v2\/product\/12086","targetHints":{"allow":["GET"]}}],"collection":[{"href":"https:\/\/ravon.com.tr\/en\/wp-json\/wp\/v2\/product"}],"about":[{"href":"https:\/\/ravon.com.tr\/en\/wp-json\/wp\/v2\/types\/product"}],"wp:featuredmedia":[{"embeddable":true,"href":"https:\/\/ravon.com.tr\/en\/wp-json\/wp\/v2\/media\/12088"}],"wp:attachment":[{"href":"https:\/\/ravon.com.tr\/en\/wp-json\/wp\/v2\/media?parent=12086"}],"wp:term":[{"taxonomy":"product_brand","embeddable":true,"href":"https:\/\/ravon.com.tr\/en\/wp-json\/wp\/v2\/product_brand?post=12086"},{"taxonomy":"product_cat","embeddable":true,"href":"https:\/\/ravon.com.tr\/en\/wp-json\/wp\/v2\/product_cat?post=12086"},{"taxonomy":"product_tag","embeddable":true,"href":"https:\/\/ravon.com.tr\/en\/wp-json\/wp\/v2\/product_tag?post=12086"}],"curies":[{"name":"wp","href":"https:\/\/api.w.org\/{rel}","templated":true}]}}