{"id":12133,"date":"2024-04-17T10:07:13","date_gmt":"2024-04-17T07:07:13","guid":{"rendered":"https:\/\/ravon.com.tr\/?post_type=product&#038;p=12133"},"modified":"2024-04-17T10:08:17","modified_gmt":"2024-04-17T07:08:17","slug":"o400-halat-tamburu","status":"publish","type":"product","link":"https:\/\/ravon.com.tr\/en\/product\/o400-halat-tamburu\/","title":{"rendered":"\u00d8400 Wire Rope Drum"},"content":{"rendered":"<p>Wire Rope Drums<\/p>","protected":false},"excerpt":{"rendered":"<p>Wire Rope Drums<\/p>","protected":false},"featured_media":12135,"template":"","meta":{"_acf_changed":false,"_et_pb_use_builder":"","_et_pb_old_content":"","_et_gb_content_width":""},"product_brand":[],"product_cat":[745],"product_tag":[746],"class_list":{"0":"post-12133","1":"product","2":"type-product","3":"status-publish","4":"has-post-thumbnail","6":"product_cat-halat-tamburlari","7":"product_tag-halat-tamburu","9":"first","10":"instock","11":"shipping-taxable","12":"product-type-simple"},"acf":[],"yoast_head":"<!-- This site is optimized with the Yoast SEO Premium plugin v20.13 (Yoast SEO v25.7) - https:\/\/yoast.com\/wordpress\/plugins\/seo\/ -->\n<title>Halat Tamburu - Ravon Enerji ve Data Transfer Sistemleri<\/title>\n<meta name=\"description\" content=\"Halat Tamburu, halat,tambur, \u00e7elik halat sarma , halat sarma , galvanizli halat, kendir\u00f6zl\u00fc halat , \u00e7elik halat tamburu, \u00e7elik tambur\" \/>\n<meta name=\"robots\" content=\"index, follow, max-snippet:-1, max-image-preview:large, max-video-preview:-1\" \/>\n<link rel=\"canonical\" href=\"https:\/\/ravon.com.tr\/en\/product\/o400-halat-tamburu\/\" \/>\n<meta property=\"og:locale\" content=\"en_US\" \/>\n<meta property=\"og:type\" content=\"article\" \/>\n<meta property=\"og:title\" content=\"\u00d8400 Halat Tamburu\" \/>\n<meta property=\"og:description\" content=\"Halat Tamburu, halat,tambur, \u00e7elik halat sarma , halat sarma , galvanizli halat, kendir\u00f6zl\u00fc halat , \u00e7elik halat tamburu, \u00e7elik tambur\" \/>\n<meta property=\"og:url\" content=\"https:\/\/ravon.com.tr\/en\/product\/o400-halat-tamburu\/\" \/>\n<meta property=\"og:site_name\" content=\"Ravon Enerji ve Data Transfer Sistemleri\" \/>\n<meta property=\"article:publisher\" content=\"https:\/\/www.facebook.com\/ravonfestoon\" \/>\n<meta property=\"article:modified_time\" content=\"2024-04-17T07:08:17+00:00\" \/>\n<meta property=\"og:image\" content=\"https:\/\/ravon.com.tr\/wp-content\/uploads\/2024\/04\/O400-Halat-Tamburu1.png\" \/>\n\t<meta property=\"og:image:width\" content=\"1290\" \/>\n\t<meta property=\"og:image:height\" content=\"1290\" \/>\n\t<meta property=\"og:image:type\" content=\"image\/png\" \/>\n<meta name=\"twitter:card\" content=\"summary_large_image\" \/>\n<meta name=\"twitter:site\" content=\"@ravonfestoon\" \/>\n<meta name=\"twitter:label1\" content=\"Est. reading time\" \/>\n\t<meta name=\"twitter:data1\" content=\"1 minute\" \/>\n<script type=\"application\/ld+json\" class=\"yoast-schema-graph\">{\"@context\":\"https:\/\/schema.org\",\"@graph\":[{\"@type\":\"WebPage\",\"@id\":\"https:\/\/ravon.com.tr\/product\/o400-halat-tamburu\/\",\"url\":\"https:\/\/ravon.com.tr\/product\/o400-halat-tamburu\/\",\"name\":\"Halat Tamburu - Ravon Enerji ve Data Transfer Sistemleri\",\"isPartOf\":{\"@id\":\"https:\/\/ravon.com.tr\/#website\"},\"primaryImageOfPage\":{\"@id\":\"https:\/\/ravon.com.tr\/product\/o400-halat-tamburu\/#primaryimage\"},\"image\":{\"@id\":\"https:\/\/ravon.com.tr\/product\/o400-halat-tamburu\/#primaryimage\"},\"thumbnailUrl\":\"https:\/\/ravon.com.tr\/wp-content\/uploads\/2024\/04\/O400-Halat-Tamburu1.png\",\"datePublished\":\"2024-04-17T07:07:13+00:00\",\"dateModified\":\"2024-04-17T07:08:17+00:00\",\"description\":\"Halat Tamburu, halat,tambur, \u00e7elik halat sarma , halat sarma , galvanizli halat, kendir\u00f6zl\u00fc halat , \u00e7elik halat tamburu, \u00e7elik tambur\",\"breadcrumb\":{\"@id\":\"https:\/\/ravon.com.tr\/product\/o400-halat-tamburu\/#breadcrumb\"},\"inLanguage\":\"en-US\",\"potentialAction\":[{\"@type\":\"ReadAction\",\"target\":[\"https:\/\/ravon.com.tr\/product\/o400-halat-tamburu\/\"]}]},{\"@type\":\"ImageObject\",\"inLanguage\":\"en-US\",\"@id\":\"https:\/\/ravon.com.tr\/product\/o400-halat-tamburu\/#primaryimage\",\"url\":\"https:\/\/ravon.com.tr\/wp-content\/uploads\/2024\/04\/O400-Halat-Tamburu1.png\",\"contentUrl\":\"https:\/\/ravon.com.tr\/wp-content\/uploads\/2024\/04\/O400-Halat-Tamburu1.png\",\"width\":1290,\"height\":1290,\"caption\":\"Halat Tamburu\"},{\"@type\":\"BreadcrumbList\",\"@id\":\"https:\/\/ravon.com.tr\/product\/o400-halat-tamburu\/#breadcrumb\",\"itemListElement\":[{\"@type\":\"ListItem\",\"position\":1,\"name\":\"Anasayfa\",\"item\":\"https:\/\/ravon.com.tr\/\"},{\"@type\":\"ListItem\",\"position\":2,\"name\":\"\u00dcr\u00fcnler\",\"item\":\"https:\/\/ravon.com.tr\/shop\/\"},{\"@type\":\"ListItem\",\"position\":3,\"name\":\"\u00d8400 Halat Tamburu\"}]},{\"@type\":\"WebSite\",\"@id\":\"https:\/\/ravon.com.tr\/#website\",\"url\":\"https:\/\/ravon.com.tr\/\",\"name\":\"Ravon Enerji ve Data Transfer Sistemleri\",\"description\":\"Ravon Enerji ve Data Transfer Sistemleri\",\"publisher\":{\"@id\":\"https:\/\/ravon.com.tr\/#organization\"},\"potentialAction\":[{\"@type\":\"SearchAction\",\"target\":{\"@type\":\"EntryPoint\",\"urlTemplate\":\"https:\/\/ravon.com.tr\/?s={search_term_string}\"},\"query-input\":{\"@type\":\"PropertyValueSpecification\",\"valueRequired\":true,\"valueName\":\"search_term_string\"}}],\"inLanguage\":\"en-US\"},{\"@type\":\"Organization\",\"@id\":\"https:\/\/ravon.com.tr\/#organization\",\"name\":\"Ravon Enerji ve Data Transfer Sistemleri\",\"url\":\"https:\/\/ravon.com.tr\/\",\"logo\":{\"@type\":\"ImageObject\",\"inLanguage\":\"en-US\",\"@id\":\"https:\/\/ravon.com.tr\/#\/schema\/logo\/image\/\",\"url\":\"https:\/\/ravon.com.tr\/wp-content\/uploads\/2023\/08\/tinywow_ravon-logo__2__30279301_1-removebg-preview1.png\",\"contentUrl\":\"https:\/\/ravon.com.tr\/wp-content\/uploads\/2023\/08\/tinywow_ravon-logo__2__30279301_1-removebg-preview1.png\",\"width\":745,\"height\":335,\"caption\":\"Ravon Enerji ve Data Transfer Sistemleri\"},\"image\":{\"@id\":\"https:\/\/ravon.com.tr\/#\/schema\/logo\/image\/\"},\"sameAs\":[\"https:\/\/www.facebook.com\/ravonfestoon\",\"https:\/\/x.com\/ravonfestoon\",\"https:\/\/www.instagram.com\/ravon_festoon\/\"]}]}<\/script>\n<!-- \/ Yoast SEO Premium plugin. -->","yoast_head_json":{"title":"Halat Tamburu - Ravon Enerji ve Data Transfer Sistemleri","description":"Halat Tamburu, halat,tambur, \u00e7elik halat sarma , halat sarma , galvanizli halat, kendir\u00f6zl\u00fc halat , \u00e7elik halat tamburu, \u00e7elik tambur","robots":{"index":"index","follow":"follow","max-snippet":"max-snippet:-1","max-image-preview":"max-image-preview:large","max-video-preview":"max-video-preview:-1"},"canonical":"https:\/\/ravon.com.tr\/en\/product\/o400-halat-tamburu\/","og_locale":"en_US","og_type":"article","og_title":"\u00d8400 Halat Tamburu","og_description":"Halat Tamburu, halat,tambur, \u00e7elik halat sarma , halat sarma , galvanizli halat, kendir\u00f6zl\u00fc halat , \u00e7elik halat tamburu, \u00e7elik tambur","og_url":"https:\/\/ravon.com.tr\/en\/product\/o400-halat-tamburu\/","og_site_name":"Ravon Enerji ve Data Transfer Sistemleri","article_publisher":"https:\/\/www.facebook.com\/ravonfestoon","article_modified_time":"2024-04-17T07:08:17+00:00","og_image":[{"width":1290,"height":1290,"url":"https:\/\/ravon.com.tr\/wp-content\/uploads\/2024\/04\/O400-Halat-Tamburu1.png","type":"image\/png"}],"twitter_card":"summary_large_image","twitter_site":"@ravonfestoon","twitter_misc":{"Est. reading time":"1 minute"},"schema":{"@context":"https:\/\/schema.org","@graph":[{"@type":"WebPage","@id":"https:\/\/ravon.com.tr\/product\/o400-halat-tamburu\/","url":"https:\/\/ravon.com.tr\/product\/o400-halat-tamburu\/","name":"Halat Tamburu - Ravon Enerji ve Data Transfer Sistemleri","isPartOf":{"@id":"https:\/\/ravon.com.tr\/#website"},"primaryImageOfPage":{"@id":"https:\/\/ravon.com.tr\/product\/o400-halat-tamburu\/#primaryimage"},"image":{"@id":"https:\/\/ravon.com.tr\/product\/o400-halat-tamburu\/#primaryimage"},"thumbnailUrl":"https:\/\/ravon.com.tr\/wp-content\/uploads\/2024\/04\/O400-Halat-Tamburu1.png","datePublished":"2024-04-17T07:07:13+00:00","dateModified":"2024-04-17T07:08:17+00:00","description":"Halat Tamburu, halat,tambur, \u00e7elik halat sarma , halat sarma , galvanizli halat, kendir\u00f6zl\u00fc halat , \u00e7elik halat tamburu, \u00e7elik tambur","breadcrumb":{"@id":"https:\/\/ravon.com.tr\/product\/o400-halat-tamburu\/#breadcrumb"},"inLanguage":"en-US","potentialAction":[{"@type":"ReadAction","target":["https:\/\/ravon.com.tr\/product\/o400-halat-tamburu\/"]}]},{"@type":"ImageObject","inLanguage":"en-US","@id":"https:\/\/ravon.com.tr\/product\/o400-halat-tamburu\/#primaryimage","url":"https:\/\/ravon.com.tr\/wp-content\/uploads\/2024\/04\/O400-Halat-Tamburu1.png","contentUrl":"https:\/\/ravon.com.tr\/wp-content\/uploads\/2024\/04\/O400-Halat-Tamburu1.png","width":1290,"height":1290,"caption":"Halat Tamburu"},{"@type":"BreadcrumbList","@id":"https:\/\/ravon.com.tr\/product\/o400-halat-tamburu\/#breadcrumb","itemListElement":[{"@type":"ListItem","position":1,"name":"Anasayfa","item":"https:\/\/ravon.com.tr\/"},{"@type":"ListItem","position":2,"name":"\u00dcr\u00fcnler","item":"https:\/\/ravon.com.tr\/shop\/"},{"@type":"ListItem","position":3,"name":"\u00d8400 Halat Tamburu"}]},{"@type":"WebSite","@id":"https:\/\/ravon.com.tr\/#website","url":"https:\/\/ravon.com.tr\/","name":"Ravon Enerji ve Data Transfer Sistemleri","description":"Ravon Enerji ve Data Transfer Sistemleri","publisher":{"@id":"https:\/\/ravon.com.tr\/#organization"},"potentialAction":[{"@type":"SearchAction","target":{"@type":"EntryPoint","urlTemplate":"https:\/\/ravon.com.tr\/?s={search_term_string}"},"query-input":{"@type":"PropertyValueSpecification","valueRequired":true,"valueName":"search_term_string"}}],"inLanguage":"en-US"},{"@type":"Organization","@id":"https:\/\/ravon.com.tr\/#organization","name":"Ravon Enerji ve Data Transfer Sistemleri","url":"https:\/\/ravon.com.tr\/","logo":{"@type":"ImageObject","inLanguage":"en-US","@id":"https:\/\/ravon.com.tr\/#\/schema\/logo\/image\/","url":"https:\/\/ravon.com.tr\/wp-content\/uploads\/2023\/08\/tinywow_ravon-logo__2__30279301_1-removebg-preview1.png","contentUrl":"https:\/\/ravon.com.tr\/wp-content\/uploads\/2023\/08\/tinywow_ravon-logo__2__30279301_1-removebg-preview1.png","width":745,"height":335,"caption":"Ravon Enerji ve Data Transfer Sistemleri"},"image":{"@id":"https:\/\/ravon.com.tr\/#\/schema\/logo\/image\/"},"sameAs":["https:\/\/www.facebook.com\/ravonfestoon","https:\/\/x.com\/ravonfestoon","https:\/\/www.instagram.com\/ravon_festoon\/"]}]}},"_links":{"self":[{"href":"https:\/\/ravon.com.tr\/en\/wp-json\/wp\/v2\/product\/12133","targetHints":{"allow":["GET"]}}],"collection":[{"href":"https:\/\/ravon.com.tr\/en\/wp-json\/wp\/v2\/product"}],"about":[{"href":"https:\/\/ravon.com.tr\/en\/wp-json\/wp\/v2\/types\/product"}],"wp:featuredmedia":[{"embeddable":true,"href":"https:\/\/ravon.com.tr\/en\/wp-json\/wp\/v2\/media\/12135"}],"wp:attachment":[{"href":"https:\/\/ravon.com.tr\/en\/wp-json\/wp\/v2\/media?parent=12133"}],"wp:term":[{"taxonomy":"product_brand","embeddable":true,"href":"https:\/\/ravon.com.tr\/en\/wp-json\/wp\/v2\/product_brand?post=12133"},{"taxonomy":"product_cat","embeddable":true,"href":"https:\/\/ravon.com.tr\/en\/wp-json\/wp\/v2\/product_cat?post=12133"},{"taxonomy":"product_tag","embeddable":true,"href":"https:\/\/ravon.com.tr\/en\/wp-json\/wp\/v2\/product_tag?post=12133"}],"curies":[{"name":"wp","href":"https:\/\/api.w.org\/{rel}","templated":true}]}}