{"id":12180,"date":"2024-04-19T11:39:58","date_gmt":"2024-04-19T08:39:58","guid":{"rendered":"https:\/\/ravon.com.tr\/?post_type=product&#038;p=12180"},"modified":"2025-01-07T10:31:29","modified_gmt":"2025-01-07T07:31:29","slug":"kumanda-kontrol-unitesi-arabasi-celik-saddle-2","status":"publish","type":"product","link":"https:\/\/ravon.com.tr\/en\/product\/kumanda-kontrol-unitesi-arabasi-celik-saddle-2\/","title":{"rendered":"Control Unit Trolley \/ Steel Saddle"},"content":{"rendered":"<h3 class=\"et_pb_module_heading\"><strong><span style=\"font-size: 10pt;\">Control Unit Trolley \/ Steel Saddle<\/span><\/strong><\/h3>\n<p>The Control Unit Trolley is a product specifically designed to facilitate movement along the crane girder for the cable controls of cranes. The main function of this unit is to ensure that the control cable moves freely and safely within the crane system, as well as to connect the cable coming from the starting trolley to the control cable.<\/p>\n<p>The Control Unit Trolley needs to carry a higher load compared to other trolleys. To increase its carrying capacity, the Control Unit Trolley is equipped with two different roller sets. This enhances the load capacity, and the free suspension design of the roller sets reduces stress on the socket cable during movement.<\/p>\n<p>The cable coming from the End Clamps is securely fixed to the Trolley with a special cable clamp called a ''Saddle''. The saddle is protected with an elastomer plastic pad to prevent electrical leakage that may occur while the cable is connected. This insulating pad increases safety by preventing electrical faults from spreading throughout the system.<\/p>\n<p>To increase the durability of the product and protect against corrosion, all metal parts are manufactured with high-quality steel or a galvanized coating. These features ensure that the Control Unit Trolley has a long life and reliable performance, even in difficult conditions.<\/p>\n<p><strong>Note:<\/strong> <em>Since socket types may vary depending on the brand and model of the crane systems, we prefer to deliver the Control Unit Trolley without a socket to avoid any incompatibility during installation.<\/em><\/p>\n<p><span style=\"font-size: 10pt;\"><strong>Usage Areas:<br \/>\n<\/strong><\/span><\/p>\n<table style=\"border-collapse: collapse; width: 99.1635%; height: 166px;\">\n<tbody>\n<tr style=\"height: 156px;\">\n<td style=\"width: 20.0888%; height: 156px;\">\n<p style=\"text-align: center;\"><img loading=\"lazy\" decoding=\"async\" class=\"wp-image-12816 aligncenter\" src=\"https:\/\/ravon.com.tr\/wp-content\/uploads\/2022\/08\/Single-Girder-01.png\" alt=\"\" width=\"129\" height=\"95\" \/><strong>Single Girder Crane<\/strong><\/p>\n<\/td>\n<td style=\"width: 19.772%; text-align: center; height: 156px;\"><img loading=\"lazy\" decoding=\"async\" class=\"wp-image-12817 aligncenter\" src=\"https:\/\/ravon.com.tr\/wp-content\/uploads\/2022\/08\/Double-Girder-01-01.png\" alt=\"\" width=\"129\" height=\"95\" \/><strong>Double Girder Crane<\/strong><\/td>\n<td style=\"width: 18.4662%; text-align: center; height: 156px;\"><img loading=\"lazy\" decoding=\"async\" class=\"wp-image-12818 aligncenter\" src=\"https:\/\/ravon.com.tr\/wp-content\/uploads\/2022\/08\/Portal-Crane-01-01-01.png\" alt=\"\" width=\"121\" height=\"101\" \/><strong>Gantry Crane<\/strong><\/td>\n<td style=\"width: 18.5449%; text-align: center; height: 156px;\"><img loading=\"lazy\" decoding=\"async\" class=\"wp-image-12819 aligncenter\" src=\"https:\/\/ravon.com.tr\/wp-content\/uploads\/2022\/08\/Production-Line-01-01.png\" alt=\"\" width=\"117\" height=\"94\" \/><strong>Konvey\u00f6r<\/strong><\/td>\n<td style=\"width: 22.2916%; text-align: center; height: 156px;\"><img loading=\"lazy\" decoding=\"async\" class=\"wp-image-12820 aligncenter\" src=\"https:\/\/ravon.com.tr\/wp-content\/uploads\/2022\/08\/Car-Washing-01-01.png\" alt=\"\" width=\"146\" height=\"95\" \/><strong>Washing Machine<\/strong><\/td>\n<\/tr>\n<tr style=\"height: 23px;\">\n<td style=\"width: 20.0888%; height: 10px;\"><\/td>\n<td style=\"width: 19.772%; height: 10px;\"><\/td>\n<td style=\"width: 18.4662%; height: 10px;\"><\/td>\n<td style=\"width: 18.5449%; height: 10px;\"><\/td>\n<td style=\"width: 22.2916%; height: 10px;\"><\/td>\n<\/tr>\n<\/tbody>\n<\/table>","protected":false},"excerpt":{"rendered":"<p>Kumanda Kontrol \u00dcnitesi Arabas\u0131 \u00c7elik Saddle Kumanda Kontrol \u00dcnitesi Arabas\u0131, vin\u00e7lerin kablolu kumandalar\u0131na, vin\u00e7 kiri\u015fi boyunca hareket yetene\u011fi kazand\u0131rmak i\u00e7in \u00f6zel olarak tasarlanm\u0131\u015f bir \u00fcr\u00fcnd\u00fcr. Bu \u00fcnitenin ba\u015fl\u0131ca i\u015flevi, kumanda kablosunun vin\u00e7 sistemi \u00fczerinde serbest ve g\u00fcvenli bir \u015fekilde hareket etmesini sa\u011flamakla birlikte, ba\u015flang\u0131\u00e7 arabas\u0131ndan gelen kablo ile kumanda kablosu aras\u0131ndaki ba\u011flant\u0131y\u0131 da ger\u00e7ekle\u015ftirir. Kumanda [&hellip;]<\/p>","protected":false},"featured_media":11389,"template":"","meta":{"_acf_changed":false,"_et_pb_use_builder":"","_et_pb_old_content":"","_et_gb_content_width":""},"product_brand":[],"product_cat":[492,77,691],"product_tag":[],"class_list":{"0":"post-12180","1":"product","2":"type-product","3":"status-publish","4":"has-post-thumbnail","6":"product_cat-kablo-tasima-sistemleri","7":"product_cat-c-profil-kablo-tasima-sistemleri","8":"product_cat-3032-serisi","10":"first","11":"instock","12":"shipping-taxable","13":"product-type-simple"},"acf":[],"yoast_head":"<!-- This site is optimized with the Yoast SEO Premium plugin v20.13 (Yoast SEO v25.7) - https:\/\/yoast.com\/wordpress\/plugins\/seo\/ -->\n<title>Kumanda Kontrol \u00dcnitesi Arabas\u0131 \u00c7elik Saddle - Ravon Enerji ve Data Transfer Sistemleri<\/title>\n<meta name=\"robots\" content=\"index, follow, max-snippet:-1, max-image-preview:large, max-video-preview:-1\" \/>\n<link rel=\"canonical\" href=\"https:\/\/ravon.com.tr\/en\/product\/kumanda-kontrol-unitesi-arabasi-celik-saddle-2\/\" \/>\n<meta property=\"og:locale\" content=\"en_US\" \/>\n<meta property=\"og:type\" content=\"article\" \/>\n<meta property=\"og:title\" content=\"Kumanda Kontrol \u00dcnitesi Arabas\u0131 \u00c7elik Saddle\" \/>\n<meta property=\"og:description\" content=\"Kumanda Kontrol \u00dcnitesi Arabas\u0131 \u00c7elik Saddle Kumanda Kontrol \u00dcnitesi Arabas\u0131, vin\u00e7lerin kablolu kumandalar\u0131na, vin\u00e7 kiri\u015fi boyunca hareket yetene\u011fi kazand\u0131rmak i\u00e7in \u00f6zel olarak tasarlanm\u0131\u015f bir \u00fcr\u00fcnd\u00fcr. Bu \u00fcnitenin ba\u015fl\u0131ca i\u015flevi, kumanda kablosunun vin\u00e7 sistemi \u00fczerinde serbest ve g\u00fcvenli bir \u015fekilde hareket etmesini sa\u011flamakla birlikte, ba\u015flang\u0131\u00e7 arabas\u0131ndan gelen kablo ile kumanda kablosu aras\u0131ndaki ba\u011flant\u0131y\u0131 da ger\u00e7ekle\u015ftirir. Kumanda [&hellip;]\" \/>\n<meta property=\"og:url\" content=\"https:\/\/ravon.com.tr\/en\/product\/kumanda-kontrol-unitesi-arabasi-celik-saddle-2\/\" \/>\n<meta property=\"og:site_name\" content=\"Ravon Enerji ve Data Transfer Sistemleri\" \/>\n<meta property=\"article:publisher\" content=\"https:\/\/www.facebook.com\/ravonfestoon\" \/>\n<meta property=\"article:modified_time\" content=\"2025-01-07T07:31:29+00:00\" \/>\n<meta property=\"og:image\" content=\"https:\/\/ravon.com.tr\/wp-content\/uploads\/2023\/12\/R3028F5-72-2.webp\" \/>\n\t<meta property=\"og:image:width\" content=\"1390\" \/>\n\t<meta property=\"og:image:height\" content=\"1389\" \/>\n\t<meta property=\"og:image:type\" content=\"image\/webp\" \/>\n<meta name=\"twitter:card\" content=\"summary_large_image\" \/>\n<meta name=\"twitter:site\" content=\"@ravonfestoon\" \/>\n<meta name=\"twitter:label1\" content=\"Est. reading time\" \/>\n\t<meta name=\"twitter:data1\" content=\"3 minutes\" \/>\n<script type=\"application\/ld+json\" class=\"yoast-schema-graph\">{\"@context\":\"https:\/\/schema.org\",\"@graph\":[{\"@type\":\"WebPage\",\"@id\":\"https:\/\/ravon.com.tr\/product\/kumanda-kontrol-unitesi-arabasi-celik-saddle-2\/\",\"url\":\"https:\/\/ravon.com.tr\/product\/kumanda-kontrol-unitesi-arabasi-celik-saddle-2\/\",\"name\":\"Kumanda Kontrol \u00dcnitesi Arabas\u0131 \u00c7elik Saddle - Ravon Enerji ve Data Transfer Sistemleri\",\"isPartOf\":{\"@id\":\"https:\/\/ravon.com.tr\/#website\"},\"primaryImageOfPage\":{\"@id\":\"https:\/\/ravon.com.tr\/product\/kumanda-kontrol-unitesi-arabasi-celik-saddle-2\/#primaryimage\"},\"image\":{\"@id\":\"https:\/\/ravon.com.tr\/product\/kumanda-kontrol-unitesi-arabasi-celik-saddle-2\/#primaryimage\"},\"thumbnailUrl\":\"https:\/\/ravon.com.tr\/wp-content\/uploads\/2023\/12\/R3028F5-72-2.webp\",\"datePublished\":\"2024-04-19T08:39:58+00:00\",\"dateModified\":\"2025-01-07T07:31:29+00:00\",\"breadcrumb\":{\"@id\":\"https:\/\/ravon.com.tr\/product\/kumanda-kontrol-unitesi-arabasi-celik-saddle-2\/#breadcrumb\"},\"inLanguage\":\"en-US\",\"potentialAction\":[{\"@type\":\"ReadAction\",\"target\":[\"https:\/\/ravon.com.tr\/product\/kumanda-kontrol-unitesi-arabasi-celik-saddle-2\/\"]}]},{\"@type\":\"ImageObject\",\"inLanguage\":\"en-US\",\"@id\":\"https:\/\/ravon.com.tr\/product\/kumanda-kontrol-unitesi-arabasi-celik-saddle-2\/#primaryimage\",\"url\":\"https:\/\/ravon.com.tr\/wp-content\/uploads\/2023\/12\/R3028F5-72-2.webp\",\"contentUrl\":\"https:\/\/ravon.com.tr\/wp-content\/uploads\/2023\/12\/R3028F5-72-2.webp\",\"width\":1390,\"height\":1389},{\"@type\":\"BreadcrumbList\",\"@id\":\"https:\/\/ravon.com.tr\/product\/kumanda-kontrol-unitesi-arabasi-celik-saddle-2\/#breadcrumb\",\"itemListElement\":[{\"@type\":\"ListItem\",\"position\":1,\"name\":\"Anasayfa\",\"item\":\"https:\/\/ravon.com.tr\/\"},{\"@type\":\"ListItem\",\"position\":2,\"name\":\"\u00dcr\u00fcnler\",\"item\":\"https:\/\/ravon.com.tr\/shop\/\"},{\"@type\":\"ListItem\",\"position\":3,\"name\":\"Kumanda Kontrol \u00dcnitesi Arabas\u0131 \u00c7elik Saddle\"}]},{\"@type\":\"WebSite\",\"@id\":\"https:\/\/ravon.com.tr\/#website\",\"url\":\"https:\/\/ravon.com.tr\/\",\"name\":\"Ravon Enerji ve Data Transfer Sistemleri\",\"description\":\"Ravon Enerji ve Data Transfer Sistemleri\",\"publisher\":{\"@id\":\"https:\/\/ravon.com.tr\/#organization\"},\"potentialAction\":[{\"@type\":\"SearchAction\",\"target\":{\"@type\":\"EntryPoint\",\"urlTemplate\":\"https:\/\/ravon.com.tr\/?s={search_term_string}\"},\"query-input\":{\"@type\":\"PropertyValueSpecification\",\"valueRequired\":true,\"valueName\":\"search_term_string\"}}],\"inLanguage\":\"en-US\"},{\"@type\":\"Organization\",\"@id\":\"https:\/\/ravon.com.tr\/#organization\",\"name\":\"Ravon Enerji ve Data Transfer Sistemleri\",\"url\":\"https:\/\/ravon.com.tr\/\",\"logo\":{\"@type\":\"ImageObject\",\"inLanguage\":\"en-US\",\"@id\":\"https:\/\/ravon.com.tr\/#\/schema\/logo\/image\/\",\"url\":\"https:\/\/ravon.com.tr\/wp-content\/uploads\/2023\/08\/tinywow_ravon-logo__2__30279301_1-removebg-preview1.png\",\"contentUrl\":\"https:\/\/ravon.com.tr\/wp-content\/uploads\/2023\/08\/tinywow_ravon-logo__2__30279301_1-removebg-preview1.png\",\"width\":745,\"height\":335,\"caption\":\"Ravon Enerji ve Data Transfer Sistemleri\"},\"image\":{\"@id\":\"https:\/\/ravon.com.tr\/#\/schema\/logo\/image\/\"},\"sameAs\":[\"https:\/\/www.facebook.com\/ravonfestoon\",\"https:\/\/x.com\/ravonfestoon\",\"https:\/\/www.instagram.com\/ravon_festoon\/\"]}]}<\/script>\n<!-- \/ Yoast SEO Premium plugin. -->","yoast_head_json":{"title":"Kumanda Kontrol \u00dcnitesi Arabas\u0131 \u00c7elik Saddle - Ravon Enerji ve Data Transfer Sistemleri","robots":{"index":"index","follow":"follow","max-snippet":"max-snippet:-1","max-image-preview":"max-image-preview:large","max-video-preview":"max-video-preview:-1"},"canonical":"https:\/\/ravon.com.tr\/en\/product\/kumanda-kontrol-unitesi-arabasi-celik-saddle-2\/","og_locale":"en_US","og_type":"article","og_title":"Kumanda Kontrol \u00dcnitesi Arabas\u0131 \u00c7elik Saddle","og_description":"Kumanda Kontrol \u00dcnitesi Arabas\u0131 \u00c7elik Saddle Kumanda Kontrol \u00dcnitesi Arabas\u0131, vin\u00e7lerin kablolu kumandalar\u0131na, vin\u00e7 kiri\u015fi boyunca hareket yetene\u011fi kazand\u0131rmak i\u00e7in \u00f6zel olarak tasarlanm\u0131\u015f bir \u00fcr\u00fcnd\u00fcr. Bu \u00fcnitenin ba\u015fl\u0131ca i\u015flevi, kumanda kablosunun vin\u00e7 sistemi \u00fczerinde serbest ve g\u00fcvenli bir \u015fekilde hareket etmesini sa\u011flamakla birlikte, ba\u015flang\u0131\u00e7 arabas\u0131ndan gelen kablo ile kumanda kablosu aras\u0131ndaki ba\u011flant\u0131y\u0131 da ger\u00e7ekle\u015ftirir. Kumanda [&hellip;]","og_url":"https:\/\/ravon.com.tr\/en\/product\/kumanda-kontrol-unitesi-arabasi-celik-saddle-2\/","og_site_name":"Ravon Enerji ve Data Transfer Sistemleri","article_publisher":"https:\/\/www.facebook.com\/ravonfestoon","article_modified_time":"2025-01-07T07:31:29+00:00","og_image":[{"width":1390,"height":1389,"url":"https:\/\/ravon.com.tr\/wp-content\/uploads\/2023\/12\/R3028F5-72-2.webp","type":"image\/webp"}],"twitter_card":"summary_large_image","twitter_site":"@ravonfestoon","twitter_misc":{"Est. reading time":"3 minutes"},"schema":{"@context":"https:\/\/schema.org","@graph":[{"@type":"WebPage","@id":"https:\/\/ravon.com.tr\/product\/kumanda-kontrol-unitesi-arabasi-celik-saddle-2\/","url":"https:\/\/ravon.com.tr\/product\/kumanda-kontrol-unitesi-arabasi-celik-saddle-2\/","name":"Kumanda Kontrol \u00dcnitesi Arabas\u0131 \u00c7elik Saddle - Ravon Enerji ve Data Transfer Sistemleri","isPartOf":{"@id":"https:\/\/ravon.com.tr\/#website"},"primaryImageOfPage":{"@id":"https:\/\/ravon.com.tr\/product\/kumanda-kontrol-unitesi-arabasi-celik-saddle-2\/#primaryimage"},"image":{"@id":"https:\/\/ravon.com.tr\/product\/kumanda-kontrol-unitesi-arabasi-celik-saddle-2\/#primaryimage"},"thumbnailUrl":"https:\/\/ravon.com.tr\/wp-content\/uploads\/2023\/12\/R3028F5-72-2.webp","datePublished":"2024-04-19T08:39:58+00:00","dateModified":"2025-01-07T07:31:29+00:00","breadcrumb":{"@id":"https:\/\/ravon.com.tr\/product\/kumanda-kontrol-unitesi-arabasi-celik-saddle-2\/#breadcrumb"},"inLanguage":"en-US","potentialAction":[{"@type":"ReadAction","target":["https:\/\/ravon.com.tr\/product\/kumanda-kontrol-unitesi-arabasi-celik-saddle-2\/"]}]},{"@type":"ImageObject","inLanguage":"en-US","@id":"https:\/\/ravon.com.tr\/product\/kumanda-kontrol-unitesi-arabasi-celik-saddle-2\/#primaryimage","url":"https:\/\/ravon.com.tr\/wp-content\/uploads\/2023\/12\/R3028F5-72-2.webp","contentUrl":"https:\/\/ravon.com.tr\/wp-content\/uploads\/2023\/12\/R3028F5-72-2.webp","width":1390,"height":1389},{"@type":"BreadcrumbList","@id":"https:\/\/ravon.com.tr\/product\/kumanda-kontrol-unitesi-arabasi-celik-saddle-2\/#breadcrumb","itemListElement":[{"@type":"ListItem","position":1,"name":"Anasayfa","item":"https:\/\/ravon.com.tr\/"},{"@type":"ListItem","position":2,"name":"\u00dcr\u00fcnler","item":"https:\/\/ravon.com.tr\/shop\/"},{"@type":"ListItem","position":3,"name":"Kumanda Kontrol \u00dcnitesi Arabas\u0131 \u00c7elik Saddle"}]},{"@type":"WebSite","@id":"https:\/\/ravon.com.tr\/#website","url":"https:\/\/ravon.com.tr\/","name":"Ravon Enerji ve Data Transfer Sistemleri","description":"Ravon Enerji ve Data Transfer Sistemleri","publisher":{"@id":"https:\/\/ravon.com.tr\/#organization"},"potentialAction":[{"@type":"SearchAction","target":{"@type":"EntryPoint","urlTemplate":"https:\/\/ravon.com.tr\/?s={search_term_string}"},"query-input":{"@type":"PropertyValueSpecification","valueRequired":true,"valueName":"search_term_string"}}],"inLanguage":"en-US"},{"@type":"Organization","@id":"https:\/\/ravon.com.tr\/#organization","name":"Ravon Enerji ve Data Transfer Sistemleri","url":"https:\/\/ravon.com.tr\/","logo":{"@type":"ImageObject","inLanguage":"en-US","@id":"https:\/\/ravon.com.tr\/#\/schema\/logo\/image\/","url":"https:\/\/ravon.com.tr\/wp-content\/uploads\/2023\/08\/tinywow_ravon-logo__2__30279301_1-removebg-preview1.png","contentUrl":"https:\/\/ravon.com.tr\/wp-content\/uploads\/2023\/08\/tinywow_ravon-logo__2__30279301_1-removebg-preview1.png","width":745,"height":335,"caption":"Ravon Enerji ve Data Transfer Sistemleri"},"image":{"@id":"https:\/\/ravon.com.tr\/#\/schema\/logo\/image\/"},"sameAs":["https:\/\/www.facebook.com\/ravonfestoon","https:\/\/x.com\/ravonfestoon","https:\/\/www.instagram.com\/ravon_festoon\/"]}]}},"_links":{"self":[{"href":"https:\/\/ravon.com.tr\/en\/wp-json\/wp\/v2\/product\/12180","targetHints":{"allow":["GET"]}}],"collection":[{"href":"https:\/\/ravon.com.tr\/en\/wp-json\/wp\/v2\/product"}],"about":[{"href":"https:\/\/ravon.com.tr\/en\/wp-json\/wp\/v2\/types\/product"}],"wp:featuredmedia":[{"embeddable":true,"href":"https:\/\/ravon.com.tr\/en\/wp-json\/wp\/v2\/media\/11389"}],"wp:attachment":[{"href":"https:\/\/ravon.com.tr\/en\/wp-json\/wp\/v2\/media?parent=12180"}],"wp:term":[{"taxonomy":"product_brand","embeddable":true,"href":"https:\/\/ravon.com.tr\/en\/wp-json\/wp\/v2\/product_brand?post=12180"},{"taxonomy":"product_cat","embeddable":true,"href":"https:\/\/ravon.com.tr\/en\/wp-json\/wp\/v2\/product_cat?post=12180"},{"taxonomy":"product_tag","embeddable":true,"href":"https:\/\/ravon.com.tr\/en\/wp-json\/wp\/v2\/product_tag?post=12180"}],"curies":[{"name":"wp","href":"https:\/\/api.w.org\/{rel}","templated":true}]}}