{"id":12908,"date":"2025-01-03T17:05:55","date_gmt":"2025-01-03T14:05:55","guid":{"rendered":"https:\/\/ravon.com.tr\/?post_type=product&#038;p=12908"},"modified":"2025-01-06T17:48:26","modified_gmt":"2025-01-06T14:48:26","slug":"ravon-akim-alma-araba-catali-q","status":"publish","type":"product","link":"https:\/\/ravon.com.tr\/en\/product\/ravon-akim-alma-araba-catali-q\/","title":{"rendered":"Double Collector Holder"},"content":{"rendered":"<p>\u0130kili veya \u00fc\u00e7l\u00fc Ak\u0131m Alma Arabas\u0131 kullan\u0131m\u0131, bir adet (63 Amper) Ak\u0131m Alma Arabas\u0131 kapasitesinin yetersiz kalaca\u011f\u0131, y\u00fcksek amper gereksinimi olan vin\u00e7 projeleri i\u00e7in ideal bir \u00e7\u00f6z\u00fcmd\u00fcr. Bu y\u00f6ntem, birden fazla Ak\u0131m Alma Arabas\u0131 kullanarak toplam Amper kapasitesini art\u0131rmay\u0131 ama\u00e7lar ve gereken g\u00fc\u00e7 ihtiyac\u0131n\u0131 kar\u015f\u0131lanmas\u0131n\u0131 sa\u011flar.<\/p>\n<p>Bunun yan\u0131 s\u0131ra, sistemdeki bir Ak\u0131m Alma Arabas\u0131 ar\u0131zaland\u0131\u011f\u0131nda, di\u011fer Ak\u0131m Alma Arabalar\u0131 devreye girerek enerji ak\u0131\u015f\u0131n\u0131n kesintisiz \u015fekilde devam etmesini sa\u011flar. B\u00f6ylece, vincin operasyonel s\u00fcreklili\u011fi sa\u011flan\u0131r. Ayr\u0131ca, y\u00fck\u00fcn birden fazla Ak\u0131m Alma Arabas\u0131na da\u011f\u0131t\u0131lmas\u0131, her bir k\u00f6m\u00fcr \u00fczerindeki a\u015f\u0131r\u0131 y\u00fcklenmeyi engeller, a\u015f\u0131nmay\u0131 azalt\u0131r ve k\u00f6m\u00fcr\u00fcn \u00f6mr\u00fcn\u00fc uzat\u0131r.<\/p>\n<p>&nbsp;<\/p>\n<p><span style=\"font-size: 10pt;\"><strong><span style=\"font-size: 12pt;\">Usage Areas:<\/span><br \/>\n<\/strong><\/span><\/p>\n<table style=\"border-collapse: collapse; width: 99.1635%; height: 166px;\">\n<tbody>\n<tr style=\"height: 156px;\">\n<td style=\"width: 20.0888%; height: 156px;\">\n<p style=\"text-align: center;\"><img loading=\"lazy\" decoding=\"async\" class=\"wp-image-12816 aligncenter\" src=\"https:\/\/ravon.com.tr\/wp-content\/uploads\/2022\/08\/Single-Girder-01.png\" alt=\"\" width=\"129\" height=\"95\" \/><strong>Single Girder Crane<\/strong><\/p>\n<\/td>\n<td style=\"width: 19.772%; text-align: center; height: 156px;\"><img loading=\"lazy\" decoding=\"async\" class=\"wp-image-12817 aligncenter\" src=\"https:\/\/ravon.com.tr\/wp-content\/uploads\/2022\/08\/Double-Girder-01-01.png\" alt=\"\" width=\"129\" height=\"95\" \/><strong>Double Girder Crane<\/strong><\/td>\n<td style=\"width: 18.4662%; text-align: center; height: 156px;\"><img loading=\"lazy\" decoding=\"async\" class=\"wp-image-12818 aligncenter\" src=\"https:\/\/ravon.com.tr\/wp-content\/uploads\/2022\/08\/Portal-Crane-01-01-01.png\" alt=\"\" width=\"121\" height=\"101\" \/><strong>Gantry Crane<\/strong><\/td>\n<td style=\"width: 18.5449%; text-align: center; height: 156px;\"><img loading=\"lazy\" decoding=\"async\" class=\"wp-image-12819 aligncenter\" src=\"https:\/\/ravon.com.tr\/wp-content\/uploads\/2022\/08\/Production-Line-01-01.png\" alt=\"\" width=\"117\" height=\"94\" \/><strong>Konvey\u00f6r<\/strong><\/td>\n<td style=\"width: 22.2916%; text-align: center; height: 156px;\"><img loading=\"lazy\" decoding=\"async\" class=\"wp-image-12820 aligncenter\" src=\"https:\/\/ravon.com.tr\/wp-content\/uploads\/2022\/08\/Car-Washing-01-01.png\" alt=\"\" width=\"146\" height=\"95\" \/><strong>Washing Machine<\/strong><\/td>\n<\/tr>\n<tr style=\"height: 23px;\">\n<td style=\"width: 20.0888%; height: 10px;\"><\/td>\n<td style=\"width: 19.772%; height: 10px;\"><\/td>\n<td style=\"width: 18.4662%; height: 10px;\"><\/td>\n<td style=\"width: 18.5449%; height: 10px;\"><\/td>\n<td style=\"width: 22.2916%; height: 10px;\"><\/td>\n<\/tr>\n<\/tbody>\n<\/table>","protected":false},"excerpt":{"rendered":"<p>\u0130kili veya \u00fc\u00e7l\u00fc Ak\u0131m Alma Arabas\u0131 kullan\u0131m\u0131, bir adet (63 Amper) Ak\u0131m Alma Arabas\u0131 kapasitesinin yetersiz kalaca\u011f\u0131, y\u00fcksek amper gereksinimi olan vin\u00e7 projeleri i\u00e7in ideal bir \u00e7\u00f6z\u00fcmd\u00fcr. Bu y\u00f6ntem, birden fazla Ak\u0131m Alma Arabas\u0131 kullanarak toplam Amper kapasitesini art\u0131rmay\u0131 ama\u00e7lar ve gereken g\u00fc\u00e7 ihtiyac\u0131n\u0131 kar\u015f\u0131lanmas\u0131n\u0131 sa\u011flar. Bunun yan\u0131 s\u0131ra, sistemdeki bir Ak\u0131m Alma Arabas\u0131 ar\u0131zaland\u0131\u011f\u0131nda, [&hellip;]<\/p>","protected":false},"featured_media":12909,"template":"","meta":{"_acf_changed":false,"_et_pb_use_builder":"","_et_pb_old_content":"","_et_gb_content_width":""},"product_brand":[],"product_cat":[764,742],"product_tag":[],"class_list":{"0":"post-12908","1":"product","2":"type-product","3":"status-publish","4":"has-post-thumbnail","6":"product_cat-bara-sistemleri","7":"product_cat-kapali-bara-sistemler","9":"first","10":"instock","11":"shipping-taxable","12":"product-type-simple"},"acf":[],"yoast_head":"<!-- This site is optimized with the Yoast SEO Premium plugin v20.13 (Yoast SEO v25.7) - https:\/\/yoast.com\/wordpress\/plugins\/seo\/ -->\n<title>Ravon \u0130kili Ak\u0131m Alma Arabas\u0131 \u00c7atal\u0131 Q - Ravon Enerji ve Data Transfer Sistemleri<\/title>\n<meta name=\"robots\" content=\"index, follow, max-snippet:-1, max-image-preview:large, max-video-preview:-1\" \/>\n<link rel=\"canonical\" href=\"https:\/\/ravon.com.tr\/en\/product\/ravon-akim-alma-araba-catali-q\/\" \/>\n<meta property=\"og:locale\" content=\"en_US\" \/>\n<meta property=\"og:type\" content=\"article\" \/>\n<meta property=\"og:title\" content=\"Ravon \u0130kili Ak\u0131m Alma Arabas\u0131 \u00c7atal\u0131 Q\" \/>\n<meta property=\"og:description\" content=\"\u0130kili veya \u00fc\u00e7l\u00fc Ak\u0131m Alma Arabas\u0131 kullan\u0131m\u0131, bir adet (63 Amper) Ak\u0131m Alma Arabas\u0131 kapasitesinin yetersiz kalaca\u011f\u0131, y\u00fcksek amper gereksinimi olan vin\u00e7 projeleri i\u00e7in ideal bir \u00e7\u00f6z\u00fcmd\u00fcr. Bu y\u00f6ntem, birden fazla Ak\u0131m Alma Arabas\u0131 kullanarak toplam Amper kapasitesini art\u0131rmay\u0131 ama\u00e7lar ve gereken g\u00fc\u00e7 ihtiyac\u0131n\u0131 kar\u015f\u0131lanmas\u0131n\u0131 sa\u011flar. Bunun yan\u0131 s\u0131ra, sistemdeki bir Ak\u0131m Alma Arabas\u0131 ar\u0131zaland\u0131\u011f\u0131nda, [&hellip;]\" \/>\n<meta property=\"og:url\" content=\"https:\/\/ravon.com.tr\/en\/product\/ravon-akim-alma-araba-catali-q\/\" \/>\n<meta property=\"og:site_name\" content=\"Ravon Enerji ve Data Transfer Sistemleri\" \/>\n<meta property=\"article:publisher\" content=\"https:\/\/www.facebook.com\/ravonfestoon\" \/>\n<meta property=\"article:modified_time\" content=\"2025-01-06T14:48:26+00:00\" \/>\n<meta property=\"og:image\" content=\"https:\/\/ravon.com.tr\/wp-content\/uploads\/2025\/01\/Akim-alma-arabasi-ciftli.png\" \/>\n\t<meta property=\"og:image:width\" content=\"2498\" \/>\n\t<meta property=\"og:image:height\" content=\"2495\" \/>\n\t<meta property=\"og:image:type\" content=\"image\/png\" \/>\n<meta name=\"twitter:card\" content=\"summary_large_image\" \/>\n<meta name=\"twitter:site\" content=\"@ravonfestoon\" \/>\n<meta name=\"twitter:label1\" content=\"Est. reading time\" \/>\n\t<meta name=\"twitter:data1\" content=\"2 minutes\" \/>\n<script type=\"application\/ld+json\" class=\"yoast-schema-graph\">{\"@context\":\"https:\/\/schema.org\",\"@graph\":[{\"@type\":\"WebPage\",\"@id\":\"https:\/\/ravon.com.tr\/product\/ravon-akim-alma-araba-catali-q\/\",\"url\":\"https:\/\/ravon.com.tr\/product\/ravon-akim-alma-araba-catali-q\/\",\"name\":\"Ravon \u0130kili Ak\u0131m Alma Arabas\u0131 \u00c7atal\u0131 Q - Ravon Enerji ve Data Transfer Sistemleri\",\"isPartOf\":{\"@id\":\"https:\/\/ravon.com.tr\/#website\"},\"primaryImageOfPage\":{\"@id\":\"https:\/\/ravon.com.tr\/product\/ravon-akim-alma-araba-catali-q\/#primaryimage\"},\"image\":{\"@id\":\"https:\/\/ravon.com.tr\/product\/ravon-akim-alma-araba-catali-q\/#primaryimage\"},\"thumbnailUrl\":\"https:\/\/ravon.com.tr\/wp-content\/uploads\/2025\/01\/Akim-alma-arabasi-ciftli.png\",\"datePublished\":\"2025-01-03T14:05:55+00:00\",\"dateModified\":\"2025-01-06T14:48:26+00:00\",\"breadcrumb\":{\"@id\":\"https:\/\/ravon.com.tr\/product\/ravon-akim-alma-araba-catali-q\/#breadcrumb\"},\"inLanguage\":\"en-US\",\"potentialAction\":[{\"@type\":\"ReadAction\",\"target\":[\"https:\/\/ravon.com.tr\/product\/ravon-akim-alma-araba-catali-q\/\"]}]},{\"@type\":\"ImageObject\",\"inLanguage\":\"en-US\",\"@id\":\"https:\/\/ravon.com.tr\/product\/ravon-akim-alma-araba-catali-q\/#primaryimage\",\"url\":\"https:\/\/ravon.com.tr\/wp-content\/uploads\/2025\/01\/Akim-alma-arabasi-ciftli.png\",\"contentUrl\":\"https:\/\/ravon.com.tr\/wp-content\/uploads\/2025\/01\/Akim-alma-arabasi-ciftli.png\",\"width\":2498,\"height\":2495},{\"@type\":\"BreadcrumbList\",\"@id\":\"https:\/\/ravon.com.tr\/product\/ravon-akim-alma-araba-catali-q\/#breadcrumb\",\"itemListElement\":[{\"@type\":\"ListItem\",\"position\":1,\"name\":\"Anasayfa\",\"item\":\"https:\/\/ravon.com.tr\/\"},{\"@type\":\"ListItem\",\"position\":2,\"name\":\"\u00dcr\u00fcnler\",\"item\":\"https:\/\/ravon.com.tr\/shop\/\"},{\"@type\":\"ListItem\",\"position\":3,\"name\":\"Ravon \u0130kili Ak\u0131m Alma Arabas\u0131 \u00c7atal\u0131 Q\"}]},{\"@type\":\"WebSite\",\"@id\":\"https:\/\/ravon.com.tr\/#website\",\"url\":\"https:\/\/ravon.com.tr\/\",\"name\":\"Ravon Enerji ve Data Transfer Sistemleri\",\"description\":\"Ravon Enerji ve Data Transfer Sistemleri\",\"publisher\":{\"@id\":\"https:\/\/ravon.com.tr\/#organization\"},\"potentialAction\":[{\"@type\":\"SearchAction\",\"target\":{\"@type\":\"EntryPoint\",\"urlTemplate\":\"https:\/\/ravon.com.tr\/?s={search_term_string}\"},\"query-input\":{\"@type\":\"PropertyValueSpecification\",\"valueRequired\":true,\"valueName\":\"search_term_string\"}}],\"inLanguage\":\"en-US\"},{\"@type\":\"Organization\",\"@id\":\"https:\/\/ravon.com.tr\/#organization\",\"name\":\"Ravon Enerji ve Data Transfer Sistemleri\",\"url\":\"https:\/\/ravon.com.tr\/\",\"logo\":{\"@type\":\"ImageObject\",\"inLanguage\":\"en-US\",\"@id\":\"https:\/\/ravon.com.tr\/#\/schema\/logo\/image\/\",\"url\":\"https:\/\/ravon.com.tr\/wp-content\/uploads\/2023\/08\/tinywow_ravon-logo__2__30279301_1-removebg-preview1.png\",\"contentUrl\":\"https:\/\/ravon.com.tr\/wp-content\/uploads\/2023\/08\/tinywow_ravon-logo__2__30279301_1-removebg-preview1.png\",\"width\":745,\"height\":335,\"caption\":\"Ravon Enerji ve Data Transfer Sistemleri\"},\"image\":{\"@id\":\"https:\/\/ravon.com.tr\/#\/schema\/logo\/image\/\"},\"sameAs\":[\"https:\/\/www.facebook.com\/ravonfestoon\",\"https:\/\/x.com\/ravonfestoon\",\"https:\/\/www.instagram.com\/ravon_festoon\/\"]}]}<\/script>\n<!-- \/ Yoast SEO Premium plugin. -->","yoast_head_json":{"title":"Ravon \u0130kili Ak\u0131m Alma Arabas\u0131 \u00c7atal\u0131 Q - Ravon Enerji ve Data Transfer Sistemleri","robots":{"index":"index","follow":"follow","max-snippet":"max-snippet:-1","max-image-preview":"max-image-preview:large","max-video-preview":"max-video-preview:-1"},"canonical":"https:\/\/ravon.com.tr\/en\/product\/ravon-akim-alma-araba-catali-q\/","og_locale":"en_US","og_type":"article","og_title":"Ravon \u0130kili Ak\u0131m Alma Arabas\u0131 \u00c7atal\u0131 Q","og_description":"\u0130kili veya \u00fc\u00e7l\u00fc Ak\u0131m Alma Arabas\u0131 kullan\u0131m\u0131, bir adet (63 Amper) Ak\u0131m Alma Arabas\u0131 kapasitesinin yetersiz kalaca\u011f\u0131, y\u00fcksek amper gereksinimi olan vin\u00e7 projeleri i\u00e7in ideal bir \u00e7\u00f6z\u00fcmd\u00fcr. Bu y\u00f6ntem, birden fazla Ak\u0131m Alma Arabas\u0131 kullanarak toplam Amper kapasitesini art\u0131rmay\u0131 ama\u00e7lar ve gereken g\u00fc\u00e7 ihtiyac\u0131n\u0131 kar\u015f\u0131lanmas\u0131n\u0131 sa\u011flar. Bunun yan\u0131 s\u0131ra, sistemdeki bir Ak\u0131m Alma Arabas\u0131 ar\u0131zaland\u0131\u011f\u0131nda, [&hellip;]","og_url":"https:\/\/ravon.com.tr\/en\/product\/ravon-akim-alma-araba-catali-q\/","og_site_name":"Ravon Enerji ve Data Transfer Sistemleri","article_publisher":"https:\/\/www.facebook.com\/ravonfestoon","article_modified_time":"2025-01-06T14:48:26+00:00","og_image":[{"width":2498,"height":2495,"url":"https:\/\/ravon.com.tr\/wp-content\/uploads\/2025\/01\/Akim-alma-arabasi-ciftli.png","type":"image\/png"}],"twitter_card":"summary_large_image","twitter_site":"@ravonfestoon","twitter_misc":{"Est. reading time":"2 minutes"},"schema":{"@context":"https:\/\/schema.org","@graph":[{"@type":"WebPage","@id":"https:\/\/ravon.com.tr\/product\/ravon-akim-alma-araba-catali-q\/","url":"https:\/\/ravon.com.tr\/product\/ravon-akim-alma-araba-catali-q\/","name":"Ravon \u0130kili Ak\u0131m Alma Arabas\u0131 \u00c7atal\u0131 Q - Ravon Enerji ve Data Transfer Sistemleri","isPartOf":{"@id":"https:\/\/ravon.com.tr\/#website"},"primaryImageOfPage":{"@id":"https:\/\/ravon.com.tr\/product\/ravon-akim-alma-araba-catali-q\/#primaryimage"},"image":{"@id":"https:\/\/ravon.com.tr\/product\/ravon-akim-alma-araba-catali-q\/#primaryimage"},"thumbnailUrl":"https:\/\/ravon.com.tr\/wp-content\/uploads\/2025\/01\/Akim-alma-arabasi-ciftli.png","datePublished":"2025-01-03T14:05:55+00:00","dateModified":"2025-01-06T14:48:26+00:00","breadcrumb":{"@id":"https:\/\/ravon.com.tr\/product\/ravon-akim-alma-araba-catali-q\/#breadcrumb"},"inLanguage":"en-US","potentialAction":[{"@type":"ReadAction","target":["https:\/\/ravon.com.tr\/product\/ravon-akim-alma-araba-catali-q\/"]}]},{"@type":"ImageObject","inLanguage":"en-US","@id":"https:\/\/ravon.com.tr\/product\/ravon-akim-alma-araba-catali-q\/#primaryimage","url":"https:\/\/ravon.com.tr\/wp-content\/uploads\/2025\/01\/Akim-alma-arabasi-ciftli.png","contentUrl":"https:\/\/ravon.com.tr\/wp-content\/uploads\/2025\/01\/Akim-alma-arabasi-ciftli.png","width":2498,"height":2495},{"@type":"BreadcrumbList","@id":"https:\/\/ravon.com.tr\/product\/ravon-akim-alma-araba-catali-q\/#breadcrumb","itemListElement":[{"@type":"ListItem","position":1,"name":"Anasayfa","item":"https:\/\/ravon.com.tr\/"},{"@type":"ListItem","position":2,"name":"\u00dcr\u00fcnler","item":"https:\/\/ravon.com.tr\/shop\/"},{"@type":"ListItem","position":3,"name":"Ravon \u0130kili Ak\u0131m Alma Arabas\u0131 \u00c7atal\u0131 Q"}]},{"@type":"WebSite","@id":"https:\/\/ravon.com.tr\/#website","url":"https:\/\/ravon.com.tr\/","name":"Ravon Enerji ve Data Transfer Sistemleri","description":"Ravon Enerji ve Data Transfer Sistemleri","publisher":{"@id":"https:\/\/ravon.com.tr\/#organization"},"potentialAction":[{"@type":"SearchAction","target":{"@type":"EntryPoint","urlTemplate":"https:\/\/ravon.com.tr\/?s={search_term_string}"},"query-input":{"@type":"PropertyValueSpecification","valueRequired":true,"valueName":"search_term_string"}}],"inLanguage":"en-US"},{"@type":"Organization","@id":"https:\/\/ravon.com.tr\/#organization","name":"Ravon Enerji ve Data Transfer Sistemleri","url":"https:\/\/ravon.com.tr\/","logo":{"@type":"ImageObject","inLanguage":"en-US","@id":"https:\/\/ravon.com.tr\/#\/schema\/logo\/image\/","url":"https:\/\/ravon.com.tr\/wp-content\/uploads\/2023\/08\/tinywow_ravon-logo__2__30279301_1-removebg-preview1.png","contentUrl":"https:\/\/ravon.com.tr\/wp-content\/uploads\/2023\/08\/tinywow_ravon-logo__2__30279301_1-removebg-preview1.png","width":745,"height":335,"caption":"Ravon Enerji ve Data Transfer Sistemleri"},"image":{"@id":"https:\/\/ravon.com.tr\/#\/schema\/logo\/image\/"},"sameAs":["https:\/\/www.facebook.com\/ravonfestoon","https:\/\/x.com\/ravonfestoon","https:\/\/www.instagram.com\/ravon_festoon\/"]}]}},"_links":{"self":[{"href":"https:\/\/ravon.com.tr\/en\/wp-json\/wp\/v2\/product\/12908","targetHints":{"allow":["GET"]}}],"collection":[{"href":"https:\/\/ravon.com.tr\/en\/wp-json\/wp\/v2\/product"}],"about":[{"href":"https:\/\/ravon.com.tr\/en\/wp-json\/wp\/v2\/types\/product"}],"wp:featuredmedia":[{"embeddable":true,"href":"https:\/\/ravon.com.tr\/en\/wp-json\/wp\/v2\/media\/12909"}],"wp:attachment":[{"href":"https:\/\/ravon.com.tr\/en\/wp-json\/wp\/v2\/media?parent=12908"}],"wp:term":[{"taxonomy":"product_brand","embeddable":true,"href":"https:\/\/ravon.com.tr\/en\/wp-json\/wp\/v2\/product_brand?post=12908"},{"taxonomy":"product_cat","embeddable":true,"href":"https:\/\/ravon.com.tr\/en\/wp-json\/wp\/v2\/product_cat?post=12908"},{"taxonomy":"product_tag","embeddable":true,"href":"https:\/\/ravon.com.tr\/en\/wp-json\/wp\/v2\/product_tag?post=12908"}],"curies":[{"name":"wp","href":"https:\/\/api.w.org\/{rel}","templated":true}]}}