{"id":13222,"date":"2026-02-19T10:27:48","date_gmt":"2026-02-19T07:27:48","guid":{"rendered":"https:\/\/ravon.com.tr\/?post_type=product&#038;p=13222"},"modified":"2026-02-19T10:33:11","modified_gmt":"2026-02-19T07:33:11","slug":"bar-baglanti-profili","status":"publish","type":"product","link":"https:\/\/ravon.com.tr\/en\/product\/bar-baglanti-profili\/","title":{"rendered":"Support Arm"},"content":{"rendered":"<p><strong>Support Arm<\/strong><\/p>\n<p>The Support Arm is a special product manufactured to provide an extension between the Support Arm Brackets and hangers. This arm, which is cut from a C Truck, plays an important role in assembly and connection processes. Although three different length options are offered as standard, it is possible to customize it in various sizes according to the specific needs of customers and project requirements.<\/p>\n<p>The DX 51D+Z material used in production provides long-lasting performance without the need for a galvanized coating, thanks to its high durability and strength. This feature reduces costs and the need for maintenance, thus increasing the efficiency and reliability of your project.<\/p>\n<p><span style=\"font-size: 10pt;\"><strong>Usage Areas:<br \/>\n<\/strong><\/span><\/p>\n<table style=\"border-collapse: collapse; width: 99.1635%; height: 166px;\">\n<tbody>\n<tr style=\"height: 156px;\">\n<td style=\"width: 20.0888%; height: 156px;\">\n<p style=\"text-align: center;\"><img loading=\"lazy\" decoding=\"async\" class=\"wp-image-12816 aligncenter\" src=\"https:\/\/ravon.com.tr\/wp-content\/uploads\/2022\/08\/Single-Girder-01.png\" alt=\"\" width=\"129\" height=\"95\" \/><strong>Single Girder Crane<\/strong><\/p>\n<\/td>\n<td style=\"width: 19.772%; text-align: center; height: 156px;\"><img loading=\"lazy\" decoding=\"async\" class=\"wp-image-12817 aligncenter\" src=\"https:\/\/ravon.com.tr\/wp-content\/uploads\/2022\/08\/Double-Girder-01-01.png\" alt=\"\" width=\"129\" height=\"95\" \/><strong>Double Girder Crane<\/strong><\/td>\n<td style=\"width: 18.4662%; text-align: center; height: 156px;\"><img loading=\"lazy\" decoding=\"async\" class=\"wp-image-12818 aligncenter\" src=\"https:\/\/ravon.com.tr\/wp-content\/uploads\/2022\/08\/Portal-Crane-01-01-01.png\" alt=\"\" width=\"121\" height=\"101\" \/><strong>Gantry Crane<\/strong><\/td>\n<td style=\"width: 18.5449%; text-align: center; height: 156px;\"><img loading=\"lazy\" decoding=\"async\" class=\"wp-image-12819 aligncenter\" src=\"https:\/\/ravon.com.tr\/wp-content\/uploads\/2022\/08\/Production-Line-01-01.png\" alt=\"\" width=\"117\" height=\"94\" \/><strong>Konvey\u00f6r<\/strong><\/td>\n<td style=\"width: 22.2916%; text-align: center; height: 156px;\"><img loading=\"lazy\" decoding=\"async\" class=\"wp-image-12820 aligncenter\" src=\"https:\/\/ravon.com.tr\/wp-content\/uploads\/2022\/08\/Car-Washing-01-01.png\" alt=\"\" width=\"146\" height=\"95\" \/><strong>Washing Machine<\/strong><\/td>\n<\/tr>\n<tr style=\"height: 23px;\">\n<td style=\"width: 20.0888%; height: 10px;\"><\/td>\n<td style=\"width: 19.772%; height: 10px;\"><\/td>\n<td style=\"width: 18.4662%; height: 10px;\"><\/td>\n<td style=\"width: 18.5449%; height: 10px;\"><\/td>\n<td style=\"width: 22.2916%; height: 10px;\"><\/td>\n<\/tr>\n<\/tbody>\n<\/table>","protected":false},"excerpt":{"rendered":"<p>Bar Ba\u011flant\u0131 Profili Bar Ba\u011flant\u0131 Profili, kaynak ba\u011flant\u0131 eleman\u0131 ile ask\u0131lar aras\u0131nda uzatma sa\u011flamak amac\u0131yla \u00fcretilmi\u015f \u00f6zel bir \u00fcr\u00fcnd\u00fcr. C profilden kesilerek \u00fcretilen bu profil, montaj ve ba\u011flant\u0131 i\u015flemlerinde \u00f6nemli bir rol oynar. Standart olarak \u00fc\u00e7 farkl\u0131 uzunluk se\u00e7ene\u011fi sunulsa da, m\u00fc\u015fterilerin \u00f6zel ihtiya\u00e7lar\u0131na ve projelerin gereksinimlerine uygun olarak \u00e7e\u015fitli \u00f6l\u00e7\u00fclerde \u00f6zelle\u015ftirilmesi m\u00fcmk\u00fcnd\u00fcr. \u00dcretimde kullan\u0131lan [&hellip;]<\/p>","protected":false},"featured_media":11396,"template":"","meta":{"_acf_changed":false,"_et_pb_use_builder":"","_et_pb_old_content":"","_et_gb_content_width":""},"product_brand":[],"product_cat":[492,77,691],"product_tag":[],"class_list":{"0":"post-13222","1":"product","2":"type-product","3":"status-publish","4":"has-post-thumbnail","6":"product_cat-kablo-tasima-sistemleri","7":"product_cat-c-profil-kablo-tasima-sistemleri","8":"product_cat-3032-serisi","10":"first","11":"instock","12":"shipping-taxable","13":"product-type-simple"},"acf":[],"yoast_head":"<!-- This site is optimized with the Yoast SEO Premium plugin v20.13 (Yoast SEO v25.7) - https:\/\/yoast.com\/wordpress\/plugins\/seo\/ -->\n<title>Bar Ba\u011flant\u0131 Profili - Ravon Enerji ve Data Transfer Sistemleri<\/title>\n<meta name=\"robots\" content=\"index, follow, max-snippet:-1, max-image-preview:large, max-video-preview:-1\" \/>\n<link rel=\"canonical\" href=\"https:\/\/ravon.com.tr\/en\/product\/bar-baglanti-profili\/\" \/>\n<meta property=\"og:locale\" content=\"en_US\" \/>\n<meta property=\"og:type\" content=\"article\" \/>\n<meta property=\"og:title\" content=\"Bar Ba\u011flant\u0131 Profili\" \/>\n<meta property=\"og:description\" content=\"Bar Ba\u011flant\u0131 Profili Bar Ba\u011flant\u0131 Profili, kaynak ba\u011flant\u0131 eleman\u0131 ile ask\u0131lar aras\u0131nda uzatma sa\u011flamak amac\u0131yla \u00fcretilmi\u015f \u00f6zel bir \u00fcr\u00fcnd\u00fcr. C profilden kesilerek \u00fcretilen bu profil, montaj ve ba\u011flant\u0131 i\u015flemlerinde \u00f6nemli bir rol oynar. Standart olarak \u00fc\u00e7 farkl\u0131 uzunluk se\u00e7ene\u011fi sunulsa da, m\u00fc\u015fterilerin \u00f6zel ihtiya\u00e7lar\u0131na ve projelerin gereksinimlerine uygun olarak \u00e7e\u015fitli \u00f6l\u00e7\u00fclerde \u00f6zelle\u015ftirilmesi m\u00fcmk\u00fcnd\u00fcr. \u00dcretimde kullan\u0131lan [&hellip;]\" \/>\n<meta property=\"og:url\" content=\"https:\/\/ravon.com.tr\/en\/product\/bar-baglanti-profili\/\" \/>\n<meta property=\"og:site_name\" content=\"Ravon Enerji ve Data Transfer Sistemleri\" \/>\n<meta property=\"article:publisher\" content=\"https:\/\/www.facebook.com\/ravonfestoon\" \/>\n<meta property=\"article:modified_time\" content=\"2026-02-19T07:33:11+00:00\" \/>\n<meta property=\"og:image\" content=\"https:\/\/ravon.com.tr\/wp-content\/uploads\/2023\/12\/R3028R4.webp\" \/>\n\t<meta property=\"og:image:width\" content=\"1390\" \/>\n\t<meta property=\"og:image:height\" content=\"1390\" \/>\n\t<meta property=\"og:image:type\" content=\"image\/webp\" \/>\n<meta name=\"twitter:card\" content=\"summary_large_image\" \/>\n<meta name=\"twitter:site\" content=\"@ravonfestoon\" \/>\n<meta name=\"twitter:label1\" content=\"Est. reading time\" \/>\n\t<meta name=\"twitter:data1\" content=\"2 minutes\" \/>\n<script type=\"application\/ld+json\" class=\"yoast-schema-graph\">{\"@context\":\"https:\/\/schema.org\",\"@graph\":[{\"@type\":\"WebPage\",\"@id\":\"https:\/\/ravon.com.tr\/product\/bar-baglanti-profili\/\",\"url\":\"https:\/\/ravon.com.tr\/product\/bar-baglanti-profili\/\",\"name\":\"Bar Ba\u011flant\u0131 Profili - Ravon Enerji ve Data Transfer Sistemleri\",\"isPartOf\":{\"@id\":\"https:\/\/ravon.com.tr\/#website\"},\"primaryImageOfPage\":{\"@id\":\"https:\/\/ravon.com.tr\/product\/bar-baglanti-profili\/#primaryimage\"},\"image\":{\"@id\":\"https:\/\/ravon.com.tr\/product\/bar-baglanti-profili\/#primaryimage\"},\"thumbnailUrl\":\"https:\/\/ravon.com.tr\/wp-content\/uploads\/2023\/12\/R3028R4.webp\",\"datePublished\":\"2026-02-19T07:27:48+00:00\",\"dateModified\":\"2026-02-19T07:33:11+00:00\",\"breadcrumb\":{\"@id\":\"https:\/\/ravon.com.tr\/product\/bar-baglanti-profili\/#breadcrumb\"},\"inLanguage\":\"en-US\",\"potentialAction\":[{\"@type\":\"ReadAction\",\"target\":[\"https:\/\/ravon.com.tr\/product\/bar-baglanti-profili\/\"]}]},{\"@type\":\"ImageObject\",\"inLanguage\":\"en-US\",\"@id\":\"https:\/\/ravon.com.tr\/product\/bar-baglanti-profili\/#primaryimage\",\"url\":\"https:\/\/ravon.com.tr\/wp-content\/uploads\/2023\/12\/R3028R4.webp\",\"contentUrl\":\"https:\/\/ravon.com.tr\/wp-content\/uploads\/2023\/12\/R3028R4.webp\",\"width\":1390,\"height\":1390},{\"@type\":\"BreadcrumbList\",\"@id\":\"https:\/\/ravon.com.tr\/product\/bar-baglanti-profili\/#breadcrumb\",\"itemListElement\":[{\"@type\":\"ListItem\",\"position\":1,\"name\":\"Anasayfa\",\"item\":\"https:\/\/ravon.com.tr\/\"},{\"@type\":\"ListItem\",\"position\":2,\"name\":\"\u00dcr\u00fcnler\",\"item\":\"https:\/\/ravon.com.tr\/shop\/\"},{\"@type\":\"ListItem\",\"position\":3,\"name\":\"Bar Ba\u011flant\u0131 Profili\"}]},{\"@type\":\"WebSite\",\"@id\":\"https:\/\/ravon.com.tr\/#website\",\"url\":\"https:\/\/ravon.com.tr\/\",\"name\":\"Ravon Enerji ve Data Transfer Sistemleri\",\"description\":\"Ravon Enerji ve Data Transfer Sistemleri\",\"publisher\":{\"@id\":\"https:\/\/ravon.com.tr\/#organization\"},\"potentialAction\":[{\"@type\":\"SearchAction\",\"target\":{\"@type\":\"EntryPoint\",\"urlTemplate\":\"https:\/\/ravon.com.tr\/?s={search_term_string}\"},\"query-input\":{\"@type\":\"PropertyValueSpecification\",\"valueRequired\":true,\"valueName\":\"search_term_string\"}}],\"inLanguage\":\"en-US\"},{\"@type\":\"Organization\",\"@id\":\"https:\/\/ravon.com.tr\/#organization\",\"name\":\"Ravon Enerji ve Data Transfer Sistemleri\",\"url\":\"https:\/\/ravon.com.tr\/\",\"logo\":{\"@type\":\"ImageObject\",\"inLanguage\":\"en-US\",\"@id\":\"https:\/\/ravon.com.tr\/#\/schema\/logo\/image\/\",\"url\":\"https:\/\/ravon.com.tr\/wp-content\/uploads\/2023\/08\/tinywow_ravon-logo__2__30279301_1-removebg-preview1.png\",\"contentUrl\":\"https:\/\/ravon.com.tr\/wp-content\/uploads\/2023\/08\/tinywow_ravon-logo__2__30279301_1-removebg-preview1.png\",\"width\":745,\"height\":335,\"caption\":\"Ravon Enerji ve Data Transfer Sistemleri\"},\"image\":{\"@id\":\"https:\/\/ravon.com.tr\/#\/schema\/logo\/image\/\"},\"sameAs\":[\"https:\/\/www.facebook.com\/ravonfestoon\",\"https:\/\/x.com\/ravonfestoon\",\"https:\/\/www.instagram.com\/ravon_festoon\/\"]}]}<\/script>\n<!-- \/ Yoast SEO Premium plugin. -->","yoast_head_json":{"title":"Bar Ba\u011flant\u0131 Profili - Ravon Enerji ve Data Transfer Sistemleri","robots":{"index":"index","follow":"follow","max-snippet":"max-snippet:-1","max-image-preview":"max-image-preview:large","max-video-preview":"max-video-preview:-1"},"canonical":"https:\/\/ravon.com.tr\/en\/product\/bar-baglanti-profili\/","og_locale":"en_US","og_type":"article","og_title":"Bar Ba\u011flant\u0131 Profili","og_description":"Bar Ba\u011flant\u0131 Profili Bar Ba\u011flant\u0131 Profili, kaynak ba\u011flant\u0131 eleman\u0131 ile ask\u0131lar aras\u0131nda uzatma sa\u011flamak amac\u0131yla \u00fcretilmi\u015f \u00f6zel bir \u00fcr\u00fcnd\u00fcr. C profilden kesilerek \u00fcretilen bu profil, montaj ve ba\u011flant\u0131 i\u015flemlerinde \u00f6nemli bir rol oynar. Standart olarak \u00fc\u00e7 farkl\u0131 uzunluk se\u00e7ene\u011fi sunulsa da, m\u00fc\u015fterilerin \u00f6zel ihtiya\u00e7lar\u0131na ve projelerin gereksinimlerine uygun olarak \u00e7e\u015fitli \u00f6l\u00e7\u00fclerde \u00f6zelle\u015ftirilmesi m\u00fcmk\u00fcnd\u00fcr. \u00dcretimde kullan\u0131lan [&hellip;]","og_url":"https:\/\/ravon.com.tr\/en\/product\/bar-baglanti-profili\/","og_site_name":"Ravon Enerji ve Data Transfer Sistemleri","article_publisher":"https:\/\/www.facebook.com\/ravonfestoon","article_modified_time":"2026-02-19T07:33:11+00:00","og_image":[{"width":1390,"height":1390,"url":"https:\/\/ravon.com.tr\/wp-content\/uploads\/2023\/12\/R3028R4.webp","type":"image\/webp"}],"twitter_card":"summary_large_image","twitter_site":"@ravonfestoon","twitter_misc":{"Est. reading time":"2 minutes"},"schema":{"@context":"https:\/\/schema.org","@graph":[{"@type":"WebPage","@id":"https:\/\/ravon.com.tr\/product\/bar-baglanti-profili\/","url":"https:\/\/ravon.com.tr\/product\/bar-baglanti-profili\/","name":"Bar Ba\u011flant\u0131 Profili - Ravon Enerji ve Data Transfer Sistemleri","isPartOf":{"@id":"https:\/\/ravon.com.tr\/#website"},"primaryImageOfPage":{"@id":"https:\/\/ravon.com.tr\/product\/bar-baglanti-profili\/#primaryimage"},"image":{"@id":"https:\/\/ravon.com.tr\/product\/bar-baglanti-profili\/#primaryimage"},"thumbnailUrl":"https:\/\/ravon.com.tr\/wp-content\/uploads\/2023\/12\/R3028R4.webp","datePublished":"2026-02-19T07:27:48+00:00","dateModified":"2026-02-19T07:33:11+00:00","breadcrumb":{"@id":"https:\/\/ravon.com.tr\/product\/bar-baglanti-profili\/#breadcrumb"},"inLanguage":"en-US","potentialAction":[{"@type":"ReadAction","target":["https:\/\/ravon.com.tr\/product\/bar-baglanti-profili\/"]}]},{"@type":"ImageObject","inLanguage":"en-US","@id":"https:\/\/ravon.com.tr\/product\/bar-baglanti-profili\/#primaryimage","url":"https:\/\/ravon.com.tr\/wp-content\/uploads\/2023\/12\/R3028R4.webp","contentUrl":"https:\/\/ravon.com.tr\/wp-content\/uploads\/2023\/12\/R3028R4.webp","width":1390,"height":1390},{"@type":"BreadcrumbList","@id":"https:\/\/ravon.com.tr\/product\/bar-baglanti-profili\/#breadcrumb","itemListElement":[{"@type":"ListItem","position":1,"name":"Anasayfa","item":"https:\/\/ravon.com.tr\/"},{"@type":"ListItem","position":2,"name":"\u00dcr\u00fcnler","item":"https:\/\/ravon.com.tr\/shop\/"},{"@type":"ListItem","position":3,"name":"Bar Ba\u011flant\u0131 Profili"}]},{"@type":"WebSite","@id":"https:\/\/ravon.com.tr\/#website","url":"https:\/\/ravon.com.tr\/","name":"Ravon Enerji ve Data Transfer Sistemleri","description":"Ravon Enerji ve Data Transfer Sistemleri","publisher":{"@id":"https:\/\/ravon.com.tr\/#organization"},"potentialAction":[{"@type":"SearchAction","target":{"@type":"EntryPoint","urlTemplate":"https:\/\/ravon.com.tr\/?s={search_term_string}"},"query-input":{"@type":"PropertyValueSpecification","valueRequired":true,"valueName":"search_term_string"}}],"inLanguage":"en-US"},{"@type":"Organization","@id":"https:\/\/ravon.com.tr\/#organization","name":"Ravon Enerji ve Data Transfer Sistemleri","url":"https:\/\/ravon.com.tr\/","logo":{"@type":"ImageObject","inLanguage":"en-US","@id":"https:\/\/ravon.com.tr\/#\/schema\/logo\/image\/","url":"https:\/\/ravon.com.tr\/wp-content\/uploads\/2023\/08\/tinywow_ravon-logo__2__30279301_1-removebg-preview1.png","contentUrl":"https:\/\/ravon.com.tr\/wp-content\/uploads\/2023\/08\/tinywow_ravon-logo__2__30279301_1-removebg-preview1.png","width":745,"height":335,"caption":"Ravon Enerji ve Data Transfer Sistemleri"},"image":{"@id":"https:\/\/ravon.com.tr\/#\/schema\/logo\/image\/"},"sameAs":["https:\/\/www.facebook.com\/ravonfestoon","https:\/\/x.com\/ravonfestoon","https:\/\/www.instagram.com\/ravon_festoon\/"]}]}},"_links":{"self":[{"href":"https:\/\/ravon.com.tr\/en\/wp-json\/wp\/v2\/product\/13222","targetHints":{"allow":["GET"]}}],"collection":[{"href":"https:\/\/ravon.com.tr\/en\/wp-json\/wp\/v2\/product"}],"about":[{"href":"https:\/\/ravon.com.tr\/en\/wp-json\/wp\/v2\/types\/product"}],"wp:featuredmedia":[{"embeddable":true,"href":"https:\/\/ravon.com.tr\/en\/wp-json\/wp\/v2\/media\/11396"}],"wp:attachment":[{"href":"https:\/\/ravon.com.tr\/en\/wp-json\/wp\/v2\/media?parent=13222"}],"wp:term":[{"taxonomy":"product_brand","embeddable":true,"href":"https:\/\/ravon.com.tr\/en\/wp-json\/wp\/v2\/product_brand?post=13222"},{"taxonomy":"product_cat","embeddable":true,"href":"https:\/\/ravon.com.tr\/en\/wp-json\/wp\/v2\/product_cat?post=13222"},{"taxonomy":"product_tag","embeddable":true,"href":"https:\/\/ravon.com.tr\/en\/wp-json\/wp\/v2\/product_tag?post=13222"}],"curies":[{"name":"wp","href":"https:\/\/api.w.org\/{rel}","templated":true}]}}