{"id":13233,"date":"2026-02-20T12:11:11","date_gmt":"2026-02-20T09:11:11","guid":{"rendered":"https:\/\/ravon.com.tr\/?post_type=product&#038;p=13233"},"modified":"2026-02-23T10:24:00","modified_gmt":"2026-02-23T07:24:00","slug":"i-profil-kablo-baslangic-askisi","status":"publish","type":"product","link":"https:\/\/ravon.com.tr\/en\/product\/i-profil-kablo-baslangic-askisi\/","title":{"rendered":"I Beam End Clamp"},"content":{"rendered":"<p><strong>End Clamp\u00a0<\/strong><\/p>\n<p>End Clamp is one of the important components of cable festoon systems and is a stationary product that ensures the cable is fixed to the NPI or IPE beam. This product plays a critical role in ensuring that the system operates consistently and safely. Thanks to the sturdy bolts on the upper part and the grooved metal plate used to facilitate assembly, the NPI or IPE beam is mounted quickly and securely. This design makes the installation process simple and effective.<\/p>\n<p>The cable clamp, called a ''Saddle'', located at the bottom, is specially designed to ensure that the cable is securely fixed to the carrier body. This saddle is manufactured to be compatible with flat cables. It prevents the cable from slipping or moving during transit, ensuring the cable's longevity and safe use. In addition, the \u00d880 mm radius of the saddle allows the cable to be bent properly without exceeding safety standards, which increases the performance and durability of the cable.<\/p>\n<p><span style=\"font-size: 10pt;\"><strong>Usage Areas:<br \/>\n<\/strong><\/span><\/p>\n<table style=\"border-collapse: collapse; width: 99.1635%; height: 166px;\">\n<tbody>\n<tr style=\"height: 156px;\">\n<td style=\"width: 20.0888%; height: 156px;\">\n<p style=\"text-align: center;\"><img loading=\"lazy\" decoding=\"async\" class=\"wp-image-12816 aligncenter\" src=\"https:\/\/ravon.com.tr\/wp-content\/uploads\/2022\/08\/Single-Girder-01.png\" alt=\"\" width=\"129\" height=\"95\" \/><strong>Single Girder Crane<\/strong><\/p>\n<\/td>\n<td style=\"width: 19.772%; text-align: center; height: 156px;\"><img loading=\"lazy\" decoding=\"async\" class=\"wp-image-12817 aligncenter\" src=\"https:\/\/ravon.com.tr\/wp-content\/uploads\/2022\/08\/Double-Girder-01-01.png\" alt=\"\" width=\"129\" height=\"95\" \/><strong>Double Girder Crane<\/strong><\/td>\n<td style=\"width: 18.4662%; text-align: center; height: 156px;\"><img loading=\"lazy\" decoding=\"async\" class=\"wp-image-12818 aligncenter\" src=\"https:\/\/ravon.com.tr\/wp-content\/uploads\/2022\/08\/Portal-Crane-01-01-01.png\" alt=\"\" width=\"121\" height=\"101\" \/><strong>Gantry Crane<\/strong><\/td>\n<td style=\"width: 18.5449%; text-align: center; height: 156px;\"><img loading=\"lazy\" decoding=\"async\" class=\"wp-image-12819 aligncenter\" src=\"https:\/\/ravon.com.tr\/wp-content\/uploads\/2022\/08\/Production-Line-01-01.png\" alt=\"\" width=\"117\" height=\"94\" \/><strong>Conveyor<\/strong><\/td>\n<td style=\"width: 22.2916%; text-align: center; height: 156px;\"><img loading=\"lazy\" decoding=\"async\" class=\"wp-image-12820 aligncenter\" src=\"https:\/\/ravon.com.tr\/wp-content\/uploads\/2022\/08\/Car-Washing-01-01.png\" alt=\"\" width=\"146\" height=\"95\" \/><strong>Washing Machine<\/strong><\/td>\n<\/tr>\n<tr style=\"height: 23px;\">\n<td style=\"width: 20.0888%; height: 10px;\"><\/td>\n<td style=\"width: 19.772%; height: 10px;\"><\/td>\n<td style=\"width: 18.4662%; height: 10px;\"><\/td>\n<td style=\"width: 18.5449%; height: 10px;\"><\/td>\n<td style=\"width: 22.2916%; height: 10px;\"><\/td>\n<\/tr>\n<\/tbody>\n<\/table>","protected":false},"excerpt":{"rendered":"<p>Kablo Ba\u015flang\u0131\u00e7 Ask\u0131s\u0131\u00a0 Kablo Ba\u015flang\u0131\u00e7 Ask\u0131s\u0131, kablo ta\u015f\u0131y\u0131c\u0131 sistemlerin \u00f6nemli bile\u015fenlerinden biri olup, kablonun NPI veya IPE kiri\u015fe sabitlenmesini sa\u011flayan hareketsiz bir \u00fcr\u00fcnd\u00fcr. Bu \u00fcr\u00fcn, sistemin d\u00fczenli ve g\u00fcvenli bir \u015fekilde \u00e7al\u0131\u015fmas\u0131n\u0131 sa\u011flayarak kritik bir rol oynar. \u00dcst k\u0131sm\u0131nda bulunan sa\u011flam civatalar ve montaj\u0131 kolayla\u015ft\u0131rmak i\u00e7in kullan\u0131lan yivli metal plaka sayesinde NPI veya IPE kiri\u015fe [&hellip;]<\/p>","protected":false},"featured_media":13234,"template":"","meta":{"_acf_changed":false,"_et_pb_use_builder":"","_et_pb_old_content":"","_et_gb_content_width":""},"product_brand":[],"product_cat":[492,78,770],"product_tag":[],"class_list":{"0":"post-13233","1":"product","2":"type-product","3":"status-publish","4":"has-post-thumbnail","6":"product_cat-kablo-tasima-sistemleri","7":"product_cat-i-profil-kablo-tasima-sistemleri","8":"product_cat-4015-serisi","10":"first","11":"instock","12":"shipping-taxable","13":"product-type-simple"},"acf":[],"yoast_head":"<!-- This site is optimized with the Yoast SEO Premium plugin v20.13 (Yoast SEO v25.7) - https:\/\/yoast.com\/wordpress\/plugins\/seo\/ -->\n<title>I Profil Kablo Ba\u015flang\u0131\u00e7 Ask\u0131s\u0131 - Ravon Enerji ve Data Transfer Sistemleri<\/title>\n<meta name=\"robots\" content=\"index, follow, max-snippet:-1, max-image-preview:large, max-video-preview:-1\" \/>\n<link rel=\"canonical\" href=\"https:\/\/ravon.com.tr\/en\/product\/i-profil-kablo-baslangic-askisi\/\" \/>\n<meta property=\"og:locale\" content=\"en_US\" \/>\n<meta property=\"og:type\" content=\"article\" \/>\n<meta property=\"og:title\" content=\"I Profil Kablo Ba\u015flang\u0131\u00e7 Ask\u0131s\u0131\" \/>\n<meta property=\"og:description\" content=\"Kablo Ba\u015flang\u0131\u00e7 Ask\u0131s\u0131\u00a0 Kablo Ba\u015flang\u0131\u00e7 Ask\u0131s\u0131, kablo ta\u015f\u0131y\u0131c\u0131 sistemlerin \u00f6nemli bile\u015fenlerinden biri olup, kablonun NPI veya IPE kiri\u015fe sabitlenmesini sa\u011flayan hareketsiz bir \u00fcr\u00fcnd\u00fcr. Bu \u00fcr\u00fcn, sistemin d\u00fczenli ve g\u00fcvenli bir \u015fekilde \u00e7al\u0131\u015fmas\u0131n\u0131 sa\u011flayarak kritik bir rol oynar. \u00dcst k\u0131sm\u0131nda bulunan sa\u011flam civatalar ve montaj\u0131 kolayla\u015ft\u0131rmak i\u00e7in kullan\u0131lan yivli metal plaka sayesinde NPI veya IPE kiri\u015fe [&hellip;]\" \/>\n<meta property=\"og:url\" content=\"https:\/\/ravon.com.tr\/en\/product\/i-profil-kablo-baslangic-askisi\/\" \/>\n<meta property=\"og:site_name\" content=\"Ravon Enerji ve Data Transfer Sistemleri\" \/>\n<meta property=\"article:publisher\" content=\"https:\/\/www.facebook.com\/ravonfestoon\" \/>\n<meta property=\"article:modified_time\" content=\"2026-02-23T07:24:00+00:00\" \/>\n<meta property=\"og:image\" content=\"https:\/\/ravon.com.tr\/wp-content\/uploads\/2026\/02\/R4015H-1024x1024.png\" \/>\n\t<meta property=\"og:image:width\" content=\"1024\" \/>\n\t<meta property=\"og:image:height\" content=\"1024\" \/>\n\t<meta property=\"og:image:type\" content=\"image\/png\" \/>\n<meta name=\"twitter:card\" content=\"summary_large_image\" \/>\n<meta name=\"twitter:site\" content=\"@ravonfestoon\" \/>\n<meta name=\"twitter:label1\" content=\"Est. reading time\" \/>\n\t<meta name=\"twitter:data1\" content=\"3 minutes\" \/>\n<script type=\"application\/ld+json\" class=\"yoast-schema-graph\">{\"@context\":\"https:\/\/schema.org\",\"@graph\":[{\"@type\":\"WebPage\",\"@id\":\"https:\/\/ravon.com.tr\/product\/i-profil-kablo-baslangic-askisi\/\",\"url\":\"https:\/\/ravon.com.tr\/product\/i-profil-kablo-baslangic-askisi\/\",\"name\":\"I Profil Kablo Ba\u015flang\u0131\u00e7 Ask\u0131s\u0131 - Ravon Enerji ve Data Transfer Sistemleri\",\"isPartOf\":{\"@id\":\"https:\/\/ravon.com.tr\/#website\"},\"primaryImageOfPage\":{\"@id\":\"https:\/\/ravon.com.tr\/product\/i-profil-kablo-baslangic-askisi\/#primaryimage\"},\"image\":{\"@id\":\"https:\/\/ravon.com.tr\/product\/i-profil-kablo-baslangic-askisi\/#primaryimage\"},\"thumbnailUrl\":\"https:\/\/ravon.com.tr\/wp-content\/uploads\/2026\/02\/R4015H.png\",\"datePublished\":\"2026-02-20T09:11:11+00:00\",\"dateModified\":\"2026-02-23T07:24:00+00:00\",\"breadcrumb\":{\"@id\":\"https:\/\/ravon.com.tr\/product\/i-profil-kablo-baslangic-askisi\/#breadcrumb\"},\"inLanguage\":\"en-US\",\"potentialAction\":[{\"@type\":\"ReadAction\",\"target\":[\"https:\/\/ravon.com.tr\/product\/i-profil-kablo-baslangic-askisi\/\"]}]},{\"@type\":\"ImageObject\",\"inLanguage\":\"en-US\",\"@id\":\"https:\/\/ravon.com.tr\/product\/i-profil-kablo-baslangic-askisi\/#primaryimage\",\"url\":\"https:\/\/ravon.com.tr\/wp-content\/uploads\/2026\/02\/R4015H.png\",\"contentUrl\":\"https:\/\/ravon.com.tr\/wp-content\/uploads\/2026\/02\/R4015H.png\",\"width\":2498,\"height\":2495},{\"@type\":\"BreadcrumbList\",\"@id\":\"https:\/\/ravon.com.tr\/product\/i-profil-kablo-baslangic-askisi\/#breadcrumb\",\"itemListElement\":[{\"@type\":\"ListItem\",\"position\":1,\"name\":\"Anasayfa\",\"item\":\"https:\/\/ravon.com.tr\/\"},{\"@type\":\"ListItem\",\"position\":2,\"name\":\"\u00dcr\u00fcnler\",\"item\":\"https:\/\/ravon.com.tr\/shop\/\"},{\"@type\":\"ListItem\",\"position\":3,\"name\":\"I Profil Kablo Ba\u015flang\u0131\u00e7 Ask\u0131s\u0131\"}]},{\"@type\":\"WebSite\",\"@id\":\"https:\/\/ravon.com.tr\/#website\",\"url\":\"https:\/\/ravon.com.tr\/\",\"name\":\"Ravon Enerji ve Data Transfer Sistemleri\",\"description\":\"Ravon Enerji ve Data Transfer Sistemleri\",\"publisher\":{\"@id\":\"https:\/\/ravon.com.tr\/#organization\"},\"potentialAction\":[{\"@type\":\"SearchAction\",\"target\":{\"@type\":\"EntryPoint\",\"urlTemplate\":\"https:\/\/ravon.com.tr\/?s={search_term_string}\"},\"query-input\":{\"@type\":\"PropertyValueSpecification\",\"valueRequired\":true,\"valueName\":\"search_term_string\"}}],\"inLanguage\":\"en-US\"},{\"@type\":\"Organization\",\"@id\":\"https:\/\/ravon.com.tr\/#organization\",\"name\":\"Ravon Enerji ve Data Transfer Sistemleri\",\"url\":\"https:\/\/ravon.com.tr\/\",\"logo\":{\"@type\":\"ImageObject\",\"inLanguage\":\"en-US\",\"@id\":\"https:\/\/ravon.com.tr\/#\/schema\/logo\/image\/\",\"url\":\"https:\/\/ravon.com.tr\/wp-content\/uploads\/2023\/08\/tinywow_ravon-logo__2__30279301_1-removebg-preview1.png\",\"contentUrl\":\"https:\/\/ravon.com.tr\/wp-content\/uploads\/2023\/08\/tinywow_ravon-logo__2__30279301_1-removebg-preview1.png\",\"width\":745,\"height\":335,\"caption\":\"Ravon Enerji ve Data Transfer Sistemleri\"},\"image\":{\"@id\":\"https:\/\/ravon.com.tr\/#\/schema\/logo\/image\/\"},\"sameAs\":[\"https:\/\/www.facebook.com\/ravonfestoon\",\"https:\/\/x.com\/ravonfestoon\",\"https:\/\/www.instagram.com\/ravon_festoon\/\"]}]}<\/script>\n<!-- \/ Yoast SEO Premium plugin. -->","yoast_head_json":{"title":"I Profil Kablo Ba\u015flang\u0131\u00e7 Ask\u0131s\u0131 - Ravon Enerji ve Data Transfer Sistemleri","robots":{"index":"index","follow":"follow","max-snippet":"max-snippet:-1","max-image-preview":"max-image-preview:large","max-video-preview":"max-video-preview:-1"},"canonical":"https:\/\/ravon.com.tr\/en\/product\/i-profil-kablo-baslangic-askisi\/","og_locale":"en_US","og_type":"article","og_title":"I Profil Kablo Ba\u015flang\u0131\u00e7 Ask\u0131s\u0131","og_description":"Kablo Ba\u015flang\u0131\u00e7 Ask\u0131s\u0131\u00a0 Kablo Ba\u015flang\u0131\u00e7 Ask\u0131s\u0131, kablo ta\u015f\u0131y\u0131c\u0131 sistemlerin \u00f6nemli bile\u015fenlerinden biri olup, kablonun NPI veya IPE kiri\u015fe sabitlenmesini sa\u011flayan hareketsiz bir \u00fcr\u00fcnd\u00fcr. Bu \u00fcr\u00fcn, sistemin d\u00fczenli ve g\u00fcvenli bir \u015fekilde \u00e7al\u0131\u015fmas\u0131n\u0131 sa\u011flayarak kritik bir rol oynar. \u00dcst k\u0131sm\u0131nda bulunan sa\u011flam civatalar ve montaj\u0131 kolayla\u015ft\u0131rmak i\u00e7in kullan\u0131lan yivli metal plaka sayesinde NPI veya IPE kiri\u015fe [&hellip;]","og_url":"https:\/\/ravon.com.tr\/en\/product\/i-profil-kablo-baslangic-askisi\/","og_site_name":"Ravon Enerji ve Data Transfer Sistemleri","article_publisher":"https:\/\/www.facebook.com\/ravonfestoon","article_modified_time":"2026-02-23T07:24:00+00:00","og_image":[{"width":1024,"height":1024,"url":"https:\/\/ravon.com.tr\/wp-content\/uploads\/2026\/02\/R4015H-1024x1024.png","type":"image\/png"}],"twitter_card":"summary_large_image","twitter_site":"@ravonfestoon","twitter_misc":{"Est. reading time":"3 minutes"},"schema":{"@context":"https:\/\/schema.org","@graph":[{"@type":"WebPage","@id":"https:\/\/ravon.com.tr\/product\/i-profil-kablo-baslangic-askisi\/","url":"https:\/\/ravon.com.tr\/product\/i-profil-kablo-baslangic-askisi\/","name":"I Profil Kablo Ba\u015flang\u0131\u00e7 Ask\u0131s\u0131 - Ravon Enerji ve Data Transfer Sistemleri","isPartOf":{"@id":"https:\/\/ravon.com.tr\/#website"},"primaryImageOfPage":{"@id":"https:\/\/ravon.com.tr\/product\/i-profil-kablo-baslangic-askisi\/#primaryimage"},"image":{"@id":"https:\/\/ravon.com.tr\/product\/i-profil-kablo-baslangic-askisi\/#primaryimage"},"thumbnailUrl":"https:\/\/ravon.com.tr\/wp-content\/uploads\/2026\/02\/R4015H.png","datePublished":"2026-02-20T09:11:11+00:00","dateModified":"2026-02-23T07:24:00+00:00","breadcrumb":{"@id":"https:\/\/ravon.com.tr\/product\/i-profil-kablo-baslangic-askisi\/#breadcrumb"},"inLanguage":"en-US","potentialAction":[{"@type":"ReadAction","target":["https:\/\/ravon.com.tr\/product\/i-profil-kablo-baslangic-askisi\/"]}]},{"@type":"ImageObject","inLanguage":"en-US","@id":"https:\/\/ravon.com.tr\/product\/i-profil-kablo-baslangic-askisi\/#primaryimage","url":"https:\/\/ravon.com.tr\/wp-content\/uploads\/2026\/02\/R4015H.png","contentUrl":"https:\/\/ravon.com.tr\/wp-content\/uploads\/2026\/02\/R4015H.png","width":2498,"height":2495},{"@type":"BreadcrumbList","@id":"https:\/\/ravon.com.tr\/product\/i-profil-kablo-baslangic-askisi\/#breadcrumb","itemListElement":[{"@type":"ListItem","position":1,"name":"Anasayfa","item":"https:\/\/ravon.com.tr\/"},{"@type":"ListItem","position":2,"name":"\u00dcr\u00fcnler","item":"https:\/\/ravon.com.tr\/shop\/"},{"@type":"ListItem","position":3,"name":"I Profil Kablo Ba\u015flang\u0131\u00e7 Ask\u0131s\u0131"}]},{"@type":"WebSite","@id":"https:\/\/ravon.com.tr\/#website","url":"https:\/\/ravon.com.tr\/","name":"Ravon Enerji ve Data Transfer Sistemleri","description":"Ravon Enerji ve Data Transfer Sistemleri","publisher":{"@id":"https:\/\/ravon.com.tr\/#organization"},"potentialAction":[{"@type":"SearchAction","target":{"@type":"EntryPoint","urlTemplate":"https:\/\/ravon.com.tr\/?s={search_term_string}"},"query-input":{"@type":"PropertyValueSpecification","valueRequired":true,"valueName":"search_term_string"}}],"inLanguage":"en-US"},{"@type":"Organization","@id":"https:\/\/ravon.com.tr\/#organization","name":"Ravon Enerji ve Data Transfer Sistemleri","url":"https:\/\/ravon.com.tr\/","logo":{"@type":"ImageObject","inLanguage":"en-US","@id":"https:\/\/ravon.com.tr\/#\/schema\/logo\/image\/","url":"https:\/\/ravon.com.tr\/wp-content\/uploads\/2023\/08\/tinywow_ravon-logo__2__30279301_1-removebg-preview1.png","contentUrl":"https:\/\/ravon.com.tr\/wp-content\/uploads\/2023\/08\/tinywow_ravon-logo__2__30279301_1-removebg-preview1.png","width":745,"height":335,"caption":"Ravon Enerji ve Data Transfer Sistemleri"},"image":{"@id":"https:\/\/ravon.com.tr\/#\/schema\/logo\/image\/"},"sameAs":["https:\/\/www.facebook.com\/ravonfestoon","https:\/\/x.com\/ravonfestoon","https:\/\/www.instagram.com\/ravon_festoon\/"]}]}},"_links":{"self":[{"href":"https:\/\/ravon.com.tr\/en\/wp-json\/wp\/v2\/product\/13233","targetHints":{"allow":["GET"]}}],"collection":[{"href":"https:\/\/ravon.com.tr\/en\/wp-json\/wp\/v2\/product"}],"about":[{"href":"https:\/\/ravon.com.tr\/en\/wp-json\/wp\/v2\/types\/product"}],"wp:featuredmedia":[{"embeddable":true,"href":"https:\/\/ravon.com.tr\/en\/wp-json\/wp\/v2\/media\/13234"}],"wp:attachment":[{"href":"https:\/\/ravon.com.tr\/en\/wp-json\/wp\/v2\/media?parent=13233"}],"wp:term":[{"taxonomy":"product_brand","embeddable":true,"href":"https:\/\/ravon.com.tr\/en\/wp-json\/wp\/v2\/product_brand?post=13233"},{"taxonomy":"product_cat","embeddable":true,"href":"https:\/\/ravon.com.tr\/en\/wp-json\/wp\/v2\/product_cat?post=13233"},{"taxonomy":"product_tag","embeddable":true,"href":"https:\/\/ravon.com.tr\/en\/wp-json\/wp\/v2\/product_tag?post=13233"}],"curies":[{"name":"wp","href":"https:\/\/api.w.org\/{rel}","templated":true}]}}