{"id":7923,"date":"2022-08-01T00:00:24","date_gmt":"2022-07-31T21:00:24","guid":{"rendered":"https:\/\/ravonfestoon.com\/?post_type=product&#038;p=7923"},"modified":"2025-01-07T08:46:30","modified_gmt":"2025-01-07T05:46:30","slug":"r3028r2-c-profil-15-mm-200-mm-3028-serisi","status":"publish","type":"product","link":"https:\/\/ravon.com.tr\/en\/product\/r3028r2-c-profil-15-mm-200-mm-3028-serisi\/","title":{"rendered":"C Track 1,5 mm"},"content":{"rendered":"<p style=\"text-align: justify;\"><strong>C Track<\/strong><\/p>\n<p style=\"text-align: justify;\">Ravon C Track is a hardware element used for cable management in electrical installations and industrial environments. These tarcks are designed to organize, protect, and support cable. C Tracks are typically made of durable materials such as galvanised steel or aluminum and are available in various sizes and shapes.<\/p>\n<p style=\"text-align: justify;\">Ravon C Tracks are used in areas such as electrical panels, industrial machines, cranes, building installations, and other electrical systems. C Tracks are designed to carry and organize cable safely, ensuring that electrical cables are arranged in an orderly manner.<\/p>\n<p style=\"text-align: justify;\">These Tracks usually provide as a set with a track hanger, support arm, support arm bracket, trolley, front car, control unit trolley, end clamp, end stop, cable clip, flat cable gland, and end cap. The Ravon C Track plays an important role in cable organization. It also ensures that the cables in the electrical installation are arranged in an orderly and safe manner.<\/p>\n<p>&nbsp;<\/p>\n<p><span style=\"font-size: 10pt;\"><strong><span style=\"font-size: 12pt;\">Usage Areas:<\/span><br \/>\n<\/strong><\/span><\/p>\n<table style=\"border-collapse: collapse; width: 99.1635%; height: 166px;\">\n<tbody>\n<tr style=\"height: 156px;\">\n<td style=\"width: 20.0888%; height: 156px;\">\n<p style=\"text-align: center;\"><img loading=\"lazy\" decoding=\"async\" class=\"wp-image-12816 aligncenter\" src=\"https:\/\/ravon.com.tr\/wp-content\/uploads\/2022\/08\/Single-Girder-01.png\" alt=\"\" width=\"129\" height=\"95\" \/><strong>Single Girder Crane<\/strong><\/p>\n<\/td>\n<td style=\"width: 19.772%; text-align: center; height: 156px;\"><img loading=\"lazy\" decoding=\"async\" class=\"wp-image-12817 aligncenter\" src=\"https:\/\/ravon.com.tr\/wp-content\/uploads\/2022\/08\/Double-Girder-01-01.png\" alt=\"\" width=\"129\" height=\"95\" \/><strong>Double Girder Crane<\/strong><\/td>\n<td style=\"width: 18.4662%; text-align: center; height: 156px;\"><img loading=\"lazy\" decoding=\"async\" class=\"wp-image-12818 aligncenter\" src=\"https:\/\/ravon.com.tr\/wp-content\/uploads\/2022\/08\/Portal-Crane-01-01-01.png\" alt=\"\" width=\"121\" height=\"101\" \/><strong>Gantry Crane<\/strong><\/td>\n<td style=\"width: 18.5449%; text-align: center; height: 156px;\"><img loading=\"lazy\" decoding=\"async\" class=\"wp-image-12819 aligncenter\" src=\"https:\/\/ravon.com.tr\/wp-content\/uploads\/2022\/08\/Production-Line-01-01.png\" alt=\"\" width=\"117\" height=\"94\" \/><strong>Konvey\u00f6r<\/strong><\/td>\n<td style=\"width: 22.2916%; text-align: center; height: 156px;\"><img loading=\"lazy\" decoding=\"async\" class=\"wp-image-12820 aligncenter\" src=\"https:\/\/ravon.com.tr\/wp-content\/uploads\/2022\/08\/Car-Washing-01-01.png\" alt=\"\" width=\"146\" height=\"95\" \/><strong>Washing Machine<\/strong><\/td>\n<\/tr>\n<tr style=\"height: 23px;\">\n<td style=\"width: 20.0888%; height: 10px;\"><\/td>\n<td style=\"width: 19.772%; height: 10px;\"><\/td>\n<td style=\"width: 18.4662%; height: 10px;\"><\/td>\n<td style=\"width: 18.5449%; height: 10px;\"><\/td>\n<td style=\"width: 22.2916%; height: 10px;\"><\/td>\n<\/tr>\n<\/tbody>\n<\/table>","protected":false},"excerpt":{"rendered":"<p>C PROF\u0130L Ravon C Profil, elektrik tesisat\u0131nda ve end\u00fcstriyel ortamlarda kablo y\u00f6netimi i\u00e7in kullan\u0131lan bir donan\u0131m eleman\u0131d\u0131r. Bu profiller, kablo demetlerini d\u00fczenlemek, korumak ve desteklemek i\u00e7in kullan\u0131l\u0131r. Genellikle \u00e7elik veya al\u00fcminyum gibi dayan\u0131kl\u0131 malzemelerden imal edilirler ve farkl\u0131 boyutlarda ve \u015fekillerde bulunabilirler. Ravon C Profil, elektrik panolar\u0131, end\u00fcstriyel makineler, vin\u00e7ler, bina tesisat\u0131 ve di\u011fer elektrik [&hellip;]<\/p>","protected":false},"featured_media":11395,"template":"","meta":{"_acf_changed":false,"_et_pb_use_builder":"off","_et_pb_old_content":"","_et_gb_content_width":""},"product_brand":[],"product_cat":[492,77,692],"product_tag":[469,467,474,475,471,473,483,468,470,478,477,479,480,482,472,476,481],"class_list":{"0":"post-7923","1":"product","2":"type-product","3":"status-publish","4":"has-post-thumbnail","6":"product_cat-kablo-tasima-sistemleri","7":"product_cat-c-profil-kablo-tasima-sistemleri","8":"product_cat-3028-serisiri","9":"product_tag-c-profil-baglanti-elemanlari","10":"product_tag-c-profil-firmalari","11":"product_tag-c-profil-fiyat-listesi","12":"product_tag-c-profil-fiyatlari","13":"product_tag-c-profil-galvaniz","14":"product_tag-c-profil-imalati","15":"product_tag-c-profil-nedir","16":"product_tag-c-profil-olculeri","17":"product_tag-c-profil-ozellikleri","18":"product_tag-c-profil-paslanmaz","19":"product_tag-c-profil-satisi","20":"product_tag-c-profil-sistemleri","21":"product_tag-c-profil-tasima-sistemleri","22":"product_tag-c-profil-ureten-firmalar","23":"product_tag-c-profil-ureticileri","24":"product_tag-c-profil-uretimi","25":"product_tag-kablo-tasima-arabasi","27":"first","28":"instock","29":"shipping-taxable","30":"product-type-simple"},"acf":[],"yoast_head":"<!-- This site is optimized with the Yoast SEO Premium plugin v20.13 (Yoast SEO v25.7) - https:\/\/yoast.com\/wordpress\/plugins\/seo\/ -->\n<title>C Profil 1,5 mm - Ravon Enerji ve Data Transfer Sistemleri<\/title>\n<meta name=\"robots\" content=\"index, follow, max-snippet:-1, max-image-preview:large, max-video-preview:-1\" \/>\n<link rel=\"canonical\" href=\"https:\/\/ravon.com.tr\/en\/product\/r3028r2-c-profil-15-mm-200-mm-3028-serisi\/\" \/>\n<meta property=\"og:locale\" content=\"en_US\" \/>\n<meta property=\"og:type\" content=\"article\" \/>\n<meta property=\"og:title\" content=\"C Profil 1,5 mm\" \/>\n<meta property=\"og:description\" content=\"C PROF\u0130L Ravon C Profil, elektrik tesisat\u0131nda ve end\u00fcstriyel ortamlarda kablo y\u00f6netimi i\u00e7in kullan\u0131lan bir donan\u0131m eleman\u0131d\u0131r. Bu profiller, kablo demetlerini d\u00fczenlemek, korumak ve desteklemek i\u00e7in kullan\u0131l\u0131r. Genellikle \u00e7elik veya al\u00fcminyum gibi dayan\u0131kl\u0131 malzemelerden imal edilirler ve farkl\u0131 boyutlarda ve \u015fekillerde bulunabilirler. Ravon C Profil, elektrik panolar\u0131, end\u00fcstriyel makineler, vin\u00e7ler, bina tesisat\u0131 ve di\u011fer elektrik [&hellip;]\" \/>\n<meta property=\"og:url\" content=\"https:\/\/ravon.com.tr\/en\/product\/r3028r2-c-profil-15-mm-200-mm-3028-serisi\/\" \/>\n<meta property=\"og:site_name\" content=\"Ravon Enerji ve Data Transfer Sistemleri\" \/>\n<meta property=\"article:publisher\" content=\"https:\/\/www.facebook.com\/ravonfestoon\" \/>\n<meta property=\"article:modified_time\" content=\"2025-01-07T05:46:30+00:00\" \/>\n<meta property=\"og:image\" content=\"https:\/\/ravon.com.tr\/wp-content\/uploads\/2023\/12\/R3028R2.webp\" \/>\n\t<meta property=\"og:image:width\" content=\"1390\" \/>\n\t<meta property=\"og:image:height\" content=\"1390\" \/>\n\t<meta property=\"og:image:type\" content=\"image\/webp\" \/>\n<meta name=\"twitter:card\" content=\"summary_large_image\" \/>\n<meta name=\"twitter:site\" content=\"@ravonfestoon\" \/>\n<meta name=\"twitter:label1\" content=\"Est. reading time\" \/>\n\t<meta name=\"twitter:data1\" content=\"3 minutes\" \/>\n<script type=\"application\/ld+json\" class=\"yoast-schema-graph\">{\"@context\":\"https:\/\/schema.org\",\"@graph\":[{\"@type\":\"WebPage\",\"@id\":\"https:\/\/ravon.com.tr\/product\/r3028r2-c-profil-15-mm-200-mm-3028-serisi\/\",\"url\":\"https:\/\/ravon.com.tr\/product\/r3028r2-c-profil-15-mm-200-mm-3028-serisi\/\",\"name\":\"C Profil 1,5 mm - Ravon Enerji ve Data Transfer Sistemleri\",\"isPartOf\":{\"@id\":\"https:\/\/ravon.com.tr\/#website\"},\"primaryImageOfPage\":{\"@id\":\"https:\/\/ravon.com.tr\/product\/r3028r2-c-profil-15-mm-200-mm-3028-serisi\/#primaryimage\"},\"image\":{\"@id\":\"https:\/\/ravon.com.tr\/product\/r3028r2-c-profil-15-mm-200-mm-3028-serisi\/#primaryimage\"},\"thumbnailUrl\":\"https:\/\/ravon.com.tr\/wp-content\/uploads\/2023\/12\/R3028R2.webp\",\"datePublished\":\"2022-07-31T21:00:24+00:00\",\"dateModified\":\"2025-01-07T05:46:30+00:00\",\"breadcrumb\":{\"@id\":\"https:\/\/ravon.com.tr\/product\/r3028r2-c-profil-15-mm-200-mm-3028-serisi\/#breadcrumb\"},\"inLanguage\":\"en-US\",\"potentialAction\":[{\"@type\":\"ReadAction\",\"target\":[\"https:\/\/ravon.com.tr\/product\/r3028r2-c-profil-15-mm-200-mm-3028-serisi\/\"]}]},{\"@type\":\"ImageObject\",\"inLanguage\":\"en-US\",\"@id\":\"https:\/\/ravon.com.tr\/product\/r3028r2-c-profil-15-mm-200-mm-3028-serisi\/#primaryimage\",\"url\":\"https:\/\/ravon.com.tr\/wp-content\/uploads\/2023\/12\/R3028R2.webp\",\"contentUrl\":\"https:\/\/ravon.com.tr\/wp-content\/uploads\/2023\/12\/R3028R2.webp\",\"width\":1390,\"height\":1390,\"caption\":\"Profil\"},{\"@type\":\"BreadcrumbList\",\"@id\":\"https:\/\/ravon.com.tr\/product\/r3028r2-c-profil-15-mm-200-mm-3028-serisi\/#breadcrumb\",\"itemListElement\":[{\"@type\":\"ListItem\",\"position\":1,\"name\":\"Anasayfa\",\"item\":\"https:\/\/ravon.com.tr\/\"},{\"@type\":\"ListItem\",\"position\":2,\"name\":\"\u00dcr\u00fcnler\",\"item\":\"https:\/\/ravon.com.tr\/shop\/\"},{\"@type\":\"ListItem\",\"position\":3,\"name\":\"C Profil 1,5 mm\"}]},{\"@type\":\"WebSite\",\"@id\":\"https:\/\/ravon.com.tr\/#website\",\"url\":\"https:\/\/ravon.com.tr\/\",\"name\":\"Ravon Enerji ve Data Transfer Sistemleri\",\"description\":\"Ravon Enerji ve Data Transfer Sistemleri\",\"publisher\":{\"@id\":\"https:\/\/ravon.com.tr\/#organization\"},\"potentialAction\":[{\"@type\":\"SearchAction\",\"target\":{\"@type\":\"EntryPoint\",\"urlTemplate\":\"https:\/\/ravon.com.tr\/?s={search_term_string}\"},\"query-input\":{\"@type\":\"PropertyValueSpecification\",\"valueRequired\":true,\"valueName\":\"search_term_string\"}}],\"inLanguage\":\"en-US\"},{\"@type\":\"Organization\",\"@id\":\"https:\/\/ravon.com.tr\/#organization\",\"name\":\"Ravon Enerji ve Data Transfer Sistemleri\",\"url\":\"https:\/\/ravon.com.tr\/\",\"logo\":{\"@type\":\"ImageObject\",\"inLanguage\":\"en-US\",\"@id\":\"https:\/\/ravon.com.tr\/#\/schema\/logo\/image\/\",\"url\":\"https:\/\/ravon.com.tr\/wp-content\/uploads\/2023\/08\/tinywow_ravon-logo__2__30279301_1-removebg-preview1.png\",\"contentUrl\":\"https:\/\/ravon.com.tr\/wp-content\/uploads\/2023\/08\/tinywow_ravon-logo__2__30279301_1-removebg-preview1.png\",\"width\":745,\"height\":335,\"caption\":\"Ravon Enerji ve Data Transfer Sistemleri\"},\"image\":{\"@id\":\"https:\/\/ravon.com.tr\/#\/schema\/logo\/image\/\"},\"sameAs\":[\"https:\/\/www.facebook.com\/ravonfestoon\",\"https:\/\/x.com\/ravonfestoon\",\"https:\/\/www.instagram.com\/ravon_festoon\/\"]}]}<\/script>\n<!-- \/ Yoast SEO Premium plugin. -->","yoast_head_json":{"title":"C Profil 1,5 mm - Ravon Enerji ve Data Transfer Sistemleri","robots":{"index":"index","follow":"follow","max-snippet":"max-snippet:-1","max-image-preview":"max-image-preview:large","max-video-preview":"max-video-preview:-1"},"canonical":"https:\/\/ravon.com.tr\/en\/product\/r3028r2-c-profil-15-mm-200-mm-3028-serisi\/","og_locale":"en_US","og_type":"article","og_title":"C Profil 1,5 mm","og_description":"C PROF\u0130L Ravon C Profil, elektrik tesisat\u0131nda ve end\u00fcstriyel ortamlarda kablo y\u00f6netimi i\u00e7in kullan\u0131lan bir donan\u0131m eleman\u0131d\u0131r. Bu profiller, kablo demetlerini d\u00fczenlemek, korumak ve desteklemek i\u00e7in kullan\u0131l\u0131r. Genellikle \u00e7elik veya al\u00fcminyum gibi dayan\u0131kl\u0131 malzemelerden imal edilirler ve farkl\u0131 boyutlarda ve \u015fekillerde bulunabilirler. Ravon C Profil, elektrik panolar\u0131, end\u00fcstriyel makineler, vin\u00e7ler, bina tesisat\u0131 ve di\u011fer elektrik [&hellip;]","og_url":"https:\/\/ravon.com.tr\/en\/product\/r3028r2-c-profil-15-mm-200-mm-3028-serisi\/","og_site_name":"Ravon Enerji ve Data Transfer Sistemleri","article_publisher":"https:\/\/www.facebook.com\/ravonfestoon","article_modified_time":"2025-01-07T05:46:30+00:00","og_image":[{"width":1390,"height":1390,"url":"https:\/\/ravon.com.tr\/wp-content\/uploads\/2023\/12\/R3028R2.webp","type":"image\/webp"}],"twitter_card":"summary_large_image","twitter_site":"@ravonfestoon","twitter_misc":{"Est. reading time":"3 minutes"},"schema":{"@context":"https:\/\/schema.org","@graph":[{"@type":"WebPage","@id":"https:\/\/ravon.com.tr\/product\/r3028r2-c-profil-15-mm-200-mm-3028-serisi\/","url":"https:\/\/ravon.com.tr\/product\/r3028r2-c-profil-15-mm-200-mm-3028-serisi\/","name":"C Profil 1,5 mm - Ravon Enerji ve Data Transfer Sistemleri","isPartOf":{"@id":"https:\/\/ravon.com.tr\/#website"},"primaryImageOfPage":{"@id":"https:\/\/ravon.com.tr\/product\/r3028r2-c-profil-15-mm-200-mm-3028-serisi\/#primaryimage"},"image":{"@id":"https:\/\/ravon.com.tr\/product\/r3028r2-c-profil-15-mm-200-mm-3028-serisi\/#primaryimage"},"thumbnailUrl":"https:\/\/ravon.com.tr\/wp-content\/uploads\/2023\/12\/R3028R2.webp","datePublished":"2022-07-31T21:00:24+00:00","dateModified":"2025-01-07T05:46:30+00:00","breadcrumb":{"@id":"https:\/\/ravon.com.tr\/product\/r3028r2-c-profil-15-mm-200-mm-3028-serisi\/#breadcrumb"},"inLanguage":"en-US","potentialAction":[{"@type":"ReadAction","target":["https:\/\/ravon.com.tr\/product\/r3028r2-c-profil-15-mm-200-mm-3028-serisi\/"]}]},{"@type":"ImageObject","inLanguage":"en-US","@id":"https:\/\/ravon.com.tr\/product\/r3028r2-c-profil-15-mm-200-mm-3028-serisi\/#primaryimage","url":"https:\/\/ravon.com.tr\/wp-content\/uploads\/2023\/12\/R3028R2.webp","contentUrl":"https:\/\/ravon.com.tr\/wp-content\/uploads\/2023\/12\/R3028R2.webp","width":1390,"height":1390,"caption":"Profil"},{"@type":"BreadcrumbList","@id":"https:\/\/ravon.com.tr\/product\/r3028r2-c-profil-15-mm-200-mm-3028-serisi\/#breadcrumb","itemListElement":[{"@type":"ListItem","position":1,"name":"Anasayfa","item":"https:\/\/ravon.com.tr\/"},{"@type":"ListItem","position":2,"name":"\u00dcr\u00fcnler","item":"https:\/\/ravon.com.tr\/shop\/"},{"@type":"ListItem","position":3,"name":"C Profil 1,5 mm"}]},{"@type":"WebSite","@id":"https:\/\/ravon.com.tr\/#website","url":"https:\/\/ravon.com.tr\/","name":"Ravon Enerji ve Data Transfer Sistemleri","description":"Ravon Enerji ve Data Transfer Sistemleri","publisher":{"@id":"https:\/\/ravon.com.tr\/#organization"},"potentialAction":[{"@type":"SearchAction","target":{"@type":"EntryPoint","urlTemplate":"https:\/\/ravon.com.tr\/?s={search_term_string}"},"query-input":{"@type":"PropertyValueSpecification","valueRequired":true,"valueName":"search_term_string"}}],"inLanguage":"en-US"},{"@type":"Organization","@id":"https:\/\/ravon.com.tr\/#organization","name":"Ravon Enerji ve Data Transfer Sistemleri","url":"https:\/\/ravon.com.tr\/","logo":{"@type":"ImageObject","inLanguage":"en-US","@id":"https:\/\/ravon.com.tr\/#\/schema\/logo\/image\/","url":"https:\/\/ravon.com.tr\/wp-content\/uploads\/2023\/08\/tinywow_ravon-logo__2__30279301_1-removebg-preview1.png","contentUrl":"https:\/\/ravon.com.tr\/wp-content\/uploads\/2023\/08\/tinywow_ravon-logo__2__30279301_1-removebg-preview1.png","width":745,"height":335,"caption":"Ravon Enerji ve Data Transfer Sistemleri"},"image":{"@id":"https:\/\/ravon.com.tr\/#\/schema\/logo\/image\/"},"sameAs":["https:\/\/www.facebook.com\/ravonfestoon","https:\/\/x.com\/ravonfestoon","https:\/\/www.instagram.com\/ravon_festoon\/"]}]}},"_links":{"self":[{"href":"https:\/\/ravon.com.tr\/en\/wp-json\/wp\/v2\/product\/7923","targetHints":{"allow":["GET"]}}],"collection":[{"href":"https:\/\/ravon.com.tr\/en\/wp-json\/wp\/v2\/product"}],"about":[{"href":"https:\/\/ravon.com.tr\/en\/wp-json\/wp\/v2\/types\/product"}],"wp:featuredmedia":[{"embeddable":true,"href":"https:\/\/ravon.com.tr\/en\/wp-json\/wp\/v2\/media\/11395"}],"wp:attachment":[{"href":"https:\/\/ravon.com.tr\/en\/wp-json\/wp\/v2\/media?parent=7923"}],"wp:term":[{"taxonomy":"product_brand","embeddable":true,"href":"https:\/\/ravon.com.tr\/en\/wp-json\/wp\/v2\/product_brand?post=7923"},{"taxonomy":"product_cat","embeddable":true,"href":"https:\/\/ravon.com.tr\/en\/wp-json\/wp\/v2\/product_cat?post=7923"},{"taxonomy":"product_tag","embeddable":true,"href":"https:\/\/ravon.com.tr\/en\/wp-json\/wp\/v2\/product_tag?post=7923"}],"curies":[{"name":"wp","href":"https:\/\/api.w.org\/{rel}","templated":true}]}}