{"id":8103,"date":"2022-08-01T02:00:22","date_gmt":"2022-07-31T23:00:22","guid":{"rendered":"https:\/\/ravonfestoon.com\/?post_type=product&#038;p=8103"},"modified":"2025-01-07T08:54:31","modified_gmt":"2025-01-07T05:54:31","slug":"sabit-aski-tek-baglanti-civatali-3028-serisi","status":"publish","type":"product","link":"https:\/\/ravon.com.tr\/en\/product\/sabit-aski-tek-baglanti-civatali-3028-serisi\/","title":{"rendered":"C Type Hanger (Fixpoint Hanger)"},"content":{"rendered":"<p style=\"text-align: justify;\"><strong>Ravon C Type Hanger (Fixpoint Hanger)<\/strong><\/p>\n<p>Ravon C Tracks Fixpoint Hanger is a component that carries C Tracks and is therefore critically important in terms of structural durability. It is used with the bars along the travelway.<\/p>\n<p>There are two bolts with nuts on the upper part: one for connection and the other for fixing. The connecting bolt is M8 size due to its carrying function and offers good strength. The fixing bolt is M6 size, and unlike some of its equivalents, its purpose is to position this bolt on the upper part to prevent the C Track from stretching from the sides during assembly and to avoid adversely affecting the movement of the trolleys.<\/p>\n<p>Ravon C Track Fixpoint Hanger is resistant to corrosion, thanks to its galvanized coating, which ensures long-lasting and reliable use.<\/p>\n<p><span style=\"font-size: 10pt;\"><strong>Usage Areas:<br \/>\n<\/strong><\/span><\/p>\n<table style=\"border-collapse: collapse; width: 99.1635%; height: 166px;\">\n<tbody>\n<tr style=\"height: 156px;\">\n<td style=\"width: 20.0888%; height: 156px;\">\n<p style=\"text-align: center;\"><img loading=\"lazy\" decoding=\"async\" class=\"wp-image-12816 aligncenter\" src=\"https:\/\/ravon.com.tr\/wp-content\/uploads\/2022\/08\/Single-Girder-01.png\" alt=\"\" width=\"129\" height=\"95\" \/><strong>Single Girder Crane<\/strong><\/p>\n<\/td>\n<td style=\"width: 19.772%; text-align: center; height: 156px;\"><img loading=\"lazy\" decoding=\"async\" class=\"wp-image-12817 aligncenter\" src=\"https:\/\/ravon.com.tr\/wp-content\/uploads\/2022\/08\/Double-Girder-01-01.png\" alt=\"\" width=\"129\" height=\"95\" \/><strong>Double Girder Crane<\/strong><\/td>\n<td style=\"width: 18.4662%; text-align: center; height: 156px;\"><img loading=\"lazy\" decoding=\"async\" class=\"wp-image-12818 aligncenter\" src=\"https:\/\/ravon.com.tr\/wp-content\/uploads\/2022\/08\/Portal-Crane-01-01-01.png\" alt=\"\" width=\"121\" height=\"101\" \/><strong>Gantry Crane<\/strong><\/td>\n<td style=\"width: 18.5449%; text-align: center; height: 156px;\"><img loading=\"lazy\" decoding=\"async\" class=\"wp-image-12819 aligncenter\" src=\"https:\/\/ravon.com.tr\/wp-content\/uploads\/2022\/08\/Production-Line-01-01.png\" alt=\"\" width=\"117\" height=\"94\" \/><strong>Konvey\u00f6r<\/strong><\/td>\n<td style=\"width: 22.2916%; text-align: center; height: 156px;\"><img loading=\"lazy\" decoding=\"async\" class=\"wp-image-12820 aligncenter\" src=\"https:\/\/ravon.com.tr\/wp-content\/uploads\/2022\/08\/Car-Washing-01-01.png\" alt=\"\" width=\"146\" height=\"95\" \/><strong>Washing Machine<\/strong><\/td>\n<\/tr>\n<tr style=\"height: 23px;\">\n<td style=\"width: 20.0888%; height: 10px;\"><\/td>\n<td style=\"width: 19.772%; height: 10px;\"><\/td>\n<td style=\"width: 18.4662%; height: 10px;\"><\/td>\n<td style=\"width: 18.5449%; height: 10px;\"><\/td>\n<td style=\"width: 22.2916%; height: 10px;\"><\/td>\n<\/tr>\n<\/tbody>\n<\/table>","protected":false},"excerpt":{"rendered":"<p>&nbsp;<\/p>\n<p>&nbsp;<\/p>","protected":false},"featured_media":11386,"template":"","meta":{"_acf_changed":false,"_et_pb_use_builder":"","_et_pb_old_content":"","_et_gb_content_width":""},"product_brand":[],"product_cat":[492,77,692],"product_tag":[446,450,449,447,448,456,453,454,455,452],"class_list":{"0":"post-8103","1":"product","2":"type-product","3":"status-publish","4":"has-post-thumbnail","6":"product_cat-kablo-tasima-sistemleri","7":"product_cat-c-profil-kablo-tasima-sistemleri","8":"product_cat-3028-serisiri","9":"product_tag-cift-civata-profil-aski-firmalari","10":"product_tag-cift-civata-profil-aski-fiyatlari","11":"product_tag-cift-civata-profil-aski-modelleri","12":"product_tag-cift-civata-profil-aski-ozellikleri","13":"product_tag-cift-civata-profil-aski-ureticileri","14":"product_tag-tek-civata-profil-aski-cesitleri","15":"product_tag-tek-civata-profil-aski-imalati","16":"product_tag-tek-civata-profil-aski-satisi","17":"product_tag-tek-civata-profil-aski-tasima-sistemleri","18":"product_tag-tek-civata-profil-aski-ureticileri","20":"first","21":"instock","22":"shipping-taxable","23":"product-type-simple"},"acf":[],"yoast_head":"<!-- This site is optimized with the Yoast SEO Premium plugin v20.13 (Yoast SEO v25.7) - https:\/\/yoast.com\/wordpress\/plugins\/seo\/ -->\n<title>Sabit Ask\u0131- www.ravon.com.tr - Ravon Enerji ve Data Transfer Sistemleri<\/title>\n<meta name=\"description\" content=\"Sabit ask\u0131, C-profil Baglanti eleman\u0131, Ba\u011flant\u0131 eleman\u0131, C-profil ask\u0131, kablo arabas\u0131, halat, \u00e7elik halat, kendir \u00f6zl\u00fc halat,\" \/>\n<meta name=\"robots\" content=\"index, follow, max-snippet:-1, max-image-preview:large, max-video-preview:-1\" \/>\n<link rel=\"canonical\" href=\"https:\/\/ravon.com.tr\/en\/product\/sabit-aski-tek-baglanti-civatali-3028-serisi\/\" \/>\n<meta property=\"og:locale\" content=\"en_US\" \/>\n<meta property=\"og:type\" content=\"article\" \/>\n<meta property=\"og:title\" content=\"Sabit Ask\u0131 Tek Ba\u011flant\u0131 Civatal\u0131\" \/>\n<meta property=\"og:description\" content=\"Sabit ask\u0131, C-profil Baglanti eleman\u0131, Ba\u011flant\u0131 eleman\u0131, C-profil ask\u0131, kablo arabas\u0131, halat, \u00e7elik halat, kendir \u00f6zl\u00fc halat,\" \/>\n<meta property=\"og:url\" content=\"https:\/\/ravon.com.tr\/en\/product\/sabit-aski-tek-baglanti-civatali-3028-serisi\/\" \/>\n<meta property=\"og:site_name\" content=\"Ravon Enerji ve Data Transfer Sistemleri\" \/>\n<meta property=\"article:publisher\" content=\"https:\/\/www.facebook.com\/ravonfestoon\" \/>\n<meta property=\"article:modified_time\" content=\"2025-01-07T05:54:31+00:00\" \/>\n<meta property=\"og:image\" content=\"https:\/\/ravon.com.tr\/wp-content\/uploads\/2023\/12\/R3028A2.webp\" \/>\n\t<meta property=\"og:image:width\" content=\"1390\" \/>\n\t<meta property=\"og:image:height\" content=\"1389\" \/>\n\t<meta property=\"og:image:type\" content=\"image\/webp\" \/>\n<meta name=\"twitter:card\" content=\"summary_large_image\" \/>\n<meta name=\"twitter:site\" content=\"@ravonfestoon\" \/>\n<meta name=\"twitter:label1\" content=\"Est. reading time\" \/>\n\t<meta name=\"twitter:data1\" content=\"2 minutes\" \/>\n<script type=\"application\/ld+json\" class=\"yoast-schema-graph\">{\"@context\":\"https:\/\/schema.org\",\"@graph\":[{\"@type\":\"WebPage\",\"@id\":\"https:\/\/ravon.com.tr\/product\/sabit-aski-tek-baglanti-civatali-3028-serisi\/\",\"url\":\"https:\/\/ravon.com.tr\/product\/sabit-aski-tek-baglanti-civatali-3028-serisi\/\",\"name\":\"Sabit Ask\u0131- www.ravon.com.tr - Ravon Enerji ve Data Transfer Sistemleri\",\"isPartOf\":{\"@id\":\"https:\/\/ravon.com.tr\/#website\"},\"primaryImageOfPage\":{\"@id\":\"https:\/\/ravon.com.tr\/product\/sabit-aski-tek-baglanti-civatali-3028-serisi\/#primaryimage\"},\"image\":{\"@id\":\"https:\/\/ravon.com.tr\/product\/sabit-aski-tek-baglanti-civatali-3028-serisi\/#primaryimage\"},\"thumbnailUrl\":\"https:\/\/ravon.com.tr\/wp-content\/uploads\/2023\/12\/R3028A2.webp\",\"datePublished\":\"2022-07-31T23:00:22+00:00\",\"dateModified\":\"2025-01-07T05:54:31+00:00\",\"description\":\"Sabit ask\u0131, C-profil Baglanti eleman\u0131, Ba\u011flant\u0131 eleman\u0131, C-profil ask\u0131, kablo arabas\u0131, halat, \u00e7elik halat, kendir \u00f6zl\u00fc halat,\",\"breadcrumb\":{\"@id\":\"https:\/\/ravon.com.tr\/product\/sabit-aski-tek-baglanti-civatali-3028-serisi\/#breadcrumb\"},\"inLanguage\":\"en-US\",\"potentialAction\":[{\"@type\":\"ReadAction\",\"target\":[\"https:\/\/ravon.com.tr\/product\/sabit-aski-tek-baglanti-civatali-3028-serisi\/\"]}]},{\"@type\":\"ImageObject\",\"inLanguage\":\"en-US\",\"@id\":\"https:\/\/ravon.com.tr\/product\/sabit-aski-tek-baglanti-civatali-3028-serisi\/#primaryimage\",\"url\":\"https:\/\/ravon.com.tr\/wp-content\/uploads\/2023\/12\/R3028A2.webp\",\"contentUrl\":\"https:\/\/ravon.com.tr\/wp-content\/uploads\/2023\/12\/R3028A2.webp\",\"width\":1390,\"height\":1389},{\"@type\":\"BreadcrumbList\",\"@id\":\"https:\/\/ravon.com.tr\/product\/sabit-aski-tek-baglanti-civatali-3028-serisi\/#breadcrumb\",\"itemListElement\":[{\"@type\":\"ListItem\",\"position\":1,\"name\":\"Anasayfa\",\"item\":\"https:\/\/ravon.com.tr\/\"},{\"@type\":\"ListItem\",\"position\":2,\"name\":\"\u00dcr\u00fcnler\",\"item\":\"https:\/\/ravon.com.tr\/shop\/\"},{\"@type\":\"ListItem\",\"position\":3,\"name\":\"Sabit Ask\u0131 Tek Ba\u011flant\u0131 Civatal\u0131\"}]},{\"@type\":\"WebSite\",\"@id\":\"https:\/\/ravon.com.tr\/#website\",\"url\":\"https:\/\/ravon.com.tr\/\",\"name\":\"Ravon Enerji ve Data Transfer Sistemleri\",\"description\":\"Ravon Enerji ve Data Transfer Sistemleri\",\"publisher\":{\"@id\":\"https:\/\/ravon.com.tr\/#organization\"},\"potentialAction\":[{\"@type\":\"SearchAction\",\"target\":{\"@type\":\"EntryPoint\",\"urlTemplate\":\"https:\/\/ravon.com.tr\/?s={search_term_string}\"},\"query-input\":{\"@type\":\"PropertyValueSpecification\",\"valueRequired\":true,\"valueName\":\"search_term_string\"}}],\"inLanguage\":\"en-US\"},{\"@type\":\"Organization\",\"@id\":\"https:\/\/ravon.com.tr\/#organization\",\"name\":\"Ravon Enerji ve Data Transfer Sistemleri\",\"url\":\"https:\/\/ravon.com.tr\/\",\"logo\":{\"@type\":\"ImageObject\",\"inLanguage\":\"en-US\",\"@id\":\"https:\/\/ravon.com.tr\/#\/schema\/logo\/image\/\",\"url\":\"https:\/\/ravon.com.tr\/wp-content\/uploads\/2023\/08\/tinywow_ravon-logo__2__30279301_1-removebg-preview1.png\",\"contentUrl\":\"https:\/\/ravon.com.tr\/wp-content\/uploads\/2023\/08\/tinywow_ravon-logo__2__30279301_1-removebg-preview1.png\",\"width\":745,\"height\":335,\"caption\":\"Ravon Enerji ve Data Transfer Sistemleri\"},\"image\":{\"@id\":\"https:\/\/ravon.com.tr\/#\/schema\/logo\/image\/\"},\"sameAs\":[\"https:\/\/www.facebook.com\/ravonfestoon\",\"https:\/\/x.com\/ravonfestoon\",\"https:\/\/www.instagram.com\/ravon_festoon\/\"]}]}<\/script>\n<!-- \/ Yoast SEO Premium plugin. -->","yoast_head_json":{"title":"Sabit Ask\u0131- www.ravon.com.tr - Ravon Enerji ve Data Transfer Sistemleri","description":"Sabit ask\u0131, C-profil Baglanti eleman\u0131, Ba\u011flant\u0131 eleman\u0131, C-profil ask\u0131, kablo arabas\u0131, halat, \u00e7elik halat, kendir \u00f6zl\u00fc halat,","robots":{"index":"index","follow":"follow","max-snippet":"max-snippet:-1","max-image-preview":"max-image-preview:large","max-video-preview":"max-video-preview:-1"},"canonical":"https:\/\/ravon.com.tr\/en\/product\/sabit-aski-tek-baglanti-civatali-3028-serisi\/","og_locale":"en_US","og_type":"article","og_title":"Sabit Ask\u0131 Tek Ba\u011flant\u0131 Civatal\u0131","og_description":"Sabit ask\u0131, C-profil Baglanti eleman\u0131, Ba\u011flant\u0131 eleman\u0131, C-profil ask\u0131, kablo arabas\u0131, halat, \u00e7elik halat, kendir \u00f6zl\u00fc halat,","og_url":"https:\/\/ravon.com.tr\/en\/product\/sabit-aski-tek-baglanti-civatali-3028-serisi\/","og_site_name":"Ravon Enerji ve Data Transfer Sistemleri","article_publisher":"https:\/\/www.facebook.com\/ravonfestoon","article_modified_time":"2025-01-07T05:54:31+00:00","og_image":[{"width":1390,"height":1389,"url":"https:\/\/ravon.com.tr\/wp-content\/uploads\/2023\/12\/R3028A2.webp","type":"image\/webp"}],"twitter_card":"summary_large_image","twitter_site":"@ravonfestoon","twitter_misc":{"Est. reading time":"2 minutes"},"schema":{"@context":"https:\/\/schema.org","@graph":[{"@type":"WebPage","@id":"https:\/\/ravon.com.tr\/product\/sabit-aski-tek-baglanti-civatali-3028-serisi\/","url":"https:\/\/ravon.com.tr\/product\/sabit-aski-tek-baglanti-civatali-3028-serisi\/","name":"Sabit Ask\u0131- www.ravon.com.tr - Ravon Enerji ve Data Transfer Sistemleri","isPartOf":{"@id":"https:\/\/ravon.com.tr\/#website"},"primaryImageOfPage":{"@id":"https:\/\/ravon.com.tr\/product\/sabit-aski-tek-baglanti-civatali-3028-serisi\/#primaryimage"},"image":{"@id":"https:\/\/ravon.com.tr\/product\/sabit-aski-tek-baglanti-civatali-3028-serisi\/#primaryimage"},"thumbnailUrl":"https:\/\/ravon.com.tr\/wp-content\/uploads\/2023\/12\/R3028A2.webp","datePublished":"2022-07-31T23:00:22+00:00","dateModified":"2025-01-07T05:54:31+00:00","description":"Sabit ask\u0131, C-profil Baglanti eleman\u0131, Ba\u011flant\u0131 eleman\u0131, C-profil ask\u0131, kablo arabas\u0131, halat, \u00e7elik halat, kendir \u00f6zl\u00fc halat,","breadcrumb":{"@id":"https:\/\/ravon.com.tr\/product\/sabit-aski-tek-baglanti-civatali-3028-serisi\/#breadcrumb"},"inLanguage":"en-US","potentialAction":[{"@type":"ReadAction","target":["https:\/\/ravon.com.tr\/product\/sabit-aski-tek-baglanti-civatali-3028-serisi\/"]}]},{"@type":"ImageObject","inLanguage":"en-US","@id":"https:\/\/ravon.com.tr\/product\/sabit-aski-tek-baglanti-civatali-3028-serisi\/#primaryimage","url":"https:\/\/ravon.com.tr\/wp-content\/uploads\/2023\/12\/R3028A2.webp","contentUrl":"https:\/\/ravon.com.tr\/wp-content\/uploads\/2023\/12\/R3028A2.webp","width":1390,"height":1389},{"@type":"BreadcrumbList","@id":"https:\/\/ravon.com.tr\/product\/sabit-aski-tek-baglanti-civatali-3028-serisi\/#breadcrumb","itemListElement":[{"@type":"ListItem","position":1,"name":"Anasayfa","item":"https:\/\/ravon.com.tr\/"},{"@type":"ListItem","position":2,"name":"\u00dcr\u00fcnler","item":"https:\/\/ravon.com.tr\/shop\/"},{"@type":"ListItem","position":3,"name":"Sabit Ask\u0131 Tek Ba\u011flant\u0131 Civatal\u0131"}]},{"@type":"WebSite","@id":"https:\/\/ravon.com.tr\/#website","url":"https:\/\/ravon.com.tr\/","name":"Ravon Enerji ve Data Transfer Sistemleri","description":"Ravon Enerji ve Data Transfer Sistemleri","publisher":{"@id":"https:\/\/ravon.com.tr\/#organization"},"potentialAction":[{"@type":"SearchAction","target":{"@type":"EntryPoint","urlTemplate":"https:\/\/ravon.com.tr\/?s={search_term_string}"},"query-input":{"@type":"PropertyValueSpecification","valueRequired":true,"valueName":"search_term_string"}}],"inLanguage":"en-US"},{"@type":"Organization","@id":"https:\/\/ravon.com.tr\/#organization","name":"Ravon Enerji ve Data Transfer Sistemleri","url":"https:\/\/ravon.com.tr\/","logo":{"@type":"ImageObject","inLanguage":"en-US","@id":"https:\/\/ravon.com.tr\/#\/schema\/logo\/image\/","url":"https:\/\/ravon.com.tr\/wp-content\/uploads\/2023\/08\/tinywow_ravon-logo__2__30279301_1-removebg-preview1.png","contentUrl":"https:\/\/ravon.com.tr\/wp-content\/uploads\/2023\/08\/tinywow_ravon-logo__2__30279301_1-removebg-preview1.png","width":745,"height":335,"caption":"Ravon Enerji ve Data Transfer Sistemleri"},"image":{"@id":"https:\/\/ravon.com.tr\/#\/schema\/logo\/image\/"},"sameAs":["https:\/\/www.facebook.com\/ravonfestoon","https:\/\/x.com\/ravonfestoon","https:\/\/www.instagram.com\/ravon_festoon\/"]}]}},"_links":{"self":[{"href":"https:\/\/ravon.com.tr\/en\/wp-json\/wp\/v2\/product\/8103","targetHints":{"allow":["GET"]}}],"collection":[{"href":"https:\/\/ravon.com.tr\/en\/wp-json\/wp\/v2\/product"}],"about":[{"href":"https:\/\/ravon.com.tr\/en\/wp-json\/wp\/v2\/types\/product"}],"wp:featuredmedia":[{"embeddable":true,"href":"https:\/\/ravon.com.tr\/en\/wp-json\/wp\/v2\/media\/11386"}],"wp:attachment":[{"href":"https:\/\/ravon.com.tr\/en\/wp-json\/wp\/v2\/media?parent=8103"}],"wp:term":[{"taxonomy":"product_brand","embeddable":true,"href":"https:\/\/ravon.com.tr\/en\/wp-json\/wp\/v2\/product_brand?post=8103"},{"taxonomy":"product_cat","embeddable":true,"href":"https:\/\/ravon.com.tr\/en\/wp-json\/wp\/v2\/product_cat?post=8103"},{"taxonomy":"product_tag","embeddable":true,"href":"https:\/\/ravon.com.tr\/en\/wp-json\/wp\/v2\/product_tag?post=8103"}],"curies":[{"name":"wp","href":"https:\/\/api.w.org\/{rel}","templated":true}]}}