{"id":8461,"date":"2022-08-03T01:00:29","date_gmt":"2022-08-02T22:00:29","guid":{"rendered":"https:\/\/ravonfestoon.com\/?post_type=product&#038;p=8461"},"modified":"2025-04-16T17:18:13","modified_gmt":"2025-04-16T14:18:13","slug":"r500r032-yuvarlak-kablo-halat-makarasi-celik-teker-500-serisi","status":"publish","type":"product","link":"https:\/\/ravon.com.tr\/en\/product\/r500r032-yuvarlak-kablo-halat-makarasi-celik-teker-500-serisi\/","title":{"rendered":"Single Roller Rope Trolley for Round Cable (Steel Roller)"},"content":{"rendered":"<div class=\"et_pb_module et_pb_text et_pb_text_3_tb_body et_pb_text_align_justified et_pb_bg_layout_light\">\n<div class=\"et_pb_text_inner\">\n<div class=\"woocommerce et-dynamic-content-woo et-dynamic-content-woo--product_description\">\n<p><strong>Rope Trolley \/ Flat Cable<\/strong><\/p>\n<p>The cable trolley is a fundamental component of the festoon system. The roller on its upper section ensures smooth movement along the rope. This design enables the trolley to glide effortlessly, facilitating the efficient and effective transport of loads while enhancing the overall system performance.<\/p>\n<p>The cable clamp, called the Saddle, located at the bottom, is specially designed to ensure that the cable is securely fixed to the carrier trolley. This saddle is only compatible with round cables and prevents the cable from slipping or moving during transport, thus ensuring long-lasting and safe use of the cable.<\/p>\n<p>Thanks to these features, the cable transport trolley offers high performance and safety in industrial applications, increases system efficiency, and maximizes operational effectiveness.<\/p>\n<\/div>\n<\/div>\n<\/div>","protected":false},"excerpt":{"rendered":"<table width=\"613\">\n<tbody>\n<tr>\n<td width=\"117\"><strong>Product Code<\/strong><\/td>\n<td colspan=\"8\" width=\"496\">R500R032<\/td>\n<\/tr>\n<tr>\n<td><strong>Roller<\/strong><\/td>\n<td colspan=\"8\">Steel<\/td>\n<\/tr>\n<tr>\n<td><strong>Material<\/strong><\/td>\n<td colspan=\"8\" width=\"496\">Ta\u015f\u0131y\u0131c\u0131 g\u00f6vde \u00e7elik, Destek semeri \u00e7elik, Donan\u0131m galvanizli. S\u0131cakl\u0131k dayan\u0131m\u0131 -30\u00b0C ila +70\u00b0C<\/td>\n<\/tr>\n<tr>\n<td><strong>A\u011f\u0131rl\u0131k kg<\/strong><\/td>\n<td colspan=\"8\">&#8212;<\/td>\n<\/tr>\n<tr>\n<td><strong>Max.Kablo Y\u00fck\u00fc\u00a0<\/strong><\/td>\n<td colspan=\"8\">Ta\u015f\u0131y\u0131c\u0131 ba\u015f\u0131na 12 kg.<\/td>\n<\/tr>\n<tr>\n<td colspan=\"2\" rowspan=\"2\"><strong>Boyutlar\/ mm<\/strong><\/td>\n<td><strong>a1<\/strong><\/td>\n<td><strong>a2<\/strong><\/td>\n<td><strong>b<\/strong><\/td>\n<td><strong>h1<\/strong><\/td>\n<td><strong>h2<\/strong><\/td>\n<td><strong>w2<\/strong><\/td>\n<td><strong>w3<\/strong><\/td>\n<\/tr>\n<tr>\n<td>92<\/td>\n<td>72<\/td>\n<td>30<\/td>\n<td>110<\/td>\n<td>60<\/td>\n<td>14<\/td>\n<td>30<\/td>\n<\/tr>\n<\/tbody>\n<\/table>","protected":false},"featured_media":11452,"template":"","meta":{"_acf_changed":false,"_et_pb_use_builder":"","_et_pb_old_content":"","_et_gb_content_width":""},"product_brand":[],"product_cat":[773],"product_tag":[],"class_list":{"0":"post-8461","1":"product","2":"type-product","3":"status-publish","4":"has-post-thumbnail","6":"product_cat-500-serisi","8":"first","9":"instock","10":"shipping-taxable","11":"product-type-simple"},"acf":[],"yoast_head":"<!-- This site is optimized with the Yoast SEO Premium plugin v20.13 (Yoast SEO v25.7) - https:\/\/yoast.com\/wordpress\/plugins\/seo\/ -->\n<title>Yuvarlak Kablo Halat Makaras\u0131 (\u00c7elik Teker) - Ravon Enerji ve Data Transfer Sistemleri<\/title>\n<meta name=\"robots\" content=\"index, follow, max-snippet:-1, max-image-preview:large, max-video-preview:-1\" \/>\n<link rel=\"canonical\" href=\"https:\/\/ravon.com.tr\/en\/product\/r500r032-yuvarlak-kablo-halat-makarasi-celik-teker-500-serisi\/\" \/>\n<meta property=\"og:locale\" content=\"en_US\" \/>\n<meta property=\"og:type\" content=\"article\" \/>\n<meta property=\"og:title\" content=\"Yuvarlak Kablo Halat Makaras\u0131 (\u00c7elik Teker)\" \/>\n<meta property=\"og:description\" content=\"\u00dcr\u00fcn Kodu R500R032   Teker \u00c7elik   Malzeme Ta\u015f\u0131y\u0131c\u0131 g\u00f6vde \u00e7elik, Destek semeri \u00e7elik, Donan\u0131m galvanizli. S\u0131cakl\u0131k dayan\u0131m\u0131 -30\u00b0C ila +70\u00b0C   A\u011f\u0131rl\u0131k kg --   Max.Kablo Y\u00fck\u00fc\u00a0 Ta\u015f\u0131y\u0131c\u0131 ba\u015f\u0131na 12 kg.   Boyutlar\/ mm a1 a2 b h1 h2 w2 w3   92 72 30 110 60 14 30\" \/>\n<meta property=\"og:url\" content=\"https:\/\/ravon.com.tr\/en\/product\/r500r032-yuvarlak-kablo-halat-makarasi-celik-teker-500-serisi\/\" \/>\n<meta property=\"og:site_name\" content=\"Ravon Enerji ve Data Transfer Sistemleri\" \/>\n<meta property=\"article:publisher\" content=\"https:\/\/www.facebook.com\/ravonfestoon\" \/>\n<meta property=\"article:modified_time\" content=\"2025-04-16T14:18:13+00:00\" \/>\n<meta property=\"og:image\" content=\"https:\/\/ravon.com.tr\/wp-content\/uploads\/2023\/12\/R500R032.webp\" \/>\n\t<meta property=\"og:image:width\" content=\"1389\" \/>\n\t<meta property=\"og:image:height\" content=\"1389\" \/>\n\t<meta property=\"og:image:type\" content=\"image\/webp\" \/>\n<meta name=\"twitter:card\" content=\"summary_large_image\" \/>\n<meta name=\"twitter:site\" content=\"@ravonfestoon\" \/>\n<meta name=\"twitter:label1\" content=\"Est. reading time\" \/>\n\t<meta name=\"twitter:data1\" content=\"1 minute\" \/>\n<script type=\"application\/ld+json\" class=\"yoast-schema-graph\">{\"@context\":\"https:\/\/schema.org\",\"@graph\":[{\"@type\":\"WebPage\",\"@id\":\"https:\/\/ravon.com.tr\/product\/r500r032-yuvarlak-kablo-halat-makarasi-celik-teker-500-serisi\/\",\"url\":\"https:\/\/ravon.com.tr\/product\/r500r032-yuvarlak-kablo-halat-makarasi-celik-teker-500-serisi\/\",\"name\":\"Yuvarlak Kablo Halat Makaras\u0131 (\u00c7elik Teker) - Ravon Enerji ve Data Transfer Sistemleri\",\"isPartOf\":{\"@id\":\"https:\/\/ravon.com.tr\/#website\"},\"primaryImageOfPage\":{\"@id\":\"https:\/\/ravon.com.tr\/product\/r500r032-yuvarlak-kablo-halat-makarasi-celik-teker-500-serisi\/#primaryimage\"},\"image\":{\"@id\":\"https:\/\/ravon.com.tr\/product\/r500r032-yuvarlak-kablo-halat-makarasi-celik-teker-500-serisi\/#primaryimage\"},\"thumbnailUrl\":\"https:\/\/ravon.com.tr\/wp-content\/uploads\/2023\/12\/R500R032.webp\",\"datePublished\":\"2022-08-02T22:00:29+00:00\",\"dateModified\":\"2025-04-16T14:18:13+00:00\",\"breadcrumb\":{\"@id\":\"https:\/\/ravon.com.tr\/product\/r500r032-yuvarlak-kablo-halat-makarasi-celik-teker-500-serisi\/#breadcrumb\"},\"inLanguage\":\"en-US\",\"potentialAction\":[{\"@type\":\"ReadAction\",\"target\":[\"https:\/\/ravon.com.tr\/product\/r500r032-yuvarlak-kablo-halat-makarasi-celik-teker-500-serisi\/\"]}]},{\"@type\":\"ImageObject\",\"inLanguage\":\"en-US\",\"@id\":\"https:\/\/ravon.com.tr\/product\/r500r032-yuvarlak-kablo-halat-makarasi-celik-teker-500-serisi\/#primaryimage\",\"url\":\"https:\/\/ravon.com.tr\/wp-content\/uploads\/2023\/12\/R500R032.webp\",\"contentUrl\":\"https:\/\/ravon.com.tr\/wp-content\/uploads\/2023\/12\/R500R032.webp\",\"width\":1389,\"height\":1389},{\"@type\":\"BreadcrumbList\",\"@id\":\"https:\/\/ravon.com.tr\/product\/r500r032-yuvarlak-kablo-halat-makarasi-celik-teker-500-serisi\/#breadcrumb\",\"itemListElement\":[{\"@type\":\"ListItem\",\"position\":1,\"name\":\"Anasayfa\",\"item\":\"https:\/\/ravon.com.tr\/\"},{\"@type\":\"ListItem\",\"position\":2,\"name\":\"\u00dcr\u00fcnler\",\"item\":\"https:\/\/ravon.com.tr\/shop\/\"},{\"@type\":\"ListItem\",\"position\":3,\"name\":\"Yuvarlak Kablo Halat Makaras\u0131 (\u00c7elik Teker)\"}]},{\"@type\":\"WebSite\",\"@id\":\"https:\/\/ravon.com.tr\/#website\",\"url\":\"https:\/\/ravon.com.tr\/\",\"name\":\"Ravon Enerji ve Data Transfer Sistemleri\",\"description\":\"Ravon Enerji ve Data Transfer Sistemleri\",\"publisher\":{\"@id\":\"https:\/\/ravon.com.tr\/#organization\"},\"potentialAction\":[{\"@type\":\"SearchAction\",\"target\":{\"@type\":\"EntryPoint\",\"urlTemplate\":\"https:\/\/ravon.com.tr\/?s={search_term_string}\"},\"query-input\":{\"@type\":\"PropertyValueSpecification\",\"valueRequired\":true,\"valueName\":\"search_term_string\"}}],\"inLanguage\":\"en-US\"},{\"@type\":\"Organization\",\"@id\":\"https:\/\/ravon.com.tr\/#organization\",\"name\":\"Ravon Enerji ve Data Transfer Sistemleri\",\"url\":\"https:\/\/ravon.com.tr\/\",\"logo\":{\"@type\":\"ImageObject\",\"inLanguage\":\"en-US\",\"@id\":\"https:\/\/ravon.com.tr\/#\/schema\/logo\/image\/\",\"url\":\"https:\/\/ravon.com.tr\/wp-content\/uploads\/2023\/08\/tinywow_ravon-logo__2__30279301_1-removebg-preview1.png\",\"contentUrl\":\"https:\/\/ravon.com.tr\/wp-content\/uploads\/2023\/08\/tinywow_ravon-logo__2__30279301_1-removebg-preview1.png\",\"width\":745,\"height\":335,\"caption\":\"Ravon Enerji ve Data Transfer Sistemleri\"},\"image\":{\"@id\":\"https:\/\/ravon.com.tr\/#\/schema\/logo\/image\/\"},\"sameAs\":[\"https:\/\/www.facebook.com\/ravonfestoon\",\"https:\/\/x.com\/ravonfestoon\",\"https:\/\/www.instagram.com\/ravon_festoon\/\"]}]}<\/script>\n<!-- \/ Yoast SEO Premium plugin. -->","yoast_head_json":{"title":"Yuvarlak Kablo Halat Makaras\u0131 (\u00c7elik Teker) - Ravon Enerji ve Data Transfer Sistemleri","robots":{"index":"index","follow":"follow","max-snippet":"max-snippet:-1","max-image-preview":"max-image-preview:large","max-video-preview":"max-video-preview:-1"},"canonical":"https:\/\/ravon.com.tr\/en\/product\/r500r032-yuvarlak-kablo-halat-makarasi-celik-teker-500-serisi\/","og_locale":"en_US","og_type":"article","og_title":"Yuvarlak Kablo Halat Makaras\u0131 (\u00c7elik Teker)","og_description":"\u00dcr\u00fcn Kodu R500R032   Teker \u00c7elik   Malzeme Ta\u015f\u0131y\u0131c\u0131 g\u00f6vde \u00e7elik, Destek semeri \u00e7elik, Donan\u0131m galvanizli. S\u0131cakl\u0131k dayan\u0131m\u0131 -30\u00b0C ila +70\u00b0C   A\u011f\u0131rl\u0131k kg --   Max.Kablo Y\u00fck\u00fc\u00a0 Ta\u015f\u0131y\u0131c\u0131 ba\u015f\u0131na 12 kg.   Boyutlar\/ mm a1 a2 b h1 h2 w2 w3   92 72 30 110 60 14 30","og_url":"https:\/\/ravon.com.tr\/en\/product\/r500r032-yuvarlak-kablo-halat-makarasi-celik-teker-500-serisi\/","og_site_name":"Ravon Enerji ve Data Transfer Sistemleri","article_publisher":"https:\/\/www.facebook.com\/ravonfestoon","article_modified_time":"2025-04-16T14:18:13+00:00","og_image":[{"width":1389,"height":1389,"url":"https:\/\/ravon.com.tr\/wp-content\/uploads\/2023\/12\/R500R032.webp","type":"image\/webp"}],"twitter_card":"summary_large_image","twitter_site":"@ravonfestoon","twitter_misc":{"Est. reading time":"1 minute"},"schema":{"@context":"https:\/\/schema.org","@graph":[{"@type":"WebPage","@id":"https:\/\/ravon.com.tr\/product\/r500r032-yuvarlak-kablo-halat-makarasi-celik-teker-500-serisi\/","url":"https:\/\/ravon.com.tr\/product\/r500r032-yuvarlak-kablo-halat-makarasi-celik-teker-500-serisi\/","name":"Yuvarlak Kablo Halat Makaras\u0131 (\u00c7elik Teker) - Ravon Enerji ve Data Transfer Sistemleri","isPartOf":{"@id":"https:\/\/ravon.com.tr\/#website"},"primaryImageOfPage":{"@id":"https:\/\/ravon.com.tr\/product\/r500r032-yuvarlak-kablo-halat-makarasi-celik-teker-500-serisi\/#primaryimage"},"image":{"@id":"https:\/\/ravon.com.tr\/product\/r500r032-yuvarlak-kablo-halat-makarasi-celik-teker-500-serisi\/#primaryimage"},"thumbnailUrl":"https:\/\/ravon.com.tr\/wp-content\/uploads\/2023\/12\/R500R032.webp","datePublished":"2022-08-02T22:00:29+00:00","dateModified":"2025-04-16T14:18:13+00:00","breadcrumb":{"@id":"https:\/\/ravon.com.tr\/product\/r500r032-yuvarlak-kablo-halat-makarasi-celik-teker-500-serisi\/#breadcrumb"},"inLanguage":"en-US","potentialAction":[{"@type":"ReadAction","target":["https:\/\/ravon.com.tr\/product\/r500r032-yuvarlak-kablo-halat-makarasi-celik-teker-500-serisi\/"]}]},{"@type":"ImageObject","inLanguage":"en-US","@id":"https:\/\/ravon.com.tr\/product\/r500r032-yuvarlak-kablo-halat-makarasi-celik-teker-500-serisi\/#primaryimage","url":"https:\/\/ravon.com.tr\/wp-content\/uploads\/2023\/12\/R500R032.webp","contentUrl":"https:\/\/ravon.com.tr\/wp-content\/uploads\/2023\/12\/R500R032.webp","width":1389,"height":1389},{"@type":"BreadcrumbList","@id":"https:\/\/ravon.com.tr\/product\/r500r032-yuvarlak-kablo-halat-makarasi-celik-teker-500-serisi\/#breadcrumb","itemListElement":[{"@type":"ListItem","position":1,"name":"Anasayfa","item":"https:\/\/ravon.com.tr\/"},{"@type":"ListItem","position":2,"name":"\u00dcr\u00fcnler","item":"https:\/\/ravon.com.tr\/shop\/"},{"@type":"ListItem","position":3,"name":"Yuvarlak Kablo Halat Makaras\u0131 (\u00c7elik Teker)"}]},{"@type":"WebSite","@id":"https:\/\/ravon.com.tr\/#website","url":"https:\/\/ravon.com.tr\/","name":"Ravon Enerji ve Data Transfer Sistemleri","description":"Ravon Enerji ve Data Transfer Sistemleri","publisher":{"@id":"https:\/\/ravon.com.tr\/#organization"},"potentialAction":[{"@type":"SearchAction","target":{"@type":"EntryPoint","urlTemplate":"https:\/\/ravon.com.tr\/?s={search_term_string}"},"query-input":{"@type":"PropertyValueSpecification","valueRequired":true,"valueName":"search_term_string"}}],"inLanguage":"en-US"},{"@type":"Organization","@id":"https:\/\/ravon.com.tr\/#organization","name":"Ravon Enerji ve Data Transfer Sistemleri","url":"https:\/\/ravon.com.tr\/","logo":{"@type":"ImageObject","inLanguage":"en-US","@id":"https:\/\/ravon.com.tr\/#\/schema\/logo\/image\/","url":"https:\/\/ravon.com.tr\/wp-content\/uploads\/2023\/08\/tinywow_ravon-logo__2__30279301_1-removebg-preview1.png","contentUrl":"https:\/\/ravon.com.tr\/wp-content\/uploads\/2023\/08\/tinywow_ravon-logo__2__30279301_1-removebg-preview1.png","width":745,"height":335,"caption":"Ravon Enerji ve Data Transfer Sistemleri"},"image":{"@id":"https:\/\/ravon.com.tr\/#\/schema\/logo\/image\/"},"sameAs":["https:\/\/www.facebook.com\/ravonfestoon","https:\/\/x.com\/ravonfestoon","https:\/\/www.instagram.com\/ravon_festoon\/"]}]}},"_links":{"self":[{"href":"https:\/\/ravon.com.tr\/en\/wp-json\/wp\/v2\/product\/8461","targetHints":{"allow":["GET"]}}],"collection":[{"href":"https:\/\/ravon.com.tr\/en\/wp-json\/wp\/v2\/product"}],"about":[{"href":"https:\/\/ravon.com.tr\/en\/wp-json\/wp\/v2\/types\/product"}],"wp:featuredmedia":[{"embeddable":true,"href":"https:\/\/ravon.com.tr\/en\/wp-json\/wp\/v2\/media\/11452"}],"wp:attachment":[{"href":"https:\/\/ravon.com.tr\/en\/wp-json\/wp\/v2\/media?parent=8461"}],"wp:term":[{"taxonomy":"product_brand","embeddable":true,"href":"https:\/\/ravon.com.tr\/en\/wp-json\/wp\/v2\/product_brand?post=8461"},{"taxonomy":"product_cat","embeddable":true,"href":"https:\/\/ravon.com.tr\/en\/wp-json\/wp\/v2\/product_cat?post=8461"},{"taxonomy":"product_tag","embeddable":true,"href":"https:\/\/ravon.com.tr\/en\/wp-json\/wp\/v2\/product_tag?post=8461"}],"curies":[{"name":"wp","href":"https:\/\/api.w.org\/{rel}","templated":true}]}}