{"id":8473,"date":"2022-08-03T10:00:02","date_gmt":"2022-08-03T07:00:02","guid":{"rendered":"https:\/\/ravonfestoon.com\/?post_type=product&#038;p=8473"},"modified":"2024-09-13T09:24:42","modified_gmt":"2024-09-13T06:24:42","slug":"r500r040-uc-tekerli-yassi-kablo-halat-makarasi6-8-mm-500-serisi","status":"publish","type":"product","link":"https:\/\/ravon.com.tr\/en\/product\/r500r040-uc-tekerli-yassi-kablo-halat-makarasi6-8-mm-500-serisi\/","title":{"rendered":"Triple Roller Rope Trolley, Plastic Saddle (Rope \u00d86-8mm)"},"content":{"rendered":"","protected":false},"excerpt":{"rendered":"<table width=\"715\">\n<tbody>\n<tr>\n<td width=\"117\"><strong>Product Code<\/strong><\/td>\n<td colspan=\"11\" width=\"598\">R500R040<\/td>\n<\/tr>\n<tr>\n<td><strong>Roller<\/strong><\/td>\n<td colspan=\"11\">Steel<\/td>\n<\/tr>\n<tr>\n<td><strong>Material<\/strong><\/td>\n<td colspan=\"11\" width=\"598\">Ta\u015f\u0131y\u0131c\u0131 g\u00f6vde \u00e7elik, Destek semeri polyamid, Donan\u0131m galvanizli. S\u0131cakl\u0131k dayan\u0131m\u0131 -30\u00b0C ila +70\u00b0C<\/td>\n<\/tr>\n<tr>\n<td><strong>A\u011f\u0131rl\u0131k kg<\/strong><\/td>\n<td colspan=\"11\">&#8212;<\/td>\n<\/tr>\n<tr>\n<td><strong>Max.Kablo Y\u00fck\u00fc<\/strong><\/td>\n<td colspan=\"11\">Ta\u015f\u0131y\u0131c\u0131 ba\u015f\u0131na 15 kg.<\/td>\n<\/tr>\n<tr>\n<td colspan=\"2\" rowspan=\"2\"><strong>Boyutlar\/ mm<\/strong><\/td>\n<td><strong>a1<\/strong><\/td>\n<td><strong>a2<\/strong><\/td>\n<td><strong>b1<\/strong><\/td>\n<td><strong>b2<\/strong><\/td>\n<td><strong>h1<\/strong><\/td>\n<td><strong>h2<\/strong><\/td>\n<td><strong>h3<\/strong><\/td>\n<td><strong>w1<\/strong><\/td>\n<td><strong>w2<\/strong><\/td>\n<td><strong>QD<\/strong><\/td>\n<\/tr>\n<tr>\n<td>92<\/td>\n<td>72<\/td>\n<td>95<\/td>\n<td>52<\/td>\n<td>170<\/td>\n<td>25<\/td>\n<td>85<\/td>\n<td>14<\/td>\n<td>30<\/td>\n<td>50<\/td>\n<\/tr>\n<\/tbody>\n<\/table>","protected":false},"featured_media":11458,"template":"","meta":{"_acf_changed":false,"_et_pb_use_builder":"","_et_pb_old_content":"","_et_gb_content_width":""},"product_brand":[],"product_cat":[112],"product_tag":[],"class_list":{"0":"post-8473","1":"product","2":"type-product","3":"status-publish","4":"has-post-thumbnail","6":"product_cat-default","8":"first","9":"instock","10":"shipping-taxable","11":"product-type-simple"},"acf":[],"yoast_head":"<!-- This site is optimized with the Yoast SEO Premium plugin v20.13 (Yoast SEO v25.7) - https:\/\/yoast.com\/wordpress\/plugins\/seo\/ -->\n<title>\u00dc\u00e7 Tekerli Yass\u0131 Kablo Halat Makaras\u0131(6-8 mm) - Ravon Enerji ve Data Transfer Sistemleri<\/title>\n<meta name=\"robots\" content=\"index, follow, max-snippet:-1, max-image-preview:large, max-video-preview:-1\" \/>\n<link rel=\"canonical\" href=\"https:\/\/ravon.com.tr\/en\/product\/r500r040-uc-tekerli-yassi-kablo-halat-makarasi6-8-mm-500-serisi\/\" \/>\n<meta property=\"og:locale\" content=\"en_US\" \/>\n<meta property=\"og:type\" content=\"article\" \/>\n<meta property=\"og:title\" content=\"\u00dc\u00e7 Tekerli Yass\u0131 Kablo Halat Makaras\u0131(6-8 mm)\" \/>\n<meta property=\"og:description\" content=\"\u00dcr\u00fcn Kodu R500R040   Teker \u00c7elik   Malzeme Ta\u015f\u0131y\u0131c\u0131 g\u00f6vde \u00e7elik, Destek semeri polyamid, Donan\u0131m galvanizli. S\u0131cakl\u0131k dayan\u0131m\u0131 -30\u00b0C ila +70\u00b0C   A\u011f\u0131rl\u0131k kg --   Max.Kablo Y\u00fck\u00fc Ta\u015f\u0131y\u0131c\u0131 ba\u015f\u0131na 15 kg.   Boyutlar\/ mm a1 a2 b1 b2 h1 h2 h3 w1 w2 QD   92 72 95 52 170 25 85 14 30 50\" \/>\n<meta property=\"og:url\" content=\"https:\/\/ravon.com.tr\/en\/product\/r500r040-uc-tekerli-yassi-kablo-halat-makarasi6-8-mm-500-serisi\/\" \/>\n<meta property=\"og:site_name\" content=\"Ravon Enerji ve Data Transfer Sistemleri\" \/>\n<meta property=\"article:publisher\" content=\"https:\/\/www.facebook.com\/ravonfestoon\" \/>\n<meta property=\"article:modified_time\" content=\"2024-09-13T06:24:42+00:00\" \/>\n<meta property=\"og:image\" content=\"https:\/\/ravon.com.tr\/wp-content\/uploads\/2023\/12\/R500R040.webp\" \/>\n\t<meta property=\"og:image:width\" content=\"1389\" \/>\n\t<meta property=\"og:image:height\" content=\"1390\" \/>\n\t<meta property=\"og:image:type\" content=\"image\/webp\" \/>\n<meta name=\"twitter:card\" content=\"summary_large_image\" \/>\n<meta name=\"twitter:site\" content=\"@ravonfestoon\" \/>\n<meta name=\"twitter:label1\" content=\"Est. reading time\" \/>\n\t<meta name=\"twitter:data1\" content=\"1 minute\" \/>\n<script type=\"application\/ld+json\" class=\"yoast-schema-graph\">{\"@context\":\"https:\/\/schema.org\",\"@graph\":[{\"@type\":\"WebPage\",\"@id\":\"https:\/\/ravon.com.tr\/product\/r500r040-uc-tekerli-yassi-kablo-halat-makarasi6-8-mm-500-serisi\/\",\"url\":\"https:\/\/ravon.com.tr\/product\/r500r040-uc-tekerli-yassi-kablo-halat-makarasi6-8-mm-500-serisi\/\",\"name\":\"\u00dc\u00e7 Tekerli Yass\u0131 Kablo Halat Makaras\u0131(6-8 mm) - Ravon Enerji ve Data Transfer Sistemleri\",\"isPartOf\":{\"@id\":\"https:\/\/ravon.com.tr\/#website\"},\"primaryImageOfPage\":{\"@id\":\"https:\/\/ravon.com.tr\/product\/r500r040-uc-tekerli-yassi-kablo-halat-makarasi6-8-mm-500-serisi\/#primaryimage\"},\"image\":{\"@id\":\"https:\/\/ravon.com.tr\/product\/r500r040-uc-tekerli-yassi-kablo-halat-makarasi6-8-mm-500-serisi\/#primaryimage\"},\"thumbnailUrl\":\"https:\/\/ravon.com.tr\/wp-content\/uploads\/2023\/12\/R500R040.webp\",\"datePublished\":\"2022-08-03T07:00:02+00:00\",\"dateModified\":\"2024-09-13T06:24:42+00:00\",\"breadcrumb\":{\"@id\":\"https:\/\/ravon.com.tr\/product\/r500r040-uc-tekerli-yassi-kablo-halat-makarasi6-8-mm-500-serisi\/#breadcrumb\"},\"inLanguage\":\"en-US\",\"potentialAction\":[{\"@type\":\"ReadAction\",\"target\":[\"https:\/\/ravon.com.tr\/product\/r500r040-uc-tekerli-yassi-kablo-halat-makarasi6-8-mm-500-serisi\/\"]}]},{\"@type\":\"ImageObject\",\"inLanguage\":\"en-US\",\"@id\":\"https:\/\/ravon.com.tr\/product\/r500r040-uc-tekerli-yassi-kablo-halat-makarasi6-8-mm-500-serisi\/#primaryimage\",\"url\":\"https:\/\/ravon.com.tr\/wp-content\/uploads\/2023\/12\/R500R040.webp\",\"contentUrl\":\"https:\/\/ravon.com.tr\/wp-content\/uploads\/2023\/12\/R500R040.webp\",\"width\":1389,\"height\":1390},{\"@type\":\"BreadcrumbList\",\"@id\":\"https:\/\/ravon.com.tr\/product\/r500r040-uc-tekerli-yassi-kablo-halat-makarasi6-8-mm-500-serisi\/#breadcrumb\",\"itemListElement\":[{\"@type\":\"ListItem\",\"position\":1,\"name\":\"Anasayfa\",\"item\":\"https:\/\/ravon.com.tr\/\"},{\"@type\":\"ListItem\",\"position\":2,\"name\":\"\u00dcr\u00fcnler\",\"item\":\"https:\/\/ravon.com.tr\/shop\/\"},{\"@type\":\"ListItem\",\"position\":3,\"name\":\"\u00dc\u00e7 Tekerli Yass\u0131 Kablo Halat Makaras\u0131(6-8 mm)\"}]},{\"@type\":\"WebSite\",\"@id\":\"https:\/\/ravon.com.tr\/#website\",\"url\":\"https:\/\/ravon.com.tr\/\",\"name\":\"Ravon Enerji ve Data Transfer Sistemleri\",\"description\":\"Ravon Enerji ve Data Transfer Sistemleri\",\"publisher\":{\"@id\":\"https:\/\/ravon.com.tr\/#organization\"},\"potentialAction\":[{\"@type\":\"SearchAction\",\"target\":{\"@type\":\"EntryPoint\",\"urlTemplate\":\"https:\/\/ravon.com.tr\/?s={search_term_string}\"},\"query-input\":{\"@type\":\"PropertyValueSpecification\",\"valueRequired\":true,\"valueName\":\"search_term_string\"}}],\"inLanguage\":\"en-US\"},{\"@type\":\"Organization\",\"@id\":\"https:\/\/ravon.com.tr\/#organization\",\"name\":\"Ravon Enerji ve Data Transfer Sistemleri\",\"url\":\"https:\/\/ravon.com.tr\/\",\"logo\":{\"@type\":\"ImageObject\",\"inLanguage\":\"en-US\",\"@id\":\"https:\/\/ravon.com.tr\/#\/schema\/logo\/image\/\",\"url\":\"https:\/\/ravon.com.tr\/wp-content\/uploads\/2023\/08\/tinywow_ravon-logo__2__30279301_1-removebg-preview1.png\",\"contentUrl\":\"https:\/\/ravon.com.tr\/wp-content\/uploads\/2023\/08\/tinywow_ravon-logo__2__30279301_1-removebg-preview1.png\",\"width\":745,\"height\":335,\"caption\":\"Ravon Enerji ve Data Transfer Sistemleri\"},\"image\":{\"@id\":\"https:\/\/ravon.com.tr\/#\/schema\/logo\/image\/\"},\"sameAs\":[\"https:\/\/www.facebook.com\/ravonfestoon\",\"https:\/\/x.com\/ravonfestoon\",\"https:\/\/www.instagram.com\/ravon_festoon\/\"]}]}<\/script>\n<!-- \/ Yoast SEO Premium plugin. -->","yoast_head_json":{"title":"\u00dc\u00e7 Tekerli Yass\u0131 Kablo Halat Makaras\u0131(6-8 mm) - Ravon Enerji ve Data Transfer Sistemleri","robots":{"index":"index","follow":"follow","max-snippet":"max-snippet:-1","max-image-preview":"max-image-preview:large","max-video-preview":"max-video-preview:-1"},"canonical":"https:\/\/ravon.com.tr\/en\/product\/r500r040-uc-tekerli-yassi-kablo-halat-makarasi6-8-mm-500-serisi\/","og_locale":"en_US","og_type":"article","og_title":"\u00dc\u00e7 Tekerli Yass\u0131 Kablo Halat Makaras\u0131(6-8 mm)","og_description":"\u00dcr\u00fcn Kodu R500R040   Teker \u00c7elik   Malzeme Ta\u015f\u0131y\u0131c\u0131 g\u00f6vde \u00e7elik, Destek semeri polyamid, Donan\u0131m galvanizli. S\u0131cakl\u0131k dayan\u0131m\u0131 -30\u00b0C ila +70\u00b0C   A\u011f\u0131rl\u0131k kg --   Max.Kablo Y\u00fck\u00fc Ta\u015f\u0131y\u0131c\u0131 ba\u015f\u0131na 15 kg.   Boyutlar\/ mm a1 a2 b1 b2 h1 h2 h3 w1 w2 QD   92 72 95 52 170 25 85 14 30 50","og_url":"https:\/\/ravon.com.tr\/en\/product\/r500r040-uc-tekerli-yassi-kablo-halat-makarasi6-8-mm-500-serisi\/","og_site_name":"Ravon Enerji ve Data Transfer Sistemleri","article_publisher":"https:\/\/www.facebook.com\/ravonfestoon","article_modified_time":"2024-09-13T06:24:42+00:00","og_image":[{"width":1389,"height":1390,"url":"https:\/\/ravon.com.tr\/wp-content\/uploads\/2023\/12\/R500R040.webp","type":"image\/webp"}],"twitter_card":"summary_large_image","twitter_site":"@ravonfestoon","twitter_misc":{"Est. reading time":"1 minute"},"schema":{"@context":"https:\/\/schema.org","@graph":[{"@type":"WebPage","@id":"https:\/\/ravon.com.tr\/product\/r500r040-uc-tekerli-yassi-kablo-halat-makarasi6-8-mm-500-serisi\/","url":"https:\/\/ravon.com.tr\/product\/r500r040-uc-tekerli-yassi-kablo-halat-makarasi6-8-mm-500-serisi\/","name":"\u00dc\u00e7 Tekerli Yass\u0131 Kablo Halat Makaras\u0131(6-8 mm) - Ravon Enerji ve Data Transfer Sistemleri","isPartOf":{"@id":"https:\/\/ravon.com.tr\/#website"},"primaryImageOfPage":{"@id":"https:\/\/ravon.com.tr\/product\/r500r040-uc-tekerli-yassi-kablo-halat-makarasi6-8-mm-500-serisi\/#primaryimage"},"image":{"@id":"https:\/\/ravon.com.tr\/product\/r500r040-uc-tekerli-yassi-kablo-halat-makarasi6-8-mm-500-serisi\/#primaryimage"},"thumbnailUrl":"https:\/\/ravon.com.tr\/wp-content\/uploads\/2023\/12\/R500R040.webp","datePublished":"2022-08-03T07:00:02+00:00","dateModified":"2024-09-13T06:24:42+00:00","breadcrumb":{"@id":"https:\/\/ravon.com.tr\/product\/r500r040-uc-tekerli-yassi-kablo-halat-makarasi6-8-mm-500-serisi\/#breadcrumb"},"inLanguage":"en-US","potentialAction":[{"@type":"ReadAction","target":["https:\/\/ravon.com.tr\/product\/r500r040-uc-tekerli-yassi-kablo-halat-makarasi6-8-mm-500-serisi\/"]}]},{"@type":"ImageObject","inLanguage":"en-US","@id":"https:\/\/ravon.com.tr\/product\/r500r040-uc-tekerli-yassi-kablo-halat-makarasi6-8-mm-500-serisi\/#primaryimage","url":"https:\/\/ravon.com.tr\/wp-content\/uploads\/2023\/12\/R500R040.webp","contentUrl":"https:\/\/ravon.com.tr\/wp-content\/uploads\/2023\/12\/R500R040.webp","width":1389,"height":1390},{"@type":"BreadcrumbList","@id":"https:\/\/ravon.com.tr\/product\/r500r040-uc-tekerli-yassi-kablo-halat-makarasi6-8-mm-500-serisi\/#breadcrumb","itemListElement":[{"@type":"ListItem","position":1,"name":"Anasayfa","item":"https:\/\/ravon.com.tr\/"},{"@type":"ListItem","position":2,"name":"\u00dcr\u00fcnler","item":"https:\/\/ravon.com.tr\/shop\/"},{"@type":"ListItem","position":3,"name":"\u00dc\u00e7 Tekerli Yass\u0131 Kablo Halat Makaras\u0131(6-8 mm)"}]},{"@type":"WebSite","@id":"https:\/\/ravon.com.tr\/#website","url":"https:\/\/ravon.com.tr\/","name":"Ravon Enerji ve Data Transfer Sistemleri","description":"Ravon Enerji ve Data Transfer Sistemleri","publisher":{"@id":"https:\/\/ravon.com.tr\/#organization"},"potentialAction":[{"@type":"SearchAction","target":{"@type":"EntryPoint","urlTemplate":"https:\/\/ravon.com.tr\/?s={search_term_string}"},"query-input":{"@type":"PropertyValueSpecification","valueRequired":true,"valueName":"search_term_string"}}],"inLanguage":"en-US"},{"@type":"Organization","@id":"https:\/\/ravon.com.tr\/#organization","name":"Ravon Enerji ve Data Transfer Sistemleri","url":"https:\/\/ravon.com.tr\/","logo":{"@type":"ImageObject","inLanguage":"en-US","@id":"https:\/\/ravon.com.tr\/#\/schema\/logo\/image\/","url":"https:\/\/ravon.com.tr\/wp-content\/uploads\/2023\/08\/tinywow_ravon-logo__2__30279301_1-removebg-preview1.png","contentUrl":"https:\/\/ravon.com.tr\/wp-content\/uploads\/2023\/08\/tinywow_ravon-logo__2__30279301_1-removebg-preview1.png","width":745,"height":335,"caption":"Ravon Enerji ve Data Transfer Sistemleri"},"image":{"@id":"https:\/\/ravon.com.tr\/#\/schema\/logo\/image\/"},"sameAs":["https:\/\/www.facebook.com\/ravonfestoon","https:\/\/x.com\/ravonfestoon","https:\/\/www.instagram.com\/ravon_festoon\/"]}]}},"_links":{"self":[{"href":"https:\/\/ravon.com.tr\/en\/wp-json\/wp\/v2\/product\/8473","targetHints":{"allow":["GET"]}}],"collection":[{"href":"https:\/\/ravon.com.tr\/en\/wp-json\/wp\/v2\/product"}],"about":[{"href":"https:\/\/ravon.com.tr\/en\/wp-json\/wp\/v2\/types\/product"}],"wp:featuredmedia":[{"embeddable":true,"href":"https:\/\/ravon.com.tr\/en\/wp-json\/wp\/v2\/media\/11458"}],"wp:attachment":[{"href":"https:\/\/ravon.com.tr\/en\/wp-json\/wp\/v2\/media?parent=8473"}],"wp:term":[{"taxonomy":"product_brand","embeddable":true,"href":"https:\/\/ravon.com.tr\/en\/wp-json\/wp\/v2\/product_brand?post=8473"},{"taxonomy":"product_cat","embeddable":true,"href":"https:\/\/ravon.com.tr\/en\/wp-json\/wp\/v2\/product_cat?post=8473"},{"taxonomy":"product_tag","embeddable":true,"href":"https:\/\/ravon.com.tr\/en\/wp-json\/wp\/v2\/product_tag?post=8473"}],"curies":[{"name":"wp","href":"https:\/\/api.w.org\/{rel}","templated":true}]}}