{"id":8606,"date":"2023-12-03T17:53:58","date_gmt":"2023-12-03T14:53:58","guid":{"rendered":"https:\/\/ravonfestoon.com\/?post_type=product&#038;p=8606"},"modified":"2025-01-02T17:09:16","modified_gmt":"2025-01-02T14:09:16","slug":"r3004-150-b-o-150mm-yuruyus-takimi-kapagi-siyah","status":"publish","type":"product","link":"https:\/\/ravon.com.tr\/en\/product\/r3004-150-b-o-150mm-yuruyus-takimi-kapagi-siyah\/","title":{"rendered":"\u00d8 150mm End Carriage Cover (Black \/ Yellow \/ Red)"},"content":{"rendered":"<p>During the crane's design phase, an open area is incorporated to allow maintenance operators easy access to the motor, reducer, or electrical installation through the side walls of the undercarriage. While this feature simplifies maintenance tasks, it also exposes the undercarriage to external factors such as water splashes or dust. The Ravon Undercarriage Cover addresses this issue by sealing off the open area, preventing potential malfunctions in the components or installation.<\/p>\n<p>There are three color options: yellow, red, and black.<\/p>\n<p><span style=\"font-size: 10pt;\"><strong>Usage Areas:<br \/>\n<\/strong><\/span><\/p>\n<table style=\"border-collapse: collapse; width: 65.019%; height: 166px;\">\n<tbody>\n<tr style=\"height: 156px;\">\n<td style=\"width: 20.0888%; height: 156px;\">\n<p style=\"text-align: center;\"><img loading=\"lazy\" decoding=\"async\" class=\"wp-image-12816 aligncenter\" src=\"https:\/\/ravon.com.tr\/wp-content\/uploads\/2022\/08\/Single-Girder-01.png\" alt=\"\" width=\"129\" height=\"95\" \/><strong>Single Girder Crane<\/strong><\/p>\n<\/td>\n<td style=\"width: 19.772%; text-align: center; height: 156px;\"><img loading=\"lazy\" decoding=\"async\" class=\"wp-image-12817 aligncenter\" src=\"https:\/\/ravon.com.tr\/wp-content\/uploads\/2022\/08\/Double-Girder-01-01.png\" alt=\"\" width=\"129\" height=\"95\" \/><strong>Double Girder Crane<\/strong><\/td>\n<td style=\"width: 18.4662%; text-align: center; height: 156px;\"><img loading=\"lazy\" decoding=\"async\" class=\"wp-image-12818 aligncenter\" src=\"https:\/\/ravon.com.tr\/wp-content\/uploads\/2022\/08\/Portal-Crane-01-01-01.png\" alt=\"\" width=\"121\" height=\"101\" \/><strong>Gantry Crane<\/strong><\/td>\n<td style=\"width: 2.92872%; text-align: center; height: 156px;\"><\/td>\n<td style=\"width: 0.940734%; text-align: center; height: 156px;\"><\/td>\n<\/tr>\n<tr style=\"height: 23px;\">\n<td style=\"width: 20.0888%; height: 10px;\"><\/td>\n<td style=\"width: 19.772%; height: 10px;\"><\/td>\n<td style=\"width: 18.4662%; height: 10px;\"><\/td>\n<td style=\"width: 2.92872%; height: 10px;\"><\/td>\n<td style=\"width: 0.940734%; height: 10px;\"><\/td>\n<\/tr>\n<\/tbody>\n<\/table>","protected":false},"excerpt":{"rendered":"<table width=\"408\">\n<tbody>\n<tr>\n<td rowspan=\"2\" width=\"94\"><strong>Product Code\u00a0<\/strong><\/td>\n<td rowspan=\"2\" width=\"108\"><strong>Material<\/strong><\/td>\n<td rowspan=\"2\" width=\"94\"><strong>Weigth kg\/mt<\/strong><\/td>\n<td colspan=\"2\" width=\"112\"><strong>Boyutlar\/mm<\/strong><\/td>\n<\/tr>\n<tr>\n<td><strong>a1<\/strong><\/td>\n<td><strong>a2<\/strong><\/td>\n<\/tr>\n<tr>\n<td>R-3004-120<\/td>\n<td>PE<\/td>\n<td>0,04<\/td>\n<td>120<\/td>\n<td>130<\/td>\n<\/tr>\n<tr>\n<td>R-3004-150<\/td>\n<td>PE<\/td>\n<td>0,06<\/td>\n<td>150<\/td>\n<td>160<\/td>\n<\/tr>\n<\/tbody>\n<\/table>","protected":false},"featured_media":12208,"template":"","meta":{"_acf_changed":false,"_et_pb_use_builder":"","_et_pb_old_content":"","_et_gb_content_width":""},"product_brand":[],"product_cat":[723],"product_tag":[],"class_list":{"0":"post-8606","1":"product","2":"type-product","3":"status-publish","4":"has-post-thumbnail","6":"product_cat-yardimci-ekipmanlar","8":"first","9":"instock","10":"shipping-taxable","11":"product-type-simple"},"acf":[],"yoast_head":"<!-- This site is optimized with the Yoast SEO Premium plugin v20.13 (Yoast SEO v25.7) - https:\/\/yoast.com\/wordpress\/plugins\/seo\/ -->\n<title>\u00d8 150mm Y\u00fcr\u00fcy\u00fc\u015f Tak\u0131m\u0131 Kapa\u011f\u0131 (Siyah\/Sar\u0131\/K\u0131rm\u0131z\u0131) - Ravon Enerji ve Data Transfer Sistemleri<\/title>\n<meta name=\"robots\" content=\"index, follow, max-snippet:-1, max-image-preview:large, max-video-preview:-1\" \/>\n<link rel=\"canonical\" href=\"https:\/\/ravon.com.tr\/en\/product\/r3004-150-b-o-150mm-yuruyus-takimi-kapagi-siyah\/\" \/>\n<meta property=\"og:locale\" content=\"en_US\" \/>\n<meta property=\"og:type\" content=\"article\" \/>\n<meta property=\"og:title\" content=\"\u00d8 150mm Y\u00fcr\u00fcy\u00fc\u015f Tak\u0131m\u0131 Kapa\u011f\u0131 (Siyah\/Sar\u0131\/K\u0131rm\u0131z\u0131)\" \/>\n<meta property=\"og:description\" content=\"\u00dcr\u00fcn Kodu\u00a0 Malzeme A\u011f\u0131rl\u0131k kg\/mt Boyutlar\/mm   a1 a2   R-3004-120 PE 0,04 120 130   R-3004-150 PE 0,06 150 160\" \/>\n<meta property=\"og:url\" content=\"https:\/\/ravon.com.tr\/en\/product\/r3004-150-b-o-150mm-yuruyus-takimi-kapagi-siyah\/\" \/>\n<meta property=\"og:site_name\" content=\"Ravon Enerji ve Data Transfer Sistemleri\" \/>\n<meta property=\"article:publisher\" content=\"https:\/\/www.facebook.com\/ravonfestoon\" \/>\n<meta property=\"article:modified_time\" content=\"2025-01-02T14:09:16+00:00\" \/>\n<meta property=\"og:image\" content=\"https:\/\/ravon.com.tr\/wp-content\/uploads\/2023\/12\/R3004-120-3-lukopya.png\" \/>\n\t<meta property=\"og:image:width\" content=\"1389\" \/>\n\t<meta property=\"og:image:height\" content=\"1389\" \/>\n\t<meta property=\"og:image:type\" content=\"image\/png\" \/>\n<meta name=\"twitter:card\" content=\"summary_large_image\" \/>\n<meta name=\"twitter:site\" content=\"@ravonfestoon\" \/>\n<meta name=\"twitter:label1\" content=\"Est. reading time\" \/>\n\t<meta name=\"twitter:data1\" content=\"2 minutes\" \/>\n<script type=\"application\/ld+json\" class=\"yoast-schema-graph\">{\"@context\":\"https:\/\/schema.org\",\"@graph\":[{\"@type\":\"WebPage\",\"@id\":\"https:\/\/ravon.com.tr\/product\/r3004-150-b-o-150mm-yuruyus-takimi-kapagi-siyah\/\",\"url\":\"https:\/\/ravon.com.tr\/product\/r3004-150-b-o-150mm-yuruyus-takimi-kapagi-siyah\/\",\"name\":\"\u00d8 150mm Y\u00fcr\u00fcy\u00fc\u015f Tak\u0131m\u0131 Kapa\u011f\u0131 (Siyah\/Sar\u0131\/K\u0131rm\u0131z\u0131) - Ravon Enerji ve Data Transfer Sistemleri\",\"isPartOf\":{\"@id\":\"https:\/\/ravon.com.tr\/#website\"},\"primaryImageOfPage\":{\"@id\":\"https:\/\/ravon.com.tr\/product\/r3004-150-b-o-150mm-yuruyus-takimi-kapagi-siyah\/#primaryimage\"},\"image\":{\"@id\":\"https:\/\/ravon.com.tr\/product\/r3004-150-b-o-150mm-yuruyus-takimi-kapagi-siyah\/#primaryimage\"},\"thumbnailUrl\":\"https:\/\/ravon.com.tr\/wp-content\/uploads\/2023\/12\/R3004-120-3-lukopya.png\",\"datePublished\":\"2023-12-03T14:53:58+00:00\",\"dateModified\":\"2025-01-02T14:09:16+00:00\",\"breadcrumb\":{\"@id\":\"https:\/\/ravon.com.tr\/product\/r3004-150-b-o-150mm-yuruyus-takimi-kapagi-siyah\/#breadcrumb\"},\"inLanguage\":\"en-US\",\"potentialAction\":[{\"@type\":\"ReadAction\",\"target\":[\"https:\/\/ravon.com.tr\/product\/r3004-150-b-o-150mm-yuruyus-takimi-kapagi-siyah\/\"]}]},{\"@type\":\"ImageObject\",\"inLanguage\":\"en-US\",\"@id\":\"https:\/\/ravon.com.tr\/product\/r3004-150-b-o-150mm-yuruyus-takimi-kapagi-siyah\/#primaryimage\",\"url\":\"https:\/\/ravon.com.tr\/wp-content\/uploads\/2023\/12\/R3004-120-3-lukopya.png\",\"contentUrl\":\"https:\/\/ravon.com.tr\/wp-content\/uploads\/2023\/12\/R3004-120-3-lukopya.png\",\"width\":1389,\"height\":1389,\"caption\":\"120 mm tampon\"},{\"@type\":\"BreadcrumbList\",\"@id\":\"https:\/\/ravon.com.tr\/product\/r3004-150-b-o-150mm-yuruyus-takimi-kapagi-siyah\/#breadcrumb\",\"itemListElement\":[{\"@type\":\"ListItem\",\"position\":1,\"name\":\"Anasayfa\",\"item\":\"https:\/\/ravon.com.tr\/\"},{\"@type\":\"ListItem\",\"position\":2,\"name\":\"\u00dcr\u00fcnler\",\"item\":\"https:\/\/ravon.com.tr\/shop\/\"},{\"@type\":\"ListItem\",\"position\":3,\"name\":\"\u00d8 150mm Y\u00fcr\u00fcy\u00fc\u015f Tak\u0131m\u0131 Kapa\u011f\u0131 (Siyah\/Sar\u0131\/K\u0131rm\u0131z\u0131)\"}]},{\"@type\":\"WebSite\",\"@id\":\"https:\/\/ravon.com.tr\/#website\",\"url\":\"https:\/\/ravon.com.tr\/\",\"name\":\"Ravon Enerji ve Data Transfer Sistemleri\",\"description\":\"Ravon Enerji ve Data Transfer Sistemleri\",\"publisher\":{\"@id\":\"https:\/\/ravon.com.tr\/#organization\"},\"potentialAction\":[{\"@type\":\"SearchAction\",\"target\":{\"@type\":\"EntryPoint\",\"urlTemplate\":\"https:\/\/ravon.com.tr\/?s={search_term_string}\"},\"query-input\":{\"@type\":\"PropertyValueSpecification\",\"valueRequired\":true,\"valueName\":\"search_term_string\"}}],\"inLanguage\":\"en-US\"},{\"@type\":\"Organization\",\"@id\":\"https:\/\/ravon.com.tr\/#organization\",\"name\":\"Ravon Enerji ve Data Transfer Sistemleri\",\"url\":\"https:\/\/ravon.com.tr\/\",\"logo\":{\"@type\":\"ImageObject\",\"inLanguage\":\"en-US\",\"@id\":\"https:\/\/ravon.com.tr\/#\/schema\/logo\/image\/\",\"url\":\"https:\/\/ravon.com.tr\/wp-content\/uploads\/2023\/08\/tinywow_ravon-logo__2__30279301_1-removebg-preview1.png\",\"contentUrl\":\"https:\/\/ravon.com.tr\/wp-content\/uploads\/2023\/08\/tinywow_ravon-logo__2__30279301_1-removebg-preview1.png\",\"width\":745,\"height\":335,\"caption\":\"Ravon Enerji ve Data Transfer Sistemleri\"},\"image\":{\"@id\":\"https:\/\/ravon.com.tr\/#\/schema\/logo\/image\/\"},\"sameAs\":[\"https:\/\/www.facebook.com\/ravonfestoon\",\"https:\/\/x.com\/ravonfestoon\",\"https:\/\/www.instagram.com\/ravon_festoon\/\"]}]}<\/script>\n<!-- \/ Yoast SEO Premium plugin. -->","yoast_head_json":{"title":"\u00d8 150mm Y\u00fcr\u00fcy\u00fc\u015f Tak\u0131m\u0131 Kapa\u011f\u0131 (Siyah\/Sar\u0131\/K\u0131rm\u0131z\u0131) - Ravon Enerji ve Data Transfer Sistemleri","robots":{"index":"index","follow":"follow","max-snippet":"max-snippet:-1","max-image-preview":"max-image-preview:large","max-video-preview":"max-video-preview:-1"},"canonical":"https:\/\/ravon.com.tr\/en\/product\/r3004-150-b-o-150mm-yuruyus-takimi-kapagi-siyah\/","og_locale":"en_US","og_type":"article","og_title":"\u00d8 150mm Y\u00fcr\u00fcy\u00fc\u015f Tak\u0131m\u0131 Kapa\u011f\u0131 (Siyah\/Sar\u0131\/K\u0131rm\u0131z\u0131)","og_description":"\u00dcr\u00fcn Kodu\u00a0 Malzeme A\u011f\u0131rl\u0131k kg\/mt Boyutlar\/mm   a1 a2   R-3004-120 PE 0,04 120 130   R-3004-150 PE 0,06 150 160","og_url":"https:\/\/ravon.com.tr\/en\/product\/r3004-150-b-o-150mm-yuruyus-takimi-kapagi-siyah\/","og_site_name":"Ravon Enerji ve Data Transfer Sistemleri","article_publisher":"https:\/\/www.facebook.com\/ravonfestoon","article_modified_time":"2025-01-02T14:09:16+00:00","og_image":[{"width":1389,"height":1389,"url":"https:\/\/ravon.com.tr\/wp-content\/uploads\/2023\/12\/R3004-120-3-lukopya.png","type":"image\/png"}],"twitter_card":"summary_large_image","twitter_site":"@ravonfestoon","twitter_misc":{"Est. reading time":"2 minutes"},"schema":{"@context":"https:\/\/schema.org","@graph":[{"@type":"WebPage","@id":"https:\/\/ravon.com.tr\/product\/r3004-150-b-o-150mm-yuruyus-takimi-kapagi-siyah\/","url":"https:\/\/ravon.com.tr\/product\/r3004-150-b-o-150mm-yuruyus-takimi-kapagi-siyah\/","name":"\u00d8 150mm Y\u00fcr\u00fcy\u00fc\u015f Tak\u0131m\u0131 Kapa\u011f\u0131 (Siyah\/Sar\u0131\/K\u0131rm\u0131z\u0131) - Ravon Enerji ve Data Transfer Sistemleri","isPartOf":{"@id":"https:\/\/ravon.com.tr\/#website"},"primaryImageOfPage":{"@id":"https:\/\/ravon.com.tr\/product\/r3004-150-b-o-150mm-yuruyus-takimi-kapagi-siyah\/#primaryimage"},"image":{"@id":"https:\/\/ravon.com.tr\/product\/r3004-150-b-o-150mm-yuruyus-takimi-kapagi-siyah\/#primaryimage"},"thumbnailUrl":"https:\/\/ravon.com.tr\/wp-content\/uploads\/2023\/12\/R3004-120-3-lukopya.png","datePublished":"2023-12-03T14:53:58+00:00","dateModified":"2025-01-02T14:09:16+00:00","breadcrumb":{"@id":"https:\/\/ravon.com.tr\/product\/r3004-150-b-o-150mm-yuruyus-takimi-kapagi-siyah\/#breadcrumb"},"inLanguage":"en-US","potentialAction":[{"@type":"ReadAction","target":["https:\/\/ravon.com.tr\/product\/r3004-150-b-o-150mm-yuruyus-takimi-kapagi-siyah\/"]}]},{"@type":"ImageObject","inLanguage":"en-US","@id":"https:\/\/ravon.com.tr\/product\/r3004-150-b-o-150mm-yuruyus-takimi-kapagi-siyah\/#primaryimage","url":"https:\/\/ravon.com.tr\/wp-content\/uploads\/2023\/12\/R3004-120-3-lukopya.png","contentUrl":"https:\/\/ravon.com.tr\/wp-content\/uploads\/2023\/12\/R3004-120-3-lukopya.png","width":1389,"height":1389,"caption":"120 mm tampon"},{"@type":"BreadcrumbList","@id":"https:\/\/ravon.com.tr\/product\/r3004-150-b-o-150mm-yuruyus-takimi-kapagi-siyah\/#breadcrumb","itemListElement":[{"@type":"ListItem","position":1,"name":"Anasayfa","item":"https:\/\/ravon.com.tr\/"},{"@type":"ListItem","position":2,"name":"\u00dcr\u00fcnler","item":"https:\/\/ravon.com.tr\/shop\/"},{"@type":"ListItem","position":3,"name":"\u00d8 150mm Y\u00fcr\u00fcy\u00fc\u015f Tak\u0131m\u0131 Kapa\u011f\u0131 (Siyah\/Sar\u0131\/K\u0131rm\u0131z\u0131)"}]},{"@type":"WebSite","@id":"https:\/\/ravon.com.tr\/#website","url":"https:\/\/ravon.com.tr\/","name":"Ravon Enerji ve Data Transfer Sistemleri","description":"Ravon Enerji ve Data Transfer Sistemleri","publisher":{"@id":"https:\/\/ravon.com.tr\/#organization"},"potentialAction":[{"@type":"SearchAction","target":{"@type":"EntryPoint","urlTemplate":"https:\/\/ravon.com.tr\/?s={search_term_string}"},"query-input":{"@type":"PropertyValueSpecification","valueRequired":true,"valueName":"search_term_string"}}],"inLanguage":"en-US"},{"@type":"Organization","@id":"https:\/\/ravon.com.tr\/#organization","name":"Ravon Enerji ve Data Transfer Sistemleri","url":"https:\/\/ravon.com.tr\/","logo":{"@type":"ImageObject","inLanguage":"en-US","@id":"https:\/\/ravon.com.tr\/#\/schema\/logo\/image\/","url":"https:\/\/ravon.com.tr\/wp-content\/uploads\/2023\/08\/tinywow_ravon-logo__2__30279301_1-removebg-preview1.png","contentUrl":"https:\/\/ravon.com.tr\/wp-content\/uploads\/2023\/08\/tinywow_ravon-logo__2__30279301_1-removebg-preview1.png","width":745,"height":335,"caption":"Ravon Enerji ve Data Transfer Sistemleri"},"image":{"@id":"https:\/\/ravon.com.tr\/#\/schema\/logo\/image\/"},"sameAs":["https:\/\/www.facebook.com\/ravonfestoon","https:\/\/x.com\/ravonfestoon","https:\/\/www.instagram.com\/ravon_festoon\/"]}]}},"_links":{"self":[{"href":"https:\/\/ravon.com.tr\/en\/wp-json\/wp\/v2\/product\/8606","targetHints":{"allow":["GET"]}}],"collection":[{"href":"https:\/\/ravon.com.tr\/en\/wp-json\/wp\/v2\/product"}],"about":[{"href":"https:\/\/ravon.com.tr\/en\/wp-json\/wp\/v2\/types\/product"}],"wp:featuredmedia":[{"embeddable":true,"href":"https:\/\/ravon.com.tr\/en\/wp-json\/wp\/v2\/media\/12208"}],"wp:attachment":[{"href":"https:\/\/ravon.com.tr\/en\/wp-json\/wp\/v2\/media?parent=8606"}],"wp:term":[{"taxonomy":"product_brand","embeddable":true,"href":"https:\/\/ravon.com.tr\/en\/wp-json\/wp\/v2\/product_brand?post=8606"},{"taxonomy":"product_cat","embeddable":true,"href":"https:\/\/ravon.com.tr\/en\/wp-json\/wp\/v2\/product_cat?post=8606"},{"taxonomy":"product_tag","embeddable":true,"href":"https:\/\/ravon.com.tr\/en\/wp-json\/wp\/v2\/product_tag?post=8606"}],"curies":[{"name":"wp","href":"https:\/\/api.w.org\/{rel}","templated":true}]}}