{"id":8671,"date":"2022-08-01T06:00:35","date_gmt":"2022-08-01T03:00:35","guid":{"rendered":"https:\/\/ravonfestoon.com\/?post_type=product&#038;p=8671"},"modified":"2025-01-07T08:52:46","modified_gmt":"2025-01-07T05:52:46","slug":"r3028d2-kayar-aski-3028-serisi-f2083-3","status":"publish","type":"product","link":"https:\/\/ravon.com.tr\/en\/product\/r3028d2-kayar-aski-3028-serisi-f2083-3\/","title":{"rendered":"Z-Type Hanger (Sliding Hanger)"},"content":{"rendered":"<p><strong>Z-Type Hanger (Sliding Hanger) D2<\/strong><\/p>\n<p>Ravon Z Type Sliding Hanger is a product that carries C tracks mounted on the crane body and therefore has critical importance in terms of structural durability. There are two mounting bolts on the upper part. These bolts are fixed to the C tracks with the grooved mounting plate at the top of the product. There is no additional fixing bolt as there is in fixed hangers. This design allows for easy adjustment of the position of the assembled C tracks by moving the hanger.<\/p>\n<p>The galvanized coating of the Ravon Sliding Hanger offers high corrosion resistance, ensuring long-lasting and reliable performance in harsh industrial conditions.<\/p>\n<p>As a result, the Ravon Sliding Hanger maintains both structural stability and long-term use, thus maximizing operational efficiency and safety.<\/p>\n<p><span style=\"font-size: 10pt;\"><strong>Usage Areas:<br \/>\n<\/strong><\/span><\/p>\n<table style=\"border-collapse: collapse; width: 99.1635%; height: 166px;\">\n<tbody>\n<tr style=\"height: 156px;\">\n<td style=\"width: 20.0888%; height: 156px;\">\n<p style=\"text-align: center;\"><img loading=\"lazy\" decoding=\"async\" class=\"wp-image-12816 aligncenter\" src=\"https:\/\/ravon.com.tr\/wp-content\/uploads\/2022\/08\/Single-Girder-01.png\" alt=\"\" width=\"129\" height=\"95\" \/><strong>Single Girder Crane<\/strong><\/p>\n<\/td>\n<td style=\"width: 19.772%; text-align: center; height: 156px;\"><img loading=\"lazy\" decoding=\"async\" class=\"wp-image-12817 aligncenter\" src=\"https:\/\/ravon.com.tr\/wp-content\/uploads\/2022\/08\/Double-Girder-01-01.png\" alt=\"\" width=\"129\" height=\"95\" \/><strong>Double Girder Crane<\/strong><\/td>\n<td style=\"width: 18.4662%; text-align: center; height: 156px;\"><img loading=\"lazy\" decoding=\"async\" class=\"wp-image-12818 aligncenter\" src=\"https:\/\/ravon.com.tr\/wp-content\/uploads\/2022\/08\/Portal-Crane-01-01-01.png\" alt=\"\" width=\"121\" height=\"101\" \/><strong>Gantry Crane<\/strong><\/td>\n<td style=\"width: 18.5449%; text-align: center; height: 156px;\"><img loading=\"lazy\" decoding=\"async\" class=\"wp-image-12819 aligncenter\" src=\"https:\/\/ravon.com.tr\/wp-content\/uploads\/2022\/08\/Production-Line-01-01.png\" alt=\"\" width=\"117\" height=\"94\" \/><strong>Konvey\u00f6r<\/strong><\/td>\n<td style=\"width: 22.2916%; text-align: center; height: 156px;\"><img loading=\"lazy\" decoding=\"async\" class=\"wp-image-12820 aligncenter\" src=\"https:\/\/ravon.com.tr\/wp-content\/uploads\/2022\/08\/Car-Washing-01-01.png\" alt=\"\" width=\"146\" height=\"95\" \/><strong>Washing Machine<\/strong><\/td>\n<\/tr>\n<tr style=\"height: 23px;\">\n<td style=\"width: 20.0888%; height: 10px;\"><\/td>\n<td style=\"width: 19.772%; height: 10px;\"><\/td>\n<td style=\"width: 18.4662%; height: 10px;\"><\/td>\n<td style=\"width: 18.5449%; height: 10px;\"><\/td>\n<td style=\"width: 22.2916%; height: 10px;\"><\/td>\n<\/tr>\n<\/tbody>\n<\/table>","protected":false},"excerpt":{"rendered":"<p>Kayar Ask\u0131 D2 Ravon Kayar Ask\u0131s\u0131, vin\u00e7 g\u00f6vdesine montaj\u0131 yap\u0131lan C profilleri ta\u015f\u0131yan ve bu nedenle yap\u0131sal dayan\u0131kl\u0131l\u0131k a\u00e7\u0131s\u0131ndan kritik \u00f6neme sahip bir \u00fcr\u00fcnd\u00fcr. \u00dcst k\u0131sm\u0131nda, iki adet montaj civatas\u0131 bulunur. Bu civatalar, \u00fcr\u00fcn\u00fcn en \u00fcst\u00fcnde bulunan yivli montaj plakas\u0131 ile C Profile sabitlenir. Sabit ask\u0131larda oldu\u011fu gibi ek bir sabitleme civatas\u0131 mevcut de\u011fildir. Bu [&hellip;]<\/p>","protected":false},"featured_media":11381,"template":"","meta":{"_acf_changed":false,"_et_pb_use_builder":"","_et_pb_old_content":"","_et_gb_content_width":""},"product_brand":[],"product_cat":[492,77,692],"product_tag":[],"class_list":{"0":"post-8671","1":"product","2":"type-product","3":"status-publish","4":"has-post-thumbnail","6":"product_cat-kablo-tasima-sistemleri","7":"product_cat-c-profil-kablo-tasima-sistemleri","8":"product_cat-3028-serisiri","10":"first","11":"instock","12":"shipping-taxable","13":"product-type-simple"},"acf":[],"yoast_head":"<!-- This site is optimized with the Yoast SEO Premium plugin v20.13 (Yoast SEO v25.7) - https:\/\/yoast.com\/wordpress\/plugins\/seo\/ -->\n<title>Kayar Ask\u0131 (F20*83) - Ravon Enerji ve Data Transfer Sistemleri<\/title>\n<meta name=\"robots\" content=\"index, follow, max-snippet:-1, max-image-preview:large, max-video-preview:-1\" \/>\n<link rel=\"canonical\" href=\"https:\/\/ravon.com.tr\/en\/product\/r3028d2-kayar-aski-3028-serisi-f2083-3\/\" \/>\n<meta property=\"og:locale\" content=\"en_US\" \/>\n<meta property=\"og:type\" content=\"article\" \/>\n<meta property=\"og:title\" content=\"Kayar Ask\u0131 (F20*83)\" \/>\n<meta property=\"og:description\" content=\"Kayar Ask\u0131 D2 Ravon Kayar Ask\u0131s\u0131, vin\u00e7 g\u00f6vdesine montaj\u0131 yap\u0131lan C profilleri ta\u015f\u0131yan ve bu nedenle yap\u0131sal dayan\u0131kl\u0131l\u0131k a\u00e7\u0131s\u0131ndan kritik \u00f6neme sahip bir \u00fcr\u00fcnd\u00fcr. \u00dcst k\u0131sm\u0131nda, iki adet montaj civatas\u0131 bulunur. Bu civatalar, \u00fcr\u00fcn\u00fcn en \u00fcst\u00fcnde bulunan yivli montaj plakas\u0131 ile C Profile sabitlenir. Sabit ask\u0131larda oldu\u011fu gibi ek bir sabitleme civatas\u0131 mevcut de\u011fildir. Bu [&hellip;]\" \/>\n<meta property=\"og:url\" content=\"https:\/\/ravon.com.tr\/en\/product\/r3028d2-kayar-aski-3028-serisi-f2083-3\/\" \/>\n<meta property=\"og:site_name\" content=\"Ravon Enerji ve Data Transfer Sistemleri\" \/>\n<meta property=\"article:publisher\" content=\"https:\/\/www.facebook.com\/ravonfestoon\" \/>\n<meta property=\"article:modified_time\" content=\"2025-01-07T05:52:46+00:00\" \/>\n<meta property=\"og:image\" content=\"https:\/\/ravon.com.tr\/wp-content\/uploads\/2023\/12\/R3010D2.webp\" \/>\n\t<meta property=\"og:image:width\" content=\"1390\" \/>\n\t<meta property=\"og:image:height\" content=\"1390\" \/>\n\t<meta property=\"og:image:type\" content=\"image\/webp\" \/>\n<meta name=\"twitter:card\" content=\"summary_large_image\" \/>\n<meta name=\"twitter:site\" content=\"@ravonfestoon\" \/>\n<meta name=\"twitter:label1\" content=\"Est. reading time\" \/>\n\t<meta name=\"twitter:data1\" content=\"2 minutes\" \/>\n<script type=\"application\/ld+json\" class=\"yoast-schema-graph\">{\"@context\":\"https:\/\/schema.org\",\"@graph\":[{\"@type\":\"WebPage\",\"@id\":\"https:\/\/ravon.com.tr\/product\/r3028d2-kayar-aski-3028-serisi-f2083-3\/\",\"url\":\"https:\/\/ravon.com.tr\/product\/r3028d2-kayar-aski-3028-serisi-f2083-3\/\",\"name\":\"Kayar Ask\u0131 (F20*83) - Ravon Enerji ve Data Transfer Sistemleri\",\"isPartOf\":{\"@id\":\"https:\/\/ravon.com.tr\/#website\"},\"primaryImageOfPage\":{\"@id\":\"https:\/\/ravon.com.tr\/product\/r3028d2-kayar-aski-3028-serisi-f2083-3\/#primaryimage\"},\"image\":{\"@id\":\"https:\/\/ravon.com.tr\/product\/r3028d2-kayar-aski-3028-serisi-f2083-3\/#primaryimage\"},\"thumbnailUrl\":\"https:\/\/ravon.com.tr\/wp-content\/uploads\/2023\/12\/R3010D2.webp\",\"datePublished\":\"2022-08-01T03:00:35+00:00\",\"dateModified\":\"2025-01-07T05:52:46+00:00\",\"breadcrumb\":{\"@id\":\"https:\/\/ravon.com.tr\/product\/r3028d2-kayar-aski-3028-serisi-f2083-3\/#breadcrumb\"},\"inLanguage\":\"en-US\",\"potentialAction\":[{\"@type\":\"ReadAction\",\"target\":[\"https:\/\/ravon.com.tr\/product\/r3028d2-kayar-aski-3028-serisi-f2083-3\/\"]}]},{\"@type\":\"ImageObject\",\"inLanguage\":\"en-US\",\"@id\":\"https:\/\/ravon.com.tr\/product\/r3028d2-kayar-aski-3028-serisi-f2083-3\/#primaryimage\",\"url\":\"https:\/\/ravon.com.tr\/wp-content\/uploads\/2023\/12\/R3010D2.webp\",\"contentUrl\":\"https:\/\/ravon.com.tr\/wp-content\/uploads\/2023\/12\/R3010D2.webp\",\"width\":1390,\"height\":1390,\"caption\":\"kayar ask\u0131\"},{\"@type\":\"BreadcrumbList\",\"@id\":\"https:\/\/ravon.com.tr\/product\/r3028d2-kayar-aski-3028-serisi-f2083-3\/#breadcrumb\",\"itemListElement\":[{\"@type\":\"ListItem\",\"position\":1,\"name\":\"Anasayfa\",\"item\":\"https:\/\/ravon.com.tr\/\"},{\"@type\":\"ListItem\",\"position\":2,\"name\":\"\u00dcr\u00fcnler\",\"item\":\"https:\/\/ravon.com.tr\/shop\/\"},{\"@type\":\"ListItem\",\"position\":3,\"name\":\"Kayar Ask\u0131 (F20*83)\"}]},{\"@type\":\"WebSite\",\"@id\":\"https:\/\/ravon.com.tr\/#website\",\"url\":\"https:\/\/ravon.com.tr\/\",\"name\":\"Ravon Enerji ve Data Transfer Sistemleri\",\"description\":\"Ravon Enerji ve Data Transfer Sistemleri\",\"publisher\":{\"@id\":\"https:\/\/ravon.com.tr\/#organization\"},\"potentialAction\":[{\"@type\":\"SearchAction\",\"target\":{\"@type\":\"EntryPoint\",\"urlTemplate\":\"https:\/\/ravon.com.tr\/?s={search_term_string}\"},\"query-input\":{\"@type\":\"PropertyValueSpecification\",\"valueRequired\":true,\"valueName\":\"search_term_string\"}}],\"inLanguage\":\"en-US\"},{\"@type\":\"Organization\",\"@id\":\"https:\/\/ravon.com.tr\/#organization\",\"name\":\"Ravon Enerji ve Data Transfer Sistemleri\",\"url\":\"https:\/\/ravon.com.tr\/\",\"logo\":{\"@type\":\"ImageObject\",\"inLanguage\":\"en-US\",\"@id\":\"https:\/\/ravon.com.tr\/#\/schema\/logo\/image\/\",\"url\":\"https:\/\/ravon.com.tr\/wp-content\/uploads\/2023\/08\/tinywow_ravon-logo__2__30279301_1-removebg-preview1.png\",\"contentUrl\":\"https:\/\/ravon.com.tr\/wp-content\/uploads\/2023\/08\/tinywow_ravon-logo__2__30279301_1-removebg-preview1.png\",\"width\":745,\"height\":335,\"caption\":\"Ravon Enerji ve Data Transfer Sistemleri\"},\"image\":{\"@id\":\"https:\/\/ravon.com.tr\/#\/schema\/logo\/image\/\"},\"sameAs\":[\"https:\/\/www.facebook.com\/ravonfestoon\",\"https:\/\/x.com\/ravonfestoon\",\"https:\/\/www.instagram.com\/ravon_festoon\/\"]}]}<\/script>\n<!-- \/ Yoast SEO Premium plugin. -->","yoast_head_json":{"title":"Kayar Ask\u0131 (F20*83) - Ravon Enerji ve Data Transfer Sistemleri","robots":{"index":"index","follow":"follow","max-snippet":"max-snippet:-1","max-image-preview":"max-image-preview:large","max-video-preview":"max-video-preview:-1"},"canonical":"https:\/\/ravon.com.tr\/en\/product\/r3028d2-kayar-aski-3028-serisi-f2083-3\/","og_locale":"en_US","og_type":"article","og_title":"Kayar Ask\u0131 (F20*83)","og_description":"Kayar Ask\u0131 D2 Ravon Kayar Ask\u0131s\u0131, vin\u00e7 g\u00f6vdesine montaj\u0131 yap\u0131lan C profilleri ta\u015f\u0131yan ve bu nedenle yap\u0131sal dayan\u0131kl\u0131l\u0131k a\u00e7\u0131s\u0131ndan kritik \u00f6neme sahip bir \u00fcr\u00fcnd\u00fcr. \u00dcst k\u0131sm\u0131nda, iki adet montaj civatas\u0131 bulunur. Bu civatalar, \u00fcr\u00fcn\u00fcn en \u00fcst\u00fcnde bulunan yivli montaj plakas\u0131 ile C Profile sabitlenir. Sabit ask\u0131larda oldu\u011fu gibi ek bir sabitleme civatas\u0131 mevcut de\u011fildir. Bu [&hellip;]","og_url":"https:\/\/ravon.com.tr\/en\/product\/r3028d2-kayar-aski-3028-serisi-f2083-3\/","og_site_name":"Ravon Enerji ve Data Transfer Sistemleri","article_publisher":"https:\/\/www.facebook.com\/ravonfestoon","article_modified_time":"2025-01-07T05:52:46+00:00","og_image":[{"width":1390,"height":1390,"url":"https:\/\/ravon.com.tr\/wp-content\/uploads\/2023\/12\/R3010D2.webp","type":"image\/webp"}],"twitter_card":"summary_large_image","twitter_site":"@ravonfestoon","twitter_misc":{"Est. reading time":"2 minutes"},"schema":{"@context":"https:\/\/schema.org","@graph":[{"@type":"WebPage","@id":"https:\/\/ravon.com.tr\/product\/r3028d2-kayar-aski-3028-serisi-f2083-3\/","url":"https:\/\/ravon.com.tr\/product\/r3028d2-kayar-aski-3028-serisi-f2083-3\/","name":"Kayar Ask\u0131 (F20*83) - Ravon Enerji ve Data Transfer Sistemleri","isPartOf":{"@id":"https:\/\/ravon.com.tr\/#website"},"primaryImageOfPage":{"@id":"https:\/\/ravon.com.tr\/product\/r3028d2-kayar-aski-3028-serisi-f2083-3\/#primaryimage"},"image":{"@id":"https:\/\/ravon.com.tr\/product\/r3028d2-kayar-aski-3028-serisi-f2083-3\/#primaryimage"},"thumbnailUrl":"https:\/\/ravon.com.tr\/wp-content\/uploads\/2023\/12\/R3010D2.webp","datePublished":"2022-08-01T03:00:35+00:00","dateModified":"2025-01-07T05:52:46+00:00","breadcrumb":{"@id":"https:\/\/ravon.com.tr\/product\/r3028d2-kayar-aski-3028-serisi-f2083-3\/#breadcrumb"},"inLanguage":"en-US","potentialAction":[{"@type":"ReadAction","target":["https:\/\/ravon.com.tr\/product\/r3028d2-kayar-aski-3028-serisi-f2083-3\/"]}]},{"@type":"ImageObject","inLanguage":"en-US","@id":"https:\/\/ravon.com.tr\/product\/r3028d2-kayar-aski-3028-serisi-f2083-3\/#primaryimage","url":"https:\/\/ravon.com.tr\/wp-content\/uploads\/2023\/12\/R3010D2.webp","contentUrl":"https:\/\/ravon.com.tr\/wp-content\/uploads\/2023\/12\/R3010D2.webp","width":1390,"height":1390,"caption":"kayar ask\u0131"},{"@type":"BreadcrumbList","@id":"https:\/\/ravon.com.tr\/product\/r3028d2-kayar-aski-3028-serisi-f2083-3\/#breadcrumb","itemListElement":[{"@type":"ListItem","position":1,"name":"Anasayfa","item":"https:\/\/ravon.com.tr\/"},{"@type":"ListItem","position":2,"name":"\u00dcr\u00fcnler","item":"https:\/\/ravon.com.tr\/shop\/"},{"@type":"ListItem","position":3,"name":"Kayar Ask\u0131 (F20*83)"}]},{"@type":"WebSite","@id":"https:\/\/ravon.com.tr\/#website","url":"https:\/\/ravon.com.tr\/","name":"Ravon Enerji ve Data Transfer Sistemleri","description":"Ravon Enerji ve Data Transfer Sistemleri","publisher":{"@id":"https:\/\/ravon.com.tr\/#organization"},"potentialAction":[{"@type":"SearchAction","target":{"@type":"EntryPoint","urlTemplate":"https:\/\/ravon.com.tr\/?s={search_term_string}"},"query-input":{"@type":"PropertyValueSpecification","valueRequired":true,"valueName":"search_term_string"}}],"inLanguage":"en-US"},{"@type":"Organization","@id":"https:\/\/ravon.com.tr\/#organization","name":"Ravon Enerji ve Data Transfer Sistemleri","url":"https:\/\/ravon.com.tr\/","logo":{"@type":"ImageObject","inLanguage":"en-US","@id":"https:\/\/ravon.com.tr\/#\/schema\/logo\/image\/","url":"https:\/\/ravon.com.tr\/wp-content\/uploads\/2023\/08\/tinywow_ravon-logo__2__30279301_1-removebg-preview1.png","contentUrl":"https:\/\/ravon.com.tr\/wp-content\/uploads\/2023\/08\/tinywow_ravon-logo__2__30279301_1-removebg-preview1.png","width":745,"height":335,"caption":"Ravon Enerji ve Data Transfer Sistemleri"},"image":{"@id":"https:\/\/ravon.com.tr\/#\/schema\/logo\/image\/"},"sameAs":["https:\/\/www.facebook.com\/ravonfestoon","https:\/\/x.com\/ravonfestoon","https:\/\/www.instagram.com\/ravon_festoon\/"]}]}},"_links":{"self":[{"href":"https:\/\/ravon.com.tr\/en\/wp-json\/wp\/v2\/product\/8671","targetHints":{"allow":["GET"]}}],"collection":[{"href":"https:\/\/ravon.com.tr\/en\/wp-json\/wp\/v2\/product"}],"about":[{"href":"https:\/\/ravon.com.tr\/en\/wp-json\/wp\/v2\/types\/product"}],"wp:featuredmedia":[{"embeddable":true,"href":"https:\/\/ravon.com.tr\/en\/wp-json\/wp\/v2\/media\/11381"}],"wp:attachment":[{"href":"https:\/\/ravon.com.tr\/en\/wp-json\/wp\/v2\/media?parent=8671"}],"wp:term":[{"taxonomy":"product_brand","embeddable":true,"href":"https:\/\/ravon.com.tr\/en\/wp-json\/wp\/v2\/product_brand?post=8671"},{"taxonomy":"product_cat","embeddable":true,"href":"https:\/\/ravon.com.tr\/en\/wp-json\/wp\/v2\/product_cat?post=8671"},{"taxonomy":"product_tag","embeddable":true,"href":"https:\/\/ravon.com.tr\/en\/wp-json\/wp\/v2\/product_tag?post=8671"}],"curies":[{"name":"wp","href":"https:\/\/api.w.org\/{rel}","templated":true}]}}