{"id":8961,"date":"2022-08-01T07:00:59","date_gmt":"2022-08-01T04:00:59","guid":{"rendered":"https:\/\/ravonfestoon.com\/?post_type=product&#038;p=8961"},"modified":"2025-10-27T15:31:12","modified_gmt":"2025-10-27T12:31:12","slug":"r3012k-kaynak-baglanti-elemani-3012serisi","status":"publish","type":"product","link":"https:\/\/ravon.com.tr\/en\/product\/r3012k-kaynak-baglanti-elemani-3012serisi\/","title":{"rendered":"Support Arm Bracket"},"content":{"rendered":"<p><strong>Support Arm Bracket<\/strong><\/p>\n<p>Support Arm Bracket is a product that plays a critical role in festoon systems. This specially designed connecting element is securely welded to the crane beam, creating the first step for the safe and efficient operation of festoon systems. This welded connection ensures that the product provides long-lasting and reliable performance.<\/p>\n<p>The bolted connection plates located at the bottom of the product allow the connection Track to be securely fixed to it. This feature facilitates the assembly process and ensures that the product is positioned correctly.<\/p>\n<p>However, unlike many other products, the Support Arm Bracket is not galvanized and is therefore susceptible to corrosion. This requires additional precautions to be taken to preserve the long-term performance of the product. Since it is not galvanized, it is recommended that it be coated with a suitable protective paint along with the crane after welding. This paint coating will reduce the risk of corrosion and increase the product's durability.<\/p>\n<p><span style=\"font-size: 10pt;\"><strong>Usage Areas:<br \/>\n<\/strong><\/span><\/p>\n<table style=\"border-collapse: collapse; width: 99.1635%; height: 166px;\">\n<tbody>\n<tr style=\"height: 156px;\">\n<td style=\"width: 20.0888%; height: 156px;\">\n<p style=\"text-align: center;\"><img loading=\"lazy\" decoding=\"async\" class=\"wp-image-12816 aligncenter\" src=\"https:\/\/ravon.com.tr\/wp-content\/uploads\/2022\/08\/Single-Girder-01.png\" alt=\"\" width=\"129\" height=\"95\" \/><strong>Single Girder Crane<\/strong><\/p>\n<\/td>\n<td style=\"width: 19.772%; text-align: center; height: 156px;\"><img loading=\"lazy\" decoding=\"async\" class=\"wp-image-12817 aligncenter\" src=\"https:\/\/ravon.com.tr\/wp-content\/uploads\/2022\/08\/Double-Girder-01-01.png\" alt=\"\" width=\"129\" height=\"95\" \/><strong>Double Girder Crane<\/strong><\/td>\n<td style=\"width: 18.4662%; text-align: center; height: 156px;\"><img loading=\"lazy\" decoding=\"async\" class=\"wp-image-12818 aligncenter\" src=\"https:\/\/ravon.com.tr\/wp-content\/uploads\/2022\/08\/Portal-Crane-01-01-01.png\" alt=\"\" width=\"121\" height=\"101\" \/><strong>Gantry Crane<\/strong><\/td>\n<td style=\"width: 18.5449%; text-align: center; height: 156px;\"><img loading=\"lazy\" decoding=\"async\" class=\"wp-image-12819 aligncenter\" src=\"https:\/\/ravon.com.tr\/wp-content\/uploads\/2022\/08\/Production-Line-01-01.png\" alt=\"\" width=\"117\" height=\"94\" \/><strong>Konvey\u00f6r<\/strong><\/td>\n<td style=\"width: 22.2916%; text-align: center; height: 156px;\"><img loading=\"lazy\" decoding=\"async\" class=\"wp-image-12820 aligncenter\" src=\"https:\/\/ravon.com.tr\/wp-content\/uploads\/2022\/08\/Car-Washing-01-01.png\" alt=\"\" width=\"146\" height=\"95\" \/><strong>Washing Machine<\/strong><\/td>\n<\/tr>\n<tr style=\"height: 23px;\">\n<td style=\"width: 20.0888%; height: 10px;\"><\/td>\n<td style=\"width: 19.772%; height: 10px;\"><\/td>\n<td style=\"width: 18.4662%; height: 10px;\"><\/td>\n<td style=\"width: 18.5449%; height: 10px;\"><\/td>\n<td style=\"width: 22.2916%; height: 10px;\"><\/td>\n<\/tr>\n<\/tbody>\n<\/table>","protected":false},"excerpt":{"rendered":"<p>Kaynak Ba\u011flant\u0131 Eleman\u0131 Festoon sistemlerinde kritik rol oynayan bir \u00fcr\u00fcnd\u00fcr. Bu \u00f6zel tasar\u0131ml\u0131 ba\u011flant\u0131 eleman\u0131, vin\u00e7 kiri\u015fine sa\u011flam bir \u015fekilde kaynaklanarak festoon sistemlerinin g\u00fcvenli ve verimli bir \u015fekilde \u00e7al\u0131\u015fmas\u0131 i\u00e7in ilk ad\u0131m\u0131 olu\u015fturur. Kaynakla yap\u0131lan bu ba\u011flant\u0131, \u00fcr\u00fcn\u00fcn uzun \u00f6m\u00fcrl\u00fc ve g\u00fcvenilir bir performans sunmas\u0131n\u0131 sa\u011flar. \u00dcr\u00fcn\u00fcn alt k\u0131sm\u0131nda yer alan civatal\u0131 ba\u011flant\u0131 plakalar\u0131, ba\u011flant\u0131 [&hellip;]<\/p>","protected":false},"featured_media":11385,"template":"","meta":{"_acf_changed":false,"_et_pb_use_builder":"","_et_pb_old_content":"","_et_gb_content_width":""},"product_brand":[],"product_cat":[492,77,693],"product_tag":[],"class_list":{"0":"post-8961","1":"product","2":"type-product","3":"status-publish","4":"has-post-thumbnail","6":"product_cat-kablo-tasima-sistemleri","7":"product_cat-c-profil-kablo-tasima-sistemleri","8":"product_cat-3040-serisi","10":"first","11":"instock","12":"shipping-taxable","13":"product-type-simple"},"acf":[],"yoast_head":"<!-- This site is optimized with the Yoast SEO Premium plugin v20.13 (Yoast SEO v25.7) - https:\/\/yoast.com\/wordpress\/plugins\/seo\/ -->\n<title>Kaynak Ba\u011flant\u0131 Eleman\u0131 - Ravon Enerji ve Data Transfer Sistemleri<\/title>\n<meta name=\"robots\" content=\"index, follow, max-snippet:-1, max-image-preview:large, max-video-preview:-1\" \/>\n<link rel=\"canonical\" href=\"https:\/\/ravon.com.tr\/en\/product\/r3012k-kaynak-baglanti-elemani-3012serisi\/\" \/>\n<meta property=\"og:locale\" content=\"en_US\" \/>\n<meta property=\"og:type\" content=\"article\" \/>\n<meta property=\"og:title\" content=\"Kaynak Ba\u011flant\u0131 Eleman\u0131\" \/>\n<meta property=\"og:description\" content=\"Kaynak Ba\u011flant\u0131 Eleman\u0131 Festoon sistemlerinde kritik rol oynayan bir \u00fcr\u00fcnd\u00fcr. Bu \u00f6zel tasar\u0131ml\u0131 ba\u011flant\u0131 eleman\u0131, vin\u00e7 kiri\u015fine sa\u011flam bir \u015fekilde kaynaklanarak festoon sistemlerinin g\u00fcvenli ve verimli bir \u015fekilde \u00e7al\u0131\u015fmas\u0131 i\u00e7in ilk ad\u0131m\u0131 olu\u015fturur. Kaynakla yap\u0131lan bu ba\u011flant\u0131, \u00fcr\u00fcn\u00fcn uzun \u00f6m\u00fcrl\u00fc ve g\u00fcvenilir bir performans sunmas\u0131n\u0131 sa\u011flar. \u00dcr\u00fcn\u00fcn alt k\u0131sm\u0131nda yer alan civatal\u0131 ba\u011flant\u0131 plakalar\u0131, ba\u011flant\u0131 [&hellip;]\" \/>\n<meta property=\"og:url\" content=\"https:\/\/ravon.com.tr\/en\/product\/r3012k-kaynak-baglanti-elemani-3012serisi\/\" \/>\n<meta property=\"og:site_name\" content=\"Ravon Enerji ve Data Transfer Sistemleri\" \/>\n<meta property=\"article:publisher\" content=\"https:\/\/www.facebook.com\/ravonfestoon\" \/>\n<meta property=\"article:modified_time\" content=\"2025-10-27T12:31:12+00:00\" \/>\n<meta property=\"og:image\" content=\"https:\/\/ravon.com.tr\/wp-content\/uploads\/2023\/12\/R3012K.webp\" \/>\n\t<meta property=\"og:image:width\" content=\"1390\" \/>\n\t<meta property=\"og:image:height\" content=\"1390\" \/>\n\t<meta property=\"og:image:type\" content=\"image\/webp\" \/>\n<meta name=\"twitter:card\" content=\"summary_large_image\" \/>\n<meta name=\"twitter:site\" content=\"@ravonfestoon\" \/>\n<meta name=\"twitter:label1\" content=\"Est. reading time\" \/>\n\t<meta name=\"twitter:data1\" content=\"3 minutes\" \/>\n<script type=\"application\/ld+json\" class=\"yoast-schema-graph\">{\"@context\":\"https:\/\/schema.org\",\"@graph\":[{\"@type\":\"WebPage\",\"@id\":\"https:\/\/ravon.com.tr\/product\/r3012k-kaynak-baglanti-elemani-3012serisi\/\",\"url\":\"https:\/\/ravon.com.tr\/product\/r3012k-kaynak-baglanti-elemani-3012serisi\/\",\"name\":\"Kaynak Ba\u011flant\u0131 Eleman\u0131 - Ravon Enerji ve Data Transfer Sistemleri\",\"isPartOf\":{\"@id\":\"https:\/\/ravon.com.tr\/#website\"},\"primaryImageOfPage\":{\"@id\":\"https:\/\/ravon.com.tr\/product\/r3012k-kaynak-baglanti-elemani-3012serisi\/#primaryimage\"},\"image\":{\"@id\":\"https:\/\/ravon.com.tr\/product\/r3012k-kaynak-baglanti-elemani-3012serisi\/#primaryimage\"},\"thumbnailUrl\":\"https:\/\/ravon.com.tr\/wp-content\/uploads\/2023\/12\/R3012K.webp\",\"datePublished\":\"2022-08-01T04:00:59+00:00\",\"dateModified\":\"2025-10-27T12:31:12+00:00\",\"breadcrumb\":{\"@id\":\"https:\/\/ravon.com.tr\/product\/r3012k-kaynak-baglanti-elemani-3012serisi\/#breadcrumb\"},\"inLanguage\":\"en-US\",\"potentialAction\":[{\"@type\":\"ReadAction\",\"target\":[\"https:\/\/ravon.com.tr\/product\/r3012k-kaynak-baglanti-elemani-3012serisi\/\"]}]},{\"@type\":\"ImageObject\",\"inLanguage\":\"en-US\",\"@id\":\"https:\/\/ravon.com.tr\/product\/r3012k-kaynak-baglanti-elemani-3012serisi\/#primaryimage\",\"url\":\"https:\/\/ravon.com.tr\/wp-content\/uploads\/2023\/12\/R3012K.webp\",\"contentUrl\":\"https:\/\/ravon.com.tr\/wp-content\/uploads\/2023\/12\/R3012K.webp\",\"width\":1390,\"height\":1390},{\"@type\":\"BreadcrumbList\",\"@id\":\"https:\/\/ravon.com.tr\/product\/r3012k-kaynak-baglanti-elemani-3012serisi\/#breadcrumb\",\"itemListElement\":[{\"@type\":\"ListItem\",\"position\":1,\"name\":\"Anasayfa\",\"item\":\"https:\/\/ravon.com.tr\/\"},{\"@type\":\"ListItem\",\"position\":2,\"name\":\"\u00dcr\u00fcnler\",\"item\":\"https:\/\/ravon.com.tr\/shop\/\"},{\"@type\":\"ListItem\",\"position\":3,\"name\":\"Kaynak Ba\u011flant\u0131 Eleman\u0131\"}]},{\"@type\":\"WebSite\",\"@id\":\"https:\/\/ravon.com.tr\/#website\",\"url\":\"https:\/\/ravon.com.tr\/\",\"name\":\"Ravon Enerji ve Data Transfer Sistemleri\",\"description\":\"Ravon Enerji ve Data Transfer Sistemleri\",\"publisher\":{\"@id\":\"https:\/\/ravon.com.tr\/#organization\"},\"potentialAction\":[{\"@type\":\"SearchAction\",\"target\":{\"@type\":\"EntryPoint\",\"urlTemplate\":\"https:\/\/ravon.com.tr\/?s={search_term_string}\"},\"query-input\":{\"@type\":\"PropertyValueSpecification\",\"valueRequired\":true,\"valueName\":\"search_term_string\"}}],\"inLanguage\":\"en-US\"},{\"@type\":\"Organization\",\"@id\":\"https:\/\/ravon.com.tr\/#organization\",\"name\":\"Ravon Enerji ve Data Transfer Sistemleri\",\"url\":\"https:\/\/ravon.com.tr\/\",\"logo\":{\"@type\":\"ImageObject\",\"inLanguage\":\"en-US\",\"@id\":\"https:\/\/ravon.com.tr\/#\/schema\/logo\/image\/\",\"url\":\"https:\/\/ravon.com.tr\/wp-content\/uploads\/2023\/08\/tinywow_ravon-logo__2__30279301_1-removebg-preview1.png\",\"contentUrl\":\"https:\/\/ravon.com.tr\/wp-content\/uploads\/2023\/08\/tinywow_ravon-logo__2__30279301_1-removebg-preview1.png\",\"width\":745,\"height\":335,\"caption\":\"Ravon Enerji ve Data Transfer Sistemleri\"},\"image\":{\"@id\":\"https:\/\/ravon.com.tr\/#\/schema\/logo\/image\/\"},\"sameAs\":[\"https:\/\/www.facebook.com\/ravonfestoon\",\"https:\/\/x.com\/ravonfestoon\",\"https:\/\/www.instagram.com\/ravon_festoon\/\"]}]}<\/script>\n<!-- \/ Yoast SEO Premium plugin. -->","yoast_head_json":{"title":"Kaynak Ba\u011flant\u0131 Eleman\u0131 - Ravon Enerji ve Data Transfer Sistemleri","robots":{"index":"index","follow":"follow","max-snippet":"max-snippet:-1","max-image-preview":"max-image-preview:large","max-video-preview":"max-video-preview:-1"},"canonical":"https:\/\/ravon.com.tr\/en\/product\/r3012k-kaynak-baglanti-elemani-3012serisi\/","og_locale":"en_US","og_type":"article","og_title":"Kaynak Ba\u011flant\u0131 Eleman\u0131","og_description":"Kaynak Ba\u011flant\u0131 Eleman\u0131 Festoon sistemlerinde kritik rol oynayan bir \u00fcr\u00fcnd\u00fcr. Bu \u00f6zel tasar\u0131ml\u0131 ba\u011flant\u0131 eleman\u0131, vin\u00e7 kiri\u015fine sa\u011flam bir \u015fekilde kaynaklanarak festoon sistemlerinin g\u00fcvenli ve verimli bir \u015fekilde \u00e7al\u0131\u015fmas\u0131 i\u00e7in ilk ad\u0131m\u0131 olu\u015fturur. Kaynakla yap\u0131lan bu ba\u011flant\u0131, \u00fcr\u00fcn\u00fcn uzun \u00f6m\u00fcrl\u00fc ve g\u00fcvenilir bir performans sunmas\u0131n\u0131 sa\u011flar. \u00dcr\u00fcn\u00fcn alt k\u0131sm\u0131nda yer alan civatal\u0131 ba\u011flant\u0131 plakalar\u0131, ba\u011flant\u0131 [&hellip;]","og_url":"https:\/\/ravon.com.tr\/en\/product\/r3012k-kaynak-baglanti-elemani-3012serisi\/","og_site_name":"Ravon Enerji ve Data Transfer Sistemleri","article_publisher":"https:\/\/www.facebook.com\/ravonfestoon","article_modified_time":"2025-10-27T12:31:12+00:00","og_image":[{"width":1390,"height":1390,"url":"https:\/\/ravon.com.tr\/wp-content\/uploads\/2023\/12\/R3012K.webp","type":"image\/webp"}],"twitter_card":"summary_large_image","twitter_site":"@ravonfestoon","twitter_misc":{"Est. reading time":"3 minutes"},"schema":{"@context":"https:\/\/schema.org","@graph":[{"@type":"WebPage","@id":"https:\/\/ravon.com.tr\/product\/r3012k-kaynak-baglanti-elemani-3012serisi\/","url":"https:\/\/ravon.com.tr\/product\/r3012k-kaynak-baglanti-elemani-3012serisi\/","name":"Kaynak Ba\u011flant\u0131 Eleman\u0131 - Ravon Enerji ve Data Transfer Sistemleri","isPartOf":{"@id":"https:\/\/ravon.com.tr\/#website"},"primaryImageOfPage":{"@id":"https:\/\/ravon.com.tr\/product\/r3012k-kaynak-baglanti-elemani-3012serisi\/#primaryimage"},"image":{"@id":"https:\/\/ravon.com.tr\/product\/r3012k-kaynak-baglanti-elemani-3012serisi\/#primaryimage"},"thumbnailUrl":"https:\/\/ravon.com.tr\/wp-content\/uploads\/2023\/12\/R3012K.webp","datePublished":"2022-08-01T04:00:59+00:00","dateModified":"2025-10-27T12:31:12+00:00","breadcrumb":{"@id":"https:\/\/ravon.com.tr\/product\/r3012k-kaynak-baglanti-elemani-3012serisi\/#breadcrumb"},"inLanguage":"en-US","potentialAction":[{"@type":"ReadAction","target":["https:\/\/ravon.com.tr\/product\/r3012k-kaynak-baglanti-elemani-3012serisi\/"]}]},{"@type":"ImageObject","inLanguage":"en-US","@id":"https:\/\/ravon.com.tr\/product\/r3012k-kaynak-baglanti-elemani-3012serisi\/#primaryimage","url":"https:\/\/ravon.com.tr\/wp-content\/uploads\/2023\/12\/R3012K.webp","contentUrl":"https:\/\/ravon.com.tr\/wp-content\/uploads\/2023\/12\/R3012K.webp","width":1390,"height":1390},{"@type":"BreadcrumbList","@id":"https:\/\/ravon.com.tr\/product\/r3012k-kaynak-baglanti-elemani-3012serisi\/#breadcrumb","itemListElement":[{"@type":"ListItem","position":1,"name":"Anasayfa","item":"https:\/\/ravon.com.tr\/"},{"@type":"ListItem","position":2,"name":"\u00dcr\u00fcnler","item":"https:\/\/ravon.com.tr\/shop\/"},{"@type":"ListItem","position":3,"name":"Kaynak Ba\u011flant\u0131 Eleman\u0131"}]},{"@type":"WebSite","@id":"https:\/\/ravon.com.tr\/#website","url":"https:\/\/ravon.com.tr\/","name":"Ravon Enerji ve Data Transfer Sistemleri","description":"Ravon Enerji ve Data Transfer Sistemleri","publisher":{"@id":"https:\/\/ravon.com.tr\/#organization"},"potentialAction":[{"@type":"SearchAction","target":{"@type":"EntryPoint","urlTemplate":"https:\/\/ravon.com.tr\/?s={search_term_string}"},"query-input":{"@type":"PropertyValueSpecification","valueRequired":true,"valueName":"search_term_string"}}],"inLanguage":"en-US"},{"@type":"Organization","@id":"https:\/\/ravon.com.tr\/#organization","name":"Ravon Enerji ve Data Transfer Sistemleri","url":"https:\/\/ravon.com.tr\/","logo":{"@type":"ImageObject","inLanguage":"en-US","@id":"https:\/\/ravon.com.tr\/#\/schema\/logo\/image\/","url":"https:\/\/ravon.com.tr\/wp-content\/uploads\/2023\/08\/tinywow_ravon-logo__2__30279301_1-removebg-preview1.png","contentUrl":"https:\/\/ravon.com.tr\/wp-content\/uploads\/2023\/08\/tinywow_ravon-logo__2__30279301_1-removebg-preview1.png","width":745,"height":335,"caption":"Ravon Enerji ve Data Transfer Sistemleri"},"image":{"@id":"https:\/\/ravon.com.tr\/#\/schema\/logo\/image\/"},"sameAs":["https:\/\/www.facebook.com\/ravonfestoon","https:\/\/x.com\/ravonfestoon","https:\/\/www.instagram.com\/ravon_festoon\/"]}]}},"_links":{"self":[{"href":"https:\/\/ravon.com.tr\/en\/wp-json\/wp\/v2\/product\/8961","targetHints":{"allow":["GET"]}}],"collection":[{"href":"https:\/\/ravon.com.tr\/en\/wp-json\/wp\/v2\/product"}],"about":[{"href":"https:\/\/ravon.com.tr\/en\/wp-json\/wp\/v2\/types\/product"}],"wp:featuredmedia":[{"embeddable":true,"href":"https:\/\/ravon.com.tr\/en\/wp-json\/wp\/v2\/media\/11385"}],"wp:attachment":[{"href":"https:\/\/ravon.com.tr\/en\/wp-json\/wp\/v2\/media?parent=8961"}],"wp:term":[{"taxonomy":"product_brand","embeddable":true,"href":"https:\/\/ravon.com.tr\/en\/wp-json\/wp\/v2\/product_brand?post=8961"},{"taxonomy":"product_cat","embeddable":true,"href":"https:\/\/ravon.com.tr\/en\/wp-json\/wp\/v2\/product_cat?post=8961"},{"taxonomy":"product_tag","embeddable":true,"href":"https:\/\/ravon.com.tr\/en\/wp-json\/wp\/v2\/product_tag?post=8961"}],"curies":[{"name":"wp","href":"https:\/\/api.w.org\/{rel}","templated":true}]}}