{"id":8981,"date":"2023-12-03T17:54:18","date_gmt":"2023-12-03T14:54:18","guid":{"rendered":"https:\/\/ravonfestoon.com\/?post_type=product&#038;p=8981"},"modified":"2025-03-11T11:02:43","modified_gmt":"2025-03-11T08:02:43","slug":"r3008a-on-araba-surukleyici-kolu","status":"publish","type":"product","link":"https:\/\/ravon.com.tr\/en\/product\/r3008a-on-araba-surukleyici-kolu\/","title":{"rendered":"Towing Arm (Top Mounting Type)"},"content":{"rendered":"<p>The towing arm is a structural component made up of two steel profiles that run parallel to each other. These profiles are securely connected by two brackets, which are bolted together to ensure stability and rigidity. At the end of the steel profiles, a third bracket is installed, designed specifically to connect the towing arm to a hoist or girder at the top. This third bracket acts as the interface between the arm and the lifting mechanism, ensuring proper load transfer and alignment. The entire assembly is engineered to handle significant forces, providing a durable and reliable connection for towing operations.<\/p>\n<p>Regular inspection of the bolts and brackets is essential to maintain the structural integrity and safety of\u00a0the\u00a0towing\u00a0arm.<\/p>","protected":false},"excerpt":{"rendered":"<p>\u00d6n Araba s\u00fcr\u00fckleyici Kolu, birbirine paralel uzanan iki \u00e7elik profilden olu\u015fan yap\u0131sal bir bile\u015fendir. Bu profiller, sa\u011flaml\u0131k ve rijitlik sa\u011flamak i\u00e7in birbirine iki adet braket ile ba\u011flanm\u0131\u015ft\u0131r ve bu braketler c\u0131vatalarla birle\u015ftirilmi\u015ftir. \u00c7elik profillerin ucunda, \u00f6n araba s\u00fcr\u00fckleyici kolunun \u00fcstteki bir vin\u00e7 veya kiri\u015fe ba\u011flanmas\u0131n\u0131 sa\u011flamak i\u00e7in \u00fc\u00e7\u00fcnc\u00fc bir braket bulunur. Bu \u00fc\u00e7\u00fcnc\u00fc braket, kol [&hellip;]<\/p>","protected":false},"featured_media":11539,"template":"","meta":{"_acf_changed":false,"_et_pb_use_builder":"","_et_pb_old_content":"","_et_gb_content_width":""},"product_brand":[],"product_cat":[723],"product_tag":[],"class_list":{"0":"post-8981","1":"product","2":"type-product","3":"status-publish","4":"has-post-thumbnail","6":"product_cat-yardimci-ekipmanlar","8":"first","9":"instock","10":"shipping-taxable","11":"product-type-simple"},"acf":[],"yoast_head":"<!-- This site is optimized with the Yoast SEO Premium plugin v20.13 (Yoast SEO v25.7) - https:\/\/yoast.com\/wordpress\/plugins\/seo\/ -->\n<title>\u00d6n Araba S\u00fcr\u00fckleyici Kolu - Ravon Enerji ve Data Transfer Sistemleri<\/title>\n<meta name=\"robots\" content=\"index, follow, max-snippet:-1, max-image-preview:large, max-video-preview:-1\" \/>\n<link rel=\"canonical\" href=\"https:\/\/ravon.com.tr\/en\/product\/r3008a-on-araba-surukleyici-kolu\/\" \/>\n<meta property=\"og:locale\" content=\"en_US\" \/>\n<meta property=\"og:type\" content=\"article\" \/>\n<meta property=\"og:title\" content=\"\u00d6n Araba S\u00fcr\u00fckleyici Kolu\" \/>\n<meta property=\"og:description\" content=\"\u00d6n Araba s\u00fcr\u00fckleyici Kolu, birbirine paralel uzanan iki \u00e7elik profilden olu\u015fan yap\u0131sal bir bile\u015fendir. Bu profiller, sa\u011flaml\u0131k ve rijitlik sa\u011flamak i\u00e7in birbirine iki adet braket ile ba\u011flanm\u0131\u015ft\u0131r ve bu braketler c\u0131vatalarla birle\u015ftirilmi\u015ftir. \u00c7elik profillerin ucunda, \u00f6n araba s\u00fcr\u00fckleyici kolunun \u00fcstteki bir vin\u00e7 veya kiri\u015fe ba\u011flanmas\u0131n\u0131 sa\u011flamak i\u00e7in \u00fc\u00e7\u00fcnc\u00fc bir braket bulunur. Bu \u00fc\u00e7\u00fcnc\u00fc braket, kol [&hellip;]\" \/>\n<meta property=\"og:url\" content=\"https:\/\/ravon.com.tr\/en\/product\/r3008a-on-araba-surukleyici-kolu\/\" \/>\n<meta property=\"og:site_name\" content=\"Ravon Enerji ve Data Transfer Sistemleri\" \/>\n<meta property=\"article:publisher\" content=\"https:\/\/www.facebook.com\/ravonfestoon\" \/>\n<meta property=\"article:modified_time\" content=\"2025-03-11T08:02:43+00:00\" \/>\n<meta property=\"og:image\" content=\"https:\/\/ravon.com.tr\/wp-content\/uploads\/2023\/12\/R3008A.webp\" \/>\n\t<meta property=\"og:image:width\" content=\"1390\" \/>\n\t<meta property=\"og:image:height\" content=\"1390\" \/>\n\t<meta property=\"og:image:type\" content=\"image\/webp\" \/>\n<meta name=\"twitter:card\" content=\"summary_large_image\" \/>\n<meta name=\"twitter:site\" content=\"@ravonfestoon\" \/>\n<meta name=\"twitter:label1\" content=\"Est. reading time\" \/>\n\t<meta name=\"twitter:data1\" content=\"1 minute\" \/>\n<script type=\"application\/ld+json\" class=\"yoast-schema-graph\">{\"@context\":\"https:\/\/schema.org\",\"@graph\":[{\"@type\":\"WebPage\",\"@id\":\"https:\/\/ravon.com.tr\/product\/r3008a-on-araba-surukleyici-kolu\/\",\"url\":\"https:\/\/ravon.com.tr\/product\/r3008a-on-araba-surukleyici-kolu\/\",\"name\":\"\u00d6n Araba S\u00fcr\u00fckleyici Kolu - Ravon Enerji ve Data Transfer Sistemleri\",\"isPartOf\":{\"@id\":\"https:\/\/ravon.com.tr\/#website\"},\"primaryImageOfPage\":{\"@id\":\"https:\/\/ravon.com.tr\/product\/r3008a-on-araba-surukleyici-kolu\/#primaryimage\"},\"image\":{\"@id\":\"https:\/\/ravon.com.tr\/product\/r3008a-on-araba-surukleyici-kolu\/#primaryimage\"},\"thumbnailUrl\":\"https:\/\/ravon.com.tr\/wp-content\/uploads\/2023\/12\/R3008A.webp\",\"datePublished\":\"2023-12-03T14:54:18+00:00\",\"dateModified\":\"2025-03-11T08:02:43+00:00\",\"breadcrumb\":{\"@id\":\"https:\/\/ravon.com.tr\/product\/r3008a-on-araba-surukleyici-kolu\/#breadcrumb\"},\"inLanguage\":\"en-US\",\"potentialAction\":[{\"@type\":\"ReadAction\",\"target\":[\"https:\/\/ravon.com.tr\/product\/r3008a-on-araba-surukleyici-kolu\/\"]}]},{\"@type\":\"ImageObject\",\"inLanguage\":\"en-US\",\"@id\":\"https:\/\/ravon.com.tr\/product\/r3008a-on-araba-surukleyici-kolu\/#primaryimage\",\"url\":\"https:\/\/ravon.com.tr\/wp-content\/uploads\/2023\/12\/R3008A.webp\",\"contentUrl\":\"https:\/\/ravon.com.tr\/wp-content\/uploads\/2023\/12\/R3008A.webp\",\"width\":1390,\"height\":1390},{\"@type\":\"BreadcrumbList\",\"@id\":\"https:\/\/ravon.com.tr\/product\/r3008a-on-araba-surukleyici-kolu\/#breadcrumb\",\"itemListElement\":[{\"@type\":\"ListItem\",\"position\":1,\"name\":\"Anasayfa\",\"item\":\"https:\/\/ravon.com.tr\/\"},{\"@type\":\"ListItem\",\"position\":2,\"name\":\"\u00dcr\u00fcnler\",\"item\":\"https:\/\/ravon.com.tr\/shop\/\"},{\"@type\":\"ListItem\",\"position\":3,\"name\":\"\u00d6n Araba S\u00fcr\u00fckleyici Kolu\"}]},{\"@type\":\"WebSite\",\"@id\":\"https:\/\/ravon.com.tr\/#website\",\"url\":\"https:\/\/ravon.com.tr\/\",\"name\":\"Ravon Enerji ve Data Transfer Sistemleri\",\"description\":\"Ravon Enerji ve Data Transfer Sistemleri\",\"publisher\":{\"@id\":\"https:\/\/ravon.com.tr\/#organization\"},\"potentialAction\":[{\"@type\":\"SearchAction\",\"target\":{\"@type\":\"EntryPoint\",\"urlTemplate\":\"https:\/\/ravon.com.tr\/?s={search_term_string}\"},\"query-input\":{\"@type\":\"PropertyValueSpecification\",\"valueRequired\":true,\"valueName\":\"search_term_string\"}}],\"inLanguage\":\"en-US\"},{\"@type\":\"Organization\",\"@id\":\"https:\/\/ravon.com.tr\/#organization\",\"name\":\"Ravon Enerji ve Data Transfer Sistemleri\",\"url\":\"https:\/\/ravon.com.tr\/\",\"logo\":{\"@type\":\"ImageObject\",\"inLanguage\":\"en-US\",\"@id\":\"https:\/\/ravon.com.tr\/#\/schema\/logo\/image\/\",\"url\":\"https:\/\/ravon.com.tr\/wp-content\/uploads\/2023\/08\/tinywow_ravon-logo__2__30279301_1-removebg-preview1.png\",\"contentUrl\":\"https:\/\/ravon.com.tr\/wp-content\/uploads\/2023\/08\/tinywow_ravon-logo__2__30279301_1-removebg-preview1.png\",\"width\":745,\"height\":335,\"caption\":\"Ravon Enerji ve Data Transfer Sistemleri\"},\"image\":{\"@id\":\"https:\/\/ravon.com.tr\/#\/schema\/logo\/image\/\"},\"sameAs\":[\"https:\/\/www.facebook.com\/ravonfestoon\",\"https:\/\/x.com\/ravonfestoon\",\"https:\/\/www.instagram.com\/ravon_festoon\/\"]}]}<\/script>\n<!-- \/ Yoast SEO Premium plugin. -->","yoast_head_json":{"title":"\u00d6n Araba S\u00fcr\u00fckleyici Kolu - Ravon Enerji ve Data Transfer Sistemleri","robots":{"index":"index","follow":"follow","max-snippet":"max-snippet:-1","max-image-preview":"max-image-preview:large","max-video-preview":"max-video-preview:-1"},"canonical":"https:\/\/ravon.com.tr\/en\/product\/r3008a-on-araba-surukleyici-kolu\/","og_locale":"en_US","og_type":"article","og_title":"\u00d6n Araba S\u00fcr\u00fckleyici Kolu","og_description":"\u00d6n Araba s\u00fcr\u00fckleyici Kolu, birbirine paralel uzanan iki \u00e7elik profilden olu\u015fan yap\u0131sal bir bile\u015fendir. Bu profiller, sa\u011flaml\u0131k ve rijitlik sa\u011flamak i\u00e7in birbirine iki adet braket ile ba\u011flanm\u0131\u015ft\u0131r ve bu braketler c\u0131vatalarla birle\u015ftirilmi\u015ftir. \u00c7elik profillerin ucunda, \u00f6n araba s\u00fcr\u00fckleyici kolunun \u00fcstteki bir vin\u00e7 veya kiri\u015fe ba\u011flanmas\u0131n\u0131 sa\u011flamak i\u00e7in \u00fc\u00e7\u00fcnc\u00fc bir braket bulunur. Bu \u00fc\u00e7\u00fcnc\u00fc braket, kol [&hellip;]","og_url":"https:\/\/ravon.com.tr\/en\/product\/r3008a-on-araba-surukleyici-kolu\/","og_site_name":"Ravon Enerji ve Data Transfer Sistemleri","article_publisher":"https:\/\/www.facebook.com\/ravonfestoon","article_modified_time":"2025-03-11T08:02:43+00:00","og_image":[{"width":1390,"height":1390,"url":"https:\/\/ravon.com.tr\/wp-content\/uploads\/2023\/12\/R3008A.webp","type":"image\/webp"}],"twitter_card":"summary_large_image","twitter_site":"@ravonfestoon","twitter_misc":{"Est. reading time":"1 minute"},"schema":{"@context":"https:\/\/schema.org","@graph":[{"@type":"WebPage","@id":"https:\/\/ravon.com.tr\/product\/r3008a-on-araba-surukleyici-kolu\/","url":"https:\/\/ravon.com.tr\/product\/r3008a-on-araba-surukleyici-kolu\/","name":"\u00d6n Araba S\u00fcr\u00fckleyici Kolu - Ravon Enerji ve Data Transfer Sistemleri","isPartOf":{"@id":"https:\/\/ravon.com.tr\/#website"},"primaryImageOfPage":{"@id":"https:\/\/ravon.com.tr\/product\/r3008a-on-araba-surukleyici-kolu\/#primaryimage"},"image":{"@id":"https:\/\/ravon.com.tr\/product\/r3008a-on-araba-surukleyici-kolu\/#primaryimage"},"thumbnailUrl":"https:\/\/ravon.com.tr\/wp-content\/uploads\/2023\/12\/R3008A.webp","datePublished":"2023-12-03T14:54:18+00:00","dateModified":"2025-03-11T08:02:43+00:00","breadcrumb":{"@id":"https:\/\/ravon.com.tr\/product\/r3008a-on-araba-surukleyici-kolu\/#breadcrumb"},"inLanguage":"en-US","potentialAction":[{"@type":"ReadAction","target":["https:\/\/ravon.com.tr\/product\/r3008a-on-araba-surukleyici-kolu\/"]}]},{"@type":"ImageObject","inLanguage":"en-US","@id":"https:\/\/ravon.com.tr\/product\/r3008a-on-araba-surukleyici-kolu\/#primaryimage","url":"https:\/\/ravon.com.tr\/wp-content\/uploads\/2023\/12\/R3008A.webp","contentUrl":"https:\/\/ravon.com.tr\/wp-content\/uploads\/2023\/12\/R3008A.webp","width":1390,"height":1390},{"@type":"BreadcrumbList","@id":"https:\/\/ravon.com.tr\/product\/r3008a-on-araba-surukleyici-kolu\/#breadcrumb","itemListElement":[{"@type":"ListItem","position":1,"name":"Anasayfa","item":"https:\/\/ravon.com.tr\/"},{"@type":"ListItem","position":2,"name":"\u00dcr\u00fcnler","item":"https:\/\/ravon.com.tr\/shop\/"},{"@type":"ListItem","position":3,"name":"\u00d6n Araba S\u00fcr\u00fckleyici Kolu"}]},{"@type":"WebSite","@id":"https:\/\/ravon.com.tr\/#website","url":"https:\/\/ravon.com.tr\/","name":"Ravon Enerji ve Data Transfer Sistemleri","description":"Ravon Enerji ve Data Transfer Sistemleri","publisher":{"@id":"https:\/\/ravon.com.tr\/#organization"},"potentialAction":[{"@type":"SearchAction","target":{"@type":"EntryPoint","urlTemplate":"https:\/\/ravon.com.tr\/?s={search_term_string}"},"query-input":{"@type":"PropertyValueSpecification","valueRequired":true,"valueName":"search_term_string"}}],"inLanguage":"en-US"},{"@type":"Organization","@id":"https:\/\/ravon.com.tr\/#organization","name":"Ravon Enerji ve Data Transfer Sistemleri","url":"https:\/\/ravon.com.tr\/","logo":{"@type":"ImageObject","inLanguage":"en-US","@id":"https:\/\/ravon.com.tr\/#\/schema\/logo\/image\/","url":"https:\/\/ravon.com.tr\/wp-content\/uploads\/2023\/08\/tinywow_ravon-logo__2__30279301_1-removebg-preview1.png","contentUrl":"https:\/\/ravon.com.tr\/wp-content\/uploads\/2023\/08\/tinywow_ravon-logo__2__30279301_1-removebg-preview1.png","width":745,"height":335,"caption":"Ravon Enerji ve Data Transfer Sistemleri"},"image":{"@id":"https:\/\/ravon.com.tr\/#\/schema\/logo\/image\/"},"sameAs":["https:\/\/www.facebook.com\/ravonfestoon","https:\/\/x.com\/ravonfestoon","https:\/\/www.instagram.com\/ravon_festoon\/"]}]}},"_links":{"self":[{"href":"https:\/\/ravon.com.tr\/en\/wp-json\/wp\/v2\/product\/8981","targetHints":{"allow":["GET"]}}],"collection":[{"href":"https:\/\/ravon.com.tr\/en\/wp-json\/wp\/v2\/product"}],"about":[{"href":"https:\/\/ravon.com.tr\/en\/wp-json\/wp\/v2\/types\/product"}],"wp:featuredmedia":[{"embeddable":true,"href":"https:\/\/ravon.com.tr\/en\/wp-json\/wp\/v2\/media\/11539"}],"wp:attachment":[{"href":"https:\/\/ravon.com.tr\/en\/wp-json\/wp\/v2\/media?parent=8981"}],"wp:term":[{"taxonomy":"product_brand","embeddable":true,"href":"https:\/\/ravon.com.tr\/en\/wp-json\/wp\/v2\/product_brand?post=8981"},{"taxonomy":"product_cat","embeddable":true,"href":"https:\/\/ravon.com.tr\/en\/wp-json\/wp\/v2\/product_cat?post=8981"},{"taxonomy":"product_tag","embeddable":true,"href":"https:\/\/ravon.com.tr\/en\/wp-json\/wp\/v2\/product_tag?post=8981"}],"curies":[{"name":"wp","href":"https:\/\/api.w.org\/{rel}","templated":true}]}}