{"id":8989,"date":"2023-12-03T17:54:13","date_gmt":"2023-12-03T14:54:13","guid":{"rendered":"https:\/\/ravonfestoon.com\/?post_type=product&#038;p=8989"},"modified":"2025-01-07T12:02:09","modified_gmt":"2025-01-07T09:02:09","slug":"r3008c40-bara-aski-kolu-seti","status":"publish","type":"product","link":"https:\/\/ravon.com.tr\/en\/product\/r3008c40-bara-aski-kolu-seti\/","title":{"rendered":"Busbar Support Arm"},"content":{"rendered":"<p data-pm-slice=\"1 1 []\"><strong>Busbar Support Arm<\/strong><\/p>\n<p data-pm-slice=\"1 1 []\">Bara Ask\u0131 Kolu Seti, NPI kiri\u015fler veya vin\u00e7 k\u00f6pr\u00fcs\u00fc ile ask\u0131lar aras\u0131nda uzatma sa\u011flamak amac\u0131yla \u00fcretilmi\u015f \u00f6zel bir \u00fcr\u00fcnd\u00fcr. C profilden kesilerek \u00fcretilen bu \u00fcr\u00fcn, kolay montaj imk\u00e2n\u0131 sa\u011flayan K\u00f6pr\u00fc Ba\u011flant\u0131 Kelep\u00e7eleri ile birlikte sistemde kritik bir \u00f6neme sahiptir. M\u00fc\u015fterilerin \u00f6zel ihtiya\u00e7lar\u0131na g\u00f6re \u00e7e\u015fitli \u00f6l\u00e7\u00fclerde \u00f6zelle\u015ftirilebilir. Ask\u0131 kolunun malzemesi DX 51D+Z iken, K\u00f6pr\u00fc Ba\u011flant\u0131 Kelep\u00e7eleri, c\u0131vata ve somunlar\u0131 galvanizli \u00e7eliktir. Bu, \u00fcr\u00fcn\u00fc korozyona kar\u015f\u0131 koruyarak maliyetleri d\u00fc\u015f\u00fcr\u00fcr ve bak\u0131m ihtiyac\u0131n\u0131 azalt\u0131r, b\u00f6ylece projenizin verimlili\u011fini ve g\u00fcvenilirli\u011fini art\u0131r\u0131r.<\/p>\n<p data-pm-slice=\"1 1 []\">\n<p><span style=\"font-size: 10pt;\"><strong><span style=\"font-size: 12pt;\">Usage Areas:<\/span><br \/>\n<\/strong><\/span><\/p>\n<table style=\"border-collapse: collapse; width: 99.1635%; height: 166px;\">\n<tbody>\n<tr style=\"height: 156px;\">\n<td style=\"width: 20.0888%; height: 156px;\">\n<p style=\"text-align: center;\"><img loading=\"lazy\" decoding=\"async\" class=\"wp-image-12816 aligncenter\" src=\"https:\/\/ravon.com.tr\/wp-content\/uploads\/2022\/08\/Single-Girder-01.png\" alt=\"\" width=\"129\" height=\"95\" \/><strong>Single Girder Crane<\/strong><\/p>\n<\/td>\n<td style=\"width: 19.772%; text-align: center; height: 156px;\"><img loading=\"lazy\" decoding=\"async\" class=\"wp-image-12817 aligncenter\" src=\"https:\/\/ravon.com.tr\/wp-content\/uploads\/2022\/08\/Double-Girder-01-01.png\" alt=\"\" width=\"129\" height=\"95\" \/><strong>Double Girder Crane<\/strong><\/td>\n<td style=\"width: 18.4662%; text-align: center; height: 156px;\"><img loading=\"lazy\" decoding=\"async\" class=\"wp-image-12818 aligncenter\" src=\"https:\/\/ravon.com.tr\/wp-content\/uploads\/2022\/08\/Portal-Crane-01-01-01.png\" alt=\"\" width=\"121\" height=\"101\" \/><strong>Gantry Crane<\/strong><\/td>\n<td style=\"width: 18.5449%; text-align: center; height: 156px;\"><img loading=\"lazy\" decoding=\"async\" class=\"wp-image-12819 aligncenter\" src=\"https:\/\/ravon.com.tr\/wp-content\/uploads\/2022\/08\/Production-Line-01-01.png\" alt=\"\" width=\"117\" height=\"94\" \/><strong>Konvey\u00f6r<\/strong><\/td>\n<td style=\"width: 22.2916%; text-align: center; height: 156px;\"><img loading=\"lazy\" decoding=\"async\" class=\"wp-image-12820 aligncenter\" src=\"https:\/\/ravon.com.tr\/wp-content\/uploads\/2022\/08\/Car-Washing-01-01.png\" alt=\"\" width=\"146\" height=\"95\" \/><strong>Washing Machine<\/strong><\/td>\n<\/tr>\n<tr style=\"height: 23px;\">\n<td style=\"width: 20.0888%; height: 10px;\"><\/td>\n<td style=\"width: 19.772%; height: 10px;\"><\/td>\n<td style=\"width: 18.4662%; height: 10px;\"><\/td>\n<td style=\"width: 18.5449%; height: 10px;\"><\/td>\n<td style=\"width: 22.2916%; height: 10px;\"><\/td>\n<\/tr>\n<\/tbody>\n<\/table>","protected":false},"excerpt":{"rendered":"<p>Bara Ask\u0131 Kolu Seti Bara Ask\u0131 Kolu Seti, NPI kiri\u015fler veya vin\u00e7 k\u00f6pr\u00fcs\u00fc ile ask\u0131lar aras\u0131nda uzatma sa\u011flamak amac\u0131yla \u00fcretilmi\u015f \u00f6zel bir \u00fcr\u00fcnd\u00fcr. C profilden kesilerek \u00fcretilen bu \u00fcr\u00fcn, kolay montaj imk\u00e2n\u0131 sa\u011flayan K\u00f6pr\u00fc Ba\u011flant\u0131 Kelep\u00e7eleri ile birlikte sistemde kritik bir \u00f6neme sahiptir. M\u00fc\u015fterilerin \u00f6zel ihtiya\u00e7lar\u0131na g\u00f6re \u00e7e\u015fitli \u00f6l\u00e7\u00fclerde \u00f6zelle\u015ftirilebilir. Ask\u0131 kolunun malzemesi DX 51D+Z [&hellip;]<\/p>","protected":false},"featured_media":12199,"template":"","meta":{"_acf_changed":false,"_et_pb_use_builder":"","_et_pb_old_content":"","_et_gb_content_width":""},"product_brand":[],"product_cat":[764,742],"product_tag":[],"class_list":{"0":"post-8989","1":"product","2":"type-product","3":"status-publish","4":"has-post-thumbnail","6":"product_cat-bara-sistemleri","7":"product_cat-kapali-bara-sistemler","9":"first","10":"instock","11":"shipping-taxable","12":"product-type-simple"},"acf":[],"yoast_head":"<!-- This site is optimized with the Yoast SEO Premium plugin v20.13 (Yoast SEO v25.7) - https:\/\/yoast.com\/wordpress\/plugins\/seo\/ -->\n<title>Bara Ask\u0131 Kolu Seti - Ravon Enerji ve Data Transfer Sistemleri<\/title>\n<meta name=\"robots\" content=\"index, follow, max-snippet:-1, max-image-preview:large, max-video-preview:-1\" \/>\n<link rel=\"canonical\" href=\"https:\/\/ravon.com.tr\/en\/product\/r3008c40-bara-aski-kolu-seti\/\" \/>\n<meta property=\"og:locale\" content=\"en_US\" \/>\n<meta property=\"og:type\" content=\"article\" \/>\n<meta property=\"og:title\" content=\"Bara Ask\u0131 Kolu Seti\" \/>\n<meta property=\"og:description\" content=\"Bara Ask\u0131 Kolu Seti Bara Ask\u0131 Kolu Seti, NPI kiri\u015fler veya vin\u00e7 k\u00f6pr\u00fcs\u00fc ile ask\u0131lar aras\u0131nda uzatma sa\u011flamak amac\u0131yla \u00fcretilmi\u015f \u00f6zel bir \u00fcr\u00fcnd\u00fcr. C profilden kesilerek \u00fcretilen bu \u00fcr\u00fcn, kolay montaj imk\u00e2n\u0131 sa\u011flayan K\u00f6pr\u00fc Ba\u011flant\u0131 Kelep\u00e7eleri ile birlikte sistemde kritik bir \u00f6neme sahiptir. M\u00fc\u015fterilerin \u00f6zel ihtiya\u00e7lar\u0131na g\u00f6re \u00e7e\u015fitli \u00f6l\u00e7\u00fclerde \u00f6zelle\u015ftirilebilir. Ask\u0131 kolunun malzemesi DX 51D+Z [&hellip;]\" \/>\n<meta property=\"og:url\" content=\"https:\/\/ravon.com.tr\/en\/product\/r3008c40-bara-aski-kolu-seti\/\" \/>\n<meta property=\"og:site_name\" content=\"Ravon Enerji ve Data Transfer Sistemleri\" \/>\n<meta property=\"article:publisher\" content=\"https:\/\/www.facebook.com\/ravonfestoon\" \/>\n<meta property=\"article:modified_time\" content=\"2025-01-07T09:02:09+00:00\" \/>\n<meta property=\"og:image\" content=\"https:\/\/ravon.com.tr\/wp-content\/uploads\/2023\/12\/BARA-ASKI-KOLU-SETI-1.png\" \/>\n\t<meta property=\"og:image:width\" content=\"1280\" \/>\n\t<meta property=\"og:image:height\" content=\"1280\" \/>\n\t<meta property=\"og:image:type\" content=\"image\/png\" \/>\n<meta name=\"twitter:card\" content=\"summary_large_image\" \/>\n<meta name=\"twitter:site\" content=\"@ravonfestoon\" \/>\n<meta name=\"twitter:label1\" content=\"Est. reading time\" \/>\n\t<meta name=\"twitter:data1\" content=\"2 minutes\" \/>\n<script type=\"application\/ld+json\" class=\"yoast-schema-graph\">{\"@context\":\"https:\/\/schema.org\",\"@graph\":[{\"@type\":\"WebPage\",\"@id\":\"https:\/\/ravon.com.tr\/product\/r3008c40-bara-aski-kolu-seti\/\",\"url\":\"https:\/\/ravon.com.tr\/product\/r3008c40-bara-aski-kolu-seti\/\",\"name\":\"Bara Ask\u0131 Kolu Seti - Ravon Enerji ve Data Transfer Sistemleri\",\"isPartOf\":{\"@id\":\"https:\/\/ravon.com.tr\/#website\"},\"primaryImageOfPage\":{\"@id\":\"https:\/\/ravon.com.tr\/product\/r3008c40-bara-aski-kolu-seti\/#primaryimage\"},\"image\":{\"@id\":\"https:\/\/ravon.com.tr\/product\/r3008c40-bara-aski-kolu-seti\/#primaryimage\"},\"thumbnailUrl\":\"https:\/\/ravon.com.tr\/wp-content\/uploads\/2023\/12\/BARA-ASKI-KOLU-SETI-1.png\",\"datePublished\":\"2023-12-03T14:54:13+00:00\",\"dateModified\":\"2025-01-07T09:02:09+00:00\",\"breadcrumb\":{\"@id\":\"https:\/\/ravon.com.tr\/product\/r3008c40-bara-aski-kolu-seti\/#breadcrumb\"},\"inLanguage\":\"en-US\",\"potentialAction\":[{\"@type\":\"ReadAction\",\"target\":[\"https:\/\/ravon.com.tr\/product\/r3008c40-bara-aski-kolu-seti\/\"]}]},{\"@type\":\"ImageObject\",\"inLanguage\":\"en-US\",\"@id\":\"https:\/\/ravon.com.tr\/product\/r3008c40-bara-aski-kolu-seti\/#primaryimage\",\"url\":\"https:\/\/ravon.com.tr\/wp-content\/uploads\/2023\/12\/BARA-ASKI-KOLU-SETI-1.png\",\"contentUrl\":\"https:\/\/ravon.com.tr\/wp-content\/uploads\/2023\/12\/BARA-ASKI-KOLU-SETI-1.png\",\"width\":1280,\"height\":1280,\"caption\":\"BARA ASKI KOLU\"},{\"@type\":\"BreadcrumbList\",\"@id\":\"https:\/\/ravon.com.tr\/product\/r3008c40-bara-aski-kolu-seti\/#breadcrumb\",\"itemListElement\":[{\"@type\":\"ListItem\",\"position\":1,\"name\":\"Anasayfa\",\"item\":\"https:\/\/ravon.com.tr\/\"},{\"@type\":\"ListItem\",\"position\":2,\"name\":\"\u00dcr\u00fcnler\",\"item\":\"https:\/\/ravon.com.tr\/shop\/\"},{\"@type\":\"ListItem\",\"position\":3,\"name\":\"Bara Ask\u0131 Kolu Seti\"}]},{\"@type\":\"WebSite\",\"@id\":\"https:\/\/ravon.com.tr\/#website\",\"url\":\"https:\/\/ravon.com.tr\/\",\"name\":\"Ravon Enerji ve Data Transfer Sistemleri\",\"description\":\"Ravon Enerji ve Data Transfer Sistemleri\",\"publisher\":{\"@id\":\"https:\/\/ravon.com.tr\/#organization\"},\"potentialAction\":[{\"@type\":\"SearchAction\",\"target\":{\"@type\":\"EntryPoint\",\"urlTemplate\":\"https:\/\/ravon.com.tr\/?s={search_term_string}\"},\"query-input\":{\"@type\":\"PropertyValueSpecification\",\"valueRequired\":true,\"valueName\":\"search_term_string\"}}],\"inLanguage\":\"en-US\"},{\"@type\":\"Organization\",\"@id\":\"https:\/\/ravon.com.tr\/#organization\",\"name\":\"Ravon Enerji ve Data Transfer Sistemleri\",\"url\":\"https:\/\/ravon.com.tr\/\",\"logo\":{\"@type\":\"ImageObject\",\"inLanguage\":\"en-US\",\"@id\":\"https:\/\/ravon.com.tr\/#\/schema\/logo\/image\/\",\"url\":\"https:\/\/ravon.com.tr\/wp-content\/uploads\/2023\/08\/tinywow_ravon-logo__2__30279301_1-removebg-preview1.png\",\"contentUrl\":\"https:\/\/ravon.com.tr\/wp-content\/uploads\/2023\/08\/tinywow_ravon-logo__2__30279301_1-removebg-preview1.png\",\"width\":745,\"height\":335,\"caption\":\"Ravon Enerji ve Data Transfer Sistemleri\"},\"image\":{\"@id\":\"https:\/\/ravon.com.tr\/#\/schema\/logo\/image\/\"},\"sameAs\":[\"https:\/\/www.facebook.com\/ravonfestoon\",\"https:\/\/x.com\/ravonfestoon\",\"https:\/\/www.instagram.com\/ravon_festoon\/\"]}]}<\/script>\n<!-- \/ Yoast SEO Premium plugin. -->","yoast_head_json":{"title":"Bara Ask\u0131 Kolu Seti - Ravon Enerji ve Data Transfer Sistemleri","robots":{"index":"index","follow":"follow","max-snippet":"max-snippet:-1","max-image-preview":"max-image-preview:large","max-video-preview":"max-video-preview:-1"},"canonical":"https:\/\/ravon.com.tr\/en\/product\/r3008c40-bara-aski-kolu-seti\/","og_locale":"en_US","og_type":"article","og_title":"Bara Ask\u0131 Kolu Seti","og_description":"Bara Ask\u0131 Kolu Seti Bara Ask\u0131 Kolu Seti, NPI kiri\u015fler veya vin\u00e7 k\u00f6pr\u00fcs\u00fc ile ask\u0131lar aras\u0131nda uzatma sa\u011flamak amac\u0131yla \u00fcretilmi\u015f \u00f6zel bir \u00fcr\u00fcnd\u00fcr. C profilden kesilerek \u00fcretilen bu \u00fcr\u00fcn, kolay montaj imk\u00e2n\u0131 sa\u011flayan K\u00f6pr\u00fc Ba\u011flant\u0131 Kelep\u00e7eleri ile birlikte sistemde kritik bir \u00f6neme sahiptir. M\u00fc\u015fterilerin \u00f6zel ihtiya\u00e7lar\u0131na g\u00f6re \u00e7e\u015fitli \u00f6l\u00e7\u00fclerde \u00f6zelle\u015ftirilebilir. Ask\u0131 kolunun malzemesi DX 51D+Z [&hellip;]","og_url":"https:\/\/ravon.com.tr\/en\/product\/r3008c40-bara-aski-kolu-seti\/","og_site_name":"Ravon Enerji ve Data Transfer Sistemleri","article_publisher":"https:\/\/www.facebook.com\/ravonfestoon","article_modified_time":"2025-01-07T09:02:09+00:00","og_image":[{"width":1280,"height":1280,"url":"https:\/\/ravon.com.tr\/wp-content\/uploads\/2023\/12\/BARA-ASKI-KOLU-SETI-1.png","type":"image\/png"}],"twitter_card":"summary_large_image","twitter_site":"@ravonfestoon","twitter_misc":{"Est. reading time":"2 minutes"},"schema":{"@context":"https:\/\/schema.org","@graph":[{"@type":"WebPage","@id":"https:\/\/ravon.com.tr\/product\/r3008c40-bara-aski-kolu-seti\/","url":"https:\/\/ravon.com.tr\/product\/r3008c40-bara-aski-kolu-seti\/","name":"Bara Ask\u0131 Kolu Seti - Ravon Enerji ve Data Transfer Sistemleri","isPartOf":{"@id":"https:\/\/ravon.com.tr\/#website"},"primaryImageOfPage":{"@id":"https:\/\/ravon.com.tr\/product\/r3008c40-bara-aski-kolu-seti\/#primaryimage"},"image":{"@id":"https:\/\/ravon.com.tr\/product\/r3008c40-bara-aski-kolu-seti\/#primaryimage"},"thumbnailUrl":"https:\/\/ravon.com.tr\/wp-content\/uploads\/2023\/12\/BARA-ASKI-KOLU-SETI-1.png","datePublished":"2023-12-03T14:54:13+00:00","dateModified":"2025-01-07T09:02:09+00:00","breadcrumb":{"@id":"https:\/\/ravon.com.tr\/product\/r3008c40-bara-aski-kolu-seti\/#breadcrumb"},"inLanguage":"en-US","potentialAction":[{"@type":"ReadAction","target":["https:\/\/ravon.com.tr\/product\/r3008c40-bara-aski-kolu-seti\/"]}]},{"@type":"ImageObject","inLanguage":"en-US","@id":"https:\/\/ravon.com.tr\/product\/r3008c40-bara-aski-kolu-seti\/#primaryimage","url":"https:\/\/ravon.com.tr\/wp-content\/uploads\/2023\/12\/BARA-ASKI-KOLU-SETI-1.png","contentUrl":"https:\/\/ravon.com.tr\/wp-content\/uploads\/2023\/12\/BARA-ASKI-KOLU-SETI-1.png","width":1280,"height":1280,"caption":"BARA ASKI KOLU"},{"@type":"BreadcrumbList","@id":"https:\/\/ravon.com.tr\/product\/r3008c40-bara-aski-kolu-seti\/#breadcrumb","itemListElement":[{"@type":"ListItem","position":1,"name":"Anasayfa","item":"https:\/\/ravon.com.tr\/"},{"@type":"ListItem","position":2,"name":"\u00dcr\u00fcnler","item":"https:\/\/ravon.com.tr\/shop\/"},{"@type":"ListItem","position":3,"name":"Bara Ask\u0131 Kolu Seti"}]},{"@type":"WebSite","@id":"https:\/\/ravon.com.tr\/#website","url":"https:\/\/ravon.com.tr\/","name":"Ravon Enerji ve Data Transfer Sistemleri","description":"Ravon Enerji ve Data Transfer Sistemleri","publisher":{"@id":"https:\/\/ravon.com.tr\/#organization"},"potentialAction":[{"@type":"SearchAction","target":{"@type":"EntryPoint","urlTemplate":"https:\/\/ravon.com.tr\/?s={search_term_string}"},"query-input":{"@type":"PropertyValueSpecification","valueRequired":true,"valueName":"search_term_string"}}],"inLanguage":"en-US"},{"@type":"Organization","@id":"https:\/\/ravon.com.tr\/#organization","name":"Ravon Enerji ve Data Transfer Sistemleri","url":"https:\/\/ravon.com.tr\/","logo":{"@type":"ImageObject","inLanguage":"en-US","@id":"https:\/\/ravon.com.tr\/#\/schema\/logo\/image\/","url":"https:\/\/ravon.com.tr\/wp-content\/uploads\/2023\/08\/tinywow_ravon-logo__2__30279301_1-removebg-preview1.png","contentUrl":"https:\/\/ravon.com.tr\/wp-content\/uploads\/2023\/08\/tinywow_ravon-logo__2__30279301_1-removebg-preview1.png","width":745,"height":335,"caption":"Ravon Enerji ve Data Transfer Sistemleri"},"image":{"@id":"https:\/\/ravon.com.tr\/#\/schema\/logo\/image\/"},"sameAs":["https:\/\/www.facebook.com\/ravonfestoon","https:\/\/x.com\/ravonfestoon","https:\/\/www.instagram.com\/ravon_festoon\/"]}]}},"_links":{"self":[{"href":"https:\/\/ravon.com.tr\/en\/wp-json\/wp\/v2\/product\/8989","targetHints":{"allow":["GET"]}}],"collection":[{"href":"https:\/\/ravon.com.tr\/en\/wp-json\/wp\/v2\/product"}],"about":[{"href":"https:\/\/ravon.com.tr\/en\/wp-json\/wp\/v2\/types\/product"}],"wp:featuredmedia":[{"embeddable":true,"href":"https:\/\/ravon.com.tr\/en\/wp-json\/wp\/v2\/media\/12199"}],"wp:attachment":[{"href":"https:\/\/ravon.com.tr\/en\/wp-json\/wp\/v2\/media?parent=8989"}],"wp:term":[{"taxonomy":"product_brand","embeddable":true,"href":"https:\/\/ravon.com.tr\/en\/wp-json\/wp\/v2\/product_brand?post=8989"},{"taxonomy":"product_cat","embeddable":true,"href":"https:\/\/ravon.com.tr\/en\/wp-json\/wp\/v2\/product_cat?post=8989"},{"taxonomy":"product_tag","embeddable":true,"href":"https:\/\/ravon.com.tr\/en\/wp-json\/wp\/v2\/product_tag?post=8989"}],"curies":[{"name":"wp","href":"https:\/\/api.w.org\/{rel}","templated":true}]}}