{"id":9135,"date":"2022-08-03T13:00:53","date_gmt":"2022-08-03T10:00:53","guid":{"rendered":"https:\/\/ravonfestoon.com\/?post_type=product&#038;p=9135"},"modified":"2025-04-04T09:08:51","modified_gmt":"2025-04-04T06:08:51","slug":"r500r048-yassi-kablo-halat-on-makarasi-10-12-mm-500-serisi","status":"publish","type":"product","link":"https:\/\/ravon.com.tr\/en\/product\/r500r048-yassi-kablo-halat-on-makarasi-10-12-mm-500-serisi\/","title":{"rendered":"Rope Tow Trolley, Plastic Saddle (Rope \u00d810-12mm)"},"content":{"rendered":"<p><strong>Tow Trolley \/ Flat Cable<\/strong><\/p>\n<p>Cable Tow Trolley is a basic product that plays a critical role in festoon systems and ensures the movement of all other trolleys. This important product works synchronously with the crane hoist systems and guarantees the efficient and safe operation of the system.<\/p>\n<p>The Cable Tow Trolley moves with the crane hoist, and its connection to the hoist is made using the Tow Trolley Arm, which is produced from profiles and connection devices. This design enables the system to work in an integrated manner with the crane hoist and to carry the cables and accompanying trolleys properly. The Cable Tow Trolley, which has a solid and durable body with a distinctive design that sets it apart from other trolleys at first glance, is manufactured using high-strength materials. This robust structure ensures that both the cable it is connected to and the other trolleys it moves are carried safely and efficiently.<\/p>\n<p>The cable clamp, called a ''Saddle'', located at the bottom is specially designed to ensure that the cable is securely fixed to the carrier. This saddle is only compatible with flat cables and prevents the cable from slipping or moving during operation, thus ensuring long-lasting and safe use of the cable. In addition, the saddle allows the cable to be bent properly without exceeding the safety factors, with its \u00d850 mm radius.<\/p>\n<p>In conclusion, the Cable Tow Trolley is a critical product that lies at the heart of festoon systems and ensures the smooth operation of all moving components. Its robust structure and high strength enhance the reliability of the system and maximize operational efficiency.<\/p>","protected":false},"excerpt":{"rendered":"<table width=\"851\">\n<tbody>\n<tr>\n<td width=\"117\"><strong>Product Code<\/strong><\/td>\n<td colspan=\"15\" width=\"734\">R500R048<\/td>\n<\/tr>\n<tr>\n<td><strong>Roller<\/strong><\/td>\n<td colspan=\"15\">Steel<\/td>\n<\/tr>\n<tr>\n<td><strong>Material<\/strong><\/td>\n<td colspan=\"15\" width=\"734\">Ta\u015f\u0131y\u0131c\u0131 g\u00f6vde \u00e7elik, Destek semeri polyamid, Donan\u0131m galvanizli. S\u0131cakl\u0131k dayan\u0131m\u0131 -30\u00b0C ila +70\u00b0C<\/td>\n<\/tr>\n<tr>\n<td><strong>A\u011f\u0131rl\u0131k kg<\/strong><\/td>\n<td colspan=\"15\">&#8212;<\/td>\n<\/tr>\n<tr>\n<td><strong>Max.Kablo Y\u00fck\u00fc<\/strong><\/td>\n<td colspan=\"15\">Ta\u015f\u0131y\u0131c\u0131 ba\u015f\u0131na 15 kg.<\/td>\n<\/tr>\n<tr>\n<td colspan=\"2\" rowspan=\"2\"><strong>Boyutlar\/ mm<\/strong><\/td>\n<td><strong>a1<\/strong><\/td>\n<td><strong>a2<\/strong><\/td>\n<td><strong>b1<\/strong><\/td>\n<td><strong>b2<\/strong><\/td>\n<td><strong>b3<\/strong><\/td>\n<td><strong>h1<\/strong><\/td>\n<td><strong>h2<\/strong><\/td>\n<td><strong>h3<\/strong><\/td>\n<td><strong>h4<\/strong><\/td>\n<td><strong>h5<\/strong><\/td>\n<td><strong>w1<\/strong><\/td>\n<td><strong>w2<\/strong><\/td>\n<td><strong>t<\/strong><\/td>\n<td><strong>QD<\/strong><\/td>\n<\/tr>\n<tr>\n<td>92<\/td>\n<td>72<\/td>\n<td>95<\/td>\n<td>58<\/td>\n<td>40<\/td>\n<td>230<\/td>\n<td>29<\/td>\n<td>60<\/td>\n<td>42<\/td>\n<td>150<\/td>\n<td>14<\/td>\n<td>30<\/td>\n<td>2,5<\/td>\n<td>50<\/td>\n<\/tr>\n<\/tbody>\n<\/table>","protected":false},"featured_media":11464,"template":"","meta":{"_acf_changed":false,"_et_pb_use_builder":"","_et_pb_old_content":"","_et_gb_content_width":""},"product_brand":[],"product_cat":[773],"product_tag":[],"class_list":{"0":"post-9135","1":"product","2":"type-product","3":"status-publish","4":"has-post-thumbnail","6":"product_cat-500-serisi","8":"first","9":"instock","10":"shipping-taxable","11":"product-type-simple"},"acf":[],"yoast_head":"<!-- This site is optimized with the Yoast SEO Premium plugin v20.13 (Yoast SEO v25.7) - https:\/\/yoast.com\/wordpress\/plugins\/seo\/ -->\n<title>Yass\u0131 Kablo Halat \u00d6n Makaras\u0131 (10-12 mm) - Ravon Enerji ve Data Transfer Sistemleri<\/title>\n<meta name=\"robots\" content=\"index, follow, max-snippet:-1, max-image-preview:large, max-video-preview:-1\" \/>\n<link rel=\"canonical\" href=\"https:\/\/ravon.com.tr\/en\/product\/r500r048-yassi-kablo-halat-on-makarasi-10-12-mm-500-serisi\/\" \/>\n<meta property=\"og:locale\" content=\"en_US\" \/>\n<meta property=\"og:type\" content=\"article\" \/>\n<meta property=\"og:title\" content=\"Yass\u0131 Kablo Halat \u00d6n Makaras\u0131 (10-12 mm)\" \/>\n<meta property=\"og:description\" content=\"\u00dcr\u00fcn Kodu R500R048   Teker \u00c7elik   Malzeme Ta\u015f\u0131y\u0131c\u0131 g\u00f6vde \u00e7elik, Destek semeri polyamid, Donan\u0131m galvanizli. S\u0131cakl\u0131k dayan\u0131m\u0131 -30\u00b0C ila +70\u00b0C   A\u011f\u0131rl\u0131k kg --   Max.Kablo Y\u00fck\u00fc Ta\u015f\u0131y\u0131c\u0131 ba\u015f\u0131na 15 kg.   Boyutlar\/ mm a1 a2 b1 b2 b3 h1 h2 h3 h4 h5 w1 w2 t QD   92 72 95 58 40 230 29 60 42 150 14 30 2,5 50\" \/>\n<meta property=\"og:url\" content=\"https:\/\/ravon.com.tr\/en\/product\/r500r048-yassi-kablo-halat-on-makarasi-10-12-mm-500-serisi\/\" \/>\n<meta property=\"og:site_name\" content=\"Ravon Enerji ve Data Transfer Sistemleri\" \/>\n<meta property=\"article:publisher\" content=\"https:\/\/www.facebook.com\/ravonfestoon\" \/>\n<meta property=\"article:modified_time\" content=\"2025-04-04T06:08:51+00:00\" \/>\n<meta property=\"og:image\" content=\"https:\/\/ravon.com.tr\/wp-content\/uploads\/2023\/12\/R500R048.webp\" \/>\n\t<meta property=\"og:image:width\" content=\"1390\" \/>\n\t<meta property=\"og:image:height\" content=\"1390\" \/>\n\t<meta property=\"og:image:type\" content=\"image\/webp\" \/>\n<meta name=\"twitter:card\" content=\"summary_large_image\" \/>\n<meta name=\"twitter:site\" content=\"@ravonfestoon\" \/>\n<meta name=\"twitter:label1\" content=\"Est. reading time\" \/>\n\t<meta name=\"twitter:data1\" content=\"2 minutes\" \/>\n<script type=\"application\/ld+json\" class=\"yoast-schema-graph\">{\"@context\":\"https:\/\/schema.org\",\"@graph\":[{\"@type\":\"WebPage\",\"@id\":\"https:\/\/ravon.com.tr\/product\/r500r048-yassi-kablo-halat-on-makarasi-10-12-mm-500-serisi\/\",\"url\":\"https:\/\/ravon.com.tr\/product\/r500r048-yassi-kablo-halat-on-makarasi-10-12-mm-500-serisi\/\",\"name\":\"Yass\u0131 Kablo Halat \u00d6n Makaras\u0131 (10-12 mm) - Ravon Enerji ve Data Transfer Sistemleri\",\"isPartOf\":{\"@id\":\"https:\/\/ravon.com.tr\/#website\"},\"primaryImageOfPage\":{\"@id\":\"https:\/\/ravon.com.tr\/product\/r500r048-yassi-kablo-halat-on-makarasi-10-12-mm-500-serisi\/#primaryimage\"},\"image\":{\"@id\":\"https:\/\/ravon.com.tr\/product\/r500r048-yassi-kablo-halat-on-makarasi-10-12-mm-500-serisi\/#primaryimage\"},\"thumbnailUrl\":\"https:\/\/ravon.com.tr\/wp-content\/uploads\/2023\/12\/R500R048.webp\",\"datePublished\":\"2022-08-03T10:00:53+00:00\",\"dateModified\":\"2025-04-04T06:08:51+00:00\",\"breadcrumb\":{\"@id\":\"https:\/\/ravon.com.tr\/product\/r500r048-yassi-kablo-halat-on-makarasi-10-12-mm-500-serisi\/#breadcrumb\"},\"inLanguage\":\"en-US\",\"potentialAction\":[{\"@type\":\"ReadAction\",\"target\":[\"https:\/\/ravon.com.tr\/product\/r500r048-yassi-kablo-halat-on-makarasi-10-12-mm-500-serisi\/\"]}]},{\"@type\":\"ImageObject\",\"inLanguage\":\"en-US\",\"@id\":\"https:\/\/ravon.com.tr\/product\/r500r048-yassi-kablo-halat-on-makarasi-10-12-mm-500-serisi\/#primaryimage\",\"url\":\"https:\/\/ravon.com.tr\/wp-content\/uploads\/2023\/12\/R500R048.webp\",\"contentUrl\":\"https:\/\/ravon.com.tr\/wp-content\/uploads\/2023\/12\/R500R048.webp\",\"width\":1390,\"height\":1390},{\"@type\":\"BreadcrumbList\",\"@id\":\"https:\/\/ravon.com.tr\/product\/r500r048-yassi-kablo-halat-on-makarasi-10-12-mm-500-serisi\/#breadcrumb\",\"itemListElement\":[{\"@type\":\"ListItem\",\"position\":1,\"name\":\"Anasayfa\",\"item\":\"https:\/\/ravon.com.tr\/\"},{\"@type\":\"ListItem\",\"position\":2,\"name\":\"\u00dcr\u00fcnler\",\"item\":\"https:\/\/ravon.com.tr\/shop\/\"},{\"@type\":\"ListItem\",\"position\":3,\"name\":\"Yass\u0131 Kablo Halat \u00d6n Makaras\u0131 (10-12 mm)\"}]},{\"@type\":\"WebSite\",\"@id\":\"https:\/\/ravon.com.tr\/#website\",\"url\":\"https:\/\/ravon.com.tr\/\",\"name\":\"Ravon Enerji ve Data Transfer Sistemleri\",\"description\":\"Ravon Enerji ve Data Transfer Sistemleri\",\"publisher\":{\"@id\":\"https:\/\/ravon.com.tr\/#organization\"},\"potentialAction\":[{\"@type\":\"SearchAction\",\"target\":{\"@type\":\"EntryPoint\",\"urlTemplate\":\"https:\/\/ravon.com.tr\/?s={search_term_string}\"},\"query-input\":{\"@type\":\"PropertyValueSpecification\",\"valueRequired\":true,\"valueName\":\"search_term_string\"}}],\"inLanguage\":\"en-US\"},{\"@type\":\"Organization\",\"@id\":\"https:\/\/ravon.com.tr\/#organization\",\"name\":\"Ravon Enerji ve Data Transfer Sistemleri\",\"url\":\"https:\/\/ravon.com.tr\/\",\"logo\":{\"@type\":\"ImageObject\",\"inLanguage\":\"en-US\",\"@id\":\"https:\/\/ravon.com.tr\/#\/schema\/logo\/image\/\",\"url\":\"https:\/\/ravon.com.tr\/wp-content\/uploads\/2023\/08\/tinywow_ravon-logo__2__30279301_1-removebg-preview1.png\",\"contentUrl\":\"https:\/\/ravon.com.tr\/wp-content\/uploads\/2023\/08\/tinywow_ravon-logo__2__30279301_1-removebg-preview1.png\",\"width\":745,\"height\":335,\"caption\":\"Ravon Enerji ve Data Transfer Sistemleri\"},\"image\":{\"@id\":\"https:\/\/ravon.com.tr\/#\/schema\/logo\/image\/\"},\"sameAs\":[\"https:\/\/www.facebook.com\/ravonfestoon\",\"https:\/\/x.com\/ravonfestoon\",\"https:\/\/www.instagram.com\/ravon_festoon\/\"]}]}<\/script>\n<!-- \/ Yoast SEO Premium plugin. -->","yoast_head_json":{"title":"Yass\u0131 Kablo Halat \u00d6n Makaras\u0131 (10-12 mm) - Ravon Enerji ve Data Transfer Sistemleri","robots":{"index":"index","follow":"follow","max-snippet":"max-snippet:-1","max-image-preview":"max-image-preview:large","max-video-preview":"max-video-preview:-1"},"canonical":"https:\/\/ravon.com.tr\/en\/product\/r500r048-yassi-kablo-halat-on-makarasi-10-12-mm-500-serisi\/","og_locale":"en_US","og_type":"article","og_title":"Yass\u0131 Kablo Halat \u00d6n Makaras\u0131 (10-12 mm)","og_description":"\u00dcr\u00fcn Kodu R500R048   Teker \u00c7elik   Malzeme Ta\u015f\u0131y\u0131c\u0131 g\u00f6vde \u00e7elik, Destek semeri polyamid, Donan\u0131m galvanizli. S\u0131cakl\u0131k dayan\u0131m\u0131 -30\u00b0C ila +70\u00b0C   A\u011f\u0131rl\u0131k kg --   Max.Kablo Y\u00fck\u00fc Ta\u015f\u0131y\u0131c\u0131 ba\u015f\u0131na 15 kg.   Boyutlar\/ mm a1 a2 b1 b2 b3 h1 h2 h3 h4 h5 w1 w2 t QD   92 72 95 58 40 230 29 60 42 150 14 30 2,5 50","og_url":"https:\/\/ravon.com.tr\/en\/product\/r500r048-yassi-kablo-halat-on-makarasi-10-12-mm-500-serisi\/","og_site_name":"Ravon Enerji ve Data Transfer Sistemleri","article_publisher":"https:\/\/www.facebook.com\/ravonfestoon","article_modified_time":"2025-04-04T06:08:51+00:00","og_image":[{"width":1390,"height":1390,"url":"https:\/\/ravon.com.tr\/wp-content\/uploads\/2023\/12\/R500R048.webp","type":"image\/webp"}],"twitter_card":"summary_large_image","twitter_site":"@ravonfestoon","twitter_misc":{"Est. reading time":"2 minutes"},"schema":{"@context":"https:\/\/schema.org","@graph":[{"@type":"WebPage","@id":"https:\/\/ravon.com.tr\/product\/r500r048-yassi-kablo-halat-on-makarasi-10-12-mm-500-serisi\/","url":"https:\/\/ravon.com.tr\/product\/r500r048-yassi-kablo-halat-on-makarasi-10-12-mm-500-serisi\/","name":"Yass\u0131 Kablo Halat \u00d6n Makaras\u0131 (10-12 mm) - Ravon Enerji ve Data Transfer Sistemleri","isPartOf":{"@id":"https:\/\/ravon.com.tr\/#website"},"primaryImageOfPage":{"@id":"https:\/\/ravon.com.tr\/product\/r500r048-yassi-kablo-halat-on-makarasi-10-12-mm-500-serisi\/#primaryimage"},"image":{"@id":"https:\/\/ravon.com.tr\/product\/r500r048-yassi-kablo-halat-on-makarasi-10-12-mm-500-serisi\/#primaryimage"},"thumbnailUrl":"https:\/\/ravon.com.tr\/wp-content\/uploads\/2023\/12\/R500R048.webp","datePublished":"2022-08-03T10:00:53+00:00","dateModified":"2025-04-04T06:08:51+00:00","breadcrumb":{"@id":"https:\/\/ravon.com.tr\/product\/r500r048-yassi-kablo-halat-on-makarasi-10-12-mm-500-serisi\/#breadcrumb"},"inLanguage":"en-US","potentialAction":[{"@type":"ReadAction","target":["https:\/\/ravon.com.tr\/product\/r500r048-yassi-kablo-halat-on-makarasi-10-12-mm-500-serisi\/"]}]},{"@type":"ImageObject","inLanguage":"en-US","@id":"https:\/\/ravon.com.tr\/product\/r500r048-yassi-kablo-halat-on-makarasi-10-12-mm-500-serisi\/#primaryimage","url":"https:\/\/ravon.com.tr\/wp-content\/uploads\/2023\/12\/R500R048.webp","contentUrl":"https:\/\/ravon.com.tr\/wp-content\/uploads\/2023\/12\/R500R048.webp","width":1390,"height":1390},{"@type":"BreadcrumbList","@id":"https:\/\/ravon.com.tr\/product\/r500r048-yassi-kablo-halat-on-makarasi-10-12-mm-500-serisi\/#breadcrumb","itemListElement":[{"@type":"ListItem","position":1,"name":"Anasayfa","item":"https:\/\/ravon.com.tr\/"},{"@type":"ListItem","position":2,"name":"\u00dcr\u00fcnler","item":"https:\/\/ravon.com.tr\/shop\/"},{"@type":"ListItem","position":3,"name":"Yass\u0131 Kablo Halat \u00d6n Makaras\u0131 (10-12 mm)"}]},{"@type":"WebSite","@id":"https:\/\/ravon.com.tr\/#website","url":"https:\/\/ravon.com.tr\/","name":"Ravon Enerji ve Data Transfer Sistemleri","description":"Ravon Enerji ve Data Transfer Sistemleri","publisher":{"@id":"https:\/\/ravon.com.tr\/#organization"},"potentialAction":[{"@type":"SearchAction","target":{"@type":"EntryPoint","urlTemplate":"https:\/\/ravon.com.tr\/?s={search_term_string}"},"query-input":{"@type":"PropertyValueSpecification","valueRequired":true,"valueName":"search_term_string"}}],"inLanguage":"en-US"},{"@type":"Organization","@id":"https:\/\/ravon.com.tr\/#organization","name":"Ravon Enerji ve Data Transfer Sistemleri","url":"https:\/\/ravon.com.tr\/","logo":{"@type":"ImageObject","inLanguage":"en-US","@id":"https:\/\/ravon.com.tr\/#\/schema\/logo\/image\/","url":"https:\/\/ravon.com.tr\/wp-content\/uploads\/2023\/08\/tinywow_ravon-logo__2__30279301_1-removebg-preview1.png","contentUrl":"https:\/\/ravon.com.tr\/wp-content\/uploads\/2023\/08\/tinywow_ravon-logo__2__30279301_1-removebg-preview1.png","width":745,"height":335,"caption":"Ravon Enerji ve Data Transfer Sistemleri"},"image":{"@id":"https:\/\/ravon.com.tr\/#\/schema\/logo\/image\/"},"sameAs":["https:\/\/www.facebook.com\/ravonfestoon","https:\/\/x.com\/ravonfestoon","https:\/\/www.instagram.com\/ravon_festoon\/"]}]}},"_links":{"self":[{"href":"https:\/\/ravon.com.tr\/en\/wp-json\/wp\/v2\/product\/9135","targetHints":{"allow":["GET"]}}],"collection":[{"href":"https:\/\/ravon.com.tr\/en\/wp-json\/wp\/v2\/product"}],"about":[{"href":"https:\/\/ravon.com.tr\/en\/wp-json\/wp\/v2\/types\/product"}],"wp:featuredmedia":[{"embeddable":true,"href":"https:\/\/ravon.com.tr\/en\/wp-json\/wp\/v2\/media\/11464"}],"wp:attachment":[{"href":"https:\/\/ravon.com.tr\/en\/wp-json\/wp\/v2\/media?parent=9135"}],"wp:term":[{"taxonomy":"product_brand","embeddable":true,"href":"https:\/\/ravon.com.tr\/en\/wp-json\/wp\/v2\/product_brand?post=9135"},{"taxonomy":"product_cat","embeddable":true,"href":"https:\/\/ravon.com.tr\/en\/wp-json\/wp\/v2\/product_cat?post=9135"},{"taxonomy":"product_tag","embeddable":true,"href":"https:\/\/ravon.com.tr\/en\/wp-json\/wp\/v2\/product_tag?post=9135"}],"curies":[{"name":"wp","href":"https:\/\/api.w.org\/{rel}","templated":true}]}}