{"id":9144,"date":"2022-08-17T14:30:31","date_gmt":"2022-08-17T11:30:31","guid":{"rendered":"https:\/\/ravonfestoon.com\/?post_type=product&#038;p=9144"},"modified":"2024-04-08T13:45:41","modified_gmt":"2024-04-08T10:45:41","slug":"halat-sapanlari","status":"publish","type":"product","link":"https:\/\/ravon.com.tr\/en\/product\/halat-sapanlari\/","title":{"rendered":"Wire Rope Sling"},"content":{"rendered":"<p><a href=\"https:\/\/ravon.com.tr\/en\/product-category\/satis\/\"><strong>\u00c7EL\u0130K HALAT SAPANLARI<\/strong><\/a><\/p>\n<p style=\"text-align: left;\">\u00a0 \u00a0 \u00a0\u00c7elik halat sapanlar\u0131, a\u011f\u0131r y\u00fckleri kald\u0131rmak ve ta\u015f\u0131mak i\u00e7in kullan\u0131lan mekanik cihazlard\u0131r. Temel bile\u015fenleri aras\u0131nda bir \u00e7elik halat, makara sistemi, vin\u00e7 motoru ve kontrol paneli bulunur.<\/p>\n<p>\u00a0Baz\u0131 temel \u00f6zellikleri:<\/p>\n<ul>\n<li><strong>Y\u00fck Kapasitesi:<\/strong> \u00c7elik halat sapanlar\u0131n\u0131n farkl\u0131 kapasiteleri vard\u0131r ve bu kapasiteler y\u00fck\u00fcn a\u011f\u0131rl\u0131\u011f\u0131na ba\u011fl\u0131 olarak se\u00e7ilir. \u00d6rne\u011fin, 1 tonluk bir \u00e7elik halat sapan\u0131 1 ton a\u011f\u0131rl\u0131\u011f\u0131ndaki y\u00fckleri kald\u0131rabilir.<\/li>\n<li><strong>\u00c7al\u0131\u015fma H\u0131z\u0131:<\/strong>\u00a0 Sapanlar farkl\u0131 \u00e7al\u0131\u015fma h\u0131zlar\u0131na sahiptir. H\u0131z, kald\u0131rma i\u015flemi i\u00e7in \u00f6nemlidir ve y\u00fck\u00fcn g\u00fcvenli bir \u015fekilde ta\u015f\u0131nmas\u0131n\u0131 sa\u011flar.<\/li>\n<li><strong>Uzaktan Kumanda:<\/strong> Bir \u00e7ok \u00e7elik halat sapan\u0131, uzaktan kumanda ile kontrol edilebilir, bu da operat\u00f6re daha fazla kontrol sa\u011flar.<\/li>\n<\/ul>\n<p>Daha detayl\u0131 bilgi i\u00e7in\u00a0<a href=\"https:\/\/ravon.com.tr\/en\/\">www.ravon.com.tr web <\/a>sayfam\u0131zda blog b\u00f6l\u00fcm\u00fcm\u00fczde yaz\u0131lar\u0131m\u0131z\u0131 takip edebilirsiniz.<\/p>","protected":false},"excerpt":{"rendered":"<p>\u00c7EL\u0130K HALAT SAPANLARI \u00a0 \u00a0 \u00a0\u00c7elik halat sapanlar\u0131, a\u011f\u0131r y\u00fckleri kald\u0131rmak ve ta\u015f\u0131mak i\u00e7in kullan\u0131lan mekanik cihazlard\u0131r. Temel bile\u015fenleri aras\u0131nda bir \u00e7elik halat, makara sistemi, vin\u00e7 motoru ve kontrol paneli bulunur. \u00a0Baz\u0131 temel \u00f6zellikleri: Y\u00fck Kapasitesi: \u00c7elik halat sapanlar\u0131n\u0131n farkl\u0131 kapasiteleri vard\u0131r ve bu kapasiteler y\u00fck\u00fcn a\u011f\u0131rl\u0131\u011f\u0131na ba\u011fl\u0131 olarak se\u00e7ilir. \u00d6rne\u011fin, 1 tonluk bir \u00e7elik [&hellip;]<\/p>","protected":false},"featured_media":12126,"template":"","meta":{"_acf_changed":false,"_et_pb_use_builder":"","_et_pb_old_content":"","_et_gb_content_width":""},"product_brand":[],"product_cat":[779],"product_tag":[523,556,522,561,521,555,560,559,553,538,539,557,558],"class_list":{"0":"post-9144","1":"product","2":"type-product","3":"status-publish","4":"has-post-thumbnail","6":"product_cat-sapanlar-ve-ekipmanlari","7":"product_tag-celik-halat","8":"product_tag-celik-sapan","9":"product_tag-celikhalat","10":"product_tag-celikhalatsapanlari","11":"product_tag-halat","12":"product_tag-halat-sapan","13":"product_tag-halat-sapanlari","14":"product_tag-kendir-ozlu-halat","15":"product_tag-kendirozluhalat","16":"product_tag-sonsuz-halat","17":"product_tag-sonsuzhalat","18":"product_tag-zincir-sapan","19":"product_tag-zincirsapan","21":"first","22":"instock","23":"shipping-taxable","24":"product-type-simple"},"acf":[],"yoast_head":"<!-- This site is optimized with the Yoast SEO Premium plugin v20.13 (Yoast SEO v25.7) - https:\/\/yoast.com\/wordpress\/plugins\/seo\/ -->\n<title>halat sapanlar\u0131- www.ravon.com.tr - Ravon Enerji ve Data Transfer Sistemleri<\/title>\n<meta name=\"description\" content=\"halat sapanlar\u0131, halat, \u00e7elik halat, kendir \u00f6zl\u00fc \u00e7elik halat, zincir sapan, kablo arabas\u0131 kablo ta\u015f\u0131ma arabas\u0131, sonsuz halat,\" \/>\n<meta name=\"robots\" content=\"index, follow, max-snippet:-1, max-image-preview:large, max-video-preview:-1\" \/>\n<link rel=\"canonical\" href=\"https:\/\/ravon.com.tr\/en\/product\/halat-sapanlari\/\" \/>\n<meta property=\"og:locale\" content=\"en_US\" \/>\n<meta property=\"og:type\" content=\"article\" \/>\n<meta property=\"og:title\" content=\"Halat Sapanlar\u0131\" \/>\n<meta property=\"og:description\" content=\"halat sapanlar\u0131, halat, \u00e7elik halat, kendir \u00f6zl\u00fc \u00e7elik halat, zincir sapan, kablo arabas\u0131 kablo ta\u015f\u0131ma arabas\u0131, sonsuz halat,\" \/>\n<meta property=\"og:url\" content=\"https:\/\/ravon.com.tr\/en\/product\/halat-sapanlari\/\" \/>\n<meta property=\"og:site_name\" content=\"Ravon Enerji ve Data Transfer Sistemleri\" \/>\n<meta property=\"article:publisher\" content=\"https:\/\/www.facebook.com\/ravonfestoon\" \/>\n<meta property=\"article:modified_time\" content=\"2024-04-08T10:45:41+00:00\" \/>\n<meta property=\"og:image\" content=\"https:\/\/ravon.com.tr\/wp-content\/uploads\/2022\/08\/Halat-Sapan01.png\" \/>\n\t<meta property=\"og:image:width\" content=\"1290\" \/>\n\t<meta property=\"og:image:height\" content=\"1290\" \/>\n\t<meta property=\"og:image:type\" content=\"image\/png\" \/>\n<meta name=\"twitter:card\" content=\"summary_large_image\" \/>\n<meta name=\"twitter:site\" content=\"@ravonfestoon\" \/>\n<meta name=\"twitter:label1\" content=\"Est. reading time\" \/>\n\t<meta name=\"twitter:data1\" content=\"1 minute\" \/>\n<script type=\"application\/ld+json\" class=\"yoast-schema-graph\">{\"@context\":\"https:\/\/schema.org\",\"@graph\":[{\"@type\":\"WebPage\",\"@id\":\"https:\/\/ravon.com.tr\/product\/halat-sapanlari\/\",\"url\":\"https:\/\/ravon.com.tr\/product\/halat-sapanlari\/\",\"name\":\"halat sapanlar\u0131- www.ravon.com.tr - Ravon Enerji ve Data Transfer Sistemleri\",\"isPartOf\":{\"@id\":\"https:\/\/ravon.com.tr\/#website\"},\"primaryImageOfPage\":{\"@id\":\"https:\/\/ravon.com.tr\/product\/halat-sapanlari\/#primaryimage\"},\"image\":{\"@id\":\"https:\/\/ravon.com.tr\/product\/halat-sapanlari\/#primaryimage\"},\"thumbnailUrl\":\"https:\/\/ravon.com.tr\/wp-content\/uploads\/2022\/08\/Halat-Sapan01.png\",\"datePublished\":\"2022-08-17T11:30:31+00:00\",\"dateModified\":\"2024-04-08T10:45:41+00:00\",\"description\":\"halat sapanlar\u0131, halat, \u00e7elik halat, kendir \u00f6zl\u00fc \u00e7elik halat, zincir sapan, kablo arabas\u0131 kablo ta\u015f\u0131ma arabas\u0131, sonsuz halat,\",\"breadcrumb\":{\"@id\":\"https:\/\/ravon.com.tr\/product\/halat-sapanlari\/#breadcrumb\"},\"inLanguage\":\"en-US\",\"potentialAction\":[{\"@type\":\"ReadAction\",\"target\":[\"https:\/\/ravon.com.tr\/product\/halat-sapanlari\/\"]}]},{\"@type\":\"ImageObject\",\"inLanguage\":\"en-US\",\"@id\":\"https:\/\/ravon.com.tr\/product\/halat-sapanlari\/#primaryimage\",\"url\":\"https:\/\/ravon.com.tr\/wp-content\/uploads\/2022\/08\/Halat-Sapan01.png\",\"contentUrl\":\"https:\/\/ravon.com.tr\/wp-content\/uploads\/2022\/08\/Halat-Sapan01.png\",\"width\":1290,\"height\":1290,\"caption\":\"\u00e7elik halat sapan\"},{\"@type\":\"BreadcrumbList\",\"@id\":\"https:\/\/ravon.com.tr\/product\/halat-sapanlari\/#breadcrumb\",\"itemListElement\":[{\"@type\":\"ListItem\",\"position\":1,\"name\":\"Anasayfa\",\"item\":\"https:\/\/ravon.com.tr\/\"},{\"@type\":\"ListItem\",\"position\":2,\"name\":\"\u00dcr\u00fcnler\",\"item\":\"https:\/\/ravon.com.tr\/shop\/\"},{\"@type\":\"ListItem\",\"position\":3,\"name\":\"Halat Sapanlar\u0131\"}]},{\"@type\":\"WebSite\",\"@id\":\"https:\/\/ravon.com.tr\/#website\",\"url\":\"https:\/\/ravon.com.tr\/\",\"name\":\"Ravon Enerji ve Data Transfer Sistemleri\",\"description\":\"Ravon Enerji ve Data Transfer Sistemleri\",\"publisher\":{\"@id\":\"https:\/\/ravon.com.tr\/#organization\"},\"potentialAction\":[{\"@type\":\"SearchAction\",\"target\":{\"@type\":\"EntryPoint\",\"urlTemplate\":\"https:\/\/ravon.com.tr\/?s={search_term_string}\"},\"query-input\":{\"@type\":\"PropertyValueSpecification\",\"valueRequired\":true,\"valueName\":\"search_term_string\"}}],\"inLanguage\":\"en-US\"},{\"@type\":\"Organization\",\"@id\":\"https:\/\/ravon.com.tr\/#organization\",\"name\":\"Ravon Enerji ve Data Transfer Sistemleri\",\"url\":\"https:\/\/ravon.com.tr\/\",\"logo\":{\"@type\":\"ImageObject\",\"inLanguage\":\"en-US\",\"@id\":\"https:\/\/ravon.com.tr\/#\/schema\/logo\/image\/\",\"url\":\"https:\/\/ravon.com.tr\/wp-content\/uploads\/2023\/08\/tinywow_ravon-logo__2__30279301_1-removebg-preview1.png\",\"contentUrl\":\"https:\/\/ravon.com.tr\/wp-content\/uploads\/2023\/08\/tinywow_ravon-logo__2__30279301_1-removebg-preview1.png\",\"width\":745,\"height\":335,\"caption\":\"Ravon Enerji ve Data Transfer Sistemleri\"},\"image\":{\"@id\":\"https:\/\/ravon.com.tr\/#\/schema\/logo\/image\/\"},\"sameAs\":[\"https:\/\/www.facebook.com\/ravonfestoon\",\"https:\/\/x.com\/ravonfestoon\",\"https:\/\/www.instagram.com\/ravon_festoon\/\"]}]}<\/script>\n<!-- \/ Yoast SEO Premium plugin. -->","yoast_head_json":{"title":"halat sapanlar\u0131- www.ravon.com.tr - Ravon Enerji ve Data Transfer Sistemleri","description":"halat sapanlar\u0131, halat, \u00e7elik halat, kendir \u00f6zl\u00fc \u00e7elik halat, zincir sapan, kablo arabas\u0131 kablo ta\u015f\u0131ma arabas\u0131, sonsuz halat,","robots":{"index":"index","follow":"follow","max-snippet":"max-snippet:-1","max-image-preview":"max-image-preview:large","max-video-preview":"max-video-preview:-1"},"canonical":"https:\/\/ravon.com.tr\/en\/product\/halat-sapanlari\/","og_locale":"en_US","og_type":"article","og_title":"Halat Sapanlar\u0131","og_description":"halat sapanlar\u0131, halat, \u00e7elik halat, kendir \u00f6zl\u00fc \u00e7elik halat, zincir sapan, kablo arabas\u0131 kablo ta\u015f\u0131ma arabas\u0131, sonsuz halat,","og_url":"https:\/\/ravon.com.tr\/en\/product\/halat-sapanlari\/","og_site_name":"Ravon Enerji ve Data Transfer Sistemleri","article_publisher":"https:\/\/www.facebook.com\/ravonfestoon","article_modified_time":"2024-04-08T10:45:41+00:00","og_image":[{"width":1290,"height":1290,"url":"https:\/\/ravon.com.tr\/wp-content\/uploads\/2022\/08\/Halat-Sapan01.png","type":"image\/png"}],"twitter_card":"summary_large_image","twitter_site":"@ravonfestoon","twitter_misc":{"Est. reading time":"1 minute"},"schema":{"@context":"https:\/\/schema.org","@graph":[{"@type":"WebPage","@id":"https:\/\/ravon.com.tr\/product\/halat-sapanlari\/","url":"https:\/\/ravon.com.tr\/product\/halat-sapanlari\/","name":"halat sapanlar\u0131- www.ravon.com.tr - Ravon Enerji ve Data Transfer Sistemleri","isPartOf":{"@id":"https:\/\/ravon.com.tr\/#website"},"primaryImageOfPage":{"@id":"https:\/\/ravon.com.tr\/product\/halat-sapanlari\/#primaryimage"},"image":{"@id":"https:\/\/ravon.com.tr\/product\/halat-sapanlari\/#primaryimage"},"thumbnailUrl":"https:\/\/ravon.com.tr\/wp-content\/uploads\/2022\/08\/Halat-Sapan01.png","datePublished":"2022-08-17T11:30:31+00:00","dateModified":"2024-04-08T10:45:41+00:00","description":"halat sapanlar\u0131, halat, \u00e7elik halat, kendir \u00f6zl\u00fc \u00e7elik halat, zincir sapan, kablo arabas\u0131 kablo ta\u015f\u0131ma arabas\u0131, sonsuz halat,","breadcrumb":{"@id":"https:\/\/ravon.com.tr\/product\/halat-sapanlari\/#breadcrumb"},"inLanguage":"en-US","potentialAction":[{"@type":"ReadAction","target":["https:\/\/ravon.com.tr\/product\/halat-sapanlari\/"]}]},{"@type":"ImageObject","inLanguage":"en-US","@id":"https:\/\/ravon.com.tr\/product\/halat-sapanlari\/#primaryimage","url":"https:\/\/ravon.com.tr\/wp-content\/uploads\/2022\/08\/Halat-Sapan01.png","contentUrl":"https:\/\/ravon.com.tr\/wp-content\/uploads\/2022\/08\/Halat-Sapan01.png","width":1290,"height":1290,"caption":"\u00e7elik halat sapan"},{"@type":"BreadcrumbList","@id":"https:\/\/ravon.com.tr\/product\/halat-sapanlari\/#breadcrumb","itemListElement":[{"@type":"ListItem","position":1,"name":"Anasayfa","item":"https:\/\/ravon.com.tr\/"},{"@type":"ListItem","position":2,"name":"\u00dcr\u00fcnler","item":"https:\/\/ravon.com.tr\/shop\/"},{"@type":"ListItem","position":3,"name":"Halat Sapanlar\u0131"}]},{"@type":"WebSite","@id":"https:\/\/ravon.com.tr\/#website","url":"https:\/\/ravon.com.tr\/","name":"Ravon Enerji ve Data Transfer Sistemleri","description":"Ravon Enerji ve Data Transfer Sistemleri","publisher":{"@id":"https:\/\/ravon.com.tr\/#organization"},"potentialAction":[{"@type":"SearchAction","target":{"@type":"EntryPoint","urlTemplate":"https:\/\/ravon.com.tr\/?s={search_term_string}"},"query-input":{"@type":"PropertyValueSpecification","valueRequired":true,"valueName":"search_term_string"}}],"inLanguage":"en-US"},{"@type":"Organization","@id":"https:\/\/ravon.com.tr\/#organization","name":"Ravon Enerji ve Data Transfer Sistemleri","url":"https:\/\/ravon.com.tr\/","logo":{"@type":"ImageObject","inLanguage":"en-US","@id":"https:\/\/ravon.com.tr\/#\/schema\/logo\/image\/","url":"https:\/\/ravon.com.tr\/wp-content\/uploads\/2023\/08\/tinywow_ravon-logo__2__30279301_1-removebg-preview1.png","contentUrl":"https:\/\/ravon.com.tr\/wp-content\/uploads\/2023\/08\/tinywow_ravon-logo__2__30279301_1-removebg-preview1.png","width":745,"height":335,"caption":"Ravon Enerji ve Data Transfer Sistemleri"},"image":{"@id":"https:\/\/ravon.com.tr\/#\/schema\/logo\/image\/"},"sameAs":["https:\/\/www.facebook.com\/ravonfestoon","https:\/\/x.com\/ravonfestoon","https:\/\/www.instagram.com\/ravon_festoon\/"]}]}},"_links":{"self":[{"href":"https:\/\/ravon.com.tr\/en\/wp-json\/wp\/v2\/product\/9144","targetHints":{"allow":["GET"]}}],"collection":[{"href":"https:\/\/ravon.com.tr\/en\/wp-json\/wp\/v2\/product"}],"about":[{"href":"https:\/\/ravon.com.tr\/en\/wp-json\/wp\/v2\/types\/product"}],"wp:featuredmedia":[{"embeddable":true,"href":"https:\/\/ravon.com.tr\/en\/wp-json\/wp\/v2\/media\/12126"}],"wp:attachment":[{"href":"https:\/\/ravon.com.tr\/en\/wp-json\/wp\/v2\/media?parent=9144"}],"wp:term":[{"taxonomy":"product_brand","embeddable":true,"href":"https:\/\/ravon.com.tr\/en\/wp-json\/wp\/v2\/product_brand?post=9144"},{"taxonomy":"product_cat","embeddable":true,"href":"https:\/\/ravon.com.tr\/en\/wp-json\/wp\/v2\/product_cat?post=9144"},{"taxonomy":"product_tag","embeddable":true,"href":"https:\/\/ravon.com.tr\/en\/wp-json\/wp\/v2\/product_tag?post=9144"}],"curies":[{"name":"wp","href":"https:\/\/api.w.org\/{rel}","templated":true}]}}