{"id":9151,"date":"2022-08-17T14:33:51","date_gmt":"2022-08-17T11:33:51","guid":{"rendered":"https:\/\/ravonfestoon.com\/?post_type=product&#038;p=9151"},"modified":"2025-05-27T15:48:38","modified_gmt":"2025-05-27T12:48:38","slug":"tek-agizli-kanca","status":"publish","type":"product","link":"https:\/\/ravon.com.tr\/en\/product\/tek-agizli-kanca\/","title":{"rendered":"Single Hook"},"content":{"rendered":"<p style=\"text-align: justify;\">Farkl\u0131 malzeme ve \u00f6l\u00e7\u00fcler i\u00e7in l\u00fctfen firmam\u0131zla irtibata ge\u00e7iniz. \u00dcr\u00fcnlerimiz CE sertifikal\u0131d\u0131r. TSE kalibrasyonlu test cihaz\u0131nda standartlara uygun olarak test yap\u0131l\u0131p, \u0130malat\u00e7\u0131 sertifikas\u0131 d\u00fczenlenmektedir. \u0130stenildi\u011finde test i\u015flemi Loyd g\u00f6zetiminde yap\u0131lmaktad\u0131r.<\/p>\n<p style=\"text-align: justify;\">Kapal\u0131 Kal\u0131pta S\u0131cak D\u00f6vme<\/p>","protected":false},"excerpt":{"rendered":"<p>Farkl\u0131 malzeme ve \u00f6l\u00e7\u00fcler i\u00e7in l\u00fctfen firmam\u0131zla irtibata ge\u00e7iniz. \u00dcr\u00fcnlerimiz CE sertifikal\u0131d\u0131r. TSE kalibrasyonlu test cihaz\u0131nda standartlara uygun olarak test yap\u0131l\u0131p, \u0130malat\u00e7\u0131 sertifikas\u0131 d\u00fczenlenmektedir. \u0130stenildi\u011finde test i\u015flemi Loyd g\u00f6zetiminde yap\u0131lmaktad\u0131r. Kapal\u0131 Kal\u0131pta S\u0131cak D\u00f6vme<\/p>","protected":false},"featured_media":12002,"template":"","meta":{"_acf_changed":false,"_et_pb_use_builder":"off","_et_pb_old_content":"","_et_gb_content_width":""},"product_brand":[],"product_cat":[80],"product_tag":[],"class_list":{"0":"post-9151","1":"product","2":"type-product","3":"status-publish","4":"has-post-thumbnail","6":"product_cat-vinc-kanca-ve-ekipmanlari","8":"first","9":"instock","10":"shipping-taxable","11":"product-type-simple"},"acf":[],"yoast_head":"<!-- This site is optimized with the Yoast SEO Premium plugin v20.13 (Yoast SEO v25.7) - https:\/\/yoast.com\/wordpress\/plugins\/seo\/ -->\n<title>Tek A\u011f\u0131zl\u0131 Kanca - Ravon Enerji ve Data Transfer Sistemleri<\/title>\n<meta name=\"robots\" content=\"index, follow, max-snippet:-1, max-image-preview:large, max-video-preview:-1\" \/>\n<link rel=\"canonical\" href=\"https:\/\/ravon.com.tr\/en\/product\/tek-agizli-kanca\/\" \/>\n<meta property=\"og:locale\" content=\"en_US\" \/>\n<meta property=\"og:type\" content=\"article\" \/>\n<meta property=\"og:title\" content=\"Tek A\u011f\u0131zl\u0131 Kanca\" \/>\n<meta property=\"og:description\" content=\"Farkl\u0131 malzeme ve \u00f6l\u00e7\u00fcler i\u00e7in l\u00fctfen firmam\u0131zla irtibata ge\u00e7iniz. \u00dcr\u00fcnlerimiz CE sertifikal\u0131d\u0131r. TSE kalibrasyonlu test cihaz\u0131nda standartlara uygun olarak test yap\u0131l\u0131p, \u0130malat\u00e7\u0131 sertifikas\u0131 d\u00fczenlenmektedir. \u0130stenildi\u011finde test i\u015flemi Loyd g\u00f6zetiminde yap\u0131lmaktad\u0131r. Kapal\u0131 Kal\u0131pta S\u0131cak D\u00f6vme\" \/>\n<meta property=\"og:url\" content=\"https:\/\/ravon.com.tr\/en\/product\/tek-agizli-kanca\/\" \/>\n<meta property=\"og:site_name\" content=\"Ravon Enerji ve Data Transfer Sistemleri\" \/>\n<meta property=\"article:publisher\" content=\"https:\/\/www.facebook.com\/ravonfestoon\" \/>\n<meta property=\"article:modified_time\" content=\"2025-05-27T12:48:38+00:00\" \/>\n<meta property=\"og:image\" content=\"https:\/\/ravon.com.tr\/wp-content\/uploads\/2022\/08\/KANCA1-1.png\" \/>\n\t<meta property=\"og:image:width\" content=\"1390\" \/>\n\t<meta property=\"og:image:height\" content=\"1390\" \/>\n\t<meta property=\"og:image:type\" content=\"image\/png\" \/>\n<meta name=\"twitter:card\" content=\"summary_large_image\" \/>\n<meta name=\"twitter:site\" content=\"@ravonfestoon\" \/>\n<meta name=\"twitter:label1\" content=\"Est. reading time\" \/>\n\t<meta name=\"twitter:data1\" content=\"1 minute\" \/>\n<script type=\"application\/ld+json\" class=\"yoast-schema-graph\">{\"@context\":\"https:\/\/schema.org\",\"@graph\":[{\"@type\":\"WebPage\",\"@id\":\"https:\/\/ravon.com.tr\/product\/tek-agizli-kanca\/\",\"url\":\"https:\/\/ravon.com.tr\/product\/tek-agizli-kanca\/\",\"name\":\"Tek A\u011f\u0131zl\u0131 Kanca - Ravon Enerji ve Data Transfer Sistemleri\",\"isPartOf\":{\"@id\":\"https:\/\/ravon.com.tr\/#website\"},\"primaryImageOfPage\":{\"@id\":\"https:\/\/ravon.com.tr\/product\/tek-agizli-kanca\/#primaryimage\"},\"image\":{\"@id\":\"https:\/\/ravon.com.tr\/product\/tek-agizli-kanca\/#primaryimage\"},\"thumbnailUrl\":\"https:\/\/ravon.com.tr\/wp-content\/uploads\/2022\/08\/KANCA1-1.png\",\"datePublished\":\"2022-08-17T11:33:51+00:00\",\"dateModified\":\"2025-05-27T12:48:38+00:00\",\"breadcrumb\":{\"@id\":\"https:\/\/ravon.com.tr\/product\/tek-agizli-kanca\/#breadcrumb\"},\"inLanguage\":\"en-US\",\"potentialAction\":[{\"@type\":\"ReadAction\",\"target\":[\"https:\/\/ravon.com.tr\/product\/tek-agizli-kanca\/\"]}]},{\"@type\":\"ImageObject\",\"inLanguage\":\"en-US\",\"@id\":\"https:\/\/ravon.com.tr\/product\/tek-agizli-kanca\/#primaryimage\",\"url\":\"https:\/\/ravon.com.tr\/wp-content\/uploads\/2022\/08\/KANCA1-1.png\",\"contentUrl\":\"https:\/\/ravon.com.tr\/wp-content\/uploads\/2022\/08\/KANCA1-1.png\",\"width\":1390,\"height\":1390},{\"@type\":\"BreadcrumbList\",\"@id\":\"https:\/\/ravon.com.tr\/product\/tek-agizli-kanca\/#breadcrumb\",\"itemListElement\":[{\"@type\":\"ListItem\",\"position\":1,\"name\":\"Anasayfa\",\"item\":\"https:\/\/ravon.com.tr\/\"},{\"@type\":\"ListItem\",\"position\":2,\"name\":\"\u00dcr\u00fcnler\",\"item\":\"https:\/\/ravon.com.tr\/shop\/\"},{\"@type\":\"ListItem\",\"position\":3,\"name\":\"Tek A\u011f\u0131zl\u0131 Kanca\"}]},{\"@type\":\"WebSite\",\"@id\":\"https:\/\/ravon.com.tr\/#website\",\"url\":\"https:\/\/ravon.com.tr\/\",\"name\":\"Ravon Enerji ve Data Transfer Sistemleri\",\"description\":\"Ravon Enerji ve Data Transfer Sistemleri\",\"publisher\":{\"@id\":\"https:\/\/ravon.com.tr\/#organization\"},\"potentialAction\":[{\"@type\":\"SearchAction\",\"target\":{\"@type\":\"EntryPoint\",\"urlTemplate\":\"https:\/\/ravon.com.tr\/?s={search_term_string}\"},\"query-input\":{\"@type\":\"PropertyValueSpecification\",\"valueRequired\":true,\"valueName\":\"search_term_string\"}}],\"inLanguage\":\"en-US\"},{\"@type\":\"Organization\",\"@id\":\"https:\/\/ravon.com.tr\/#organization\",\"name\":\"Ravon Enerji ve Data Transfer Sistemleri\",\"url\":\"https:\/\/ravon.com.tr\/\",\"logo\":{\"@type\":\"ImageObject\",\"inLanguage\":\"en-US\",\"@id\":\"https:\/\/ravon.com.tr\/#\/schema\/logo\/image\/\",\"url\":\"https:\/\/ravon.com.tr\/wp-content\/uploads\/2023\/08\/tinywow_ravon-logo__2__30279301_1-removebg-preview1.png\",\"contentUrl\":\"https:\/\/ravon.com.tr\/wp-content\/uploads\/2023\/08\/tinywow_ravon-logo__2__30279301_1-removebg-preview1.png\",\"width\":745,\"height\":335,\"caption\":\"Ravon Enerji ve Data Transfer Sistemleri\"},\"image\":{\"@id\":\"https:\/\/ravon.com.tr\/#\/schema\/logo\/image\/\"},\"sameAs\":[\"https:\/\/www.facebook.com\/ravonfestoon\",\"https:\/\/x.com\/ravonfestoon\",\"https:\/\/www.instagram.com\/ravon_festoon\/\"]}]}<\/script>\n<!-- \/ Yoast SEO Premium plugin. -->","yoast_head_json":{"title":"Tek A\u011f\u0131zl\u0131 Kanca - Ravon Enerji ve Data Transfer Sistemleri","robots":{"index":"index","follow":"follow","max-snippet":"max-snippet:-1","max-image-preview":"max-image-preview:large","max-video-preview":"max-video-preview:-1"},"canonical":"https:\/\/ravon.com.tr\/en\/product\/tek-agizli-kanca\/","og_locale":"en_US","og_type":"article","og_title":"Tek A\u011f\u0131zl\u0131 Kanca","og_description":"Farkl\u0131 malzeme ve \u00f6l\u00e7\u00fcler i\u00e7in l\u00fctfen firmam\u0131zla irtibata ge\u00e7iniz. \u00dcr\u00fcnlerimiz CE sertifikal\u0131d\u0131r. TSE kalibrasyonlu test cihaz\u0131nda standartlara uygun olarak test yap\u0131l\u0131p, \u0130malat\u00e7\u0131 sertifikas\u0131 d\u00fczenlenmektedir. \u0130stenildi\u011finde test i\u015flemi Loyd g\u00f6zetiminde yap\u0131lmaktad\u0131r. Kapal\u0131 Kal\u0131pta S\u0131cak D\u00f6vme","og_url":"https:\/\/ravon.com.tr\/en\/product\/tek-agizli-kanca\/","og_site_name":"Ravon Enerji ve Data Transfer Sistemleri","article_publisher":"https:\/\/www.facebook.com\/ravonfestoon","article_modified_time":"2025-05-27T12:48:38+00:00","og_image":[{"width":1390,"height":1390,"url":"https:\/\/ravon.com.tr\/wp-content\/uploads\/2022\/08\/KANCA1-1.png","type":"image\/png"}],"twitter_card":"summary_large_image","twitter_site":"@ravonfestoon","twitter_misc":{"Est. reading time":"1 minute"},"schema":{"@context":"https:\/\/schema.org","@graph":[{"@type":"WebPage","@id":"https:\/\/ravon.com.tr\/product\/tek-agizli-kanca\/","url":"https:\/\/ravon.com.tr\/product\/tek-agizli-kanca\/","name":"Tek A\u011f\u0131zl\u0131 Kanca - Ravon Enerji ve Data Transfer Sistemleri","isPartOf":{"@id":"https:\/\/ravon.com.tr\/#website"},"primaryImageOfPage":{"@id":"https:\/\/ravon.com.tr\/product\/tek-agizli-kanca\/#primaryimage"},"image":{"@id":"https:\/\/ravon.com.tr\/product\/tek-agizli-kanca\/#primaryimage"},"thumbnailUrl":"https:\/\/ravon.com.tr\/wp-content\/uploads\/2022\/08\/KANCA1-1.png","datePublished":"2022-08-17T11:33:51+00:00","dateModified":"2025-05-27T12:48:38+00:00","breadcrumb":{"@id":"https:\/\/ravon.com.tr\/product\/tek-agizli-kanca\/#breadcrumb"},"inLanguage":"en-US","potentialAction":[{"@type":"ReadAction","target":["https:\/\/ravon.com.tr\/product\/tek-agizli-kanca\/"]}]},{"@type":"ImageObject","inLanguage":"en-US","@id":"https:\/\/ravon.com.tr\/product\/tek-agizli-kanca\/#primaryimage","url":"https:\/\/ravon.com.tr\/wp-content\/uploads\/2022\/08\/KANCA1-1.png","contentUrl":"https:\/\/ravon.com.tr\/wp-content\/uploads\/2022\/08\/KANCA1-1.png","width":1390,"height":1390},{"@type":"BreadcrumbList","@id":"https:\/\/ravon.com.tr\/product\/tek-agizli-kanca\/#breadcrumb","itemListElement":[{"@type":"ListItem","position":1,"name":"Anasayfa","item":"https:\/\/ravon.com.tr\/"},{"@type":"ListItem","position":2,"name":"\u00dcr\u00fcnler","item":"https:\/\/ravon.com.tr\/shop\/"},{"@type":"ListItem","position":3,"name":"Tek A\u011f\u0131zl\u0131 Kanca"}]},{"@type":"WebSite","@id":"https:\/\/ravon.com.tr\/#website","url":"https:\/\/ravon.com.tr\/","name":"Ravon Enerji ve Data Transfer Sistemleri","description":"Ravon Enerji ve Data Transfer Sistemleri","publisher":{"@id":"https:\/\/ravon.com.tr\/#organization"},"potentialAction":[{"@type":"SearchAction","target":{"@type":"EntryPoint","urlTemplate":"https:\/\/ravon.com.tr\/?s={search_term_string}"},"query-input":{"@type":"PropertyValueSpecification","valueRequired":true,"valueName":"search_term_string"}}],"inLanguage":"en-US"},{"@type":"Organization","@id":"https:\/\/ravon.com.tr\/#organization","name":"Ravon Enerji ve Data Transfer Sistemleri","url":"https:\/\/ravon.com.tr\/","logo":{"@type":"ImageObject","inLanguage":"en-US","@id":"https:\/\/ravon.com.tr\/#\/schema\/logo\/image\/","url":"https:\/\/ravon.com.tr\/wp-content\/uploads\/2023\/08\/tinywow_ravon-logo__2__30279301_1-removebg-preview1.png","contentUrl":"https:\/\/ravon.com.tr\/wp-content\/uploads\/2023\/08\/tinywow_ravon-logo__2__30279301_1-removebg-preview1.png","width":745,"height":335,"caption":"Ravon Enerji ve Data Transfer Sistemleri"},"image":{"@id":"https:\/\/ravon.com.tr\/#\/schema\/logo\/image\/"},"sameAs":["https:\/\/www.facebook.com\/ravonfestoon","https:\/\/x.com\/ravonfestoon","https:\/\/www.instagram.com\/ravon_festoon\/"]}]}},"_links":{"self":[{"href":"https:\/\/ravon.com.tr\/en\/wp-json\/wp\/v2\/product\/9151","targetHints":{"allow":["GET"]}}],"collection":[{"href":"https:\/\/ravon.com.tr\/en\/wp-json\/wp\/v2\/product"}],"about":[{"href":"https:\/\/ravon.com.tr\/en\/wp-json\/wp\/v2\/types\/product"}],"wp:featuredmedia":[{"embeddable":true,"href":"https:\/\/ravon.com.tr\/en\/wp-json\/wp\/v2\/media\/12002"}],"wp:attachment":[{"href":"https:\/\/ravon.com.tr\/en\/wp-json\/wp\/v2\/media?parent=9151"}],"wp:term":[{"taxonomy":"product_brand","embeddable":true,"href":"https:\/\/ravon.com.tr\/en\/wp-json\/wp\/v2\/product_brand?post=9151"},{"taxonomy":"product_cat","embeddable":true,"href":"https:\/\/ravon.com.tr\/en\/wp-json\/wp\/v2\/product_cat?post=9151"},{"taxonomy":"product_tag","embeddable":true,"href":"https:\/\/ravon.com.tr\/en\/wp-json\/wp\/v2\/product_tag?post=9151"}],"curies":[{"name":"wp","href":"https:\/\/api.w.org\/{rel}","templated":true}]}}