{"id":9153,"date":"2022-08-17T14:34:35","date_gmt":"2022-08-17T11:34:35","guid":{"rendered":"https:\/\/ravonfestoon.com\/?post_type=product&#038;p=9153"},"modified":"2024-02-01T08:31:46","modified_gmt":"2024-02-01T05:31:46","slug":"cift-agizli-kanca","status":"publish","type":"product","link":"https:\/\/ravon.com.tr\/en\/product\/cift-agizli-kanca\/","title":{"rendered":"Double Hook"},"content":{"rendered":"<div class=\"et_pb_module et_pb_text et_pb_text_3_tb_body et_pb_text_align_justified et_pb_bg_layout_light\">\n<div class=\"et_pb_text_inner\">\n<div class=\"woocommerce et-dynamic-content-woo et-dynamic-content-woo--product_description\">\n<p style=\"text-align: justify;\">Farkl\u0131 malzeme ve \u00f6l\u00e7\u00fcler i\u00e7in l\u00fctfen firmam\u0131zla irtibata ge\u00e7iniz. \u00dcr\u00fcnlerimiz CE sertifikal\u0131d\u0131r. TSE kalibrasyonlu test cihaz\u0131nda standartlara uygun olarak test yap\u0131l\u0131p, \u0130malat\u00e7\u0131 sertifikas\u0131 d\u00fczenlenmektedir. \u0130stenildi\u011finde test i\u015flemi Loyd g\u00f6zetiminde yap\u0131lmaktad\u0131r.<\/p>\n<p style=\"text-align: justify;\">Kapal\u0131 Kal\u0131pta S\u0131cak D\u00f6vme<\/p>\n<\/div>\n<\/div>\n<\/div>","protected":false},"excerpt":{"rendered":"<p>Farkl\u0131 malzeme ve \u00f6l\u00e7\u00fcler i\u00e7in l\u00fctfen firmam\u0131zla irtibata ge\u00e7iniz. \u00dcr\u00fcnlerimiz CE sertifikal\u0131d\u0131r. TSE kalibrasyonlu test cihaz\u0131nda standartlara uygun olarak test yap\u0131l\u0131p, \u0130malat\u00e7\u0131 sertifikas\u0131 d\u00fczenlenmektedir. \u0130stenildi\u011finde test i\u015flemi Loyd g\u00f6zetiminde yap\u0131lmaktad\u0131r. Kapal\u0131 Kal\u0131pta S\u0131cak D\u00f6vme<\/p>","protected":false},"featured_media":12009,"template":"","meta":{"_acf_changed":false,"_et_pb_use_builder":"","_et_pb_old_content":"","_et_gb_content_width":""},"product_brand":[],"product_cat":[80],"product_tag":[466,474,475,480,736,734,461,735,487,488,596,457,738,737],"class_list":{"0":"post-9153","1":"product","2":"type-product","3":"status-publish","4":"has-post-thumbnail","6":"product_cat-vinc-kanca-ve-ekipmanlari","7":"product_tag-c-profil-en-ucuz","8":"product_tag-c-profil-fiyat-listesi","9":"product_tag-c-profil-fiyatlari","10":"product_tag-c-profil-tasima-sistemleri","11":"product_tag-cift-agiz-gaga","12":"product_tag-cift-agizli-kanca","13":"product_tag-deliksiz-baglanti-profili-satisi","14":"product_tag-gaga","15":"product_tag-kablo-araba-vinc-araba-kablo-tasima-araba","16":"product_tag-kanca","17":"product_tag-kancalar","18":"product_tag-vinc-ekipmanlari","19":"product_tag-vinc-gaga","20":"product_tag-vinc-gagasi","22":"first","23":"instock","24":"shipping-taxable","25":"product-type-simple"},"acf":[],"yoast_head":"<!-- This site is optimized with the Yoast SEO Premium plugin v20.13 (Yoast SEO v25.7) - https:\/\/yoast.com\/wordpress\/plugins\/seo\/ -->\n<title>Kanca<\/title>\n<meta name=\"description\" content=\"Kanca-\u00c7ift a\u011f\u0131zl\u0131 kanca-Halat-\u00c7elik halat-Kendir \u00f6zl\u00fc halat\" \/>\n<meta name=\"robots\" content=\"index, follow, max-snippet:-1, max-image-preview:large, max-video-preview:-1\" \/>\n<link rel=\"canonical\" href=\"https:\/\/ravon.com.tr\/en\/product\/cift-agizli-kanca\/\" \/>\n<meta property=\"og:locale\" content=\"en_US\" \/>\n<meta property=\"og:type\" content=\"article\" \/>\n<meta property=\"og:title\" content=\"\u00c7ift A\u011f\u0131zl\u0131 Kanca\" \/>\n<meta property=\"og:description\" content=\"Kanca-\u00c7ift a\u011f\u0131zl\u0131 kanca-Halat-\u00c7elik halat-Kendir \u00f6zl\u00fc halat\" \/>\n<meta property=\"og:url\" content=\"https:\/\/ravon.com.tr\/en\/product\/cift-agizli-kanca\/\" \/>\n<meta property=\"og:site_name\" content=\"Ravon Enerji ve Data Transfer Sistemleri\" \/>\n<meta property=\"article:publisher\" content=\"https:\/\/www.facebook.com\/ravonfestoon\" \/>\n<meta property=\"article:modified_time\" content=\"2024-02-01T05:31:46+00:00\" \/>\n<meta property=\"og:image\" content=\"https:\/\/ravon.com.tr\/wp-content\/uploads\/2022\/08\/CIFT-AGZLI-KANCA.png\" \/>\n\t<meta property=\"og:image:width\" content=\"1290\" \/>\n\t<meta property=\"og:image:height\" content=\"1290\" \/>\n\t<meta property=\"og:image:type\" content=\"image\/png\" \/>\n<meta name=\"twitter:card\" content=\"summary_large_image\" \/>\n<meta name=\"twitter:site\" content=\"@ravonfestoon\" \/>\n<meta name=\"twitter:label1\" content=\"Est. reading time\" \/>\n\t<meta name=\"twitter:data1\" content=\"1 minute\" \/>\n<script type=\"application\/ld+json\" class=\"yoast-schema-graph\">{\"@context\":\"https:\/\/schema.org\",\"@graph\":[{\"@type\":\"WebPage\",\"@id\":\"https:\/\/ravon.com.tr\/product\/cift-agizli-kanca\/\",\"url\":\"https:\/\/ravon.com.tr\/product\/cift-agizli-kanca\/\",\"name\":\"Kanca\",\"isPartOf\":{\"@id\":\"https:\/\/ravon.com.tr\/#website\"},\"primaryImageOfPage\":{\"@id\":\"https:\/\/ravon.com.tr\/product\/cift-agizli-kanca\/#primaryimage\"},\"image\":{\"@id\":\"https:\/\/ravon.com.tr\/product\/cift-agizli-kanca\/#primaryimage\"},\"thumbnailUrl\":\"https:\/\/ravon.com.tr\/wp-content\/uploads\/2022\/08\/CIFT-AGZLI-KANCA.png\",\"datePublished\":\"2022-08-17T11:34:35+00:00\",\"dateModified\":\"2024-02-01T05:31:46+00:00\",\"description\":\"Kanca-\u00c7ift a\u011f\u0131zl\u0131 kanca-Halat-\u00c7elik halat-Kendir \u00f6zl\u00fc halat\",\"breadcrumb\":{\"@id\":\"https:\/\/ravon.com.tr\/product\/cift-agizli-kanca\/#breadcrumb\"},\"inLanguage\":\"en-US\",\"potentialAction\":[{\"@type\":\"ReadAction\",\"target\":[\"https:\/\/ravon.com.tr\/product\/cift-agizli-kanca\/\"]}]},{\"@type\":\"ImageObject\",\"inLanguage\":\"en-US\",\"@id\":\"https:\/\/ravon.com.tr\/product\/cift-agizli-kanca\/#primaryimage\",\"url\":\"https:\/\/ravon.com.tr\/wp-content\/uploads\/2022\/08\/CIFT-AGZLI-KANCA.png\",\"contentUrl\":\"https:\/\/ravon.com.tr\/wp-content\/uploads\/2022\/08\/CIFT-AGZLI-KANCA.png\",\"width\":1290,\"height\":1290,\"caption\":\"cift agizli kanca\"},{\"@type\":\"BreadcrumbList\",\"@id\":\"https:\/\/ravon.com.tr\/product\/cift-agizli-kanca\/#breadcrumb\",\"itemListElement\":[{\"@type\":\"ListItem\",\"position\":1,\"name\":\"Anasayfa\",\"item\":\"https:\/\/ravon.com.tr\/\"},{\"@type\":\"ListItem\",\"position\":2,\"name\":\"\u00dcr\u00fcnler\",\"item\":\"https:\/\/ravon.com.tr\/shop\/\"},{\"@type\":\"ListItem\",\"position\":3,\"name\":\"\u00c7ift A\u011f\u0131zl\u0131 Kanca\"}]},{\"@type\":\"WebSite\",\"@id\":\"https:\/\/ravon.com.tr\/#website\",\"url\":\"https:\/\/ravon.com.tr\/\",\"name\":\"Ravon Enerji ve Data Transfer Sistemleri\",\"description\":\"Ravon Enerji ve Data Transfer Sistemleri\",\"publisher\":{\"@id\":\"https:\/\/ravon.com.tr\/#organization\"},\"potentialAction\":[{\"@type\":\"SearchAction\",\"target\":{\"@type\":\"EntryPoint\",\"urlTemplate\":\"https:\/\/ravon.com.tr\/?s={search_term_string}\"},\"query-input\":{\"@type\":\"PropertyValueSpecification\",\"valueRequired\":true,\"valueName\":\"search_term_string\"}}],\"inLanguage\":\"en-US\"},{\"@type\":\"Organization\",\"@id\":\"https:\/\/ravon.com.tr\/#organization\",\"name\":\"Ravon Enerji ve Data Transfer Sistemleri\",\"url\":\"https:\/\/ravon.com.tr\/\",\"logo\":{\"@type\":\"ImageObject\",\"inLanguage\":\"en-US\",\"@id\":\"https:\/\/ravon.com.tr\/#\/schema\/logo\/image\/\",\"url\":\"https:\/\/ravon.com.tr\/wp-content\/uploads\/2023\/08\/tinywow_ravon-logo__2__30279301_1-removebg-preview1.png\",\"contentUrl\":\"https:\/\/ravon.com.tr\/wp-content\/uploads\/2023\/08\/tinywow_ravon-logo__2__30279301_1-removebg-preview1.png\",\"width\":745,\"height\":335,\"caption\":\"Ravon Enerji ve Data Transfer Sistemleri\"},\"image\":{\"@id\":\"https:\/\/ravon.com.tr\/#\/schema\/logo\/image\/\"},\"sameAs\":[\"https:\/\/www.facebook.com\/ravonfestoon\",\"https:\/\/x.com\/ravonfestoon\",\"https:\/\/www.instagram.com\/ravon_festoon\/\"]}]}<\/script>\n<!-- \/ Yoast SEO Premium plugin. -->","yoast_head_json":{"title":"Kanca","description":"Kanca-\u00c7ift a\u011f\u0131zl\u0131 kanca-Halat-\u00c7elik halat-Kendir \u00f6zl\u00fc halat","robots":{"index":"index","follow":"follow","max-snippet":"max-snippet:-1","max-image-preview":"max-image-preview:large","max-video-preview":"max-video-preview:-1"},"canonical":"https:\/\/ravon.com.tr\/en\/product\/cift-agizli-kanca\/","og_locale":"en_US","og_type":"article","og_title":"\u00c7ift A\u011f\u0131zl\u0131 Kanca","og_description":"Kanca-\u00c7ift a\u011f\u0131zl\u0131 kanca-Halat-\u00c7elik halat-Kendir \u00f6zl\u00fc halat","og_url":"https:\/\/ravon.com.tr\/en\/product\/cift-agizli-kanca\/","og_site_name":"Ravon Enerji ve Data Transfer Sistemleri","article_publisher":"https:\/\/www.facebook.com\/ravonfestoon","article_modified_time":"2024-02-01T05:31:46+00:00","og_image":[{"width":1290,"height":1290,"url":"https:\/\/ravon.com.tr\/wp-content\/uploads\/2022\/08\/CIFT-AGZLI-KANCA.png","type":"image\/png"}],"twitter_card":"summary_large_image","twitter_site":"@ravonfestoon","twitter_misc":{"Est. reading time":"1 minute"},"schema":{"@context":"https:\/\/schema.org","@graph":[{"@type":"WebPage","@id":"https:\/\/ravon.com.tr\/product\/cift-agizli-kanca\/","url":"https:\/\/ravon.com.tr\/product\/cift-agizli-kanca\/","name":"Kanca","isPartOf":{"@id":"https:\/\/ravon.com.tr\/#website"},"primaryImageOfPage":{"@id":"https:\/\/ravon.com.tr\/product\/cift-agizli-kanca\/#primaryimage"},"image":{"@id":"https:\/\/ravon.com.tr\/product\/cift-agizli-kanca\/#primaryimage"},"thumbnailUrl":"https:\/\/ravon.com.tr\/wp-content\/uploads\/2022\/08\/CIFT-AGZLI-KANCA.png","datePublished":"2022-08-17T11:34:35+00:00","dateModified":"2024-02-01T05:31:46+00:00","description":"Kanca-\u00c7ift a\u011f\u0131zl\u0131 kanca-Halat-\u00c7elik halat-Kendir \u00f6zl\u00fc halat","breadcrumb":{"@id":"https:\/\/ravon.com.tr\/product\/cift-agizli-kanca\/#breadcrumb"},"inLanguage":"en-US","potentialAction":[{"@type":"ReadAction","target":["https:\/\/ravon.com.tr\/product\/cift-agizli-kanca\/"]}]},{"@type":"ImageObject","inLanguage":"en-US","@id":"https:\/\/ravon.com.tr\/product\/cift-agizli-kanca\/#primaryimage","url":"https:\/\/ravon.com.tr\/wp-content\/uploads\/2022\/08\/CIFT-AGZLI-KANCA.png","contentUrl":"https:\/\/ravon.com.tr\/wp-content\/uploads\/2022\/08\/CIFT-AGZLI-KANCA.png","width":1290,"height":1290,"caption":"cift agizli kanca"},{"@type":"BreadcrumbList","@id":"https:\/\/ravon.com.tr\/product\/cift-agizli-kanca\/#breadcrumb","itemListElement":[{"@type":"ListItem","position":1,"name":"Anasayfa","item":"https:\/\/ravon.com.tr\/"},{"@type":"ListItem","position":2,"name":"\u00dcr\u00fcnler","item":"https:\/\/ravon.com.tr\/shop\/"},{"@type":"ListItem","position":3,"name":"\u00c7ift A\u011f\u0131zl\u0131 Kanca"}]},{"@type":"WebSite","@id":"https:\/\/ravon.com.tr\/#website","url":"https:\/\/ravon.com.tr\/","name":"Ravon Enerji ve Data Transfer Sistemleri","description":"Ravon Enerji ve Data Transfer Sistemleri","publisher":{"@id":"https:\/\/ravon.com.tr\/#organization"},"potentialAction":[{"@type":"SearchAction","target":{"@type":"EntryPoint","urlTemplate":"https:\/\/ravon.com.tr\/?s={search_term_string}"},"query-input":{"@type":"PropertyValueSpecification","valueRequired":true,"valueName":"search_term_string"}}],"inLanguage":"en-US"},{"@type":"Organization","@id":"https:\/\/ravon.com.tr\/#organization","name":"Ravon Enerji ve Data Transfer Sistemleri","url":"https:\/\/ravon.com.tr\/","logo":{"@type":"ImageObject","inLanguage":"en-US","@id":"https:\/\/ravon.com.tr\/#\/schema\/logo\/image\/","url":"https:\/\/ravon.com.tr\/wp-content\/uploads\/2023\/08\/tinywow_ravon-logo__2__30279301_1-removebg-preview1.png","contentUrl":"https:\/\/ravon.com.tr\/wp-content\/uploads\/2023\/08\/tinywow_ravon-logo__2__30279301_1-removebg-preview1.png","width":745,"height":335,"caption":"Ravon Enerji ve Data Transfer Sistemleri"},"image":{"@id":"https:\/\/ravon.com.tr\/#\/schema\/logo\/image\/"},"sameAs":["https:\/\/www.facebook.com\/ravonfestoon","https:\/\/x.com\/ravonfestoon","https:\/\/www.instagram.com\/ravon_festoon\/"]}]}},"_links":{"self":[{"href":"https:\/\/ravon.com.tr\/en\/wp-json\/wp\/v2\/product\/9153","targetHints":{"allow":["GET"]}}],"collection":[{"href":"https:\/\/ravon.com.tr\/en\/wp-json\/wp\/v2\/product"}],"about":[{"href":"https:\/\/ravon.com.tr\/en\/wp-json\/wp\/v2\/types\/product"}],"wp:featuredmedia":[{"embeddable":true,"href":"https:\/\/ravon.com.tr\/en\/wp-json\/wp\/v2\/media\/12009"}],"wp:attachment":[{"href":"https:\/\/ravon.com.tr\/en\/wp-json\/wp\/v2\/media?parent=9153"}],"wp:term":[{"taxonomy":"product_brand","embeddable":true,"href":"https:\/\/ravon.com.tr\/en\/wp-json\/wp\/v2\/product_brand?post=9153"},{"taxonomy":"product_cat","embeddable":true,"href":"https:\/\/ravon.com.tr\/en\/wp-json\/wp\/v2\/product_cat?post=9153"},{"taxonomy":"product_tag","embeddable":true,"href":"https:\/\/ravon.com.tr\/en\/wp-json\/wp\/v2\/product_tag?post=9153"}],"curies":[{"name":"wp","href":"https:\/\/api.w.org\/{rel}","templated":true}]}}