{"id":9155,"date":"2022-08-17T14:35:03","date_gmt":"2022-08-17T11:35:03","guid":{"rendered":"https:\/\/ravonfestoon.com\/?post_type=product&#038;p=9155"},"modified":"2025-05-12T08:18:20","modified_gmt":"2025-05-12T05:18:20","slug":"kanca-traversi","status":"publish","type":"product","link":"https:\/\/ravon.com.tr\/en\/product\/kanca-traversi\/","title":{"rendered":"Hook Trunnion"},"content":{"rendered":"<p>Farkl\u0131 malzeme ve \u00f6l\u00e7\u00fcler i\u00e7in l\u00fctfen firmam\u0131zla irtibata ge\u00e7iniz. \u00dcr\u00fcnlerimiz CE sertifikal\u0131d\u0131r. TSE kalibrasyonlu test cihaz\u0131nda standartlara uygun olarak test yap\u0131l\u0131p, \u0130malat\u00e7\u0131 sertifikas\u0131 d\u00fczenlenmektedir. \u0130stenildi\u011finde test i\u015flemi Loyd g\u00f6zetiminde yap\u0131lmaktad\u0131r.<\/p>\n<p>Kapal\u0131 Kal\u0131pta S\u0131cak D\u00f6vme<\/p>","protected":false},"excerpt":{"rendered":"<p>Farkl\u0131 malzeme ve \u00f6l\u00e7\u00fcler i\u00e7in l\u00fctfen firmam\u0131zla irtibata ge\u00e7iniz. \u00dcr\u00fcnlerimiz CE sertifikal\u0131d\u0131r. TSE kalibrasyonlu test cihaz\u0131nda standartlara uygun olarak test yap\u0131l\u0131p, \u0130malat\u00e7\u0131 sertifikas\u0131 d\u00fczenlenmektedir. \u0130stenildi\u011finde test i\u015flemi Loyd g\u00f6zetiminde yap\u0131lmaktad\u0131r. Kapal\u0131 Kal\u0131pta S\u0131cak D\u00f6vme<\/p>","protected":false},"featured_media":12010,"template":"","meta":{"_acf_changed":false,"_et_pb_use_builder":"","_et_pb_old_content":"","_et_gb_content_width":""},"product_brand":[],"product_cat":[80],"product_tag":[],"class_list":{"0":"post-9155","1":"product","2":"type-product","3":"status-publish","4":"has-post-thumbnail","6":"product_cat-vinc-kanca-ve-ekipmanlari","8":"first","9":"instock","10":"shipping-taxable","11":"product-type-simple"},"acf":[],"yoast_head":"<!-- This site is optimized with the Yoast SEO Premium plugin v20.13 (Yoast SEO v25.7) - https:\/\/yoast.com\/wordpress\/plugins\/seo\/ -->\n<title>Kanca Traversi - Ravon Enerji ve Data Transfer Sistemleri<\/title>\n<meta name=\"robots\" content=\"index, follow, max-snippet:-1, max-image-preview:large, max-video-preview:-1\" \/>\n<link rel=\"canonical\" href=\"https:\/\/ravon.com.tr\/en\/product\/kanca-traversi\/\" \/>\n<meta property=\"og:locale\" content=\"en_US\" \/>\n<meta property=\"og:type\" content=\"article\" \/>\n<meta property=\"og:title\" content=\"Kanca Traversi\" \/>\n<meta property=\"og:description\" content=\"Farkl\u0131 malzeme ve \u00f6l\u00e7\u00fcler i\u00e7in l\u00fctfen firmam\u0131zla irtibata ge\u00e7iniz. \u00dcr\u00fcnlerimiz CE sertifikal\u0131d\u0131r. TSE kalibrasyonlu test cihaz\u0131nda standartlara uygun olarak test yap\u0131l\u0131p, \u0130malat\u00e7\u0131 sertifikas\u0131 d\u00fczenlenmektedir. \u0130stenildi\u011finde test i\u015flemi Loyd g\u00f6zetiminde yap\u0131lmaktad\u0131r. Kapal\u0131 Kal\u0131pta S\u0131cak D\u00f6vme\" \/>\n<meta property=\"og:url\" content=\"https:\/\/ravon.com.tr\/en\/product\/kanca-traversi\/\" \/>\n<meta property=\"og:site_name\" content=\"Ravon Enerji ve Data Transfer Sistemleri\" \/>\n<meta property=\"article:publisher\" content=\"https:\/\/www.facebook.com\/ravonfestoon\" \/>\n<meta property=\"article:modified_time\" content=\"2025-05-12T05:18:20+00:00\" \/>\n<meta property=\"og:image\" content=\"https:\/\/ravon.com.tr\/wp-content\/uploads\/2022\/08\/TRAVERS-1-1.png\" \/>\n\t<meta property=\"og:image:width\" content=\"1290\" \/>\n\t<meta property=\"og:image:height\" content=\"1290\" \/>\n\t<meta property=\"og:image:type\" content=\"image\/png\" \/>\n<meta name=\"twitter:card\" content=\"summary_large_image\" \/>\n<meta name=\"twitter:site\" content=\"@ravonfestoon\" \/>\n<meta name=\"twitter:label1\" content=\"Est. reading time\" \/>\n\t<meta name=\"twitter:data1\" content=\"1 minute\" \/>\n<script type=\"application\/ld+json\" class=\"yoast-schema-graph\">{\"@context\":\"https:\/\/schema.org\",\"@graph\":[{\"@type\":\"WebPage\",\"@id\":\"https:\/\/ravon.com.tr\/product\/kanca-traversi\/\",\"url\":\"https:\/\/ravon.com.tr\/product\/kanca-traversi\/\",\"name\":\"Kanca Traversi - Ravon Enerji ve Data Transfer Sistemleri\",\"isPartOf\":{\"@id\":\"https:\/\/ravon.com.tr\/#website\"},\"primaryImageOfPage\":{\"@id\":\"https:\/\/ravon.com.tr\/product\/kanca-traversi\/#primaryimage\"},\"image\":{\"@id\":\"https:\/\/ravon.com.tr\/product\/kanca-traversi\/#primaryimage\"},\"thumbnailUrl\":\"https:\/\/ravon.com.tr\/wp-content\/uploads\/2022\/08\/TRAVERS-1-1.png\",\"datePublished\":\"2022-08-17T11:35:03+00:00\",\"dateModified\":\"2025-05-12T05:18:20+00:00\",\"breadcrumb\":{\"@id\":\"https:\/\/ravon.com.tr\/product\/kanca-traversi\/#breadcrumb\"},\"inLanguage\":\"en-US\",\"potentialAction\":[{\"@type\":\"ReadAction\",\"target\":[\"https:\/\/ravon.com.tr\/product\/kanca-traversi\/\"]}]},{\"@type\":\"ImageObject\",\"inLanguage\":\"en-US\",\"@id\":\"https:\/\/ravon.com.tr\/product\/kanca-traversi\/#primaryimage\",\"url\":\"https:\/\/ravon.com.tr\/wp-content\/uploads\/2022\/08\/TRAVERS-1-1.png\",\"contentUrl\":\"https:\/\/ravon.com.tr\/wp-content\/uploads\/2022\/08\/TRAVERS-1-1.png\",\"width\":1290,\"height\":1290},{\"@type\":\"BreadcrumbList\",\"@id\":\"https:\/\/ravon.com.tr\/product\/kanca-traversi\/#breadcrumb\",\"itemListElement\":[{\"@type\":\"ListItem\",\"position\":1,\"name\":\"Anasayfa\",\"item\":\"https:\/\/ravon.com.tr\/\"},{\"@type\":\"ListItem\",\"position\":2,\"name\":\"\u00dcr\u00fcnler\",\"item\":\"https:\/\/ravon.com.tr\/shop\/\"},{\"@type\":\"ListItem\",\"position\":3,\"name\":\"Kanca Traversi\"}]},{\"@type\":\"WebSite\",\"@id\":\"https:\/\/ravon.com.tr\/#website\",\"url\":\"https:\/\/ravon.com.tr\/\",\"name\":\"Ravon Enerji ve Data Transfer Sistemleri\",\"description\":\"Ravon Enerji ve Data Transfer Sistemleri\",\"publisher\":{\"@id\":\"https:\/\/ravon.com.tr\/#organization\"},\"potentialAction\":[{\"@type\":\"SearchAction\",\"target\":{\"@type\":\"EntryPoint\",\"urlTemplate\":\"https:\/\/ravon.com.tr\/?s={search_term_string}\"},\"query-input\":{\"@type\":\"PropertyValueSpecification\",\"valueRequired\":true,\"valueName\":\"search_term_string\"}}],\"inLanguage\":\"en-US\"},{\"@type\":\"Organization\",\"@id\":\"https:\/\/ravon.com.tr\/#organization\",\"name\":\"Ravon Enerji ve Data Transfer Sistemleri\",\"url\":\"https:\/\/ravon.com.tr\/\",\"logo\":{\"@type\":\"ImageObject\",\"inLanguage\":\"en-US\",\"@id\":\"https:\/\/ravon.com.tr\/#\/schema\/logo\/image\/\",\"url\":\"https:\/\/ravon.com.tr\/wp-content\/uploads\/2023\/08\/tinywow_ravon-logo__2__30279301_1-removebg-preview1.png\",\"contentUrl\":\"https:\/\/ravon.com.tr\/wp-content\/uploads\/2023\/08\/tinywow_ravon-logo__2__30279301_1-removebg-preview1.png\",\"width\":745,\"height\":335,\"caption\":\"Ravon Enerji ve Data Transfer Sistemleri\"},\"image\":{\"@id\":\"https:\/\/ravon.com.tr\/#\/schema\/logo\/image\/\"},\"sameAs\":[\"https:\/\/www.facebook.com\/ravonfestoon\",\"https:\/\/x.com\/ravonfestoon\",\"https:\/\/www.instagram.com\/ravon_festoon\/\"]}]}<\/script>\n<!-- \/ Yoast SEO Premium plugin. -->","yoast_head_json":{"title":"Kanca Traversi - Ravon Enerji ve Data Transfer Sistemleri","robots":{"index":"index","follow":"follow","max-snippet":"max-snippet:-1","max-image-preview":"max-image-preview:large","max-video-preview":"max-video-preview:-1"},"canonical":"https:\/\/ravon.com.tr\/en\/product\/kanca-traversi\/","og_locale":"en_US","og_type":"article","og_title":"Kanca Traversi","og_description":"Farkl\u0131 malzeme ve \u00f6l\u00e7\u00fcler i\u00e7in l\u00fctfen firmam\u0131zla irtibata ge\u00e7iniz. \u00dcr\u00fcnlerimiz CE sertifikal\u0131d\u0131r. TSE kalibrasyonlu test cihaz\u0131nda standartlara uygun olarak test yap\u0131l\u0131p, \u0130malat\u00e7\u0131 sertifikas\u0131 d\u00fczenlenmektedir. \u0130stenildi\u011finde test i\u015flemi Loyd g\u00f6zetiminde yap\u0131lmaktad\u0131r. Kapal\u0131 Kal\u0131pta S\u0131cak D\u00f6vme","og_url":"https:\/\/ravon.com.tr\/en\/product\/kanca-traversi\/","og_site_name":"Ravon Enerji ve Data Transfer Sistemleri","article_publisher":"https:\/\/www.facebook.com\/ravonfestoon","article_modified_time":"2025-05-12T05:18:20+00:00","og_image":[{"width":1290,"height":1290,"url":"https:\/\/ravon.com.tr\/wp-content\/uploads\/2022\/08\/TRAVERS-1-1.png","type":"image\/png"}],"twitter_card":"summary_large_image","twitter_site":"@ravonfestoon","twitter_misc":{"Est. reading time":"1 minute"},"schema":{"@context":"https:\/\/schema.org","@graph":[{"@type":"WebPage","@id":"https:\/\/ravon.com.tr\/product\/kanca-traversi\/","url":"https:\/\/ravon.com.tr\/product\/kanca-traversi\/","name":"Kanca Traversi - Ravon Enerji ve Data Transfer Sistemleri","isPartOf":{"@id":"https:\/\/ravon.com.tr\/#website"},"primaryImageOfPage":{"@id":"https:\/\/ravon.com.tr\/product\/kanca-traversi\/#primaryimage"},"image":{"@id":"https:\/\/ravon.com.tr\/product\/kanca-traversi\/#primaryimage"},"thumbnailUrl":"https:\/\/ravon.com.tr\/wp-content\/uploads\/2022\/08\/TRAVERS-1-1.png","datePublished":"2022-08-17T11:35:03+00:00","dateModified":"2025-05-12T05:18:20+00:00","breadcrumb":{"@id":"https:\/\/ravon.com.tr\/product\/kanca-traversi\/#breadcrumb"},"inLanguage":"en-US","potentialAction":[{"@type":"ReadAction","target":["https:\/\/ravon.com.tr\/product\/kanca-traversi\/"]}]},{"@type":"ImageObject","inLanguage":"en-US","@id":"https:\/\/ravon.com.tr\/product\/kanca-traversi\/#primaryimage","url":"https:\/\/ravon.com.tr\/wp-content\/uploads\/2022\/08\/TRAVERS-1-1.png","contentUrl":"https:\/\/ravon.com.tr\/wp-content\/uploads\/2022\/08\/TRAVERS-1-1.png","width":1290,"height":1290},{"@type":"BreadcrumbList","@id":"https:\/\/ravon.com.tr\/product\/kanca-traversi\/#breadcrumb","itemListElement":[{"@type":"ListItem","position":1,"name":"Anasayfa","item":"https:\/\/ravon.com.tr\/"},{"@type":"ListItem","position":2,"name":"\u00dcr\u00fcnler","item":"https:\/\/ravon.com.tr\/shop\/"},{"@type":"ListItem","position":3,"name":"Kanca Traversi"}]},{"@type":"WebSite","@id":"https:\/\/ravon.com.tr\/#website","url":"https:\/\/ravon.com.tr\/","name":"Ravon Enerji ve Data Transfer Sistemleri","description":"Ravon Enerji ve Data Transfer Sistemleri","publisher":{"@id":"https:\/\/ravon.com.tr\/#organization"},"potentialAction":[{"@type":"SearchAction","target":{"@type":"EntryPoint","urlTemplate":"https:\/\/ravon.com.tr\/?s={search_term_string}"},"query-input":{"@type":"PropertyValueSpecification","valueRequired":true,"valueName":"search_term_string"}}],"inLanguage":"en-US"},{"@type":"Organization","@id":"https:\/\/ravon.com.tr\/#organization","name":"Ravon Enerji ve Data Transfer Sistemleri","url":"https:\/\/ravon.com.tr\/","logo":{"@type":"ImageObject","inLanguage":"en-US","@id":"https:\/\/ravon.com.tr\/#\/schema\/logo\/image\/","url":"https:\/\/ravon.com.tr\/wp-content\/uploads\/2023\/08\/tinywow_ravon-logo__2__30279301_1-removebg-preview1.png","contentUrl":"https:\/\/ravon.com.tr\/wp-content\/uploads\/2023\/08\/tinywow_ravon-logo__2__30279301_1-removebg-preview1.png","width":745,"height":335,"caption":"Ravon Enerji ve Data Transfer Sistemleri"},"image":{"@id":"https:\/\/ravon.com.tr\/#\/schema\/logo\/image\/"},"sameAs":["https:\/\/www.facebook.com\/ravonfestoon","https:\/\/x.com\/ravonfestoon","https:\/\/www.instagram.com\/ravon_festoon\/"]}]}},"_links":{"self":[{"href":"https:\/\/ravon.com.tr\/en\/wp-json\/wp\/v2\/product\/9155","targetHints":{"allow":["GET"]}}],"collection":[{"href":"https:\/\/ravon.com.tr\/en\/wp-json\/wp\/v2\/product"}],"about":[{"href":"https:\/\/ravon.com.tr\/en\/wp-json\/wp\/v2\/types\/product"}],"wp:featuredmedia":[{"embeddable":true,"href":"https:\/\/ravon.com.tr\/en\/wp-json\/wp\/v2\/media\/12010"}],"wp:attachment":[{"href":"https:\/\/ravon.com.tr\/en\/wp-json\/wp\/v2\/media?parent=9155"}],"wp:term":[{"taxonomy":"product_brand","embeddable":true,"href":"https:\/\/ravon.com.tr\/en\/wp-json\/wp\/v2\/product_brand?post=9155"},{"taxonomy":"product_cat","embeddable":true,"href":"https:\/\/ravon.com.tr\/en\/wp-json\/wp\/v2\/product_cat?post=9155"},{"taxonomy":"product_tag","embeddable":true,"href":"https:\/\/ravon.com.tr\/en\/wp-json\/wp\/v2\/product_tag?post=9155"}],"curies":[{"name":"wp","href":"https:\/\/api.w.org\/{rel}","templated":true}]}}