{"id":9157,"date":"2022-08-17T14:35:40","date_gmt":"2022-08-17T11:35:40","guid":{"rendered":"https:\/\/ravonfestoon.com\/?post_type=product&#038;p=9157"},"modified":"2025-06-04T08:45:54","modified_gmt":"2025-06-04T05:45:54","slug":"emniyet-mandali","status":"publish","type":"product","link":"https:\/\/ravon.com.tr\/en\/product\/emniyet-mandali\/","title":{"rendered":"Latch"},"content":{"rendered":"<p style=\"text-align: justify;\">Vin\u00e7lerde kullan\u0131lan kanca emniyet mandal\u0131, genellikle kald\u0131rma ekipmanlar\u0131n\u0131n g\u00fcvenli\u011fini sa\u011flamak i\u00e7in kullan\u0131lan bir emniyet \u00f6nlemidir. Bu emniyet mandallar\u0131, kancan\u0131n yanl\u0131\u015fl\u0131kla a\u00e7\u0131lmas\u0131n\u0131 veya d\u00fc\u015fmesini \u00f6nlemek amac\u0131yla tasarlanm\u0131\u015ft\u0131r. Kanca emniyet mandallar\u0131, vin\u00e7 kancas\u0131n\u0131n kald\u0131rma i\u015flemi s\u0131ras\u0131nda g\u00fcvenli bir \u015fekilde kilitlenmesini sa\u011flar.<\/p>\n<p style=\"text-align: justify;\">Bu t\u00fcr emniyet mandallar\u0131, genellikle a\u011f\u0131r y\u00fck kald\u0131rma uygulamalar\u0131nda kullan\u0131l\u0131r ve vin\u00e7 operat\u00f6rlerinin g\u00fcvenli\u011fini art\u0131rmak amac\u0131yla tasarlanm\u0131\u015ft\u0131r. Emniyet mandallar\u0131, kancan\u0131n ani a\u00e7\u0131lmas\u0131n\u0131 veya d\u00fc\u015fmesini engelleyerek \u00e7evresel g\u00fcvenlik standartlar\u0131na uygun bir \u00e7al\u0131\u015fma ortam\u0131 sa\u011flar.<\/p>","protected":false},"excerpt":{"rendered":"<p>Vin\u00e7lerde kullan\u0131lan kanca emniyet mandal\u0131, genellikle kald\u0131rma ekipmanlar\u0131n\u0131n g\u00fcvenli\u011fini sa\u011flamak i\u00e7in kullan\u0131lan bir emniyet \u00f6nlemidir. Bu emniyet mandallar\u0131, kancan\u0131n yanl\u0131\u015fl\u0131kla a\u00e7\u0131lmas\u0131n\u0131 veya d\u00fc\u015fmesini \u00f6nlemek amac\u0131yla tasarlanm\u0131\u015ft\u0131r. Kanca emniyet mandallar\u0131, vin\u00e7 kancas\u0131n\u0131n kald\u0131rma i\u015flemi s\u0131ras\u0131nda g\u00fcvenli bir \u015fekilde kilitlenmesini sa\u011flar. Bu t\u00fcr emniyet mandallar\u0131, genellikle a\u011f\u0131r y\u00fck kald\u0131rma uygulamalar\u0131nda kullan\u0131l\u0131r ve vin\u00e7 operat\u00f6rlerinin g\u00fcvenli\u011fini art\u0131rmak amac\u0131yla [&hellip;]<\/p>","protected":false},"featured_media":12004,"template":"","meta":{"_acf_changed":false,"_et_pb_use_builder":"","_et_pb_old_content":"","_et_gb_content_width":""},"product_brand":[],"product_cat":[80],"product_tag":[],"class_list":{"0":"post-9157","1":"product","2":"type-product","3":"status-publish","4":"has-post-thumbnail","6":"product_cat-vinc-kanca-ve-ekipmanlari","8":"first","9":"instock","10":"shipping-taxable","11":"product-type-simple"},"acf":[],"yoast_head":"<!-- This site is optimized with the Yoast SEO Premium plugin v20.13 (Yoast SEO v25.7) - https:\/\/yoast.com\/wordpress\/plugins\/seo\/ -->\n<title>Emniyet Mandal\u0131 - Ravon Enerji ve Data Transfer Sistemleri<\/title>\n<meta name=\"robots\" content=\"index, follow, max-snippet:-1, max-image-preview:large, max-video-preview:-1\" \/>\n<link rel=\"canonical\" href=\"https:\/\/ravon.com.tr\/en\/product\/emniyet-mandali\/\" \/>\n<meta property=\"og:locale\" content=\"en_US\" \/>\n<meta property=\"og:type\" content=\"article\" \/>\n<meta property=\"og:title\" content=\"Emniyet Mandal\u0131\" \/>\n<meta property=\"og:description\" content=\"Vin\u00e7lerde kullan\u0131lan kanca emniyet mandal\u0131, genellikle kald\u0131rma ekipmanlar\u0131n\u0131n g\u00fcvenli\u011fini sa\u011flamak i\u00e7in kullan\u0131lan bir emniyet \u00f6nlemidir. Bu emniyet mandallar\u0131, kancan\u0131n yanl\u0131\u015fl\u0131kla a\u00e7\u0131lmas\u0131n\u0131 veya d\u00fc\u015fmesini \u00f6nlemek amac\u0131yla tasarlanm\u0131\u015ft\u0131r. Kanca emniyet mandallar\u0131, vin\u00e7 kancas\u0131n\u0131n kald\u0131rma i\u015flemi s\u0131ras\u0131nda g\u00fcvenli bir \u015fekilde kilitlenmesini sa\u011flar. Bu t\u00fcr emniyet mandallar\u0131, genellikle a\u011f\u0131r y\u00fck kald\u0131rma uygulamalar\u0131nda kullan\u0131l\u0131r ve vin\u00e7 operat\u00f6rlerinin g\u00fcvenli\u011fini art\u0131rmak amac\u0131yla [&hellip;]\" \/>\n<meta property=\"og:url\" content=\"https:\/\/ravon.com.tr\/en\/product\/emniyet-mandali\/\" \/>\n<meta property=\"og:site_name\" content=\"Ravon Enerji ve Data Transfer Sistemleri\" \/>\n<meta property=\"article:publisher\" content=\"https:\/\/www.facebook.com\/ravonfestoon\" \/>\n<meta property=\"article:modified_time\" content=\"2025-06-04T05:45:54+00:00\" \/>\n<meta property=\"og:image\" content=\"https:\/\/ravon.com.tr\/wp-content\/uploads\/2022\/08\/EMNIYET-MANDALI.png\" \/>\n\t<meta property=\"og:image:width\" content=\"1290\" \/>\n\t<meta property=\"og:image:height\" content=\"1290\" \/>\n\t<meta property=\"og:image:type\" content=\"image\/png\" \/>\n<meta name=\"twitter:card\" content=\"summary_large_image\" \/>\n<meta name=\"twitter:site\" content=\"@ravonfestoon\" \/>\n<meta name=\"twitter:label1\" content=\"Est. reading time\" \/>\n\t<meta name=\"twitter:data1\" content=\"1 minute\" \/>\n<script type=\"application\/ld+json\" class=\"yoast-schema-graph\">{\"@context\":\"https:\/\/schema.org\",\"@graph\":[{\"@type\":\"WebPage\",\"@id\":\"https:\/\/ravon.com.tr\/product\/emniyet-mandali\/\",\"url\":\"https:\/\/ravon.com.tr\/product\/emniyet-mandali\/\",\"name\":\"Emniyet Mandal\u0131 - Ravon Enerji ve Data Transfer Sistemleri\",\"isPartOf\":{\"@id\":\"https:\/\/ravon.com.tr\/#website\"},\"primaryImageOfPage\":{\"@id\":\"https:\/\/ravon.com.tr\/product\/emniyet-mandali\/#primaryimage\"},\"image\":{\"@id\":\"https:\/\/ravon.com.tr\/product\/emniyet-mandali\/#primaryimage\"},\"thumbnailUrl\":\"https:\/\/ravon.com.tr\/wp-content\/uploads\/2022\/08\/EMNIYET-MANDALI.png\",\"datePublished\":\"2022-08-17T11:35:40+00:00\",\"dateModified\":\"2025-06-04T05:45:54+00:00\",\"breadcrumb\":{\"@id\":\"https:\/\/ravon.com.tr\/product\/emniyet-mandali\/#breadcrumb\"},\"inLanguage\":\"en-US\",\"potentialAction\":[{\"@type\":\"ReadAction\",\"target\":[\"https:\/\/ravon.com.tr\/product\/emniyet-mandali\/\"]}]},{\"@type\":\"ImageObject\",\"inLanguage\":\"en-US\",\"@id\":\"https:\/\/ravon.com.tr\/product\/emniyet-mandali\/#primaryimage\",\"url\":\"https:\/\/ravon.com.tr\/wp-content\/uploads\/2022\/08\/EMNIYET-MANDALI.png\",\"contentUrl\":\"https:\/\/ravon.com.tr\/wp-content\/uploads\/2022\/08\/EMNIYET-MANDALI.png\",\"width\":1290,\"height\":1290},{\"@type\":\"BreadcrumbList\",\"@id\":\"https:\/\/ravon.com.tr\/product\/emniyet-mandali\/#breadcrumb\",\"itemListElement\":[{\"@type\":\"ListItem\",\"position\":1,\"name\":\"Anasayfa\",\"item\":\"https:\/\/ravon.com.tr\/\"},{\"@type\":\"ListItem\",\"position\":2,\"name\":\"\u00dcr\u00fcnler\",\"item\":\"https:\/\/ravon.com.tr\/shop\/\"},{\"@type\":\"ListItem\",\"position\":3,\"name\":\"Emniyet Mandal\u0131\"}]},{\"@type\":\"WebSite\",\"@id\":\"https:\/\/ravon.com.tr\/#website\",\"url\":\"https:\/\/ravon.com.tr\/\",\"name\":\"Ravon Enerji ve Data Transfer Sistemleri\",\"description\":\"Ravon Enerji ve Data Transfer Sistemleri\",\"publisher\":{\"@id\":\"https:\/\/ravon.com.tr\/#organization\"},\"potentialAction\":[{\"@type\":\"SearchAction\",\"target\":{\"@type\":\"EntryPoint\",\"urlTemplate\":\"https:\/\/ravon.com.tr\/?s={search_term_string}\"},\"query-input\":{\"@type\":\"PropertyValueSpecification\",\"valueRequired\":true,\"valueName\":\"search_term_string\"}}],\"inLanguage\":\"en-US\"},{\"@type\":\"Organization\",\"@id\":\"https:\/\/ravon.com.tr\/#organization\",\"name\":\"Ravon Enerji ve Data Transfer Sistemleri\",\"url\":\"https:\/\/ravon.com.tr\/\",\"logo\":{\"@type\":\"ImageObject\",\"inLanguage\":\"en-US\",\"@id\":\"https:\/\/ravon.com.tr\/#\/schema\/logo\/image\/\",\"url\":\"https:\/\/ravon.com.tr\/wp-content\/uploads\/2023\/08\/tinywow_ravon-logo__2__30279301_1-removebg-preview1.png\",\"contentUrl\":\"https:\/\/ravon.com.tr\/wp-content\/uploads\/2023\/08\/tinywow_ravon-logo__2__30279301_1-removebg-preview1.png\",\"width\":745,\"height\":335,\"caption\":\"Ravon Enerji ve Data Transfer Sistemleri\"},\"image\":{\"@id\":\"https:\/\/ravon.com.tr\/#\/schema\/logo\/image\/\"},\"sameAs\":[\"https:\/\/www.facebook.com\/ravonfestoon\",\"https:\/\/x.com\/ravonfestoon\",\"https:\/\/www.instagram.com\/ravon_festoon\/\"]}]}<\/script>\n<!-- \/ Yoast SEO Premium plugin. -->","yoast_head_json":{"title":"Emniyet Mandal\u0131 - Ravon Enerji ve Data Transfer Sistemleri","robots":{"index":"index","follow":"follow","max-snippet":"max-snippet:-1","max-image-preview":"max-image-preview:large","max-video-preview":"max-video-preview:-1"},"canonical":"https:\/\/ravon.com.tr\/en\/product\/emniyet-mandali\/","og_locale":"en_US","og_type":"article","og_title":"Emniyet Mandal\u0131","og_description":"Vin\u00e7lerde kullan\u0131lan kanca emniyet mandal\u0131, genellikle kald\u0131rma ekipmanlar\u0131n\u0131n g\u00fcvenli\u011fini sa\u011flamak i\u00e7in kullan\u0131lan bir emniyet \u00f6nlemidir. Bu emniyet mandallar\u0131, kancan\u0131n yanl\u0131\u015fl\u0131kla a\u00e7\u0131lmas\u0131n\u0131 veya d\u00fc\u015fmesini \u00f6nlemek amac\u0131yla tasarlanm\u0131\u015ft\u0131r. Kanca emniyet mandallar\u0131, vin\u00e7 kancas\u0131n\u0131n kald\u0131rma i\u015flemi s\u0131ras\u0131nda g\u00fcvenli bir \u015fekilde kilitlenmesini sa\u011flar. Bu t\u00fcr emniyet mandallar\u0131, genellikle a\u011f\u0131r y\u00fck kald\u0131rma uygulamalar\u0131nda kullan\u0131l\u0131r ve vin\u00e7 operat\u00f6rlerinin g\u00fcvenli\u011fini art\u0131rmak amac\u0131yla [&hellip;]","og_url":"https:\/\/ravon.com.tr\/en\/product\/emniyet-mandali\/","og_site_name":"Ravon Enerji ve Data Transfer Sistemleri","article_publisher":"https:\/\/www.facebook.com\/ravonfestoon","article_modified_time":"2025-06-04T05:45:54+00:00","og_image":[{"width":1290,"height":1290,"url":"https:\/\/ravon.com.tr\/wp-content\/uploads\/2022\/08\/EMNIYET-MANDALI.png","type":"image\/png"}],"twitter_card":"summary_large_image","twitter_site":"@ravonfestoon","twitter_misc":{"Est. reading time":"1 minute"},"schema":{"@context":"https:\/\/schema.org","@graph":[{"@type":"WebPage","@id":"https:\/\/ravon.com.tr\/product\/emniyet-mandali\/","url":"https:\/\/ravon.com.tr\/product\/emniyet-mandali\/","name":"Emniyet Mandal\u0131 - Ravon Enerji ve Data Transfer Sistemleri","isPartOf":{"@id":"https:\/\/ravon.com.tr\/#website"},"primaryImageOfPage":{"@id":"https:\/\/ravon.com.tr\/product\/emniyet-mandali\/#primaryimage"},"image":{"@id":"https:\/\/ravon.com.tr\/product\/emniyet-mandali\/#primaryimage"},"thumbnailUrl":"https:\/\/ravon.com.tr\/wp-content\/uploads\/2022\/08\/EMNIYET-MANDALI.png","datePublished":"2022-08-17T11:35:40+00:00","dateModified":"2025-06-04T05:45:54+00:00","breadcrumb":{"@id":"https:\/\/ravon.com.tr\/product\/emniyet-mandali\/#breadcrumb"},"inLanguage":"en-US","potentialAction":[{"@type":"ReadAction","target":["https:\/\/ravon.com.tr\/product\/emniyet-mandali\/"]}]},{"@type":"ImageObject","inLanguage":"en-US","@id":"https:\/\/ravon.com.tr\/product\/emniyet-mandali\/#primaryimage","url":"https:\/\/ravon.com.tr\/wp-content\/uploads\/2022\/08\/EMNIYET-MANDALI.png","contentUrl":"https:\/\/ravon.com.tr\/wp-content\/uploads\/2022\/08\/EMNIYET-MANDALI.png","width":1290,"height":1290},{"@type":"BreadcrumbList","@id":"https:\/\/ravon.com.tr\/product\/emniyet-mandali\/#breadcrumb","itemListElement":[{"@type":"ListItem","position":1,"name":"Anasayfa","item":"https:\/\/ravon.com.tr\/"},{"@type":"ListItem","position":2,"name":"\u00dcr\u00fcnler","item":"https:\/\/ravon.com.tr\/shop\/"},{"@type":"ListItem","position":3,"name":"Emniyet Mandal\u0131"}]},{"@type":"WebSite","@id":"https:\/\/ravon.com.tr\/#website","url":"https:\/\/ravon.com.tr\/","name":"Ravon Enerji ve Data Transfer Sistemleri","description":"Ravon Enerji ve Data Transfer Sistemleri","publisher":{"@id":"https:\/\/ravon.com.tr\/#organization"},"potentialAction":[{"@type":"SearchAction","target":{"@type":"EntryPoint","urlTemplate":"https:\/\/ravon.com.tr\/?s={search_term_string}"},"query-input":{"@type":"PropertyValueSpecification","valueRequired":true,"valueName":"search_term_string"}}],"inLanguage":"en-US"},{"@type":"Organization","@id":"https:\/\/ravon.com.tr\/#organization","name":"Ravon Enerji ve Data Transfer Sistemleri","url":"https:\/\/ravon.com.tr\/","logo":{"@type":"ImageObject","inLanguage":"en-US","@id":"https:\/\/ravon.com.tr\/#\/schema\/logo\/image\/","url":"https:\/\/ravon.com.tr\/wp-content\/uploads\/2023\/08\/tinywow_ravon-logo__2__30279301_1-removebg-preview1.png","contentUrl":"https:\/\/ravon.com.tr\/wp-content\/uploads\/2023\/08\/tinywow_ravon-logo__2__30279301_1-removebg-preview1.png","width":745,"height":335,"caption":"Ravon Enerji ve Data Transfer Sistemleri"},"image":{"@id":"https:\/\/ravon.com.tr\/#\/schema\/logo\/image\/"},"sameAs":["https:\/\/www.facebook.com\/ravonfestoon","https:\/\/x.com\/ravonfestoon","https:\/\/www.instagram.com\/ravon_festoon\/"]}]}},"_links":{"self":[{"href":"https:\/\/ravon.com.tr\/en\/wp-json\/wp\/v2\/product\/9157","targetHints":{"allow":["GET"]}}],"collection":[{"href":"https:\/\/ravon.com.tr\/en\/wp-json\/wp\/v2\/product"}],"about":[{"href":"https:\/\/ravon.com.tr\/en\/wp-json\/wp\/v2\/types\/product"}],"wp:featuredmedia":[{"embeddable":true,"href":"https:\/\/ravon.com.tr\/en\/wp-json\/wp\/v2\/media\/12004"}],"wp:attachment":[{"href":"https:\/\/ravon.com.tr\/en\/wp-json\/wp\/v2\/media?parent=9157"}],"wp:term":[{"taxonomy":"product_brand","embeddable":true,"href":"https:\/\/ravon.com.tr\/en\/wp-json\/wp\/v2\/product_brand?post=9157"},{"taxonomy":"product_cat","embeddable":true,"href":"https:\/\/ravon.com.tr\/en\/wp-json\/wp\/v2\/product_cat?post=9157"},{"taxonomy":"product_tag","embeddable":true,"href":"https:\/\/ravon.com.tr\/en\/wp-json\/wp\/v2\/product_tag?post=9157"}],"curies":[{"name":"wp","href":"https:\/\/api.w.org\/{rel}","templated":true}]}}