{"id":9159,"date":"2022-08-17T14:36:05","date_gmt":"2022-08-17T11:36:05","guid":{"rendered":"https:\/\/ravonfestoon.com\/?post_type=product&#038;p=9159"},"modified":"2024-02-21T10:50:22","modified_gmt":"2024-02-21T07:50:22","slug":"kanca-blogu","status":"publish","type":"product","link":"https:\/\/ravon.com.tr\/en\/product\/kanca-blogu\/","title":{"rendered":"Hook Block"},"content":{"rendered":"<h4>KANCA BLO\u011eU<\/h4>\n<p>Vin\u00e7lerde &#8220;kanca blo\u011fu&#8221; veya &#8220;vin\u00e7 kanca blo\u011fu,&#8221; y\u00fckleri kald\u0131rmak, ta\u015f\u0131mak veya indirmek i\u00e7in kullan\u0131lan \u00f6nemli bir bile\u015fendir. Kanca blo\u011fu, vin\u00e7 halat\u0131n\u0131n veya zincirinin \u00fczerine sar\u0131ld\u0131\u011f\u0131, y\u00fck\u00fcn g\u00fcvenli bir \u015fekilde ta\u015f\u0131nmas\u0131na yard\u0131mc\u0131 olan bir makara sistemini i\u00e7erir. Ayn\u0131 zamanda y\u00fck\u00fcn dengelenmesine ve y\u00f6nlendirilmesine de yard\u0131mc\u0131 olur.<\/p>","protected":false},"excerpt":{"rendered":"<p>KANCA BLO\u011eU Vin\u00e7lerde &#8220;kanca blo\u011fu&#8221; veya &#8220;vin\u00e7 kanca blo\u011fu,&#8221; y\u00fckleri kald\u0131rmak, ta\u015f\u0131mak veya indirmek i\u00e7in kullan\u0131lan \u00f6nemli bir bile\u015fendir. Kanca blo\u011fu, vin\u00e7 halat\u0131n\u0131n veya zincirinin \u00fczerine sar\u0131ld\u0131\u011f\u0131, y\u00fck\u00fcn g\u00fcvenli bir \u015fekilde ta\u015f\u0131nmas\u0131na yard\u0131mc\u0131 olan bir makara sistemini i\u00e7erir. Ayn\u0131 zamanda y\u00fck\u00fcn dengelenmesine ve y\u00f6nlendirilmesine de yard\u0131mc\u0131 olur.<\/p>","protected":false},"featured_media":12089,"template":"","meta":{"_acf_changed":false,"_et_pb_use_builder":"","_et_pb_old_content":"","_et_gb_content_width":""},"product_brand":[],"product_cat":[80],"product_tag":[488,613,612,618,616,614,615,617],"class_list":{"0":"post-9159","1":"product","2":"type-product","3":"status-publish","4":"has-post-thumbnail","6":"product_cat-vinc-kanca-ve-ekipmanlari","7":"product_tag-kanca","8":"product_tag-kanca-blogu","9":"product_tag-kanca-blok","10":"product_tag-tekagizlikanca","11":"product_tag-vinc-kanca","12":"product_tag-vinc-kanca-blogu","13":"product_tag-vinckancablogu","14":"product_tag-vinckancasi","16":"first","17":"instock","18":"shipping-taxable","19":"product-type-simple"},"acf":[],"yoast_head":"<!-- This site is optimized with the Yoast SEO Premium plugin v20.13 (Yoast SEO v25.7) - https:\/\/yoast.com\/wordpress\/plugins\/seo\/ -->\n<title>Kanca Blo\u011fu - Ravon Enerji ve Data Transfer Sistemleri<\/title>\n<meta name=\"robots\" content=\"index, follow, max-snippet:-1, max-image-preview:large, max-video-preview:-1\" \/>\n<link rel=\"canonical\" href=\"https:\/\/ravon.com.tr\/en\/product\/kanca-blogu\/\" \/>\n<meta property=\"og:locale\" content=\"en_US\" \/>\n<meta property=\"og:type\" content=\"article\" \/>\n<meta property=\"og:title\" content=\"Kanca Blo\u011fu\" \/>\n<meta property=\"og:description\" content=\"KANCA BLO\u011eU Vin\u00e7lerde &#8220;kanca blo\u011fu&#8221; veya &#8220;vin\u00e7 kanca blo\u011fu,&#8221; y\u00fckleri kald\u0131rmak, ta\u015f\u0131mak veya indirmek i\u00e7in kullan\u0131lan \u00f6nemli bir bile\u015fendir. Kanca blo\u011fu, vin\u00e7 halat\u0131n\u0131n veya zincirinin \u00fczerine sar\u0131ld\u0131\u011f\u0131, y\u00fck\u00fcn g\u00fcvenli bir \u015fekilde ta\u015f\u0131nmas\u0131na yard\u0131mc\u0131 olan bir makara sistemini i\u00e7erir. Ayn\u0131 zamanda y\u00fck\u00fcn dengelenmesine ve y\u00f6nlendirilmesine de yard\u0131mc\u0131 olur.\" \/>\n<meta property=\"og:url\" content=\"https:\/\/ravon.com.tr\/en\/product\/kanca-blogu\/\" \/>\n<meta property=\"og:site_name\" content=\"Ravon Enerji ve Data Transfer Sistemleri\" \/>\n<meta property=\"article:publisher\" content=\"https:\/\/www.facebook.com\/ravonfestoon\" \/>\n<meta property=\"article:modified_time\" content=\"2024-02-21T07:50:22+00:00\" \/>\n<meta property=\"og:image\" content=\"https:\/\/ravon.com.tr\/wp-content\/uploads\/2022\/08\/KANCA-BLOGU-2.png\" \/>\n\t<meta property=\"og:image:width\" content=\"1290\" \/>\n\t<meta property=\"og:image:height\" content=\"1290\" \/>\n\t<meta property=\"og:image:type\" content=\"image\/png\" \/>\n<meta name=\"twitter:card\" content=\"summary_large_image\" \/>\n<meta name=\"twitter:site\" content=\"@ravonfestoon\" \/>\n<meta name=\"twitter:label1\" content=\"Est. reading time\" \/>\n\t<meta name=\"twitter:data1\" content=\"1 minute\" \/>\n<script type=\"application\/ld+json\" class=\"yoast-schema-graph\">{\"@context\":\"https:\/\/schema.org\",\"@graph\":[{\"@type\":\"WebPage\",\"@id\":\"https:\/\/ravon.com.tr\/product\/kanca-blogu\/\",\"url\":\"https:\/\/ravon.com.tr\/product\/kanca-blogu\/\",\"name\":\"Kanca Blo\u011fu - Ravon Enerji ve Data Transfer Sistemleri\",\"isPartOf\":{\"@id\":\"https:\/\/ravon.com.tr\/#website\"},\"primaryImageOfPage\":{\"@id\":\"https:\/\/ravon.com.tr\/product\/kanca-blogu\/#primaryimage\"},\"image\":{\"@id\":\"https:\/\/ravon.com.tr\/product\/kanca-blogu\/#primaryimage\"},\"thumbnailUrl\":\"https:\/\/ravon.com.tr\/wp-content\/uploads\/2022\/08\/KANCA-BLOGU-2.png\",\"datePublished\":\"2022-08-17T11:36:05+00:00\",\"dateModified\":\"2024-02-21T07:50:22+00:00\",\"breadcrumb\":{\"@id\":\"https:\/\/ravon.com.tr\/product\/kanca-blogu\/#breadcrumb\"},\"inLanguage\":\"en-US\",\"potentialAction\":[{\"@type\":\"ReadAction\",\"target\":[\"https:\/\/ravon.com.tr\/product\/kanca-blogu\/\"]}]},{\"@type\":\"ImageObject\",\"inLanguage\":\"en-US\",\"@id\":\"https:\/\/ravon.com.tr\/product\/kanca-blogu\/#primaryimage\",\"url\":\"https:\/\/ravon.com.tr\/wp-content\/uploads\/2022\/08\/KANCA-BLOGU-2.png\",\"contentUrl\":\"https:\/\/ravon.com.tr\/wp-content\/uploads\/2022\/08\/KANCA-BLOGU-2.png\",\"width\":1290,\"height\":1290,\"caption\":\"kanca blok\"},{\"@type\":\"BreadcrumbList\",\"@id\":\"https:\/\/ravon.com.tr\/product\/kanca-blogu\/#breadcrumb\",\"itemListElement\":[{\"@type\":\"ListItem\",\"position\":1,\"name\":\"Anasayfa\",\"item\":\"https:\/\/ravon.com.tr\/\"},{\"@type\":\"ListItem\",\"position\":2,\"name\":\"\u00dcr\u00fcnler\",\"item\":\"https:\/\/ravon.com.tr\/shop\/\"},{\"@type\":\"ListItem\",\"position\":3,\"name\":\"Kanca Blo\u011fu\"}]},{\"@type\":\"WebSite\",\"@id\":\"https:\/\/ravon.com.tr\/#website\",\"url\":\"https:\/\/ravon.com.tr\/\",\"name\":\"Ravon Enerji ve Data Transfer Sistemleri\",\"description\":\"Ravon Enerji ve Data Transfer Sistemleri\",\"publisher\":{\"@id\":\"https:\/\/ravon.com.tr\/#organization\"},\"potentialAction\":[{\"@type\":\"SearchAction\",\"target\":{\"@type\":\"EntryPoint\",\"urlTemplate\":\"https:\/\/ravon.com.tr\/?s={search_term_string}\"},\"query-input\":{\"@type\":\"PropertyValueSpecification\",\"valueRequired\":true,\"valueName\":\"search_term_string\"}}],\"inLanguage\":\"en-US\"},{\"@type\":\"Organization\",\"@id\":\"https:\/\/ravon.com.tr\/#organization\",\"name\":\"Ravon Enerji ve Data Transfer Sistemleri\",\"url\":\"https:\/\/ravon.com.tr\/\",\"logo\":{\"@type\":\"ImageObject\",\"inLanguage\":\"en-US\",\"@id\":\"https:\/\/ravon.com.tr\/#\/schema\/logo\/image\/\",\"url\":\"https:\/\/ravon.com.tr\/wp-content\/uploads\/2023\/08\/tinywow_ravon-logo__2__30279301_1-removebg-preview1.png\",\"contentUrl\":\"https:\/\/ravon.com.tr\/wp-content\/uploads\/2023\/08\/tinywow_ravon-logo__2__30279301_1-removebg-preview1.png\",\"width\":745,\"height\":335,\"caption\":\"Ravon Enerji ve Data Transfer Sistemleri\"},\"image\":{\"@id\":\"https:\/\/ravon.com.tr\/#\/schema\/logo\/image\/\"},\"sameAs\":[\"https:\/\/www.facebook.com\/ravonfestoon\",\"https:\/\/x.com\/ravonfestoon\",\"https:\/\/www.instagram.com\/ravon_festoon\/\"]}]}<\/script>\n<!-- \/ Yoast SEO Premium plugin. -->","yoast_head_json":{"title":"Kanca Blo\u011fu - Ravon Enerji ve Data Transfer Sistemleri","robots":{"index":"index","follow":"follow","max-snippet":"max-snippet:-1","max-image-preview":"max-image-preview:large","max-video-preview":"max-video-preview:-1"},"canonical":"https:\/\/ravon.com.tr\/en\/product\/kanca-blogu\/","og_locale":"en_US","og_type":"article","og_title":"Kanca Blo\u011fu","og_description":"KANCA BLO\u011eU Vin\u00e7lerde &#8220;kanca blo\u011fu&#8221; veya &#8220;vin\u00e7 kanca blo\u011fu,&#8221; y\u00fckleri kald\u0131rmak, ta\u015f\u0131mak veya indirmek i\u00e7in kullan\u0131lan \u00f6nemli bir bile\u015fendir. Kanca blo\u011fu, vin\u00e7 halat\u0131n\u0131n veya zincirinin \u00fczerine sar\u0131ld\u0131\u011f\u0131, y\u00fck\u00fcn g\u00fcvenli bir \u015fekilde ta\u015f\u0131nmas\u0131na yard\u0131mc\u0131 olan bir makara sistemini i\u00e7erir. Ayn\u0131 zamanda y\u00fck\u00fcn dengelenmesine ve y\u00f6nlendirilmesine de yard\u0131mc\u0131 olur.","og_url":"https:\/\/ravon.com.tr\/en\/product\/kanca-blogu\/","og_site_name":"Ravon Enerji ve Data Transfer Sistemleri","article_publisher":"https:\/\/www.facebook.com\/ravonfestoon","article_modified_time":"2024-02-21T07:50:22+00:00","og_image":[{"width":1290,"height":1290,"url":"https:\/\/ravon.com.tr\/wp-content\/uploads\/2022\/08\/KANCA-BLOGU-2.png","type":"image\/png"}],"twitter_card":"summary_large_image","twitter_site":"@ravonfestoon","twitter_misc":{"Est. reading time":"1 minute"},"schema":{"@context":"https:\/\/schema.org","@graph":[{"@type":"WebPage","@id":"https:\/\/ravon.com.tr\/product\/kanca-blogu\/","url":"https:\/\/ravon.com.tr\/product\/kanca-blogu\/","name":"Kanca Blo\u011fu - Ravon Enerji ve Data Transfer Sistemleri","isPartOf":{"@id":"https:\/\/ravon.com.tr\/#website"},"primaryImageOfPage":{"@id":"https:\/\/ravon.com.tr\/product\/kanca-blogu\/#primaryimage"},"image":{"@id":"https:\/\/ravon.com.tr\/product\/kanca-blogu\/#primaryimage"},"thumbnailUrl":"https:\/\/ravon.com.tr\/wp-content\/uploads\/2022\/08\/KANCA-BLOGU-2.png","datePublished":"2022-08-17T11:36:05+00:00","dateModified":"2024-02-21T07:50:22+00:00","breadcrumb":{"@id":"https:\/\/ravon.com.tr\/product\/kanca-blogu\/#breadcrumb"},"inLanguage":"en-US","potentialAction":[{"@type":"ReadAction","target":["https:\/\/ravon.com.tr\/product\/kanca-blogu\/"]}]},{"@type":"ImageObject","inLanguage":"en-US","@id":"https:\/\/ravon.com.tr\/product\/kanca-blogu\/#primaryimage","url":"https:\/\/ravon.com.tr\/wp-content\/uploads\/2022\/08\/KANCA-BLOGU-2.png","contentUrl":"https:\/\/ravon.com.tr\/wp-content\/uploads\/2022\/08\/KANCA-BLOGU-2.png","width":1290,"height":1290,"caption":"kanca blok"},{"@type":"BreadcrumbList","@id":"https:\/\/ravon.com.tr\/product\/kanca-blogu\/#breadcrumb","itemListElement":[{"@type":"ListItem","position":1,"name":"Anasayfa","item":"https:\/\/ravon.com.tr\/"},{"@type":"ListItem","position":2,"name":"\u00dcr\u00fcnler","item":"https:\/\/ravon.com.tr\/shop\/"},{"@type":"ListItem","position":3,"name":"Kanca Blo\u011fu"}]},{"@type":"WebSite","@id":"https:\/\/ravon.com.tr\/#website","url":"https:\/\/ravon.com.tr\/","name":"Ravon Enerji ve Data Transfer Sistemleri","description":"Ravon Enerji ve Data Transfer Sistemleri","publisher":{"@id":"https:\/\/ravon.com.tr\/#organization"},"potentialAction":[{"@type":"SearchAction","target":{"@type":"EntryPoint","urlTemplate":"https:\/\/ravon.com.tr\/?s={search_term_string}"},"query-input":{"@type":"PropertyValueSpecification","valueRequired":true,"valueName":"search_term_string"}}],"inLanguage":"en-US"},{"@type":"Organization","@id":"https:\/\/ravon.com.tr\/#organization","name":"Ravon Enerji ve Data Transfer Sistemleri","url":"https:\/\/ravon.com.tr\/","logo":{"@type":"ImageObject","inLanguage":"en-US","@id":"https:\/\/ravon.com.tr\/#\/schema\/logo\/image\/","url":"https:\/\/ravon.com.tr\/wp-content\/uploads\/2023\/08\/tinywow_ravon-logo__2__30279301_1-removebg-preview1.png","contentUrl":"https:\/\/ravon.com.tr\/wp-content\/uploads\/2023\/08\/tinywow_ravon-logo__2__30279301_1-removebg-preview1.png","width":745,"height":335,"caption":"Ravon Enerji ve Data Transfer Sistemleri"},"image":{"@id":"https:\/\/ravon.com.tr\/#\/schema\/logo\/image\/"},"sameAs":["https:\/\/www.facebook.com\/ravonfestoon","https:\/\/x.com\/ravonfestoon","https:\/\/www.instagram.com\/ravon_festoon\/"]}]}},"_links":{"self":[{"href":"https:\/\/ravon.com.tr\/en\/wp-json\/wp\/v2\/product\/9159","targetHints":{"allow":["GET"]}}],"collection":[{"href":"https:\/\/ravon.com.tr\/en\/wp-json\/wp\/v2\/product"}],"about":[{"href":"https:\/\/ravon.com.tr\/en\/wp-json\/wp\/v2\/types\/product"}],"wp:featuredmedia":[{"embeddable":true,"href":"https:\/\/ravon.com.tr\/en\/wp-json\/wp\/v2\/media\/12089"}],"wp:attachment":[{"href":"https:\/\/ravon.com.tr\/en\/wp-json\/wp\/v2\/media?parent=9159"}],"wp:term":[{"taxonomy":"product_brand","embeddable":true,"href":"https:\/\/ravon.com.tr\/en\/wp-json\/wp\/v2\/product_brand?post=9159"},{"taxonomy":"product_cat","embeddable":true,"href":"https:\/\/ravon.com.tr\/en\/wp-json\/wp\/v2\/product_cat?post=9159"},{"taxonomy":"product_tag","embeddable":true,"href":"https:\/\/ravon.com.tr\/en\/wp-json\/wp\/v2\/product_tag?post=9159"}],"curies":[{"name":"wp","href":"https:\/\/api.w.org\/{rel}","templated":true}]}}