{"id":9345,"date":"2023-12-03T17:54:02","date_gmt":"2023-12-03T14:54:02","guid":{"rendered":"https:\/\/ravonfestoon.com\/?post_type=product&#038;p=9345"},"modified":"2024-10-04T09:03:13","modified_gmt":"2024-10-04T06:03:13","slug":"rlp-1-ravon-pin-tipi-asiri-yuk","status":"publish","type":"product","link":"https:\/\/ravon.com.tr\/en\/product\/rlp-1-ravon-pin-tipi-asiri-yuk\/","title":{"rendered":"Pin Type Load Cell"},"content":{"rendered":"<h3 style=\"text-align: justify;\">Load Cell<\/h3>\n<p style=\"text-align: justify;\">A load cell is a special transducer used to measure force or weight. It is widely used in various industries and applications where precise force measurement is required.<\/p>\n<p style=\"text-align: justify;\">Load cells are designed to convert mechanical force into an electrical signal, usually in the form of voltage or current, which can then be measured and analyzed.<\/p>\n<p>&nbsp;<\/p>\n<p><img loading=\"lazy\" decoding=\"async\" class=\"wp-image-12735 alignleft\" src=\"https:\/\/ravon.com.tr\/wp-content\/uploads\/2023\/12\/Basliksiz-1.png\" alt=\"\" width=\"235\" height=\"72\" \/><\/p>\n<p>&nbsp;<\/p>\n<p>&nbsp;<\/p>\n<p>&nbsp;<\/p>\n<p>&nbsp;<\/p>\n<p>&nbsp;<\/p>\n<p>&nbsp;<\/p>\n<p>&nbsp;<\/p>\n<p>&nbsp;<\/p>\n<p>&nbsp;<\/p>","protected":false},"excerpt":{"rendered":"<p>A\u015f\u0131r\u0131 Y\u00fck &amp; Y\u00fck H\u00fccresi (Loadcell) Y\u00fck h\u00fccresi, kuvveti veya a\u011f\u0131rl\u0131\u011f\u0131 \u00f6l\u00e7mek i\u00e7in kullan\u0131lan \u00f6zel bir d\u00f6n\u00fc\u015ft\u00fcr\u00fcc\u00fcd\u00fcr. Hassas kuvvet \u00f6l\u00e7\u00fcm\u00fcn\u00fcn gerekli oldu\u011fu \u00e7e\u015fitli end\u00fcstrilerde ve uygulamalarda yayg\u0131n olarak kullan\u0131l\u0131r. Y\u00fck h\u00fccreleri, mekanik bir kuvveti, daha sonra \u00f6l\u00e7\u00fclebilen ve analiz edilebilen, genellikle voltaj veya ak\u0131m bi\u00e7iminde bir elektrik sinyaline d\u00f6n\u00fc\u015ft\u00fcrmek \u00fczere tasarlanm\u0131\u015ft\u0131r. &nbsp; &nbsp; &nbsp; &nbsp; [&hellip;]<\/p>","protected":false},"featured_media":12038,"template":"","meta":{"_acf_changed":false,"_et_pb_use_builder":"","_et_pb_old_content":"","_et_gb_content_width":""},"product_brand":[],"product_cat":[775],"product_tag":[],"class_list":{"0":"post-9345","1":"product","2":"type-product","3":"status-publish","4":"has-post-thumbnail","6":"product_cat-loadcell","8":"first","9":"instock","10":"shipping-taxable","11":"product-type-simple"},"acf":[],"yoast_head":"<!-- This site is optimized with the Yoast SEO Premium plugin v20.13 (Yoast SEO v25.7) - https:\/\/yoast.com\/wordpress\/plugins\/seo\/ -->\n<title>Ravon Pin Tipi A\u015f\u0131r\u0131 Y\u00fck - Ravon Enerji ve Data Transfer Sistemleri<\/title>\n<meta name=\"robots\" content=\"index, follow, max-snippet:-1, max-image-preview:large, max-video-preview:-1\" \/>\n<link rel=\"canonical\" href=\"https:\/\/ravon.com.tr\/en\/product\/rlp-1-ravon-pin-tipi-asiri-yuk\/\" \/>\n<meta property=\"og:locale\" content=\"en_US\" \/>\n<meta property=\"og:type\" content=\"article\" \/>\n<meta property=\"og:title\" content=\"Ravon Pin Tipi A\u015f\u0131r\u0131 Y\u00fck\" \/>\n<meta property=\"og:description\" content=\"A\u015f\u0131r\u0131 Y\u00fck &amp; Y\u00fck H\u00fccresi (Loadcell) Y\u00fck h\u00fccresi, kuvveti veya a\u011f\u0131rl\u0131\u011f\u0131 \u00f6l\u00e7mek i\u00e7in kullan\u0131lan \u00f6zel bir d\u00f6n\u00fc\u015ft\u00fcr\u00fcc\u00fcd\u00fcr. Hassas kuvvet \u00f6l\u00e7\u00fcm\u00fcn\u00fcn gerekli oldu\u011fu \u00e7e\u015fitli end\u00fcstrilerde ve uygulamalarda yayg\u0131n olarak kullan\u0131l\u0131r. Y\u00fck h\u00fccreleri, mekanik bir kuvveti, daha sonra \u00f6l\u00e7\u00fclebilen ve analiz edilebilen, genellikle voltaj veya ak\u0131m bi\u00e7iminde bir elektrik sinyaline d\u00f6n\u00fc\u015ft\u00fcrmek \u00fczere tasarlanm\u0131\u015ft\u0131r. &nbsp; &nbsp; &nbsp; &nbsp; [&hellip;]\" \/>\n<meta property=\"og:url\" content=\"https:\/\/ravon.com.tr\/en\/product\/rlp-1-ravon-pin-tipi-asiri-yuk\/\" \/>\n<meta property=\"og:site_name\" content=\"Ravon Enerji ve Data Transfer Sistemleri\" \/>\n<meta property=\"article:publisher\" content=\"https:\/\/www.facebook.com\/ravonfestoon\" \/>\n<meta property=\"article:modified_time\" content=\"2024-10-04T06:03:13+00:00\" \/>\n<meta property=\"og:image\" content=\"https:\/\/ravon.com.tr\/wp-content\/uploads\/2023\/12\/LOADCELL02.png\" \/>\n\t<meta property=\"og:image:width\" content=\"1290\" \/>\n\t<meta property=\"og:image:height\" content=\"1290\" \/>\n\t<meta property=\"og:image:type\" content=\"image\/png\" \/>\n<meta name=\"twitter:card\" content=\"summary_large_image\" \/>\n<meta name=\"twitter:site\" content=\"@ravonfestoon\" \/>\n<meta name=\"twitter:label1\" content=\"Est. reading time\" \/>\n\t<meta name=\"twitter:data1\" content=\"1 minute\" \/>\n<script type=\"application\/ld+json\" class=\"yoast-schema-graph\">{\"@context\":\"https:\/\/schema.org\",\"@graph\":[{\"@type\":\"WebPage\",\"@id\":\"https:\/\/ravon.com.tr\/product\/rlp-1-ravon-pin-tipi-asiri-yuk\/\",\"url\":\"https:\/\/ravon.com.tr\/product\/rlp-1-ravon-pin-tipi-asiri-yuk\/\",\"name\":\"Ravon Pin Tipi A\u015f\u0131r\u0131 Y\u00fck - Ravon Enerji ve Data Transfer Sistemleri\",\"isPartOf\":{\"@id\":\"https:\/\/ravon.com.tr\/#website\"},\"primaryImageOfPage\":{\"@id\":\"https:\/\/ravon.com.tr\/product\/rlp-1-ravon-pin-tipi-asiri-yuk\/#primaryimage\"},\"image\":{\"@id\":\"https:\/\/ravon.com.tr\/product\/rlp-1-ravon-pin-tipi-asiri-yuk\/#primaryimage\"},\"thumbnailUrl\":\"https:\/\/ravon.com.tr\/wp-content\/uploads\/2023\/12\/LOADCELL02.png\",\"datePublished\":\"2023-12-03T14:54:02+00:00\",\"dateModified\":\"2024-10-04T06:03:13+00:00\",\"breadcrumb\":{\"@id\":\"https:\/\/ravon.com.tr\/product\/rlp-1-ravon-pin-tipi-asiri-yuk\/#breadcrumb\"},\"inLanguage\":\"en-US\",\"potentialAction\":[{\"@type\":\"ReadAction\",\"target\":[\"https:\/\/ravon.com.tr\/product\/rlp-1-ravon-pin-tipi-asiri-yuk\/\"]}]},{\"@type\":\"ImageObject\",\"inLanguage\":\"en-US\",\"@id\":\"https:\/\/ravon.com.tr\/product\/rlp-1-ravon-pin-tipi-asiri-yuk\/#primaryimage\",\"url\":\"https:\/\/ravon.com.tr\/wp-content\/uploads\/2023\/12\/LOADCELL02.png\",\"contentUrl\":\"https:\/\/ravon.com.tr\/wp-content\/uploads\/2023\/12\/LOADCELL02.png\",\"width\":1290,\"height\":1290},{\"@type\":\"BreadcrumbList\",\"@id\":\"https:\/\/ravon.com.tr\/product\/rlp-1-ravon-pin-tipi-asiri-yuk\/#breadcrumb\",\"itemListElement\":[{\"@type\":\"ListItem\",\"position\":1,\"name\":\"Anasayfa\",\"item\":\"https:\/\/ravon.com.tr\/\"},{\"@type\":\"ListItem\",\"position\":2,\"name\":\"\u00dcr\u00fcnler\",\"item\":\"https:\/\/ravon.com.tr\/shop\/\"},{\"@type\":\"ListItem\",\"position\":3,\"name\":\"Ravon Pin Tipi A\u015f\u0131r\u0131 Y\u00fck\"}]},{\"@type\":\"WebSite\",\"@id\":\"https:\/\/ravon.com.tr\/#website\",\"url\":\"https:\/\/ravon.com.tr\/\",\"name\":\"Ravon Enerji ve Data Transfer Sistemleri\",\"description\":\"Ravon Enerji ve Data Transfer Sistemleri\",\"publisher\":{\"@id\":\"https:\/\/ravon.com.tr\/#organization\"},\"potentialAction\":[{\"@type\":\"SearchAction\",\"target\":{\"@type\":\"EntryPoint\",\"urlTemplate\":\"https:\/\/ravon.com.tr\/?s={search_term_string}\"},\"query-input\":{\"@type\":\"PropertyValueSpecification\",\"valueRequired\":true,\"valueName\":\"search_term_string\"}}],\"inLanguage\":\"en-US\"},{\"@type\":\"Organization\",\"@id\":\"https:\/\/ravon.com.tr\/#organization\",\"name\":\"Ravon Enerji ve Data Transfer Sistemleri\",\"url\":\"https:\/\/ravon.com.tr\/\",\"logo\":{\"@type\":\"ImageObject\",\"inLanguage\":\"en-US\",\"@id\":\"https:\/\/ravon.com.tr\/#\/schema\/logo\/image\/\",\"url\":\"https:\/\/ravon.com.tr\/wp-content\/uploads\/2023\/08\/tinywow_ravon-logo__2__30279301_1-removebg-preview1.png\",\"contentUrl\":\"https:\/\/ravon.com.tr\/wp-content\/uploads\/2023\/08\/tinywow_ravon-logo__2__30279301_1-removebg-preview1.png\",\"width\":745,\"height\":335,\"caption\":\"Ravon Enerji ve Data Transfer Sistemleri\"},\"image\":{\"@id\":\"https:\/\/ravon.com.tr\/#\/schema\/logo\/image\/\"},\"sameAs\":[\"https:\/\/www.facebook.com\/ravonfestoon\",\"https:\/\/x.com\/ravonfestoon\",\"https:\/\/www.instagram.com\/ravon_festoon\/\"]}]}<\/script>\n<!-- \/ Yoast SEO Premium plugin. -->","yoast_head_json":{"title":"Ravon Pin Tipi A\u015f\u0131r\u0131 Y\u00fck - Ravon Enerji ve Data Transfer Sistemleri","robots":{"index":"index","follow":"follow","max-snippet":"max-snippet:-1","max-image-preview":"max-image-preview:large","max-video-preview":"max-video-preview:-1"},"canonical":"https:\/\/ravon.com.tr\/en\/product\/rlp-1-ravon-pin-tipi-asiri-yuk\/","og_locale":"en_US","og_type":"article","og_title":"Ravon Pin Tipi A\u015f\u0131r\u0131 Y\u00fck","og_description":"A\u015f\u0131r\u0131 Y\u00fck &amp; Y\u00fck H\u00fccresi (Loadcell) Y\u00fck h\u00fccresi, kuvveti veya a\u011f\u0131rl\u0131\u011f\u0131 \u00f6l\u00e7mek i\u00e7in kullan\u0131lan \u00f6zel bir d\u00f6n\u00fc\u015ft\u00fcr\u00fcc\u00fcd\u00fcr. Hassas kuvvet \u00f6l\u00e7\u00fcm\u00fcn\u00fcn gerekli oldu\u011fu \u00e7e\u015fitli end\u00fcstrilerde ve uygulamalarda yayg\u0131n olarak kullan\u0131l\u0131r. Y\u00fck h\u00fccreleri, mekanik bir kuvveti, daha sonra \u00f6l\u00e7\u00fclebilen ve analiz edilebilen, genellikle voltaj veya ak\u0131m bi\u00e7iminde bir elektrik sinyaline d\u00f6n\u00fc\u015ft\u00fcrmek \u00fczere tasarlanm\u0131\u015ft\u0131r. &nbsp; &nbsp; &nbsp; &nbsp; [&hellip;]","og_url":"https:\/\/ravon.com.tr\/en\/product\/rlp-1-ravon-pin-tipi-asiri-yuk\/","og_site_name":"Ravon Enerji ve Data Transfer Sistemleri","article_publisher":"https:\/\/www.facebook.com\/ravonfestoon","article_modified_time":"2024-10-04T06:03:13+00:00","og_image":[{"width":1290,"height":1290,"url":"https:\/\/ravon.com.tr\/wp-content\/uploads\/2023\/12\/LOADCELL02.png","type":"image\/png"}],"twitter_card":"summary_large_image","twitter_site":"@ravonfestoon","twitter_misc":{"Est. reading time":"1 minute"},"schema":{"@context":"https:\/\/schema.org","@graph":[{"@type":"WebPage","@id":"https:\/\/ravon.com.tr\/product\/rlp-1-ravon-pin-tipi-asiri-yuk\/","url":"https:\/\/ravon.com.tr\/product\/rlp-1-ravon-pin-tipi-asiri-yuk\/","name":"Ravon Pin Tipi A\u015f\u0131r\u0131 Y\u00fck - Ravon Enerji ve Data Transfer Sistemleri","isPartOf":{"@id":"https:\/\/ravon.com.tr\/#website"},"primaryImageOfPage":{"@id":"https:\/\/ravon.com.tr\/product\/rlp-1-ravon-pin-tipi-asiri-yuk\/#primaryimage"},"image":{"@id":"https:\/\/ravon.com.tr\/product\/rlp-1-ravon-pin-tipi-asiri-yuk\/#primaryimage"},"thumbnailUrl":"https:\/\/ravon.com.tr\/wp-content\/uploads\/2023\/12\/LOADCELL02.png","datePublished":"2023-12-03T14:54:02+00:00","dateModified":"2024-10-04T06:03:13+00:00","breadcrumb":{"@id":"https:\/\/ravon.com.tr\/product\/rlp-1-ravon-pin-tipi-asiri-yuk\/#breadcrumb"},"inLanguage":"en-US","potentialAction":[{"@type":"ReadAction","target":["https:\/\/ravon.com.tr\/product\/rlp-1-ravon-pin-tipi-asiri-yuk\/"]}]},{"@type":"ImageObject","inLanguage":"en-US","@id":"https:\/\/ravon.com.tr\/product\/rlp-1-ravon-pin-tipi-asiri-yuk\/#primaryimage","url":"https:\/\/ravon.com.tr\/wp-content\/uploads\/2023\/12\/LOADCELL02.png","contentUrl":"https:\/\/ravon.com.tr\/wp-content\/uploads\/2023\/12\/LOADCELL02.png","width":1290,"height":1290},{"@type":"BreadcrumbList","@id":"https:\/\/ravon.com.tr\/product\/rlp-1-ravon-pin-tipi-asiri-yuk\/#breadcrumb","itemListElement":[{"@type":"ListItem","position":1,"name":"Anasayfa","item":"https:\/\/ravon.com.tr\/"},{"@type":"ListItem","position":2,"name":"\u00dcr\u00fcnler","item":"https:\/\/ravon.com.tr\/shop\/"},{"@type":"ListItem","position":3,"name":"Ravon Pin Tipi A\u015f\u0131r\u0131 Y\u00fck"}]},{"@type":"WebSite","@id":"https:\/\/ravon.com.tr\/#website","url":"https:\/\/ravon.com.tr\/","name":"Ravon Enerji ve Data Transfer Sistemleri","description":"Ravon Enerji ve Data Transfer Sistemleri","publisher":{"@id":"https:\/\/ravon.com.tr\/#organization"},"potentialAction":[{"@type":"SearchAction","target":{"@type":"EntryPoint","urlTemplate":"https:\/\/ravon.com.tr\/?s={search_term_string}"},"query-input":{"@type":"PropertyValueSpecification","valueRequired":true,"valueName":"search_term_string"}}],"inLanguage":"en-US"},{"@type":"Organization","@id":"https:\/\/ravon.com.tr\/#organization","name":"Ravon Enerji ve Data Transfer Sistemleri","url":"https:\/\/ravon.com.tr\/","logo":{"@type":"ImageObject","inLanguage":"en-US","@id":"https:\/\/ravon.com.tr\/#\/schema\/logo\/image\/","url":"https:\/\/ravon.com.tr\/wp-content\/uploads\/2023\/08\/tinywow_ravon-logo__2__30279301_1-removebg-preview1.png","contentUrl":"https:\/\/ravon.com.tr\/wp-content\/uploads\/2023\/08\/tinywow_ravon-logo__2__30279301_1-removebg-preview1.png","width":745,"height":335,"caption":"Ravon Enerji ve Data Transfer Sistemleri"},"image":{"@id":"https:\/\/ravon.com.tr\/#\/schema\/logo\/image\/"},"sameAs":["https:\/\/www.facebook.com\/ravonfestoon","https:\/\/x.com\/ravonfestoon","https:\/\/www.instagram.com\/ravon_festoon\/"]}]}},"_links":{"self":[{"href":"https:\/\/ravon.com.tr\/en\/wp-json\/wp\/v2\/product\/9345","targetHints":{"allow":["GET"]}}],"collection":[{"href":"https:\/\/ravon.com.tr\/en\/wp-json\/wp\/v2\/product"}],"about":[{"href":"https:\/\/ravon.com.tr\/en\/wp-json\/wp\/v2\/types\/product"}],"wp:featuredmedia":[{"embeddable":true,"href":"https:\/\/ravon.com.tr\/en\/wp-json\/wp\/v2\/media\/12038"}],"wp:attachment":[{"href":"https:\/\/ravon.com.tr\/en\/wp-json\/wp\/v2\/media?parent=9345"}],"wp:term":[{"taxonomy":"product_brand","embeddable":true,"href":"https:\/\/ravon.com.tr\/en\/wp-json\/wp\/v2\/product_brand?post=9345"},{"taxonomy":"product_cat","embeddable":true,"href":"https:\/\/ravon.com.tr\/en\/wp-json\/wp\/v2\/product_cat?post=9345"},{"taxonomy":"product_tag","embeddable":true,"href":"https:\/\/ravon.com.tr\/en\/wp-json\/wp\/v2\/product_tag?post=9345"}],"curies":[{"name":"wp","href":"https:\/\/api.w.org\/{rel}","templated":true}]}}