{"id":9353,"date":"2023-12-03T17:54:00","date_gmt":"2023-12-03T14:54:00","guid":{"rendered":"https:\/\/ravonfestoon.com\/?post_type=product&#038;p=9353"},"modified":"2024-10-04T09:34:57","modified_gmt":"2024-10-04T06:34:57","slug":"pin-tipi-asiri-yuk-loadcell","status":"publish","type":"product","link":"https:\/\/ravon.com.tr\/en\/product\/pin-tipi-asiri-yuk-loadcell\/","title":{"rendered":"Pin Type Load Cell"},"content":{"rendered":"<h3><span style=\"font-size: 14pt;\">A\u015f\u0131r\u0131 Y\u00fck &amp; Y\u00fck H\u00fccresi (Loadcell) Nedir?<\/span><\/h3>\n<p>A load cell is a special transducer used to measure force or weight. It is widely used in various industries and applications where precise force measurement is required.<\/p>\n<p>Load cells are designed to convert mechanical force into an electrical signal, usually in the form of voltage or current, which can then be measured and analyzed.<\/p>\n<p>&nbsp;<\/p>\n<p>&nbsp;<\/p>\n<p><img loading=\"lazy\" decoding=\"async\" class=\"wp-image-12735 alignleft\" src=\"https:\/\/ravon.com.tr\/wp-content\/uploads\/2023\/12\/Basliksiz-1.png\" alt=\"\" width=\"235\" height=\"72\" \/><\/p>\n<p>&nbsp;<\/p>\n<p>&nbsp;<\/p>\n<p>&nbsp;<\/p>\n<p>&nbsp;<\/p>\n<p>&nbsp;<\/p>\n<p>&nbsp;<\/p>\n<p>&nbsp;<\/p>\n<p>&nbsp;<\/p>","protected":false},"excerpt":{"rendered":"<p>A\u015f\u0131r\u0131 Y\u00fck &amp; Y\u00fck H\u00fccresi (Loadcell) Nedir? Y\u00fck h\u00fccresi, kuvveti veya a\u011f\u0131rl\u0131\u011f\u0131 \u00f6l\u00e7mek i\u00e7in kullan\u0131lan \u00f6zel bir d\u00f6n\u00fc\u015ft\u00fcr\u00fcc\u00fcd\u00fcr. Hassas kuvvet \u00f6l\u00e7\u00fcm\u00fcn\u00fcn gerekli oldu\u011fu \u00e7e\u015fitli end\u00fcstrilerde ve uygulamalarda yayg\u0131n olarak kullan\u0131l\u0131r. Y\u00fck h\u00fccreleri, mekanik bir kuvveti daha sonra \u00f6l\u00e7\u00fclebilen ve analiz edilebilen, genellikle voltaj veya ak\u0131m bi\u00e7iminde bir elektrik sinyaline d\u00f6n\u00fc\u015ft\u00fcrmek \u00fczere tasarlanm\u0131\u015ft\u0131r. &nbsp; &nbsp; &nbsp; [&hellip;]<\/p>","protected":false},"featured_media":12741,"template":"","meta":{"_acf_changed":false,"_et_pb_use_builder":"","_et_pb_old_content":"","_et_gb_content_width":""},"product_brand":[],"product_cat":[775],"product_tag":[591,590,677,676,679,678],"class_list":{"0":"post-9353","1":"product","2":"type-product","3":"status-publish","4":"has-post-thumbnail","6":"product_cat-loadcell","7":"product_tag-asiriyuk","8":"product_tag-asiri-yuk","9":"product_tag-load-cell","10":"product_tag-loadcell","11":"product_tag-yuk-hucresi","12":"product_tag-yukhucresi","14":"first","15":"instock","16":"shipping-taxable","17":"product-type-simple"},"acf":[],"yoast_head":"<!-- This site is optimized with the Yoast SEO Premium plugin v20.13 (Yoast SEO v25.7) - https:\/\/yoast.com\/wordpress\/plugins\/seo\/ -->\n<title>A\u015f\u0131r\u0131 Y\u00fck Pin Tipi Loadcell- www.ravon.com.tr<\/title>\n<meta name=\"description\" content=\"a\u015f\u0131r\u0131 y\u00fck asiri y\u00fck vinc sistemleri halat \u00e7elik halat kendir \u00f6zl\u00fc \u00e7elik halat \u00e7elik halatlar transfer sistemleri elektroteknik\" \/>\n<meta name=\"robots\" content=\"index, follow, max-snippet:-1, max-image-preview:large, max-video-preview:-1\" \/>\n<link rel=\"canonical\" href=\"https:\/\/ravon.com.tr\/en\/product\/pin-tipi-asiri-yuk-loadcell\/\" \/>\n<meta property=\"og:locale\" content=\"en_US\" \/>\n<meta property=\"og:type\" content=\"article\" \/>\n<meta property=\"og:title\" content=\"Ravon Pin Tipi A\u015f\u0131r\u0131 Y\u00fck\" \/>\n<meta property=\"og:description\" content=\"a\u015f\u0131r\u0131 y\u00fck asiri y\u00fck vinc sistemleri halat \u00e7elik halat kendir \u00f6zl\u00fc \u00e7elik halat \u00e7elik halatlar transfer sistemleri elektroteknik\" \/>\n<meta property=\"og:url\" content=\"https:\/\/ravon.com.tr\/en\/product\/pin-tipi-asiri-yuk-loadcell\/\" \/>\n<meta property=\"og:site_name\" content=\"Ravon Enerji ve Data Transfer Sistemleri\" \/>\n<meta property=\"article:publisher\" content=\"https:\/\/www.facebook.com\/ravonfestoon\" \/>\n<meta property=\"article:modified_time\" content=\"2024-10-04T06:34:57+00:00\" \/>\n<meta property=\"og:image\" content=\"https:\/\/ravon.com.tr\/wp-content\/uploads\/2023\/12\/Final_Textures.161-1024x1024.png\" \/>\n\t<meta property=\"og:image:width\" content=\"1024\" \/>\n\t<meta property=\"og:image:height\" content=\"1024\" \/>\n\t<meta property=\"og:image:type\" content=\"image\/png\" \/>\n<meta name=\"twitter:card\" content=\"summary_large_image\" \/>\n<meta name=\"twitter:site\" content=\"@ravonfestoon\" \/>\n<meta name=\"twitter:label1\" content=\"Est. reading time\" \/>\n\t<meta name=\"twitter:data1\" content=\"1 minute\" \/>\n<script type=\"application\/ld+json\" class=\"yoast-schema-graph\">{\"@context\":\"https:\/\/schema.org\",\"@graph\":[{\"@type\":\"WebPage\",\"@id\":\"https:\/\/ravon.com.tr\/product\/pin-tipi-asiri-yuk-loadcell\/\",\"url\":\"https:\/\/ravon.com.tr\/product\/pin-tipi-asiri-yuk-loadcell\/\",\"name\":\"A\u015f\u0131r\u0131 Y\u00fck Pin Tipi Loadcell- www.ravon.com.tr\",\"isPartOf\":{\"@id\":\"https:\/\/ravon.com.tr\/#website\"},\"primaryImageOfPage\":{\"@id\":\"https:\/\/ravon.com.tr\/product\/pin-tipi-asiri-yuk-loadcell\/#primaryimage\"},\"image\":{\"@id\":\"https:\/\/ravon.com.tr\/product\/pin-tipi-asiri-yuk-loadcell\/#primaryimage\"},\"thumbnailUrl\":\"https:\/\/ravon.com.tr\/wp-content\/uploads\/2023\/12\/Final_Textures.161.png\",\"datePublished\":\"2023-12-03T14:54:00+00:00\",\"dateModified\":\"2024-10-04T06:34:57+00:00\",\"description\":\"a\u015f\u0131r\u0131 y\u00fck asiri y\u00fck vinc sistemleri halat \u00e7elik halat kendir \u00f6zl\u00fc \u00e7elik halat \u00e7elik halatlar transfer sistemleri elektroteknik\",\"breadcrumb\":{\"@id\":\"https:\/\/ravon.com.tr\/product\/pin-tipi-asiri-yuk-loadcell\/#breadcrumb\"},\"inLanguage\":\"en-US\",\"potentialAction\":[{\"@type\":\"ReadAction\",\"target\":[\"https:\/\/ravon.com.tr\/product\/pin-tipi-asiri-yuk-loadcell\/\"]}]},{\"@type\":\"ImageObject\",\"inLanguage\":\"en-US\",\"@id\":\"https:\/\/ravon.com.tr\/product\/pin-tipi-asiri-yuk-loadcell\/#primaryimage\",\"url\":\"https:\/\/ravon.com.tr\/wp-content\/uploads\/2023\/12\/Final_Textures.161.png\",\"contentUrl\":\"https:\/\/ravon.com.tr\/wp-content\/uploads\/2023\/12\/Final_Textures.161.png\",\"width\":2498,\"height\":2495},{\"@type\":\"BreadcrumbList\",\"@id\":\"https:\/\/ravon.com.tr\/product\/pin-tipi-asiri-yuk-loadcell\/#breadcrumb\",\"itemListElement\":[{\"@type\":\"ListItem\",\"position\":1,\"name\":\"Anasayfa\",\"item\":\"https:\/\/ravon.com.tr\/\"},{\"@type\":\"ListItem\",\"position\":2,\"name\":\"\u00dcr\u00fcnler\",\"item\":\"https:\/\/ravon.com.tr\/shop\/\"},{\"@type\":\"ListItem\",\"position\":3,\"name\":\"Ravon Pin Tipi A\u015f\u0131r\u0131 Y\u00fck\"}]},{\"@type\":\"WebSite\",\"@id\":\"https:\/\/ravon.com.tr\/#website\",\"url\":\"https:\/\/ravon.com.tr\/\",\"name\":\"Ravon Enerji ve Data Transfer Sistemleri\",\"description\":\"Ravon Enerji ve Data Transfer Sistemleri\",\"publisher\":{\"@id\":\"https:\/\/ravon.com.tr\/#organization\"},\"potentialAction\":[{\"@type\":\"SearchAction\",\"target\":{\"@type\":\"EntryPoint\",\"urlTemplate\":\"https:\/\/ravon.com.tr\/?s={search_term_string}\"},\"query-input\":{\"@type\":\"PropertyValueSpecification\",\"valueRequired\":true,\"valueName\":\"search_term_string\"}}],\"inLanguage\":\"en-US\"},{\"@type\":\"Organization\",\"@id\":\"https:\/\/ravon.com.tr\/#organization\",\"name\":\"Ravon Enerji ve Data Transfer Sistemleri\",\"url\":\"https:\/\/ravon.com.tr\/\",\"logo\":{\"@type\":\"ImageObject\",\"inLanguage\":\"en-US\",\"@id\":\"https:\/\/ravon.com.tr\/#\/schema\/logo\/image\/\",\"url\":\"https:\/\/ravon.com.tr\/wp-content\/uploads\/2023\/08\/tinywow_ravon-logo__2__30279301_1-removebg-preview1.png\",\"contentUrl\":\"https:\/\/ravon.com.tr\/wp-content\/uploads\/2023\/08\/tinywow_ravon-logo__2__30279301_1-removebg-preview1.png\",\"width\":745,\"height\":335,\"caption\":\"Ravon Enerji ve Data Transfer Sistemleri\"},\"image\":{\"@id\":\"https:\/\/ravon.com.tr\/#\/schema\/logo\/image\/\"},\"sameAs\":[\"https:\/\/www.facebook.com\/ravonfestoon\",\"https:\/\/x.com\/ravonfestoon\",\"https:\/\/www.instagram.com\/ravon_festoon\/\"]}]}<\/script>\n<!-- \/ Yoast SEO Premium plugin. -->","yoast_head_json":{"title":"A\u015f\u0131r\u0131 Y\u00fck Pin Tipi Loadcell- www.ravon.com.tr","description":"a\u015f\u0131r\u0131 y\u00fck asiri y\u00fck vinc sistemleri halat \u00e7elik halat kendir \u00f6zl\u00fc \u00e7elik halat \u00e7elik halatlar transfer sistemleri elektroteknik","robots":{"index":"index","follow":"follow","max-snippet":"max-snippet:-1","max-image-preview":"max-image-preview:large","max-video-preview":"max-video-preview:-1"},"canonical":"https:\/\/ravon.com.tr\/en\/product\/pin-tipi-asiri-yuk-loadcell\/","og_locale":"en_US","og_type":"article","og_title":"Ravon Pin Tipi A\u015f\u0131r\u0131 Y\u00fck","og_description":"a\u015f\u0131r\u0131 y\u00fck asiri y\u00fck vinc sistemleri halat \u00e7elik halat kendir \u00f6zl\u00fc \u00e7elik halat \u00e7elik halatlar transfer sistemleri elektroteknik","og_url":"https:\/\/ravon.com.tr\/en\/product\/pin-tipi-asiri-yuk-loadcell\/","og_site_name":"Ravon Enerji ve Data Transfer Sistemleri","article_publisher":"https:\/\/www.facebook.com\/ravonfestoon","article_modified_time":"2024-10-04T06:34:57+00:00","og_image":[{"width":1024,"height":1024,"url":"https:\/\/ravon.com.tr\/wp-content\/uploads\/2023\/12\/Final_Textures.161-1024x1024.png","type":"image\/png"}],"twitter_card":"summary_large_image","twitter_site":"@ravonfestoon","twitter_misc":{"Est. reading time":"1 minute"},"schema":{"@context":"https:\/\/schema.org","@graph":[{"@type":"WebPage","@id":"https:\/\/ravon.com.tr\/product\/pin-tipi-asiri-yuk-loadcell\/","url":"https:\/\/ravon.com.tr\/product\/pin-tipi-asiri-yuk-loadcell\/","name":"A\u015f\u0131r\u0131 Y\u00fck Pin Tipi Loadcell- www.ravon.com.tr","isPartOf":{"@id":"https:\/\/ravon.com.tr\/#website"},"primaryImageOfPage":{"@id":"https:\/\/ravon.com.tr\/product\/pin-tipi-asiri-yuk-loadcell\/#primaryimage"},"image":{"@id":"https:\/\/ravon.com.tr\/product\/pin-tipi-asiri-yuk-loadcell\/#primaryimage"},"thumbnailUrl":"https:\/\/ravon.com.tr\/wp-content\/uploads\/2023\/12\/Final_Textures.161.png","datePublished":"2023-12-03T14:54:00+00:00","dateModified":"2024-10-04T06:34:57+00:00","description":"a\u015f\u0131r\u0131 y\u00fck asiri y\u00fck vinc sistemleri halat \u00e7elik halat kendir \u00f6zl\u00fc \u00e7elik halat \u00e7elik halatlar transfer sistemleri elektroteknik","breadcrumb":{"@id":"https:\/\/ravon.com.tr\/product\/pin-tipi-asiri-yuk-loadcell\/#breadcrumb"},"inLanguage":"en-US","potentialAction":[{"@type":"ReadAction","target":["https:\/\/ravon.com.tr\/product\/pin-tipi-asiri-yuk-loadcell\/"]}]},{"@type":"ImageObject","inLanguage":"en-US","@id":"https:\/\/ravon.com.tr\/product\/pin-tipi-asiri-yuk-loadcell\/#primaryimage","url":"https:\/\/ravon.com.tr\/wp-content\/uploads\/2023\/12\/Final_Textures.161.png","contentUrl":"https:\/\/ravon.com.tr\/wp-content\/uploads\/2023\/12\/Final_Textures.161.png","width":2498,"height":2495},{"@type":"BreadcrumbList","@id":"https:\/\/ravon.com.tr\/product\/pin-tipi-asiri-yuk-loadcell\/#breadcrumb","itemListElement":[{"@type":"ListItem","position":1,"name":"Anasayfa","item":"https:\/\/ravon.com.tr\/"},{"@type":"ListItem","position":2,"name":"\u00dcr\u00fcnler","item":"https:\/\/ravon.com.tr\/shop\/"},{"@type":"ListItem","position":3,"name":"Ravon Pin Tipi A\u015f\u0131r\u0131 Y\u00fck"}]},{"@type":"WebSite","@id":"https:\/\/ravon.com.tr\/#website","url":"https:\/\/ravon.com.tr\/","name":"Ravon Enerji ve Data Transfer Sistemleri","description":"Ravon Enerji ve Data Transfer Sistemleri","publisher":{"@id":"https:\/\/ravon.com.tr\/#organization"},"potentialAction":[{"@type":"SearchAction","target":{"@type":"EntryPoint","urlTemplate":"https:\/\/ravon.com.tr\/?s={search_term_string}"},"query-input":{"@type":"PropertyValueSpecification","valueRequired":true,"valueName":"search_term_string"}}],"inLanguage":"en-US"},{"@type":"Organization","@id":"https:\/\/ravon.com.tr\/#organization","name":"Ravon Enerji ve Data Transfer Sistemleri","url":"https:\/\/ravon.com.tr\/","logo":{"@type":"ImageObject","inLanguage":"en-US","@id":"https:\/\/ravon.com.tr\/#\/schema\/logo\/image\/","url":"https:\/\/ravon.com.tr\/wp-content\/uploads\/2023\/08\/tinywow_ravon-logo__2__30279301_1-removebg-preview1.png","contentUrl":"https:\/\/ravon.com.tr\/wp-content\/uploads\/2023\/08\/tinywow_ravon-logo__2__30279301_1-removebg-preview1.png","width":745,"height":335,"caption":"Ravon Enerji ve Data Transfer Sistemleri"},"image":{"@id":"https:\/\/ravon.com.tr\/#\/schema\/logo\/image\/"},"sameAs":["https:\/\/www.facebook.com\/ravonfestoon","https:\/\/x.com\/ravonfestoon","https:\/\/www.instagram.com\/ravon_festoon\/"]}]}},"_links":{"self":[{"href":"https:\/\/ravon.com.tr\/en\/wp-json\/wp\/v2\/product\/9353","targetHints":{"allow":["GET"]}}],"collection":[{"href":"https:\/\/ravon.com.tr\/en\/wp-json\/wp\/v2\/product"}],"about":[{"href":"https:\/\/ravon.com.tr\/en\/wp-json\/wp\/v2\/types\/product"}],"wp:featuredmedia":[{"embeddable":true,"href":"https:\/\/ravon.com.tr\/en\/wp-json\/wp\/v2\/media\/12741"}],"wp:attachment":[{"href":"https:\/\/ravon.com.tr\/en\/wp-json\/wp\/v2\/media?parent=9353"}],"wp:term":[{"taxonomy":"product_brand","embeddable":true,"href":"https:\/\/ravon.com.tr\/en\/wp-json\/wp\/v2\/product_brand?post=9353"},{"taxonomy":"product_cat","embeddable":true,"href":"https:\/\/ravon.com.tr\/en\/wp-json\/wp\/v2\/product_cat?post=9353"},{"taxonomy":"product_tag","embeddable":true,"href":"https:\/\/ravon.com.tr\/en\/wp-json\/wp\/v2\/product_tag?post=9353"}],"curies":[{"name":"wp","href":"https:\/\/api.w.org\/{rel}","templated":true}]}}