{"id":9357,"date":"2023-12-03T17:53:59","date_gmt":"2023-12-03T14:53:59","guid":{"rendered":"https:\/\/ravonfestoon.com\/?post_type=product&#038;p=9357"},"modified":"2024-10-03T17:09:39","modified_gmt":"2024-10-03T14:09:39","slug":"rll-ravon-halat-tipi-asiri-yuk","status":"publish","type":"product","link":"https:\/\/ravon.com.tr\/en\/product\/rll-ravon-halat-tipi-asiri-yuk\/","title":{"rendered":"Rope Type Load Cell"},"content":{"rendered":"<p>The Ravon RLL is a reliable rope clamp tension load cell that measures weights from 1 to 10 tons. Designed for easy installation with wire rope diameters of 8-36 mm, it effectively measures weight in the crane and hoist industry, enabling safe load monitoring.<\/p>\n<p>&nbsp;<\/p>\n<p><img loading=\"lazy\" decoding=\"async\" class=\"wp-image-12735 alignleft\" src=\"https:\/\/ravon.com.tr\/wp-content\/uploads\/2023\/12\/Basliksiz-1.png\" alt=\"\" width=\"235\" height=\"72\" \/><\/p>\n<p>&nbsp;<\/p>\n<p>&nbsp;<\/p>\n<p>&nbsp;<\/p>\n<p>&nbsp;<\/p>\n<p>&nbsp;<\/p>\n<p>&nbsp;<\/p>\n<p>&nbsp;<\/p>","protected":false},"excerpt":{"rendered":"<p>The Ravon RLL is a reliable rope clamp tension load cell that measures weights from 1 to 10 tons. Designed for easy installation with wire rope diameters of 8-36 mm, it effectively measures weight in the crane and hoist industry, enabling safe load monitoring. &nbsp; &nbsp; &nbsp; &nbsp; &nbsp; &nbsp; &nbsp; &nbsp;<\/p>","protected":false},"featured_media":12733,"template":"","meta":{"_acf_changed":false,"_et_pb_use_builder":"","_et_pb_old_content":"","_et_gb_content_width":""},"product_brand":[],"product_cat":[775],"product_tag":[479,535,488,457],"class_list":{"0":"post-9357","1":"product","2":"type-product","3":"status-publish","4":"has-post-thumbnail","6":"product_cat-loadcell","7":"product_tag-c-profil-sistemleri","8":"product_tag-kablo-arabasi","9":"product_tag-kanca","10":"product_tag-vinc-ekipmanlari","12":"first","13":"instock","14":"shipping-taxable","15":"product-type-simple"},"acf":[],"yoast_head":"<!-- This site is optimized with the Yoast SEO Premium plugin v20.13 (Yoast SEO v25.7) - https:\/\/yoast.com\/wordpress\/plugins\/seo\/ -->\n<title>A\u015f\u0131r\u0131 Y\u00fck - Ravon Halat Tipi A\u015f\u0131r\u0131 Y\u00fck - Ravon Enerji ve Data Transfer Sistemleri<\/title>\n<meta name=\"description\" content=\"a\u015f\u0131r\u0131 y\u00fck vin\u00e7 transfer sistemleri kablo arabas\u0131 ta\u015f\u0131ma arabas\u0131 kablo ta\u015f\u0131ma arabas\u0131 kanca blo\u011fu ravon halat \u00e7elik halat red\u00fckt\u00f6r\" \/>\n<meta name=\"robots\" content=\"index, follow, max-snippet:-1, max-image-preview:large, max-video-preview:-1\" \/>\n<link rel=\"canonical\" href=\"https:\/\/ravon.com.tr\/en\/product\/rll-ravon-halat-tipi-asiri-yuk\/\" \/>\n<meta property=\"og:locale\" content=\"en_US\" \/>\n<meta property=\"og:type\" content=\"article\" \/>\n<meta property=\"og:title\" content=\"Ravon Halat Tipi A\u015f\u0131r\u0131 Y\u00fck\" \/>\n<meta property=\"og:description\" content=\"a\u015f\u0131r\u0131 y\u00fck vin\u00e7 transfer sistemleri kablo arabas\u0131 ta\u015f\u0131ma arabas\u0131 kablo ta\u015f\u0131ma arabas\u0131 kanca blo\u011fu ravon halat \u00e7elik halat red\u00fckt\u00f6r\" \/>\n<meta property=\"og:url\" content=\"https:\/\/ravon.com.tr\/en\/product\/rll-ravon-halat-tipi-asiri-yuk\/\" \/>\n<meta property=\"og:site_name\" content=\"Ravon Enerji ve Data Transfer Sistemleri\" \/>\n<meta property=\"article:publisher\" content=\"https:\/\/www.facebook.com\/ravonfestoon\" \/>\n<meta property=\"article:modified_time\" content=\"2024-10-03T14:09:39+00:00\" \/>\n<meta property=\"og:image\" content=\"https:\/\/ravon.com.tr\/wp-content\/uploads\/2023\/12\/ravon-yatay-985x1024.png\" \/>\n\t<meta property=\"og:image:width\" content=\"985\" \/>\n\t<meta property=\"og:image:height\" content=\"1024\" \/>\n\t<meta property=\"og:image:type\" content=\"image\/png\" \/>\n<meta name=\"twitter:card\" content=\"summary_large_image\" \/>\n<meta name=\"twitter:site\" content=\"@ravonfestoon\" \/>\n<meta name=\"twitter:label1\" content=\"Est. reading time\" \/>\n\t<meta name=\"twitter:data1\" content=\"1 minute\" \/>\n<script type=\"application\/ld+json\" class=\"yoast-schema-graph\">{\"@context\":\"https:\/\/schema.org\",\"@graph\":[{\"@type\":\"WebPage\",\"@id\":\"https:\/\/ravon.com.tr\/product\/rll-ravon-halat-tipi-asiri-yuk\/\",\"url\":\"https:\/\/ravon.com.tr\/product\/rll-ravon-halat-tipi-asiri-yuk\/\",\"name\":\"A\u015f\u0131r\u0131 Y\u00fck - Ravon Halat Tipi A\u015f\u0131r\u0131 Y\u00fck - Ravon Enerji ve Data Transfer Sistemleri\",\"isPartOf\":{\"@id\":\"https:\/\/ravon.com.tr\/#website\"},\"primaryImageOfPage\":{\"@id\":\"https:\/\/ravon.com.tr\/product\/rll-ravon-halat-tipi-asiri-yuk\/#primaryimage\"},\"image\":{\"@id\":\"https:\/\/ravon.com.tr\/product\/rll-ravon-halat-tipi-asiri-yuk\/#primaryimage\"},\"thumbnailUrl\":\"https:\/\/ravon.com.tr\/wp-content\/uploads\/2023\/12\/ravon-yatay.png\",\"datePublished\":\"2023-12-03T14:53:59+00:00\",\"dateModified\":\"2024-10-03T14:09:39+00:00\",\"description\":\"a\u015f\u0131r\u0131 y\u00fck vin\u00e7 transfer sistemleri kablo arabas\u0131 ta\u015f\u0131ma arabas\u0131 kablo ta\u015f\u0131ma arabas\u0131 kanca blo\u011fu ravon halat \u00e7elik halat red\u00fckt\u00f6r\",\"breadcrumb\":{\"@id\":\"https:\/\/ravon.com.tr\/product\/rll-ravon-halat-tipi-asiri-yuk\/#breadcrumb\"},\"inLanguage\":\"en-US\",\"potentialAction\":[{\"@type\":\"ReadAction\",\"target\":[\"https:\/\/ravon.com.tr\/product\/rll-ravon-halat-tipi-asiri-yuk\/\"]}]},{\"@type\":\"ImageObject\",\"inLanguage\":\"en-US\",\"@id\":\"https:\/\/ravon.com.tr\/product\/rll-ravon-halat-tipi-asiri-yuk\/#primaryimage\",\"url\":\"https:\/\/ravon.com.tr\/wp-content\/uploads\/2023\/12\/ravon-yatay.png\",\"contentUrl\":\"https:\/\/ravon.com.tr\/wp-content\/uploads\/2023\/12\/ravon-yatay.png\",\"width\":2450,\"height\":2546},{\"@type\":\"BreadcrumbList\",\"@id\":\"https:\/\/ravon.com.tr\/product\/rll-ravon-halat-tipi-asiri-yuk\/#breadcrumb\",\"itemListElement\":[{\"@type\":\"ListItem\",\"position\":1,\"name\":\"Anasayfa\",\"item\":\"https:\/\/ravon.com.tr\/\"},{\"@type\":\"ListItem\",\"position\":2,\"name\":\"\u00dcr\u00fcnler\",\"item\":\"https:\/\/ravon.com.tr\/shop\/\"},{\"@type\":\"ListItem\",\"position\":3,\"name\":\"Ravon Halat Tipi A\u015f\u0131r\u0131 Y\u00fck\"}]},{\"@type\":\"WebSite\",\"@id\":\"https:\/\/ravon.com.tr\/#website\",\"url\":\"https:\/\/ravon.com.tr\/\",\"name\":\"Ravon Enerji ve Data Transfer Sistemleri\",\"description\":\"Ravon Enerji ve Data Transfer Sistemleri\",\"publisher\":{\"@id\":\"https:\/\/ravon.com.tr\/#organization\"},\"potentialAction\":[{\"@type\":\"SearchAction\",\"target\":{\"@type\":\"EntryPoint\",\"urlTemplate\":\"https:\/\/ravon.com.tr\/?s={search_term_string}\"},\"query-input\":{\"@type\":\"PropertyValueSpecification\",\"valueRequired\":true,\"valueName\":\"search_term_string\"}}],\"inLanguage\":\"en-US\"},{\"@type\":\"Organization\",\"@id\":\"https:\/\/ravon.com.tr\/#organization\",\"name\":\"Ravon Enerji ve Data Transfer Sistemleri\",\"url\":\"https:\/\/ravon.com.tr\/\",\"logo\":{\"@type\":\"ImageObject\",\"inLanguage\":\"en-US\",\"@id\":\"https:\/\/ravon.com.tr\/#\/schema\/logo\/image\/\",\"url\":\"https:\/\/ravon.com.tr\/wp-content\/uploads\/2023\/08\/tinywow_ravon-logo__2__30279301_1-removebg-preview1.png\",\"contentUrl\":\"https:\/\/ravon.com.tr\/wp-content\/uploads\/2023\/08\/tinywow_ravon-logo__2__30279301_1-removebg-preview1.png\",\"width\":745,\"height\":335,\"caption\":\"Ravon Enerji ve Data Transfer Sistemleri\"},\"image\":{\"@id\":\"https:\/\/ravon.com.tr\/#\/schema\/logo\/image\/\"},\"sameAs\":[\"https:\/\/www.facebook.com\/ravonfestoon\",\"https:\/\/x.com\/ravonfestoon\",\"https:\/\/www.instagram.com\/ravon_festoon\/\"]}]}<\/script>\n<!-- \/ Yoast SEO Premium plugin. -->","yoast_head_json":{"title":"A\u015f\u0131r\u0131 Y\u00fck - Ravon Halat Tipi A\u015f\u0131r\u0131 Y\u00fck - Ravon Enerji ve Data Transfer Sistemleri","description":"a\u015f\u0131r\u0131 y\u00fck vin\u00e7 transfer sistemleri kablo arabas\u0131 ta\u015f\u0131ma arabas\u0131 kablo ta\u015f\u0131ma arabas\u0131 kanca blo\u011fu ravon halat \u00e7elik halat red\u00fckt\u00f6r","robots":{"index":"index","follow":"follow","max-snippet":"max-snippet:-1","max-image-preview":"max-image-preview:large","max-video-preview":"max-video-preview:-1"},"canonical":"https:\/\/ravon.com.tr\/en\/product\/rll-ravon-halat-tipi-asiri-yuk\/","og_locale":"en_US","og_type":"article","og_title":"Ravon Halat Tipi A\u015f\u0131r\u0131 Y\u00fck","og_description":"a\u015f\u0131r\u0131 y\u00fck vin\u00e7 transfer sistemleri kablo arabas\u0131 ta\u015f\u0131ma arabas\u0131 kablo ta\u015f\u0131ma arabas\u0131 kanca blo\u011fu ravon halat \u00e7elik halat red\u00fckt\u00f6r","og_url":"https:\/\/ravon.com.tr\/en\/product\/rll-ravon-halat-tipi-asiri-yuk\/","og_site_name":"Ravon Enerji ve Data Transfer Sistemleri","article_publisher":"https:\/\/www.facebook.com\/ravonfestoon","article_modified_time":"2024-10-03T14:09:39+00:00","og_image":[{"width":985,"height":1024,"url":"https:\/\/ravon.com.tr\/wp-content\/uploads\/2023\/12\/ravon-yatay-985x1024.png","type":"image\/png"}],"twitter_card":"summary_large_image","twitter_site":"@ravonfestoon","twitter_misc":{"Est. reading time":"1 minute"},"schema":{"@context":"https:\/\/schema.org","@graph":[{"@type":"WebPage","@id":"https:\/\/ravon.com.tr\/product\/rll-ravon-halat-tipi-asiri-yuk\/","url":"https:\/\/ravon.com.tr\/product\/rll-ravon-halat-tipi-asiri-yuk\/","name":"A\u015f\u0131r\u0131 Y\u00fck - Ravon Halat Tipi A\u015f\u0131r\u0131 Y\u00fck - Ravon Enerji ve Data Transfer Sistemleri","isPartOf":{"@id":"https:\/\/ravon.com.tr\/#website"},"primaryImageOfPage":{"@id":"https:\/\/ravon.com.tr\/product\/rll-ravon-halat-tipi-asiri-yuk\/#primaryimage"},"image":{"@id":"https:\/\/ravon.com.tr\/product\/rll-ravon-halat-tipi-asiri-yuk\/#primaryimage"},"thumbnailUrl":"https:\/\/ravon.com.tr\/wp-content\/uploads\/2023\/12\/ravon-yatay.png","datePublished":"2023-12-03T14:53:59+00:00","dateModified":"2024-10-03T14:09:39+00:00","description":"a\u015f\u0131r\u0131 y\u00fck vin\u00e7 transfer sistemleri kablo arabas\u0131 ta\u015f\u0131ma arabas\u0131 kablo ta\u015f\u0131ma arabas\u0131 kanca blo\u011fu ravon halat \u00e7elik halat red\u00fckt\u00f6r","breadcrumb":{"@id":"https:\/\/ravon.com.tr\/product\/rll-ravon-halat-tipi-asiri-yuk\/#breadcrumb"},"inLanguage":"en-US","potentialAction":[{"@type":"ReadAction","target":["https:\/\/ravon.com.tr\/product\/rll-ravon-halat-tipi-asiri-yuk\/"]}]},{"@type":"ImageObject","inLanguage":"en-US","@id":"https:\/\/ravon.com.tr\/product\/rll-ravon-halat-tipi-asiri-yuk\/#primaryimage","url":"https:\/\/ravon.com.tr\/wp-content\/uploads\/2023\/12\/ravon-yatay.png","contentUrl":"https:\/\/ravon.com.tr\/wp-content\/uploads\/2023\/12\/ravon-yatay.png","width":2450,"height":2546},{"@type":"BreadcrumbList","@id":"https:\/\/ravon.com.tr\/product\/rll-ravon-halat-tipi-asiri-yuk\/#breadcrumb","itemListElement":[{"@type":"ListItem","position":1,"name":"Anasayfa","item":"https:\/\/ravon.com.tr\/"},{"@type":"ListItem","position":2,"name":"\u00dcr\u00fcnler","item":"https:\/\/ravon.com.tr\/shop\/"},{"@type":"ListItem","position":3,"name":"Ravon Halat Tipi A\u015f\u0131r\u0131 Y\u00fck"}]},{"@type":"WebSite","@id":"https:\/\/ravon.com.tr\/#website","url":"https:\/\/ravon.com.tr\/","name":"Ravon Enerji ve Data Transfer Sistemleri","description":"Ravon Enerji ve Data Transfer Sistemleri","publisher":{"@id":"https:\/\/ravon.com.tr\/#organization"},"potentialAction":[{"@type":"SearchAction","target":{"@type":"EntryPoint","urlTemplate":"https:\/\/ravon.com.tr\/?s={search_term_string}"},"query-input":{"@type":"PropertyValueSpecification","valueRequired":true,"valueName":"search_term_string"}}],"inLanguage":"en-US"},{"@type":"Organization","@id":"https:\/\/ravon.com.tr\/#organization","name":"Ravon Enerji ve Data Transfer Sistemleri","url":"https:\/\/ravon.com.tr\/","logo":{"@type":"ImageObject","inLanguage":"en-US","@id":"https:\/\/ravon.com.tr\/#\/schema\/logo\/image\/","url":"https:\/\/ravon.com.tr\/wp-content\/uploads\/2023\/08\/tinywow_ravon-logo__2__30279301_1-removebg-preview1.png","contentUrl":"https:\/\/ravon.com.tr\/wp-content\/uploads\/2023\/08\/tinywow_ravon-logo__2__30279301_1-removebg-preview1.png","width":745,"height":335,"caption":"Ravon Enerji ve Data Transfer Sistemleri"},"image":{"@id":"https:\/\/ravon.com.tr\/#\/schema\/logo\/image\/"},"sameAs":["https:\/\/www.facebook.com\/ravonfestoon","https:\/\/x.com\/ravonfestoon","https:\/\/www.instagram.com\/ravon_festoon\/"]}]}},"_links":{"self":[{"href":"https:\/\/ravon.com.tr\/en\/wp-json\/wp\/v2\/product\/9357","targetHints":{"allow":["GET"]}}],"collection":[{"href":"https:\/\/ravon.com.tr\/en\/wp-json\/wp\/v2\/product"}],"about":[{"href":"https:\/\/ravon.com.tr\/en\/wp-json\/wp\/v2\/types\/product"}],"wp:featuredmedia":[{"embeddable":true,"href":"https:\/\/ravon.com.tr\/en\/wp-json\/wp\/v2\/media\/12733"}],"wp:attachment":[{"href":"https:\/\/ravon.com.tr\/en\/wp-json\/wp\/v2\/media?parent=9357"}],"wp:term":[{"taxonomy":"product_brand","embeddable":true,"href":"https:\/\/ravon.com.tr\/en\/wp-json\/wp\/v2\/product_brand?post=9357"},{"taxonomy":"product_cat","embeddable":true,"href":"https:\/\/ravon.com.tr\/en\/wp-json\/wp\/v2\/product_cat?post=9357"},{"taxonomy":"product_tag","embeddable":true,"href":"https:\/\/ravon.com.tr\/en\/wp-json\/wp\/v2\/product_tag?post=9357"}],"curies":[{"name":"wp","href":"https:\/\/api.w.org\/{rel}","templated":true}]}}